{"id":28741,"date":"2017-08-11T00:07:59","date_gmt":"2017-08-11T00:07:59","guid":{"rendered":"http:\/\/www.miamibeachfl.gov\/city-hall\/mberp\/meeting-calendar\/"},"modified":"2026-02-09T11:48:20","modified_gmt":"2026-02-09T16:48:20","slug":"meeting-calendar","status":"publish","type":"page","link":"https:\/\/www.miamibeachfl.gov\/pt\/city-hall\/mberp\/meeting-calendar\/","title":{"rendered":"Calend\u00e1rio de Reuni\u00f5es"},"content":{"rendered":"<img decoding=\"async\" src=\"https:\/\/www.miamibeachfl.gov\/wp-content\/uploads\/2022\/07\/hero-small.jpg\" alt=\"ocean drive art deco buildings\" itemprop=\"image\" height=\"211\" width=\"2395\" title=\"her\u00f3i-pequeno\" onerror=\"this.style.display='none'\" loading=\"lazy\" \/>\n<h1>\n\t\t\tCalend\u00e1rio de Reuni\u00f5es\t<\/h1>\n\t<nav id=\"breadcrumbs\" aria-label=\"Migalhas de p\u00e3o\"><a href=\"https:\/\/www.miamibeachfl.gov\/pt\/\">Lar<\/a> &gt; <a href=\"https:\/\/www.miamibeachfl.gov\/pt\/city-hall\/\">Prefeitura<\/a> &gt; <a href=\"https:\/\/www.miamibeachfl.gov\/pt\/city-hall\/mberp\/\">MBERP \u2013 Plano de Aposentadoria para Funcion\u00e1rios de Miami Beach<\/a> &gt; <strong>Calend\u00e1rio de Reuni\u00f5es<\/strong><\/nav>\n\t<p>Calend\u00e1rio de reuni\u00f5es do Plano de Aposentadoria dos Funcion\u00e1rios de Miami Beach<\/p>\n<p>O Conselho de Curadores do Plano de Aposentadoria dos Funcion\u00e1rios de Miami Beach est\u00e1 programado para se reunir \u00e0s 10h na Sala de Confer\u00eancias do Pension Office, 1920 Meridian Ave, 2\u00ba andar, na segunda ter\u00e7a-feira de cada m\u00eas, exceto quando indicado.<\/p>\n<ul>\n<li>13 de janeiro de 2026<\/li>\n<li>10 de mar\u00e7o de 2026<\/li>\n<li>14 de abril de 2026<\/li>\n<li>12 de maio de 2026<\/li>\n<li>9 de junho de 2026<\/li>\n<li>14 de julho de 2026<\/li>\n<li>8 de setembro de 2026<\/li>\n<li>13 de outubro de 2026<\/li>\n<li>10 de novembro de 2026<\/li>\n<li>8 de dezembro de 2026<\/li>\n<\/ul>\n\t\tNavegar para\u2026\t\t\t\n\t\t\t\t\t<ul id=\"menu-mberp\"><li id=\"menu-item-363202\"><a href=\"\/pt\/city-hall\/mberp\/actuarial-valuation\/\">Avalia\u00e7\u00e3o Atuarial<\/a><\/li>\n<li id=\"menu-item-363203\"><a href=\"\/pt\/city-hall\/mberp\/agendas-minutes\/\">Agendas<\/a><\/li>\n<li id=\"menu-item-363204\"><a href=\"\/pt\/city-hall\/mberp\/board-of-trustees\/\">Conselho de Curadores<\/a><\/li>\n<li id=\"menu-item-363205\"><a href=\"\/pt\/city-hall\/mberp\/deferred-retirement-option-plan\/\">DERRUBAR<\/a><\/li>\n<li id=\"menu-item-363207\"><a href=\"\/pt\/city-hall\/mberp\/internal-audit-reports\/\">Relat\u00f3rios de auditoria de pens\u00f5es<\/a><\/li>\n<li id=\"menu-item-363208\"><a href=\"\/pt\/city-hall\/mberp\/quarterly-investment-report\/\">Relat\u00f3rio Trimestral de Investimentos<\/a><\/li>\n<li id=\"menu-item-363209\"><a href=\"\/pt\/city-hall\/mberp\/retiree-benefit-links\/\">Links de benef\u00edcios para aposentados<\/a><\/li>\n<li id=\"menu-item-363210\"><a href=\"\/pt\/city-hall\/mberp\/national-retirement-benefit\/\">Benef\u00edcio de aposentadoria<\/a><\/li>\n<li id=\"menu-item-363211\"><a href=\"\/pt\/city-hall\/mberp\/the-plan\/\">O Plano<\/a><\/li>\n<li id=\"menu-item-386061\"><a href=\"https:\/\/www.pensiontechnologygroup.com\/miamibeach\">Portal de autoatendimento de aposentadoria<\/a><\/li>\n<li id=\"menu-item-386610\"><a href=\"https:\/\/www.miamibeachfl.gov\/pt\/city-hall\/mberp\/additional-information\/\">Informa\u00e7\u00f5es de contato adicionais do MBERP<\/a><\/li>\n<li id=\"menu-item-386611\"><a href=\"https:\/\/www.miamibeachfl.gov\/pt\/city-hall\/mberp\/audit-report\/\">Portf\u00f3lio de Fundos<\/a><\/li>\n<li id=\"menu-item-386612\"><a href=\"https:\/\/www.miamibeachfl.gov\/pt\/city-hall\/mberp\/fl-chapter-112-664\/\">Cap\u00edtulo 112.664 da Fl\u00f3rida<\/a><\/li>\n<li id=\"menu-item-386613\"><a href=\"https:\/\/www.miamibeachfl.gov\/pt\/city-hall\/mberp\/meeting-calendar\/\">Calend\u00e1rio de Reuni\u00f5es<\/a><\/li>\n<li id=\"menu-item-386614\"><a href=\"https:\/\/www.miamibeachfl.gov\/pt\/city-hall\/mberp\/investment-policy\/\">Pol\u00edtica de Investimento<\/a><\/li>\n<li id=\"menu-item-386615\"><a href=\"\/pt\/city-hall\/mberp\/other-links\/\">Outros links<\/a><\/li>\n<\/ul>\t\n\t<div class=\"page-navigation\"><a class=\"prev-page\" href=\"https:\/\/www.miamibeachfl.gov\/pt\/city-hall\/mberp\/fl-chapter-112-664\/\">\u2190 Cap\u00edtulo FL 112.664<\/a> <a class=\"next-page\" href=\"https:\/\/www.miamibeachfl.gov\/pt\/city-hall\/mberp\/the-plan\/\">O Plano \u2192<\/a><\/div>","protected":false},"excerpt":{"rendered":"<p>Meeting Calendar Home &gt; City Hall &gt; MBERP &#8211; Miami Beach Employee Retirement Plan &gt; Meeting Calendar The Miami Beach [&hellip;]<\/p>\n","protected":false},"author":222,"featured_media":0,"parent":28734,"menu_order":181,"comment_status":"closed","ping_status":"closed","template":"","meta":{"_searchwp_excluded":"","site-sidebar-layout":"default","site-content-layout":"","ast-site-content-layout":"default","site-content-style":"default","site-sidebar-style":"default","ast-global-header-display":"","ast-banner-title-visibility":"","ast-main-header-display":"","ast-hfb-above-header-display":"","ast-hfb-below-header-display":"","ast-hfb-mobile-header-display":"","site-post-title":"","ast-breadcrumbs-content":"","ast-featured-img":"","footer-sml-layout":"","theme-transparent-header-meta":"","adv-header-id-meta":"","stick-header-meta":"","header-above-stick-meta":"","header-main-stick-meta":"","header-below-stick-meta":"","astra-migrate-meta-layouts":"default","ast-page-background-enabled":"default","ast-page-background-meta":{"desktop":{"background-color":"var(--ast-global-color-5)","background-image":"","background-repeat":"repeat","background-position":"center center","background-size":"auto","background-attachment":"scroll","background-type":"","background-media":"","overlay-type":"","overlay-color":"","overlay-opacity":"","overlay-gradient":""},"tablet":{"background-color":"","background-image":"","background-repeat":"repeat","background-position":"center center","background-size":"auto","background-attachment":"scroll","background-type":"","background-media":"","overlay-type":"","overlay-color":"","overlay-opacity":"","overlay-gradient":""},"mobile":{"background-color":"","background-image":"","background-repeat":"repeat","background-position":"center center","background-size":"auto","background-attachment":"scroll","background-type":"","background-media":"","overlay-type":"","overlay-color":"","overlay-opacity":"","overlay-gradient":""}},"ast-content-background-meta":{"desktop":{"background-color":"var(--ast-global-color-4)","background-image":"","background-repeat":"repeat","background-position":"center center","background-size":"auto","background-attachment":"scroll","background-type":"","background-media":"","overlay-type":"","overlay-color":"","overlay-opacity":"","overlay-gradient":""},"tablet":{"background-color":"var(--ast-global-color-4)","background-image":"","background-repeat":"repeat","background-position":"center center","background-size":"auto","background-attachment":"scroll","background-type":"","background-media":"","overlay-type":"","overlay-color":"","overlay-opacity":"","overlay-gradient":""},"mobile":{"background-color":"var(--ast-global-color-4)","background-image":"","background-repeat":"repeat","background-position":"center center","background-size":"auto","background-attachment":"scroll","background-type":"","background-media":"","overlay-type":"","overlay-color":"","overlay-opacity":"","overlay-gradient":""}},"footnotes":""},"categories":[],"tags":[],"class_list":["post-28741","page","type-page","status-publish","hentry"],"yoast_head":"<!-- This site is optimized with the Yoast SEO Premium plugin v27.4 (Yoast SEO v27.4) - https:\/\/yoast.com\/product\/yoast-seo-premium-wordpress\/ -->\n<title>Meeting Calendar - City of Miami Beach<\/title>\n<meta name=\"description\" content=\"%\" \/>\n<meta name=\"robots\" content=\"index, follow, max-snippet:-1, max-image-preview:large, max-video-preview:-1\" \/>\n<link rel=\"canonical\" href=\"https:\/\/www.miamibeachfl.gov\/pt\/city-hall\/mberp\/meeting-calendar\/\" \/>\n<meta property=\"og:locale\" content=\"pt_BR\" \/>\n<meta property=\"og:type\" content=\"article\" \/>\n<meta property=\"og:title\" content=\"Meeting Calendar\" \/>\n<meta property=\"og:description\" content=\"%\" \/>\n<meta property=\"og:url\" content=\"https:\/\/www.miamibeachfl.gov\/pt\/city-hall\/mberp\/meeting-calendar\/\" \/>\n<meta property=\"og:site_name\" content=\"City of Miami Beach\" \/>\n<meta property=\"article:publisher\" content=\"https:\/\/www.facebook.com\/cityofmiamibeach\" \/>\n<meta property=\"article:modified_time\" content=\"2026-02-09T16:48:20+00:00\" \/>\n<meta property=\"og:image\" content=\"https:\/\/www.miamibeachfl.gov\/wp-content\/uploads\/2022\/07\/hero-small.jpg\" \/>\n<meta name=\"twitter:card\" content=\"summary_large_image\" \/>\n<meta name=\"twitter:site\" content=\"@Miamibeachnews\" \/>\n<script type=\"application\/ld+json\" class=\"yoast-schema-graph\">{\"@context\":\"https:\\\/\\\/schema.org\",\"@graph\":[{\"@type\":\"WebPage\",\"@id\":\"https:\\\/\\\/www.miamibeachfl.gov\\\/city-hall\\\/mberp\\\/meeting-calendar\\\/\",\"url\":\"https:\\\/\\\/www.miamibeachfl.gov\\\/city-hall\\\/mberp\\\/meeting-calendar\\\/\",\"name\":\"Meeting Calendar - City of Miami Beach\",\"isPartOf\":{\"@id\":\"https:\\\/\\\/www.miamibeachfl.gov\\\/#website\"},\"primaryImageOfPage\":{\"@id\":\"https:\\\/\\\/www.miamibeachfl.gov\\\/city-hall\\\/mberp\\\/meeting-calendar\\\/#primaryimage\"},\"image\":{\"@id\":\"https:\\\/\\\/www.miamibeachfl.gov\\\/city-hall\\\/mberp\\\/meeting-calendar\\\/#primaryimage\"},\"thumbnailUrl\":\"https:\\\/\\\/www.miamibeachfl.gov\\\/wp-content\\\/uploads\\\/2022\\\/07\\\/hero-small.jpg\",\"datePublished\":\"2017-08-11T00:07:59+00:00\",\"dateModified\":\"2026-02-09T16:48:20+00:00\",\"description\":\"%\",\"breadcrumb\":{\"@id\":\"https:\\\/\\\/www.miamibeachfl.gov\\\/city-hall\\\/mberp\\\/meeting-calendar\\\/#breadcrumb\"},\"inLanguage\":\"pt-BR\",\"potentialAction\":[{\"@type\":\"ReadAction\",\"target\":[\"https:\\\/\\\/www.miamibeachfl.gov\\\/city-hall\\\/mberp\\\/meeting-calendar\\\/\"]}]},{\"@type\":\"ImageObject\",\"inLanguage\":\"pt-BR\",\"@id\":\"https:\\\/\\\/www.miamibeachfl.gov\\\/city-hall\\\/mberp\\\/meeting-calendar\\\/#primaryimage\",\"url\":\"https:\\\/\\\/www.miamibeachfl.gov\\\/wp-content\\\/uploads\\\/2022\\\/07\\\/hero-small.jpg\",\"contentUrl\":\"https:\\\/\\\/www.miamibeachfl.gov\\\/wp-content\\\/uploads\\\/2022\\\/07\\\/hero-small.jpg\"},{\"@type\":\"BreadcrumbList\",\"@id\":\"https:\\\/\\\/www.miamibeachfl.gov\\\/city-hall\\\/mberp\\\/meeting-calendar\\\/#breadcrumb\",\"itemListElement\":[{\"@type\":\"ListItem\",\"position\":1,\"name\":\"Home\",\"item\":\"https:\\\/\\\/www.miamibeachfl.gov\\\/\"},{\"@type\":\"ListItem\",\"position\":2,\"name\":\"City Hall\",\"item\":\"https:\\\/\\\/www.miamibeachfl.gov\\\/city-hall\\\/\"},{\"@type\":\"ListItem\",\"position\":3,\"name\":\"MBERP &#8211; Miami Beach Employee Retirement Plan\",\"item\":\"https:\\\/\\\/www.miamibeachfl.gov\\\/city-hall\\\/mberp\\\/\"},{\"@type\":\"ListItem\",\"position\":4,\"name\":\"Meeting Calendar\"}]},{\"@type\":\"WebSite\",\"@id\":\"https:\\\/\\\/www.miamibeachfl.gov\\\/#website\",\"url\":\"https:\\\/\\\/www.miamibeachfl.gov\\\/\",\"name\":\"City of Miami Beach\",\"description\":\"The official website of the City of Miami Beach. Stay informed, find important information on city services, news, alerts, events, trolley routes, government employment and more.\",\"publisher\":{\"@id\":\"https:\\\/\\\/www.miamibeachfl.gov\\\/#organization\"},\"potentialAction\":[{\"@type\":\"SearchAction\",\"target\":{\"@type\":\"EntryPoint\",\"urlTemplate\":\"https:\\\/\\\/www.miamibeachfl.gov\\\/?s={search_term_string}\"},\"query-input\":{\"@type\":\"PropertyValueSpecification\",\"valueRequired\":true,\"valueName\":\"search_term_string\"}}],\"inLanguage\":\"pt-BR\"},{\"@type\":\"Organization\",\"@id\":\"https:\\\/\\\/www.miamibeachfl.gov\\\/#organization\",\"name\":\"City of Miami Beach\",\"url\":\"https:\\\/\\\/www.miamibeachfl.gov\\\/\",\"logo\":{\"@type\":\"ImageObject\",\"inLanguage\":\"pt-BR\",\"@id\":\"https:\\\/\\\/www.miamibeachfl.gov\\\/#\\\/schema\\\/logo\\\/image\\\/\",\"url\":\"https:\\\/\\\/www.miamibeachfl.gov\\\/wp-content\\\/uploads\\\/2022\\\/06\\\/miamibeach-logoblue.png\",\"contentUrl\":\"https:\\\/\\\/www.miamibeachfl.gov\\\/wp-content\\\/uploads\\\/2022\\\/06\\\/miamibeach-logoblue.png\",\"width\":1962,\"height\":381,\"caption\":\"City of Miami Beach\"},\"image\":{\"@id\":\"https:\\\/\\\/www.miamibeachfl.gov\\\/#\\\/schema\\\/logo\\\/image\\\/\"},\"sameAs\":[\"https:\\\/\\\/www.facebook.com\\\/cityofmiamibeach\",\"https:\\\/\\\/x.com\\\/Miamibeachnews\",\"https:\\\/\\\/www.instagram.com\\\/miamibeachnews\\\/\"],\"description\":\"The official website of the City of Miami Beach. Stay informed, find important information on city services, news, alerts, events, trolley routes, government employment and more.\",\"telephone\":\"305.604.CITY(2489)\",\"legalName\":\"City of Miami Beach\"}]}<\/script>\n<!-- \/ Yoast SEO Premium plugin. -->","yoast_head_json":{"title":"Calend\u00e1rio de Reuni\u00f5es - Cidade de Miami Beach","description":"%","robots":{"index":"index","follow":"follow","max-snippet":"max-snippet:-1","max-image-preview":"max-image-preview:large","max-video-preview":"max-video-preview:-1"},"canonical":"https:\/\/www.miamibeachfl.gov\/pt\/city-hall\/mberp\/meeting-calendar\/","og_locale":"pt_BR","og_type":"article","og_title":"Meeting Calendar","og_description":"%","og_url":"https:\/\/www.miamibeachfl.gov\/pt\/city-hall\/mberp\/meeting-calendar\/","og_site_name":"City of Miami Beach","article_publisher":"https:\/\/www.facebook.com\/cityofmiamibeach","article_modified_time":"2026-02-09T16:48:20+00:00","og_image":[{"url":"https:\/\/www.miamibeachfl.gov\/wp-content\/uploads\/2022\/07\/hero-small.jpg","type":"","width":"","height":""}],"twitter_card":"summary_large_image","twitter_site":"@Miamibeachnews","schema":{"@context":"https:\/\/schema.org","@graph":[{"@type":"WebPage","@id":"https:\/\/www.miamibeachfl.gov\/city-hall\/mberp\/meeting-calendar\/","url":"https:\/\/www.miamibeachfl.gov\/city-hall\/mberp\/meeting-calendar\/","name":"Calend\u00e1rio de Reuni\u00f5es - Cidade de Miami Beach","isPartOf":{"@id":"https:\/\/www.miamibeachfl.gov\/#website"},"primaryImageOfPage":{"@id":"https:\/\/www.miamibeachfl.gov\/city-hall\/mberp\/meeting-calendar\/#primaryimage"},"image":{"@id":"https:\/\/www.miamibeachfl.gov\/city-hall\/mberp\/meeting-calendar\/#primaryimage"},"thumbnailUrl":"https:\/\/www.miamibeachfl.gov\/wp-content\/uploads\/2022\/07\/hero-small.jpg","datePublished":"2017-08-11T00:07:59+00:00","dateModified":"2026-02-09T16:48:20+00:00","description":"%","breadcrumb":{"@id":"https:\/\/www.miamibeachfl.gov\/city-hall\/mberp\/meeting-calendar\/#breadcrumb"},"inLanguage":"pt-BR","potentialAction":[{"@type":"ReadAction","target":["https:\/\/www.miamibeachfl.gov\/city-hall\/mberp\/meeting-calendar\/"]}]},{"@type":"ImageObject","inLanguage":"pt-BR","@id":"https:\/\/www.miamibeachfl.gov\/city-hall\/mberp\/meeting-calendar\/#primaryimage","url":"https:\/\/www.miamibeachfl.gov\/wp-content\/uploads\/2022\/07\/hero-small.jpg","contentUrl":"https:\/\/www.miamibeachfl.gov\/wp-content\/uploads\/2022\/07\/hero-small.jpg"},{"@type":"BreadcrumbList","@id":"https:\/\/www.miamibeachfl.gov\/city-hall\/mberp\/meeting-calendar\/#breadcrumb","itemListElement":[{"@type":"ListItem","position":1,"name":"Home","item":"https:\/\/www.miamibeachfl.gov\/"},{"@type":"ListItem","position":2,"name":"City Hall","item":"https:\/\/www.miamibeachfl.gov\/city-hall\/"},{"@type":"ListItem","position":3,"name":"MBERP &#8211; Miami Beach Employee Retirement Plan","item":"https:\/\/www.miamibeachfl.gov\/city-hall\/mberp\/"},{"@type":"ListItem","position":4,"name":"Meeting Calendar"}]},{"@type":"WebSite","@id":"https:\/\/www.miamibeachfl.gov\/#website","url":"https:\/\/www.miamibeachfl.gov\/","name":"Cidade de Miami Beach","description":"Site oficial da cidade de Miami Beach. Mantenha-se informado e encontre informa\u00e7\u00f5es importantes sobre servi\u00e7os municipais, not\u00edcias, alertas, eventos, rotas de bonde, empregos p\u00fablicos e muito mais.","publisher":{"@id":"https:\/\/www.miamibeachfl.gov\/#organization"},"potentialAction":[{"@type":"SearchAction","target":{"@type":"EntryPoint","urlTemplate":"https:\/\/www.miamibeachfl.gov\/?s={search_term_string}"},"query-input":{"@type":"PropertyValueSpecification","valueRequired":true,"valueName":"search_term_string"}}],"inLanguage":"pt-BR"},{"@type":"Organization","@id":"https:\/\/www.miamibeachfl.gov\/#organization","name":"Cidade de Miami Beach","url":"https:\/\/www.miamibeachfl.gov\/","logo":{"@type":"ImageObject","inLanguage":"pt-BR","@id":"https:\/\/www.miamibeachfl.gov\/#\/schema\/logo\/image\/","url":"https:\/\/www.miamibeachfl.gov\/wp-content\/uploads\/2022\/06\/miamibeach-logoblue.png","contentUrl":"https:\/\/www.miamibeachfl.gov\/wp-content\/uploads\/2022\/06\/miamibeach-logoblue.png","width":1962,"height":381,"caption":"City of Miami Beach"},"image":{"@id":"https:\/\/www.miamibeachfl.gov\/#\/schema\/logo\/image\/"},"sameAs":["https:\/\/www.facebook.com\/cityofmiamibeach","https:\/\/x.com\/Miamibeachnews","https:\/\/www.instagram.com\/miamibeachnews\/"],"description":"Site oficial da cidade de Miami Beach. Mantenha-se informado e encontre informa\u00e7\u00f5es importantes sobre servi\u00e7os municipais, not\u00edcias, alertas, eventos, rotas de bonde, empregos p\u00fablicos e muito mais.","telephone":"305.604.CITY(2489)","legalName":"City of Miami Beach"}]}},"_links":{"self":[{"href":"https:\/\/www.miamibeachfl.gov\/pt\/wp-json\/wp\/v2\/pages\/28741","targetHints":{"allow":["GET"]}}],"collection":[{"href":"https:\/\/www.miamibeachfl.gov\/pt\/wp-json\/wp\/v2\/pages"}],"about":[{"href":"https:\/\/www.miamibeachfl.gov\/pt\/wp-json\/wp\/v2\/types\/page"}],"author":[{"embeddable":true,"href":"https:\/\/www.miamibeachfl.gov\/pt\/wp-json\/wp\/v2\/users\/222"}],"replies":[{"embeddable":true,"href":"https:\/\/www.miamibeachfl.gov\/pt\/wp-json\/wp\/v2\/comments?post=28741"}],"version-history":[{"count":6,"href":"https:\/\/www.miamibeachfl.gov\/pt\/wp-json\/wp\/v2\/pages\/28741\/revisions"}],"predecessor-version":[{"id":396255,"href":"https:\/\/www.miamibeachfl.gov\/pt\/wp-json\/wp\/v2\/pages\/28741\/revisions\/396255"}],"up":[{"embeddable":true,"href":"https:\/\/www.miamibeachfl.gov\/pt\/wp-json\/wp\/v2\/pages\/28734"}],"wp:attachment":[{"href":"https:\/\/www.miamibeachfl.gov\/pt\/wp-json\/wp\/v2\/media?parent=28741"}],"wp:term":[{"taxonomy":"category","embeddable":true,"href":"https:\/\/www.miamibeachfl.gov\/pt\/wp-json\/wp\/v2\/categories?post=28741"},{"taxonomy":"post_tag","embeddable":true,"href":"https:\/\/www.miamibeachfl.gov\/pt\/wp-json\/wp\/v2\/tags?post=28741"}],"curies":[{"name":"wp","href":"https:\/\/api.w.org\/{rel}","templated":true}]}}