{"id":28744,"date":"2017-08-11T00:08:01","date_gmt":"2017-08-11T00:08:01","guid":{"rendered":"http:\/\/www.miamibeachfl.gov\/city-hall\/transportation\/trolley\/"},"modified":"2026-03-06T16:20:17","modified_gmt":"2026-03-06T21:20:17","slug":"trolley","status":"publish","type":"page","link":"https:\/\/www.miamibeachfl.gov\/pt\/city-hall\/transportation\/trolley\/","title":{"rendered":"Bonde gratuito em toda a cidade"},"content":{"rendered":"<img decoding=\"async\" src=\"https:\/\/www.miamibeachfl.gov\/wp-content\/uploads\/2026\/03\/trolleyillustration.png\" alt=\"trolley logo\" itemprop=\"image\" height=\"225\" width=\"197\" title=\"ilustra\u00e7\u00e3o do carrinho\" onerror=\"this.style.display='none'\" loading=\"lazy\" \/>\n<h1>\n\t\t\tBonde gratuito em toda a cidade\t<\/h1>\n\t<nav id=\"breadcrumbs\" aria-label=\"Migalhas de p\u00e3o\"><a href=\"https:\/\/www.miamibeachfl.gov\/pt\/\">Lar<\/a> &gt; <a href=\"https:\/\/www.miamibeachfl.gov\/pt\/city-hall\/\">Prefeitura<\/a> &gt; <a href=\"https:\/\/www.miamibeachfl.gov\/pt\/city-hall\/transportation\/\">Transporte e Mobilidade<\/a> &gt; <strong>Bonde gratuito em toda a cidade<\/strong><\/nav>\n\t<p>O servi\u00e7o de bonde em toda a cidade opera atualmente 15 horas por dia, das 8h \u00e0s 23h, 7 dias por semana, com frequ\u00eancia m\u00e9dia de servi\u00e7o de aproximadamente 20 minutos em cada rota.<\/p>\n<p>Agradecemos seu apoio cont\u00ednuo e estamos ansiosos para atend\u00ea-lo!<\/p>\n<h2>\n\t\t\tDEIXE QUE N\u00d3S DIRIJAMOS!\t<\/h2>\n\t<p>O bonde GRATUITO de Miami Beach oferece uma alternativa de transporte confi\u00e1vel que complementa a rede de tr\u00e2nsito existente e fornece conex\u00e3o com rotas de tr\u00e2nsito regionais, melhorando a mobilidade e a qualidade de vida de moradores e visitantes.<\/p>\n\t\t\t\t<a href=\"\/pt\/city-hall\/transportation\/trolley\/south-beach-trolley\/\"  target=\"_self\" itemprop=\"url\">\n\t\t\t\t<img decoding=\"async\" src=\"https:\/\/www.miamibeachfl.gov\/wp-content\/uploads\/2017\/11\/SouthBeachLoop.png\" alt=\"South Beach Trolley Loop\" itemprop=\"image\" height=\"376\" width=\"376\" title=\"Circuito da Praia do Sul\" onerror=\"this.style.display='none'\" loading=\"lazy\" \/>\n\t\t\t\t<\/a>\n<h3>\n\t\t<a href=\"\/pt\/city-hall\/transportation\/trolley\/south-beach-trolley\/\" title=\"Circuito de South Beach\"  target=\"_self\">\n\t\t\tCircuito de South Beach\t\t<\/a>\n\t<\/h3>\n\t\t\t\t<a href=\"\/pt\/city-hall\/transportation\/trolley\/middle-beach-loop\/\"  target=\"_self\" itemprop=\"url\">\n\t\t\t\t<img decoding=\"async\" src=\"https:\/\/www.miamibeachfl.gov\/wp-content\/uploads\/2017\/11\/MiddleBeachLoop.png\" alt=\"Middle Beach Loop Icon\" itemprop=\"image\" height=\"376\" width=\"376\" title=\"Circuito MiddleBeach\" onerror=\"this.style.display='none'\" loading=\"lazy\" \/>\n\t\t\t\t<\/a>\n<h3>\n\t\t<a href=\"\/pt\/city-hall\/transportation\/trolley\/middle-beach-loop\/\" title=\"Circuito da Praia do Meio\"  target=\"_self\">\n\t\t\tCircuito da Praia do Meio\t\t<\/a>\n\t<\/h3>\n\t\t\t\t<a href=\"\/pt\/city-hall\/transportation\/trolley\/collins-express-2\/\"  target=\"_self\" itemprop=\"url\">\n\t\t\t\t<img decoding=\"async\" src=\"https:\/\/www.miamibeachfl.gov\/wp-content\/uploads\/2017\/11\/CollinsExpress.png\" alt=\"Collins Express Icon\" itemprop=\"image\" height=\"376\" width=\"376\" title=\"Collins Express\" onerror=\"this.style.display='none'\" loading=\"lazy\" \/>\n\t\t\t\t<\/a>\n<h3>\n\t\t<a href=\"\/pt\/city-hall\/transportation\/trolley\/collins-express-2\/\" title=\"Collins Express\"  target=\"_self\">\n\t\t\tCollins Express\t\t<\/a>\n\t<\/h3>\n\t\t\t\t<a href=\"\/pt\/city-hall\/transportation\/trolley\/north-beach-loop\/\"  target=\"_self\" itemprop=\"url\">\n\t\t\t\t<img decoding=\"async\" src=\"https:\/\/www.miamibeachfl.gov\/wp-content\/uploads\/2017\/11\/NorthBeachLoop.png\" alt=\"North Beach Loop Icon\" itemprop=\"image\" height=\"376\" width=\"376\" title=\"Circuito da Praia do Norte\" onerror=\"this.style.display='none'\" loading=\"lazy\" \/>\n\t\t\t\t<\/a>\n<h3>\n\t\t<a href=\"\/pt\/city-hall\/transportation\/trolley\/north-beach-loop\/\" title=\"Circuito da Praia Norte\"  target=\"_self\">\n\t\t\tCircuito da Praia Norte\t\t<\/a>\n\t<\/h3>\n\t\t\t<a href=\"https:\/\/www.miamibeachfl.gov\/pt\/city-hall\/transportation\/trolley\/trolleytrackerapps\/\" target=\"_self\">\n\t\t\t\t\t\t\tAplicativos de rastreamento\n\t\t\t<\/a>\n\t\t\t<a href=\"\/wp-content\/uploads\/2026\/03\/Trolley_WebMapUpdate_2026_v04.pdf\" target=\"_self\">\n\t\t\t\t\t\t\tBaixe o mapa do servi\u00e7o de bondes.\n\t\t\t<\/a>\n\t\t\t\t<a href=\"https:\/\/www.miamibeachfl.gov\/wp-content\/uploads\/2026\/03\/Trolley_WebMapUpdate_2026_v04.jpg\"  target=\"_self\" itemprop=\"url\">\n\t\t\t\t<img decoding=\"async\" src=\"https:\/\/www.miamibeachfl.gov\/wp-content\/uploads\/2026\/03\/Trolley_WebMapUpdate_2026_v04.jpg\" alt=\"Trolley map\" itemprop=\"image\" height=\"2133\" width=\"800\" title=\"Atualiza\u00e7\u00e3o do Mapa Web do Carrinho_2026_v04\" onerror=\"this.style.display='none'\" loading=\"lazy\" \/>\n\t\t\t\t<\/a>\n\t<h3><strong>Informa\u00e7\u00f5es e dicas importantes<\/strong><\/h3>\n<ul>\n<li>Todos os bondes possuem n\u00fameros de identifica\u00e7\u00e3o localizados na parte frontal, acima do motorista e na parte externa do ve\u00edculo. Ao relatar qualquer problema, informe o n\u00famero de identifica\u00e7\u00e3o do ve\u00edculo, a data e a hora do ocorrido.<\/li>\n<li>C\u00e3es de servi\u00e7o devem estar sempre presos com arreios ou guias e sob controle. Todos os outros animais devem estar em caixas de transporte que caibam embaixo do assento do carrinho.<\/li>\n<li>Para garantir a seguran\u00e7a dos passageiros, os motoristas SOMENTE podem embarcar e desembarcar passageiros em pontos de \u00f4nibus designados.<\/li>\n<li>N\u00e3o \u00e9 permitido m\u00fasica alta, comida ou bebida a bordo dos ve\u00edculos.<\/li>\n<li>Todos os carrinhos s\u00e3o adequados para bicicletas, com dois suportes dispon\u00edveis para armazenamento.<\/li>\n<\/ul>\n<h3><strong>Links \u00fateis<\/strong><\/h3>\n<ul>\n<li><strong><a title=\"Direitos do Cliente\" href=\"\/pt\/city-hall\/transportation\/trolley\/customer-rights\/\" target=\"_blank\" rel=\"noopener noreferrer\">Veja os direitos do cliente<\/a><\/strong><\/li>\n<li><strong><a title=\"Compat\u00edvel\/Feedback\" href=\"\/pt\/city-hall\/transportation\/trolley\/trolley-feedback-form\/\" target=\"_blank\" rel=\"noopener noreferrer\">Quer registrar uma reclama\u00e7\u00e3o ou fornecer feedback?<\/a><\/strong><\/li>\n<li><strong><a href=\"\/wp-content\/uploads\/2020\/03\/CMB-Survey-Final-Report.pdf\">Relat\u00f3rio Final da Pesquisa de Carrinhos<\/a><\/strong><\/li>\n<\/ul>\n<p>Para perguntas, coment\u00e1rios, preocupa\u00e7\u00f5es ou itens perdidos, ligue para n\u00f3s em <a href=\"tel:3056737117\"><strong>305.673.7117<\/strong><\/a>.<\/p>\n<p>Gostar\u00edamos muito de ouvir de voc\u00ea!<\/p>\n\t<p>Planeje sua viagem gratuita com nosso <a href=\"#mbtrolleytracker\"><strong>Rastreador de bonde de Miami Beach<\/strong><\/a> \u2013 ou baixe o <strong><a href=\"#transitapp\">Aplicativo de tr\u00e2nsito<\/a>.\u00a0<\/strong><\/p>\n<p><strong><a href=\"https:\/\/www.miamibeachfl.gov\/pt\/city-hall\/transportation\/water-taxi\/\">Clique aqui para ver a p\u00e1gina de informa\u00e7\u00f5es sobre o T\u00e1xi Aqu\u00e1tico.<\/a><\/strong>. <strong><a href=\"https:\/\/www.miamibeachfl.gov\/pt\/visit-miami-beach\/getting-around\/\">Veja os recursos de mobilidade.<\/a><\/strong><\/p>\n\t<iframe loading=\"lazy\" src=\"https:\/\/maps.trilliumtransit.com\/map\/feed\/miamibeach-fl-us\" width=\"100%\" height=\"1300\" title=\"descri\u00e7\u00e3o_do_conte\u00fado_do_iframe\">\n  <!-- Optional fallback content for browsers that don't support iframes -->\n  <p><a href=\"https:\/\/maps.trilliumtransit.com\/map\/feed\/miamibeach-fl-us\">Seu navegador n\u00e3o suporta esta fun\u00e7\u00e3o, clique aqui para visualizar o rastreador do carrinho<\/a><\/p>\n<\/iframe>\n\t\t\tAplicativo de tr\u00e2nsito\n\t\t\t\t<p>O aplicativo Transit aprimora sua capacidade de rastrear os bondes em tempo real com recursos adicionais projetados para aprimorar sua experi\u00eancia de deslocamento. A cidade cobre o custo da assinatura premium do aplicativo, conhecida como &quot;Royale&quot;, para que todos os nossos usu\u00e1rios possam acessar esses recursos premium gratuitamente ao rastrear os bondes em Miami Beach.<\/p>\n\t<p><strong>Comece a usar o aplicativo Transit em tr\u00eas etapas f\u00e1ceis:<\/strong><\/p>\n<strong>1. Baixe o aplicativo:<br \/>\n<\/strong><br \/>\n<a href=\"https:\/\/itunes.apple.com\/app\/apple-store\/id498151501?pt=2090552&amp;ct=website-homepage&amp;mt=8\"><img loading=\"lazy\" decoding=\"async\" src=\"https:\/\/www.miamibeachfl.gov\/wp-content\/uploads\/2024\/01\/AppleStoreButton.png\" alt=\"Download App from Apple Store Button\" width=\"211\" height=\"63\" \/><\/a>\n<p><a href=\"https:\/\/play.google.com\/store\/apps\/details?id=com.thetransitapp.droid&amp;referrer=utm_source%3Dtransit%26utm_medium%3Dwebsite-homepage%26utm_campaign%3Dwebsite-homepage\"><img loading=\"lazy\" decoding=\"async\" src=\"https:\/\/www.miamibeachfl.gov\/wp-content\/uploads\/2024\/01\/GooglePlayButton.png\" alt=\"Download app on Google Play\" width=\"212\" height=\"63\" \/><\/a><\/p>\n<p><strong>2. Abra o aplicativo.<\/strong><\/p>\n<p><strong>3. Pesquise rotas de bondes de Miami Beach para come\u00e7ar a rastrear em tempo real.<\/strong><\/p>\n\t\t\t<a href=\"https:\/\/transitapp.com\/\" target=\"_self\">\n\t\t\t\t\t\tVisite o site do aplicativo Transit para obter mais informa\u00e7\u00f5es\n\t\t\t\t\t<\/a>\n\t<p>Alternativamente, nossa equipe de atendimento ao cliente est\u00e1 dispon\u00edvel em <a href=\"tel:3056737117\">305.673.7117<\/a> para fornecer os hor\u00e1rios de chegada previstos para o bonde diretamente. Os usu\u00e1rios tamb\u00e9m podem enviar uma mensagem de texto com o n\u00famero de identifica\u00e7\u00e3o da parada da cidade de Miami Beach (dispon\u00edvel em todas as placas de parada do bonde) para <a href=\"tel:7869814545\">786.981.4545<\/a> para receber hor\u00e1rios de chegada por mensagem de texto.<\/p>\n<p>O servi\u00e7o gratuito de bonde de Miami Beach opera 15 horas por dia, das 8h \u00e0s 23h, 7 dias por semana, com frequ\u00eancia m\u00e9dia de servi\u00e7o de aproximadamente 20 minutos em cada rota.<\/p>\n\t<p><strong>Precisa de assist\u00eancia adicional?<\/strong> Se precisar de ajuda com o aplicativo Transit ou tiver outras d\u00favidas sobre os servi\u00e7os de bonde de Miami Beach, entre em contato com nosso suporte ao cliente em <a href=\"mailto:trolley@miamibeachfl.gov\">carrinho@miamibeachfl.gov<\/a><\/p>\n<p><strong>O antigo fornecedor de rastreamento de bondes da cidade, TSO Mobile, n\u00e3o est\u00e1 mais em servi\u00e7o.<\/strong><\/p>","protected":false},"excerpt":{"rendered":"<p>Bonde gratuito em toda a cidade Home &gt; Prefeitura &gt; Transporte e Mobilidade &gt; Bonde gratuito em toda a cidade O servi\u00e7o de bonde gratuito em toda a cidade atualmente [\u2026]<\/p>","protected":false},"author":222,"featured_media":0,"parent":28743,"menu_order":248,"comment_status":"closed","ping_status":"closed","template":"","meta":{"_searchwp_excluded":"","site-sidebar-layout":"default","site-content-layout":"","ast-site-content-layout":"default","site-content-style":"default","site-sidebar-style":"default","ast-global-header-display":"","ast-banner-title-visibility":"","ast-main-header-display":"","ast-hfb-above-header-display":"","ast-hfb-below-header-display":"","ast-hfb-mobile-header-display":"","site-post-title":"","ast-breadcrumbs-content":"","ast-featured-img":"","footer-sml-layout":"","theme-transparent-header-meta":"","adv-header-id-meta":"","stick-header-meta":"","header-above-stick-meta":"","header-main-stick-meta":"","header-below-stick-meta":"","astra-migrate-meta-layouts":"default","ast-page-background-enabled":"default","ast-page-background-meta":{"desktop":{"background-color":"var(--ast-global-color-5)","background-image":"","background-repeat":"repeat","background-position":"center center","background-size":"auto","background-attachment":"scroll","background-type":"","background-media":"","overlay-type":"","overlay-color":"","overlay-opacity":"","overlay-gradient":""},"tablet":{"background-color":"","background-image":"","background-repeat":"repeat","background-position":"center center","background-size":"auto","background-attachment":"scroll","background-type":"","background-media":"","overlay-type":"","overlay-color":"","overlay-opacity":"","overlay-gradient":""},"mobile":{"background-color":"","background-image":"","background-repeat":"repeat","background-position":"center center","background-size":"auto","background-attachment":"scroll","background-type":"","background-media":"","overlay-type":"","overlay-color":"","overlay-opacity":"","overlay-gradient":""}},"ast-content-background-meta":{"desktop":{"background-color":"var(--ast-global-color-4)","background-image":"","background-repeat":"repeat","background-position":"center center","background-size":"auto","background-attachment":"scroll","background-type":"","background-media":"","overlay-type":"","overlay-color":"","overlay-opacity":"","overlay-gradient":""},"tablet":{"background-color":"var(--ast-global-color-4)","background-image":"","background-repeat":"repeat","background-position":"center center","background-size":"auto","background-attachment":"scroll","background-type":"","background-media":"","overlay-type":"","overlay-color":"","overlay-opacity":"","overlay-gradient":""},"mobile":{"background-color":"var(--ast-global-color-4)","background-image":"","background-repeat":"repeat","background-position":"center center","background-size":"auto","background-attachment":"scroll","background-type":"","background-media":"","overlay-type":"","overlay-color":"","overlay-opacity":"","overlay-gradient":""}},"footnotes":""},"categories":[],"tags":[],"class_list":["post-28744","page","type-page","status-publish","hentry"],"yoast_head":"<!-- This site is optimized with the Yoast SEO Premium plugin v26.6 (Yoast SEO v26.6) - https:\/\/yoast.com\/wordpress\/plugins\/seo\/ -->\n<title>Citywide Free Trolley - City of Miami Beach<\/title>\n<meta name=\"description\" content=\"The Miami Beach citywide trolley service currently operates 15 hours a day, from 8 a.m. to 11 p.m., 7 days a week at approximately 20-minute average service frequency along each route.\" \/>\n<meta name=\"robots\" content=\"index, follow, max-snippet:-1, max-image-preview:large, max-video-preview:-1\" \/>\n<link rel=\"canonical\" href=\"https:\/\/www.miamibeachfl.gov\/pt\/city-hall\/transportation\/trolley\/\" \/>\n<meta property=\"og:locale\" content=\"pt_BR\" \/>\n<meta property=\"og:type\" content=\"article\" \/>\n<meta property=\"og:title\" content=\"Citywide Free Trolley\" \/>\n<meta property=\"og:description\" content=\"The Miami Beach citywide trolley service currently operates 15 hours a day, from 8 a.m. to 11 p.m., 7 days a week at approximately 20-minute average service frequency along each route.\" \/>\n<meta property=\"og:url\" content=\"https:\/\/www.miamibeachfl.gov\/pt\/city-hall\/transportation\/trolley\/\" \/>\n<meta property=\"og:site_name\" content=\"City of Miami Beach\" \/>\n<meta property=\"article:publisher\" content=\"https:\/\/www.facebook.com\/cityofmiamibeach\" \/>\n<meta property=\"article:modified_time\" content=\"2026-03-06T21:20:17+00:00\" \/>\n<meta property=\"og:image\" content=\"https:\/\/www.miamibeachfl.gov\/wp-content\/uploads\/2026\/03\/trolleyillustration.png\" \/>\n<meta name=\"twitter:card\" content=\"summary_large_image\" \/>\n<meta name=\"twitter:site\" content=\"@Miamibeachnews\" \/>\n<script type=\"application\/ld+json\" class=\"yoast-schema-graph\">{\"@context\":\"https:\/\/schema.org\",\"@graph\":[{\"@type\":\"WebPage\",\"@id\":\"https:\/\/www.miamibeachfl.gov\/city-hall\/transportation\/trolley\/\",\"url\":\"https:\/\/www.miamibeachfl.gov\/city-hall\/transportation\/trolley\/\",\"name\":\"Citywide Free Trolley - City of Miami Beach\",\"isPartOf\":{\"@id\":\"https:\/\/www.miamibeachfl.gov\/#website\"},\"primaryImageOfPage\":{\"@id\":\"https:\/\/www.miamibeachfl.gov\/city-hall\/transportation\/trolley\/#primaryimage\"},\"image\":{\"@id\":\"https:\/\/www.miamibeachfl.gov\/city-hall\/transportation\/trolley\/#primaryimage\"},\"thumbnailUrl\":\"https:\/\/www.miamibeachfl.gov\/wp-content\/uploads\/2026\/03\/trolleyillustration.png\",\"datePublished\":\"2017-08-11T00:08:01+00:00\",\"dateModified\":\"2026-03-06T21:20:17+00:00\",\"description\":\"The Miami Beach citywide trolley service currently operates 15 hours a day, from 8 a.m. to 11 p.m., 7 days a week at approximately 20-minute average service frequency along each route.\",\"breadcrumb\":{\"@id\":\"https:\/\/www.miamibeachfl.gov\/city-hall\/transportation\/trolley\/#breadcrumb\"},\"inLanguage\":\"pt-BR\",\"potentialAction\":[{\"@type\":\"ReadAction\",\"target\":[\"https:\/\/www.miamibeachfl.gov\/city-hall\/transportation\/trolley\/\"]}]},{\"@type\":\"ImageObject\",\"inLanguage\":\"pt-BR\",\"@id\":\"https:\/\/www.miamibeachfl.gov\/city-hall\/transportation\/trolley\/#primaryimage\",\"url\":\"https:\/\/www.miamibeachfl.gov\/wp-content\/uploads\/2026\/03\/trolleyillustration.png\",\"contentUrl\":\"https:\/\/www.miamibeachfl.gov\/wp-content\/uploads\/2026\/03\/trolleyillustration.png\"},{\"@type\":\"BreadcrumbList\",\"@id\":\"https:\/\/www.miamibeachfl.gov\/city-hall\/transportation\/trolley\/#breadcrumb\",\"itemListElement\":[{\"@type\":\"ListItem\",\"position\":1,\"name\":\"Home\",\"item\":\"https:\/\/www.miamibeachfl.gov\/\"},{\"@type\":\"ListItem\",\"position\":2,\"name\":\"City Hall\",\"item\":\"https:\/\/www.miamibeachfl.gov\/city-hall\/\"},{\"@type\":\"ListItem\",\"position\":3,\"name\":\"Transportation &#038; Mobility\",\"item\":\"https:\/\/www.miamibeachfl.gov\/city-hall\/transportation\/\"},{\"@type\":\"ListItem\",\"position\":4,\"name\":\"Citywide Free Trolley\"}]},{\"@type\":\"WebSite\",\"@id\":\"https:\/\/www.miamibeachfl.gov\/#website\",\"url\":\"https:\/\/www.miamibeachfl.gov\/\",\"name\":\"City of Miami Beach\",\"description\":\"The official website of the City of Miami Beach. Stay informed, find important information on city services, news, alerts, events, trolley routes, government employment and more.\",\"publisher\":{\"@id\":\"https:\/\/www.miamibeachfl.gov\/#organization\"},\"potentialAction\":[{\"@type\":\"SearchAction\",\"target\":{\"@type\":\"EntryPoint\",\"urlTemplate\":\"https:\/\/www.miamibeachfl.gov\/?s={search_term_string}\"},\"query-input\":{\"@type\":\"PropertyValueSpecification\",\"valueRequired\":true,\"valueName\":\"search_term_string\"}}],\"inLanguage\":\"pt-BR\"},{\"@type\":\"Organization\",\"@id\":\"https:\/\/www.miamibeachfl.gov\/#organization\",\"name\":\"City of Miami Beach\",\"url\":\"https:\/\/www.miamibeachfl.gov\/\",\"logo\":{\"@type\":\"ImageObject\",\"inLanguage\":\"pt-BR\",\"@id\":\"https:\/\/www.miamibeachfl.gov\/#\/schema\/logo\/image\/\",\"url\":\"https:\/\/www.miamibeachfl.gov\/wp-content\/uploads\/2022\/06\/miamibeach-logoblue.png\",\"contentUrl\":\"https:\/\/www.miamibeachfl.gov\/wp-content\/uploads\/2022\/06\/miamibeach-logoblue.png\",\"width\":1962,\"height\":381,\"caption\":\"City of Miami Beach\"},\"image\":{\"@id\":\"https:\/\/www.miamibeachfl.gov\/#\/schema\/logo\/image\/\"},\"sameAs\":[\"https:\/\/www.facebook.com\/cityofmiamibeach\",\"https:\/\/x.com\/Miamibeachnews\",\"https:\/\/www.instagram.com\/miamibeachnews\/\"],\"description\":\"The official website of the City of Miami Beach. Stay informed, find important information on city services, news, alerts, events, trolley routes, government employment and more.\",\"telephone\":\"305.604.CITY(2489)\",\"legalName\":\"City of Miami Beach\"}]}<\/script>\n<!-- \/ Yoast SEO Premium plugin. -->","yoast_head_json":{"title":"Bonde gratuito em toda a cidade - Cidade de Miami Beach","description":"O servi\u00e7o de bonde de Miami Beach opera atualmente 15 horas por dia, das 8h \u00e0s 23h, 7 dias por semana, com frequ\u00eancia m\u00e9dia de servi\u00e7o de aproximadamente 20 minutos em cada rota.","robots":{"index":"index","follow":"follow","max-snippet":"max-snippet:-1","max-image-preview":"max-image-preview:large","max-video-preview":"max-video-preview:-1"},"canonical":"https:\/\/www.miamibeachfl.gov\/pt\/city-hall\/transportation\/trolley\/","og_locale":"pt_BR","og_type":"article","og_title":"Citywide Free Trolley","og_description":"The Miami Beach citywide trolley service currently operates 15 hours a day, from 8 a.m. to 11 p.m., 7 days a week at approximately 20-minute average service frequency along each route.","og_url":"https:\/\/www.miamibeachfl.gov\/pt\/city-hall\/transportation\/trolley\/","og_site_name":"City of Miami Beach","article_publisher":"https:\/\/www.facebook.com\/cityofmiamibeach","article_modified_time":"2026-03-06T21:20:17+00:00","og_image":[{"url":"https:\/\/www.miamibeachfl.gov\/wp-content\/uploads\/2026\/03\/trolleyillustration.png","type":"","width":"","height":""}],"twitter_card":"summary_large_image","twitter_site":"@Miamibeachnews","schema":{"@context":"https:\/\/schema.org","@graph":[{"@type":"WebPage","@id":"https:\/\/www.miamibeachfl.gov\/city-hall\/transportation\/trolley\/","url":"https:\/\/www.miamibeachfl.gov\/city-hall\/transportation\/trolley\/","name":"Bonde gratuito em toda a cidade - Cidade de Miami Beach","isPartOf":{"@id":"https:\/\/www.miamibeachfl.gov\/#website"},"primaryImageOfPage":{"@id":"https:\/\/www.miamibeachfl.gov\/city-hall\/transportation\/trolley\/#primaryimage"},"image":{"@id":"https:\/\/www.miamibeachfl.gov\/city-hall\/transportation\/trolley\/#primaryimage"},"thumbnailUrl":"https:\/\/www.miamibeachfl.gov\/wp-content\/uploads\/2026\/03\/trolleyillustration.png","datePublished":"2017-08-11T00:08:01+00:00","dateModified":"2026-03-06T21:20:17+00:00","description":"O servi\u00e7o de bonde de Miami Beach opera atualmente 15 horas por dia, das 8h \u00e0s 23h, 7 dias por semana, com frequ\u00eancia m\u00e9dia de servi\u00e7o de aproximadamente 20 minutos em cada rota.","breadcrumb":{"@id":"https:\/\/www.miamibeachfl.gov\/city-hall\/transportation\/trolley\/#breadcrumb"},"inLanguage":"pt-BR","potentialAction":[{"@type":"ReadAction","target":["https:\/\/www.miamibeachfl.gov\/city-hall\/transportation\/trolley\/"]}]},{"@type":"ImageObject","inLanguage":"pt-BR","@id":"https:\/\/www.miamibeachfl.gov\/city-hall\/transportation\/trolley\/#primaryimage","url":"https:\/\/www.miamibeachfl.gov\/wp-content\/uploads\/2026\/03\/trolleyillustration.png","contentUrl":"https:\/\/www.miamibeachfl.gov\/wp-content\/uploads\/2026\/03\/trolleyillustration.png"},{"@type":"BreadcrumbList","@id":"https:\/\/www.miamibeachfl.gov\/city-hall\/transportation\/trolley\/#breadcrumb","itemListElement":[{"@type":"ListItem","position":1,"name":"Home","item":"https:\/\/www.miamibeachfl.gov\/"},{"@type":"ListItem","position":2,"name":"City Hall","item":"https:\/\/www.miamibeachfl.gov\/city-hall\/"},{"@type":"ListItem","position":3,"name":"Transportation &#038; Mobility","item":"https:\/\/www.miamibeachfl.gov\/city-hall\/transportation\/"},{"@type":"ListItem","position":4,"name":"Citywide Free Trolley"}]},{"@type":"WebSite","@id":"https:\/\/www.miamibeachfl.gov\/#website","url":"https:\/\/www.miamibeachfl.gov\/","name":"Cidade de Miami Beach","description":"Site oficial da cidade de Miami Beach. Mantenha-se informado e encontre informa\u00e7\u00f5es importantes sobre servi\u00e7os municipais, not\u00edcias, alertas, eventos, rotas de bonde, empregos p\u00fablicos e muito mais.","publisher":{"@id":"https:\/\/www.miamibeachfl.gov\/#organization"},"potentialAction":[{"@type":"SearchAction","target":{"@type":"EntryPoint","urlTemplate":"https:\/\/www.miamibeachfl.gov\/?s={search_term_string}"},"query-input":{"@type":"PropertyValueSpecification","valueRequired":true,"valueName":"search_term_string"}}],"inLanguage":"pt-BR"},{"@type":"Organization","@id":"https:\/\/www.miamibeachfl.gov\/#organization","name":"Cidade de Miami Beach","url":"https:\/\/www.miamibeachfl.gov\/","logo":{"@type":"ImageObject","inLanguage":"pt-BR","@id":"https:\/\/www.miamibeachfl.gov\/#\/schema\/logo\/image\/","url":"https:\/\/www.miamibeachfl.gov\/wp-content\/uploads\/2022\/06\/miamibeach-logoblue.png","contentUrl":"https:\/\/www.miamibeachfl.gov\/wp-content\/uploads\/2022\/06\/miamibeach-logoblue.png","width":1962,"height":381,"caption":"City of Miami Beach"},"image":{"@id":"https:\/\/www.miamibeachfl.gov\/#\/schema\/logo\/image\/"},"sameAs":["https:\/\/www.facebook.com\/cityofmiamibeach","https:\/\/x.com\/Miamibeachnews","https:\/\/www.instagram.com\/miamibeachnews\/"],"description":"Site oficial da cidade de Miami Beach. Mantenha-se informado e encontre informa\u00e7\u00f5es importantes sobre servi\u00e7os municipais, not\u00edcias, alertas, eventos, rotas de bonde, empregos p\u00fablicos e muito mais.","telephone":"305.604.CITY(2489)","legalName":"City of Miami Beach"}]}},"_links":{"self":[{"href":"https:\/\/www.miamibeachfl.gov\/pt\/wp-json\/wp\/v2\/pages\/28744","targetHints":{"allow":["GET"]}}],"collection":[{"href":"https:\/\/www.miamibeachfl.gov\/pt\/wp-json\/wp\/v2\/pages"}],"about":[{"href":"https:\/\/www.miamibeachfl.gov\/pt\/wp-json\/wp\/v2\/types\/page"}],"author":[{"embeddable":true,"href":"https:\/\/www.miamibeachfl.gov\/pt\/wp-json\/wp\/v2\/users\/222"}],"replies":[{"embeddable":true,"href":"https:\/\/www.miamibeachfl.gov\/pt\/wp-json\/wp\/v2\/comments?post=28744"}],"version-history":[{"count":0,"href":"https:\/\/www.miamibeachfl.gov\/pt\/wp-json\/wp\/v2\/pages\/28744\/revisions"}],"up":[{"embeddable":true,"href":"https:\/\/www.miamibeachfl.gov\/pt\/wp-json\/wp\/v2\/pages\/28743"}],"wp:attachment":[{"href":"https:\/\/www.miamibeachfl.gov\/pt\/wp-json\/wp\/v2\/media?parent=28744"}],"wp:term":[{"taxonomy":"category","embeddable":true,"href":"https:\/\/www.miamibeachfl.gov\/pt\/wp-json\/wp\/v2\/categories?post=28744"},{"taxonomy":"post_tag","embeddable":true,"href":"https:\/\/www.miamibeachfl.gov\/pt\/wp-json\/wp\/v2\/tags?post=28744"}],"curies":[{"name":"wp","href":"https:\/\/api.w.org\/{rel}","templated":true}]}}