{"id":28879,"date":"2017-08-11T00:09:21","date_gmt":"2017-08-11T00:09:21","guid":{"rendered":"http:\/\/www.miamibeachfl.gov\/city-hall\/planning\/general-zoning-information-code-interpretation\/"},"modified":"2026-03-03T10:40:45","modified_gmt":"2026-03-03T15:40:45","slug":"general-zoning-information-code-interpretation","status":"publish","type":"page","link":"https:\/\/www.miamibeachfl.gov\/pt\/city-hall\/planning\/general-zoning-information-code-interpretation\/","title":{"rendered":"Interpreta\u00e7\u00e3o de Zoneamento Geral e Zoneamento Administrativo"},"content":{"rendered":"<img decoding=\"async\" src=\"https:\/\/www.miamibeachfl.gov\/wp-content\/uploads\/2022\/07\/hero-small.jpg\" alt=\"ocean drive art deco buildings\" itemprop=\"image\" height=\"211\" width=\"2395\" title=\"her\u00f3i-pequeno\" onerror=\"this.style.display='none'\" loading=\"lazy\" \/>\n<h1>\n\t\t\tInterpreta\u00e7\u00e3o de Zoneamento Geral e Zoneamento Administrativo\t<\/h1>\n\t<nav id=\"breadcrumbs\" aria-label=\"Migalhas de p\u00e3o\"><a href=\"https:\/\/www.miamibeachfl.gov\/pt\/\">Lar<\/a> &gt; <a href=\"https:\/\/www.miamibeachfl.gov\/pt\/city-hall\/\">Prefeitura<\/a> &gt; <a href=\"https:\/\/www.miamibeachfl.gov\/pt\/city-hall\/planning\/\">Planejamento e Zoneamento<\/a> &gt; <strong>Interpreta\u00e7\u00e3o de Zoneamento Geral e Zoneamento Administrativo<\/strong><\/nav>\n\t<p>Para consultar o zoneamento de um im\u00f3vel, consulte o<strong> <a title=\"Mapa de Zoneamento\" href=\"https:\/\/www.miamibeachfl.gov\/wp-content\/uploads\/2019\/02\/zoning2019-2-14-2019.pdf\" target=\"_blank\" rel=\"noopener noreferrer\">mapa de zoneamento<\/a><\/strong>. Para descobrir o significado de uma classifica\u00e7\u00e3o de zoneamento, clique no link apropriado abaixo.<\/p>\n<p><strong>Interpreta\u00e7\u00e3o de Zoneamento Administrativo<\/strong><\/p>\n<strong><a href=\"http:\/\/www.miamibeachfl.gov\/wp-content\/uploads\/2020\/11\/6455-Pine-Tree-Drive-Lot-Width-RS-3-11-12-2020-1.pdf\">RE: 6455 Pine Tree Drive Circle - Largura do lote (PUBLICADO EM 23\/11\/20)<\/a><\/strong><br \/>\n<strong><a title=\"RE: 6801 Collins Avenue\" href=\"\/wp-content\/uploads\/2017\/08\/Letter-for-Zoning-Interpretation-6801-Collins-Ave.pdf\" target=\"_blank\" rel=\"noopener noreferrer\">RE: 6801 Collins Avenue<\/a><\/strong><br \/>\n<strong><a title=\"RE: 6343-6363 Indian Creek Dr\" href=\"\/wp-content\/uploads\/2017\/08\/ZoneVerificationCasablancaVillas.pdf\" target=\"_blank\" rel=\"noopener noreferrer\">RE: 6343-6363 Indian Creek Dr<\/a><\/strong><br \/>\n<strong><a href=\"http:\/\/www.miamibeachfl.gov\/wp-content\/uploads\/2018\/03\/2300-Bay-Ave-DRB-Order-Enfocement.pdf\">Re: 2300 Bay Ave<\/a><\/strong><br \/>\n<strong><a href=\"http:\/\/www.miamibeachfl.gov\/wp-content\/uploads\/2018\/06\/865-Collins-Ave-Signed-Response.pdf\">865 Avenida Collins<\/a><\/strong><br \/>\n<strong><a href=\"http:\/\/www.miamibeachfl.gov\/wp-content\/uploads\/2019\/03\/Zoning-Verification-Letter-1701-Convention-Center-Drive-1.pdf\">RE: 1701 Convention Center Drive (29\/03\/19)\u00a0\u00a0<\/a><\/strong><br \/>\n<strong><a href=\"http:\/\/www.miamibeachfl.gov\/wp-content\/uploads\/2019\/07\/Zoning-Interpertation-Floor-Area-Ratio-FAR.pdf\">RE: \u00c1rea do piso - 500 Alton Road (PUBLICADO EM 11\/07\/19)<\/a><\/strong><br \/>\n<strong><a href=\"http:\/\/www.miamibeachfl.gov\/wp-content\/uploads\/2019\/07\/Medical-Cannabis-Dispensary-500-Collins-Ave.pdf\">RE: Dispens\u00e1rio de Cannabis Medicinal \u2013 500 Collins Ave (PUBLICADO EM 15\/07\/19)<\/a><\/strong><br \/>\n<strong><a href=\"http:\/\/www.miamibeachfl.gov\/wp-content\/uploads\/2022\/03\/1-Lincoln-Rd-1671-Collins-Av-HPB21-0457.pdf\">1 Lincoln Rd 1671 Collins Av \u2013 HPB21-0457<\/a><\/strong><br \/>\n<strong><a href=\"https:\/\/www.miamibeachfl.gov\/wp-content\/uploads\/2022\/04\/3611-3621-Collins-Av-height-1.pdf\">3611 3621 Collins Av \u2013 altura 1<\/a><\/strong><br \/>\n<strong><a href=\"https:\/\/www.miamibeachfl.gov\/wp-content\/uploads\/2022\/11\/153-157-Collins-Avenue-LETTER-TRM.pdf\">153-157 Collins Avenue \u2013 CARTA TRM<\/a><\/strong><br \/>\n<strong><a href=\"https:\/\/www.miamibeachfl.gov\/wp-content\/uploads\/2022\/11\/Exhibits-A-C.pdf\">153-157 Collins Avenue EXPOSI\u00c7\u00d5ES AC<\/a><\/strong><br \/>\n<strong><a href=\"https:\/\/www.miamibeachfl.gov\/wp-content\/uploads\/2023\/05\/1255-West-Avenue.pdf\">1255 West Avenue<\/a><\/strong><br \/>\n<strong><a href=\"https:\/\/www.miamibeachfl.gov\/wp-content\/uploads\/2024\/05\/Zone1023-1191-605-Lincoln-Road-FINAL-with-ATTACHMENT-SIGNED.pdf\">RE: 605 Lincoln Road<\/a><\/strong><br \/>\n<strong><a href=\"https:\/\/www.miamibeachfl.gov\/wp-content\/uploads\/2024\/12\/LiveLocalAct.pdf\">Ato ao vivo local<\/a><\/strong>\n\t\tNavegar para\u2026\t\t\t\n\t\t\t\t\t<ul id=\"menu-planning-main-menu\"><li id=\"menu-item-393598\"><a href=\"\/pt\/city-hall\/planning\/approved-live-local-act-applications\/\">Pedidos aprovados do Live Local Act<\/a><\/li>\n<li id=\"menu-item-363958\"><a href=\"\/pt\/city-hall\/planning\/general-zoning-information-code-interpretation\/\">Interpreta\u00e7\u00e3o de Zoneamento Geral e Zoneamento Administrativo<\/a><\/li>\n<li id=\"menu-item-365954\"><a href=\"\/pt\/city-hall\/planning\/certificate-of-use\/\">Obtenha um Certificado de Uso (CU)<\/a><\/li>\n<li id=\"menu-item-363959\"><a href=\"\/pt\/city-hall\/planning\/land-development-dashboard\/\">Painel de Desenvolvimento de Terras<\/a><\/li>\n<li id=\"menu-item-363960\"><a href=\"\/pt\/city-hall\/planning\/land-use-boards\/\">Conselhos de Uso do Solo<\/a><\/li>\n<li id=\"menu-item-363961\"><a href=\"\/pt\/city-hall\/planning\/landscape-requirements\/\">Requisitos de paisagismo<\/a><\/li>\n<li id=\"menu-item-363962\"><a href=\"\/pt\/city-hall\/planning\/planning-document-checklist\/\">Documentos de planejamento, listas de verifica\u00e7\u00e3o e formul\u00e1rios<\/a><\/li>\n<li id=\"menu-item-363963\"><a href=\"\/pt\/city-hall\/planning\/planning-faqs\/\">Perguntas frequentes sobre planejamento<\/a><\/li>\n<li id=\"menu-item-363964\"><a href=\"\/pt\/city-hall\/planning\/maps-and-guidelines\/\">Mapas e Diretrizes de Planejamento<\/a><\/li>\n<li id=\"menu-item-363965\"><a href=\"\/pt\/city-hall\/planning\/resiliency-code\/\">C\u00f3digo de Resili\u00eancia \/ Plano Abrangente<\/a><\/li>\n<li id=\"menu-item-363966\"><a href=\"\/pt\/city-hall\/planning\/studies\/\">Estudos e Relat\u00f3rios de Designa\u00e7\u00e3o<\/a><\/li>\n<\/ul>\t\n\t<div class=\"page-navigation\"><a class=\"prev-page\" href=\"https:\/\/www.miamibeachfl.gov\/pt\/city-hall\/planning\/land-use-boards\/\">\u2190 Conselhos de Uso do Solo<\/a> <a class=\"next-page\" href=\"https:\/\/www.miamibeachfl.gov\/pt\/city-hall\/planning\/landscape-requirements\/\">Requisitos de Paisagismo \u2192<\/a><\/div>","protected":false},"excerpt":{"rendered":"<p>Interpreta\u00e7\u00e3o do Zoneamento Geral e Zoneamento Administrativo Home &gt; Prefeitura &gt; Planejamento e Zoneamento &gt; Zoneamento Geral e Zoneamento Administrativo [\u2026]<\/p>","protected":false},"author":222,"featured_media":0,"parent":28864,"menu_order":122,"comment_status":"closed","ping_status":"closed","template":"","meta":{"_searchwp_excluded":"","site-sidebar-layout":"default","site-content-layout":"","ast-site-content-layout":"default","site-content-style":"default","site-sidebar-style":"default","ast-global-header-display":"","ast-banner-title-visibility":"","ast-main-header-display":"","ast-hfb-above-header-display":"","ast-hfb-below-header-display":"","ast-hfb-mobile-header-display":"","site-post-title":"","ast-breadcrumbs-content":"","ast-featured-img":"","footer-sml-layout":"","theme-transparent-header-meta":"","adv-header-id-meta":"","stick-header-meta":"","header-above-stick-meta":"","header-main-stick-meta":"","header-below-stick-meta":"","astra-migrate-meta-layouts":"default","ast-page-background-enabled":"default","ast-page-background-meta":{"desktop":{"background-color":"var(--ast-global-color-5)","background-image":"","background-repeat":"repeat","background-position":"center center","background-size":"auto","background-attachment":"scroll","background-type":"","background-media":"","overlay-type":"","overlay-color":"","overlay-opacity":"","overlay-gradient":""},"tablet":{"background-color":"","background-image":"","background-repeat":"repeat","background-position":"center center","background-size":"auto","background-attachment":"scroll","background-type":"","background-media":"","overlay-type":"","overlay-color":"","overlay-opacity":"","overlay-gradient":""},"mobile":{"background-color":"","background-image":"","background-repeat":"repeat","background-position":"center center","background-size":"auto","background-attachment":"scroll","background-type":"","background-media":"","overlay-type":"","overlay-color":"","overlay-opacity":"","overlay-gradient":""}},"ast-content-background-meta":{"desktop":{"background-color":"var(--ast-global-color-4)","background-image":"","background-repeat":"repeat","background-position":"center center","background-size":"auto","background-attachment":"scroll","background-type":"","background-media":"","overlay-type":"","overlay-color":"","overlay-opacity":"","overlay-gradient":""},"tablet":{"background-color":"var(--ast-global-color-4)","background-image":"","background-repeat":"repeat","background-position":"center center","background-size":"auto","background-attachment":"scroll","background-type":"","background-media":"","overlay-type":"","overlay-color":"","overlay-opacity":"","overlay-gradient":""},"mobile":{"background-color":"var(--ast-global-color-4)","background-image":"","background-repeat":"repeat","background-position":"center center","background-size":"auto","background-attachment":"scroll","background-type":"","background-media":"","overlay-type":"","overlay-color":"","overlay-opacity":"","overlay-gradient":""}},"footnotes":""},"categories":[],"tags":[1035],"class_list":["post-28879","page","type-page","status-publish","hentry","tag-planning-top-visited"],"yoast_head":"<!-- This site is optimized with the Yoast SEO Premium plugin v26.6 (Yoast SEO v26.6) - https:\/\/yoast.com\/wordpress\/plugins\/seo\/ -->\n<title>General Zoning and Administrative Zoning Interpretation - City of Miami Beach<\/title>\n<meta name=\"description\" content=\"%\" \/>\n<meta name=\"robots\" content=\"index, follow, max-snippet:-1, max-image-preview:large, max-video-preview:-1\" \/>\n<link rel=\"canonical\" href=\"https:\/\/www.miamibeachfl.gov\/pt\/city-hall\/planning\/general-zoning-information-code-interpretation\/\" \/>\n<meta property=\"og:locale\" content=\"pt_BR\" \/>\n<meta property=\"og:type\" content=\"article\" \/>\n<meta property=\"og:title\" content=\"General Zoning and Administrative Zoning Interpretation\" \/>\n<meta property=\"og:description\" content=\"%\" \/>\n<meta property=\"og:url\" content=\"https:\/\/www.miamibeachfl.gov\/pt\/city-hall\/planning\/general-zoning-information-code-interpretation\/\" \/>\n<meta property=\"og:site_name\" content=\"City of Miami Beach\" \/>\n<meta property=\"article:publisher\" content=\"https:\/\/www.facebook.com\/cityofmiamibeach\" \/>\n<meta property=\"article:modified_time\" content=\"2026-03-03T15:40:45+00:00\" \/>\n<meta property=\"og:image\" content=\"https:\/\/www.miamibeachfl.gov\/wp-content\/uploads\/2022\/07\/hero-small.jpg\" \/>\n<meta name=\"twitter:card\" content=\"summary_large_image\" \/>\n<meta name=\"twitter:site\" content=\"@Miamibeachnews\" \/>\n<script type=\"application\/ld+json\" class=\"yoast-schema-graph\">{\"@context\":\"https:\/\/schema.org\",\"@graph\":[{\"@type\":\"WebPage\",\"@id\":\"https:\/\/www.miamibeachfl.gov\/city-hall\/planning\/general-zoning-information-code-interpretation\/\",\"url\":\"https:\/\/www.miamibeachfl.gov\/city-hall\/planning\/general-zoning-information-code-interpretation\/\",\"name\":\"General Zoning and Administrative Zoning Interpretation - City of Miami Beach\",\"isPartOf\":{\"@id\":\"https:\/\/www.miamibeachfl.gov\/#website\"},\"primaryImageOfPage\":{\"@id\":\"https:\/\/www.miamibeachfl.gov\/city-hall\/planning\/general-zoning-information-code-interpretation\/#primaryimage\"},\"image\":{\"@id\":\"https:\/\/www.miamibeachfl.gov\/city-hall\/planning\/general-zoning-information-code-interpretation\/#primaryimage\"},\"thumbnailUrl\":\"https:\/\/www.miamibeachfl.gov\/wp-content\/uploads\/2022\/07\/hero-small.jpg\",\"datePublished\":\"2017-08-11T00:09:21+00:00\",\"dateModified\":\"2026-03-03T15:40:45+00:00\",\"description\":\"%\",\"breadcrumb\":{\"@id\":\"https:\/\/www.miamibeachfl.gov\/city-hall\/planning\/general-zoning-information-code-interpretation\/#breadcrumb\"},\"inLanguage\":\"pt-BR\",\"potentialAction\":[{\"@type\":\"ReadAction\",\"target\":[\"https:\/\/www.miamibeachfl.gov\/city-hall\/planning\/general-zoning-information-code-interpretation\/\"]}]},{\"@type\":\"ImageObject\",\"inLanguage\":\"pt-BR\",\"@id\":\"https:\/\/www.miamibeachfl.gov\/city-hall\/planning\/general-zoning-information-code-interpretation\/#primaryimage\",\"url\":\"https:\/\/www.miamibeachfl.gov\/wp-content\/uploads\/2022\/07\/hero-small.jpg\",\"contentUrl\":\"https:\/\/www.miamibeachfl.gov\/wp-content\/uploads\/2022\/07\/hero-small.jpg\"},{\"@type\":\"BreadcrumbList\",\"@id\":\"https:\/\/www.miamibeachfl.gov\/city-hall\/planning\/general-zoning-information-code-interpretation\/#breadcrumb\",\"itemListElement\":[{\"@type\":\"ListItem\",\"position\":1,\"name\":\"Home\",\"item\":\"https:\/\/www.miamibeachfl.gov\/\"},{\"@type\":\"ListItem\",\"position\":2,\"name\":\"City Hall\",\"item\":\"https:\/\/www.miamibeachfl.gov\/city-hall\/\"},{\"@type\":\"ListItem\",\"position\":3,\"name\":\"Planning &#038; Zoning\",\"item\":\"https:\/\/www.miamibeachfl.gov\/city-hall\/planning\/\"},{\"@type\":\"ListItem\",\"position\":4,\"name\":\"General Zoning and Administrative Zoning Interpretation\"}]},{\"@type\":\"WebSite\",\"@id\":\"https:\/\/www.miamibeachfl.gov\/#website\",\"url\":\"https:\/\/www.miamibeachfl.gov\/\",\"name\":\"City of Miami Beach\",\"description\":\"The official website of the City of Miami Beach. Stay informed, find important information on city services, news, alerts, events, trolley routes, government employment and more.\",\"publisher\":{\"@id\":\"https:\/\/www.miamibeachfl.gov\/#organization\"},\"potentialAction\":[{\"@type\":\"SearchAction\",\"target\":{\"@type\":\"EntryPoint\",\"urlTemplate\":\"https:\/\/www.miamibeachfl.gov\/?s={search_term_string}\"},\"query-input\":{\"@type\":\"PropertyValueSpecification\",\"valueRequired\":true,\"valueName\":\"search_term_string\"}}],\"inLanguage\":\"pt-BR\"},{\"@type\":\"Organization\",\"@id\":\"https:\/\/www.miamibeachfl.gov\/#organization\",\"name\":\"City of Miami Beach\",\"url\":\"https:\/\/www.miamibeachfl.gov\/\",\"logo\":{\"@type\":\"ImageObject\",\"inLanguage\":\"pt-BR\",\"@id\":\"https:\/\/www.miamibeachfl.gov\/#\/schema\/logo\/image\/\",\"url\":\"https:\/\/www.miamibeachfl.gov\/wp-content\/uploads\/2022\/06\/miamibeach-logoblue.png\",\"contentUrl\":\"https:\/\/www.miamibeachfl.gov\/wp-content\/uploads\/2022\/06\/miamibeach-logoblue.png\",\"width\":1962,\"height\":381,\"caption\":\"City of Miami Beach\"},\"image\":{\"@id\":\"https:\/\/www.miamibeachfl.gov\/#\/schema\/logo\/image\/\"},\"sameAs\":[\"https:\/\/www.facebook.com\/cityofmiamibeach\",\"https:\/\/x.com\/Miamibeachnews\",\"https:\/\/www.instagram.com\/miamibeachnews\/\"],\"description\":\"The official website of the City of Miami Beach. Stay informed, find important information on city services, news, alerts, events, trolley routes, government employment and more.\",\"telephone\":\"305.604.CITY(2489)\",\"legalName\":\"City of Miami Beach\"}]}<\/script>\n<!-- \/ Yoast SEO Premium plugin. -->","yoast_head_json":{"title":"Interpreta\u00e7\u00e3o de Zoneamento Geral e Zoneamento Administrativo - Cidade de Miami Beach","description":"%","robots":{"index":"index","follow":"follow","max-snippet":"max-snippet:-1","max-image-preview":"max-image-preview:large","max-video-preview":"max-video-preview:-1"},"canonical":"https:\/\/www.miamibeachfl.gov\/pt\/city-hall\/planning\/general-zoning-information-code-interpretation\/","og_locale":"pt_BR","og_type":"article","og_title":"General Zoning and Administrative Zoning Interpretation","og_description":"%","og_url":"https:\/\/www.miamibeachfl.gov\/pt\/city-hall\/planning\/general-zoning-information-code-interpretation\/","og_site_name":"City of Miami Beach","article_publisher":"https:\/\/www.facebook.com\/cityofmiamibeach","article_modified_time":"2026-03-03T15:40:45+00:00","og_image":[{"url":"https:\/\/www.miamibeachfl.gov\/wp-content\/uploads\/2022\/07\/hero-small.jpg","type":"","width":"","height":""}],"twitter_card":"summary_large_image","twitter_site":"@Miamibeachnews","schema":{"@context":"https:\/\/schema.org","@graph":[{"@type":"WebPage","@id":"https:\/\/www.miamibeachfl.gov\/city-hall\/planning\/general-zoning-information-code-interpretation\/","url":"https:\/\/www.miamibeachfl.gov\/city-hall\/planning\/general-zoning-information-code-interpretation\/","name":"Interpreta\u00e7\u00e3o de Zoneamento Geral e Zoneamento Administrativo - Cidade de Miami Beach","isPartOf":{"@id":"https:\/\/www.miamibeachfl.gov\/#website"},"primaryImageOfPage":{"@id":"https:\/\/www.miamibeachfl.gov\/city-hall\/planning\/general-zoning-information-code-interpretation\/#primaryimage"},"image":{"@id":"https:\/\/www.miamibeachfl.gov\/city-hall\/planning\/general-zoning-information-code-interpretation\/#primaryimage"},"thumbnailUrl":"https:\/\/www.miamibeachfl.gov\/wp-content\/uploads\/2022\/07\/hero-small.jpg","datePublished":"2017-08-11T00:09:21+00:00","dateModified":"2026-03-03T15:40:45+00:00","description":"%","breadcrumb":{"@id":"https:\/\/www.miamibeachfl.gov\/city-hall\/planning\/general-zoning-information-code-interpretation\/#breadcrumb"},"inLanguage":"pt-BR","potentialAction":[{"@type":"ReadAction","target":["https:\/\/www.miamibeachfl.gov\/city-hall\/planning\/general-zoning-information-code-interpretation\/"]}]},{"@type":"ImageObject","inLanguage":"pt-BR","@id":"https:\/\/www.miamibeachfl.gov\/city-hall\/planning\/general-zoning-information-code-interpretation\/#primaryimage","url":"https:\/\/www.miamibeachfl.gov\/wp-content\/uploads\/2022\/07\/hero-small.jpg","contentUrl":"https:\/\/www.miamibeachfl.gov\/wp-content\/uploads\/2022\/07\/hero-small.jpg"},{"@type":"BreadcrumbList","@id":"https:\/\/www.miamibeachfl.gov\/city-hall\/planning\/general-zoning-information-code-interpretation\/#breadcrumb","itemListElement":[{"@type":"ListItem","position":1,"name":"Home","item":"https:\/\/www.miamibeachfl.gov\/"},{"@type":"ListItem","position":2,"name":"City Hall","item":"https:\/\/www.miamibeachfl.gov\/city-hall\/"},{"@type":"ListItem","position":3,"name":"Planning &#038; Zoning","item":"https:\/\/www.miamibeachfl.gov\/city-hall\/planning\/"},{"@type":"ListItem","position":4,"name":"General Zoning and Administrative Zoning Interpretation"}]},{"@type":"WebSite","@id":"https:\/\/www.miamibeachfl.gov\/#website","url":"https:\/\/www.miamibeachfl.gov\/","name":"Cidade de Miami Beach","description":"Site oficial da cidade de Miami Beach. Mantenha-se informado e encontre informa\u00e7\u00f5es importantes sobre servi\u00e7os municipais, not\u00edcias, alertas, eventos, rotas de bonde, empregos p\u00fablicos e muito mais.","publisher":{"@id":"https:\/\/www.miamibeachfl.gov\/#organization"},"potentialAction":[{"@type":"SearchAction","target":{"@type":"EntryPoint","urlTemplate":"https:\/\/www.miamibeachfl.gov\/?s={search_term_string}"},"query-input":{"@type":"PropertyValueSpecification","valueRequired":true,"valueName":"search_term_string"}}],"inLanguage":"pt-BR"},{"@type":"Organization","@id":"https:\/\/www.miamibeachfl.gov\/#organization","name":"Cidade de Miami Beach","url":"https:\/\/www.miamibeachfl.gov\/","logo":{"@type":"ImageObject","inLanguage":"pt-BR","@id":"https:\/\/www.miamibeachfl.gov\/#\/schema\/logo\/image\/","url":"https:\/\/www.miamibeachfl.gov\/wp-content\/uploads\/2022\/06\/miamibeach-logoblue.png","contentUrl":"https:\/\/www.miamibeachfl.gov\/wp-content\/uploads\/2022\/06\/miamibeach-logoblue.png","width":1962,"height":381,"caption":"City of Miami Beach"},"image":{"@id":"https:\/\/www.miamibeachfl.gov\/#\/schema\/logo\/image\/"},"sameAs":["https:\/\/www.facebook.com\/cityofmiamibeach","https:\/\/x.com\/Miamibeachnews","https:\/\/www.instagram.com\/miamibeachnews\/"],"description":"Site oficial da cidade de Miami Beach. Mantenha-se informado e encontre informa\u00e7\u00f5es importantes sobre servi\u00e7os municipais, not\u00edcias, alertas, eventos, rotas de bonde, empregos p\u00fablicos e muito mais.","telephone":"305.604.CITY(2489)","legalName":"City of Miami Beach"}]}},"_links":{"self":[{"href":"https:\/\/www.miamibeachfl.gov\/pt\/wp-json\/wp\/v2\/pages\/28879","targetHints":{"allow":["GET"]}}],"collection":[{"href":"https:\/\/www.miamibeachfl.gov\/pt\/wp-json\/wp\/v2\/pages"}],"about":[{"href":"https:\/\/www.miamibeachfl.gov\/pt\/wp-json\/wp\/v2\/types\/page"}],"author":[{"embeddable":true,"href":"https:\/\/www.miamibeachfl.gov\/pt\/wp-json\/wp\/v2\/users\/222"}],"replies":[{"embeddable":true,"href":"https:\/\/www.miamibeachfl.gov\/pt\/wp-json\/wp\/v2\/comments?post=28879"}],"version-history":[{"count":0,"href":"https:\/\/www.miamibeachfl.gov\/pt\/wp-json\/wp\/v2\/pages\/28879\/revisions"}],"up":[{"embeddable":true,"href":"https:\/\/www.miamibeachfl.gov\/pt\/wp-json\/wp\/v2\/pages\/28864"}],"wp:attachment":[{"href":"https:\/\/www.miamibeachfl.gov\/pt\/wp-json\/wp\/v2\/media?parent=28879"}],"wp:term":[{"taxonomy":"category","embeddable":true,"href":"https:\/\/www.miamibeachfl.gov\/pt\/wp-json\/wp\/v2\/categories?post=28879"},{"taxonomy":"post_tag","embeddable":true,"href":"https:\/\/www.miamibeachfl.gov\/pt\/wp-json\/wp\/v2\/tags?post=28879"}],"curies":[{"name":"wp","href":"https:\/\/api.w.org\/{rel}","templated":true}]}}