{"id":28912,"date":"2017-08-11T00:09:47","date_gmt":"2017-08-11T00:09:47","guid":{"rendered":"http:\/\/www.miamibeachfl.gov\/city-hall\/procurement\/"},"modified":"2026-05-01T14:44:18","modified_gmt":"2026-05-01T18:44:18","slug":"procurement","status":"publish","type":"page","link":"https:\/\/www.miamibeachfl.gov\/pt\/city-hall\/procurement\/","title":{"rendered":"Aquisi\u00e7\u00e3o"},"content":{"rendered":"<h1>\n\t\t\tAquisi\u00e7\u00e3o\t<\/h1>\n\t<nav id=\"breadcrumbs\" aria-label=\"Migalhas de p\u00e3o\"><a href=\"https:\/\/www.miamibeachfl.gov\/pt\/\">Lar<\/a> &gt; <a href=\"https:\/\/www.miamibeachfl.gov\/pt\/city-hall\/\">Prefeitura<\/a> &gt; <strong>Aquisi\u00e7\u00e3o<\/strong><\/nav><figure itemscope itemtype=\"https:\/\/schema.org\/ImageObject\">\n\t\t\t\t<img decoding=\"async\" src=\"https:\/\/www.miamibeachfl.gov\/wp-content\/uploads\/2020\/10\/image004.jpg\" alt=\"Achievement of Excellence badge\" height=\"137\" width=\"414\" title=\"imagem004\" onerror=\"this.style.display='none'\" loading=\"lazy\" \/>\n\t<\/figure>\n<p><em><strong>Nossa Miss\u00e3o<\/strong><\/em><\/p>\n<p><i>A miss\u00e3o do Departamento de Aquisi\u00e7\u00f5es da Cidade de Miami Beach \u00e9 fornecer um excelente servi\u00e7o p\u00fablico a todas as partes interessadas em nossa vibrante comunidade tropical, maximizando os recursos dos contribuintes e a confian\u00e7a do p\u00fablico na aquisi\u00e7\u00e3o de bens e servi\u00e7os por meio dos mais altos padr\u00f5es \u00e9ticos, terceiriza\u00e7\u00e3o estrat\u00e9gica, transpar\u00eancia e foco no cliente.<\/i><\/p>\n<p><em><strong>Nossa Vis\u00e3o e Valores<\/strong><\/em><em>Somos uma equipe de profissionais de compras p\u00fablicas que manifestam a vis\u00e3o e os valores da cidade de:<\/em><\/p>\n<ul>\n<li><em>um\u00a0<strong>CIDADE PR\u00d3SPERA<\/strong>\u00a0maximizando os recursos dos contribuintes.<\/em><\/li>\n<li><em>um\u00a0<strong>CIDADE SEGURA<\/strong>\u00a0por meio de uma parceria estrat\u00e9gica com socorristas e gerenciamento de emerg\u00eancias para agilizar os servi\u00e7os \u00e0s partes interessadas.<\/em><\/li>\n<li><em>um\u00a0<strong>CIDADE COSTEIRA RESILIENTE<\/strong> garantindo que as melhores pr\u00e1ticas em sustentabilidade e resili\u00eancia sejam incorporadas ao trabalho que fazemos.<\/em><\/li>\n<li><em>um\u00a0<strong>CIDADE INTELIGENTE<\/strong>\u00a0por meio de pensamento inovador que promova a efici\u00eancia e a otimiza\u00e7\u00e3o dos servi\u00e7os \u00e0s partes interessadas.<\/em><\/li>\n<\/ul>\n<p><strong><a href=\"https:\/\/www.miamibeachfl.gov\/pt\/city-hall\/procurement\/contact-procurement\/\">Contate-nos<\/a><\/strong>\u00a0para qualquer assist\u00eancia que voc\u00ea possa precisar relacionada \u00e0s atividades de aquisi\u00e7\u00e3o e contrata\u00e7\u00e3o.<\/p>\n<figure itemscope itemtype=\"https:\/\/schema.org\/ImageObject\">\n\t\t\t\t<img decoding=\"async\" src=\"https:\/\/www.miamibeachfl.gov\/wp-content\/uploads\/2017\/08\/KristyBada2.jpg\" alt=\"Krysty Bada\" height=\"600\" width=\"600\" title=\"Kristy Bada\" onerror=\"this.style.display='none'\" loading=\"lazy\" \/>\n\t<\/figure>\n<h2>\n\t\t\tKristy Bada\t<\/h2>\n\t<p>Kristy Bada foi nomeada Diretora de Compras do Departamento de Compras da Cidade de Miami Beach em setembro de 2024. Nessa fun\u00e7\u00e3o, ela supervisiona todas as atividades de compras, liderando iniciativas em contrata\u00e7\u00e3o, conformidade e gest\u00e3o de fornecedores para a cidade. Com quase dezessete anos de experi\u00eancia em compras p\u00fablicas no sul da Fl\u00f3rida, Kristy traz vasta experi\u00eancia na gest\u00e3o de projetos complexos e de alto perfil, incluindo licita\u00e7\u00f5es de obras p\u00fablicas.\u00a0<a href=\"https:\/\/www.miamibeachfl.gov\/pt\/city-hall\/procurement\/kristy-bada-bio\/\">Leia mais.<\/a><\/p>\n<h2>\n\t\t\tPrincipais links\t<\/h2>\n\t\t\t<a href=\"\/pt\/city-hall\/procurement\/bid-opportunities\/\"  target=\"_blank\" rel=\"noopener\">\n\t\t\t\t\t\t\tOportunidades de Licita\u00e7\u00e3o\n\t\t\t<\/a>\n\t\t\t<a href=\"\/pt\/city-hall\/procurement\/contractawards\/\"  target=\"_self\">\n\t\t\t\t\t\t\tContratos\n\t\t\t<\/a>\n\t\t\t<a href=\"\/pt\/city-hall\/procurement\/how-to-become-a-vendor\/\"  target=\"_blank\" rel=\"noopener\">\n\t\t\t\t\t\t\tComo se tornar um fornecedor?\n\t\t\t<\/a>\n\t\t\t<a href=\"\/pt\/city-hall\/procurement\/kristy-bada-bio\/\"  target=\"_blank\" rel=\"noopener\">\n\t\t\t\t\t\t\tBiografia de Kristy Bada\n\t\t\t<\/a>\n\t\t\t<a href=\"\/pt\/city-hall\/procurement\/procurement-related-ordinance-and-procedures\/\"  target=\"_blank\" rel=\"noopener\">\n\t\t\t\t\t\t\tPol\u00edticas e procedimentos relacionados a aquisi\u00e7\u00f5es\n\t\t\t<\/a>\n\t\t\t<a href=\"https:\/\/www.miamibeachfl.gov\/wp-content\/uploads\/2026\/05\/LTC-186-2026-List-of-Projects-Covered-by-the-Cone-of-Silence-Ordinance.pdf\"  target=\"_blank\" rel=\"noopener\">\n\t\t\t\t\t\t\tProjetos sob Cone de<br \/>Sil\u00eancio\n\t\t\t<\/a>\n\t\t\t<a href=\"\/pt\/city-hall\/procurement\/standard-terms-and-conditions\/\"  target=\"_blank\" rel=\"noopener\">\n\t\t\t\t\t\t\tTermos e Condi\u00e7\u00f5es Padr\u00e3o<br \/>Condi\u00e7\u00f5es\n\t\t\t<\/a>\n<h2>\n\t\t\tRecursos relacionados\t<\/h2>\n\t\t<ul>\n\t\t\t\t\t<li>\n\t\t\t\t\t<a href=\"\/pt\/city-hall\/city-clerk\/meeting-notices\/\" target=\"_self\">\n\t\t\t\t<h3>Reuni\u00f5es P\u00fablicas<\/h3>\n\t<\/a>\n\t\t\t<\/li>\n\t\t\t\t\t<li>\n\t\t\t\t\t<a href=\"https:\/\/mbservices.miamibeachfl.gov\/vss\" target=\"_blank\">\n\t\t\t\t<h3>Autoatendimento do fornecedor<\/h3>\n\t<\/a>\n\t\t\t<\/li>\n\t\t\t\t\t<li>\n\t\t\t\t\t<a href=\"https:\/\/bidera.com\/\" target=\"_blank\">\n\t\t\t\t<h3>Excedente<\/h3>\n\t<\/a>\n\t\t\t<\/li>\n\t\t\t\t\t<li>\n\t\t\t\t\t<a href=\"\/pt\/city-hall\/city-clerk\/public-records-request\/\" target=\"_self\">\n\t\t\t\t<h3>Solicita\u00e7\u00e3o de Registros P\u00fablicos<\/h3>\n\t<\/a>\n\t\t\t<\/li>\n\t\t\t\t\t<li>\n\t\t\t\t\t<a href=\"\/pt\/city-hall\/procurement\/debarement-of-vendors\/\" target=\"_blank\">\n\t\t\t\t<h3>Exclus\u00e3o de vendedores<\/h3>\n\t<\/a>\n\t\t\t<\/li>\n\t\t\t\t<\/ul>\n\t\t<ul>\n\t\t\t\t\t<li>\n\t\t\t\t\t<a href=\"\/pt\/city-hall\/city-clerk\/election-information\/campaign-finance\/\" target=\"_self\">\n\t\t\t\t<h3> CONTRIBUI\u00c7\u00d5ES DE CAMPANHA DE FORNECEDORES (GERENCIADAS POR COMPRAS)<\/h3>\n\t<\/a>\n\t\t\t<\/li>\n\t\t\t\t\t<li>\n\t\t\t\t\t<a href=\"http:\/\/lcptracker.net\/\" target=\"_blank\">\n\t\t\t\t<h3>Rastreador LCP<\/h3>\n\t<\/a>\n\t\t\t<\/li>\n\t\t\t\t\t<li>\n\t\t\t\t\t<a href=\"\/pt\/city-hall\/procurement\/supplier-diversity\/\" target=\"_self\">\n\t\t\t\t<h3>Diversidade de Fornecedores<\/h3>\n\t<\/a>\n\t\t\t<\/li>\n\t\t\t\t\t<li>\n\t\t\t\t\t<a href=\"\/wp-content\/uploads\/2022\/03\/PO1901-Submittal-of-Unsolicited-Proposals.pdf\" target=\"_blank\">\n\t\t\t\t<h3>Envio de Propostas N\u00e3o Solicitadas<\/h3>\n\t<\/a>\n\t\t\t<\/li>\n\t\t\t\t<\/ul>","protected":false},"excerpt":{"rendered":"<p><a href=\"tel:3056737490\" style=\"text-decoration:none; color:#004896;\"><br \/>\n    <i class=\"fa-solid fa-phone\"><\/i> 305.673.7490<br \/>\n<\/a><a href=\"https:\/\/www.miamibeachfl.gov\/pt\/city-hall\/procurement\/contact-procurement\/\" style=\"text-decoration:none; color:#004896;\"><br \/>\n    <i class=\"fa-solid fa-circle-info\"><\/i> Informa\u00e7\u00f5es de contato<br \/>\n<\/a><\/p>","protected":false},"author":222,"featured_media":260861,"parent":28206,"menu_order":261,"comment_status":"closed","ping_status":"closed","template":"","meta":{"_searchwp_excluded":"","site-sidebar-layout":"default","site-content-layout":"","ast-site-content-layout":"default","site-content-style":"default","site-sidebar-style":"default","ast-global-header-display":"","ast-banner-title-visibility":"","ast-main-header-display":"","ast-hfb-above-header-display":"","ast-hfb-below-header-display":"","ast-hfb-mobile-header-display":"","site-post-title":"","ast-breadcrumbs-content":"","ast-featured-img":"","footer-sml-layout":"","ast-disable-related-posts":"","theme-transparent-header-meta":"","adv-header-id-meta":"","stick-header-meta":"","header-above-stick-meta":"","header-main-stick-meta":"","header-below-stick-meta":"","astra-migrate-meta-layouts":"default","ast-page-background-enabled":"default","ast-page-background-meta":{"desktop":{"background-color":"var(--ast-global-color-5)","background-image":"","background-repeat":"repeat","background-position":"center center","background-size":"auto","background-attachment":"scroll","background-type":"","background-media":"","overlay-type":"","overlay-color":"","overlay-opacity":"","overlay-gradient":""},"tablet":{"background-color":"","background-image":"","background-repeat":"repeat","background-position":"center center","background-size":"auto","background-attachment":"scroll","background-type":"","background-media":"","overlay-type":"","overlay-color":"","overlay-opacity":"","overlay-gradient":""},"mobile":{"background-color":"","background-image":"","background-repeat":"repeat","background-position":"center center","background-size":"auto","background-attachment":"scroll","background-type":"","background-media":"","overlay-type":"","overlay-color":"","overlay-opacity":"","overlay-gradient":""}},"ast-content-background-meta":{"desktop":{"background-color":"var(--ast-global-color-4)","background-image":"","background-repeat":"repeat","background-position":"center center","background-size":"auto","background-attachment":"scroll","background-type":"","background-media":"","overlay-type":"","overlay-color":"","overlay-opacity":"","overlay-gradient":""},"tablet":{"background-color":"var(--ast-global-color-4)","background-image":"","background-repeat":"repeat","background-position":"center center","background-size":"auto","background-attachment":"scroll","background-type":"","background-media":"","overlay-type":"","overlay-color":"","overlay-opacity":"","overlay-gradient":""},"mobile":{"background-color":"var(--ast-global-color-4)","background-image":"","background-repeat":"repeat","background-position":"center center","background-size":"auto","background-attachment":"scroll","background-type":"","background-media":"","overlay-type":"","overlay-color":"","overlay-opacity":"","overlay-gradient":""}},"footnotes":""},"categories":[1],"tags":[1727,1728],"class_list":["post-28912","page","type-page","status-publish","has-post-thumbnail","hentry","category-uncategorized","tag-administrative","tag-business"],"yoast_head":"<!-- This site is optimized with the Yoast SEO Premium plugin v27.4 (Yoast SEO v27.4) - https:\/\/yoast.com\/product\/yoast-seo-premium-wordpress\/ -->\n<title>Procurement - City of Miami Beach<\/title>\n<meta name=\"description\" content=\"Miami Beach Procurement Department manages acquisition of goods and services according to City Code, Florida State Statutes, and federal law.\" \/>\n<meta name=\"robots\" content=\"index, follow, max-snippet:-1, max-image-preview:large, max-video-preview:-1\" \/>\n<link rel=\"canonical\" href=\"https:\/\/www.miamibeachfl.gov\/pt\/city-hall\/procurement\/\" \/>\n<meta property=\"og:locale\" content=\"pt_BR\" \/>\n<meta property=\"og:type\" content=\"article\" \/>\n<meta property=\"og:title\" content=\"Procurement\" \/>\n<meta property=\"og:description\" content=\"Miami Beach Procurement Department manages acquisition of goods and services according to City Code, Florida State Statutes, and federal law.\" \/>\n<meta property=\"og:url\" content=\"https:\/\/www.miamibeachfl.gov\/pt\/city-hall\/procurement\/\" \/>\n<meta property=\"og:site_name\" content=\"City of Miami Beach\" \/>\n<meta property=\"article:publisher\" content=\"https:\/\/www.facebook.com\/cityofmiamibeach\" \/>\n<meta property=\"article:modified_time\" content=\"2026-05-01T18:44:18+00:00\" \/>\n<meta property=\"og:image\" content=\"https:\/\/www.miamibeachfl.gov\/wp-content\/uploads\/2023\/05\/businesspeople.jpg\" \/>\n\t<meta property=\"og:image:width\" content=\"299\" \/>\n\t<meta property=\"og:image:height\" content=\"299\" \/>\n\t<meta property=\"og:image:type\" content=\"image\/jpeg\" \/>\n<meta name=\"twitter:card\" content=\"summary_large_image\" \/>\n<meta name=\"twitter:site\" content=\"@Miamibeachnews\" \/>\n<script type=\"application\/ld+json\" class=\"yoast-schema-graph\">{\"@context\":\"https:\\\/\\\/schema.org\",\"@graph\":[{\"@type\":\"WebPage\",\"@id\":\"https:\\\/\\\/www.miamibeachfl.gov\\\/city-hall\\\/procurement\\\/\",\"url\":\"https:\\\/\\\/www.miamibeachfl.gov\\\/city-hall\\\/procurement\\\/\",\"name\":\"Procurement - City of Miami Beach\",\"isPartOf\":{\"@id\":\"https:\\\/\\\/www.miamibeachfl.gov\\\/#website\"},\"primaryImageOfPage\":{\"@id\":\"https:\\\/\\\/www.miamibeachfl.gov\\\/city-hall\\\/procurement\\\/#primaryimage\"},\"image\":{\"@id\":\"https:\\\/\\\/www.miamibeachfl.gov\\\/city-hall\\\/procurement\\\/#primaryimage\"},\"thumbnailUrl\":\"https:\\\/\\\/www.miamibeachfl.gov\\\/wp-content\\\/uploads\\\/2023\\\/05\\\/businesspeople.jpg\",\"datePublished\":\"2017-08-11T00:09:47+00:00\",\"dateModified\":\"2026-05-01T18:44:18+00:00\",\"description\":\"Miami Beach Procurement Department manages acquisition of goods and services according to City Code, Florida State Statutes, and federal law.\",\"breadcrumb\":{\"@id\":\"https:\\\/\\\/www.miamibeachfl.gov\\\/city-hall\\\/procurement\\\/#breadcrumb\"},\"inLanguage\":\"pt-BR\",\"potentialAction\":[{\"@type\":\"ReadAction\",\"target\":[\"https:\\\/\\\/www.miamibeachfl.gov\\\/city-hall\\\/procurement\\\/\"]}]},{\"@type\":\"ImageObject\",\"inLanguage\":\"pt-BR\",\"@id\":\"https:\\\/\\\/www.miamibeachfl.gov\\\/city-hall\\\/procurement\\\/#primaryimage\",\"url\":\"https:\\\/\\\/www.miamibeachfl.gov\\\/wp-content\\\/uploads\\\/2023\\\/05\\\/businesspeople.jpg\",\"contentUrl\":\"https:\\\/\\\/www.miamibeachfl.gov\\\/wp-content\\\/uploads\\\/2023\\\/05\\\/businesspeople.jpg\",\"width\":299,\"height\":299,\"caption\":\"Business People looking at computer\"},{\"@type\":\"BreadcrumbList\",\"@id\":\"https:\\\/\\\/www.miamibeachfl.gov\\\/city-hall\\\/procurement\\\/#breadcrumb\",\"itemListElement\":[{\"@type\":\"ListItem\",\"position\":1,\"name\":\"Home\",\"item\":\"https:\\\/\\\/www.miamibeachfl.gov\\\/\"},{\"@type\":\"ListItem\",\"position\":2,\"name\":\"City Hall\",\"item\":\"https:\\\/\\\/www.miamibeachfl.gov\\\/city-hall\\\/\"},{\"@type\":\"ListItem\",\"position\":3,\"name\":\"Procurement\"}]},{\"@type\":\"WebSite\",\"@id\":\"https:\\\/\\\/www.miamibeachfl.gov\\\/#website\",\"url\":\"https:\\\/\\\/www.miamibeachfl.gov\\\/\",\"name\":\"City of Miami Beach\",\"description\":\"The official website of the City of Miami Beach. Stay informed, find important information on city services, news, alerts, events, trolley routes, government employment and more.\",\"publisher\":{\"@id\":\"https:\\\/\\\/www.miamibeachfl.gov\\\/#organization\"},\"potentialAction\":[{\"@type\":\"SearchAction\",\"target\":{\"@type\":\"EntryPoint\",\"urlTemplate\":\"https:\\\/\\\/www.miamibeachfl.gov\\\/?s={search_term_string}\"},\"query-input\":{\"@type\":\"PropertyValueSpecification\",\"valueRequired\":true,\"valueName\":\"search_term_string\"}}],\"inLanguage\":\"pt-BR\"},{\"@type\":\"Organization\",\"@id\":\"https:\\\/\\\/www.miamibeachfl.gov\\\/#organization\",\"name\":\"City of Miami Beach\",\"url\":\"https:\\\/\\\/www.miamibeachfl.gov\\\/\",\"logo\":{\"@type\":\"ImageObject\",\"inLanguage\":\"pt-BR\",\"@id\":\"https:\\\/\\\/www.miamibeachfl.gov\\\/#\\\/schema\\\/logo\\\/image\\\/\",\"url\":\"https:\\\/\\\/www.miamibeachfl.gov\\\/wp-content\\\/uploads\\\/2022\\\/06\\\/miamibeach-logoblue.png\",\"contentUrl\":\"https:\\\/\\\/www.miamibeachfl.gov\\\/wp-content\\\/uploads\\\/2022\\\/06\\\/miamibeach-logoblue.png\",\"width\":1962,\"height\":381,\"caption\":\"City of Miami Beach\"},\"image\":{\"@id\":\"https:\\\/\\\/www.miamibeachfl.gov\\\/#\\\/schema\\\/logo\\\/image\\\/\"},\"sameAs\":[\"https:\\\/\\\/www.facebook.com\\\/cityofmiamibeach\",\"https:\\\/\\\/x.com\\\/Miamibeachnews\",\"https:\\\/\\\/www.instagram.com\\\/miamibeachnews\\\/\"],\"description\":\"The official website of the City of Miami Beach. Stay informed, find important information on city services, news, alerts, events, trolley routes, government employment and more.\",\"telephone\":\"305.604.CITY(2489)\",\"legalName\":\"City of Miami Beach\"}]}<\/script>\n<!-- \/ Yoast SEO Premium plugin. -->","yoast_head_json":{"title":"Aquisi\u00e7\u00f5es - Cidade de Miami Beach","description":"O Departamento de Aquisi\u00e7\u00f5es de Miami Beach gerencia a aquisi\u00e7\u00e3o de bens e servi\u00e7os de acordo com o C\u00f3digo da Cidade, os Estatutos do Estado da Fl\u00f3rida e a lei federal.","robots":{"index":"index","follow":"follow","max-snippet":"max-snippet:-1","max-image-preview":"max-image-preview:large","max-video-preview":"max-video-preview:-1"},"canonical":"https:\/\/www.miamibeachfl.gov\/pt\/city-hall\/procurement\/","og_locale":"pt_BR","og_type":"article","og_title":"Procurement","og_description":"Miami Beach Procurement Department manages acquisition of goods and services according to City Code, Florida State Statutes, and federal law.","og_url":"https:\/\/www.miamibeachfl.gov\/pt\/city-hall\/procurement\/","og_site_name":"City of Miami Beach","article_publisher":"https:\/\/www.facebook.com\/cityofmiamibeach","article_modified_time":"2026-05-01T18:44:18+00:00","og_image":[{"width":299,"height":299,"url":"https:\/\/www.miamibeachfl.gov\/wp-content\/uploads\/2023\/05\/businesspeople.jpg","type":"image\/jpeg"}],"twitter_card":"summary_large_image","twitter_site":"@Miamibeachnews","schema":{"@context":"https:\/\/schema.org","@graph":[{"@type":"WebPage","@id":"https:\/\/www.miamibeachfl.gov\/city-hall\/procurement\/","url":"https:\/\/www.miamibeachfl.gov\/city-hall\/procurement\/","name":"Aquisi\u00e7\u00f5es - Cidade de Miami Beach","isPartOf":{"@id":"https:\/\/www.miamibeachfl.gov\/#website"},"primaryImageOfPage":{"@id":"https:\/\/www.miamibeachfl.gov\/city-hall\/procurement\/#primaryimage"},"image":{"@id":"https:\/\/www.miamibeachfl.gov\/city-hall\/procurement\/#primaryimage"},"thumbnailUrl":"https:\/\/www.miamibeachfl.gov\/wp-content\/uploads\/2023\/05\/businesspeople.jpg","datePublished":"2017-08-11T00:09:47+00:00","dateModified":"2026-05-01T18:44:18+00:00","description":"O Departamento de Aquisi\u00e7\u00f5es de Miami Beach gerencia a aquisi\u00e7\u00e3o de bens e servi\u00e7os de acordo com o C\u00f3digo da Cidade, os Estatutos do Estado da Fl\u00f3rida e a lei federal.","breadcrumb":{"@id":"https:\/\/www.miamibeachfl.gov\/city-hall\/procurement\/#breadcrumb"},"inLanguage":"pt-BR","potentialAction":[{"@type":"ReadAction","target":["https:\/\/www.miamibeachfl.gov\/city-hall\/procurement\/"]}]},{"@type":"ImageObject","inLanguage":"pt-BR","@id":"https:\/\/www.miamibeachfl.gov\/city-hall\/procurement\/#primaryimage","url":"https:\/\/www.miamibeachfl.gov\/wp-content\/uploads\/2023\/05\/businesspeople.jpg","contentUrl":"https:\/\/www.miamibeachfl.gov\/wp-content\/uploads\/2023\/05\/businesspeople.jpg","width":299,"height":299,"caption":"Business People looking at computer"},{"@type":"BreadcrumbList","@id":"https:\/\/www.miamibeachfl.gov\/city-hall\/procurement\/#breadcrumb","itemListElement":[{"@type":"ListItem","position":1,"name":"Home","item":"https:\/\/www.miamibeachfl.gov\/"},{"@type":"ListItem","position":2,"name":"City Hall","item":"https:\/\/www.miamibeachfl.gov\/city-hall\/"},{"@type":"ListItem","position":3,"name":"Procurement"}]},{"@type":"WebSite","@id":"https:\/\/www.miamibeachfl.gov\/#website","url":"https:\/\/www.miamibeachfl.gov\/","name":"Cidade de Miami Beach","description":"Site oficial da cidade de Miami Beach. Mantenha-se informado e encontre informa\u00e7\u00f5es importantes sobre servi\u00e7os municipais, not\u00edcias, alertas, eventos, rotas de bonde, empregos p\u00fablicos e muito mais.","publisher":{"@id":"https:\/\/www.miamibeachfl.gov\/#organization"},"potentialAction":[{"@type":"SearchAction","target":{"@type":"EntryPoint","urlTemplate":"https:\/\/www.miamibeachfl.gov\/?s={search_term_string}"},"query-input":{"@type":"PropertyValueSpecification","valueRequired":true,"valueName":"search_term_string"}}],"inLanguage":"pt-BR"},{"@type":"Organization","@id":"https:\/\/www.miamibeachfl.gov\/#organization","name":"Cidade de Miami Beach","url":"https:\/\/www.miamibeachfl.gov\/","logo":{"@type":"ImageObject","inLanguage":"pt-BR","@id":"https:\/\/www.miamibeachfl.gov\/#\/schema\/logo\/image\/","url":"https:\/\/www.miamibeachfl.gov\/wp-content\/uploads\/2022\/06\/miamibeach-logoblue.png","contentUrl":"https:\/\/www.miamibeachfl.gov\/wp-content\/uploads\/2022\/06\/miamibeach-logoblue.png","width":1962,"height":381,"caption":"City of Miami Beach"},"image":{"@id":"https:\/\/www.miamibeachfl.gov\/#\/schema\/logo\/image\/"},"sameAs":["https:\/\/www.facebook.com\/cityofmiamibeach","https:\/\/x.com\/Miamibeachnews","https:\/\/www.instagram.com\/miamibeachnews\/"],"description":"Site oficial da cidade de Miami Beach. Mantenha-se informado e encontre informa\u00e7\u00f5es importantes sobre servi\u00e7os municipais, not\u00edcias, alertas, eventos, rotas de bonde, empregos p\u00fablicos e muito mais.","telephone":"305.604.CITY(2489)","legalName":"City of Miami Beach"}]}},"_links":{"self":[{"href":"https:\/\/www.miamibeachfl.gov\/pt\/wp-json\/wp\/v2\/pages\/28912","targetHints":{"allow":["GET"]}}],"collection":[{"href":"https:\/\/www.miamibeachfl.gov\/pt\/wp-json\/wp\/v2\/pages"}],"about":[{"href":"https:\/\/www.miamibeachfl.gov\/pt\/wp-json\/wp\/v2\/types\/page"}],"author":[{"embeddable":true,"href":"https:\/\/www.miamibeachfl.gov\/pt\/wp-json\/wp\/v2\/users\/222"}],"replies":[{"embeddable":true,"href":"https:\/\/www.miamibeachfl.gov\/pt\/wp-json\/wp\/v2\/comments?post=28912"}],"version-history":[{"count":12,"href":"https:\/\/www.miamibeachfl.gov\/pt\/wp-json\/wp\/v2\/pages\/28912\/revisions"}],"predecessor-version":[{"id":399960,"href":"https:\/\/www.miamibeachfl.gov\/pt\/wp-json\/wp\/v2\/pages\/28912\/revisions\/399960"}],"up":[{"embeddable":true,"href":"https:\/\/www.miamibeachfl.gov\/pt\/wp-json\/wp\/v2\/pages\/28206"}],"wp:featuredmedia":[{"embeddable":true,"href":"https:\/\/www.miamibeachfl.gov\/pt\/wp-json\/wp\/v2\/media\/260861"}],"wp:attachment":[{"href":"https:\/\/www.miamibeachfl.gov\/pt\/wp-json\/wp\/v2\/media?parent=28912"}],"wp:term":[{"taxonomy":"category","embeddable":true,"href":"https:\/\/www.miamibeachfl.gov\/pt\/wp-json\/wp\/v2\/categories?post=28912"},{"taxonomy":"post_tag","embeddable":true,"href":"https:\/\/www.miamibeachfl.gov\/pt\/wp-json\/wp\/v2\/tags?post=28912"}],"curies":[{"name":"wp","href":"https:\/\/api.w.org\/{rel}","templated":true}]}}