{"id":28933,"date":"2017-08-11T00:10:02","date_gmt":"2017-08-11T00:10:02","guid":{"rendered":"http:\/\/www.miamibeachfl.gov\/city-hall\/public-works\/sanitation-division\/bulk-disposal\/"},"modified":"2026-02-06T12:17:30","modified_gmt":"2026-02-06T17:17:30","slug":"bulk-disposal","status":"publish","type":"page","link":"https:\/\/www.miamibeachfl.gov\/pt\/city-hall\/public-works\/sanitation-division\/bulk-disposal\/","title":{"rendered":"Coleta e entrega de res\u00edduos a granel em Miami Beach"},"content":{"rendered":"<img decoding=\"async\" src=\"https:\/\/www.miamibeachfl.gov\/wp-content\/uploads\/2022\/07\/hero-small.jpg\" alt=\"ocean drive art deco buildings\" itemprop=\"image\" height=\"211\" width=\"2395\" title=\"her\u00f3i-pequeno\" onerror=\"this.style.display='none'\" loading=\"lazy\" \/>\n\t<nav id=\"breadcrumbs\" aria-label=\"Migalhas de p\u00e3o\"><a href=\"https:\/\/www.miamibeachfl.gov\/pt\/\">Lar<\/a> &gt; <a href=\"https:\/\/www.miamibeachfl.gov\/pt\/city-hall\/\">Prefeitura<\/a> &gt; <a href=\"https:\/\/www.miamibeachfl.gov\/pt\/city-hall\/public-works\/\">Obras p\u00fablicas<\/a> &gt; <a href=\"https:\/\/www.miamibeachfl.gov\/pt\/city-hall\/public-works\/sanitation-division\/\">Divis\u00e3o de Saneamento<\/a> &gt; <strong>Coleta e entrega de res\u00edduos a granel em Miami Beach<\/strong><\/nav><h1>\n\t\t\tColeta e entrega de res\u00edduos a granel em Miami Beach\t<\/h1>\n\t<p><strong>A Waste Connections of Florida \u00e9 respons\u00e1vel pela coleta de res\u00edduos volumosos e lixo de jardim, de acordo com as seguintes diretrizes:<\/strong><\/p>\n<h2>RES\u00cdDUOS A GRANEL<\/h2>\n<p><strong>A coleta de res\u00edduos volumosos deve ser agendada ligando diretamente para a Waste Connections of Florida pelo telefone [n\u00famero de telefone]. <a href=\"tel:7865152726\">786.515.2726<\/a>;<\/strong><\/p>\n<ul>\n<li>As propriedades t\u00eam direito a <strong>seis (6)<\/strong> coletas em massa gratuitas por ano;<\/li>\n<li>Por favor, coloque os res\u00edduos a granel no m\u00e1ximo <strong>24 horas antes<\/strong> para a data de retirada agendada;<\/li>\n<li><strong>Os res\u00edduos a granel constituem<\/strong> grandes cortes de arbustos, galhos de \u00e1rvores e lixo de jardim que n\u00e3o podem ser colocados em uma lata, saco ou amarrados em feixes de 1,2 m de comprimento ou menos; eletrodom\u00e9sticos como fog\u00f5es, aquecedores de \u00e1gua e geladeiras (com portas removidas); lixo de projetos de reforma\/reparo dom\u00e9stico do tipo &quot;fa\u00e7a voc\u00ea mesmo&quot;, incluindo carpetes (cortados em comprimentos de 1,8 m ou menos); drywall e madeira que n\u00e3o excedam 1,5 m de comprimento ou 18 kg; e m\u00f3veis (sof\u00e1s, cadeiras e colch\u00f5es);<\/li>\n<li><strong>Res\u00edduos volumosos N\u00c3O incluem<\/strong> lixo proveniente de remo\u00e7\u00e3o de \u00e1rvores, limpeza de terrenos, demoli\u00e7\u00e3o de edif\u00edcios, res\u00edduos qu\u00edmicos, tintas, autom\u00f3veis e pe\u00e7as automotivas, pneus, baterias, barcos, res\u00edduos biol\u00f3gicos ou qualquer trabalho realizado por um contratante;<\/li>\n<li><strong>Apartamentos e condom\u00ednios<\/strong>Edif\u00edcios com (9) unidades ou mais, com servi\u00e7o privado de coleta de lixo, devem entrar em contato com seu provedor de servi\u00e7os para coleta de res\u00edduos volumosos e de jardim.<\/li>\n<\/ul>\n<h3>LIXO DE JARDIM<\/h3>\n<ul>\n<li><strong>O lixo de jardim constitui<\/strong> como estacas de \u00e1rvores\/arbustos, aparas de grama e folhas de palmeira;<\/li>\n<li>Por favor, coloque o lixo na cal\u00e7ada no m\u00e1ximo <strong>24 horas antes<\/strong> at\u00e9 \u00e0s 7h00 nos dias de coleta da semana;<\/li>\n<li>Todo o lixo deve estar em sacos\/latas ou amarrado em fardos e <strong>pesar menos de 50 libras<\/strong>;<\/li>\n<li>Pacotes <strong>n\u00e3o pode ter mais de 4 p\u00e9s de comprimento<\/strong> e<strong> membros n\u00e3o maiores que 10 cm de di\u00e2metro<\/strong>.<\/li>\n<\/ul>\n<p><strong>Os infratores das regras mencionadas acima ser\u00e3o multados em valores que variam de $50 a $1000. Caso a prefeitura tenha que remover o lixo e os res\u00edduos, o infrator tamb\u00e9m ser\u00e1 cobrado por todos os custos de remo\u00e7\u00e3o, al\u00e9m das multas.<\/strong><\/p>\n<hr \/>\n<strong>ENTREGA GRATUITA EM GRANDE QUANTIDADE:<\/strong> Primeiro fim de semana de cada m\u00eas<br \/>\nOs moradores podem levar o lixo a granel para um dos locais listados abaixo, das 8h00 \u00e0s 18h00.\n<p>\u00c9 necess\u00e1rio comprovante de resid\u00eancia em Miami Beach (identifica\u00e7\u00e3o formal com endere\u00e7o em Miami Beach e\/ou conta de servi\u00e7o p\u00fablico acompanhada de documento de identifica\u00e7\u00e3o com foto).<\/p>\n<p>Por favor <strong>N\u00c3O<\/strong> descarte materiais qu\u00edmicos ou perigosos, pneus, tintas ou pe\u00e7as de autom\u00f3veis nas lixeiras. Entre em contato com o <strong>Divis\u00e3o de Saneamento em <\/strong><a href=\"tel:3056737616\"><strong>305.673.7616<\/strong> <\/a>para maiores informa\u00e7\u00f5es.<\/p>\n<p><strong>Locais de entrega gratuita em grandes quantidades:<\/strong><\/p>\n<ul>\n<li>140 McArthur Causeway (Ilha Terminal)<\/li>\n<\/ul>\n<ul>\n<li>Rua 75 e Avenida Dickens<\/li>\n<\/ul>\n<h3>Datas de entrega em massa de 2026<\/h3>\n<ul>\n<li>3 e 4 de janeiro<\/li>\n<li>7 e 8 de fevereiro<\/li>\n<li>7 e 8 de mar\u00e7o<\/li>\n<li>4 e 5 de abril<\/li>\n<li>2 e 3 de maio<\/li>\n<li>6 e 7 de junho<\/li>\n<li>4 e 5 de julho<\/li>\n<li>1 e 2 de agosto<\/li>\n<li>5 e 6 de setembro<\/li>\n<li>3 e 4 de outubro<\/li>\n<li>7 e 8 de novembro<\/li>\n<li>5 e 6 de dezembro<\/li>\n<\/ul>\n\t\tNavegar para\u2026\t\t\t\n\t\t\t\t\t<ul id=\"menu-public-works-sanitation\"><li id=\"menu-item-364244\"><a href=\"\/pt\/city-hall\/public-works\/sanitation-division\/chemical-waste-disposal\/\">Descarte de res\u00edduos qu\u00edmicos<\/a><\/li>\n<li id=\"menu-item-364245\"><a href=\"\/pt\/city-hall\/public-works\/sanitation-division\/commercial-waste-haulers\/\">Transportadores de res\u00edduos comerciais<\/a><\/li>\n<li id=\"menu-item-364246\"><a href=\"\/pt\/city-hall\/public-works\/sanitation-division\/bulk-disposal\/\">Coleta e entrega de res\u00edduos a granel em Miami Beach<\/a><\/li>\n<li id=\"menu-item-364247\"><a href=\"\/pt\/city-hall\/public-works\/sanitation-division\/recycling-info\/\">Informa\u00e7\u00f5es sobre reciclagem<\/a><\/li>\n<li id=\"menu-item-364248\"><a href=\"\/pt\/city-hall\/public-works\/sanitation-division\/residential-garbage\/\">Lixo Residencial<\/a><\/li>\n<li id=\"menu-item-364249\"><a href=\"\/pt\/city-hall\/public-works\/sanitation-division\/street-cleaning\/\">Programas de limpeza de ruas em Flamingo Park e North Beach<\/a><\/li>\n<\/ul>\t\n\t<div class=\"page-navigation\"><a class=\"prev-page\" href=\"https:\/\/www.miamibeachfl.gov\/pt\/city-hall\/procurement\/bid-opportunities\/current-bid-opportunities\/\">\u2190 Oportunidades de licita\u00e7\u00e3o atuais<\/a> <a class=\"next-page\" href=\"https:\/\/www.miamibeachfl.gov\/pt\/city-hall\/public-works\/sanitation-division\/residential-garbage\/\">Lixo Residencial \u2192<\/a><\/div>","protected":false},"excerpt":{"rendered":"<p>Home &gt; City Hall &gt; Public Works &gt; Sanitation Division &gt; Miami Beach Bulk Waste Pickup and Drop Off Miami [&hellip;]<\/p>\n","protected":false},"author":222,"featured_media":0,"parent":28932,"menu_order":0,"comment_status":"closed","ping_status":"closed","template":"","meta":{"_searchwp_excluded":"","site-sidebar-layout":"default","site-content-layout":"","ast-site-content-layout":"default","site-content-style":"default","site-sidebar-style":"default","ast-global-header-display":"","ast-banner-title-visibility":"","ast-main-header-display":"","ast-hfb-above-header-display":"","ast-hfb-below-header-display":"","ast-hfb-mobile-header-display":"","site-post-title":"","ast-breadcrumbs-content":"","ast-featured-img":"","footer-sml-layout":"","ast-disable-related-posts":"","theme-transparent-header-meta":"","adv-header-id-meta":"","stick-header-meta":"","header-above-stick-meta":"","header-main-stick-meta":"","header-below-stick-meta":"","astra-migrate-meta-layouts":"default","ast-page-background-enabled":"default","ast-page-background-meta":{"desktop":{"background-color":"var(--ast-global-color-5)","background-image":"","background-repeat":"repeat","background-position":"center center","background-size":"auto","background-attachment":"scroll","background-type":"","background-media":"","overlay-type":"","overlay-color":"","overlay-opacity":"","overlay-gradient":""},"tablet":{"background-color":"","background-image":"","background-repeat":"repeat","background-position":"center center","background-size":"auto","background-attachment":"scroll","background-type":"","background-media":"","overlay-type":"","overlay-color":"","overlay-opacity":"","overlay-gradient":""},"mobile":{"background-color":"","background-image":"","background-repeat":"repeat","background-position":"center center","background-size":"auto","background-attachment":"scroll","background-type":"","background-media":"","overlay-type":"","overlay-color":"","overlay-opacity":"","overlay-gradient":""}},"ast-content-background-meta":{"desktop":{"background-color":"var(--ast-global-color-4)","background-image":"","background-repeat":"repeat","background-position":"center center","background-size":"auto","background-attachment":"scroll","background-type":"","background-media":"","overlay-type":"","overlay-color":"","overlay-opacity":"","overlay-gradient":""},"tablet":{"background-color":"var(--ast-global-color-4)","background-image":"","background-repeat":"repeat","background-position":"center center","background-size":"auto","background-attachment":"scroll","background-type":"","background-media":"","overlay-type":"","overlay-color":"","overlay-opacity":"","overlay-gradient":""},"mobile":{"background-color":"var(--ast-global-color-4)","background-image":"","background-repeat":"repeat","background-position":"center center","background-size":"auto","background-attachment":"scroll","background-type":"","background-media":"","overlay-type":"","overlay-color":"","overlay-opacity":"","overlay-gradient":""}},"footnotes":""},"categories":[],"tags":[],"class_list":["post-28933","page","type-page","status-publish","hentry"],"yoast_head":"<!-- This site is optimized with the Yoast SEO Premium plugin v27.4 (Yoast SEO v27.4) - https:\/\/yoast.com\/product\/yoast-seo-premium-wordpress\/ -->\n<title>Miami Beach Bulk Waste Pickup and Drop Off - City of Miami Beach<\/title>\n<meta name=\"description\" content=\"%\" \/>\n<meta name=\"robots\" content=\"index, follow, max-snippet:-1, max-image-preview:large, max-video-preview:-1\" \/>\n<link rel=\"canonical\" href=\"https:\/\/www.miamibeachfl.gov\/pt\/city-hall\/public-works\/sanitation-division\/bulk-disposal\/\" \/>\n<meta property=\"og:locale\" content=\"pt_BR\" \/>\n<meta property=\"og:type\" content=\"article\" \/>\n<meta property=\"og:title\" content=\"Miami Beach Bulk Waste Pickup and Drop Off\" \/>\n<meta property=\"og:description\" content=\"%\" \/>\n<meta property=\"og:url\" content=\"https:\/\/www.miamibeachfl.gov\/pt\/city-hall\/public-works\/sanitation-division\/bulk-disposal\/\" \/>\n<meta property=\"og:site_name\" content=\"City of Miami Beach\" \/>\n<meta property=\"article:publisher\" content=\"https:\/\/www.facebook.com\/cityofmiamibeach\" \/>\n<meta property=\"article:modified_time\" content=\"2026-02-06T17:17:30+00:00\" \/>\n<meta property=\"og:image\" content=\"https:\/\/www.miamibeachfl.gov\/wp-content\/uploads\/2022\/07\/hero-small.jpg\" \/>\n<meta name=\"twitter:card\" content=\"summary_large_image\" \/>\n<meta name=\"twitter:site\" content=\"@Miamibeachnews\" \/>\n<script type=\"application\/ld+json\" class=\"yoast-schema-graph\">{\"@context\":\"https:\\\/\\\/schema.org\",\"@graph\":[{\"@type\":\"WebPage\",\"@id\":\"https:\\\/\\\/www.miamibeachfl.gov\\\/city-hall\\\/public-works\\\/sanitation-division\\\/bulk-disposal\\\/\",\"url\":\"https:\\\/\\\/www.miamibeachfl.gov\\\/city-hall\\\/public-works\\\/sanitation-division\\\/bulk-disposal\\\/\",\"name\":\"Miami Beach Bulk Waste Pickup and Drop Off - City of Miami Beach\",\"isPartOf\":{\"@id\":\"https:\\\/\\\/www.miamibeachfl.gov\\\/#website\"},\"primaryImageOfPage\":{\"@id\":\"https:\\\/\\\/www.miamibeachfl.gov\\\/city-hall\\\/public-works\\\/sanitation-division\\\/bulk-disposal\\\/#primaryimage\"},\"image\":{\"@id\":\"https:\\\/\\\/www.miamibeachfl.gov\\\/city-hall\\\/public-works\\\/sanitation-division\\\/bulk-disposal\\\/#primaryimage\"},\"thumbnailUrl\":\"https:\\\/\\\/www.miamibeachfl.gov\\\/wp-content\\\/uploads\\\/2022\\\/07\\\/hero-small.jpg\",\"datePublished\":\"2017-08-11T00:10:02+00:00\",\"dateModified\":\"2026-02-06T17:17:30+00:00\",\"description\":\"%\",\"breadcrumb\":{\"@id\":\"https:\\\/\\\/www.miamibeachfl.gov\\\/city-hall\\\/public-works\\\/sanitation-division\\\/bulk-disposal\\\/#breadcrumb\"},\"inLanguage\":\"pt-BR\",\"potentialAction\":[{\"@type\":\"ReadAction\",\"target\":[\"https:\\\/\\\/www.miamibeachfl.gov\\\/city-hall\\\/public-works\\\/sanitation-division\\\/bulk-disposal\\\/\"]}]},{\"@type\":\"ImageObject\",\"inLanguage\":\"pt-BR\",\"@id\":\"https:\\\/\\\/www.miamibeachfl.gov\\\/city-hall\\\/public-works\\\/sanitation-division\\\/bulk-disposal\\\/#primaryimage\",\"url\":\"https:\\\/\\\/www.miamibeachfl.gov\\\/wp-content\\\/uploads\\\/2022\\\/07\\\/hero-small.jpg\",\"contentUrl\":\"https:\\\/\\\/www.miamibeachfl.gov\\\/wp-content\\\/uploads\\\/2022\\\/07\\\/hero-small.jpg\"},{\"@type\":\"BreadcrumbList\",\"@id\":\"https:\\\/\\\/www.miamibeachfl.gov\\\/city-hall\\\/public-works\\\/sanitation-division\\\/bulk-disposal\\\/#breadcrumb\",\"itemListElement\":[{\"@type\":\"ListItem\",\"position\":1,\"name\":\"Home\",\"item\":\"https:\\\/\\\/www.miamibeachfl.gov\\\/\"},{\"@type\":\"ListItem\",\"position\":2,\"name\":\"City Hall\",\"item\":\"https:\\\/\\\/www.miamibeachfl.gov\\\/city-hall\\\/\"},{\"@type\":\"ListItem\",\"position\":3,\"name\":\"Public Works\",\"item\":\"https:\\\/\\\/www.miamibeachfl.gov\\\/city-hall\\\/public-works\\\/\"},{\"@type\":\"ListItem\",\"position\":4,\"name\":\"Sanitation Division\",\"item\":\"https:\\\/\\\/www.miamibeachfl.gov\\\/city-hall\\\/public-works\\\/sanitation-division\\\/\"},{\"@type\":\"ListItem\",\"position\":5,\"name\":\"Miami Beach Bulk Waste Pickup and Drop Off\"}]},{\"@type\":\"WebSite\",\"@id\":\"https:\\\/\\\/www.miamibeachfl.gov\\\/#website\",\"url\":\"https:\\\/\\\/www.miamibeachfl.gov\\\/\",\"name\":\"City of Miami Beach\",\"description\":\"The official website of the City of Miami Beach. Stay informed, find important information on city services, news, alerts, events, trolley routes, government employment and more.\",\"publisher\":{\"@id\":\"https:\\\/\\\/www.miamibeachfl.gov\\\/#organization\"},\"potentialAction\":[{\"@type\":\"SearchAction\",\"target\":{\"@type\":\"EntryPoint\",\"urlTemplate\":\"https:\\\/\\\/www.miamibeachfl.gov\\\/?s={search_term_string}\"},\"query-input\":{\"@type\":\"PropertyValueSpecification\",\"valueRequired\":true,\"valueName\":\"search_term_string\"}}],\"inLanguage\":\"pt-BR\"},{\"@type\":\"Organization\",\"@id\":\"https:\\\/\\\/www.miamibeachfl.gov\\\/#organization\",\"name\":\"City of Miami Beach\",\"url\":\"https:\\\/\\\/www.miamibeachfl.gov\\\/\",\"logo\":{\"@type\":\"ImageObject\",\"inLanguage\":\"pt-BR\",\"@id\":\"https:\\\/\\\/www.miamibeachfl.gov\\\/#\\\/schema\\\/logo\\\/image\\\/\",\"url\":\"https:\\\/\\\/www.miamibeachfl.gov\\\/wp-content\\\/uploads\\\/2022\\\/06\\\/miamibeach-logoblue.png\",\"contentUrl\":\"https:\\\/\\\/www.miamibeachfl.gov\\\/wp-content\\\/uploads\\\/2022\\\/06\\\/miamibeach-logoblue.png\",\"width\":1962,\"height\":381,\"caption\":\"City of Miami Beach\"},\"image\":{\"@id\":\"https:\\\/\\\/www.miamibeachfl.gov\\\/#\\\/schema\\\/logo\\\/image\\\/\"},\"sameAs\":[\"https:\\\/\\\/www.facebook.com\\\/cityofmiamibeach\",\"https:\\\/\\\/x.com\\\/Miamibeachnews\",\"https:\\\/\\\/www.instagram.com\\\/miamibeachnews\\\/\"],\"description\":\"The official website of the City of Miami Beach. Stay informed, find important information on city services, news, alerts, events, trolley routes, government employment and more.\",\"telephone\":\"305.604.CITY(2489)\",\"legalName\":\"City of Miami Beach\"}]}<\/script>\n<!-- \/ Yoast SEO Premium plugin. -->","yoast_head_json":{"title":"Coleta e entrega de res\u00edduos a granel em Miami Beach - Prefeitura de Miami Beach","description":"%","robots":{"index":"index","follow":"follow","max-snippet":"max-snippet:-1","max-image-preview":"max-image-preview:large","max-video-preview":"max-video-preview:-1"},"canonical":"https:\/\/www.miamibeachfl.gov\/pt\/city-hall\/public-works\/sanitation-division\/bulk-disposal\/","og_locale":"pt_BR","og_type":"article","og_title":"Miami Beach Bulk Waste Pickup and Drop Off","og_description":"%","og_url":"https:\/\/www.miamibeachfl.gov\/pt\/city-hall\/public-works\/sanitation-division\/bulk-disposal\/","og_site_name":"City of Miami Beach","article_publisher":"https:\/\/www.facebook.com\/cityofmiamibeach","article_modified_time":"2026-02-06T17:17:30+00:00","og_image":[{"url":"https:\/\/www.miamibeachfl.gov\/wp-content\/uploads\/2022\/07\/hero-small.jpg","type":"","width":"","height":""}],"twitter_card":"summary_large_image","twitter_site":"@Miamibeachnews","schema":{"@context":"https:\/\/schema.org","@graph":[{"@type":"WebPage","@id":"https:\/\/www.miamibeachfl.gov\/city-hall\/public-works\/sanitation-division\/bulk-disposal\/","url":"https:\/\/www.miamibeachfl.gov\/city-hall\/public-works\/sanitation-division\/bulk-disposal\/","name":"Coleta e entrega de res\u00edduos a granel em Miami Beach - Prefeitura de Miami Beach","isPartOf":{"@id":"https:\/\/www.miamibeachfl.gov\/#website"},"primaryImageOfPage":{"@id":"https:\/\/www.miamibeachfl.gov\/city-hall\/public-works\/sanitation-division\/bulk-disposal\/#primaryimage"},"image":{"@id":"https:\/\/www.miamibeachfl.gov\/city-hall\/public-works\/sanitation-division\/bulk-disposal\/#primaryimage"},"thumbnailUrl":"https:\/\/www.miamibeachfl.gov\/wp-content\/uploads\/2022\/07\/hero-small.jpg","datePublished":"2017-08-11T00:10:02+00:00","dateModified":"2026-02-06T17:17:30+00:00","description":"%","breadcrumb":{"@id":"https:\/\/www.miamibeachfl.gov\/city-hall\/public-works\/sanitation-division\/bulk-disposal\/#breadcrumb"},"inLanguage":"pt-BR","potentialAction":[{"@type":"ReadAction","target":["https:\/\/www.miamibeachfl.gov\/city-hall\/public-works\/sanitation-division\/bulk-disposal\/"]}]},{"@type":"ImageObject","inLanguage":"pt-BR","@id":"https:\/\/www.miamibeachfl.gov\/city-hall\/public-works\/sanitation-division\/bulk-disposal\/#primaryimage","url":"https:\/\/www.miamibeachfl.gov\/wp-content\/uploads\/2022\/07\/hero-small.jpg","contentUrl":"https:\/\/www.miamibeachfl.gov\/wp-content\/uploads\/2022\/07\/hero-small.jpg"},{"@type":"BreadcrumbList","@id":"https:\/\/www.miamibeachfl.gov\/city-hall\/public-works\/sanitation-division\/bulk-disposal\/#breadcrumb","itemListElement":[{"@type":"ListItem","position":1,"name":"Home","item":"https:\/\/www.miamibeachfl.gov\/"},{"@type":"ListItem","position":2,"name":"City Hall","item":"https:\/\/www.miamibeachfl.gov\/city-hall\/"},{"@type":"ListItem","position":3,"name":"Public Works","item":"https:\/\/www.miamibeachfl.gov\/city-hall\/public-works\/"},{"@type":"ListItem","position":4,"name":"Sanitation Division","item":"https:\/\/www.miamibeachfl.gov\/city-hall\/public-works\/sanitation-division\/"},{"@type":"ListItem","position":5,"name":"Miami Beach Bulk Waste Pickup and Drop Off"}]},{"@type":"WebSite","@id":"https:\/\/www.miamibeachfl.gov\/#website","url":"https:\/\/www.miamibeachfl.gov\/","name":"Cidade de Miami Beach","description":"Site oficial da cidade de Miami Beach. Mantenha-se informado e encontre informa\u00e7\u00f5es importantes sobre servi\u00e7os municipais, not\u00edcias, alertas, eventos, rotas de bonde, empregos p\u00fablicos e muito mais.","publisher":{"@id":"https:\/\/www.miamibeachfl.gov\/#organization"},"potentialAction":[{"@type":"SearchAction","target":{"@type":"EntryPoint","urlTemplate":"https:\/\/www.miamibeachfl.gov\/?s={search_term_string}"},"query-input":{"@type":"PropertyValueSpecification","valueRequired":true,"valueName":"search_term_string"}}],"inLanguage":"pt-BR"},{"@type":"Organization","@id":"https:\/\/www.miamibeachfl.gov\/#organization","name":"Cidade de Miami Beach","url":"https:\/\/www.miamibeachfl.gov\/","logo":{"@type":"ImageObject","inLanguage":"pt-BR","@id":"https:\/\/www.miamibeachfl.gov\/#\/schema\/logo\/image\/","url":"https:\/\/www.miamibeachfl.gov\/wp-content\/uploads\/2022\/06\/miamibeach-logoblue.png","contentUrl":"https:\/\/www.miamibeachfl.gov\/wp-content\/uploads\/2022\/06\/miamibeach-logoblue.png","width":1962,"height":381,"caption":"City of Miami Beach"},"image":{"@id":"https:\/\/www.miamibeachfl.gov\/#\/schema\/logo\/image\/"},"sameAs":["https:\/\/www.facebook.com\/cityofmiamibeach","https:\/\/x.com\/Miamibeachnews","https:\/\/www.instagram.com\/miamibeachnews\/"],"description":"Site oficial da cidade de Miami Beach. Mantenha-se informado e encontre informa\u00e7\u00f5es importantes sobre servi\u00e7os municipais, not\u00edcias, alertas, eventos, rotas de bonde, empregos p\u00fablicos e muito mais.","telephone":"305.604.CITY(2489)","legalName":"City of Miami Beach"}]}},"_links":{"self":[{"href":"https:\/\/www.miamibeachfl.gov\/pt\/wp-json\/wp\/v2\/pages\/28933","targetHints":{"allow":["GET"]}}],"collection":[{"href":"https:\/\/www.miamibeachfl.gov\/pt\/wp-json\/wp\/v2\/pages"}],"about":[{"href":"https:\/\/www.miamibeachfl.gov\/pt\/wp-json\/wp\/v2\/types\/page"}],"author":[{"embeddable":true,"href":"https:\/\/www.miamibeachfl.gov\/pt\/wp-json\/wp\/v2\/users\/222"}],"replies":[{"embeddable":true,"href":"https:\/\/www.miamibeachfl.gov\/pt\/wp-json\/wp\/v2\/comments?post=28933"}],"version-history":[{"count":4,"href":"https:\/\/www.miamibeachfl.gov\/pt\/wp-json\/wp\/v2\/pages\/28933\/revisions"}],"predecessor-version":[{"id":396191,"href":"https:\/\/www.miamibeachfl.gov\/pt\/wp-json\/wp\/v2\/pages\/28933\/revisions\/396191"}],"up":[{"embeddable":true,"href":"https:\/\/www.miamibeachfl.gov\/pt\/wp-json\/wp\/v2\/pages\/28932"}],"wp:attachment":[{"href":"https:\/\/www.miamibeachfl.gov\/pt\/wp-json\/wp\/v2\/media?parent=28933"}],"wp:term":[{"taxonomy":"category","embeddable":true,"href":"https:\/\/www.miamibeachfl.gov\/pt\/wp-json\/wp\/v2\/categories?post=28933"},{"taxonomy":"post_tag","embeddable":true,"href":"https:\/\/www.miamibeachfl.gov\/pt\/wp-json\/wp\/v2\/tags?post=28933"}],"curies":[{"name":"wp","href":"https:\/\/api.w.org\/{rel}","templated":true}]}}