{"id":28936,"date":"2017-08-11T00:10:04","date_gmt":"2017-08-11T00:10:04","guid":{"rendered":"http:\/\/www.miamibeachfl.gov\/city-hall\/public-works\/sanitation-division\/chemical-waste-disposal\/"},"modified":"2026-03-03T09:57:31","modified_gmt":"2026-03-03T14:57:31","slug":"chemical-waste-disposal","status":"publish","type":"page","link":"https:\/\/www.miamibeachfl.gov\/pt\/city-hall\/public-works\/sanitation-division\/chemical-waste-disposal\/","title":{"rendered":"Descarte de res\u00edduos qu\u00edmicos"},"content":{"rendered":"<img decoding=\"async\" src=\"https:\/\/www.miamibeachfl.gov\/wp-content\/uploads\/2022\/07\/hero-small.jpg\" alt=\"ocean drive art deco buildings\" itemprop=\"image\" height=\"211\" width=\"2395\" title=\"her\u00f3i-pequeno\" onerror=\"this.style.display='none'\" loading=\"lazy\" \/>\n<h1>\n\t\t\tDescarte de res\u00edduos qu\u00edmicos\t<\/h1>\n\t<nav id=\"breadcrumbs\" aria-label=\"Migalhas de p\u00e3o\"><a href=\"https:\/\/www.miamibeachfl.gov\/pt\/\">Lar<\/a> &gt; <a href=\"https:\/\/www.miamibeachfl.gov\/pt\/city-hall\/\">Prefeitura<\/a> &gt; <a href=\"https:\/\/www.miamibeachfl.gov\/pt\/city-hall\/public-works\/\">Obras p\u00fablicas<\/a> &gt; <a href=\"https:\/\/www.miamibeachfl.gov\/pt\/city-hall\/public-works\/sanitation-division\/\">Divis\u00e3o de Saneamento<\/a> &gt; <strong>Descarte de res\u00edduos qu\u00edmicos<\/strong><\/nav>\n\t<p><b>SANEAMENTO \u2013 RES\u00cdDUOS PERIGOSOS<\/b><\/p>\n<p>Os moradores podem descartar esses itens adequadamente na coleta semestral de res\u00edduos perigosos dom\u00e9sticos da cidade ou em uma das instala\u00e7\u00f5es do Condado de Miami-Dade listadas abaixo. Os eventos de coleta de res\u00edduos perigosos est\u00e3o programados das 8h \u00e0s 15h no estacionamento da Rua 40 com a Avenida Chase. <strong><a href=\"https:\/\/www.mbrisingabove.com\/your-home\/recycling-waste\/recycling\/hhw\/\">Para os pr\u00f3ximos eventos agendados, clique aqui.<\/a><\/strong><\/p>\n<p>N\u00e3o descarte os seguintes res\u00edduos dom\u00e9sticos perigosos no lixo, no esgoto ou no solo:<\/p>\n<table>\n<tbody>\n<tr>\n<td>\n<table>\n<caption>Itens n\u00e3o descart\u00e1veis<\/caption>\n<tbody>\n<tr>\n<td><b>Automotivo<\/b><\/td>\n<td>\u00a0<b>Gramado e Jardim<\/b><\/td>\n<\/tr>\n<tr>\n<td>\u00a0Baterias de autom\u00f3veis<\/td>\n<td>\u00a0Repelente de insetos<\/td>\n<\/tr>\n<tr>\n<td>\u00a0Limpador de carburador<\/td>\n<td>\u00a0Fluido de isqueiro de carv\u00e3o<\/td>\n<\/tr>\n<tr>\n<td>\u00a0Desengordurante<\/td>\n<td>\u00a0Fertilizante com herbicida<\/td>\n<\/tr>\n<tr>\n<td>\u00a0Combust\u00edveis<\/td>\n<td>\u00a0Inseticida<\/td>\n<\/tr>\n<tr>\n<td>\u00a0Gasolina<\/td>\n<td>\u00a0Produtos qu\u00edmicos para piscinas<\/td>\n<\/tr>\n<tr>\n<td>\u00a0Filtros de \u00f3leo<\/td>\n<td>\u00a0Mata-baratas\/formigas<\/td>\n<\/tr>\n<tr>\n<td>\u00a0Anticongelante usado<\/td>\n<td>\u00a0Isca para roedores<\/td>\n<\/tr>\n<tr>\n<td>\u00a0\u00d3leo de motor usado<\/td>\n<td>\u00a0Herbicida<\/td>\n<\/tr>\n<\/tbody>\n<\/table>\n<\/td>\n<\/tr>\n<tr>\n<td>\n<table>\n<caption>Itens n\u00e3o descart\u00e1veis<\/caption>\n<tbody>\n<tr>\n<td><b>Artigos dom\u00e9sticos<\/b><\/td>\n<td>\u00a0<b>Melhorias na casa<\/b><\/td>\n<\/tr>\n<tr>\n<td>\u00a0Produtos em aerossol*<\/td>\n<td>\u00a0Limpadores de concreto<\/td>\n<\/tr>\n<tr>\n<td>\u00a0Pilhas tipo bot\u00e3o<\/td>\n<td>\u00a0Selador de cal\u00e7ada<\/td>\n<\/tr>\n<tr>\n<td>\u00a0Pilhas (recarreg\u00e1veis)<\/td>\n<td>\u00a0Removedor de m\u00f3veis<\/td>\n<\/tr>\n<tr>\n<td>\u00a0Limpadores de ralos<\/td>\n<td>\u00a0Cola com solventes<\/td>\n<\/tr>\n<tr>\n<td>\u00a0Luzes fluorescentes<\/td>\n<td>\u00a0Tinta l\u00e1tex**<\/td>\n<\/tr>\n<tr>\n<td>\u00a0Naftalina<\/td>\n<td>\u00a0Tinta \u00e0 base de \u00f3leo<\/td>\n<\/tr>\n<tr>\n<td>\u00a0Esmalte\/Removedor de esmalte<\/td>\n<td>\u00a0Removedor de tinta<\/td>\n<\/tr>\n<tr>\n<td>\u00a0Limpador de forno<\/td>\n<td>\u00a0Diluente de tinta<\/td>\n<\/tr>\n<tr>\n<td>\u00a0Polon\u00eas com solventes<\/td>\n<td>\u00a0Alcatr\u00e3o para telhados<\/td>\n<\/tr>\n<tr>\n<td>\u00a0Removedores de manchas<\/td>\n<td>\u00a0Tinta\/Verniz<\/td>\n<\/tr>\n<tr>\n<td>\u00a0Term\u00f4metros (merc\u00fario)<\/td>\n<td>\u00a0Conservantes de madeira<\/td>\n<\/tr>\n<\/tbody>\n<\/table>\n<\/td>\n<\/tr>\n<\/tbody>\n<\/table>\n<p>&nbsp;<\/p>\n* Os aeross\u00f3is vazios podem ser descartados no lixo<br \/>\n** Sempre que poss\u00edvel, seque a tinta l\u00e1tex inutiliz\u00e1vel e descarte-a no lixo.\n<p>O Condado possui (2) Centros Permanentes de Coleta de Produtos Qu\u00edmicos Domiciliares:<\/p>\n\u2022 West Dade 8831 NW 58 Street<br \/>\n\u2022 South Dade 23707 SW 97 Avenue Port\u00e3o-B\n<p>O hor\u00e1rio de funcionamento \u00e9 das 9h \u00e0s 17h, de quarta a domingo, e o n\u00famero de contato do Condado de Miami-Dade \u00e9 305.594.1500.\u00a0 <a href=\"https:\/\/www.miamidade.gov\/global\/service.page?Mduid_service=ser1464798615648535\">Clique aqui para visitar o site da cole\u00e7\u00e3o qu\u00edmica de Miami-Dade<\/a><\/p>\n\t\tNavegar para\u2026\t\t\t\n\t\t\t\t\t<ul id=\"menu-public-works-sanitation\"><li id=\"menu-item-364244\"><a href=\"\/pt\/city-hall\/public-works\/sanitation-division\/chemical-waste-disposal\/\">Descarte de res\u00edduos qu\u00edmicos<\/a><\/li>\n<li id=\"menu-item-364245\"><a href=\"\/pt\/city-hall\/public-works\/sanitation-division\/commercial-waste-haulers\/\">Transportadores de res\u00edduos comerciais<\/a><\/li>\n<li id=\"menu-item-364246\"><a href=\"\/pt\/city-hall\/public-works\/sanitation-division\/bulk-disposal\/\">Coleta e entrega de res\u00edduos a granel em Miami Beach<\/a><\/li>\n<li id=\"menu-item-364247\"><a href=\"\/pt\/city-hall\/public-works\/sanitation-division\/recycling-info\/\">Informa\u00e7\u00f5es sobre reciclagem<\/a><\/li>\n<li id=\"menu-item-364248\"><a href=\"\/pt\/city-hall\/public-works\/sanitation-division\/residential-garbage\/\">Lixo Residencial<\/a><\/li>\n<li id=\"menu-item-364249\"><a href=\"\/pt\/city-hall\/public-works\/sanitation-division\/street-cleaning\/\">Programas de limpeza de ruas em Flamingo Park e North Beach<\/a><\/li>\n<\/ul>\t\n\t<div class=\"page-navigation\"><a class=\"prev-page\" href=\"https:\/\/www.miamibeachfl.gov\/pt\/city-hall\/public-works\/sanitation-division\/commercial-waste-haulers\/\">\u2190 Transportadores de res\u00edduos comerciais<\/a> <a class=\"next-page\" href=\"https:\/\/www.miamibeachfl.gov\/pt\/city-hall\/public-works\/sanitation-division\/recycling-info\/\">Informa\u00e7\u00f5es sobre reciclagem \u2192<\/a><\/div>","protected":false},"excerpt":{"rendered":"<p>Descarte de Res\u00edduos Qu\u00edmicos Home &gt; Prefeitura &gt; Obras P\u00fablicas &gt; Divis\u00e3o de Saneamento &gt; Descarte de Res\u00edduos Qu\u00edmicos SANEAMENTO \u2013 PERIGOSOS [\u2026]<\/p>","protected":false},"author":222,"featured_media":0,"parent":28932,"menu_order":0,"comment_status":"closed","ping_status":"closed","template":"","meta":{"_searchwp_excluded":"","site-sidebar-layout":"default","site-content-layout":"","ast-site-content-layout":"default","site-content-style":"default","site-sidebar-style":"default","ast-global-header-display":"","ast-banner-title-visibility":"","ast-main-header-display":"","ast-hfb-above-header-display":"","ast-hfb-below-header-display":"","ast-hfb-mobile-header-display":"","site-post-title":"","ast-breadcrumbs-content":"","ast-featured-img":"","footer-sml-layout":"","theme-transparent-header-meta":"","adv-header-id-meta":"","stick-header-meta":"","header-above-stick-meta":"","header-main-stick-meta":"","header-below-stick-meta":"","astra-migrate-meta-layouts":"default","ast-page-background-enabled":"default","ast-page-background-meta":{"desktop":{"background-color":"var(--ast-global-color-5)","background-image":"","background-repeat":"repeat","background-position":"center center","background-size":"auto","background-attachment":"scroll","background-type":"","background-media":"","overlay-type":"","overlay-color":"","overlay-opacity":"","overlay-gradient":""},"tablet":{"background-color":"","background-image":"","background-repeat":"repeat","background-position":"center center","background-size":"auto","background-attachment":"scroll","background-type":"","background-media":"","overlay-type":"","overlay-color":"","overlay-opacity":"","overlay-gradient":""},"mobile":{"background-color":"","background-image":"","background-repeat":"repeat","background-position":"center center","background-size":"auto","background-attachment":"scroll","background-type":"","background-media":"","overlay-type":"","overlay-color":"","overlay-opacity":"","overlay-gradient":""}},"ast-content-background-meta":{"desktop":{"background-color":"var(--ast-global-color-4)","background-image":"","background-repeat":"repeat","background-position":"center center","background-size":"auto","background-attachment":"scroll","background-type":"","background-media":"","overlay-type":"","overlay-color":"","overlay-opacity":"","overlay-gradient":""},"tablet":{"background-color":"var(--ast-global-color-4)","background-image":"","background-repeat":"repeat","background-position":"center center","background-size":"auto","background-attachment":"scroll","background-type":"","background-media":"","overlay-type":"","overlay-color":"","overlay-opacity":"","overlay-gradient":""},"mobile":{"background-color":"var(--ast-global-color-4)","background-image":"","background-repeat":"repeat","background-position":"center center","background-size":"auto","background-attachment":"scroll","background-type":"","background-media":"","overlay-type":"","overlay-color":"","overlay-opacity":"","overlay-gradient":""}},"footnotes":""},"categories":[],"tags":[],"class_list":["post-28936","page","type-page","status-publish","hentry"],"yoast_head":"<!-- This site is optimized with the Yoast SEO Premium plugin v26.6 (Yoast SEO v26.6) - https:\/\/yoast.com\/wordpress\/plugins\/seo\/ -->\n<title>Chemical Waste Disposal - City of Miami Beach<\/title>\n<meta name=\"description\" content=\"%\" \/>\n<meta name=\"robots\" content=\"index, follow, max-snippet:-1, max-image-preview:large, max-video-preview:-1\" \/>\n<link rel=\"canonical\" href=\"https:\/\/www.miamibeachfl.gov\/pt\/city-hall\/public-works\/sanitation-division\/chemical-waste-disposal\/\" \/>\n<meta property=\"og:locale\" content=\"pt_BR\" \/>\n<meta property=\"og:type\" content=\"article\" \/>\n<meta property=\"og:title\" content=\"Chemical Waste Disposal\" \/>\n<meta property=\"og:description\" content=\"%\" \/>\n<meta property=\"og:url\" content=\"https:\/\/www.miamibeachfl.gov\/pt\/city-hall\/public-works\/sanitation-division\/chemical-waste-disposal\/\" \/>\n<meta property=\"og:site_name\" content=\"City of Miami Beach\" \/>\n<meta property=\"article:publisher\" content=\"https:\/\/www.facebook.com\/cityofmiamibeach\" \/>\n<meta property=\"article:modified_time\" content=\"2026-03-03T14:57:31+00:00\" \/>\n<meta property=\"og:image\" content=\"https:\/\/www.miamibeachfl.gov\/wp-content\/uploads\/2022\/07\/hero-small.jpg\" \/>\n<meta name=\"twitter:card\" content=\"summary_large_image\" \/>\n<meta name=\"twitter:site\" content=\"@Miamibeachnews\" \/>\n<script type=\"application\/ld+json\" class=\"yoast-schema-graph\">{\"@context\":\"https:\/\/schema.org\",\"@graph\":[{\"@type\":\"WebPage\",\"@id\":\"https:\/\/www.miamibeachfl.gov\/city-hall\/public-works\/sanitation-division\/chemical-waste-disposal\/\",\"url\":\"https:\/\/www.miamibeachfl.gov\/city-hall\/public-works\/sanitation-division\/chemical-waste-disposal\/\",\"name\":\"Chemical Waste Disposal - City of Miami Beach\",\"isPartOf\":{\"@id\":\"https:\/\/www.miamibeachfl.gov\/#website\"},\"primaryImageOfPage\":{\"@id\":\"https:\/\/www.miamibeachfl.gov\/city-hall\/public-works\/sanitation-division\/chemical-waste-disposal\/#primaryimage\"},\"image\":{\"@id\":\"https:\/\/www.miamibeachfl.gov\/city-hall\/public-works\/sanitation-division\/chemical-waste-disposal\/#primaryimage\"},\"thumbnailUrl\":\"https:\/\/www.miamibeachfl.gov\/wp-content\/uploads\/2022\/07\/hero-small.jpg\",\"datePublished\":\"2017-08-11T00:10:04+00:00\",\"dateModified\":\"2026-03-03T14:57:31+00:00\",\"description\":\"%\",\"breadcrumb\":{\"@id\":\"https:\/\/www.miamibeachfl.gov\/city-hall\/public-works\/sanitation-division\/chemical-waste-disposal\/#breadcrumb\"},\"inLanguage\":\"pt-BR\",\"potentialAction\":[{\"@type\":\"ReadAction\",\"target\":[\"https:\/\/www.miamibeachfl.gov\/city-hall\/public-works\/sanitation-division\/chemical-waste-disposal\/\"]}]},{\"@type\":\"ImageObject\",\"inLanguage\":\"pt-BR\",\"@id\":\"https:\/\/www.miamibeachfl.gov\/city-hall\/public-works\/sanitation-division\/chemical-waste-disposal\/#primaryimage\",\"url\":\"https:\/\/www.miamibeachfl.gov\/wp-content\/uploads\/2022\/07\/hero-small.jpg\",\"contentUrl\":\"https:\/\/www.miamibeachfl.gov\/wp-content\/uploads\/2022\/07\/hero-small.jpg\"},{\"@type\":\"BreadcrumbList\",\"@id\":\"https:\/\/www.miamibeachfl.gov\/city-hall\/public-works\/sanitation-division\/chemical-waste-disposal\/#breadcrumb\",\"itemListElement\":[{\"@type\":\"ListItem\",\"position\":1,\"name\":\"Home\",\"item\":\"https:\/\/www.miamibeachfl.gov\/\"},{\"@type\":\"ListItem\",\"position\":2,\"name\":\"City Hall\",\"item\":\"https:\/\/www.miamibeachfl.gov\/city-hall\/\"},{\"@type\":\"ListItem\",\"position\":3,\"name\":\"Public Works\",\"item\":\"https:\/\/www.miamibeachfl.gov\/city-hall\/public-works\/\"},{\"@type\":\"ListItem\",\"position\":4,\"name\":\"Sanitation Division\",\"item\":\"https:\/\/www.miamibeachfl.gov\/city-hall\/public-works\/sanitation-division\/\"},{\"@type\":\"ListItem\",\"position\":5,\"name\":\"Chemical Waste Disposal\"}]},{\"@type\":\"WebSite\",\"@id\":\"https:\/\/www.miamibeachfl.gov\/#website\",\"url\":\"https:\/\/www.miamibeachfl.gov\/\",\"name\":\"City of Miami Beach\",\"description\":\"The official website of the City of Miami Beach. Stay informed, find important information on city services, news, alerts, events, trolley routes, government employment and more.\",\"publisher\":{\"@id\":\"https:\/\/www.miamibeachfl.gov\/#organization\"},\"potentialAction\":[{\"@type\":\"SearchAction\",\"target\":{\"@type\":\"EntryPoint\",\"urlTemplate\":\"https:\/\/www.miamibeachfl.gov\/?s={search_term_string}\"},\"query-input\":{\"@type\":\"PropertyValueSpecification\",\"valueRequired\":true,\"valueName\":\"search_term_string\"}}],\"inLanguage\":\"pt-BR\"},{\"@type\":\"Organization\",\"@id\":\"https:\/\/www.miamibeachfl.gov\/#organization\",\"name\":\"City of Miami Beach\",\"url\":\"https:\/\/www.miamibeachfl.gov\/\",\"logo\":{\"@type\":\"ImageObject\",\"inLanguage\":\"pt-BR\",\"@id\":\"https:\/\/www.miamibeachfl.gov\/#\/schema\/logo\/image\/\",\"url\":\"https:\/\/www.miamibeachfl.gov\/wp-content\/uploads\/2022\/06\/miamibeach-logoblue.png\",\"contentUrl\":\"https:\/\/www.miamibeachfl.gov\/wp-content\/uploads\/2022\/06\/miamibeach-logoblue.png\",\"width\":1962,\"height\":381,\"caption\":\"City of Miami Beach\"},\"image\":{\"@id\":\"https:\/\/www.miamibeachfl.gov\/#\/schema\/logo\/image\/\"},\"sameAs\":[\"https:\/\/www.facebook.com\/cityofmiamibeach\",\"https:\/\/x.com\/Miamibeachnews\",\"https:\/\/www.instagram.com\/miamibeachnews\/\"],\"description\":\"The official website of the City of Miami Beach. Stay informed, find important information on city services, news, alerts, events, trolley routes, government employment and more.\",\"telephone\":\"305.604.CITY(2489)\",\"legalName\":\"City of Miami Beach\"}]}<\/script>\n<!-- \/ Yoast SEO Premium plugin. -->","yoast_head_json":{"title":"Descarte de Res\u00edduos Qu\u00edmicos - Cidade de Miami Beach","description":"%","robots":{"index":"index","follow":"follow","max-snippet":"max-snippet:-1","max-image-preview":"max-image-preview:large","max-video-preview":"max-video-preview:-1"},"canonical":"https:\/\/www.miamibeachfl.gov\/pt\/city-hall\/public-works\/sanitation-division\/chemical-waste-disposal\/","og_locale":"pt_BR","og_type":"article","og_title":"Chemical Waste Disposal","og_description":"%","og_url":"https:\/\/www.miamibeachfl.gov\/pt\/city-hall\/public-works\/sanitation-division\/chemical-waste-disposal\/","og_site_name":"City of Miami Beach","article_publisher":"https:\/\/www.facebook.com\/cityofmiamibeach","article_modified_time":"2026-03-03T14:57:31+00:00","og_image":[{"url":"https:\/\/www.miamibeachfl.gov\/wp-content\/uploads\/2022\/07\/hero-small.jpg","type":"","width":"","height":""}],"twitter_card":"summary_large_image","twitter_site":"@Miamibeachnews","schema":{"@context":"https:\/\/schema.org","@graph":[{"@type":"WebPage","@id":"https:\/\/www.miamibeachfl.gov\/city-hall\/public-works\/sanitation-division\/chemical-waste-disposal\/","url":"https:\/\/www.miamibeachfl.gov\/city-hall\/public-works\/sanitation-division\/chemical-waste-disposal\/","name":"Descarte de Res\u00edduos Qu\u00edmicos - Cidade de Miami Beach","isPartOf":{"@id":"https:\/\/www.miamibeachfl.gov\/#website"},"primaryImageOfPage":{"@id":"https:\/\/www.miamibeachfl.gov\/city-hall\/public-works\/sanitation-division\/chemical-waste-disposal\/#primaryimage"},"image":{"@id":"https:\/\/www.miamibeachfl.gov\/city-hall\/public-works\/sanitation-division\/chemical-waste-disposal\/#primaryimage"},"thumbnailUrl":"https:\/\/www.miamibeachfl.gov\/wp-content\/uploads\/2022\/07\/hero-small.jpg","datePublished":"2017-08-11T00:10:04+00:00","dateModified":"2026-03-03T14:57:31+00:00","description":"%","breadcrumb":{"@id":"https:\/\/www.miamibeachfl.gov\/city-hall\/public-works\/sanitation-division\/chemical-waste-disposal\/#breadcrumb"},"inLanguage":"pt-BR","potentialAction":[{"@type":"ReadAction","target":["https:\/\/www.miamibeachfl.gov\/city-hall\/public-works\/sanitation-division\/chemical-waste-disposal\/"]}]},{"@type":"ImageObject","inLanguage":"pt-BR","@id":"https:\/\/www.miamibeachfl.gov\/city-hall\/public-works\/sanitation-division\/chemical-waste-disposal\/#primaryimage","url":"https:\/\/www.miamibeachfl.gov\/wp-content\/uploads\/2022\/07\/hero-small.jpg","contentUrl":"https:\/\/www.miamibeachfl.gov\/wp-content\/uploads\/2022\/07\/hero-small.jpg"},{"@type":"BreadcrumbList","@id":"https:\/\/www.miamibeachfl.gov\/city-hall\/public-works\/sanitation-division\/chemical-waste-disposal\/#breadcrumb","itemListElement":[{"@type":"ListItem","position":1,"name":"Home","item":"https:\/\/www.miamibeachfl.gov\/"},{"@type":"ListItem","position":2,"name":"City Hall","item":"https:\/\/www.miamibeachfl.gov\/city-hall\/"},{"@type":"ListItem","position":3,"name":"Public Works","item":"https:\/\/www.miamibeachfl.gov\/city-hall\/public-works\/"},{"@type":"ListItem","position":4,"name":"Sanitation Division","item":"https:\/\/www.miamibeachfl.gov\/city-hall\/public-works\/sanitation-division\/"},{"@type":"ListItem","position":5,"name":"Chemical Waste Disposal"}]},{"@type":"WebSite","@id":"https:\/\/www.miamibeachfl.gov\/#website","url":"https:\/\/www.miamibeachfl.gov\/","name":"Cidade de Miami Beach","description":"Site oficial da cidade de Miami Beach. Mantenha-se informado e encontre informa\u00e7\u00f5es importantes sobre servi\u00e7os municipais, not\u00edcias, alertas, eventos, rotas de bonde, empregos p\u00fablicos e muito mais.","publisher":{"@id":"https:\/\/www.miamibeachfl.gov\/#organization"},"potentialAction":[{"@type":"SearchAction","target":{"@type":"EntryPoint","urlTemplate":"https:\/\/www.miamibeachfl.gov\/?s={search_term_string}"},"query-input":{"@type":"PropertyValueSpecification","valueRequired":true,"valueName":"search_term_string"}}],"inLanguage":"pt-BR"},{"@type":"Organization","@id":"https:\/\/www.miamibeachfl.gov\/#organization","name":"Cidade de Miami Beach","url":"https:\/\/www.miamibeachfl.gov\/","logo":{"@type":"ImageObject","inLanguage":"pt-BR","@id":"https:\/\/www.miamibeachfl.gov\/#\/schema\/logo\/image\/","url":"https:\/\/www.miamibeachfl.gov\/wp-content\/uploads\/2022\/06\/miamibeach-logoblue.png","contentUrl":"https:\/\/www.miamibeachfl.gov\/wp-content\/uploads\/2022\/06\/miamibeach-logoblue.png","width":1962,"height":381,"caption":"City of Miami Beach"},"image":{"@id":"https:\/\/www.miamibeachfl.gov\/#\/schema\/logo\/image\/"},"sameAs":["https:\/\/www.facebook.com\/cityofmiamibeach","https:\/\/x.com\/Miamibeachnews","https:\/\/www.instagram.com\/miamibeachnews\/"],"description":"Site oficial da cidade de Miami Beach. Mantenha-se informado e encontre informa\u00e7\u00f5es importantes sobre servi\u00e7os municipais, not\u00edcias, alertas, eventos, rotas de bonde, empregos p\u00fablicos e muito mais.","telephone":"305.604.CITY(2489)","legalName":"City of Miami Beach"}]}},"_links":{"self":[{"href":"https:\/\/www.miamibeachfl.gov\/pt\/wp-json\/wp\/v2\/pages\/28936","targetHints":{"allow":["GET"]}}],"collection":[{"href":"https:\/\/www.miamibeachfl.gov\/pt\/wp-json\/wp\/v2\/pages"}],"about":[{"href":"https:\/\/www.miamibeachfl.gov\/pt\/wp-json\/wp\/v2\/types\/page"}],"author":[{"embeddable":true,"href":"https:\/\/www.miamibeachfl.gov\/pt\/wp-json\/wp\/v2\/users\/222"}],"replies":[{"embeddable":true,"href":"https:\/\/www.miamibeachfl.gov\/pt\/wp-json\/wp\/v2\/comments?post=28936"}],"version-history":[{"count":0,"href":"https:\/\/www.miamibeachfl.gov\/pt\/wp-json\/wp\/v2\/pages\/28936\/revisions"}],"up":[{"embeddable":true,"href":"https:\/\/www.miamibeachfl.gov\/pt\/wp-json\/wp\/v2\/pages\/28932"}],"wp:attachment":[{"href":"https:\/\/www.miamibeachfl.gov\/pt\/wp-json\/wp\/v2\/media?parent=28936"}],"wp:term":[{"taxonomy":"category","embeddable":true,"href":"https:\/\/www.miamibeachfl.gov\/pt\/wp-json\/wp\/v2\/categories?post=28936"},{"taxonomy":"post_tag","embeddable":true,"href":"https:\/\/www.miamibeachfl.gov\/pt\/wp-json\/wp\/v2\/tags?post=28936"}],"curies":[{"name":"wp","href":"https:\/\/api.w.org\/{rel}","templated":true}]}}