{"id":28942,"date":"2017-08-11T00:10:09","date_gmt":"2017-08-11T00:10:09","guid":{"rendered":"http:\/\/www.miamibeachfl.gov\/city-hall\/public-works\/engineering-division\/geographical-information-systems\/"},"modified":"2026-03-03T09:55:33","modified_gmt":"2026-03-03T14:55:33","slug":"geographical-information-systems","status":"publish","type":"page","link":"https:\/\/www.miamibeachfl.gov\/pt\/city-hall\/public-works\/geographical-information-systems\/","title":{"rendered":"Sistemas de Informa\u00e7\u00e3o Geogr\u00e1fica"},"content":{"rendered":"<img decoding=\"async\" src=\"https:\/\/www.miamibeachfl.gov\/wp-content\/uploads\/2022\/07\/hero-small.jpg\" alt=\"ocean drive art deco buildings\" itemprop=\"image\" height=\"211\" width=\"2395\" title=\"her\u00f3i-pequeno\" onerror=\"this.style.display='none'\" loading=\"lazy\" \/>\n<h1>\n\t\t\tSistemas de Informa\u00e7\u00e3o Geogr\u00e1fica\t<\/h1>\n\t<nav id=\"breadcrumbs\" aria-label=\"Migalhas de p\u00e3o\"><a href=\"https:\/\/www.miamibeachfl.gov\/pt\/\">Lar<\/a> &gt; <a href=\"https:\/\/www.miamibeachfl.gov\/pt\/city-hall\/\">Prefeitura<\/a> &gt; <a href=\"https:\/\/www.miamibeachfl.gov\/pt\/city-hall\/public-works\/\">Obras p\u00fablicas<\/a> &gt; <strong>Sistemas de Informa\u00e7\u00e3o Geogr\u00e1fica<\/strong><\/nav>\n\t<p><strong>Sistemas de Informa\u00e7\u00e3o Geogr\u00e1fica (SIG)<\/strong>\u00a0\u00e9 um campo tecnol\u00f3gico em r\u00e1pido crescimento que incorpora recursos espacialmente relacionados com dados tabulares para avaliar problemas do mundo real.<\/p>\n<p>A palavra-chave para essa tecnologia \u00e9 Informa\u00e7\u00e3o. GIS \u00e9, antes de tudo, um Sistema de Informa\u00e7\u00e3o. A segunda palavra-chave, no entanto, \u00e9 Geografia. Isso significa que os dados s\u00e3o espacialmente habilitados. Em outras palavras, os dados s\u00e3o de alguma forma referenciados a localiza\u00e7\u00f5es f\u00edsicas na Terra. GIS \u00e9 um sistema de informa\u00e7\u00e3o que combina informa\u00e7\u00f5es espaciais e de atributos. Por exemplo, a localiza\u00e7\u00e3o real de uma escola \u00e9 o dado espacial. Dados adicionais, como o nome da escola, o n\u00edvel de ensino ensinado e a capacidade da escola, comporiam os dados de atributos. \u00c9 a combina\u00e7\u00e3o desses dois tipos de dados que permite que o GIS seja uma ferramenta t\u00e3o eficaz para a resolu\u00e7\u00e3o de problemas.<\/p>\n<p>A vers\u00e3o mais antiga do SIG era o mapeamento computadorizado e envolvia um trabalho linear simples para representar as caracter\u00edsticas do terreno. A partir da\u00ed, evoluiu o conceito de sobreposi\u00e7\u00e3o de diferentes caracter\u00edsticas mapeadas para determinar padr\u00f5es e causas de fen\u00f4menos espaciais. Em seu n\u00edvel mais simples, o SIG pode ser considerado um equivalente de alta tecnologia a um mapa. No entanto, o SIG \u00e9 mais do que apenas a cria\u00e7\u00e3o de um mapa. O verdadeiro poder do SIG reside no uso de m\u00e9todos espaciais e estat\u00edsticos para analisar atributos e informa\u00e7\u00f5es geogr\u00e1ficas. O Environmental Systems Research Institute, Inc. (ESRI), l\u00edder mundial em softwares de SIG, afirma:<\/p>\n<p><em>Um sistema de informa\u00e7\u00e3o geogr\u00e1fica (SIG) \u00e9 uma ferramenta computacional para mapear e analisar coisas que existem e eventos que acontecem na Terra. A tecnologia SIG integra opera\u00e7\u00f5es comuns de banco de dados, como consultas e an\u00e1lises estat\u00edsticas, com os benef\u00edcios exclusivos de visualiza\u00e7\u00e3o e an\u00e1lise geogr\u00e1fica oferecidos pelos mapas.<\/em><\/p>\n<p>Como pelo menos 70 a 80 por cento do trabalho do governo local envolve quest\u00f5es ou tarefas relacionadas \u00e0 terra ou \u00e0 geografia, a cidade de Miami Beach est\u00e1 investindo em SIG que pode dar suporte ou justificar decis\u00f5es de uso da terra e ajudar a gerenciar nossos servi\u00e7os.<\/p>\n<p>Bem-vindo \u00e0 p\u00e1gina do Sistema de Informa\u00e7\u00f5es Geogr\u00e1ficas (SIG) da Cidade de Miami Beach. Da concep\u00e7\u00e3o de op\u00e7\u00f5es de uso do solo \u00e0 resolu\u00e7\u00e3o de crimes e identifica\u00e7\u00e3o de tend\u00eancias de viola\u00e7\u00e3o de c\u00f3digo, o SIG \u00e9 usado pela sua cidade para aprimorar nossos servi\u00e7os.<\/p>\n<table>\n<tbody>\n<tr>\n<td colspan=\"2\">Pesquisar Mapas\/GIS<\/td>\n<\/tr>\n<tr>\n<td><img decoding=\"async\" title=\"\u00edcone de tr\u00e1fego\" src=\"\/wp-content\/uploads\/2017\/08\/traffic.jpg\" alt=\"traffic icon\" \/><\/td>\n<td><a href=\"https:\/\/gis.miamibeachfl.gov\/benchmarks\">Refer\u00eancias de Pesquisa<\/a> \u2013 localizar benchmarks<\/td>\n<\/tr>\n<\/tbody>\n<\/table>\n\t\tNavegar para\u2026\t\t\t\n\t\t\t\t\t<ul id=\"menu-public-works-menu\"><li id=\"menu-item-364156\"><a href=\"\/pt\/ada\/\">Informa\u00e7\u00f5es sobre ADA<\/a><\/li>\n<li id=\"menu-item-364157\"><a href=\"\/pt\/city-hall\/public-works\/elevator-division\/\">Divis\u00e3o de Elevadores<\/a><\/li>\n<li id=\"menu-item-364158\"><a href=\"\/pt\/city-hall\/public-works\/engineering-division\/\">Divis\u00e3o de Engenharia<\/a><\/li>\n<li id=\"menu-item-364159\"><a href=\"\/pt\/city-hall\/public-works\/geographical-information-systems\/\">Sistemas de Informa\u00e7\u00e3o Geogr\u00e1fica<\/a><\/li>\n<li id=\"menu-item-364160\"><a href=\"\/pt\/city-hall\/public-works\/green-space-management-division\/\">Gest\u00e3o de Espa\u00e7os Verdes<\/a><\/li>\n<li id=\"menu-item-364161\"><a href=\"\/pt\/city-hall\/public-works\/manual-standards\/\">Padr\u00f5es Manuais<\/a><\/li>\n<li id=\"menu-item-364162\"><a href=\"\/pt\/city-hall\/public-works\/operations-division\/\">Divis\u00e3o de Opera\u00e7\u00f5es<\/a><\/li>\n<li id=\"menu-item-364163\"><a href=\"\/pt\/city-hall\/public-works\/process-workflows-and-checklists\/\">Fluxos de trabalho e listas de verifica\u00e7\u00e3o do processo de permiss\u00e3o<\/a><\/li>\n<li id=\"menu-item-364164\"><a href=\"\/pt\/city-hall\/public-works\/permitting-faq-4\/\">Perguntas frequentes sobre autoriza\u00e7\u00e3o<\/a><\/li>\n<li id=\"menu-item-364165\"><a href=\"\/pt\/city-hall\/public-works\/sanitation-division\/\">Divis\u00e3o de Saneamento<\/a><\/li>\n<li id=\"menu-item-364166\"><a href=\"\/pt\/city-hall\/public-works\/utility-rates\/\">Estruturas de tarifas de servi\u00e7os p\u00fablicos<\/a><\/li>\n<\/ul>\t\n\t<div class=\"page-navigation\"><a class=\"prev-page\" href=\"https:\/\/www.miamibeachfl.gov\/pt\/city-hall\/public-works\/engineering-division\/\">\u2190 Divis\u00e3o de Engenharia<\/a> <a class=\"next-page\" href=\"https:\/\/www.miamibeachfl.gov\/pt\/city-hall\/public-works\/elevator-division\/\">Divis\u00e3o de Elevadores \u2192<\/a><\/div>","protected":false},"excerpt":{"rendered":"<p>Geographic Information Systems Home &gt; City Hall &gt; Public Works &gt; Geographic Information Systems Geographic Information Systems (GIS)\u00a0is a rapidly [&hellip;]<\/p>\n","protected":false},"author":222,"featured_media":0,"parent":28931,"menu_order":153,"comment_status":"closed","ping_status":"closed","template":"","meta":{"_searchwp_excluded":"","site-sidebar-layout":"default","site-content-layout":"","ast-site-content-layout":"default","site-content-style":"default","site-sidebar-style":"default","ast-global-header-display":"","ast-banner-title-visibility":"","ast-main-header-display":"","ast-hfb-above-header-display":"","ast-hfb-below-header-display":"","ast-hfb-mobile-header-display":"","site-post-title":"","ast-breadcrumbs-content":"","ast-featured-img":"","footer-sml-layout":"","theme-transparent-header-meta":"","adv-header-id-meta":"","stick-header-meta":"","header-above-stick-meta":"","header-main-stick-meta":"","header-below-stick-meta":"","astra-migrate-meta-layouts":"default","ast-page-background-enabled":"default","ast-page-background-meta":{"desktop":{"background-color":"var(--ast-global-color-5)","background-image":"","background-repeat":"repeat","background-position":"center center","background-size":"auto","background-attachment":"scroll","background-type":"","background-media":"","overlay-type":"","overlay-color":"","overlay-opacity":"","overlay-gradient":""},"tablet":{"background-color":"","background-image":"","background-repeat":"repeat","background-position":"center center","background-size":"auto","background-attachment":"scroll","background-type":"","background-media":"","overlay-type":"","overlay-color":"","overlay-opacity":"","overlay-gradient":""},"mobile":{"background-color":"","background-image":"","background-repeat":"repeat","background-position":"center center","background-size":"auto","background-attachment":"scroll","background-type":"","background-media":"","overlay-type":"","overlay-color":"","overlay-opacity":"","overlay-gradient":""}},"ast-content-background-meta":{"desktop":{"background-color":"var(--ast-global-color-4)","background-image":"","background-repeat":"repeat","background-position":"center center","background-size":"auto","background-attachment":"scroll","background-type":"","background-media":"","overlay-type":"","overlay-color":"","overlay-opacity":"","overlay-gradient":""},"tablet":{"background-color":"var(--ast-global-color-4)","background-image":"","background-repeat":"repeat","background-position":"center center","background-size":"auto","background-attachment":"scroll","background-type":"","background-media":"","overlay-type":"","overlay-color":"","overlay-opacity":"","overlay-gradient":""},"mobile":{"background-color":"var(--ast-global-color-4)","background-image":"","background-repeat":"repeat","background-position":"center center","background-size":"auto","background-attachment":"scroll","background-type":"","background-media":"","overlay-type":"","overlay-color":"","overlay-opacity":"","overlay-gradient":""}},"footnotes":""},"categories":[],"tags":[],"class_list":["post-28942","page","type-page","status-publish","hentry"],"yoast_head":"<!-- This site is optimized with the Yoast SEO Premium plugin v27.4 (Yoast SEO v27.4) - https:\/\/yoast.com\/product\/yoast-seo-premium-wordpress\/ -->\n<title>Geographic Information Systems - City of Miami Beach<\/title>\n<meta name=\"description\" content=\"%\" \/>\n<meta name=\"robots\" content=\"index, follow, max-snippet:-1, max-image-preview:large, max-video-preview:-1\" \/>\n<link rel=\"canonical\" href=\"https:\/\/www.miamibeachfl.gov\/pt\/city-hall\/public-works\/geographical-information-systems\/\" \/>\n<meta property=\"og:locale\" content=\"pt_BR\" \/>\n<meta property=\"og:type\" content=\"article\" \/>\n<meta property=\"og:title\" content=\"Geographic Information Systems\" \/>\n<meta property=\"og:description\" content=\"%\" \/>\n<meta property=\"og:url\" content=\"https:\/\/www.miamibeachfl.gov\/pt\/city-hall\/public-works\/geographical-information-systems\/\" \/>\n<meta property=\"og:site_name\" content=\"City of Miami Beach\" \/>\n<meta property=\"article:publisher\" content=\"https:\/\/www.facebook.com\/cityofmiamibeach\" \/>\n<meta property=\"article:modified_time\" content=\"2026-03-03T14:55:33+00:00\" \/>\n<meta property=\"og:image\" content=\"https:\/\/www.miamibeachfl.gov\/wp-content\/uploads\/2022\/07\/hero-small.jpg\" \/>\n<meta name=\"twitter:card\" content=\"summary_large_image\" \/>\n<meta name=\"twitter:site\" content=\"@Miamibeachnews\" \/>\n<script type=\"application\/ld+json\" class=\"yoast-schema-graph\">{\"@context\":\"https:\\\/\\\/schema.org\",\"@graph\":[{\"@type\":\"WebPage\",\"@id\":\"https:\\\/\\\/www.miamibeachfl.gov\\\/city-hall\\\/public-works\\\/geographical-information-systems\\\/\",\"url\":\"https:\\\/\\\/www.miamibeachfl.gov\\\/city-hall\\\/public-works\\\/geographical-information-systems\\\/\",\"name\":\"Geographic Information Systems - City of Miami Beach\",\"isPartOf\":{\"@id\":\"https:\\\/\\\/www.miamibeachfl.gov\\\/#website\"},\"primaryImageOfPage\":{\"@id\":\"https:\\\/\\\/www.miamibeachfl.gov\\\/city-hall\\\/public-works\\\/geographical-information-systems\\\/#primaryimage\"},\"image\":{\"@id\":\"https:\\\/\\\/www.miamibeachfl.gov\\\/city-hall\\\/public-works\\\/geographical-information-systems\\\/#primaryimage\"},\"thumbnailUrl\":\"https:\\\/\\\/www.miamibeachfl.gov\\\/wp-content\\\/uploads\\\/2022\\\/07\\\/hero-small.jpg\",\"datePublished\":\"2017-08-11T00:10:09+00:00\",\"dateModified\":\"2026-03-03T14:55:33+00:00\",\"description\":\"%\",\"breadcrumb\":{\"@id\":\"https:\\\/\\\/www.miamibeachfl.gov\\\/city-hall\\\/public-works\\\/geographical-information-systems\\\/#breadcrumb\"},\"inLanguage\":\"pt-BR\",\"potentialAction\":[{\"@type\":\"ReadAction\",\"target\":[\"https:\\\/\\\/www.miamibeachfl.gov\\\/city-hall\\\/public-works\\\/geographical-information-systems\\\/\"]}]},{\"@type\":\"ImageObject\",\"inLanguage\":\"pt-BR\",\"@id\":\"https:\\\/\\\/www.miamibeachfl.gov\\\/city-hall\\\/public-works\\\/geographical-information-systems\\\/#primaryimage\",\"url\":\"https:\\\/\\\/www.miamibeachfl.gov\\\/wp-content\\\/uploads\\\/2022\\\/07\\\/hero-small.jpg\",\"contentUrl\":\"https:\\\/\\\/www.miamibeachfl.gov\\\/wp-content\\\/uploads\\\/2022\\\/07\\\/hero-small.jpg\"},{\"@type\":\"BreadcrumbList\",\"@id\":\"https:\\\/\\\/www.miamibeachfl.gov\\\/city-hall\\\/public-works\\\/geographical-information-systems\\\/#breadcrumb\",\"itemListElement\":[{\"@type\":\"ListItem\",\"position\":1,\"name\":\"Home\",\"item\":\"https:\\\/\\\/www.miamibeachfl.gov\\\/\"},{\"@type\":\"ListItem\",\"position\":2,\"name\":\"City Hall\",\"item\":\"https:\\\/\\\/www.miamibeachfl.gov\\\/city-hall\\\/\"},{\"@type\":\"ListItem\",\"position\":3,\"name\":\"Public Works\",\"item\":\"https:\\\/\\\/www.miamibeachfl.gov\\\/city-hall\\\/public-works\\\/\"},{\"@type\":\"ListItem\",\"position\":4,\"name\":\"Geographic Information Systems\"}]},{\"@type\":\"WebSite\",\"@id\":\"https:\\\/\\\/www.miamibeachfl.gov\\\/#website\",\"url\":\"https:\\\/\\\/www.miamibeachfl.gov\\\/\",\"name\":\"City of Miami Beach\",\"description\":\"The official website of the City of Miami Beach. Stay informed, find important information on city services, news, alerts, events, trolley routes, government employment and more.\",\"publisher\":{\"@id\":\"https:\\\/\\\/www.miamibeachfl.gov\\\/#organization\"},\"potentialAction\":[{\"@type\":\"SearchAction\",\"target\":{\"@type\":\"EntryPoint\",\"urlTemplate\":\"https:\\\/\\\/www.miamibeachfl.gov\\\/?s={search_term_string}\"},\"query-input\":{\"@type\":\"PropertyValueSpecification\",\"valueRequired\":true,\"valueName\":\"search_term_string\"}}],\"inLanguage\":\"pt-BR\"},{\"@type\":\"Organization\",\"@id\":\"https:\\\/\\\/www.miamibeachfl.gov\\\/#organization\",\"name\":\"City of Miami Beach\",\"url\":\"https:\\\/\\\/www.miamibeachfl.gov\\\/\",\"logo\":{\"@type\":\"ImageObject\",\"inLanguage\":\"pt-BR\",\"@id\":\"https:\\\/\\\/www.miamibeachfl.gov\\\/#\\\/schema\\\/logo\\\/image\\\/\",\"url\":\"https:\\\/\\\/www.miamibeachfl.gov\\\/wp-content\\\/uploads\\\/2022\\\/06\\\/miamibeach-logoblue.png\",\"contentUrl\":\"https:\\\/\\\/www.miamibeachfl.gov\\\/wp-content\\\/uploads\\\/2022\\\/06\\\/miamibeach-logoblue.png\",\"width\":1962,\"height\":381,\"caption\":\"City of Miami Beach\"},\"image\":{\"@id\":\"https:\\\/\\\/www.miamibeachfl.gov\\\/#\\\/schema\\\/logo\\\/image\\\/\"},\"sameAs\":[\"https:\\\/\\\/www.facebook.com\\\/cityofmiamibeach\",\"https:\\\/\\\/x.com\\\/Miamibeachnews\",\"https:\\\/\\\/www.instagram.com\\\/miamibeachnews\\\/\"],\"description\":\"The official website of the City of Miami Beach. Stay informed, find important information on city services, news, alerts, events, trolley routes, government employment and more.\",\"telephone\":\"305.604.CITY(2489)\",\"legalName\":\"City of Miami Beach\"}]}<\/script>\n<!-- \/ Yoast SEO Premium plugin. -->","yoast_head_json":{"title":"Sistemas de Informa\u00e7\u00e3o Geogr\u00e1fica - Cidade de Miami Beach","description":"%","robots":{"index":"index","follow":"follow","max-snippet":"max-snippet:-1","max-image-preview":"max-image-preview:large","max-video-preview":"max-video-preview:-1"},"canonical":"https:\/\/www.miamibeachfl.gov\/pt\/city-hall\/public-works\/geographical-information-systems\/","og_locale":"pt_BR","og_type":"article","og_title":"Geographic Information Systems","og_description":"%","og_url":"https:\/\/www.miamibeachfl.gov\/pt\/city-hall\/public-works\/geographical-information-systems\/","og_site_name":"City of Miami Beach","article_publisher":"https:\/\/www.facebook.com\/cityofmiamibeach","article_modified_time":"2026-03-03T14:55:33+00:00","og_image":[{"url":"https:\/\/www.miamibeachfl.gov\/wp-content\/uploads\/2022\/07\/hero-small.jpg","type":"","width":"","height":""}],"twitter_card":"summary_large_image","twitter_site":"@Miamibeachnews","schema":{"@context":"https:\/\/schema.org","@graph":[{"@type":"WebPage","@id":"https:\/\/www.miamibeachfl.gov\/city-hall\/public-works\/geographical-information-systems\/","url":"https:\/\/www.miamibeachfl.gov\/city-hall\/public-works\/geographical-information-systems\/","name":"Sistemas de Informa\u00e7\u00e3o Geogr\u00e1fica - Cidade de Miami Beach","isPartOf":{"@id":"https:\/\/www.miamibeachfl.gov\/#website"},"primaryImageOfPage":{"@id":"https:\/\/www.miamibeachfl.gov\/city-hall\/public-works\/geographical-information-systems\/#primaryimage"},"image":{"@id":"https:\/\/www.miamibeachfl.gov\/city-hall\/public-works\/geographical-information-systems\/#primaryimage"},"thumbnailUrl":"https:\/\/www.miamibeachfl.gov\/wp-content\/uploads\/2022\/07\/hero-small.jpg","datePublished":"2017-08-11T00:10:09+00:00","dateModified":"2026-03-03T14:55:33+00:00","description":"%","breadcrumb":{"@id":"https:\/\/www.miamibeachfl.gov\/city-hall\/public-works\/geographical-information-systems\/#breadcrumb"},"inLanguage":"pt-BR","potentialAction":[{"@type":"ReadAction","target":["https:\/\/www.miamibeachfl.gov\/city-hall\/public-works\/geographical-information-systems\/"]}]},{"@type":"ImageObject","inLanguage":"pt-BR","@id":"https:\/\/www.miamibeachfl.gov\/city-hall\/public-works\/geographical-information-systems\/#primaryimage","url":"https:\/\/www.miamibeachfl.gov\/wp-content\/uploads\/2022\/07\/hero-small.jpg","contentUrl":"https:\/\/www.miamibeachfl.gov\/wp-content\/uploads\/2022\/07\/hero-small.jpg"},{"@type":"BreadcrumbList","@id":"https:\/\/www.miamibeachfl.gov\/city-hall\/public-works\/geographical-information-systems\/#breadcrumb","itemListElement":[{"@type":"ListItem","position":1,"name":"Home","item":"https:\/\/www.miamibeachfl.gov\/"},{"@type":"ListItem","position":2,"name":"City Hall","item":"https:\/\/www.miamibeachfl.gov\/city-hall\/"},{"@type":"ListItem","position":3,"name":"Public Works","item":"https:\/\/www.miamibeachfl.gov\/city-hall\/public-works\/"},{"@type":"ListItem","position":4,"name":"Geographic Information Systems"}]},{"@type":"WebSite","@id":"https:\/\/www.miamibeachfl.gov\/#website","url":"https:\/\/www.miamibeachfl.gov\/","name":"Cidade de Miami Beach","description":"Site oficial da cidade de Miami Beach. Mantenha-se informado e encontre informa\u00e7\u00f5es importantes sobre servi\u00e7os municipais, not\u00edcias, alertas, eventos, rotas de bonde, empregos p\u00fablicos e muito mais.","publisher":{"@id":"https:\/\/www.miamibeachfl.gov\/#organization"},"potentialAction":[{"@type":"SearchAction","target":{"@type":"EntryPoint","urlTemplate":"https:\/\/www.miamibeachfl.gov\/?s={search_term_string}"},"query-input":{"@type":"PropertyValueSpecification","valueRequired":true,"valueName":"search_term_string"}}],"inLanguage":"pt-BR"},{"@type":"Organization","@id":"https:\/\/www.miamibeachfl.gov\/#organization","name":"Cidade de Miami Beach","url":"https:\/\/www.miamibeachfl.gov\/","logo":{"@type":"ImageObject","inLanguage":"pt-BR","@id":"https:\/\/www.miamibeachfl.gov\/#\/schema\/logo\/image\/","url":"https:\/\/www.miamibeachfl.gov\/wp-content\/uploads\/2022\/06\/miamibeach-logoblue.png","contentUrl":"https:\/\/www.miamibeachfl.gov\/wp-content\/uploads\/2022\/06\/miamibeach-logoblue.png","width":1962,"height":381,"caption":"City of Miami Beach"},"image":{"@id":"https:\/\/www.miamibeachfl.gov\/#\/schema\/logo\/image\/"},"sameAs":["https:\/\/www.facebook.com\/cityofmiamibeach","https:\/\/x.com\/Miamibeachnews","https:\/\/www.instagram.com\/miamibeachnews\/"],"description":"Site oficial da cidade de Miami Beach. Mantenha-se informado e encontre informa\u00e7\u00f5es importantes sobre servi\u00e7os municipais, not\u00edcias, alertas, eventos, rotas de bonde, empregos p\u00fablicos e muito mais.","telephone":"305.604.CITY(2489)","legalName":"City of Miami Beach"}]}},"_links":{"self":[{"href":"https:\/\/www.miamibeachfl.gov\/pt\/wp-json\/wp\/v2\/pages\/28942","targetHints":{"allow":["GET"]}}],"collection":[{"href":"https:\/\/www.miamibeachfl.gov\/pt\/wp-json\/wp\/v2\/pages"}],"about":[{"href":"https:\/\/www.miamibeachfl.gov\/pt\/wp-json\/wp\/v2\/types\/page"}],"author":[{"embeddable":true,"href":"https:\/\/www.miamibeachfl.gov\/pt\/wp-json\/wp\/v2\/users\/222"}],"replies":[{"embeddable":true,"href":"https:\/\/www.miamibeachfl.gov\/pt\/wp-json\/wp\/v2\/comments?post=28942"}],"version-history":[{"count":1,"href":"https:\/\/www.miamibeachfl.gov\/pt\/wp-json\/wp\/v2\/pages\/28942\/revisions"}],"predecessor-version":[{"id":397019,"href":"https:\/\/www.miamibeachfl.gov\/pt\/wp-json\/wp\/v2\/pages\/28942\/revisions\/397019"}],"up":[{"embeddable":true,"href":"https:\/\/www.miamibeachfl.gov\/pt\/wp-json\/wp\/v2\/pages\/28931"}],"wp:attachment":[{"href":"https:\/\/www.miamibeachfl.gov\/pt\/wp-json\/wp\/v2\/media?parent=28942"}],"wp:term":[{"taxonomy":"category","embeddable":true,"href":"https:\/\/www.miamibeachfl.gov\/pt\/wp-json\/wp\/v2\/categories?post=28942"},{"taxonomy":"post_tag","embeddable":true,"href":"https:\/\/www.miamibeachfl.gov\/pt\/wp-json\/wp\/v2\/tags?post=28942"}],"curies":[{"name":"wp","href":"https:\/\/api.w.org\/{rel}","templated":true}]}}