{"id":28947,"date":"2017-08-11T00:10:13","date_gmt":"2017-08-11T00:10:13","guid":{"rendered":"http:\/\/www.miamibeachfl.gov\/city-hall\/public-works\/elevator-division\/permit-inspection-testing\/requesting-an-inspection\/"},"modified":"2026-03-03T09:55:19","modified_gmt":"2026-03-03T14:55:19","slug":"requesting-an-inspection","status":"publish","type":"page","link":"https:\/\/www.miamibeachfl.gov\/pt\/city-hall\/public-works\/elevator-division\/requesting-an-inspection\/","title":{"rendered":"Solicitando uma inspe\u00e7\u00e3o"},"content":{"rendered":"<img decoding=\"async\" src=\"https:\/\/www.miamibeachfl.gov\/wp-content\/uploads\/2022\/07\/hero-small.jpg\" alt=\"ocean drive art deco buildings\" itemprop=\"image\" height=\"211\" width=\"2395\" title=\"her\u00f3i-pequeno\" onerror=\"this.style.display='none'\" loading=\"lazy\" \/>\n<h1>\n\t\t\tSolicitando uma Inspe\u00e7\u00e3o\t<\/h1>\n\t<nav id=\"breadcrumbs\" aria-label=\"Migalhas de p\u00e3o\"><a href=\"https:\/\/www.miamibeachfl.gov\/pt\/\">Lar<\/a> &gt; <a href=\"https:\/\/www.miamibeachfl.gov\/pt\/city-hall\/\">Prefeitura<\/a> &gt; <a href=\"https:\/\/www.miamibeachfl.gov\/pt\/city-hall\/public-works\/\">Obras p\u00fablicas<\/a> &gt; <a href=\"https:\/\/www.miamibeachfl.gov\/pt\/city-hall\/public-works\/elevator-division\/\">Divis\u00e3o de Elevadores<\/a> &gt; <strong>Solicitando uma inspe\u00e7\u00e3o<\/strong><\/nav>\n\t<h2>Solicita\u00e7\u00e3o de Inspe\u00e7\u00e3o<\/h2>\n<p>As inspe\u00e7\u00f5es s\u00e3o realizadas das 8h30 \u00e0s 15h30, de segunda a sexta-feira. Envie seu <strong>Inspe\u00e7\u00e3o de elevadores<\/strong> \u00a0solicita\u00e7\u00e3o via e-mail para <a href=\"mailto:alejandrosimon@miamibeachfl.gov\">alejandrosimon@miamibeachfl.gov\u00a0<\/a>\u00a0<strong>Observe:<\/strong> A inspe\u00e7\u00e3o solicitada antes das 16:00 ser\u00e1 agendada para o pr\u00f3ximo dia \u00fatil dispon\u00edvel.<\/p>\n<h2>Requisitos:<\/h2>\n<ul>\n<li>Um t\u00e9cnico com Certificado de Compet\u00eancia deve estar presente antes da inspe\u00e7\u00e3o, caso contr\u00e1rio o inspetor da cidade de Miami Beach cancelar\u00e1.<\/li>\n<li>A c\u00f3pia aprovada dos planos, o aviso de in\u00edcio e a licen\u00e7a aprovada devem estar no local da constru\u00e7\u00e3o e o endere\u00e7o devidamente afixado e vis\u00edvel da rua, al\u00e9m de ser acess\u00edvel.<\/li>\n<\/ul>\n<h2>Solicita\u00e7\u00e3o de Inspe\u00e7\u00e3o de Horas Extras<\/h2>\n<p>Todas as solicita\u00e7\u00f5es, pagamentos e solicita\u00e7\u00f5es de inspe\u00e7\u00e3o de horas extras devem ser conclu\u00eddas antes das 12h para garantir que sua inspe\u00e7\u00e3o seja realizada ap\u00f3s as 16h do dia solicitado. Preencha o formul\u00e1rio abaixo e envie para <a href=\"mailto:jacquelinebeltran@miamibeachfl.gov\">jacquelinebeltran@miamibeachfl.gov<\/a>. Uma fatura ser\u00e1 encaminhada a voc\u00ea ap\u00f3s a solicita\u00e7\u00e3o ser aprovada.<\/p>\n<p><a href=\"http:\/\/www.miamibeachfl.gov\/wp-content\/uploads\/2018\/06\/Overtime-Inspection-Request-Form-1.pdf\">Formul\u00e1rio de solicita\u00e7\u00e3o de inspe\u00e7\u00e3o de horas extras<\/a><\/p>\n<h2>CEIs de terceiros: inspetores de elevadores<\/h2>\n<p><strong>Se\u00e7\u00e3o 399.13 FS<\/strong>. permite <a href=\"https:\/\/www.myfloridalicense.com\/wl11.asp\">Departamento de Regulamenta\u00e7\u00e3o Empresarial e Profissional da Fl\u00f3rida (DBPR)<\/a> contratar governos locais para inspecionar elevadores e fazer cumprir as disposi\u00e7\u00f5es aplic\u00e1veis do C\u00f3digo de Constru\u00e7\u00e3o da Fl\u00f3rida. Tamb\u00e9m permite que governos locais utilizem inspetores de elevadores certificados por terceiros (CEIs de Terceiros) para inspecionar elevadores.<\/p>\n<p>Os inspetores de elevadores certificados com uma licen\u00e7a CEI ativa do estado da Fl\u00f3rida que desejam realizar inspe\u00e7\u00f5es anuais ou testes de cinco (5) anos na cidade de Miami Beach devem:<\/p>\n<p>Seja um t\u00e9cnico de elevadores certificado e um Inspetor Qualificado de Elevadores (QEI) deve testemunhar o teste.<\/p>\n<p>O propriet\u00e1rio do im\u00f3vel \u00e9 respons\u00e1vel por ter essas inspe\u00e7\u00f5es e testes anuais realizados por uma empresa licenciada de manuten\u00e7\u00e3o de elevadores.<\/p>\n<p>Qualquer viola\u00e7\u00e3o observada em seu relat\u00f3rio de inspe\u00e7\u00e3o anual deve ser corrigida com<strong> 90 dias<\/strong>O relat\u00f3rio deve ser assinado pelo propriet\u00e1rio do edif\u00edcio ou por um representante da empresa de administra\u00e7\u00e3o do im\u00f3vel para verificar se todas as corre\u00e7\u00f5es foram feitas e se o dispositivo de eleva\u00e7\u00e3o est\u00e1 em conformidade com o Cap\u00edtulo 399 dos Estatutos da Fl\u00f3rida. Voc\u00ea deve ent\u00e3o nos encaminhar o relat\u00f3rio assinado em at\u00e9 cinco (5) dias \u00fateis.<\/p>\n<p>Voc\u00ea pode entrar em contato diretamente com qualquer empresa de CEI terceirizada aprovada e ativa listada abaixo para agendar inspe\u00e7\u00f5es anuais\/de rotina e de teste. Atualizamos regularmente nossa lista de fornecedores \u00e0 medida que recebemos e aprovamos solicita\u00e7\u00f5es. Para mais informa\u00e7\u00f5es sobre esta lista, ligue para 305-673-7225.<\/p>\n<p><a href=\"https:\/\/www.miamibeachfl.gov\/wp-content\/uploads\/2023\/07\/Active-Third-Party-Elevator-Inspection-Companies.pdf\">Empresas de inspe\u00e7\u00e3o CEI terceirizadas ativas<\/a><\/p>\n<h2>Informa\u00e7\u00f5es importantes:<\/h2>\n<p>Os CEIs terceirizados geralmente t\u00eam as mesmas qualifica\u00e7\u00f5es que nossos inspetores e normalmente seguem os mesmos procedimentos de inspe\u00e7\u00e3o e execu\u00e7\u00e3o.<\/p>\n<p>Voc\u00ea pode verificar a certifica\u00e7\u00e3o de um CEI de terceiros com o <a href=\"https:\/\/www.myfloridalicense.com\/wl11.asp\">Departamento de Regulamenta\u00e7\u00e3o Empresarial e Profissional<\/a> Relat\u00f3rio de inspetores de elevadores certificados.<\/p>\n<p>Quaisquer viola\u00e7\u00f5es de c\u00f3digo identificadas por um CEI de terceiros t\u00eam o mesmo peso regulat\u00f3rio que aquelas identificadas por nossos inspetores.<\/p>\n<p>Se necess\u00e1rio, voc\u00ea pode solicitar que um CEI terceirizado apresente uma carta do nosso escrit\u00f3rio autorizando sua participa\u00e7\u00e3o no programa.<\/p>\n<p>N\u00f3s <strong>n\u00e3o<\/strong> regular as taxas cobradas por CEIs de terceiros e os acordos com um CEI de terceiros s\u00e3o considerados um assunto privado.<\/p>\n<p>Os CEIs terceirizados devem se registrar antes de iniciar a inspe\u00e7\u00e3o na Cidade de Miami Beach e fornecer todas as credenciais.<\/p>\n<p>A cidade de Miami Beach monitora regularmente o trabalho dos CEIs de terceiros e pede aos propriet\u00e1rios de elevadores, que usaram recentemente um CEI de terceiros, que nos permitam conduzir uma inspe\u00e7\u00e3o de garantia de qualidade para verificar os procedimentos usados e as descobertas.<\/p>\n<p>Este site servir\u00e1 como nosso principal meio de divulga\u00e7\u00e3o de novas informa\u00e7\u00f5es aos nossos fornecedores, portanto, consulte-o com frequ\u00eancia. Para fornecer feedback sobre um CEI de terceiros ou se tiver d\u00favidas, ligue para 305-673-7225 e solicite um supervisor.<\/p>\n<p>&nbsp;<\/p>\n<h2>Recursos de elevador<\/h2>\n<p><a href=\"https:\/\/www.asme.org\/\">Sociedade Americana de Engenheiros Mec\u00e2nicos (ASME)<\/a><\/p>\n<p><a href=\"http:\/\/www.leg.state.fl.us\/statutes\/index.cfm?mode=View%20Statutes&amp;SubMenu=1&amp;App_mode=Display_Statute&amp;Search_String=399.13&amp;URL=0300-0399\/0399\/Sections\/0399.061.html\">Estatutos da Fl\u00f3rida, Cap\u00edtulo 399, Seguran\u00e7a de Elevadores<\/a><\/p>\n<p><a href=\"https:\/\/www.myfloridalicense.com\/wl11.asp\">Departamento de Regulamenta\u00e7\u00f5es Comerciais e Profissionais da Fl\u00f3rida (DBPR)<\/a><\/p>\n\t\tNavegar para\u2026\t\t\t\n\t\t\t\t\t<ul id=\"menu-public-works-elevator\"><li id=\"menu-item-364284\"><a href=\"\/pt\/city-hall\/public-works\/elevator-division\/elevator-faqs\/\">Perguntas frequentes sobre elevadores<\/a><\/li>\n<li id=\"menu-item-364285\"><a href=\"\/pt\/city-hall\/public-works\/elevator-division\/elevator-forms\/\">Formul\u00e1rios de Elevador<\/a><\/li>\n<li id=\"menu-item-364286\"><a href=\"\/pt\/city-hall\/public-works\/elevator-division\/elevator-permit\/\">Permiss\u00e3o de elevador<\/a><\/li>\n<li id=\"menu-item-364288\"><a href=\"\/pt\/city-hall\/public-works\/elevator-division\/elevator-status-fees\/\">Taxas de status do elevador<\/a><\/li>\n<li id=\"menu-item-364289\"><a href=\"\/pt\/city-hall\/public-works\/elevator-division\/regulations-requirements\/\">Regulamentos e Requisitos<\/a><\/li>\n<li id=\"menu-item-364290\"><a href=\"\/pt\/city-hall\/public-works\/elevator-division\/prescriptive-based-process\/\">Relat\u00f3rio de Acidentes de Elevador<\/a><\/li>\n<li id=\"menu-item-364291\"><a href=\"\/pt\/city-hall\/public-works\/elevator-division\/requesting-an-inspection\/\">Solicitando uma inspe\u00e7\u00e3o<\/a><\/li>\n<\/ul>\t\n\t<div class=\"page-navigation\"><a class=\"prev-page\" href=\"https:\/\/www.miamibeachfl.gov\/pt\/city-hall\/public-works\/elevator-division\/regulations-requirements\/\">\u2190 Regulamentos e Requisitos<\/a> <a class=\"next-page\" href=\"https:\/\/www.miamibeachfl.gov\/pt\/city-hall\/public-works\/engineering-division\/section-1-c-traffic-engineering-1-traffic-general\/section-1-c-traffic-engineering-2-traffic-calming\/\">Se\u00e7\u00e3o 1 C. Engenharia de Tr\u00e1fego 2. Acalmia de Tr\u00e1fego \u2192<\/a><\/div>","protected":false},"excerpt":{"rendered":"<p>Requesting an Inspection Home &gt; City Hall &gt; Public Works &gt; Elevator Division &gt; Requesting An Inspection Inspection Request Inspections [&hellip;]<\/p>\n","protected":false},"author":222,"featured_media":0,"parent":28943,"menu_order":0,"comment_status":"closed","ping_status":"closed","template":"","meta":{"_searchwp_excluded":"","site-sidebar-layout":"default","site-content-layout":"","ast-site-content-layout":"default","site-content-style":"default","site-sidebar-style":"default","ast-global-header-display":"","ast-banner-title-visibility":"","ast-main-header-display":"","ast-hfb-above-header-display":"","ast-hfb-below-header-display":"","ast-hfb-mobile-header-display":"","site-post-title":"","ast-breadcrumbs-content":"","ast-featured-img":"","footer-sml-layout":"","theme-transparent-header-meta":"","adv-header-id-meta":"","stick-header-meta":"","header-above-stick-meta":"","header-main-stick-meta":"","header-below-stick-meta":"","astra-migrate-meta-layouts":"default","ast-page-background-enabled":"default","ast-page-background-meta":{"desktop":{"background-color":"var(--ast-global-color-5)","background-image":"","background-repeat":"repeat","background-position":"center center","background-size":"auto","background-attachment":"scroll","background-type":"","background-media":"","overlay-type":"","overlay-color":"","overlay-opacity":"","overlay-gradient":""},"tablet":{"background-color":"","background-image":"","background-repeat":"repeat","background-position":"center center","background-size":"auto","background-attachment":"scroll","background-type":"","background-media":"","overlay-type":"","overlay-color":"","overlay-opacity":"","overlay-gradient":""},"mobile":{"background-color":"","background-image":"","background-repeat":"repeat","background-position":"center center","background-size":"auto","background-attachment":"scroll","background-type":"","background-media":"","overlay-type":"","overlay-color":"","overlay-opacity":"","overlay-gradient":""}},"ast-content-background-meta":{"desktop":{"background-color":"var(--ast-global-color-4)","background-image":"","background-repeat":"repeat","background-position":"center center","background-size":"auto","background-attachment":"scroll","background-type":"","background-media":"","overlay-type":"","overlay-color":"","overlay-opacity":"","overlay-gradient":""},"tablet":{"background-color":"var(--ast-global-color-4)","background-image":"","background-repeat":"repeat","background-position":"center center","background-size":"auto","background-attachment":"scroll","background-type":"","background-media":"","overlay-type":"","overlay-color":"","overlay-opacity":"","overlay-gradient":""},"mobile":{"background-color":"var(--ast-global-color-4)","background-image":"","background-repeat":"repeat","background-position":"center center","background-size":"auto","background-attachment":"scroll","background-type":"","background-media":"","overlay-type":"","overlay-color":"","overlay-opacity":"","overlay-gradient":""}},"footnotes":""},"categories":[],"tags":[],"class_list":["post-28947","page","type-page","status-publish","hentry"],"yoast_head":"<!-- This site is optimized with the Yoast SEO Premium plugin v27.4 (Yoast SEO v27.4) - https:\/\/yoast.com\/product\/yoast-seo-premium-wordpress\/ -->\n<title>Requesting An Inspection - City of Miami Beach<\/title>\n<meta name=\"description\" content=\"%\" \/>\n<meta name=\"robots\" content=\"index, follow, max-snippet:-1, max-image-preview:large, max-video-preview:-1\" \/>\n<link rel=\"canonical\" href=\"https:\/\/www.miamibeachfl.gov\/pt\/city-hall\/public-works\/elevator-division\/requesting-an-inspection\/\" \/>\n<meta property=\"og:locale\" content=\"pt_BR\" \/>\n<meta property=\"og:type\" content=\"article\" \/>\n<meta property=\"og:title\" content=\"Requesting An Inspection\" \/>\n<meta property=\"og:description\" content=\"%\" \/>\n<meta property=\"og:url\" content=\"https:\/\/www.miamibeachfl.gov\/pt\/city-hall\/public-works\/elevator-division\/requesting-an-inspection\/\" \/>\n<meta property=\"og:site_name\" content=\"City of Miami Beach\" \/>\n<meta property=\"article:publisher\" content=\"https:\/\/www.facebook.com\/cityofmiamibeach\" \/>\n<meta property=\"article:modified_time\" content=\"2026-03-03T14:55:19+00:00\" \/>\n<meta property=\"og:image\" content=\"https:\/\/www.miamibeachfl.gov\/wp-content\/uploads\/2022\/07\/hero-small.jpg\" \/>\n<meta name=\"twitter:card\" content=\"summary_large_image\" \/>\n<meta name=\"twitter:site\" content=\"@Miamibeachnews\" \/>\n<script type=\"application\/ld+json\" class=\"yoast-schema-graph\">{\"@context\":\"https:\\\/\\\/schema.org\",\"@graph\":[{\"@type\":\"WebPage\",\"@id\":\"https:\\\/\\\/www.miamibeachfl.gov\\\/city-hall\\\/public-works\\\/elevator-division\\\/requesting-an-inspection\\\/\",\"url\":\"https:\\\/\\\/www.miamibeachfl.gov\\\/city-hall\\\/public-works\\\/elevator-division\\\/requesting-an-inspection\\\/\",\"name\":\"Requesting An Inspection - City of Miami Beach\",\"isPartOf\":{\"@id\":\"https:\\\/\\\/www.miamibeachfl.gov\\\/#website\"},\"primaryImageOfPage\":{\"@id\":\"https:\\\/\\\/www.miamibeachfl.gov\\\/city-hall\\\/public-works\\\/elevator-division\\\/requesting-an-inspection\\\/#primaryimage\"},\"image\":{\"@id\":\"https:\\\/\\\/www.miamibeachfl.gov\\\/city-hall\\\/public-works\\\/elevator-division\\\/requesting-an-inspection\\\/#primaryimage\"},\"thumbnailUrl\":\"https:\\\/\\\/www.miamibeachfl.gov\\\/wp-content\\\/uploads\\\/2022\\\/07\\\/hero-small.jpg\",\"datePublished\":\"2017-08-11T00:10:13+00:00\",\"dateModified\":\"2026-03-03T14:55:19+00:00\",\"description\":\"%\",\"breadcrumb\":{\"@id\":\"https:\\\/\\\/www.miamibeachfl.gov\\\/city-hall\\\/public-works\\\/elevator-division\\\/requesting-an-inspection\\\/#breadcrumb\"},\"inLanguage\":\"pt-BR\",\"potentialAction\":[{\"@type\":\"ReadAction\",\"target\":[\"https:\\\/\\\/www.miamibeachfl.gov\\\/city-hall\\\/public-works\\\/elevator-division\\\/requesting-an-inspection\\\/\"]}]},{\"@type\":\"ImageObject\",\"inLanguage\":\"pt-BR\",\"@id\":\"https:\\\/\\\/www.miamibeachfl.gov\\\/city-hall\\\/public-works\\\/elevator-division\\\/requesting-an-inspection\\\/#primaryimage\",\"url\":\"https:\\\/\\\/www.miamibeachfl.gov\\\/wp-content\\\/uploads\\\/2022\\\/07\\\/hero-small.jpg\",\"contentUrl\":\"https:\\\/\\\/www.miamibeachfl.gov\\\/wp-content\\\/uploads\\\/2022\\\/07\\\/hero-small.jpg\"},{\"@type\":\"BreadcrumbList\",\"@id\":\"https:\\\/\\\/www.miamibeachfl.gov\\\/city-hall\\\/public-works\\\/elevator-division\\\/requesting-an-inspection\\\/#breadcrumb\",\"itemListElement\":[{\"@type\":\"ListItem\",\"position\":1,\"name\":\"Home\",\"item\":\"https:\\\/\\\/www.miamibeachfl.gov\\\/\"},{\"@type\":\"ListItem\",\"position\":2,\"name\":\"City Hall\",\"item\":\"https:\\\/\\\/www.miamibeachfl.gov\\\/city-hall\\\/\"},{\"@type\":\"ListItem\",\"position\":3,\"name\":\"Public Works\",\"item\":\"https:\\\/\\\/www.miamibeachfl.gov\\\/city-hall\\\/public-works\\\/\"},{\"@type\":\"ListItem\",\"position\":4,\"name\":\"Elevator Division\",\"item\":\"https:\\\/\\\/www.miamibeachfl.gov\\\/city-hall\\\/public-works\\\/elevator-division\\\/\"},{\"@type\":\"ListItem\",\"position\":5,\"name\":\"Requesting An Inspection\"}]},{\"@type\":\"WebSite\",\"@id\":\"https:\\\/\\\/www.miamibeachfl.gov\\\/#website\",\"url\":\"https:\\\/\\\/www.miamibeachfl.gov\\\/\",\"name\":\"City of Miami Beach\",\"description\":\"The official website of the City of Miami Beach. Stay informed, find important information on city services, news, alerts, events, trolley routes, government employment and more.\",\"publisher\":{\"@id\":\"https:\\\/\\\/www.miamibeachfl.gov\\\/#organization\"},\"potentialAction\":[{\"@type\":\"SearchAction\",\"target\":{\"@type\":\"EntryPoint\",\"urlTemplate\":\"https:\\\/\\\/www.miamibeachfl.gov\\\/?s={search_term_string}\"},\"query-input\":{\"@type\":\"PropertyValueSpecification\",\"valueRequired\":true,\"valueName\":\"search_term_string\"}}],\"inLanguage\":\"pt-BR\"},{\"@type\":\"Organization\",\"@id\":\"https:\\\/\\\/www.miamibeachfl.gov\\\/#organization\",\"name\":\"City of Miami Beach\",\"url\":\"https:\\\/\\\/www.miamibeachfl.gov\\\/\",\"logo\":{\"@type\":\"ImageObject\",\"inLanguage\":\"pt-BR\",\"@id\":\"https:\\\/\\\/www.miamibeachfl.gov\\\/#\\\/schema\\\/logo\\\/image\\\/\",\"url\":\"https:\\\/\\\/www.miamibeachfl.gov\\\/wp-content\\\/uploads\\\/2022\\\/06\\\/miamibeach-logoblue.png\",\"contentUrl\":\"https:\\\/\\\/www.miamibeachfl.gov\\\/wp-content\\\/uploads\\\/2022\\\/06\\\/miamibeach-logoblue.png\",\"width\":1962,\"height\":381,\"caption\":\"City of Miami Beach\"},\"image\":{\"@id\":\"https:\\\/\\\/www.miamibeachfl.gov\\\/#\\\/schema\\\/logo\\\/image\\\/\"},\"sameAs\":[\"https:\\\/\\\/www.facebook.com\\\/cityofmiamibeach\",\"https:\\\/\\\/x.com\\\/Miamibeachnews\",\"https:\\\/\\\/www.instagram.com\\\/miamibeachnews\\\/\"],\"description\":\"The official website of the City of Miami Beach. Stay informed, find important information on city services, news, alerts, events, trolley routes, government employment and more.\",\"telephone\":\"305.604.CITY(2489)\",\"legalName\":\"City of Miami Beach\"}]}<\/script>\n<!-- \/ Yoast SEO Premium plugin. -->","yoast_head_json":{"title":"Solicitando uma Inspe\u00e7\u00e3o - Cidade de Miami Beach","description":"%","robots":{"index":"index","follow":"follow","max-snippet":"max-snippet:-1","max-image-preview":"max-image-preview:large","max-video-preview":"max-video-preview:-1"},"canonical":"https:\/\/www.miamibeachfl.gov\/pt\/city-hall\/public-works\/elevator-division\/requesting-an-inspection\/","og_locale":"pt_BR","og_type":"article","og_title":"Requesting An Inspection","og_description":"%","og_url":"https:\/\/www.miamibeachfl.gov\/pt\/city-hall\/public-works\/elevator-division\/requesting-an-inspection\/","og_site_name":"City of Miami Beach","article_publisher":"https:\/\/www.facebook.com\/cityofmiamibeach","article_modified_time":"2026-03-03T14:55:19+00:00","og_image":[{"url":"https:\/\/www.miamibeachfl.gov\/wp-content\/uploads\/2022\/07\/hero-small.jpg","type":"","width":"","height":""}],"twitter_card":"summary_large_image","twitter_site":"@Miamibeachnews","schema":{"@context":"https:\/\/schema.org","@graph":[{"@type":"WebPage","@id":"https:\/\/www.miamibeachfl.gov\/city-hall\/public-works\/elevator-division\/requesting-an-inspection\/","url":"https:\/\/www.miamibeachfl.gov\/city-hall\/public-works\/elevator-division\/requesting-an-inspection\/","name":"Solicitando uma Inspe\u00e7\u00e3o - Cidade de Miami Beach","isPartOf":{"@id":"https:\/\/www.miamibeachfl.gov\/#website"},"primaryImageOfPage":{"@id":"https:\/\/www.miamibeachfl.gov\/city-hall\/public-works\/elevator-division\/requesting-an-inspection\/#primaryimage"},"image":{"@id":"https:\/\/www.miamibeachfl.gov\/city-hall\/public-works\/elevator-division\/requesting-an-inspection\/#primaryimage"},"thumbnailUrl":"https:\/\/www.miamibeachfl.gov\/wp-content\/uploads\/2022\/07\/hero-small.jpg","datePublished":"2017-08-11T00:10:13+00:00","dateModified":"2026-03-03T14:55:19+00:00","description":"%","breadcrumb":{"@id":"https:\/\/www.miamibeachfl.gov\/city-hall\/public-works\/elevator-division\/requesting-an-inspection\/#breadcrumb"},"inLanguage":"pt-BR","potentialAction":[{"@type":"ReadAction","target":["https:\/\/www.miamibeachfl.gov\/city-hall\/public-works\/elevator-division\/requesting-an-inspection\/"]}]},{"@type":"ImageObject","inLanguage":"pt-BR","@id":"https:\/\/www.miamibeachfl.gov\/city-hall\/public-works\/elevator-division\/requesting-an-inspection\/#primaryimage","url":"https:\/\/www.miamibeachfl.gov\/wp-content\/uploads\/2022\/07\/hero-small.jpg","contentUrl":"https:\/\/www.miamibeachfl.gov\/wp-content\/uploads\/2022\/07\/hero-small.jpg"},{"@type":"BreadcrumbList","@id":"https:\/\/www.miamibeachfl.gov\/city-hall\/public-works\/elevator-division\/requesting-an-inspection\/#breadcrumb","itemListElement":[{"@type":"ListItem","position":1,"name":"Home","item":"https:\/\/www.miamibeachfl.gov\/"},{"@type":"ListItem","position":2,"name":"City Hall","item":"https:\/\/www.miamibeachfl.gov\/city-hall\/"},{"@type":"ListItem","position":3,"name":"Public Works","item":"https:\/\/www.miamibeachfl.gov\/city-hall\/public-works\/"},{"@type":"ListItem","position":4,"name":"Elevator Division","item":"https:\/\/www.miamibeachfl.gov\/city-hall\/public-works\/elevator-division\/"},{"@type":"ListItem","position":5,"name":"Requesting An Inspection"}]},{"@type":"WebSite","@id":"https:\/\/www.miamibeachfl.gov\/#website","url":"https:\/\/www.miamibeachfl.gov\/","name":"Cidade de Miami Beach","description":"Site oficial da cidade de Miami Beach. Mantenha-se informado e encontre informa\u00e7\u00f5es importantes sobre servi\u00e7os municipais, not\u00edcias, alertas, eventos, rotas de bonde, empregos p\u00fablicos e muito mais.","publisher":{"@id":"https:\/\/www.miamibeachfl.gov\/#organization"},"potentialAction":[{"@type":"SearchAction","target":{"@type":"EntryPoint","urlTemplate":"https:\/\/www.miamibeachfl.gov\/?s={search_term_string}"},"query-input":{"@type":"PropertyValueSpecification","valueRequired":true,"valueName":"search_term_string"}}],"inLanguage":"pt-BR"},{"@type":"Organization","@id":"https:\/\/www.miamibeachfl.gov\/#organization","name":"Cidade de Miami Beach","url":"https:\/\/www.miamibeachfl.gov\/","logo":{"@type":"ImageObject","inLanguage":"pt-BR","@id":"https:\/\/www.miamibeachfl.gov\/#\/schema\/logo\/image\/","url":"https:\/\/www.miamibeachfl.gov\/wp-content\/uploads\/2022\/06\/miamibeach-logoblue.png","contentUrl":"https:\/\/www.miamibeachfl.gov\/wp-content\/uploads\/2022\/06\/miamibeach-logoblue.png","width":1962,"height":381,"caption":"City of Miami Beach"},"image":{"@id":"https:\/\/www.miamibeachfl.gov\/#\/schema\/logo\/image\/"},"sameAs":["https:\/\/www.facebook.com\/cityofmiamibeach","https:\/\/x.com\/Miamibeachnews","https:\/\/www.instagram.com\/miamibeachnews\/"],"description":"Site oficial da cidade de Miami Beach. Mantenha-se informado e encontre informa\u00e7\u00f5es importantes sobre servi\u00e7os municipais, not\u00edcias, alertas, eventos, rotas de bonde, empregos p\u00fablicos e muito mais.","telephone":"305.604.CITY(2489)","legalName":"City of Miami Beach"}]}},"_links":{"self":[{"href":"https:\/\/www.miamibeachfl.gov\/pt\/wp-json\/wp\/v2\/pages\/28947","targetHints":{"allow":["GET"]}}],"collection":[{"href":"https:\/\/www.miamibeachfl.gov\/pt\/wp-json\/wp\/v2\/pages"}],"about":[{"href":"https:\/\/www.miamibeachfl.gov\/pt\/wp-json\/wp\/v2\/types\/page"}],"author":[{"embeddable":true,"href":"https:\/\/www.miamibeachfl.gov\/pt\/wp-json\/wp\/v2\/users\/222"}],"replies":[{"embeddable":true,"href":"https:\/\/www.miamibeachfl.gov\/pt\/wp-json\/wp\/v2\/comments?post=28947"}],"version-history":[{"count":2,"href":"https:\/\/www.miamibeachfl.gov\/pt\/wp-json\/wp\/v2\/pages\/28947\/revisions"}],"predecessor-version":[{"id":397018,"href":"https:\/\/www.miamibeachfl.gov\/pt\/wp-json\/wp\/v2\/pages\/28947\/revisions\/397018"}],"up":[{"embeddable":true,"href":"https:\/\/www.miamibeachfl.gov\/pt\/wp-json\/wp\/v2\/pages\/28943"}],"wp:attachment":[{"href":"https:\/\/www.miamibeachfl.gov\/pt\/wp-json\/wp\/v2\/media?parent=28947"}],"wp:term":[{"taxonomy":"category","embeddable":true,"href":"https:\/\/www.miamibeachfl.gov\/pt\/wp-json\/wp\/v2\/categories?post=28947"},{"taxonomy":"post_tag","embeddable":true,"href":"https:\/\/www.miamibeachfl.gov\/pt\/wp-json\/wp\/v2\/tags?post=28947"}],"curies":[{"name":"wp","href":"https:\/\/api.w.org\/{rel}","templated":true}]}}