{"id":29073,"date":"2017-08-11T00:11:38","date_gmt":"2017-08-11T00:11:38","guid":{"rendered":"http:\/\/www.miamibeachfl.gov\/city-hall\/public-works\/table-of-contents-details\/section-2-a-2-asphalt-driveway-connection\/"},"modified":"2018-01-26T13:54:13","modified_gmt":"2018-01-26T18:54:13","slug":"section-2-a-2-asphalt-driveway-connection","status":"publish","type":"page","link":"https:\/\/www.miamibeachfl.gov\/pt\/city-hall\/public-works\/engineering-division\/section-2-a-rights-of-way-permits-and-procedures\/section-2-a-2-asphalt-driveway-connection\/","title":{"rendered":"Se\u00e7\u00e3o 2 A 2. Conex\u00e3o de entrada de asfalto"},"content":{"rendered":"<\/p>\n<table>\n<caption>Constru\u00e7\u00e3o\/Reparo de Meio-fio e Sarjeta de Cal\u00e7ada<\/caption>\n<tbody>\n<tr>\n<td>\n<p><strong>SE\u00c7\u00c3O 2 REQUISITOS DE CONSTRU\u00c7\u00c3O DE DIREITOS DE PASSAGEM<\/strong><\/p>\n<p><strong>A. Permiss\u00f5es e procedimentos de direitos de passagem<\/strong><\/p>\n<p><strong>2. Conex\u00e3o de entrada de asfalto<\/strong><\/p>\n<p>Requisitos de licen\u00e7a para conex\u00e3o de cal\u00e7ada de asfalto:<\/p>\n<p>a) Levantamento certificado de propriedade com menos de 2 anos Quatro (4) conjuntos de plantas, perfil\/se\u00e7\u00e3o desenhado em escala (tamanho m\u00ednimo de 11\u2033x17\u2033) \u2013 veja os padr\u00f5es m\u00ednimos de constru\u00e7\u00e3o abaixo.<\/p>\n<p>b) Comprovante de propriedade do im\u00f3vel para autoriza\u00e7\u00e3o de constru\u00e7\u00e3o do propriet\u00e1rio\/construtor (escritura de garantia, escritura de propriedade<\/p>\n<p>(documento de avalia\u00e7\u00e3o fiscal.)<\/p>\n<p>c) Comprovante de licen\u00e7a de contratante do Estado da Fl\u00f3rida e do Condado de Miami-Dade<\/p>\n<p>d) Cau\u00e7\u00e3o m\u00ednima de $500 por abordagem de entrada de ve\u00edculos necess\u00e1ria para autoriza\u00e7\u00e3o do Propriet\u00e1rio\/Construtor<\/p>\n<p>e) Permiss\u00e3o do Departamento de Transporte da Fl\u00f3rida necess\u00e1ria para estradas estaduais e direitos de passagem (Escrit\u00f3rio de Permiss\u00f5es do 6\u00ba Distrito, 1000 NW 111 Ave., Miami, FL 33172 Tel. 305-470-5367)<\/p>\n<p>Estradas estaduais: Alton Road, 5th Street Collins Avenue, 63rd Street, 71st Street\/ Normandy Drive., e<\/p>\n<p>Indian Creek Drive<\/p>\n<p>f) \u00c9 necess\u00e1ria autoriza\u00e7\u00e3o do Condado de Miami-Dade para estradas e direitos de passagem do Condado (Obras P\u00fablicas do Condado de Miami-Dade 111 NW 1st Street, Miami FL 33132 \u2013 Tel. 305-375-2142) Estradas do Condado de Miami-Dade: 23rd Street, Dade Blvd, Pine Tree Drive, La Gorce Drive e Venetian Causeway<\/p>\n<p>g) Plano de Manuten\u00e7\u00e3o de Tr\u00e1fego (MOT). Pode ser necess\u00e1rio um policial de Miami Beach fora de servi\u00e7o ou um sinalizador certificado pelo FDOT. Uma decis\u00e3o ser\u00e1 tomada pela Engenharia de Obras P\u00fablicas.<\/p>\n<\/td>\n<\/tr>\n<\/tbody>\n<\/table>\n<p>\u00a0<\/p>","protected":false},"excerpt":{"rendered":"<p>Constru\u00e7\u00e3o\/Reparo de Meio-fio e Sarjeta de Cal\u00e7ada SE\u00c7\u00c3O 2 REQUISITOS DE CONSTRU\u00c7\u00c3O DE DIREITOS DE PASSAGEM A. Permiss\u00f5es e Procedimentos de Direitos de Passagem 2. Permiss\u00e3o de Conex\u00e3o de Entrada de Asfalto [\u2026]<\/p>","protected":false},"author":222,"featured_media":0,"parent":29086,"menu_order":0,"comment_status":"closed","ping_status":"closed","template":"","meta":{"_searchwp_excluded":"","site-sidebar-layout":"default","site-content-layout":"","ast-site-content-layout":"default","site-content-style":"default","site-sidebar-style":"default","ast-global-header-display":"","ast-banner-title-visibility":"","ast-main-header-display":"","ast-hfb-above-header-display":"","ast-hfb-below-header-display":"","ast-hfb-mobile-header-display":"","site-post-title":"","ast-breadcrumbs-content":"","ast-featured-img":"","footer-sml-layout":"","theme-transparent-header-meta":"","adv-header-id-meta":"","stick-header-meta":"","header-above-stick-meta":"","header-main-stick-meta":"","header-below-stick-meta":"","astra-migrate-meta-layouts":"default","ast-page-background-enabled":"default","ast-page-background-meta":{"desktop":{"background-color":"var(--ast-global-color-5)","background-image":"","background-repeat":"repeat","background-position":"center center","background-size":"auto","background-attachment":"scroll","background-type":"","background-media":"","overlay-type":"","overlay-color":"","overlay-opacity":"","overlay-gradient":""},"tablet":{"background-color":"","background-image":"","background-repeat":"repeat","background-position":"center center","background-size":"auto","background-attachment":"scroll","background-type":"","background-media":"","overlay-type":"","overlay-color":"","overlay-opacity":"","overlay-gradient":""},"mobile":{"background-color":"","background-image":"","background-repeat":"repeat","background-position":"center center","background-size":"auto","background-attachment":"scroll","background-type":"","background-media":"","overlay-type":"","overlay-color":"","overlay-opacity":"","overlay-gradient":""}},"ast-content-background-meta":{"desktop":{"background-color":"var(--ast-global-color-4)","background-image":"","background-repeat":"repeat","background-position":"center center","background-size":"auto","background-attachment":"scroll","background-type":"","background-media":"","overlay-type":"","overlay-color":"","overlay-opacity":"","overlay-gradient":""},"tablet":{"background-color":"var(--ast-global-color-4)","background-image":"","background-repeat":"repeat","background-position":"center center","background-size":"auto","background-attachment":"scroll","background-type":"","background-media":"","overlay-type":"","overlay-color":"","overlay-opacity":"","overlay-gradient":""},"mobile":{"background-color":"var(--ast-global-color-4)","background-image":"","background-repeat":"repeat","background-position":"center center","background-size":"auto","background-attachment":"scroll","background-type":"","background-media":"","overlay-type":"","overlay-color":"","overlay-opacity":"","overlay-gradient":""}},"footnotes":""},"categories":[],"tags":[],"class_list":["post-29073","page","type-page","status-publish","hentry"],"yoast_head":"<!-- This site is optimized with the Yoast SEO Premium plugin v26.6 (Yoast SEO v26.6) - https:\/\/yoast.com\/wordpress\/plugins\/seo\/ -->\n<title>Section 2  A  2. Asphalt Driveway Connection - City of Miami Beach<\/title>\n<meta name=\"description\" content=\"%\" \/>\n<meta name=\"robots\" content=\"index, follow, max-snippet:-1, max-image-preview:large, max-video-preview:-1\" \/>\n<link rel=\"canonical\" href=\"https:\/\/www.miamibeachfl.gov\/pt\/city-hall\/public-works\/engineering-division\/section-2-a-rights-of-way-permits-and-procedures\/section-2-a-2-asphalt-driveway-connection\/\" \/>\n<meta property=\"og:locale\" content=\"pt_BR\" \/>\n<meta property=\"og:type\" content=\"article\" \/>\n<meta property=\"og:title\" content=\"Section 2  A  2. Asphalt Driveway Connection\" \/>\n<meta property=\"og:description\" content=\"%\" \/>\n<meta property=\"og:url\" content=\"https:\/\/www.miamibeachfl.gov\/pt\/city-hall\/public-works\/engineering-division\/section-2-a-rights-of-way-permits-and-procedures\/section-2-a-2-asphalt-driveway-connection\/\" \/>\n<meta property=\"og:site_name\" content=\"City of Miami Beach\" \/>\n<meta property=\"article:publisher\" content=\"https:\/\/www.facebook.com\/cityofmiamibeach\" \/>\n<meta property=\"article:modified_time\" content=\"2018-01-26T18:54:13+00:00\" \/>\n<meta property=\"og:image\" content=\"https:\/\/www.miamibeachfl.gov\/wp-content\/uploads\/2024\/01\/1000pxSquare-miamibeach-aerial-southpointview.jpeg\" \/>\n\t<meta property=\"og:image:width\" content=\"1000\" \/>\n\t<meta property=\"og:image:height\" content=\"1000\" \/>\n\t<meta property=\"og:image:type\" content=\"image\/jpeg\" \/>\n<meta name=\"twitter:card\" content=\"summary_large_image\" \/>\n<meta name=\"twitter:site\" content=\"@Miamibeachnews\" \/>\n<script type=\"application\/ld+json\" class=\"yoast-schema-graph\">{\"@context\":\"https:\/\/schema.org\",\"@graph\":[{\"@type\":\"WebPage\",\"@id\":\"https:\/\/www.miamibeachfl.gov\/city-hall\/public-works\/engineering-division\/section-2-a-rights-of-way-permits-and-procedures\/section-2-a-2-asphalt-driveway-connection\/\",\"url\":\"https:\/\/www.miamibeachfl.gov\/city-hall\/public-works\/engineering-division\/section-2-a-rights-of-way-permits-and-procedures\/section-2-a-2-asphalt-driveway-connection\/\",\"name\":\"Section 2 A 2. Asphalt Driveway Connection - City of Miami Beach\",\"isPartOf\":{\"@id\":\"https:\/\/www.miamibeachfl.gov\/#website\"},\"datePublished\":\"2017-08-11T00:11:38+00:00\",\"dateModified\":\"2018-01-26T18:54:13+00:00\",\"description\":\"%\",\"breadcrumb\":{\"@id\":\"https:\/\/www.miamibeachfl.gov\/city-hall\/public-works\/engineering-division\/section-2-a-rights-of-way-permits-and-procedures\/section-2-a-2-asphalt-driveway-connection\/#breadcrumb\"},\"inLanguage\":\"pt-BR\",\"potentialAction\":[{\"@type\":\"ReadAction\",\"target\":[\"https:\/\/www.miamibeachfl.gov\/city-hall\/public-works\/engineering-division\/section-2-a-rights-of-way-permits-and-procedures\/section-2-a-2-asphalt-driveway-connection\/\"]}]},{\"@type\":\"BreadcrumbList\",\"@id\":\"https:\/\/www.miamibeachfl.gov\/city-hall\/public-works\/engineering-division\/section-2-a-rights-of-way-permits-and-procedures\/section-2-a-2-asphalt-driveway-connection\/#breadcrumb\",\"itemListElement\":[{\"@type\":\"ListItem\",\"position\":1,\"name\":\"Home\",\"item\":\"https:\/\/www.miamibeachfl.gov\/\"},{\"@type\":\"ListItem\",\"position\":2,\"name\":\"City Hall\",\"item\":\"https:\/\/www.miamibeachfl.gov\/city-hall\/\"},{\"@type\":\"ListItem\",\"position\":3,\"name\":\"Public Works\",\"item\":\"https:\/\/www.miamibeachfl.gov\/city-hall\/public-works\/\"},{\"@type\":\"ListItem\",\"position\":4,\"name\":\"Engineering Division\",\"item\":\"https:\/\/www.miamibeachfl.gov\/city-hall\/public-works\/engineering-division\/\"},{\"@type\":\"ListItem\",\"position\":5,\"name\":\"Section 2 A Rights Of Way Permits And Procedures\",\"item\":\"https:\/\/www.miamibeachfl.gov\/city-hall\/public-works\/engineering-division\/section-2-a-rights-of-way-permits-and-procedures\/\"},{\"@type\":\"ListItem\",\"position\":6,\"name\":\"Section 2 A 2. Asphalt Driveway Connection\"}]},{\"@type\":\"WebSite\",\"@id\":\"https:\/\/www.miamibeachfl.gov\/#website\",\"url\":\"https:\/\/www.miamibeachfl.gov\/\",\"name\":\"City of Miami Beach\",\"description\":\"The official website of the City of Miami Beach. Stay informed, find important information on city services, news, alerts, events, trolley routes, government employment and more.\",\"publisher\":{\"@id\":\"https:\/\/www.miamibeachfl.gov\/#organization\"},\"potentialAction\":[{\"@type\":\"SearchAction\",\"target\":{\"@type\":\"EntryPoint\",\"urlTemplate\":\"https:\/\/www.miamibeachfl.gov\/?s={search_term_string}\"},\"query-input\":{\"@type\":\"PropertyValueSpecification\",\"valueRequired\":true,\"valueName\":\"search_term_string\"}}],\"inLanguage\":\"pt-BR\"},{\"@type\":\"Organization\",\"@id\":\"https:\/\/www.miamibeachfl.gov\/#organization\",\"name\":\"City of Miami Beach\",\"url\":\"https:\/\/www.miamibeachfl.gov\/\",\"logo\":{\"@type\":\"ImageObject\",\"inLanguage\":\"pt-BR\",\"@id\":\"https:\/\/www.miamibeachfl.gov\/#\/schema\/logo\/image\/\",\"url\":\"https:\/\/www.miamibeachfl.gov\/wp-content\/uploads\/2022\/06\/miamibeach-logoblue.png\",\"contentUrl\":\"https:\/\/www.miamibeachfl.gov\/wp-content\/uploads\/2022\/06\/miamibeach-logoblue.png\",\"width\":1962,\"height\":381,\"caption\":\"City of Miami Beach\"},\"image\":{\"@id\":\"https:\/\/www.miamibeachfl.gov\/#\/schema\/logo\/image\/\"},\"sameAs\":[\"https:\/\/www.facebook.com\/cityofmiamibeach\",\"https:\/\/x.com\/Miamibeachnews\",\"https:\/\/www.instagram.com\/miamibeachnews\/\"],\"description\":\"The official website of the City of Miami Beach. Stay informed, find important information on city services, news, alerts, events, trolley routes, government employment and more.\",\"telephone\":\"305.604.CITY(2489)\",\"legalName\":\"City of Miami Beach\"}]}<\/script>\n<!-- \/ Yoast SEO Premium plugin. -->","yoast_head_json":{"title":"Se\u00e7\u00e3o 2 A 2. Conex\u00e3o de entrada de asfalto - Cidade de Miami Beach","description":"%","robots":{"index":"index","follow":"follow","max-snippet":"max-snippet:-1","max-image-preview":"max-image-preview:large","max-video-preview":"max-video-preview:-1"},"canonical":"https:\/\/www.miamibeachfl.gov\/pt\/city-hall\/public-works\/engineering-division\/section-2-a-rights-of-way-permits-and-procedures\/section-2-a-2-asphalt-driveway-connection\/","og_locale":"pt_BR","og_type":"article","og_title":"Section 2  A  2. Asphalt Driveway Connection","og_description":"%","og_url":"https:\/\/www.miamibeachfl.gov\/pt\/city-hall\/public-works\/engineering-division\/section-2-a-rights-of-way-permits-and-procedures\/section-2-a-2-asphalt-driveway-connection\/","og_site_name":"City of Miami Beach","article_publisher":"https:\/\/www.facebook.com\/cityofmiamibeach","article_modified_time":"2018-01-26T18:54:13+00:00","og_image":[{"width":1000,"height":1000,"url":"https:\/\/www.miamibeachfl.gov\/wp-content\/uploads\/2024\/01\/1000pxSquare-miamibeach-aerial-southpointview.jpeg","type":"image\/jpeg"}],"twitter_card":"summary_large_image","twitter_site":"@Miamibeachnews","schema":{"@context":"https:\/\/schema.org","@graph":[{"@type":"WebPage","@id":"https:\/\/www.miamibeachfl.gov\/city-hall\/public-works\/engineering-division\/section-2-a-rights-of-way-permits-and-procedures\/section-2-a-2-asphalt-driveway-connection\/","url":"https:\/\/www.miamibeachfl.gov\/city-hall\/public-works\/engineering-division\/section-2-a-rights-of-way-permits-and-procedures\/section-2-a-2-asphalt-driveway-connection\/","name":"Se\u00e7\u00e3o 2 A 2. Conex\u00e3o de entrada de asfalto - Cidade de Miami Beach","isPartOf":{"@id":"https:\/\/www.miamibeachfl.gov\/#website"},"datePublished":"2017-08-11T00:11:38+00:00","dateModified":"2018-01-26T18:54:13+00:00","description":"%","breadcrumb":{"@id":"https:\/\/www.miamibeachfl.gov\/city-hall\/public-works\/engineering-division\/section-2-a-rights-of-way-permits-and-procedures\/section-2-a-2-asphalt-driveway-connection\/#breadcrumb"},"inLanguage":"pt-BR","potentialAction":[{"@type":"ReadAction","target":["https:\/\/www.miamibeachfl.gov\/city-hall\/public-works\/engineering-division\/section-2-a-rights-of-way-permits-and-procedures\/section-2-a-2-asphalt-driveway-connection\/"]}]},{"@type":"BreadcrumbList","@id":"https:\/\/www.miamibeachfl.gov\/city-hall\/public-works\/engineering-division\/section-2-a-rights-of-way-permits-and-procedures\/section-2-a-2-asphalt-driveway-connection\/#breadcrumb","itemListElement":[{"@type":"ListItem","position":1,"name":"Home","item":"https:\/\/www.miamibeachfl.gov\/"},{"@type":"ListItem","position":2,"name":"City Hall","item":"https:\/\/www.miamibeachfl.gov\/city-hall\/"},{"@type":"ListItem","position":3,"name":"Public Works","item":"https:\/\/www.miamibeachfl.gov\/city-hall\/public-works\/"},{"@type":"ListItem","position":4,"name":"Engineering Division","item":"https:\/\/www.miamibeachfl.gov\/city-hall\/public-works\/engineering-division\/"},{"@type":"ListItem","position":5,"name":"Section 2 A Rights Of Way Permits And Procedures","item":"https:\/\/www.miamibeachfl.gov\/city-hall\/public-works\/engineering-division\/section-2-a-rights-of-way-permits-and-procedures\/"},{"@type":"ListItem","position":6,"name":"Section 2 A 2. Asphalt Driveway Connection"}]},{"@type":"WebSite","@id":"https:\/\/www.miamibeachfl.gov\/#website","url":"https:\/\/www.miamibeachfl.gov\/","name":"Cidade de Miami Beach","description":"Site oficial da cidade de Miami Beach. Mantenha-se informado e encontre informa\u00e7\u00f5es importantes sobre servi\u00e7os municipais, not\u00edcias, alertas, eventos, rotas de bonde, empregos p\u00fablicos e muito mais.","publisher":{"@id":"https:\/\/www.miamibeachfl.gov\/#organization"},"potentialAction":[{"@type":"SearchAction","target":{"@type":"EntryPoint","urlTemplate":"https:\/\/www.miamibeachfl.gov\/?s={search_term_string}"},"query-input":{"@type":"PropertyValueSpecification","valueRequired":true,"valueName":"search_term_string"}}],"inLanguage":"pt-BR"},{"@type":"Organization","@id":"https:\/\/www.miamibeachfl.gov\/#organization","name":"Cidade de Miami Beach","url":"https:\/\/www.miamibeachfl.gov\/","logo":{"@type":"ImageObject","inLanguage":"pt-BR","@id":"https:\/\/www.miamibeachfl.gov\/#\/schema\/logo\/image\/","url":"https:\/\/www.miamibeachfl.gov\/wp-content\/uploads\/2022\/06\/miamibeach-logoblue.png","contentUrl":"https:\/\/www.miamibeachfl.gov\/wp-content\/uploads\/2022\/06\/miamibeach-logoblue.png","width":1962,"height":381,"caption":"City of Miami Beach"},"image":{"@id":"https:\/\/www.miamibeachfl.gov\/#\/schema\/logo\/image\/"},"sameAs":["https:\/\/www.facebook.com\/cityofmiamibeach","https:\/\/x.com\/Miamibeachnews","https:\/\/www.instagram.com\/miamibeachnews\/"],"description":"Site oficial da cidade de Miami Beach. Mantenha-se informado e encontre informa\u00e7\u00f5es importantes sobre servi\u00e7os municipais, not\u00edcias, alertas, eventos, rotas de bonde, empregos p\u00fablicos e muito mais.","telephone":"305.604.CITY(2489)","legalName":"City of Miami Beach"}]}},"_links":{"self":[{"href":"https:\/\/www.miamibeachfl.gov\/pt\/wp-json\/wp\/v2\/pages\/29073","targetHints":{"allow":["GET"]}}],"collection":[{"href":"https:\/\/www.miamibeachfl.gov\/pt\/wp-json\/wp\/v2\/pages"}],"about":[{"href":"https:\/\/www.miamibeachfl.gov\/pt\/wp-json\/wp\/v2\/types\/page"}],"author":[{"embeddable":true,"href":"https:\/\/www.miamibeachfl.gov\/pt\/wp-json\/wp\/v2\/users\/222"}],"replies":[{"embeddable":true,"href":"https:\/\/www.miamibeachfl.gov\/pt\/wp-json\/wp\/v2\/comments?post=29073"}],"version-history":[{"count":0,"href":"https:\/\/www.miamibeachfl.gov\/pt\/wp-json\/wp\/v2\/pages\/29073\/revisions"}],"up":[{"embeddable":true,"href":"https:\/\/www.miamibeachfl.gov\/pt\/wp-json\/wp\/v2\/pages\/29086"}],"wp:attachment":[{"href":"https:\/\/www.miamibeachfl.gov\/pt\/wp-json\/wp\/v2\/media?parent=29073"}],"wp:term":[{"taxonomy":"category","embeddable":true,"href":"https:\/\/www.miamibeachfl.gov\/pt\/wp-json\/wp\/v2\/categories?post=29073"},{"taxonomy":"post_tag","embeddable":true,"href":"https:\/\/www.miamibeachfl.gov\/pt\/wp-json\/wp\/v2\/tags?post=29073"}],"curies":[{"name":"wp","href":"https:\/\/api.w.org\/{rel}","templated":true}]}}