{"id":29094,"date":"2017-08-11T00:11:50","date_gmt":"2017-08-11T00:11:50","guid":{"rendered":"http:\/\/www.miamibeachfl.gov\/city-hall\/public-works\/table-of-contents-details\/section-4-b-right-of-way-and-easement-modifications\/"},"modified":"2018-01-26T15:35:04","modified_gmt":"2018-01-26T20:35:04","slug":"section-4-b-right-of-way-and-easement-modifications","status":"publish","type":"page","link":"https:\/\/www.miamibeachfl.gov\/pt\/city-hall\/public-works\/engineering-division\/section-4-b-right-of-way-and-easement-modifications\/","title":{"rendered":"Se\u00e7\u00e3o 4 B. Modifica\u00e7\u00f5es de Direito de Passagem e Servid\u00e3o"},"content":{"rendered":"<\/p>\n<table>\n<caption>Modifica\u00e7\u00f5es de direito de passagem e servid\u00e3o<\/caption>\n<tbody>\n<tr>\n<td>\n<p><strong>SE\u00c7\u00c3O 4 DIREITO DE PASSAGEM, SERVID\u00c3O E DISPOSI\u00c7\u00d5ES ESPECIAIS DE USO DO SOLO<\/strong><\/p>\n<p><strong>B. Modifica\u00e7\u00f5es de direito de passagem e servid\u00e3o<\/strong><\/p>\n<p>As modifica\u00e7\u00f5es de direito de passagem e servid\u00e3o geralmente consistem no seguinte:<\/p>\n<p>I- Desocupa\u00e7\u00e3o de uma rua, viela ou parte de direito de passagem pela Prefeitura. Esses direitos de passagem podem ser demarcados ou dedicados e podem ter direitos de revers\u00e3o para propriet\u00e1rios de im\u00f3veis adjacentes.<\/p>\n<p>II- Abandono de uma servid\u00e3o de utilidade p\u00fablica ou troca de uma servid\u00e3o de utilidade p\u00fablica existente por uma servid\u00e3o equivalente em outro local (Relocaliza\u00e7\u00e3o de servid\u00f5es). Estas tamb\u00e9m podem ser servid\u00f5es parceladas ou dedicadas\/registradas, seja para utilidades p\u00fablicas ou para acesso.<\/p>\n<p>I. Desocupa\u00e7\u00e3o de rua, viela ou trecho de faixa de dom\u00ednio:<\/p>\n<p>De acordo com uma revis\u00e3o feita pelo Comit\u00ea de Uso do Solo dos crit\u00e9rios\/padr\u00f5es para considerar o abandono\/desocupa\u00e7\u00e3o de ruas ou outros direitos de passagem, o Prefeito da Cidade de Miami Beach e a Comiss\u00e3o Municipal, em 26 de julho de 1989, recomendaram uma considera\u00e7\u00e3o caso a caso dessas desocupa\u00e7\u00f5es.<\/p>\n<p>Conforme estabelecido nestes crit\u00e9rios\/padr\u00f5es, casos precedentes de desocupa\u00e7\u00e3o e pela Portaria 92-2783 incorporada como Artigo II do C\u00f3digo da Cidade, a seguir est\u00e3o os requisitos e procedimentos para solicitar a desocupa\u00e7\u00e3o de ruas ou outros direitos de passagem dentro da Cidade:<\/p>\n<p>Um requerente que solicita a desocupa\u00e7\u00e3o de uma rua, beco ou parte de direito de passagem deve apresentar:<\/p>\n<p>\u00a01. Uma taxa de inscri\u00e7\u00e3o n\u00e3o reembols\u00e1vel de $5.000,00 que ser\u00e1 aplicada ao valor avaliado do terreno do direito de passagem que est\u00e1 sendo desocupado.<\/p>\n<p>\u00a02. Um documento comprobat\u00f3rio de t\u00edtulo, compromisso de t\u00edtulo ou parecer de um advogado sobre o t\u00edtulo da terra sujeita \u00e0 solicita\u00e7\u00e3o.<\/p>\n<p>\u00a03. Uma declara\u00e7\u00e3o do requerente sobre como a compra e a desocupa\u00e7\u00e3o do referido direito de passagem s\u00e3o do melhor interesse do bem-estar do p\u00fablico em geral.<\/p>\n<p>\u00a04. Um levantamento topogr\u00e1fico recente realizado por um agrimensor registrado da propriedade do requerente e da propriedade municipal em quest\u00e3o<\/p>\n<p>\u00a05. Uma planta mostrando a localiza\u00e7\u00e3o exata e a descri\u00e7\u00e3o do direito de passagem da cidade em quest\u00e3o, com as melhorias e o uso propostos.<\/p>\n<p>\u00a06. Um mapa mostrando a propriedade em quest\u00e3o e propriedades dentro de um raio de 375 p\u00e9s destacados<\/p>\n<p>\u00a07. Uma lista dos propriet\u00e1rios dos im\u00f3veis dentro do raio de 375 p\u00e9s e seus endere\u00e7os postais em etiquetas adesivas.<\/p>\n<p>\u00a08. Uma carta autenticada declarando a origem e a integralidade da lista de propriedade imobili\u00e1ria acima mencionada. Ap\u00f3s o recebimento desses itens, o Departamento de Obras P\u00fablicas da Cidade e o Minist\u00e9rio P\u00fablico da Cidade analisar\u00e3o o requerimento e obter\u00e3o o compromisso do requerente para o seguinte:<\/p>\n<p>\u00a0\u00a0a) Os direitos e necessidades da Prefeitura e de outras concession\u00e1rias de servi\u00e7os p\u00fablicos em rela\u00e7\u00e3o \u00e0 servid\u00e3o devem ser revisados e considerados. Quaisquer custos de realoca\u00e7\u00e3o devem ser assumidos pelo requerente.<\/p>\n<p>\u00a0\u00a0b) Implementar os requisitos do Artigo II anexo, se\u00e7\u00f5es 82-36 a 82-40 do C\u00f3digo da Cidade, conforme aplic\u00e1vel.<\/p>\n<p>Ap\u00f3s a conclus\u00e3o dos requisitos acima mencionados, uma audi\u00eancia p\u00fablica ser\u00e1 agendada durante uma reuni\u00e3o da Comiss\u00e3o, an\u00fancios p\u00fablicos publicados nos jornais locais e avisos enviados aos propriet\u00e1rios dos im\u00f3veis para a lista de mala direta fornecida.<\/p>\n<p>A Comiss\u00e3o da Cidade avaliar\u00e1 as recomenda\u00e7\u00f5es e an\u00e1lises da Administra\u00e7\u00e3o com base em crit\u00e9rios semelhantes \u00e0 concess\u00e3o ou nega\u00e7\u00e3o de uma licen\u00e7a revog\u00e1vel, conforme estabelecido na Se\u00e7\u00e3o 82-94 do C\u00f3digo da Cidade durante a audi\u00eancia p\u00fablica e dever\u00e1 aprovar, negar ou encaminhar para considera\u00e7\u00e3o posterior o Comit\u00ea de Uso do Solo.\u00a0<\/p>\n<p>II. Abandono de uma servid\u00e3o de utilidade p\u00fablica ou troca de uma servid\u00e3o de utilidade p\u00fablica existente por uma servid\u00e3o equivalente em outro lugar (Relocaliza\u00e7\u00e3o de servid\u00f5es).<\/p>\n<p>De acordo com casos precedentes para f\u00e9rias\/abandono de servid\u00e3o ou realoca\u00e7\u00f5es, a seguir est\u00e3o os requisitos e procedimentos para abandonar ou trocar uma servid\u00e3o de utilidade p\u00fablica:<\/p>\n<p>\u00a01. O requerente deve apresentar um levantamento recente da propriedade onde se encontra a servid\u00e3o.<\/p>\n<p>\u00a02. O requerente deve apresentar uma pasta de t\u00edtulo ou prova de propriedade do im\u00f3vel onde a servid\u00e3o est\u00e1 localizada e\/ou para onde ser\u00e1 realocada.<\/p>\n<p>\u00a03. Deve ser apresentada uma carta explicando o motivo da solicita\u00e7\u00e3o de abandono\/realoca\u00e7\u00e3o da servid\u00e3o, acompanhada de revis\u00e3o de projeto ou ordens finais do Conselho de preserva\u00e7\u00e3o hist\u00f3rica mostrando conflitos da constru\u00e7\u00e3o proposta com a servid\u00e3o.<\/p>\n<p>\u00a04. O requerente deve obter e enviar Cartas de N\u00e3o Obje\u00e7\u00e3o ou Acordos para realoca\u00e7\u00e3o de todas as empresas de servi\u00e7os p\u00fablicos que atendem a cidade. Todos os custos de realoca\u00e7\u00e3o ou remo\u00e7\u00e3o das concession\u00e1rias existentes ser\u00e3o arcados pelo requerente.<\/p>\n<p>\u00a05. O requerente dever\u00e1 preparar e enviar um levantamento e uma descri\u00e7\u00e3o legal da servid\u00e3o nova ou proposta, juntamente com um documento de servid\u00e3o a ser revisado pela Cidade.<\/p>\n<p>\u00a06. Ap\u00f3s a revis\u00e3o pelo Departamento de Obras P\u00fablicas da Cidade e pelo Gabinete do Procurador da Cidade e a aprova\u00e7\u00e3o do formul\u00e1rio dos documentos de servid\u00e3o concedidos, o requerente executa e envia \u00e0 Cidade dois originais dos documentos de servid\u00e3o concedidos.<\/p>\n<p>\u00a07. O Departamento de Obras P\u00fablicas dever\u00e1 apresentar os documentos \u00e0 Comiss\u00e3o Municipal para an\u00e1lise da aprova\u00e7\u00e3o do abandono ou troca da servid\u00e3o, geralmente condicionada \u00e0 conclus\u00e3o, pelo requerente, da realoca\u00e7\u00e3o dos servi\u00e7os p\u00fablicos municipais existentes ou \u00e0 publica\u00e7\u00e3o de uma fian\u00e7a para o custo dessa realoca\u00e7\u00e3o.<\/p>\n<p>\u00a08. O requerente registra e envia \u00e0 cidade a prova dos documentos registrados no Cart\u00f3rio do Condado de Miami-Dade.<\/p>\n<\/td>\n<\/tr>\n<\/tbody>\n<\/table>\n<p>\u00a0<\/p>","protected":false},"excerpt":{"rendered":"<p>Right-of-Way and Easement Modifications SECTION 4 RIGHT-OF-WAY, EASEMENT AND LAND USE SPECIAL PROVISIONS B. Right-of-Way and Easement Modifications Right-of way [&hellip;]<\/p>\n","protected":false},"author":222,"featured_media":0,"parent":28940,"menu_order":183,"comment_status":"closed","ping_status":"closed","template":"","meta":{"_searchwp_excluded":"","site-sidebar-layout":"default","site-content-layout":"","ast-site-content-layout":"default","site-content-style":"default","site-sidebar-style":"default","ast-global-header-display":"","ast-banner-title-visibility":"","ast-main-header-display":"","ast-hfb-above-header-display":"","ast-hfb-below-header-display":"","ast-hfb-mobile-header-display":"","site-post-title":"","ast-breadcrumbs-content":"","ast-featured-img":"","footer-sml-layout":"","theme-transparent-header-meta":"","adv-header-id-meta":"","stick-header-meta":"","header-above-stick-meta":"","header-main-stick-meta":"","header-below-stick-meta":"","astra-migrate-meta-layouts":"default","ast-page-background-enabled":"default","ast-page-background-meta":{"desktop":{"background-color":"var(--ast-global-color-5)","background-image":"","background-repeat":"repeat","background-position":"center center","background-size":"auto","background-attachment":"scroll","background-type":"","background-media":"","overlay-type":"","overlay-color":"","overlay-opacity":"","overlay-gradient":""},"tablet":{"background-color":"","background-image":"","background-repeat":"repeat","background-position":"center center","background-size":"auto","background-attachment":"scroll","background-type":"","background-media":"","overlay-type":"","overlay-color":"","overlay-opacity":"","overlay-gradient":""},"mobile":{"background-color":"","background-image":"","background-repeat":"repeat","background-position":"center center","background-size":"auto","background-attachment":"scroll","background-type":"","background-media":"","overlay-type":"","overlay-color":"","overlay-opacity":"","overlay-gradient":""}},"ast-content-background-meta":{"desktop":{"background-color":"var(--ast-global-color-4)","background-image":"","background-repeat":"repeat","background-position":"center center","background-size":"auto","background-attachment":"scroll","background-type":"","background-media":"","overlay-type":"","overlay-color":"","overlay-opacity":"","overlay-gradient":""},"tablet":{"background-color":"var(--ast-global-color-4)","background-image":"","background-repeat":"repeat","background-position":"center center","background-size":"auto","background-attachment":"scroll","background-type":"","background-media":"","overlay-type":"","overlay-color":"","overlay-opacity":"","overlay-gradient":""},"mobile":{"background-color":"var(--ast-global-color-4)","background-image":"","background-repeat":"repeat","background-position":"center center","background-size":"auto","background-attachment":"scroll","background-type":"","background-media":"","overlay-type":"","overlay-color":"","overlay-opacity":"","overlay-gradient":""}},"footnotes":""},"categories":[],"tags":[],"class_list":["post-29094","page","type-page","status-publish","hentry"],"yoast_head":"<!-- This site is optimized with the Yoast SEO Premium plugin v27.4 (Yoast SEO v27.4) - https:\/\/yoast.com\/product\/yoast-seo-premium-wordpress\/ -->\n<title>Section 4  B. Right Of Way And Easement Modifications - City of Miami Beach<\/title>\n<meta name=\"description\" content=\"%\" \/>\n<meta name=\"robots\" content=\"index, follow, max-snippet:-1, max-image-preview:large, max-video-preview:-1\" \/>\n<link rel=\"canonical\" href=\"https:\/\/www.miamibeachfl.gov\/pt\/city-hall\/public-works\/engineering-division\/section-4-b-right-of-way-and-easement-modifications\/\" \/>\n<meta property=\"og:locale\" content=\"pt_BR\" \/>\n<meta property=\"og:type\" content=\"article\" \/>\n<meta property=\"og:title\" content=\"Section 4  B. Right Of Way And Easement Modifications\" \/>\n<meta property=\"og:description\" content=\"%\" \/>\n<meta property=\"og:url\" content=\"https:\/\/www.miamibeachfl.gov\/pt\/city-hall\/public-works\/engineering-division\/section-4-b-right-of-way-and-easement-modifications\/\" \/>\n<meta property=\"og:site_name\" content=\"City of Miami Beach\" \/>\n<meta property=\"article:publisher\" content=\"https:\/\/www.facebook.com\/cityofmiamibeach\" \/>\n<meta property=\"article:modified_time\" content=\"2018-01-26T20:35:04+00:00\" \/>\n<meta property=\"og:image\" content=\"https:\/\/www.miamibeachfl.gov\/wp-content\/uploads\/2024\/01\/1000pxSquare-miamibeach-aerial-southpointview.jpeg\" \/>\n\t<meta property=\"og:image:width\" content=\"1000\" \/>\n\t<meta property=\"og:image:height\" content=\"1000\" \/>\n\t<meta property=\"og:image:type\" content=\"image\/jpeg\" \/>\n<meta name=\"twitter:card\" content=\"summary_large_image\" \/>\n<meta name=\"twitter:site\" content=\"@Miamibeachnews\" \/>\n<script type=\"application\/ld+json\" class=\"yoast-schema-graph\">{\"@context\":\"https:\\\/\\\/schema.org\",\"@graph\":[{\"@type\":\"WebPage\",\"@id\":\"https:\\\/\\\/www.miamibeachfl.gov\\\/city-hall\\\/public-works\\\/engineering-division\\\/section-4-b-right-of-way-and-easement-modifications\\\/\",\"url\":\"https:\\\/\\\/www.miamibeachfl.gov\\\/city-hall\\\/public-works\\\/engineering-division\\\/section-4-b-right-of-way-and-easement-modifications\\\/\",\"name\":\"Section 4 B. Right Of Way And Easement Modifications - City of Miami Beach\",\"isPartOf\":{\"@id\":\"https:\\\/\\\/www.miamibeachfl.gov\\\/#website\"},\"datePublished\":\"2017-08-11T00:11:50+00:00\",\"dateModified\":\"2018-01-26T20:35:04+00:00\",\"description\":\"%\",\"breadcrumb\":{\"@id\":\"https:\\\/\\\/www.miamibeachfl.gov\\\/city-hall\\\/public-works\\\/engineering-division\\\/section-4-b-right-of-way-and-easement-modifications\\\/#breadcrumb\"},\"inLanguage\":\"pt-BR\",\"potentialAction\":[{\"@type\":\"ReadAction\",\"target\":[\"https:\\\/\\\/www.miamibeachfl.gov\\\/city-hall\\\/public-works\\\/engineering-division\\\/section-4-b-right-of-way-and-easement-modifications\\\/\"]}]},{\"@type\":\"BreadcrumbList\",\"@id\":\"https:\\\/\\\/www.miamibeachfl.gov\\\/city-hall\\\/public-works\\\/engineering-division\\\/section-4-b-right-of-way-and-easement-modifications\\\/#breadcrumb\",\"itemListElement\":[{\"@type\":\"ListItem\",\"position\":1,\"name\":\"Home\",\"item\":\"https:\\\/\\\/www.miamibeachfl.gov\\\/\"},{\"@type\":\"ListItem\",\"position\":2,\"name\":\"City Hall\",\"item\":\"https:\\\/\\\/www.miamibeachfl.gov\\\/city-hall\\\/\"},{\"@type\":\"ListItem\",\"position\":3,\"name\":\"Public Works\",\"item\":\"https:\\\/\\\/www.miamibeachfl.gov\\\/city-hall\\\/public-works\\\/\"},{\"@type\":\"ListItem\",\"position\":4,\"name\":\"Engineering Division\",\"item\":\"https:\\\/\\\/www.miamibeachfl.gov\\\/city-hall\\\/public-works\\\/engineering-division\\\/\"},{\"@type\":\"ListItem\",\"position\":5,\"name\":\"Section 4 B. Right Of Way And Easement Modifications\"}]},{\"@type\":\"WebSite\",\"@id\":\"https:\\\/\\\/www.miamibeachfl.gov\\\/#website\",\"url\":\"https:\\\/\\\/www.miamibeachfl.gov\\\/\",\"name\":\"City of Miami Beach\",\"description\":\"The official website of the City of Miami Beach. Stay informed, find important information on city services, news, alerts, events, trolley routes, government employment and more.\",\"publisher\":{\"@id\":\"https:\\\/\\\/www.miamibeachfl.gov\\\/#organization\"},\"potentialAction\":[{\"@type\":\"SearchAction\",\"target\":{\"@type\":\"EntryPoint\",\"urlTemplate\":\"https:\\\/\\\/www.miamibeachfl.gov\\\/?s={search_term_string}\"},\"query-input\":{\"@type\":\"PropertyValueSpecification\",\"valueRequired\":true,\"valueName\":\"search_term_string\"}}],\"inLanguage\":\"pt-BR\"},{\"@type\":\"Organization\",\"@id\":\"https:\\\/\\\/www.miamibeachfl.gov\\\/#organization\",\"name\":\"City of Miami Beach\",\"url\":\"https:\\\/\\\/www.miamibeachfl.gov\\\/\",\"logo\":{\"@type\":\"ImageObject\",\"inLanguage\":\"pt-BR\",\"@id\":\"https:\\\/\\\/www.miamibeachfl.gov\\\/#\\\/schema\\\/logo\\\/image\\\/\",\"url\":\"https:\\\/\\\/www.miamibeachfl.gov\\\/wp-content\\\/uploads\\\/2022\\\/06\\\/miamibeach-logoblue.png\",\"contentUrl\":\"https:\\\/\\\/www.miamibeachfl.gov\\\/wp-content\\\/uploads\\\/2022\\\/06\\\/miamibeach-logoblue.png\",\"width\":1962,\"height\":381,\"caption\":\"City of Miami Beach\"},\"image\":{\"@id\":\"https:\\\/\\\/www.miamibeachfl.gov\\\/#\\\/schema\\\/logo\\\/image\\\/\"},\"sameAs\":[\"https:\\\/\\\/www.facebook.com\\\/cityofmiamibeach\",\"https:\\\/\\\/x.com\\\/Miamibeachnews\",\"https:\\\/\\\/www.instagram.com\\\/miamibeachnews\\\/\"],\"description\":\"The official website of the City of Miami Beach. Stay informed, find important information on city services, news, alerts, events, trolley routes, government employment and more.\",\"telephone\":\"305.604.CITY(2489)\",\"legalName\":\"City of Miami Beach\"}]}<\/script>\n<!-- \/ Yoast SEO Premium plugin. -->","yoast_head_json":{"title":"Se\u00e7\u00e3o 4 B. Modifica\u00e7\u00f5es de Direito de Passagem e Servid\u00e3o - Cidade de Miami Beach","description":"%","robots":{"index":"index","follow":"follow","max-snippet":"max-snippet:-1","max-image-preview":"max-image-preview:large","max-video-preview":"max-video-preview:-1"},"canonical":"https:\/\/www.miamibeachfl.gov\/pt\/city-hall\/public-works\/engineering-division\/section-4-b-right-of-way-and-easement-modifications\/","og_locale":"pt_BR","og_type":"article","og_title":"Section 4  B. Right Of Way And Easement Modifications","og_description":"%","og_url":"https:\/\/www.miamibeachfl.gov\/pt\/city-hall\/public-works\/engineering-division\/section-4-b-right-of-way-and-easement-modifications\/","og_site_name":"City of Miami Beach","article_publisher":"https:\/\/www.facebook.com\/cityofmiamibeach","article_modified_time":"2018-01-26T20:35:04+00:00","og_image":[{"width":1000,"height":1000,"url":"https:\/\/www.miamibeachfl.gov\/wp-content\/uploads\/2024\/01\/1000pxSquare-miamibeach-aerial-southpointview.jpeg","type":"image\/jpeg"}],"twitter_card":"summary_large_image","twitter_site":"@Miamibeachnews","schema":{"@context":"https:\/\/schema.org","@graph":[{"@type":"WebPage","@id":"https:\/\/www.miamibeachfl.gov\/city-hall\/public-works\/engineering-division\/section-4-b-right-of-way-and-easement-modifications\/","url":"https:\/\/www.miamibeachfl.gov\/city-hall\/public-works\/engineering-division\/section-4-b-right-of-way-and-easement-modifications\/","name":"Se\u00e7\u00e3o 4 B. Modifica\u00e7\u00f5es de Direito de Passagem e Servid\u00e3o - Cidade de Miami Beach","isPartOf":{"@id":"https:\/\/www.miamibeachfl.gov\/#website"},"datePublished":"2017-08-11T00:11:50+00:00","dateModified":"2018-01-26T20:35:04+00:00","description":"%","breadcrumb":{"@id":"https:\/\/www.miamibeachfl.gov\/city-hall\/public-works\/engineering-division\/section-4-b-right-of-way-and-easement-modifications\/#breadcrumb"},"inLanguage":"pt-BR","potentialAction":[{"@type":"ReadAction","target":["https:\/\/www.miamibeachfl.gov\/city-hall\/public-works\/engineering-division\/section-4-b-right-of-way-and-easement-modifications\/"]}]},{"@type":"BreadcrumbList","@id":"https:\/\/www.miamibeachfl.gov\/city-hall\/public-works\/engineering-division\/section-4-b-right-of-way-and-easement-modifications\/#breadcrumb","itemListElement":[{"@type":"ListItem","position":1,"name":"Home","item":"https:\/\/www.miamibeachfl.gov\/"},{"@type":"ListItem","position":2,"name":"City Hall","item":"https:\/\/www.miamibeachfl.gov\/city-hall\/"},{"@type":"ListItem","position":3,"name":"Public Works","item":"https:\/\/www.miamibeachfl.gov\/city-hall\/public-works\/"},{"@type":"ListItem","position":4,"name":"Engineering Division","item":"https:\/\/www.miamibeachfl.gov\/city-hall\/public-works\/engineering-division\/"},{"@type":"ListItem","position":5,"name":"Section 4 B. Right Of Way And Easement Modifications"}]},{"@type":"WebSite","@id":"https:\/\/www.miamibeachfl.gov\/#website","url":"https:\/\/www.miamibeachfl.gov\/","name":"Cidade de Miami Beach","description":"Site oficial da cidade de Miami Beach. Mantenha-se informado e encontre informa\u00e7\u00f5es importantes sobre servi\u00e7os municipais, not\u00edcias, alertas, eventos, rotas de bonde, empregos p\u00fablicos e muito mais.","publisher":{"@id":"https:\/\/www.miamibeachfl.gov\/#organization"},"potentialAction":[{"@type":"SearchAction","target":{"@type":"EntryPoint","urlTemplate":"https:\/\/www.miamibeachfl.gov\/?s={search_term_string}"},"query-input":{"@type":"PropertyValueSpecification","valueRequired":true,"valueName":"search_term_string"}}],"inLanguage":"pt-BR"},{"@type":"Organization","@id":"https:\/\/www.miamibeachfl.gov\/#organization","name":"Cidade de Miami Beach","url":"https:\/\/www.miamibeachfl.gov\/","logo":{"@type":"ImageObject","inLanguage":"pt-BR","@id":"https:\/\/www.miamibeachfl.gov\/#\/schema\/logo\/image\/","url":"https:\/\/www.miamibeachfl.gov\/wp-content\/uploads\/2022\/06\/miamibeach-logoblue.png","contentUrl":"https:\/\/www.miamibeachfl.gov\/wp-content\/uploads\/2022\/06\/miamibeach-logoblue.png","width":1962,"height":381,"caption":"City of Miami Beach"},"image":{"@id":"https:\/\/www.miamibeachfl.gov\/#\/schema\/logo\/image\/"},"sameAs":["https:\/\/www.facebook.com\/cityofmiamibeach","https:\/\/x.com\/Miamibeachnews","https:\/\/www.instagram.com\/miamibeachnews\/"],"description":"Site oficial da cidade de Miami Beach. Mantenha-se informado e encontre informa\u00e7\u00f5es importantes sobre servi\u00e7os municipais, not\u00edcias, alertas, eventos, rotas de bonde, empregos p\u00fablicos e muito mais.","telephone":"305.604.CITY(2489)","legalName":"City of Miami Beach"}]}},"_links":{"self":[{"href":"https:\/\/www.miamibeachfl.gov\/pt\/wp-json\/wp\/v2\/pages\/29094","targetHints":{"allow":["GET"]}}],"collection":[{"href":"https:\/\/www.miamibeachfl.gov\/pt\/wp-json\/wp\/v2\/pages"}],"about":[{"href":"https:\/\/www.miamibeachfl.gov\/pt\/wp-json\/wp\/v2\/types\/page"}],"author":[{"embeddable":true,"href":"https:\/\/www.miamibeachfl.gov\/pt\/wp-json\/wp\/v2\/users\/222"}],"replies":[{"embeddable":true,"href":"https:\/\/www.miamibeachfl.gov\/pt\/wp-json\/wp\/v2\/comments?post=29094"}],"version-history":[{"count":0,"href":"https:\/\/www.miamibeachfl.gov\/pt\/wp-json\/wp\/v2\/pages\/29094\/revisions"}],"up":[{"embeddable":true,"href":"https:\/\/www.miamibeachfl.gov\/pt\/wp-json\/wp\/v2\/pages\/28940"}],"wp:attachment":[{"href":"https:\/\/www.miamibeachfl.gov\/pt\/wp-json\/wp\/v2\/media?parent=29094"}],"wp:term":[{"taxonomy":"category","embeddable":true,"href":"https:\/\/www.miamibeachfl.gov\/pt\/wp-json\/wp\/v2\/categories?post=29094"},{"taxonomy":"post_tag","embeddable":true,"href":"https:\/\/www.miamibeachfl.gov\/pt\/wp-json\/wp\/v2\/tags?post=29094"}],"curies":[{"name":"wp","href":"https:\/\/api.w.org\/{rel}","templated":true}]}}