{"id":29097,"date":"2017-08-11T00:11:51","date_gmt":"2017-08-11T00:11:51","guid":{"rendered":"http:\/\/www.miamibeachfl.gov\/city-hall\/public-works\/table-of-contents-details\/section-5-10-disposal-of-surplus-and-unsuitable-material\/"},"modified":"2018-01-26T14:09:16","modified_gmt":"2018-01-26T19:09:16","slug":"section-5-10-disposal-of-surplus-and-unsuitable-material","status":"publish","type":"page","link":"https:\/\/www.miamibeachfl.gov\/pt\/city-hall\/public-works\/engineering-division\/section-5-1-general\/section-5-10-disposal-of-surplus-and-unsuitable-material\/","title":{"rendered":"Se\u00e7\u00e3o 5 10. Descarte de excedentes e materiais inadequados"},"content":{"rendered":"<\/p>\n<table>\n<caption>Descarte de Excedentes e Materiais Inadequados<\/caption>\n<tbody>\n<tr>\n<td>\n<p><strong>SE\u00c7\u00c3O 5 OBRAS NO LOCAL E NA RUA<\/p>\n<p>10. Descarte de Excedentes e Materiais Inadequados.<\/strong><\/p>\n<p>A. Propriedade dos Materiais Escavados:<\/p>\n<p>O propriet\u00e1rio de todo o material escavado adequado dever\u00e1 permanecer no Departamento at\u00e9 que os requisitos finais da obra para materiais de aterro ou retroaterro sejam atendidos. Salvo disposi\u00e7\u00e3o em contr\u00e1rio nos planos ou disposi\u00e7\u00f5es especiais, quaisquer materiais excedentes remanescentes e desnecess\u00e1rios para as necessidades da obra tornar-se-\u00e3o propriedade do Contratante e dever\u00e3o ser descartados por ele, fora da faixa de servid\u00e3o, a crit\u00e9rio do Engenheiro.<\/p>\n<p>Em \u00e1reas urbanas ou outras \u00e1reas onde o armazenamento tempor\u00e1rio de materiais adequados aparentemente excedentes dentro da faixa de dom\u00ednio possa ser impratic\u00e1vel, o Contratante poder\u00e1 estocar os materiais fora da faixa de dom\u00ednio em \u00e1reas por ele fornecidas, at\u00e9 que tais materiais sejam necess\u00e1rios para a obra ou sejam declarados excedentes. Com a aprova\u00e7\u00e3o por escrito do Engenheiro, o Contratante poder\u00e1 descartar tal material aparentemente excedente, desde que substitua qualquer parte do material descartado necess\u00e1ria para atender \u00e0s exig\u00eancias reais da obra por material igualmente adequado, \u00e0s suas pr\u00f3prias custas.<\/p>\n<p>Nenhuma compensa\u00e7\u00e3o extra ser\u00e1 permitida por qualquer remanuseio envolvido sob as disposi\u00e7\u00f5es deste Subartigo.<\/p>\n<p>B. Requisitos gerais para descarte: O lodo escavado ou outros materiais inadequados para a constru\u00e7\u00e3o da estrada devem ser descartados conforme mostrado nos planos ou, se os planos n\u00e3o indicarem o descarte, os materiais se tornar\u00e3o propriedade do contratante e ser\u00e3o descartados por ele fora do direito de passagem.<\/p>\n<p>C. Descarte de esterco em encostas: Como exce\u00e7\u00e3o \u00e0s disposi\u00e7\u00f5es da Se\u00e7\u00e3o 120-5.2, quando aprovadas pelo Engenheiro, em \u00e1reas rurais n\u00e3o desenvolvidas, o esterco (material A-8) pode ser depositado nas encostas ou armazenado ao longo da estrada, desde que haja uma dist\u00e2ncia livre de pelo menos 1,80 m entre os limites de nivelamento da estrada e o esterco, e que o esterco seja tratado de forma a apresentar uma apar\u00eancia razoavelmente limpa. Al\u00e9m disso, o descarte desse material depositado nas encostas tamb\u00e9m pode ser permitido em \u00e1reas desenvolvidas onde, na opini\u00e3o do Engenheiro, isso resultar\u00e1 em uma apar\u00eancia esteticamente agrad\u00e1vel e n\u00e3o ter\u00e1 efeito prejudicial sobre os empreendimentos adjacentes. Onde for permitido o descarte de esterco ou outro material inadequado dentro dos limites da faixa de dom\u00ednio, tal material n\u00e3o dever\u00e1 ser depositado de forma a impedir a entrada ou sa\u00edda de qualquer canal ou de valas laterais. O Engenheiro dever\u00e1 determinar os limites adjacentes aos canais dentro dos quais tais materiais n\u00e3o dever\u00e3o ser depositados.<\/p>\n<p>D. Descarte de Materiais de Pavimenta\u00e7\u00e3o: Salvo indica\u00e7\u00e3o em contr\u00e1rio nos planos, os materiais de pavimenta\u00e7\u00e3o escavados na remo\u00e7\u00e3o de pavimentos existentes, como tijolos de pavimenta\u00e7\u00e3o, blocos asf\u00e1lticos, lajes de concreto, cal, cal\u00e7adas, meios-fios e sarjetas, etc., tornar-se-\u00e3o propriedade da Contratada e ser\u00e3o descartados por ela fora da faixa de dom\u00ednio. Se os materiais permanecerem como propriedade do Departamento, dever\u00e3o ser empilhados ordenadamente, conforme as instru\u00e7\u00f5es.<\/p>\n<p>E. \u00c1reas de descarte: Quando os planos ou especifica\u00e7\u00f5es exigirem que o contratante descarte os materiais escavados fora do direito de passagem, e a \u00e1rea de descarte n\u00e3o estiver indicada nos documentos do contrato, o contratante dever\u00e1 fornecer a \u00e1rea de descarte sem compensa\u00e7\u00e3o adicional.<\/p>\n<p>As \u00e1reas disponibilizadas pela Contratada para o descarte dos materiais de pavimenta\u00e7\u00e3o removidos dever\u00e3o estar fora da vista do projeto e a pelo menos 91 metros da faixa de dom\u00ednio mais pr\u00f3xima de qualquer rodovia mantida pelo Estado. A limita\u00e7\u00e3o de 91 metros n\u00e3o se aplicar\u00e1, no entanto, se os materiais estiverem enterrados.<\/p>\n<\/td>\n<\/tr>\n<\/tbody>\n<\/table>\n<p>\u00a0<\/p>","protected":false},"excerpt":{"rendered":"<p>Descarte de Excedentes e Materiais Inadequados SE\u00c7\u00c3O 5 OBRAS NO LOCAL E NA RUA 10. Descarte de Excedentes e Materiais Inadequados. A. [\u2026]<\/p>","protected":false},"author":222,"featured_media":0,"parent":29096,"menu_order":0,"comment_status":"closed","ping_status":"closed","template":"","meta":{"_searchwp_excluded":"","site-sidebar-layout":"default","site-content-layout":"","ast-site-content-layout":"default","site-content-style":"default","site-sidebar-style":"default","ast-global-header-display":"","ast-banner-title-visibility":"","ast-main-header-display":"","ast-hfb-above-header-display":"","ast-hfb-below-header-display":"","ast-hfb-mobile-header-display":"","site-post-title":"","ast-breadcrumbs-content":"","ast-featured-img":"","footer-sml-layout":"","theme-transparent-header-meta":"","adv-header-id-meta":"","stick-header-meta":"","header-above-stick-meta":"","header-main-stick-meta":"","header-below-stick-meta":"","astra-migrate-meta-layouts":"default","ast-page-background-enabled":"default","ast-page-background-meta":{"desktop":{"background-color":"var(--ast-global-color-5)","background-image":"","background-repeat":"repeat","background-position":"center center","background-size":"auto","background-attachment":"scroll","background-type":"","background-media":"","overlay-type":"","overlay-color":"","overlay-opacity":"","overlay-gradient":""},"tablet":{"background-color":"","background-image":"","background-repeat":"repeat","background-position":"center center","background-size":"auto","background-attachment":"scroll","background-type":"","background-media":"","overlay-type":"","overlay-color":"","overlay-opacity":"","overlay-gradient":""},"mobile":{"background-color":"","background-image":"","background-repeat":"repeat","background-position":"center center","background-size":"auto","background-attachment":"scroll","background-type":"","background-media":"","overlay-type":"","overlay-color":"","overlay-opacity":"","overlay-gradient":""}},"ast-content-background-meta":{"desktop":{"background-color":"var(--ast-global-color-4)","background-image":"","background-repeat":"repeat","background-position":"center center","background-size":"auto","background-attachment":"scroll","background-type":"","background-media":"","overlay-type":"","overlay-color":"","overlay-opacity":"","overlay-gradient":""},"tablet":{"background-color":"var(--ast-global-color-4)","background-image":"","background-repeat":"repeat","background-position":"center center","background-size":"auto","background-attachment":"scroll","background-type":"","background-media":"","overlay-type":"","overlay-color":"","overlay-opacity":"","overlay-gradient":""},"mobile":{"background-color":"var(--ast-global-color-4)","background-image":"","background-repeat":"repeat","background-position":"center center","background-size":"auto","background-attachment":"scroll","background-type":"","background-media":"","overlay-type":"","overlay-color":"","overlay-opacity":"","overlay-gradient":""}},"footnotes":""},"categories":[],"tags":[],"class_list":["post-29097","page","type-page","status-publish","hentry"],"yoast_head":"<!-- This site is optimized with the Yoast SEO Premium plugin v26.6 (Yoast SEO v26.6) - https:\/\/yoast.com\/wordpress\/plugins\/seo\/ -->\n<title>Section 5  10. Disposal Of Surplus And Unsuitable Material - City of Miami Beach<\/title>\n<meta name=\"description\" content=\"%\" \/>\n<meta name=\"robots\" content=\"index, follow, max-snippet:-1, max-image-preview:large, max-video-preview:-1\" \/>\n<link rel=\"canonical\" href=\"https:\/\/www.miamibeachfl.gov\/pt\/city-hall\/public-works\/engineering-division\/section-5-1-general\/section-5-10-disposal-of-surplus-and-unsuitable-material\/\" \/>\n<meta property=\"og:locale\" content=\"pt_BR\" \/>\n<meta property=\"og:type\" content=\"article\" \/>\n<meta property=\"og:title\" content=\"Section 5  10. Disposal Of Surplus And Unsuitable Material\" \/>\n<meta property=\"og:description\" content=\"%\" \/>\n<meta property=\"og:url\" content=\"https:\/\/www.miamibeachfl.gov\/pt\/city-hall\/public-works\/engineering-division\/section-5-1-general\/section-5-10-disposal-of-surplus-and-unsuitable-material\/\" \/>\n<meta property=\"og:site_name\" content=\"City of Miami Beach\" \/>\n<meta property=\"article:publisher\" content=\"https:\/\/www.facebook.com\/cityofmiamibeach\" \/>\n<meta property=\"article:modified_time\" content=\"2018-01-26T19:09:16+00:00\" \/>\n<meta property=\"og:image\" content=\"https:\/\/www.miamibeachfl.gov\/wp-content\/uploads\/2024\/01\/1000pxSquare-miamibeach-aerial-southpointview.jpeg\" \/>\n\t<meta property=\"og:image:width\" content=\"1000\" \/>\n\t<meta property=\"og:image:height\" content=\"1000\" \/>\n\t<meta property=\"og:image:type\" content=\"image\/jpeg\" \/>\n<meta name=\"twitter:card\" content=\"summary_large_image\" \/>\n<meta name=\"twitter:site\" content=\"@Miamibeachnews\" \/>\n<script type=\"application\/ld+json\" class=\"yoast-schema-graph\">{\"@context\":\"https:\/\/schema.org\",\"@graph\":[{\"@type\":\"WebPage\",\"@id\":\"https:\/\/www.miamibeachfl.gov\/city-hall\/public-works\/engineering-division\/section-5-1-general\/section-5-10-disposal-of-surplus-and-unsuitable-material\/\",\"url\":\"https:\/\/www.miamibeachfl.gov\/city-hall\/public-works\/engineering-division\/section-5-1-general\/section-5-10-disposal-of-surplus-and-unsuitable-material\/\",\"name\":\"Section 5 10. Disposal Of Surplus And Unsuitable Material - City of Miami Beach\",\"isPartOf\":{\"@id\":\"https:\/\/www.miamibeachfl.gov\/#website\"},\"datePublished\":\"2017-08-11T00:11:51+00:00\",\"dateModified\":\"2018-01-26T19:09:16+00:00\",\"description\":\"%\",\"breadcrumb\":{\"@id\":\"https:\/\/www.miamibeachfl.gov\/city-hall\/public-works\/engineering-division\/section-5-1-general\/section-5-10-disposal-of-surplus-and-unsuitable-material\/#breadcrumb\"},\"inLanguage\":\"pt-BR\",\"potentialAction\":[{\"@type\":\"ReadAction\",\"target\":[\"https:\/\/www.miamibeachfl.gov\/city-hall\/public-works\/engineering-division\/section-5-1-general\/section-5-10-disposal-of-surplus-and-unsuitable-material\/\"]}]},{\"@type\":\"BreadcrumbList\",\"@id\":\"https:\/\/www.miamibeachfl.gov\/city-hall\/public-works\/engineering-division\/section-5-1-general\/section-5-10-disposal-of-surplus-and-unsuitable-material\/#breadcrumb\",\"itemListElement\":[{\"@type\":\"ListItem\",\"position\":1,\"name\":\"Home\",\"item\":\"https:\/\/www.miamibeachfl.gov\/\"},{\"@type\":\"ListItem\",\"position\":2,\"name\":\"City Hall\",\"item\":\"https:\/\/www.miamibeachfl.gov\/city-hall\/\"},{\"@type\":\"ListItem\",\"position\":3,\"name\":\"Public Works\",\"item\":\"https:\/\/www.miamibeachfl.gov\/city-hall\/public-works\/\"},{\"@type\":\"ListItem\",\"position\":4,\"name\":\"Engineering Division\",\"item\":\"https:\/\/www.miamibeachfl.gov\/city-hall\/public-works\/engineering-division\/\"},{\"@type\":\"ListItem\",\"position\":5,\"name\":\"Section 5 1. General\",\"item\":\"https:\/\/www.miamibeachfl.gov\/city-hall\/public-works\/engineering-division\/section-5-1-general\/\"},{\"@type\":\"ListItem\",\"position\":6,\"name\":\"Section 5 10. Disposal Of Surplus And Unsuitable Material\"}]},{\"@type\":\"WebSite\",\"@id\":\"https:\/\/www.miamibeachfl.gov\/#website\",\"url\":\"https:\/\/www.miamibeachfl.gov\/\",\"name\":\"City of Miami Beach\",\"description\":\"The official website of the City of Miami Beach. Stay informed, find important information on city services, news, alerts, events, trolley routes, government employment and more.\",\"publisher\":{\"@id\":\"https:\/\/www.miamibeachfl.gov\/#organization\"},\"potentialAction\":[{\"@type\":\"SearchAction\",\"target\":{\"@type\":\"EntryPoint\",\"urlTemplate\":\"https:\/\/www.miamibeachfl.gov\/?s={search_term_string}\"},\"query-input\":{\"@type\":\"PropertyValueSpecification\",\"valueRequired\":true,\"valueName\":\"search_term_string\"}}],\"inLanguage\":\"pt-BR\"},{\"@type\":\"Organization\",\"@id\":\"https:\/\/www.miamibeachfl.gov\/#organization\",\"name\":\"City of Miami Beach\",\"url\":\"https:\/\/www.miamibeachfl.gov\/\",\"logo\":{\"@type\":\"ImageObject\",\"inLanguage\":\"pt-BR\",\"@id\":\"https:\/\/www.miamibeachfl.gov\/#\/schema\/logo\/image\/\",\"url\":\"https:\/\/www.miamibeachfl.gov\/wp-content\/uploads\/2022\/06\/miamibeach-logoblue.png\",\"contentUrl\":\"https:\/\/www.miamibeachfl.gov\/wp-content\/uploads\/2022\/06\/miamibeach-logoblue.png\",\"width\":1962,\"height\":381,\"caption\":\"City of Miami Beach\"},\"image\":{\"@id\":\"https:\/\/www.miamibeachfl.gov\/#\/schema\/logo\/image\/\"},\"sameAs\":[\"https:\/\/www.facebook.com\/cityofmiamibeach\",\"https:\/\/x.com\/Miamibeachnews\",\"https:\/\/www.instagram.com\/miamibeachnews\/\"],\"description\":\"The official website of the City of Miami Beach. Stay informed, find important information on city services, news, alerts, events, trolley routes, government employment and more.\",\"telephone\":\"305.604.CITY(2489)\",\"legalName\":\"City of Miami Beach\"}]}<\/script>\n<!-- \/ Yoast SEO Premium plugin. -->","yoast_head_json":{"title":"Se\u00e7\u00e3o 5 10. Descarte de Excedentes e Materiais Inadequados - Cidade de Miami Beach","description":"%","robots":{"index":"index","follow":"follow","max-snippet":"max-snippet:-1","max-image-preview":"max-image-preview:large","max-video-preview":"max-video-preview:-1"},"canonical":"https:\/\/www.miamibeachfl.gov\/pt\/city-hall\/public-works\/engineering-division\/section-5-1-general\/section-5-10-disposal-of-surplus-and-unsuitable-material\/","og_locale":"pt_BR","og_type":"article","og_title":"Section 5  10. Disposal Of Surplus And Unsuitable Material","og_description":"%","og_url":"https:\/\/www.miamibeachfl.gov\/pt\/city-hall\/public-works\/engineering-division\/section-5-1-general\/section-5-10-disposal-of-surplus-and-unsuitable-material\/","og_site_name":"City of Miami Beach","article_publisher":"https:\/\/www.facebook.com\/cityofmiamibeach","article_modified_time":"2018-01-26T19:09:16+00:00","og_image":[{"width":1000,"height":1000,"url":"https:\/\/www.miamibeachfl.gov\/wp-content\/uploads\/2024\/01\/1000pxSquare-miamibeach-aerial-southpointview.jpeg","type":"image\/jpeg"}],"twitter_card":"summary_large_image","twitter_site":"@Miamibeachnews","schema":{"@context":"https:\/\/schema.org","@graph":[{"@type":"WebPage","@id":"https:\/\/www.miamibeachfl.gov\/city-hall\/public-works\/engineering-division\/section-5-1-general\/section-5-10-disposal-of-surplus-and-unsuitable-material\/","url":"https:\/\/www.miamibeachfl.gov\/city-hall\/public-works\/engineering-division\/section-5-1-general\/section-5-10-disposal-of-surplus-and-unsuitable-material\/","name":"Se\u00e7\u00e3o 5 10. Descarte de Excedentes e Materiais Inadequados - Cidade de Miami Beach","isPartOf":{"@id":"https:\/\/www.miamibeachfl.gov\/#website"},"datePublished":"2017-08-11T00:11:51+00:00","dateModified":"2018-01-26T19:09:16+00:00","description":"%","breadcrumb":{"@id":"https:\/\/www.miamibeachfl.gov\/city-hall\/public-works\/engineering-division\/section-5-1-general\/section-5-10-disposal-of-surplus-and-unsuitable-material\/#breadcrumb"},"inLanguage":"pt-BR","potentialAction":[{"@type":"ReadAction","target":["https:\/\/www.miamibeachfl.gov\/city-hall\/public-works\/engineering-division\/section-5-1-general\/section-5-10-disposal-of-surplus-and-unsuitable-material\/"]}]},{"@type":"BreadcrumbList","@id":"https:\/\/www.miamibeachfl.gov\/city-hall\/public-works\/engineering-division\/section-5-1-general\/section-5-10-disposal-of-surplus-and-unsuitable-material\/#breadcrumb","itemListElement":[{"@type":"ListItem","position":1,"name":"Home","item":"https:\/\/www.miamibeachfl.gov\/"},{"@type":"ListItem","position":2,"name":"City Hall","item":"https:\/\/www.miamibeachfl.gov\/city-hall\/"},{"@type":"ListItem","position":3,"name":"Public Works","item":"https:\/\/www.miamibeachfl.gov\/city-hall\/public-works\/"},{"@type":"ListItem","position":4,"name":"Engineering Division","item":"https:\/\/www.miamibeachfl.gov\/city-hall\/public-works\/engineering-division\/"},{"@type":"ListItem","position":5,"name":"Section 5 1. General","item":"https:\/\/www.miamibeachfl.gov\/city-hall\/public-works\/engineering-division\/section-5-1-general\/"},{"@type":"ListItem","position":6,"name":"Section 5 10. Disposal Of Surplus And Unsuitable Material"}]},{"@type":"WebSite","@id":"https:\/\/www.miamibeachfl.gov\/#website","url":"https:\/\/www.miamibeachfl.gov\/","name":"Cidade de Miami Beach","description":"Site oficial da cidade de Miami Beach. Mantenha-se informado e encontre informa\u00e7\u00f5es importantes sobre servi\u00e7os municipais, not\u00edcias, alertas, eventos, rotas de bonde, empregos p\u00fablicos e muito mais.","publisher":{"@id":"https:\/\/www.miamibeachfl.gov\/#organization"},"potentialAction":[{"@type":"SearchAction","target":{"@type":"EntryPoint","urlTemplate":"https:\/\/www.miamibeachfl.gov\/?s={search_term_string}"},"query-input":{"@type":"PropertyValueSpecification","valueRequired":true,"valueName":"search_term_string"}}],"inLanguage":"pt-BR"},{"@type":"Organization","@id":"https:\/\/www.miamibeachfl.gov\/#organization","name":"Cidade de Miami Beach","url":"https:\/\/www.miamibeachfl.gov\/","logo":{"@type":"ImageObject","inLanguage":"pt-BR","@id":"https:\/\/www.miamibeachfl.gov\/#\/schema\/logo\/image\/","url":"https:\/\/www.miamibeachfl.gov\/wp-content\/uploads\/2022\/06\/miamibeach-logoblue.png","contentUrl":"https:\/\/www.miamibeachfl.gov\/wp-content\/uploads\/2022\/06\/miamibeach-logoblue.png","width":1962,"height":381,"caption":"City of Miami Beach"},"image":{"@id":"https:\/\/www.miamibeachfl.gov\/#\/schema\/logo\/image\/"},"sameAs":["https:\/\/www.facebook.com\/cityofmiamibeach","https:\/\/x.com\/Miamibeachnews","https:\/\/www.instagram.com\/miamibeachnews\/"],"description":"Site oficial da cidade de Miami Beach. Mantenha-se informado e encontre informa\u00e7\u00f5es importantes sobre servi\u00e7os municipais, not\u00edcias, alertas, eventos, rotas de bonde, empregos p\u00fablicos e muito mais.","telephone":"305.604.CITY(2489)","legalName":"City of Miami Beach"}]}},"_links":{"self":[{"href":"https:\/\/www.miamibeachfl.gov\/pt\/wp-json\/wp\/v2\/pages\/29097","targetHints":{"allow":["GET"]}}],"collection":[{"href":"https:\/\/www.miamibeachfl.gov\/pt\/wp-json\/wp\/v2\/pages"}],"about":[{"href":"https:\/\/www.miamibeachfl.gov\/pt\/wp-json\/wp\/v2\/types\/page"}],"author":[{"embeddable":true,"href":"https:\/\/www.miamibeachfl.gov\/pt\/wp-json\/wp\/v2\/users\/222"}],"replies":[{"embeddable":true,"href":"https:\/\/www.miamibeachfl.gov\/pt\/wp-json\/wp\/v2\/comments?post=29097"}],"version-history":[{"count":0,"href":"https:\/\/www.miamibeachfl.gov\/pt\/wp-json\/wp\/v2\/pages\/29097\/revisions"}],"up":[{"embeddable":true,"href":"https:\/\/www.miamibeachfl.gov\/pt\/wp-json\/wp\/v2\/pages\/29096"}],"wp:attachment":[{"href":"https:\/\/www.miamibeachfl.gov\/pt\/wp-json\/wp\/v2\/media?parent=29097"}],"wp:term":[{"taxonomy":"category","embeddable":true,"href":"https:\/\/www.miamibeachfl.gov\/pt\/wp-json\/wp\/v2\/categories?post=29097"},{"taxonomy":"post_tag","embeddable":true,"href":"https:\/\/www.miamibeachfl.gov\/pt\/wp-json\/wp\/v2\/tags?post=29097"}],"curies":[{"name":"wp","href":"https:\/\/api.w.org\/{rel}","templated":true}]}}