{"id":29187,"date":"2017-08-11T00:12:41","date_gmt":"2017-08-11T00:12:41","guid":{"rendered":"http:\/\/www.miamibeachfl.gov\/city-hall\/tourism-culture-and-economic-development\/economic-development\/"},"modified":"2025-12-30T11:40:18","modified_gmt":"2025-12-30T16:40:18","slug":"economic-development","status":"publish","type":"page","link":"https:\/\/www.miamibeachfl.gov\/pt\/city-hall\/economic-development\/","title":{"rendered":"Desenvolvimento Econ\u00f4mico"},"content":{"rendered":"<img decoding=\"async\" src=\"https:\/\/www.miamibeachfl.gov\/wp-content\/uploads\/2022\/07\/hero-small.jpg\" alt=\"ocean drive art deco buildings\" itemprop=\"image\" height=\"211\" width=\"2395\" title=\"her\u00f3i-pequeno\" onerror=\"this.style.display='none'\" loading=\"lazy\" \/>\n<h1>\n\t\t\tDesenvolvimento Econ\u00f4mico\t<\/h1>\n\t<nav id=\"breadcrumbs\" aria-label=\"Migalhas de p\u00e3o\"><a href=\"https:\/\/www.miamibeachfl.gov\/pt\/\">Lar<\/a> &gt; <a href=\"https:\/\/www.miamibeachfl.gov\/pt\/city-hall\/\">Prefeitura<\/a> &gt; <strong>Desenvolvimento Econ\u00f4mico<\/strong><\/nav>\n\t<p>O Departamento de Desenvolvimento Econ\u00f4mico da Cidade de Miami Beach se dedica a promover uma economia robusta que estimule o crescimento equilibrado conectando neg\u00f3cios, comunidade, pessoas e empregos por meio de assist\u00eancia e recursos empresariais, desenvolvimento e reconstru\u00e7\u00e3o de corredores, im\u00f3veis e cria\u00e7\u00e3o de uma economia diversificada para esta comunidade din\u00e2mica e resiliente.<\/p>\n<p>O principal objetivo do Departamento de Desenvolvimento Econ\u00f4mico \u00e9 estabelecer, desenvolver e diversificar a comunidade empresarial da cidade promovendo a imagem e os ativos da cidade, apoiando empresas e incentivando o desenvolvimento imobili\u00e1rio, com foco em duas \u00e1reas principais para dar suporte \u00e0s ricas e diversas comunidades culturais e empresariais de Miami Beach:<\/p>\n<ol>\n<li>Expans\u00e3o, atra\u00e7\u00e3o e reten\u00e7\u00e3o de neg\u00f3cios<\/li>\n<li>Revitaliza\u00e7\u00e3o Comunit\u00e1ria<\/li>\n<\/ol>\n\t\t\t\t<img decoding=\"async\" src=\"https:\/\/www.miamibeachfl.gov\/wp-content\/uploads\/2025\/06\/Steven_Anthony.jpg\" alt=\"Anthony Steven\" itemprop=\"image\" height=\"250\" width=\"250\" title=\"Steven_Anthony\" onerror=\"this.style.display='none'\" loading=\"lazy\" \/>\n<h2>\n\t\t\tSTEVEN ANTHONY<br \/>Diretor de Desenvolvimento Econ\u00f4mico\t<\/h2>\n<h2>\n\t\t\tPrincipais links\t<\/h2>\n\t\t\t<a href=\"\/pt\/city-hall\/economic-development\/committee-resources\/\" target=\"_self\">\n\t\t\t\t\t\t\tRecursos do Comit\u00ea\n\t\t\t<\/a>\n\t\t\t<a href=\"\/pt\/city-hall\/economic-development\/community-revitalization\/\" target=\"_self\">\n\t\t\t\t\t\t\tRevitaliza\u00e7\u00e3o Comunit\u00e1ria\n\t\t\t<\/a>\n\t\t\t<a href=\"\/pt\/city-hall\/economic-development\/convention-center-advisory-board-ccab\/\" target=\"_self\">\n\t\t\t\t\t\t\tConselho Consultivo do Centro de Conven\u00e7\u00f5es (CCAB)\n\t\t\t<\/a>\n\t\t\t<a href=\"\/pt\/city-hall\/economic-development\/quick-links\/\" target=\"_self\">\n\t\t\t\t\t\t\tRecursos para o Desenvolvimento Econ\u00f4mico\n\t\t\t<\/a>\n\t\t\t<a href=\"\/pt\/city-hall\/economic-development\/historic-preservation-incentives\/\" target=\"_self\">\n\t\t\t\t\t\t\tIncentivos \u00e0 preserva\u00e7\u00e3o hist\u00f3rica\n\t\t\t<\/a>\n\t\t\t<a href=\"\/pt\/city-hall\/economic-development\/redevelopment-agency\/\" target=\"_self\">\n\t\t\t\t\t\t\tAg\u00eancia de Redesenvolvimento de Miami Beach (RDA)\n\t\t\t<\/a>\n\t\t\t<a href=\"\/pt\/northbeachcra\/\" target=\"_self\">\n\t\t\t\t\t\t\tAg\u00eancia de Redesenvolvimento Comunit\u00e1rio de North Beach (NBCRA) \n\t\t\t<\/a>\n\t\t\t<a href=\"\/pt\/city-hall\/economic-development\/open-a-business\/\" target=\"_self\">\n\t\t\t\t\t\t\tAbrindo um neg\u00f3cio\n\t\t\t<\/a>\n\t\t\t<a href=\"\/pt\/city-hall\/economic-development\/small-business-financial-assistance\/\" target=\"_self\">\n\t\t\t\t\t\t\tAssist\u00eancia Financeira para Pequenas Empresas\n\t\t\t<\/a>\n\t\t\t<a href=\"\/pt\/city-hall\/economic-development\/tax-increment-financing\/\" target=\"_self\">\n\t\t\t\t\t\t\tFinanciamento de Incremento Fiscal\n\t\t\t<\/a>","protected":false},"excerpt":{"rendered":"<p><\/a><a href=\"https:\/\/www.miamibeachfl.gov\/pt\/city-hall\/economic-development\/additional-information\/\" style=\"text-decoration:none; color:#004896;\"><br \/>\n    <i class=\"fa-solid fa-circle-info\"><\/i> Informa\u00e7\u00f5es de contato<br \/>\n<\/a><\/a><a href=\"https:\/\/www.miamibeachfl.gov\/pt\/business\/\" style=\"text-decoration:none; color:#004896;\"><br \/>\n    <i class=\"fa-solid fa-suitcase\"><\/i> Site MBBIz<br \/>\n<\/a><\/p>","protected":false},"author":222,"featured_media":240448,"parent":28206,"menu_order":155,"comment_status":"closed","ping_status":"closed","template":"","meta":{"_searchwp_excluded":"","site-sidebar-layout":"default","site-content-layout":"","ast-site-content-layout":"default","site-content-style":"default","site-sidebar-style":"default","ast-global-header-display":"","ast-banner-title-visibility":"","ast-main-header-display":"","ast-hfb-above-header-display":"","ast-hfb-below-header-display":"","ast-hfb-mobile-header-display":"","site-post-title":"","ast-breadcrumbs-content":"","ast-featured-img":"","footer-sml-layout":"","theme-transparent-header-meta":"","adv-header-id-meta":"","stick-header-meta":"","header-above-stick-meta":"","header-main-stick-meta":"","header-below-stick-meta":"","astra-migrate-meta-layouts":"default","ast-page-background-enabled":"default","ast-page-background-meta":{"desktop":{"background-color":"var(--ast-global-color-5)","background-image":"","background-repeat":"repeat","background-position":"center center","background-size":"auto","background-attachment":"scroll","background-type":"","background-media":"","overlay-type":"","overlay-color":"","overlay-opacity":"","overlay-gradient":""},"tablet":{"background-color":"","background-image":"","background-repeat":"repeat","background-position":"center center","background-size":"auto","background-attachment":"scroll","background-type":"","background-media":"","overlay-type":"","overlay-color":"","overlay-opacity":"","overlay-gradient":""},"mobile":{"background-color":"","background-image":"","background-repeat":"repeat","background-position":"center center","background-size":"auto","background-attachment":"scroll","background-type":"","background-media":"","overlay-type":"","overlay-color":"","overlay-opacity":"","overlay-gradient":""}},"ast-content-background-meta":{"desktop":{"background-color":"var(--ast-global-color-4)","background-image":"","background-repeat":"repeat","background-position":"center center","background-size":"auto","background-attachment":"scroll","background-type":"","background-media":"","overlay-type":"","overlay-color":"","overlay-opacity":"","overlay-gradient":""},"tablet":{"background-color":"var(--ast-global-color-4)","background-image":"","background-repeat":"repeat","background-position":"center center","background-size":"auto","background-attachment":"scroll","background-type":"","background-media":"","overlay-type":"","overlay-color":"","overlay-opacity":"","overlay-gradient":""},"mobile":{"background-color":"var(--ast-global-color-4)","background-image":"","background-repeat":"repeat","background-position":"center center","background-size":"auto","background-attachment":"scroll","background-type":"","background-media":"","overlay-type":"","overlay-color":"","overlay-opacity":"","overlay-gradient":""}},"footnotes":""},"categories":[],"tags":[1728,1730],"class_list":["post-29187","page","type-page","status-publish","has-post-thumbnail","hentry","tag-business","tag-city-services"],"yoast_head":"<!-- This site is optimized with the Yoast SEO Premium plugin v27.4 (Yoast SEO v27.4) - https:\/\/yoast.com\/product\/yoast-seo-premium-wordpress\/ -->\n<title>Economic Development - City of Miami Beach<\/title>\n<meta name=\"description\" content=\"The City of Miami Beach\u2019s Economic Development Department works to stimulate balanced growth by connecting the city through business assistance, corridor development and redevelopment, real estate, and creating a diverse economy.\" \/>\n<meta name=\"robots\" content=\"index, follow, max-snippet:-1, max-image-preview:large, max-video-preview:-1\" \/>\n<link rel=\"canonical\" href=\"https:\/\/www.miamibeachfl.gov\/pt\/city-hall\/economic-development\/\" \/>\n<meta property=\"og:locale\" content=\"pt_BR\" \/>\n<meta property=\"og:type\" content=\"article\" \/>\n<meta property=\"og:title\" content=\"Economic Development\" \/>\n<meta property=\"og:description\" content=\"The City of Miami Beach\u2019s Economic Development Department works to stimulate balanced growth by connecting the city through business assistance, corridor development and redevelopment, real estate, and creating a diverse economy.\" \/>\n<meta property=\"og:url\" content=\"https:\/\/www.miamibeachfl.gov\/pt\/city-hall\/economic-development\/\" \/>\n<meta property=\"og:site_name\" content=\"City of Miami Beach\" \/>\n<meta property=\"article:publisher\" content=\"https:\/\/www.facebook.com\/cityofmiamibeach\" \/>\n<meta property=\"article:modified_time\" content=\"2025-12-30T16:40:18+00:00\" \/>\n<meta property=\"og:image\" content=\"https:\/\/www.miamibeachfl.gov\/wp-content\/uploads\/2023\/01\/biz-businesswomen-1000sq.jpg\" \/>\n\t<meta property=\"og:image:width\" content=\"1000\" \/>\n\t<meta property=\"og:image:height\" content=\"1000\" \/>\n\t<meta property=\"og:image:type\" content=\"image\/jpeg\" \/>\n<meta name=\"twitter:card\" content=\"summary_large_image\" \/>\n<meta name=\"twitter:site\" content=\"@Miamibeachnews\" \/>\n<script type=\"application\/ld+json\" class=\"yoast-schema-graph\">{\"@context\":\"https:\\\/\\\/schema.org\",\"@graph\":[{\"@type\":\"WebPage\",\"@id\":\"https:\\\/\\\/www.miamibeachfl.gov\\\/city-hall\\\/economic-development\\\/\",\"url\":\"https:\\\/\\\/www.miamibeachfl.gov\\\/city-hall\\\/economic-development\\\/\",\"name\":\"Economic Development - City of Miami Beach\",\"isPartOf\":{\"@id\":\"https:\\\/\\\/www.miamibeachfl.gov\\\/#website\"},\"primaryImageOfPage\":{\"@id\":\"https:\\\/\\\/www.miamibeachfl.gov\\\/city-hall\\\/economic-development\\\/#primaryimage\"},\"image\":{\"@id\":\"https:\\\/\\\/www.miamibeachfl.gov\\\/city-hall\\\/economic-development\\\/#primaryimage\"},\"thumbnailUrl\":\"https:\\\/\\\/www.miamibeachfl.gov\\\/wp-content\\\/uploads\\\/2023\\\/01\\\/biz-businesswomen-1000sq.jpg\",\"datePublished\":\"2017-08-11T00:12:41+00:00\",\"dateModified\":\"2025-12-30T16:40:18+00:00\",\"description\":\"The City of Miami Beach\u2019s Economic Development Department works to stimulate balanced growth by connecting the city through business assistance, corridor development and redevelopment, real estate, and creating a diverse economy.\",\"breadcrumb\":{\"@id\":\"https:\\\/\\\/www.miamibeachfl.gov\\\/city-hall\\\/economic-development\\\/#breadcrumb\"},\"inLanguage\":\"pt-BR\",\"potentialAction\":[{\"@type\":\"ReadAction\",\"target\":[\"https:\\\/\\\/www.miamibeachfl.gov\\\/city-hall\\\/economic-development\\\/\"]}]},{\"@type\":\"ImageObject\",\"inLanguage\":\"pt-BR\",\"@id\":\"https:\\\/\\\/www.miamibeachfl.gov\\\/city-hall\\\/economic-development\\\/#primaryimage\",\"url\":\"https:\\\/\\\/www.miamibeachfl.gov\\\/wp-content\\\/uploads\\\/2023\\\/01\\\/biz-businesswomen-1000sq.jpg\",\"contentUrl\":\"https:\\\/\\\/www.miamibeachfl.gov\\\/wp-content\\\/uploads\\\/2023\\\/01\\\/biz-businesswomen-1000sq.jpg\",\"width\":1000,\"height\":1000,\"caption\":\"Two women meeting\"},{\"@type\":\"BreadcrumbList\",\"@id\":\"https:\\\/\\\/www.miamibeachfl.gov\\\/city-hall\\\/economic-development\\\/#breadcrumb\",\"itemListElement\":[{\"@type\":\"ListItem\",\"position\":1,\"name\":\"Home\",\"item\":\"https:\\\/\\\/www.miamibeachfl.gov\\\/\"},{\"@type\":\"ListItem\",\"position\":2,\"name\":\"City Hall\",\"item\":\"https:\\\/\\\/www.miamibeachfl.gov\\\/city-hall\\\/\"},{\"@type\":\"ListItem\",\"position\":3,\"name\":\"Economic Development\"}]},{\"@type\":\"WebSite\",\"@id\":\"https:\\\/\\\/www.miamibeachfl.gov\\\/#website\",\"url\":\"https:\\\/\\\/www.miamibeachfl.gov\\\/\",\"name\":\"City of Miami Beach\",\"description\":\"The official website of the City of Miami Beach. Stay informed, find important information on city services, news, alerts, events, trolley routes, government employment and more.\",\"publisher\":{\"@id\":\"https:\\\/\\\/www.miamibeachfl.gov\\\/#organization\"},\"potentialAction\":[{\"@type\":\"SearchAction\",\"target\":{\"@type\":\"EntryPoint\",\"urlTemplate\":\"https:\\\/\\\/www.miamibeachfl.gov\\\/?s={search_term_string}\"},\"query-input\":{\"@type\":\"PropertyValueSpecification\",\"valueRequired\":true,\"valueName\":\"search_term_string\"}}],\"inLanguage\":\"pt-BR\"},{\"@type\":\"Organization\",\"@id\":\"https:\\\/\\\/www.miamibeachfl.gov\\\/#organization\",\"name\":\"City of Miami Beach\",\"url\":\"https:\\\/\\\/www.miamibeachfl.gov\\\/\",\"logo\":{\"@type\":\"ImageObject\",\"inLanguage\":\"pt-BR\",\"@id\":\"https:\\\/\\\/www.miamibeachfl.gov\\\/#\\\/schema\\\/logo\\\/image\\\/\",\"url\":\"https:\\\/\\\/www.miamibeachfl.gov\\\/wp-content\\\/uploads\\\/2022\\\/06\\\/miamibeach-logoblue.png\",\"contentUrl\":\"https:\\\/\\\/www.miamibeachfl.gov\\\/wp-content\\\/uploads\\\/2022\\\/06\\\/miamibeach-logoblue.png\",\"width\":1962,\"height\":381,\"caption\":\"City of Miami Beach\"},\"image\":{\"@id\":\"https:\\\/\\\/www.miamibeachfl.gov\\\/#\\\/schema\\\/logo\\\/image\\\/\"},\"sameAs\":[\"https:\\\/\\\/www.facebook.com\\\/cityofmiamibeach\",\"https:\\\/\\\/x.com\\\/Miamibeachnews\",\"https:\\\/\\\/www.instagram.com\\\/miamibeachnews\\\/\"],\"description\":\"The official website of the City of Miami Beach. Stay informed, find important information on city services, news, alerts, events, trolley routes, government employment and more.\",\"telephone\":\"305.604.CITY(2489)\",\"legalName\":\"City of Miami Beach\"}]}<\/script>\n<!-- \/ Yoast SEO Premium plugin. -->","yoast_head_json":{"title":"Desenvolvimento Econ\u00f4mico - Cidade de Miami Beach","description":"O Departamento de Desenvolvimento Econ\u00f4mico da Cidade de Miami Beach trabalha para estimular o crescimento equilibrado conectando a cidade por meio de assist\u00eancia empresarial, desenvolvimento e reconstru\u00e7\u00e3o de corredores, im\u00f3veis e cria\u00e7\u00e3o de uma economia diversificada.","robots":{"index":"index","follow":"follow","max-snippet":"max-snippet:-1","max-image-preview":"max-image-preview:large","max-video-preview":"max-video-preview:-1"},"canonical":"https:\/\/www.miamibeachfl.gov\/pt\/city-hall\/economic-development\/","og_locale":"pt_BR","og_type":"article","og_title":"Economic Development","og_description":"The City of Miami Beach\u2019s Economic Development Department works to stimulate balanced growth by connecting the city through business assistance, corridor development and redevelopment, real estate, and creating a diverse economy.","og_url":"https:\/\/www.miamibeachfl.gov\/pt\/city-hall\/economic-development\/","og_site_name":"City of Miami Beach","article_publisher":"https:\/\/www.facebook.com\/cityofmiamibeach","article_modified_time":"2025-12-30T16:40:18+00:00","og_image":[{"width":1000,"height":1000,"url":"https:\/\/www.miamibeachfl.gov\/wp-content\/uploads\/2023\/01\/biz-businesswomen-1000sq.jpg","type":"image\/jpeg"}],"twitter_card":"summary_large_image","twitter_site":"@Miamibeachnews","schema":{"@context":"https:\/\/schema.org","@graph":[{"@type":"WebPage","@id":"https:\/\/www.miamibeachfl.gov\/city-hall\/economic-development\/","url":"https:\/\/www.miamibeachfl.gov\/city-hall\/economic-development\/","name":"Desenvolvimento Econ\u00f4mico - Cidade de Miami Beach","isPartOf":{"@id":"https:\/\/www.miamibeachfl.gov\/#website"},"primaryImageOfPage":{"@id":"https:\/\/www.miamibeachfl.gov\/city-hall\/economic-development\/#primaryimage"},"image":{"@id":"https:\/\/www.miamibeachfl.gov\/city-hall\/economic-development\/#primaryimage"},"thumbnailUrl":"https:\/\/www.miamibeachfl.gov\/wp-content\/uploads\/2023\/01\/biz-businesswomen-1000sq.jpg","datePublished":"2017-08-11T00:12:41+00:00","dateModified":"2025-12-30T16:40:18+00:00","description":"O Departamento de Desenvolvimento Econ\u00f4mico da Cidade de Miami Beach trabalha para estimular o crescimento equilibrado conectando a cidade por meio de assist\u00eancia empresarial, desenvolvimento e reconstru\u00e7\u00e3o de corredores, im\u00f3veis e cria\u00e7\u00e3o de uma economia diversificada.","breadcrumb":{"@id":"https:\/\/www.miamibeachfl.gov\/city-hall\/economic-development\/#breadcrumb"},"inLanguage":"pt-BR","potentialAction":[{"@type":"ReadAction","target":["https:\/\/www.miamibeachfl.gov\/city-hall\/economic-development\/"]}]},{"@type":"ImageObject","inLanguage":"pt-BR","@id":"https:\/\/www.miamibeachfl.gov\/city-hall\/economic-development\/#primaryimage","url":"https:\/\/www.miamibeachfl.gov\/wp-content\/uploads\/2023\/01\/biz-businesswomen-1000sq.jpg","contentUrl":"https:\/\/www.miamibeachfl.gov\/wp-content\/uploads\/2023\/01\/biz-businesswomen-1000sq.jpg","width":1000,"height":1000,"caption":"Two women meeting"},{"@type":"BreadcrumbList","@id":"https:\/\/www.miamibeachfl.gov\/city-hall\/economic-development\/#breadcrumb","itemListElement":[{"@type":"ListItem","position":1,"name":"Home","item":"https:\/\/www.miamibeachfl.gov\/"},{"@type":"ListItem","position":2,"name":"City Hall","item":"https:\/\/www.miamibeachfl.gov\/city-hall\/"},{"@type":"ListItem","position":3,"name":"Economic Development"}]},{"@type":"WebSite","@id":"https:\/\/www.miamibeachfl.gov\/#website","url":"https:\/\/www.miamibeachfl.gov\/","name":"Cidade de Miami Beach","description":"Site oficial da cidade de Miami Beach. Mantenha-se informado e encontre informa\u00e7\u00f5es importantes sobre servi\u00e7os municipais, not\u00edcias, alertas, eventos, rotas de bonde, empregos p\u00fablicos e muito mais.","publisher":{"@id":"https:\/\/www.miamibeachfl.gov\/#organization"},"potentialAction":[{"@type":"SearchAction","target":{"@type":"EntryPoint","urlTemplate":"https:\/\/www.miamibeachfl.gov\/?s={search_term_string}"},"query-input":{"@type":"PropertyValueSpecification","valueRequired":true,"valueName":"search_term_string"}}],"inLanguage":"pt-BR"},{"@type":"Organization","@id":"https:\/\/www.miamibeachfl.gov\/#organization","name":"Cidade de Miami Beach","url":"https:\/\/www.miamibeachfl.gov\/","logo":{"@type":"ImageObject","inLanguage":"pt-BR","@id":"https:\/\/www.miamibeachfl.gov\/#\/schema\/logo\/image\/","url":"https:\/\/www.miamibeachfl.gov\/wp-content\/uploads\/2022\/06\/miamibeach-logoblue.png","contentUrl":"https:\/\/www.miamibeachfl.gov\/wp-content\/uploads\/2022\/06\/miamibeach-logoblue.png","width":1962,"height":381,"caption":"City of Miami Beach"},"image":{"@id":"https:\/\/www.miamibeachfl.gov\/#\/schema\/logo\/image\/"},"sameAs":["https:\/\/www.facebook.com\/cityofmiamibeach","https:\/\/x.com\/Miamibeachnews","https:\/\/www.instagram.com\/miamibeachnews\/"],"description":"Site oficial da cidade de Miami Beach. Mantenha-se informado e encontre informa\u00e7\u00f5es importantes sobre servi\u00e7os municipais, not\u00edcias, alertas, eventos, rotas de bonde, empregos p\u00fablicos e muito mais.","telephone":"305.604.CITY(2489)","legalName":"City of Miami Beach"}]}},"_links":{"self":[{"href":"https:\/\/www.miamibeachfl.gov\/pt\/wp-json\/wp\/v2\/pages\/29187","targetHints":{"allow":["GET"]}}],"collection":[{"href":"https:\/\/www.miamibeachfl.gov\/pt\/wp-json\/wp\/v2\/pages"}],"about":[{"href":"https:\/\/www.miamibeachfl.gov\/pt\/wp-json\/wp\/v2\/types\/page"}],"author":[{"embeddable":true,"href":"https:\/\/www.miamibeachfl.gov\/pt\/wp-json\/wp\/v2\/users\/222"}],"replies":[{"embeddable":true,"href":"https:\/\/www.miamibeachfl.gov\/pt\/wp-json\/wp\/v2\/comments?post=29187"}],"version-history":[{"count":4,"href":"https:\/\/www.miamibeachfl.gov\/pt\/wp-json\/wp\/v2\/pages\/29187\/revisions"}],"predecessor-version":[{"id":393998,"href":"https:\/\/www.miamibeachfl.gov\/pt\/wp-json\/wp\/v2\/pages\/29187\/revisions\/393998"}],"up":[{"embeddable":true,"href":"https:\/\/www.miamibeachfl.gov\/pt\/wp-json\/wp\/v2\/pages\/28206"}],"wp:featuredmedia":[{"embeddable":true,"href":"https:\/\/www.miamibeachfl.gov\/pt\/wp-json\/wp\/v2\/media\/240448"}],"wp:attachment":[{"href":"https:\/\/www.miamibeachfl.gov\/pt\/wp-json\/wp\/v2\/media?parent=29187"}],"wp:term":[{"taxonomy":"category","embeddable":true,"href":"https:\/\/www.miamibeachfl.gov\/pt\/wp-json\/wp\/v2\/categories?post=29187"},{"taxonomy":"post_tag","embeddable":true,"href":"https:\/\/www.miamibeachfl.gov\/pt\/wp-json\/wp\/v2\/tags?post=29187"}],"curies":[{"name":"wp","href":"https:\/\/api.w.org\/{rel}","templated":true}]}}