{"id":29197,"date":"2017-08-11T00:12:52","date_gmt":"2017-08-11T00:12:52","guid":{"rendered":"http:\/\/www.miamibeachfl.gov\/city-hall\/tourism-culture-and-economic-development\/business-assistance\/business-start-up\/"},"modified":"2026-02-26T14:30:42","modified_gmt":"2026-02-26T19:30:42","slug":"open-a-business","status":"publish","type":"page","link":"https:\/\/www.miamibeachfl.gov\/pt\/city-hall\/economic-development\/open-a-business\/","title":{"rendered":"Abrindo um neg\u00f3cio"},"content":{"rendered":"<img decoding=\"async\" src=\"https:\/\/www.miamibeachfl.gov\/wp-content\/uploads\/2022\/07\/hero-small.jpg\" alt=\"ocean drive art deco buildings\" itemprop=\"image\" height=\"211\" width=\"2395\" title=\"her\u00f3i-pequeno\" onerror=\"this.style.display='none'\" loading=\"lazy\" \/>\n<h1>\n\t\t\tAbrindo um neg\u00f3cio\t<\/h1>\n\t<nav id=\"breadcrumbs\" aria-label=\"Migalhas de p\u00e3o\"><a href=\"https:\/\/www.miamibeachfl.gov\/pt\/\">Lar<\/a> &gt; <a href=\"https:\/\/www.miamibeachfl.gov\/pt\/city-hall\/\">Prefeitura<\/a> &gt; <a href=\"https:\/\/www.miamibeachfl.gov\/pt\/city-hall\/economic-development\/\">Desenvolvimento Econ\u00f4mico<\/a> &gt; <strong>Abrindo um neg\u00f3cio<\/strong><\/nav>\n\t\t\t\t\t\t<img decoding=\"async\" src=\"https:\/\/www.miamibeachfl.gov\/wp-content\/uploads\/2025\/06\/waitressbringingfood.jpg\" data-animation-class=\"zoomIn\" alt=\"Waitress bringing food to customers\" \/>\n\t\t\tVoc\u00ea est\u00e1 abrindo,<br \/>Mudan\u00e7a ou realoca\u00e7\u00e3o<br \/> seu neg\u00f3cio<br \/>em Miami Beach?\n\t\t\t<p><img loading=\"lazy\" decoding=\"async\" src=\"https:\/\/www.miamibeachfl.gov\/wp-content\/uploads\/2025\/06\/arrowaright@2x.png\" alt=\"arrows pointing right\" width=\"148\" height=\"33\" \/><\/p>\n<p>Saiba mais sobre as 3 etapas<br \/>para evitar atrasos desnecess\u00e1rios.<\/p>\n\t\t\t\t\t\t<a aria-label=\"Voc&ecirc; est&aacute; abrindo,&lt;br&gt;Mudan&ccedil;a ou realoca&ccedil;&atilde;o&lt;br&gt; seu neg&oacute;cio&lt;br&gt;em Miami Beach?\" href=\"\/pt\/business-open-change-relocation\/\" target=\"_blank\" rel=\"noopener\">\n\t\t\t\t\t\t\t<\/a>\n\t<h2><strong>INICIANDO\u00a0\u00a0\u00a0\u00a0\u00a0\u00a0<\/strong><\/h2>\n<h2>ABRIR UM NEG\u00d3CIO<\/h2>\n<p>Todos os propriet\u00e1rios de empresas s\u00e3o obrigados a obter um <strong><a href=\"https:\/\/www.miamibeachfl.gov\/pt\/city-hall\/finance\/business-tax-receipts-btr\/\">Recibo de Imposto Comercial (anteriormente conhecido como Licen\u00e7a Ocupacional)<\/a><\/strong>Em alguns casos, quando uma empresa est\u00e1 mudando de uso, <strong><a href=\"https:\/\/www.miamibeachfl.gov\/pt\/city-hall\/planning\/certificate-of-use\/\">Ser\u00e1 necess\u00e1rio um Certificado de Utiliza\u00e7\u00e3o antes de obter o Alvar\u00e1 de Funcionamento.<\/a><\/strong> Ao solicitar um Alvar\u00e1 de Funcionamento, a maioria das empresas precisar\u00e1 fornecer um contrato de loca\u00e7\u00e3o\/nota fiscal\/escritura de garantia registrada, n\u00famero de identifica\u00e7\u00e3o fiscal federal e contrato social\/nome fantasia. Para obter uma lista completa dos requisitos, clique no link abaixo ou ligue para o Departamento de Finan\u00e7as. <strong><a href=\"tel:3056737420\">305.673.7420<\/a>.<\/strong><\/p>\n<p><strong><a href=\"https:\/\/www.miamibeachfl.gov\/wp-content\/uploads\/2025\/07\/Business-Tax-Category.pdf\">Categorias e Requisitos de Neg\u00f3cios<\/a><\/strong><\/p>\n<p>Caso seja necess\u00e1rio um Certificado de Uso, o processo de solicita\u00e7\u00e3o come\u00e7ar\u00e1 junto ao Departamento de Obras. Inspe\u00e7\u00f5es pelo Departamento de Obras, Corpo de Bombeiros, Departamento de Planejamento e outros \u00f3rg\u00e3os dever\u00e3o ocorrer ap\u00f3s a submiss\u00e3o da solicita\u00e7\u00e3o. Para mais informa\u00e7\u00f5es sobre o Certificado de Uso, entre em contato com o Departamento de Obras pelo telefone [inserir n\u00famero de telefone]. <strong><a href=\"tel:3056737610\">305.673.7610<\/a><\/strong>.<\/p>\n<h3>EMPRESAS UNIDAS, SOCIEDADES E CORPORA\u00c7\u00d5ES<\/h3>\n<p><strong>Sua primeira decis\u00e3o como propriet\u00e1rio de uma empresa \u00e9 determinar a estrutura jur\u00eddica do seu neg\u00f3cio.<\/strong> Sua escolha determina quais impostos a empresa deve pagar, quem \u00e9 o respons\u00e1vel e quais formul\u00e1rios s\u00e3o necess\u00e1rios. Existem quatro op\u00e7\u00f5es principais: Empres\u00e1rio Individual, Sociedade, Corpora\u00e7\u00e3o ou Sociedade de Responsabilidade Limitada. Entre em contato com a Divis\u00e3o de Corpora\u00e7\u00f5es do Departamento de Estado da Fl\u00f3rida para obter mais informa\u00e7\u00f5es. <strong><a href=\"tel:8504889000\">850.488.9000<\/a><\/strong> ou visite-os online em <strong><a title=\"www.sunbiz.org\" href=\"http:\/\/www.sunbiz.org\/\">www.sunbiz.org<\/a>.<\/strong><\/p>\n<h3>MARCAS REGISTRADAS ESTADUAIS E FEDERAIS<\/h3>\n<p><strong>Uma marca comercial ou de servi\u00e7o pode ser registrada na Divis\u00e3o de Corpora\u00e7\u00f5es da Fl\u00f3rida.<\/strong> Para uso e prote\u00e7\u00e3o somente no estado da Fl\u00f3rida. Para prote\u00e7\u00e3o da sua marca registrada em todos os EUA, incluindo a Fl\u00f3rida, voc\u00ea deve registr\u00e1-la no Escrit\u00f3rio de Patentes e Marcas dos EUA (USPTO). Para obter informa\u00e7\u00f5es sobre o registro na Fl\u00f3rida, ligue para 850.245.6051 ou acesse o site da Divis\u00e3o de Corpora\u00e7\u00f5es em [inserir URL aqui]. <strong><a title=\"www.sunbiz.org\" href=\"http:\/\/www.sunbiz.org\/\">www.sunbiz.org<\/a><\/strong>Para obter informa\u00e7\u00f5es sobre o registro federal, entre em contato com o Escrit\u00f3rio de Patentes e Marcas dos EUA. <strong><a href=\"tel:8007869199\">800.786.9199<\/a><\/strong> ou visite-os online em <strong><a title=\"www.uspto.gov\" href=\"http:\/\/www.uspto.gov\/\">www.uspto.gov<\/a>.<\/strong><\/p>\n<h3>INFORMA\u00c7\u00d5ES \u00daTEIS DE INICIALIZA\u00c7\u00c3O<\/h3>\n<p><strong>Guia para pequenas empresas da Administra\u00e7\u00e3o de Pequenas Empresas <\/strong>O objetivo \u00e9 servir como um roteiro para iniciar um neg\u00f3cio. \u00c9 abrangente e f\u00e1cil de usar. Inclui tamb\u00e9m diversos links eletr\u00f4nicos para informa\u00e7\u00f5es adicionais. Utilize esta poderosa ferramenta interativa, com diversos recursos de apoio, para ajudar voc\u00ea a iniciar um neg\u00f3cio de sucesso. <strong><a href=\"http:\/\/www.sba.gov\/smallbusinessplanner\/index.html\">Clique aqui para acessar o guia de planejamento para pequenas empresas.<\/a><\/strong><\/p>\n\t\tNavegar para\u2026\t\t\t\n\t\t\t\t\t<ul id=\"menu-economic-development-dept-menu\"><li id=\"menu-item-361319\"><a href=\"\/pt\/city-hall\/economic-development\/committee-resources\/\">Recursos do Comit\u00ea<\/a><\/li>\n<li id=\"menu-item-361320\"><a href=\"\/pt\/city-hall\/economic-development\/community-revitalization\/\">Revitaliza\u00e7\u00e3o Comunit\u00e1ria<\/a><\/li>\n<li id=\"menu-item-361321\"><a href=\"\/pt\/city-hall\/economic-development\/convention-center-advisory-board-ccab\/\">Conselho Consultivo do Centro de Conven\u00e7\u00f5es (CCAB)<\/a><\/li>\n<li id=\"menu-item-361322\"><a href=\"\/pt\/city-hall\/economic-development\/quick-links\/\">Recursos para o Desenvolvimento Econ\u00f4mico<\/a><\/li>\n<li id=\"menu-item-361323\"><a href=\"\/pt\/city-hall\/economic-development\/historic-preservation-incentives\/\">Incentivos \u00e0 preserva\u00e7\u00e3o hist\u00f3rica<\/a><\/li>\n<li id=\"menu-item-361324\"><a href=\"\/pt\/city-hall\/economic-development\/redevelopment-agency\/\">Ag\u00eancia de Redesenvolvimento de Miami Beach (RDA)<\/a><\/li>\n<li id=\"menu-item-367566\"><a href=\"https:\/\/www.miamibeachfl.gov\/pt\/northbeachcra\/\">North Beach CRA<\/a><\/li>\n<li id=\"menu-item-361325\"><a href=\"\/pt\/city-hall\/economic-development\/open-a-business\/\">Abrindo um neg\u00f3cio<\/a><\/li>\n<li id=\"menu-item-361326\"><a href=\"\/pt\/city-hall\/economic-development\/small-business-financial-assistance\/\">Assist\u00eancia Financeira para Pequenas Empresas<\/a><\/li>\n<li id=\"menu-item-361327\"><a href=\"\/pt\/city-hall\/economic-development\/tax-increment-financing\/\">Financiamento de Incremento Fiscal<\/a><\/li>\n<\/ul>","protected":false},"excerpt":{"rendered":"<p>Opening a Business Home &gt; City Hall &gt; Economic Development &gt; Opening a Business Are you Opening,Changing or Relocating your [&hellip;]<\/p>\n","protected":false},"author":222,"featured_media":0,"parent":29187,"menu_order":0,"comment_status":"closed","ping_status":"closed","template":"","meta":{"_searchwp_excluded":"","site-sidebar-layout":"default","site-content-layout":"","ast-site-content-layout":"default","site-content-style":"default","site-sidebar-style":"default","ast-global-header-display":"","ast-banner-title-visibility":"","ast-main-header-display":"","ast-hfb-above-header-display":"","ast-hfb-below-header-display":"","ast-hfb-mobile-header-display":"","site-post-title":"","ast-breadcrumbs-content":"","ast-featured-img":"","footer-sml-layout":"","theme-transparent-header-meta":"","adv-header-id-meta":"","stick-header-meta":"","header-above-stick-meta":"","header-main-stick-meta":"","header-below-stick-meta":"","astra-migrate-meta-layouts":"default","ast-page-background-enabled":"default","ast-page-background-meta":{"desktop":{"background-color":"var(--ast-global-color-5)","background-image":"","background-repeat":"repeat","background-position":"center center","background-size":"auto","background-attachment":"scroll","background-type":"","background-media":"","overlay-type":"","overlay-color":"","overlay-opacity":"","overlay-gradient":""},"tablet":{"background-color":"","background-image":"","background-repeat":"repeat","background-position":"center center","background-size":"auto","background-attachment":"scroll","background-type":"","background-media":"","overlay-type":"","overlay-color":"","overlay-opacity":"","overlay-gradient":""},"mobile":{"background-color":"","background-image":"","background-repeat":"repeat","background-position":"center center","background-size":"auto","background-attachment":"scroll","background-type":"","background-media":"","overlay-type":"","overlay-color":"","overlay-opacity":"","overlay-gradient":""}},"ast-content-background-meta":{"desktop":{"background-color":"var(--ast-global-color-4)","background-image":"","background-repeat":"repeat","background-position":"center center","background-size":"auto","background-attachment":"scroll","background-type":"","background-media":"","overlay-type":"","overlay-color":"","overlay-opacity":"","overlay-gradient":""},"tablet":{"background-color":"var(--ast-global-color-4)","background-image":"","background-repeat":"repeat","background-position":"center center","background-size":"auto","background-attachment":"scroll","background-type":"","background-media":"","overlay-type":"","overlay-color":"","overlay-opacity":"","overlay-gradient":""},"mobile":{"background-color":"var(--ast-global-color-4)","background-image":"","background-repeat":"repeat","background-position":"center center","background-size":"auto","background-attachment":"scroll","background-type":"","background-media":"","overlay-type":"","overlay-color":"","overlay-opacity":"","overlay-gradient":""}},"footnotes":""},"categories":[],"tags":[],"class_list":["post-29197","page","type-page","status-publish","hentry"],"yoast_head":"<!-- This site is optimized with the Yoast SEO Premium plugin v27.4 (Yoast SEO v27.4) - https:\/\/yoast.com\/product\/yoast-seo-premium-wordpress\/ -->\n<title>Opening a Business - City of Miami Beach<\/title>\n<meta name=\"description\" content=\"%\" \/>\n<meta name=\"robots\" content=\"index, follow, max-snippet:-1, max-image-preview:large, max-video-preview:-1\" \/>\n<link rel=\"canonical\" href=\"https:\/\/www.miamibeachfl.gov\/pt\/city-hall\/economic-development\/open-a-business\/\" \/>\n<meta property=\"og:locale\" content=\"pt_BR\" \/>\n<meta property=\"og:type\" content=\"article\" \/>\n<meta property=\"og:title\" content=\"Opening a Business\" \/>\n<meta property=\"og:description\" content=\"%\" \/>\n<meta property=\"og:url\" content=\"https:\/\/www.miamibeachfl.gov\/pt\/city-hall\/economic-development\/open-a-business\/\" \/>\n<meta property=\"og:site_name\" content=\"City of Miami Beach\" \/>\n<meta property=\"article:publisher\" content=\"https:\/\/www.facebook.com\/cityofmiamibeach\" \/>\n<meta property=\"article:modified_time\" content=\"2026-02-26T19:30:42+00:00\" \/>\n<meta property=\"og:image\" content=\"https:\/\/www.miamibeachfl.gov\/wp-content\/uploads\/2022\/07\/hero-small.jpg\" \/>\n<meta name=\"twitter:card\" content=\"summary_large_image\" \/>\n<meta name=\"twitter:site\" content=\"@Miamibeachnews\" \/>\n<script type=\"application\/ld+json\" class=\"yoast-schema-graph\">{\"@context\":\"https:\\\/\\\/schema.org\",\"@graph\":[{\"@type\":\"WebPage\",\"@id\":\"https:\\\/\\\/www.miamibeachfl.gov\\\/city-hall\\\/economic-development\\\/open-a-business\\\/\",\"url\":\"https:\\\/\\\/www.miamibeachfl.gov\\\/city-hall\\\/economic-development\\\/open-a-business\\\/\",\"name\":\"Opening a Business - City of Miami Beach\",\"isPartOf\":{\"@id\":\"https:\\\/\\\/www.miamibeachfl.gov\\\/#website\"},\"primaryImageOfPage\":{\"@id\":\"https:\\\/\\\/www.miamibeachfl.gov\\\/city-hall\\\/economic-development\\\/open-a-business\\\/#primaryimage\"},\"image\":{\"@id\":\"https:\\\/\\\/www.miamibeachfl.gov\\\/city-hall\\\/economic-development\\\/open-a-business\\\/#primaryimage\"},\"thumbnailUrl\":\"https:\\\/\\\/www.miamibeachfl.gov\\\/wp-content\\\/uploads\\\/2022\\\/07\\\/hero-small.jpg\",\"datePublished\":\"2017-08-11T00:12:52+00:00\",\"dateModified\":\"2026-02-26T19:30:42+00:00\",\"description\":\"%\",\"breadcrumb\":{\"@id\":\"https:\\\/\\\/www.miamibeachfl.gov\\\/city-hall\\\/economic-development\\\/open-a-business\\\/#breadcrumb\"},\"inLanguage\":\"pt-BR\",\"potentialAction\":[{\"@type\":\"ReadAction\",\"target\":[\"https:\\\/\\\/www.miamibeachfl.gov\\\/city-hall\\\/economic-development\\\/open-a-business\\\/\"]}]},{\"@type\":\"ImageObject\",\"inLanguage\":\"pt-BR\",\"@id\":\"https:\\\/\\\/www.miamibeachfl.gov\\\/city-hall\\\/economic-development\\\/open-a-business\\\/#primaryimage\",\"url\":\"https:\\\/\\\/www.miamibeachfl.gov\\\/wp-content\\\/uploads\\\/2022\\\/07\\\/hero-small.jpg\",\"contentUrl\":\"https:\\\/\\\/www.miamibeachfl.gov\\\/wp-content\\\/uploads\\\/2022\\\/07\\\/hero-small.jpg\"},{\"@type\":\"BreadcrumbList\",\"@id\":\"https:\\\/\\\/www.miamibeachfl.gov\\\/city-hall\\\/economic-development\\\/open-a-business\\\/#breadcrumb\",\"itemListElement\":[{\"@type\":\"ListItem\",\"position\":1,\"name\":\"Home\",\"item\":\"https:\\\/\\\/www.miamibeachfl.gov\\\/\"},{\"@type\":\"ListItem\",\"position\":2,\"name\":\"City Hall\",\"item\":\"https:\\\/\\\/www.miamibeachfl.gov\\\/city-hall\\\/\"},{\"@type\":\"ListItem\",\"position\":3,\"name\":\"Economic Development\",\"item\":\"https:\\\/\\\/www.miamibeachfl.gov\\\/city-hall\\\/economic-development\\\/\"},{\"@type\":\"ListItem\",\"position\":4,\"name\":\"Opening a Business\"}]},{\"@type\":\"WebSite\",\"@id\":\"https:\\\/\\\/www.miamibeachfl.gov\\\/#website\",\"url\":\"https:\\\/\\\/www.miamibeachfl.gov\\\/\",\"name\":\"City of Miami Beach\",\"description\":\"The official website of the City of Miami Beach. Stay informed, find important information on city services, news, alerts, events, trolley routes, government employment and more.\",\"publisher\":{\"@id\":\"https:\\\/\\\/www.miamibeachfl.gov\\\/#organization\"},\"potentialAction\":[{\"@type\":\"SearchAction\",\"target\":{\"@type\":\"EntryPoint\",\"urlTemplate\":\"https:\\\/\\\/www.miamibeachfl.gov\\\/?s={search_term_string}\"},\"query-input\":{\"@type\":\"PropertyValueSpecification\",\"valueRequired\":true,\"valueName\":\"search_term_string\"}}],\"inLanguage\":\"pt-BR\"},{\"@type\":\"Organization\",\"@id\":\"https:\\\/\\\/www.miamibeachfl.gov\\\/#organization\",\"name\":\"City of Miami Beach\",\"url\":\"https:\\\/\\\/www.miamibeachfl.gov\\\/\",\"logo\":{\"@type\":\"ImageObject\",\"inLanguage\":\"pt-BR\",\"@id\":\"https:\\\/\\\/www.miamibeachfl.gov\\\/#\\\/schema\\\/logo\\\/image\\\/\",\"url\":\"https:\\\/\\\/www.miamibeachfl.gov\\\/wp-content\\\/uploads\\\/2022\\\/06\\\/miamibeach-logoblue.png\",\"contentUrl\":\"https:\\\/\\\/www.miamibeachfl.gov\\\/wp-content\\\/uploads\\\/2022\\\/06\\\/miamibeach-logoblue.png\",\"width\":1962,\"height\":381,\"caption\":\"City of Miami Beach\"},\"image\":{\"@id\":\"https:\\\/\\\/www.miamibeachfl.gov\\\/#\\\/schema\\\/logo\\\/image\\\/\"},\"sameAs\":[\"https:\\\/\\\/www.facebook.com\\\/cityofmiamibeach\",\"https:\\\/\\\/x.com\\\/Miamibeachnews\",\"https:\\\/\\\/www.instagram.com\\\/miamibeachnews\\\/\"],\"description\":\"The official website of the City of Miami Beach. Stay informed, find important information on city services, news, alerts, events, trolley routes, government employment and more.\",\"telephone\":\"305.604.CITY(2489)\",\"legalName\":\"City of Miami Beach\"}]}<\/script>\n<!-- \/ Yoast SEO Premium plugin. -->","yoast_head_json":{"title":"Abrindo um Neg\u00f3cio - Cidade de Miami Beach","description":"%","robots":{"index":"index","follow":"follow","max-snippet":"max-snippet:-1","max-image-preview":"max-image-preview:large","max-video-preview":"max-video-preview:-1"},"canonical":"https:\/\/www.miamibeachfl.gov\/pt\/city-hall\/economic-development\/open-a-business\/","og_locale":"pt_BR","og_type":"article","og_title":"Opening a Business","og_description":"%","og_url":"https:\/\/www.miamibeachfl.gov\/pt\/city-hall\/economic-development\/open-a-business\/","og_site_name":"City of Miami Beach","article_publisher":"https:\/\/www.facebook.com\/cityofmiamibeach","article_modified_time":"2026-02-26T19:30:42+00:00","og_image":[{"url":"https:\/\/www.miamibeachfl.gov\/wp-content\/uploads\/2022\/07\/hero-small.jpg","type":"","width":"","height":""}],"twitter_card":"summary_large_image","twitter_site":"@Miamibeachnews","schema":{"@context":"https:\/\/schema.org","@graph":[{"@type":"WebPage","@id":"https:\/\/www.miamibeachfl.gov\/city-hall\/economic-development\/open-a-business\/","url":"https:\/\/www.miamibeachfl.gov\/city-hall\/economic-development\/open-a-business\/","name":"Abrindo um Neg\u00f3cio - Cidade de Miami Beach","isPartOf":{"@id":"https:\/\/www.miamibeachfl.gov\/#website"},"primaryImageOfPage":{"@id":"https:\/\/www.miamibeachfl.gov\/city-hall\/economic-development\/open-a-business\/#primaryimage"},"image":{"@id":"https:\/\/www.miamibeachfl.gov\/city-hall\/economic-development\/open-a-business\/#primaryimage"},"thumbnailUrl":"https:\/\/www.miamibeachfl.gov\/wp-content\/uploads\/2022\/07\/hero-small.jpg","datePublished":"2017-08-11T00:12:52+00:00","dateModified":"2026-02-26T19:30:42+00:00","description":"%","breadcrumb":{"@id":"https:\/\/www.miamibeachfl.gov\/city-hall\/economic-development\/open-a-business\/#breadcrumb"},"inLanguage":"pt-BR","potentialAction":[{"@type":"ReadAction","target":["https:\/\/www.miamibeachfl.gov\/city-hall\/economic-development\/open-a-business\/"]}]},{"@type":"ImageObject","inLanguage":"pt-BR","@id":"https:\/\/www.miamibeachfl.gov\/city-hall\/economic-development\/open-a-business\/#primaryimage","url":"https:\/\/www.miamibeachfl.gov\/wp-content\/uploads\/2022\/07\/hero-small.jpg","contentUrl":"https:\/\/www.miamibeachfl.gov\/wp-content\/uploads\/2022\/07\/hero-small.jpg"},{"@type":"BreadcrumbList","@id":"https:\/\/www.miamibeachfl.gov\/city-hall\/economic-development\/open-a-business\/#breadcrumb","itemListElement":[{"@type":"ListItem","position":1,"name":"Home","item":"https:\/\/www.miamibeachfl.gov\/"},{"@type":"ListItem","position":2,"name":"City Hall","item":"https:\/\/www.miamibeachfl.gov\/city-hall\/"},{"@type":"ListItem","position":3,"name":"Economic Development","item":"https:\/\/www.miamibeachfl.gov\/city-hall\/economic-development\/"},{"@type":"ListItem","position":4,"name":"Opening a Business"}]},{"@type":"WebSite","@id":"https:\/\/www.miamibeachfl.gov\/#website","url":"https:\/\/www.miamibeachfl.gov\/","name":"Cidade de Miami Beach","description":"Site oficial da cidade de Miami Beach. Mantenha-se informado e encontre informa\u00e7\u00f5es importantes sobre servi\u00e7os municipais, not\u00edcias, alertas, eventos, rotas de bonde, empregos p\u00fablicos e muito mais.","publisher":{"@id":"https:\/\/www.miamibeachfl.gov\/#organization"},"potentialAction":[{"@type":"SearchAction","target":{"@type":"EntryPoint","urlTemplate":"https:\/\/www.miamibeachfl.gov\/?s={search_term_string}"},"query-input":{"@type":"PropertyValueSpecification","valueRequired":true,"valueName":"search_term_string"}}],"inLanguage":"pt-BR"},{"@type":"Organization","@id":"https:\/\/www.miamibeachfl.gov\/#organization","name":"Cidade de Miami Beach","url":"https:\/\/www.miamibeachfl.gov\/","logo":{"@type":"ImageObject","inLanguage":"pt-BR","@id":"https:\/\/www.miamibeachfl.gov\/#\/schema\/logo\/image\/","url":"https:\/\/www.miamibeachfl.gov\/wp-content\/uploads\/2022\/06\/miamibeach-logoblue.png","contentUrl":"https:\/\/www.miamibeachfl.gov\/wp-content\/uploads\/2022\/06\/miamibeach-logoblue.png","width":1962,"height":381,"caption":"City of Miami Beach"},"image":{"@id":"https:\/\/www.miamibeachfl.gov\/#\/schema\/logo\/image\/"},"sameAs":["https:\/\/www.facebook.com\/cityofmiamibeach","https:\/\/x.com\/Miamibeachnews","https:\/\/www.instagram.com\/miamibeachnews\/"],"description":"Site oficial da cidade de Miami Beach. Mantenha-se informado e encontre informa\u00e7\u00f5es importantes sobre servi\u00e7os municipais, not\u00edcias, alertas, eventos, rotas de bonde, empregos p\u00fablicos e muito mais.","telephone":"305.604.CITY(2489)","legalName":"City of Miami Beach"}]}},"_links":{"self":[{"href":"https:\/\/www.miamibeachfl.gov\/pt\/wp-json\/wp\/v2\/pages\/29197","targetHints":{"allow":["GET"]}}],"collection":[{"href":"https:\/\/www.miamibeachfl.gov\/pt\/wp-json\/wp\/v2\/pages"}],"about":[{"href":"https:\/\/www.miamibeachfl.gov\/pt\/wp-json\/wp\/v2\/types\/page"}],"author":[{"embeddable":true,"href":"https:\/\/www.miamibeachfl.gov\/pt\/wp-json\/wp\/v2\/users\/222"}],"replies":[{"embeddable":true,"href":"https:\/\/www.miamibeachfl.gov\/pt\/wp-json\/wp\/v2\/comments?post=29197"}],"version-history":[{"count":3,"href":"https:\/\/www.miamibeachfl.gov\/pt\/wp-json\/wp\/v2\/pages\/29197\/revisions"}],"predecessor-version":[{"id":396812,"href":"https:\/\/www.miamibeachfl.gov\/pt\/wp-json\/wp\/v2\/pages\/29197\/revisions\/396812"}],"up":[{"embeddable":true,"href":"https:\/\/www.miamibeachfl.gov\/pt\/wp-json\/wp\/v2\/pages\/29187"}],"wp:attachment":[{"href":"https:\/\/www.miamibeachfl.gov\/pt\/wp-json\/wp\/v2\/media?parent=29197"}],"wp:term":[{"taxonomy":"category","embeddable":true,"href":"https:\/\/www.miamibeachfl.gov\/pt\/wp-json\/wp\/v2\/categories?post=29197"},{"taxonomy":"post_tag","embeddable":true,"href":"https:\/\/www.miamibeachfl.gov\/pt\/wp-json\/wp\/v2\/tags?post=29197"}],"curies":[{"name":"wp","href":"https:\/\/api.w.org\/{rel}","templated":true}]}}