{"id":295052,"date":"2024-04-01T15:28:53","date_gmt":"2024-04-01T19:28:53","guid":{"rendered":"https:\/\/www.miamibeachfl.gov\/?page_id=295052"},"modified":"2025-05-25T15:48:02","modified_gmt":"2025-05-25T19:48:02","slug":"live-local-act-inventory-list","status":"publish","type":"page","link":"https:\/\/www.miamibeachfl.gov\/pt\/city-hall\/housing-and-community-development\/housing-and-community\/community-development\/live-local-act-inventory-list\/","title":{"rendered":"Lista de invent\u00e1rio de atos locais ao vivo"},"content":{"rendered":"<h2>\n\t\t\tLista de invent\u00e1rio de atos locais ao vivo\t<\/h2>\nHabita\u00e7\u00e3o e Comunidade\t\t\t\n\t\t\t\t\t<ul id=\"menu-housing-and-community-services\"><li id=\"menu-item-273929\"><a href=\"\/pt\/city-hall\/housing-and-community-development\/\">Casa H &amp; C<\/a><\/li>\n<li id=\"menu-item-273934\" aria-haspopup=\"true\"><a aria-expanded=\"false\" href=\"\/pt\/city-hall\/housing-and-community-development\/housing-and-community\/\">Habita\u00e7\u00e3o e Comunidade<\/a>\n<ul>\n\t<li id=\"menu-item-273935\" aria-haspopup=\"true\"><a aria-expanded=\"false\" href=\"\/pt\/city-hall\/housing-and-community-development\/housing-and-community\/community-development\/\">Desenvolvimento Comunit\u00e1rio<\/a>\n\t<ul>\n\t\t<li id=\"menu-item-295056\"><a href=\"\/pt\/city-hall\/housing-and-community-development\/housing-and-community\/community-development\/live-local-act-inventory-list\/\">Lista de invent\u00e1rio de atos locais ao vivo<\/a><\/li>\n\t<\/ul>\n<\/li>\n\t<li id=\"menu-item-273936\" aria-haspopup=\"true\"><a aria-expanded=\"false\" href=\"\/pt\/city-hall\/housing-and-community-development\/housing-and-community\/\/housing-services\/\">Servi\u00e7os de Habita\u00e7\u00e3o<\/a>\n\t<ul>\n\t\t<li id=\"menu-item-275063\"><a href=\"\/pt\/city-hall\/housing-and-community-development\/housing-and-community\/housing-services\/firsttimehomebuyer\/\">Comprador de casa pela primeira vez<\/a><\/li>\n\t\t<li id=\"menu-item-275064\"><a href=\"\/pt\/city-hall\/housing-and-community-development\/housing-and-community\/housing-services\/ship\/\">ENVIAR<\/a><\/li>\n\t\t<li id=\"menu-item-275065\"><a href=\"\/pt\/city-hall\/housing-and-community-development\/housing-and-community\/housing-services\/fairhousing\/\">Moradia Justa<\/a><\/li>\n\t\t<li id=\"menu-item-335207\"><a href=\"\/pt\/city-hall\/housing-and-community-development\/housing-and-community\/housing-services\/housing-program\/\">Programa de Reembolso de Taxa de Solicita\u00e7\u00e3o de Aluguel<\/a><\/li>\n\t<\/ul>\n<\/li>\n<\/ul>\n<\/li>\n<li id=\"menu-item-273937\"><a href=\"\/pt\/city-hall\/housing-and-community-development\/residential-housing\/\">Habita\u00e7\u00e3o Residencial<\/a><\/li>\n<li id=\"menu-item-273933\"><a href=\"\/pt\/city-hall\/housing-and-community-development\/homeless-outreach\/\">Aux\u00edlio a moradores de rua<\/a><\/li>\n<li id=\"menu-item-273930\" aria-haspopup=\"true\"><a aria-expanded=\"false\" href=\"\/pt\/city-hall\/housing-and-community-development\/community-services\/\">Servi\u00e7os Comunit\u00e1rios<\/a>\n<ul>\n\t<li id=\"menu-item-273931\" aria-haspopup=\"true\"><a aria-expanded=\"false\" href=\"\/pt\/city-hall\/housing-and-community-development\/community-services\/elder-services\/\">Servi\u00e7os para Idosos<\/a>\n\t<ul>\n\t\t<li id=\"menu-item-279801\"><a href=\"\/pt\/city-hall\/housing-and-community-development\/community-services\/elder-services\/senior-centers\/\">Centros para Idosos<\/a><\/li>\n\t<\/ul>\n<\/li>\n\t<li id=\"menu-item-273932\"><a href=\"\/pt\/city-hall\/housing-and-community-development\/community-services\/youth-services\/\">Servi\u00e7os para jovens<\/a><\/li>\n\t<li id=\"menu-item-274595\"><a href=\"\/pt\/city-hall\/housing-and-community-development\/community-services\/#communityserviceslocations\">Locais<\/a><\/li>\n<\/ul>\n<\/li>\n<\/ul>\t\nMoradia e Comunidade \u00d7\t\t\t\t\t\t<ul id=\"menu-housing-and-community-services-1\"><li id=\"menu-item-273929\"><a href=\"\/pt\/city-hall\/housing-and-community-development\/\">Casa H &amp; C<\/a><\/li>\n<li id=\"menu-item-273934\" aria-haspopup=\"true\"><a aria-expanded=\"false\" href=\"\/pt\/city-hall\/housing-and-community-development\/housing-and-community\/\">Habita\u00e7\u00e3o e Comunidade<\/a>\n<ul>\n\t<li id=\"menu-item-273935\" aria-haspopup=\"true\"><a aria-expanded=\"false\" href=\"\/pt\/city-hall\/housing-and-community-development\/housing-and-community\/community-development\/\">Desenvolvimento Comunit\u00e1rio<\/a>\n\t<ul>\n\t\t<li id=\"menu-item-295056\"><a href=\"\/pt\/city-hall\/housing-and-community-development\/housing-and-community\/community-development\/live-local-act-inventory-list\/\">Lista de invent\u00e1rio de atos locais ao vivo<\/a><\/li>\n\t<\/ul>\n<\/li>\n\t<li id=\"menu-item-273936\" aria-haspopup=\"true\"><a aria-expanded=\"false\" href=\"\/pt\/city-hall\/housing-and-community-development\/housing-and-community\/\/housing-services\/\">Servi\u00e7os de Habita\u00e7\u00e3o<\/a>\n\t<ul>\n\t\t<li id=\"menu-item-275063\"><a href=\"\/pt\/city-hall\/housing-and-community-development\/housing-and-community\/housing-services\/firsttimehomebuyer\/\">Comprador de casa pela primeira vez<\/a><\/li>\n\t\t<li id=\"menu-item-275064\"><a href=\"\/pt\/city-hall\/housing-and-community-development\/housing-and-community\/housing-services\/ship\/\">ENVIAR<\/a><\/li>\n\t\t<li id=\"menu-item-275065\"><a href=\"\/pt\/city-hall\/housing-and-community-development\/housing-and-community\/housing-services\/fairhousing\/\">Moradia Justa<\/a><\/li>\n\t\t<li id=\"menu-item-335207\"><a href=\"\/pt\/city-hall\/housing-and-community-development\/housing-and-community\/housing-services\/housing-program\/\">Programa de Reembolso de Taxa de Solicita\u00e7\u00e3o de Aluguel<\/a><\/li>\n\t<\/ul>\n<\/li>\n<\/ul>\n<\/li>\n<li id=\"menu-item-273937\"><a href=\"\/pt\/city-hall\/housing-and-community-development\/residential-housing\/\">Habita\u00e7\u00e3o Residencial<\/a><\/li>\n<li id=\"menu-item-273933\"><a href=\"\/pt\/city-hall\/housing-and-community-development\/homeless-outreach\/\">Aux\u00edlio a moradores de rua<\/a><\/li>\n<li id=\"menu-item-273930\" aria-haspopup=\"true\"><a aria-expanded=\"false\" href=\"\/pt\/city-hall\/housing-and-community-development\/community-services\/\">Servi\u00e7os Comunit\u00e1rios<\/a>\n<ul>\n\t<li id=\"menu-item-273931\" aria-haspopup=\"true\"><a aria-expanded=\"false\" href=\"\/pt\/city-hall\/housing-and-community-development\/community-services\/elder-services\/\">Servi\u00e7os para Idosos<\/a>\n\t<ul>\n\t\t<li id=\"menu-item-279801\"><a href=\"\/pt\/city-hall\/housing-and-community-development\/community-services\/elder-services\/senior-centers\/\">Centros para Idosos<\/a><\/li>\n\t<\/ul>\n<\/li>\n\t<li id=\"menu-item-273932\"><a href=\"\/pt\/city-hall\/housing-and-community-development\/community-services\/youth-services\/\">Servi\u00e7os para jovens<\/a><\/li>\n\t<li id=\"menu-item-274595\"><a href=\"\/pt\/city-hall\/housing-and-community-development\/community-services\/#communityserviceslocations\">Locais<\/a><\/li>\n<\/ul>\n<\/li>\n<\/ul>\t\t\t\t\n\t<p>De acordo com os Estatutos da Fl\u00f3rida <a href=\"http:\/\/www.leg.state.fl.us\/statutes\/index.cfm?App_mode=Display_Statute&amp;Search_String=&amp;URL=0100-0199\/0166\/Sections\/0166.0451.html\">166.0451<\/a>Abaixo, segue uma lista dos terrenos de propriedade da Prefeitura de Miami Beach, administrados pelo Escrit\u00f3rio de Habita\u00e7\u00e3o e Servi\u00e7os Comunit\u00e1rios da Prefeitura, que podem ser potencialmente desenvolvidos para uso como moradia acess\u00edvel. Para fins dos Estatutos citados, o termo \u201cacess\u00edvel\u201d tem o mesmo significado que o indicado nos Estatutos da Fl\u00f3rida, Cap. 420.0004(3). Observe que a transfer\u00eancia ou venda de quaisquer lotes listados aqui fica a crit\u00e9rio exclusivo do Prefeito e da Comiss\u00e3o da Prefeitura de Miami Beach. <i>Aviso Legal: Alguns dos lotes mencionados nesta lista podem ter restri\u00e7\u00f5es devido \u00e0 sua fonte de financiamento original.<\/i><\/p>\n<ul>\n<li>Apartamentos Barclay Plaza, 1940 Park Avenue, Miami Beach, FL 33141<\/li>\n<\/ul>\n\t\t\t\t<img decoding=\"async\" src=\"https:\/\/www.miamibeachfl.gov\/wp-content\/uploads\/bb-plugin\/cache\/Alba-Tarre1000sq-circle.jpg\" alt=\"Alba-Tarre1000sq\" title=\"Alba-Tarre 1000 m\u00b2\" itemprop=\"image\"\/>\n\t\t\t\t \n\t\t<h3>Alba Tarre<\/h3>Diretor de Departamento Estamos dedicados a atender \u00e0s necessidades dos nossos residentes, fornecendo a mais alta qualidade de servi\u00e7o e suporte, ao mesmo tempo em que garantimos a satisfa\u00e7\u00e3o do cliente em cada intera\u00e7\u00e3o.\t\t\t\t\t\t\t\n\t\t\t\t<a href=\"mailto:albatarre@miamibeachfl.gov\" target=\"_self\">\t\t\t\t\n\t\t<\/a><a href=\"tel:305.673.7491\" target=\"_self\">\t\t\t\t\n\t\t<\/a>\t\t\t\t \n\t<ul>\n\t\t<li><a href=\"\/pt\/city-hall\/housing-and-community-development\/community-services\/#communityserviceslocations\" target=\"_self\"  aria-label=\"Acesse \/prefeitura\/habita\u00e7\u00e3o-e-desenvolvimento-comunit\u00e1rio\/servi\u00e7os-comunit\u00e1rios\/#localiza\u00e7\u00f5esdosservi\u00e7oscomunit\u00e1rios\">\t\t\t\t\n\t\t<h3>Locais<\/h3><p>765 17th St.\u00a0<\/p><\/a><\/li><li><a href=\"tel:3056737491\" target=\"_self\"  aria-label=\"Acesse o telefone: 3056737491\">\t\t\t\t\n\t\t<h3>N\u00famero principal:<\/h3><p>305.673.7491<\/p><\/a><\/li><li><a href=\"mailto:albatarre@miamibeachfl.gov\" target=\"_self\"  aria-label=\"Acesse mailto:albatarre@miamibeachfl.gov\">\t\t\t\t\n\t\t<h3>E-mail:<\/h3><p><a href=\"mailto:albatarre@miamibeachfl.gov\">albatarre@miamibeachfl.gov<\/a><\/p><\/a><\/li><li><a href=\"mailto:Firedepartment@miamibeachfl.gov\" target=\"_self\"  aria-label=\"Acesse mailto:Firedepartment@miamibeachfl.gov\">\t\t\t\t\n\t\t<h3>Hor\u00e1rio de funcionamento:<\/h3><p>Segunda a sexta<br \/>8h30 - 17h<\/p><\/a><\/li>\t<\/ul>","protected":false},"excerpt":{"rendered":"<p>Lista de invent\u00e1rio do Live Local Act Habita\u00e7\u00e3o e comunidade H &amp; C Home Habita\u00e7\u00e3o e comunidade Desenvolvimento comunit\u00e1rio Live Local Act [\u2026]<\/p>","protected":false},"author":329,"featured_media":0,"parent":274814,"menu_order":0,"comment_status":"closed","ping_status":"closed","template":"","meta":{"_searchwp_excluded":"","site-sidebar-layout":"default","site-content-layout":"","ast-site-content-layout":"default","site-content-style":"default","site-sidebar-style":"default","ast-global-header-display":"","ast-banner-title-visibility":"","ast-main-header-display":"","ast-hfb-above-header-display":"","ast-hfb-below-header-display":"","ast-hfb-mobile-header-display":"","site-post-title":"","ast-breadcrumbs-content":"","ast-featured-img":"","footer-sml-layout":"","theme-transparent-header-meta":"","adv-header-id-meta":"","stick-header-meta":"","header-above-stick-meta":"","header-main-stick-meta":"","header-below-stick-meta":"","astra-migrate-meta-layouts":"default","ast-page-background-enabled":"default","ast-page-background-meta":{"desktop":{"background-color":"var(--ast-global-color-5)","background-image":"","background-repeat":"repeat","background-position":"center center","background-size":"auto","background-attachment":"scroll","background-type":"","background-media":"","overlay-type":"","overlay-color":"","overlay-opacity":"","overlay-gradient":""},"tablet":{"background-color":"","background-image":"","background-repeat":"repeat","background-position":"center center","background-size":"auto","background-attachment":"scroll","background-type":"","background-media":"","overlay-type":"","overlay-color":"","overlay-opacity":"","overlay-gradient":""},"mobile":{"background-color":"","background-image":"","background-repeat":"repeat","background-position":"center center","background-size":"auto","background-attachment":"scroll","background-type":"","background-media":"","overlay-type":"","overlay-color":"","overlay-opacity":"","overlay-gradient":""}},"ast-content-background-meta":{"desktop":{"background-color":"var(--ast-global-color-4)","background-image":"","background-repeat":"repeat","background-position":"center center","background-size":"auto","background-attachment":"scroll","background-type":"","background-media":"","overlay-type":"","overlay-color":"","overlay-opacity":"","overlay-gradient":""},"tablet":{"background-color":"var(--ast-global-color-4)","background-image":"","background-repeat":"repeat","background-position":"center center","background-size":"auto","background-attachment":"scroll","background-type":"","background-media":"","overlay-type":"","overlay-color":"","overlay-opacity":"","overlay-gradient":""},"mobile":{"background-color":"var(--ast-global-color-4)","background-image":"","background-repeat":"repeat","background-position":"center center","background-size":"auto","background-attachment":"scroll","background-type":"","background-media":"","overlay-type":"","overlay-color":"","overlay-opacity":"","overlay-gradient":""}},"footnotes":""},"categories":[],"tags":[1106],"class_list":["post-295052","page","type-page","status-publish","hentry","tag-housing-and-community-development"],"yoast_head":"<!-- This site is optimized with the Yoast SEO Premium plugin v26.6 (Yoast SEO v26.6) - https:\/\/yoast.com\/wordpress\/plugins\/seo\/ -->\n<title>Live Local Act Inventory List - City of Miami Beach<\/title>\n<meta name=\"description\" content=\"%\" \/>\n<meta name=\"robots\" content=\"index, follow, max-snippet:-1, max-image-preview:large, max-video-preview:-1\" \/>\n<link rel=\"canonical\" href=\"https:\/\/www.miamibeachfl.gov\/pt\/city-hall\/housing-and-community-development\/housing-and-community\/community-development\/live-local-act-inventory-list\/\" \/>\n<meta property=\"og:locale\" content=\"pt_BR\" \/>\n<meta property=\"og:type\" content=\"article\" \/>\n<meta property=\"og:title\" content=\"Live Local Act Inventory List\" \/>\n<meta property=\"og:description\" content=\"%\" \/>\n<meta property=\"og:url\" content=\"https:\/\/www.miamibeachfl.gov\/pt\/city-hall\/housing-and-community-development\/housing-and-community\/community-development\/live-local-act-inventory-list\/\" \/>\n<meta property=\"og:site_name\" content=\"City of Miami Beach\" \/>\n<meta property=\"article:publisher\" content=\"https:\/\/www.facebook.com\/cityofmiamibeach\" \/>\n<meta property=\"article:modified_time\" content=\"2025-05-25T19:48:02+00:00\" \/>\n<meta property=\"og:image\" content=\"https:\/\/www.miamibeachfl.gov\/wp-content\/uploads\/bb-plugin\/cache\/Alba-Tarre1000sq-circle.jpg\" \/>\n<meta name=\"twitter:card\" content=\"summary_large_image\" \/>\n<meta name=\"twitter:site\" content=\"@Miamibeachnews\" \/>\n<script type=\"application\/ld+json\" class=\"yoast-schema-graph\">{\"@context\":\"https:\/\/schema.org\",\"@graph\":[{\"@type\":\"WebPage\",\"@id\":\"https:\/\/www.miamibeachfl.gov\/city-hall\/housing-and-community-development\/housing-and-community\/community-development\/live-local-act-inventory-list\/\",\"url\":\"https:\/\/www.miamibeachfl.gov\/city-hall\/housing-and-community-development\/housing-and-community\/community-development\/live-local-act-inventory-list\/\",\"name\":\"Live Local Act Inventory List - City of Miami Beach\",\"isPartOf\":{\"@id\":\"https:\/\/www.miamibeachfl.gov\/#website\"},\"primaryImageOfPage\":{\"@id\":\"https:\/\/www.miamibeachfl.gov\/city-hall\/housing-and-community-development\/housing-and-community\/community-development\/live-local-act-inventory-list\/#primaryimage\"},\"image\":{\"@id\":\"https:\/\/www.miamibeachfl.gov\/city-hall\/housing-and-community-development\/housing-and-community\/community-development\/live-local-act-inventory-list\/#primaryimage\"},\"thumbnailUrl\":\"https:\/\/www.miamibeachfl.gov\/wp-content\/uploads\/bb-plugin\/cache\/Alba-Tarre1000sq-circle.jpg\",\"datePublished\":\"2024-04-01T19:28:53+00:00\",\"dateModified\":\"2025-05-25T19:48:02+00:00\",\"description\":\"%\",\"breadcrumb\":{\"@id\":\"https:\/\/www.miamibeachfl.gov\/city-hall\/housing-and-community-development\/housing-and-community\/community-development\/live-local-act-inventory-list\/#breadcrumb\"},\"inLanguage\":\"pt-BR\",\"potentialAction\":[{\"@type\":\"ReadAction\",\"target\":[\"https:\/\/www.miamibeachfl.gov\/city-hall\/housing-and-community-development\/housing-and-community\/community-development\/live-local-act-inventory-list\/\"]}]},{\"@type\":\"ImageObject\",\"inLanguage\":\"pt-BR\",\"@id\":\"https:\/\/www.miamibeachfl.gov\/city-hall\/housing-and-community-development\/housing-and-community\/community-development\/live-local-act-inventory-list\/#primaryimage\",\"url\":\"https:\/\/www.miamibeachfl.gov\/wp-content\/uploads\/bb-plugin\/cache\/Alba-Tarre1000sq-circle.jpg\",\"contentUrl\":\"https:\/\/www.miamibeachfl.gov\/wp-content\/uploads\/bb-plugin\/cache\/Alba-Tarre1000sq-circle.jpg\"},{\"@type\":\"BreadcrumbList\",\"@id\":\"https:\/\/www.miamibeachfl.gov\/city-hall\/housing-and-community-development\/housing-and-community\/community-development\/live-local-act-inventory-list\/#breadcrumb\",\"itemListElement\":[{\"@type\":\"ListItem\",\"position\":1,\"name\":\"Home\",\"item\":\"https:\/\/www.miamibeachfl.gov\/\"},{\"@type\":\"ListItem\",\"position\":2,\"name\":\"City Hall\",\"item\":\"https:\/\/www.miamibeachfl.gov\/city-hall\/\"},{\"@type\":\"ListItem\",\"position\":3,\"name\":\"Housing &#038; Community Services\",\"item\":\"https:\/\/www.miamibeachfl.gov\/city-hall\/housing-and-community-development\/\"},{\"@type\":\"ListItem\",\"position\":4,\"name\":\"Housing and Community Development\",\"item\":\"https:\/\/www.miamibeachfl.gov\/city-hall\/housing-and-community-development\/housing-and-community\/\"},{\"@type\":\"ListItem\",\"position\":5,\"name\":\"Community Development\",\"item\":\"https:\/\/www.miamibeachfl.gov\/city-hall\/housing-and-community-development\/housing-and-community\/community-development\/\"},{\"@type\":\"ListItem\",\"position\":6,\"name\":\"Live Local Act Inventory List\"}]},{\"@type\":\"WebSite\",\"@id\":\"https:\/\/www.miamibeachfl.gov\/#website\",\"url\":\"https:\/\/www.miamibeachfl.gov\/\",\"name\":\"City of Miami Beach\",\"description\":\"The official website of the City of Miami Beach. Stay informed, find important information on city services, news, alerts, events, trolley routes, government employment and more.\",\"publisher\":{\"@id\":\"https:\/\/www.miamibeachfl.gov\/#organization\"},\"potentialAction\":[{\"@type\":\"SearchAction\",\"target\":{\"@type\":\"EntryPoint\",\"urlTemplate\":\"https:\/\/www.miamibeachfl.gov\/?s={search_term_string}\"},\"query-input\":{\"@type\":\"PropertyValueSpecification\",\"valueRequired\":true,\"valueName\":\"search_term_string\"}}],\"inLanguage\":\"pt-BR\"},{\"@type\":\"Organization\",\"@id\":\"https:\/\/www.miamibeachfl.gov\/#organization\",\"name\":\"City of Miami Beach\",\"url\":\"https:\/\/www.miamibeachfl.gov\/\",\"logo\":{\"@type\":\"ImageObject\",\"inLanguage\":\"pt-BR\",\"@id\":\"https:\/\/www.miamibeachfl.gov\/#\/schema\/logo\/image\/\",\"url\":\"https:\/\/www.miamibeachfl.gov\/wp-content\/uploads\/2022\/06\/miamibeach-logoblue.png\",\"contentUrl\":\"https:\/\/www.miamibeachfl.gov\/wp-content\/uploads\/2022\/06\/miamibeach-logoblue.png\",\"width\":1962,\"height\":381,\"caption\":\"City of Miami Beach\"},\"image\":{\"@id\":\"https:\/\/www.miamibeachfl.gov\/#\/schema\/logo\/image\/\"},\"sameAs\":[\"https:\/\/www.facebook.com\/cityofmiamibeach\",\"https:\/\/x.com\/Miamibeachnews\",\"https:\/\/www.instagram.com\/miamibeachnews\/\"],\"description\":\"The official website of the City of Miami Beach. Stay informed, find important information on city services, news, alerts, events, trolley routes, government employment and more.\",\"telephone\":\"305.604.CITY(2489)\",\"legalName\":\"City of Miami Beach\"}]}<\/script>\n<!-- \/ Yoast SEO Premium plugin. -->","yoast_head_json":{"title":"Lista de Invent\u00e1rio de Atos Locais Ao Vivo - Cidade de Miami Beach","description":"%","robots":{"index":"index","follow":"follow","max-snippet":"max-snippet:-1","max-image-preview":"max-image-preview:large","max-video-preview":"max-video-preview:-1"},"canonical":"https:\/\/www.miamibeachfl.gov\/pt\/city-hall\/housing-and-community-development\/housing-and-community\/community-development\/live-local-act-inventory-list\/","og_locale":"pt_BR","og_type":"article","og_title":"Live Local Act Inventory List","og_description":"%","og_url":"https:\/\/www.miamibeachfl.gov\/pt\/city-hall\/housing-and-community-development\/housing-and-community\/community-development\/live-local-act-inventory-list\/","og_site_name":"City of Miami Beach","article_publisher":"https:\/\/www.facebook.com\/cityofmiamibeach","article_modified_time":"2025-05-25T19:48:02+00:00","og_image":[{"url":"https:\/\/www.miamibeachfl.gov\/wp-content\/uploads\/bb-plugin\/cache\/Alba-Tarre1000sq-circle.jpg","type":"","width":"","height":""}],"twitter_card":"summary_large_image","twitter_site":"@Miamibeachnews","schema":{"@context":"https:\/\/schema.org","@graph":[{"@type":"WebPage","@id":"https:\/\/www.miamibeachfl.gov\/city-hall\/housing-and-community-development\/housing-and-community\/community-development\/live-local-act-inventory-list\/","url":"https:\/\/www.miamibeachfl.gov\/city-hall\/housing-and-community-development\/housing-and-community\/community-development\/live-local-act-inventory-list\/","name":"Lista de Invent\u00e1rio de Atos Locais Ao Vivo - Cidade de Miami Beach","isPartOf":{"@id":"https:\/\/www.miamibeachfl.gov\/#website"},"primaryImageOfPage":{"@id":"https:\/\/www.miamibeachfl.gov\/city-hall\/housing-and-community-development\/housing-and-community\/community-development\/live-local-act-inventory-list\/#primaryimage"},"image":{"@id":"https:\/\/www.miamibeachfl.gov\/city-hall\/housing-and-community-development\/housing-and-community\/community-development\/live-local-act-inventory-list\/#primaryimage"},"thumbnailUrl":"https:\/\/www.miamibeachfl.gov\/wp-content\/uploads\/bb-plugin\/cache\/Alba-Tarre1000sq-circle.jpg","datePublished":"2024-04-01T19:28:53+00:00","dateModified":"2025-05-25T19:48:02+00:00","description":"%","breadcrumb":{"@id":"https:\/\/www.miamibeachfl.gov\/city-hall\/housing-and-community-development\/housing-and-community\/community-development\/live-local-act-inventory-list\/#breadcrumb"},"inLanguage":"pt-BR","potentialAction":[{"@type":"ReadAction","target":["https:\/\/www.miamibeachfl.gov\/city-hall\/housing-and-community-development\/housing-and-community\/community-development\/live-local-act-inventory-list\/"]}]},{"@type":"ImageObject","inLanguage":"pt-BR","@id":"https:\/\/www.miamibeachfl.gov\/city-hall\/housing-and-community-development\/housing-and-community\/community-development\/live-local-act-inventory-list\/#primaryimage","url":"https:\/\/www.miamibeachfl.gov\/wp-content\/uploads\/bb-plugin\/cache\/Alba-Tarre1000sq-circle.jpg","contentUrl":"https:\/\/www.miamibeachfl.gov\/wp-content\/uploads\/bb-plugin\/cache\/Alba-Tarre1000sq-circle.jpg"},{"@type":"BreadcrumbList","@id":"https:\/\/www.miamibeachfl.gov\/city-hall\/housing-and-community-development\/housing-and-community\/community-development\/live-local-act-inventory-list\/#breadcrumb","itemListElement":[{"@type":"ListItem","position":1,"name":"Home","item":"https:\/\/www.miamibeachfl.gov\/"},{"@type":"ListItem","position":2,"name":"City Hall","item":"https:\/\/www.miamibeachfl.gov\/city-hall\/"},{"@type":"ListItem","position":3,"name":"Housing &#038; Community Services","item":"https:\/\/www.miamibeachfl.gov\/city-hall\/housing-and-community-development\/"},{"@type":"ListItem","position":4,"name":"Housing and Community Development","item":"https:\/\/www.miamibeachfl.gov\/city-hall\/housing-and-community-development\/housing-and-community\/"},{"@type":"ListItem","position":5,"name":"Community Development","item":"https:\/\/www.miamibeachfl.gov\/city-hall\/housing-and-community-development\/housing-and-community\/community-development\/"},{"@type":"ListItem","position":6,"name":"Live Local Act Inventory List"}]},{"@type":"WebSite","@id":"https:\/\/www.miamibeachfl.gov\/#website","url":"https:\/\/www.miamibeachfl.gov\/","name":"Cidade de Miami Beach","description":"Site oficial da cidade de Miami Beach. Mantenha-se informado e encontre informa\u00e7\u00f5es importantes sobre servi\u00e7os municipais, not\u00edcias, alertas, eventos, rotas de bonde, empregos p\u00fablicos e muito mais.","publisher":{"@id":"https:\/\/www.miamibeachfl.gov\/#organization"},"potentialAction":[{"@type":"SearchAction","target":{"@type":"EntryPoint","urlTemplate":"https:\/\/www.miamibeachfl.gov\/?s={search_term_string}"},"query-input":{"@type":"PropertyValueSpecification","valueRequired":true,"valueName":"search_term_string"}}],"inLanguage":"pt-BR"},{"@type":"Organization","@id":"https:\/\/www.miamibeachfl.gov\/#organization","name":"Cidade de Miami Beach","url":"https:\/\/www.miamibeachfl.gov\/","logo":{"@type":"ImageObject","inLanguage":"pt-BR","@id":"https:\/\/www.miamibeachfl.gov\/#\/schema\/logo\/image\/","url":"https:\/\/www.miamibeachfl.gov\/wp-content\/uploads\/2022\/06\/miamibeach-logoblue.png","contentUrl":"https:\/\/www.miamibeachfl.gov\/wp-content\/uploads\/2022\/06\/miamibeach-logoblue.png","width":1962,"height":381,"caption":"City of Miami Beach"},"image":{"@id":"https:\/\/www.miamibeachfl.gov\/#\/schema\/logo\/image\/"},"sameAs":["https:\/\/www.facebook.com\/cityofmiamibeach","https:\/\/x.com\/Miamibeachnews","https:\/\/www.instagram.com\/miamibeachnews\/"],"description":"Site oficial da cidade de Miami Beach. Mantenha-se informado e encontre informa\u00e7\u00f5es importantes sobre servi\u00e7os municipais, not\u00edcias, alertas, eventos, rotas de bonde, empregos p\u00fablicos e muito mais.","telephone":"305.604.CITY(2489)","legalName":"City of Miami Beach"}]}},"_links":{"self":[{"href":"https:\/\/www.miamibeachfl.gov\/pt\/wp-json\/wp\/v2\/pages\/295052","targetHints":{"allow":["GET"]}}],"collection":[{"href":"https:\/\/www.miamibeachfl.gov\/pt\/wp-json\/wp\/v2\/pages"}],"about":[{"href":"https:\/\/www.miamibeachfl.gov\/pt\/wp-json\/wp\/v2\/types\/page"}],"author":[{"embeddable":true,"href":"https:\/\/www.miamibeachfl.gov\/pt\/wp-json\/wp\/v2\/users\/329"}],"replies":[{"embeddable":true,"href":"https:\/\/www.miamibeachfl.gov\/pt\/wp-json\/wp\/v2\/comments?post=295052"}],"version-history":[{"count":0,"href":"https:\/\/www.miamibeachfl.gov\/pt\/wp-json\/wp\/v2\/pages\/295052\/revisions"}],"up":[{"embeddable":true,"href":"https:\/\/www.miamibeachfl.gov\/pt\/wp-json\/wp\/v2\/pages\/274814"}],"wp:attachment":[{"href":"https:\/\/www.miamibeachfl.gov\/pt\/wp-json\/wp\/v2\/media?parent=295052"}],"wp:term":[{"taxonomy":"category","embeddable":true,"href":"https:\/\/www.miamibeachfl.gov\/pt\/wp-json\/wp\/v2\/categories?post=295052"},{"taxonomy":"post_tag","embeddable":true,"href":"https:\/\/www.miamibeachfl.gov\/pt\/wp-json\/wp\/v2\/tags?post=295052"}],"curies":[{"name":"wp","href":"https:\/\/api.w.org\/{rel}","templated":true}]}}