{"id":295615,"date":"2024-04-04T14:21:36","date_gmt":"2024-04-04T18:21:36","guid":{"rendered":"https:\/\/www.miamibeachfl.gov\/city-hall\/parking-new\/parking\/"},"modified":"2026-04-16T16:53:38","modified_gmt":"2026-04-16T20:53:38","slug":"parking","status":"publish","type":"page","link":"https:\/\/www.miamibeachfl.gov\/pt\/city-hall\/parking\/","title":{"rendered":"Estacionamento"},"content":{"rendered":"<figure itemscope itemtype=\"https:\/\/schema.org\/ImageObject\">\n\t\t\t\t<img decoding=\"async\" src=\"https:\/\/www.miamibeachfl.gov\/wp-content\/uploads\/2024\/04\/P-parkingcircle.png\" alt=\"P\" height=\"1200\" width=\"1200\" title=\"P-parkingcircle\" onerror=\"this.style.display='none'\" loading=\"lazy\" \/>\n\t<\/figure>\n<h1>\n\t\t\tDepartamento de Estacionamento\t<\/h1>\n\t<p>O departamento administra e opera 66 estacionamentos de superf\u00edcie, 12 garagens e 19 zonas de estacionamento residencial com permiss\u00e3o em toda a cidade. A cidade implementou tecnologias aprimoradas de estacionamento, como: pagamento por placa do ve\u00edculo e parqu\u00edmetros para m\u00faltiplas vagas. <a href=\"https:\/\/www.miamibeachfl.gov\/pt\/city-hall\/parking\/parking-garages-lot-locations\/\">estacionamentos de rua e de superf\u00edcie<\/a>, esta\u00e7\u00f5es de pagamento no local em estacionamentos, um programa de compartilhamento de bicicletas com a Citi Bike, e <a href=\"https:\/\/www.miamibeachfl.gov\/pt\/city-hall\/parking\/electric-vehicle-charging-stations\/\">Esta\u00e7\u00f5es de carregamento Blink (N\u00edvel 2) em algumas garagens. Esta\u00e7\u00e3o de carregamento Tesla na garagem G9 localizada em 1661 Pennsylvania Ave.<\/a><\/p>\n\t<a href=\"\/pt\/city-hall\/parking\/residents-only\/\" target=\"_self\"  aria-label=\"Acesse \/prefeitura\/estacionamento\/somente-residentes\"><\/a>\n\t\t\t\t<img decoding=\"async\" src=\"https:\/\/www.miamibeachfl.gov\/wp-content\/uploads\/bb-plugin\/cache\/ResidentParking-GirlNextToCar-circle.jpeg\" alt=\"person next to vehicle using the parking app to park\" title=\"ResidentParking-GirlNextToCar\" itemprop=\"image\"\/>\n\t\t<h2>Para residentes<\/h2>\n\t\t\t<a href=\"https:\/\/www.miamibeachfl.gov\/pt\/city-hall\/parking\/residents-only\/resident-parking-discounts\/\"  target=\"_self\">\n\t\t\t\t\t\t\tPrograma de Estacionamento Residencial \n\t\t\t\t\t<\/a>\n\t\t\t<a href=\"\/pt\/city-hall\/parking\/residents-only\/residential-parking-zones\/\"  target=\"_self\">\n\t\t\t\t\t\t\tPermiss\u00e3o para zona de estacionamento residencial \n\t\t\t\t\t<\/a>\n\t\t\t<a href=\"https:\/\/www.miamibeachfl.gov\/pt\/city-hall\/parking\/residents-only\/nobe-rrpp\/\"  target=\"_blank\" rel=\"noopener\">\n\t\t\t\t\t\t\tPrograma Piloto de Estacionamento para Residentes Registrados de North Beach \n\t\t\t\t\t<\/a>\n\t\t\t<a href=\"\/pt\/city-hall\/parking\/permit-programs\/2-citywide-scootermotorcycle-parking-permit\/\"  target=\"_self\">\n\t\t\t\t\t\t\tPermiss\u00f5es de estacionamento para scooters\/motocicletas \n\t\t\t\t\t<\/a>\n\t\t\t<a href=\"\/pt\/city-hall\/parking\/residents-only\/maurice-gibb-boat-ramp-info\/\"  target=\"_self\">\n\t\t\t\t\t\t\tPermiss\u00e3o para rampa de barco Maurice Gibb \n\t\t\t\t\t<\/a>\n\t\t\t<a href=\"\/pt\/city-hall\/parking\/residents-only\/parking-flood-relief-program\/\"  target=\"_self\">\n\t\t\t\t\t\t\tPrograma de Estacionamento para Al\u00edvio de Inunda\u00e7\u00f5es da Mar\u00e9 Grande \n\t\t\t\t\t<\/a>\n\t<a href=\"\/pt\/city-hall\/parking\/facilities-and-rates\/\" target=\"_self\"  aria-label=\"Acesse \/prefeitura\/estacionamento\/instala\u00e7\u00f5es-e-tarifas\/\"><\/a>\n\t\t\t\t<img decoding=\"async\" src=\"https:\/\/www.miamibeachfl.gov\/wp-content\/uploads\/bb-plugin\/cache\/Parking-Garage1Sign-circle.jpg\" alt=\"Public Parking Garage sign\" title=\"Estacionamento-Garage1Sign\" itemprop=\"image\"\/>\n\t\t<h2>Instala\u00e7\u00f5es e Tarifas<\/h2>\n\t\t\t<a href=\"\/pt\/city-hall\/parking\/electric-vehicle-charging-stations\/\"  target=\"_self\">\n\t\t\t\t\t\t\tEsta\u00e7\u00f5es de carregamento para ve\u00edculos el\u00e9tricos \n\t\t\t\t\t<\/a>\n\t\t\t<a href=\"\/pt\/city-hall\/parking\/parking-garages-lot-locations\/\"  target=\"_self\">\n\t\t\t\t\t\t\tLocaliza\u00e7\u00e3o de estacionamentos e garagens \n\t\t\t\t\t<\/a>\n\t\t\t<a href=\"\/pt\/city-hall\/parking\/parking-garages-lot-locations\/parking-garage-rates\/\"  target=\"_self\">\n\t\t\t\t\t\t\t Tarifas de estacionamento \n\t\t\t\t\t<\/a>\n\t\t\t<a href=\"\/pt\/city-hall\/parking\/parking-meter-rates\/\"  target=\"_self\">\n\t\t\t\t\t\t\tTarifas de parqu\u00edmetros \n\t\t\t\t\t<\/a>\n\t<a href=\"\/pt\/city-hall\/parking\/permit-programs\/\" target=\"_self\"  aria-label=\"Acesse \/city-hall\/parking\/permit-programs\/\"><\/a>\n\t\t\t\t<img decoding=\"async\" src=\"https:\/\/www.miamibeachfl.gov\/wp-content\/uploads\/bb-plugin\/cache\/Parking-Spots2-scaled-circle.jpeg\" alt=\"Parking spots\" title=\"Vagas de estacionamento 2\" itemprop=\"image\"\/>\n\t\t<h2>Permiss\u00f5es e Programas<\/h2>\n\t\t\t<a href=\"\/pt\/city-hall\/parking\/ada-parking\/\"  target=\"_self\">\n\t\t\t\t\t\t\tPermiss\u00f5es de estacionamento ADA \n\t\t\t\t\t<\/a>\n\t\t\t<a href=\"\/pt\/city-hall\/parking\/permit-programs\/boards-committees\/\"  target=\"_self\">\n\t\t\t\t\t\t\tPermiss\u00e3o de estacionamento para conselhos e comit\u00eas \n\t\t\t\t\t<\/a>\n\t\t\t<a href=\"\/pt\/city-hall\/parking\/permit-programs\/hybrid-vehicle-parking\/\"  target=\"_self\">\n\t\t\t\t\t\t\tPermiss\u00e3o de estacionamento de ve\u00edculos em toda a cidade \n\t\t\t\t\t<\/a>\n\t\t\t<a href=\"\/pt\/city-hall\/parking\/permit-programs\/construction-parking-management-plan\/\"  target=\"_self\">\n\t\t\t\t\t\t\tPermiss\u00e3o do Plano de Gest\u00e3o de Estacionamento de Constru\u00e7\u00e3o (CPMP) \n\t\t\t\t\t<\/a>\n\t\t\t<a href=\"\/pt\/city-hall\/parking\/permit-programs\/freight-loading-parking-permit-program\/\"  target=\"_self\">\n\t\t\t\t\t\t\tPrograma de Permiss\u00e3o de Estacionamento para Carga e Carga \n\t\t\t\t\t<\/a>\n\t\t\t<a href=\"\/pt\/city-hall\/parking\/permit-programs\/garage-permits\/\"  target=\"_self\">\n\t\t\t\t\t\t\tPermiss\u00e3o mensal para garagem e estacionamento \n\t\t\t\t\t<\/a>\n\t\t\t<a href=\"\/pt\/city-hall\/parking\/permit-programs\/production-company-recreational-vehicle-pcrv-parking-permit\/\"  target=\"_self\">\n\t\t\t\t\t\t\tPermiss\u00e3o de estacionamento para ve\u00edculos recreativos de empresas de produ\u00e7\u00e3o (PCRV) \n\t\t\t\t\t<\/a>\n\t\t\t<a href=\"\/pt\/city-hall\/parking\/permit-programs\/space-rentals\/\"  target=\"_self\">\n\t\t\t\t\t\t\tAluguel de Espa\u00e7os \n\t\t\t\t\t<\/a>\n<h2>\n\t\t\tInforma\u00e7\u00f5es de contato\t<\/h2>\n\t<p><strong>As licen\u00e7as s\u00e3o vendidas pela divis\u00e3o de atendimento ao cliente do Departamento Financeiro, localizada no 1<sup>rua<\/sup> andar do 1755 Meridian Avenue.<\/strong><\/p>\n<h2>\n\t\t\tEstacionamento Atendimento ao Cliente Finan\u00e7as:\t<\/h2>\n<h2>\n\t\t<a href=\"tel:3056737505\" title=\"LIGUE: 305.673.7505\"  target=\"_blank\"  rel=\"noopener\">\n\t\t\tLIGUE: 305.673.7505\t\t<\/a>\n\t<\/h2>\n\t<p><strong>Em servi\u00e7o das 8h30 \u00e0s 18h para auxiliar com:<\/strong><\/p>\n<ul>\n<li>Permiss\u00e3o de estacionamento residencial<\/li>\n<li>Permiss\u00e3o de estacionamento em garagem<\/li>\n<li>Permiss\u00e3o de estacionamento<\/li>\n<li>Permiss\u00e3o de estacionamento mensal<\/li>\n<li>Zona de Carga de Carga<\/li>\n<li>Estacionamento da empresa de produ\u00e7\u00e3o<\/li>\n<li>Permiss\u00f5es para ve\u00edculos recreativos da empresa<br \/>\n<a href=\"\/pt\/city-hall\/parking\/permit-programs\/\">Clique aqui para obter informa\u00e7\u00f5es sobre autoriza\u00e7\u00e3o de estacionamento <\/a><\/li>\n<\/ul>\n<h2>\n\t\t\tAdministra\u00e7\u00e3o de estacionamento:\t<\/h2>\n<h2>\n\t\t<a href=\"tel:3056737525\" title=\"LIGUE: 305.673.PARK (7275)\"  target=\"_blank\"  rel=\"noopener\">\n\t\t\tLIGUE: 305.673.PARK (7275)\t\t<\/a>\n\t<\/h2>\n\t<p><strong>Em servi\u00e7o das 8h30 \u00e0s 17h para auxiliar com:<\/strong><\/p>\n<ul>\n<li>Aluguel de espa\u00e7os (incluindo manobrista)<\/li>\n<li>Plano de Gest\u00e3o de Estacionamento de Constru\u00e7\u00e3o (CPMP)<\/li>\n<li>Avalia\u00e7\u00f5es<\/li>\n<li>Solicita\u00e7\u00f5es de apela\u00e7\u00f5es de cita\u00e7\u00e3o<\/li>\n<li>Permiss\u00f5es para membros do Conselho e do Comit\u00ea<\/li>\n<li>Programa de Aux\u00edlio a Inunda\u00e7\u00f5es<\/li>\n<li><a href=\"\/pt\/city-hall\/parking\/permit-programs\/\">Clique aqui para obter informa\u00e7\u00f5es sobre programas de autoriza\u00e7\u00e3o de estacionamento <\/a><\/li>\n<\/ul>\n<h2>\n\t\t\tWilliam MacDonald\t<\/h2>\n\t<p>Diretor de Estacionamento<\/p>\n<h2>\n\t\t\tAlberto Ventura\t<\/h2>\n\tAssistente de dire\u00e7\u00e3o<br \/>\n305.604.4785\n<h3>\n\t\t\tEscrit\u00f3rio principal\t<\/h3>\n\t1700 Convention Center Drive,<br \/>\nMiami Beach, FL 33139\n<h3>\n\t\t\tN\u00famero do escrit\u00f3rio\t<\/h3>\n\t<p><strong><a href=\"tel:3056044785\">305.604.4785<\/a><\/strong><\/p>\n<h3>\n\t\t\tHor\u00e1rio de funcionamento\t<\/h3>\n\tSegunda a sexta<br \/>\n8h30 - 18h<br \/>\n(Atendimento ao Cliente)\n<h2>\n\t\t\tAplicativos de estacionamento\t<\/h2>\n\t\t\t\t<img decoding=\"async\" src=\"https:\/\/www.miamibeachfl.gov\/wp-content\/uploads\/2023\/07\/parkmobile-parking-logo.png\" alt=\"parkmobile-parking-logo\" title=\"parkmobile-estacionamento-logotipo\" itemprop=\"image\"\/>\n\t\t<h3>Aplicativo ParkMobile<\/h3>\t\t\t\n\t\t\t<a href=\"https:\/\/itunes.apple.com\/us\/app\/parkmobile\/id365399299?mt=8\"  target=\"_blank\" rel=\"noopener\">\n\t\t\t\t\t\tBaixe o aplicativo Park Mobile para Apple\n\t\t\t\t\t<\/a>\n\t\t\t<a href=\"https:\/\/play.google.com\/store\/apps\/details?id=net.sharewire.parkmobilev2&#038;hl=en_US\"  target=\"_blank\" rel=\"noopener\">\n\t\t\t\t\t\tBaixe o aplicativo Park Mobile para Android\n\t\t\t\t\t<\/a>\n\t<p>O ParkMobile oferece uma maneira nova e melhor de pagar pelo estacionamento usando seu celular. Com o aplicativo m\u00f3vel do ParkMobile, iniciar sua transa\u00e7\u00e3o de estacionamento leva apenas alguns segundos. Se voc\u00ea estiver dirigindo um carro diferente daquele que registrou, pode alterar rapidamente o n\u00famero da placa e ativar sua sess\u00e3o de estacionamento. Voc\u00ea pode optar por receber uma notifica\u00e7\u00e3o push 15 minutos antes do t\u00e9rmino do seu per\u00edodo de estacionamento. Voc\u00ea tamb\u00e9m pode pagar pelo estacionamento ligando para o ParkMobile em: <a href=\"tel:18777275714\">1-877-727-5714.<\/a><\/p>\n\t<a href=\"https:\/\/www2.paybyphone.com\/park-in-miami-beach\" target=\"_blank\" rel=\"noopener\" aria-label=\"Acesse https:\/\/www2.paybyphone.com\/park-in-miami-beach\"><\/a>\n\t\t\t\t<img decoding=\"async\" src=\"https:\/\/www.miamibeachfl.gov\/wp-content\/uploads\/2023\/10\/paybyphonelogo.png\" alt=\"paybyphone\" title=\"logotipo do paybyphone\" itemprop=\"image\"\/>\n\t\t<h3>Pagar por telefone<\/h3>\t\t\t\n\t\t\t<a href=\"https:\/\/apps.apple.com\/us\/app\/paybyphone-parking\/id448474183\"  target=\"_blank\" rel=\"noopener\">\n\t\t\t\t\t\tBaixe o aplicativo PayByPhone para Apple\n\t\t\t\t\t<\/a>\n\t\t\t<a href=\"https:\/\/play.google.com\/store\/apps\/details?id=com.paybyphone\"  target=\"_blank\" rel=\"noopener\">\n\t\t\t\t\t\tBaixe o aplicativo PayByPhone para Android\n\t\t\t\t\t<\/a>\n\t<strong>Pague pelo estacionamento com o aplicativo PayByPhone em Miami Beach!<\/strong><br \/>\nO PayByPhone permite que voc\u00ea pague pelo estacionamento em segundos em nossos estacionamentos. O aplicativo \u00e9 uma solu\u00e7\u00e3o totalmente sem dinheiro, avisa quando sua sess\u00e3o de estacionamento est\u00e1 prestes a expirar e ainda permite estender seu tempo de estacionamento de qualquer lugar! O PayByPhone \u00e9 pr\u00e1tico, f\u00e1cil e seguro.","protected":false},"excerpt":{"rendered":"<p><a href=\"tel:3056737505\" style=\"text-decoration:none; color:#004896;\"><br \/>\n    <i class=\"fa-solid fa-phone\"><\/i> 305.673.7505<\/a><\/p>","protected":false},"author":222,"featured_media":347253,"parent":28206,"menu_order":0,"comment_status":"closed","ping_status":"closed","template":"","meta":{"_searchwp_excluded":"","site-sidebar-layout":"default","site-content-layout":"","ast-site-content-layout":"default","site-content-style":"default","site-sidebar-style":"default","ast-global-header-display":"","ast-banner-title-visibility":"","ast-main-header-display":"","ast-hfb-above-header-display":"","ast-hfb-below-header-display":"","ast-hfb-mobile-header-display":"","site-post-title":"","ast-breadcrumbs-content":"","ast-featured-img":"","footer-sml-layout":"","theme-transparent-header-meta":"","adv-header-id-meta":"","stick-header-meta":"","header-above-stick-meta":"","header-main-stick-meta":"","header-below-stick-meta":"","astra-migrate-meta-layouts":"default","ast-page-background-enabled":"default","ast-page-background-meta":{"desktop":{"background-color":"var(--ast-global-color-5)","background-image":"","background-repeat":"repeat","background-position":"center center","background-size":"auto","background-attachment":"scroll","background-type":"","background-media":"","overlay-type":"","overlay-color":"","overlay-opacity":"","overlay-gradient":""},"tablet":{"background-color":"","background-image":"","background-repeat":"repeat","background-position":"center center","background-size":"auto","background-attachment":"scroll","background-type":"","background-media":"","overlay-type":"","overlay-color":"","overlay-opacity":"","overlay-gradient":""},"mobile":{"background-color":"","background-image":"","background-repeat":"repeat","background-position":"center center","background-size":"auto","background-attachment":"scroll","background-type":"","background-media":"","overlay-type":"","overlay-color":"","overlay-opacity":"","overlay-gradient":""}},"ast-content-background-meta":{"desktop":{"background-color":"var(--ast-global-color-4)","background-image":"","background-repeat":"repeat","background-position":"center center","background-size":"auto","background-attachment":"scroll","background-type":"","background-media":"","overlay-type":"","overlay-color":"","overlay-opacity":"","overlay-gradient":""},"tablet":{"background-color":"var(--ast-global-color-4)","background-image":"","background-repeat":"repeat","background-position":"center center","background-size":"auto","background-attachment":"scroll","background-type":"","background-media":"","overlay-type":"","overlay-color":"","overlay-opacity":"","overlay-gradient":""},"mobile":{"background-color":"var(--ast-global-color-4)","background-image":"","background-repeat":"repeat","background-position":"center center","background-size":"auto","background-attachment":"scroll","background-type":"","background-media":"","overlay-type":"","overlay-color":"","overlay-opacity":"","overlay-gradient":""}},"footnotes":""},"categories":[],"tags":[1730,1518,1734],"class_list":["post-295615","page","type-page","status-publish","has-post-thumbnail","hentry","tag-city-services","tag-parking-site","tag-transportation"],"yoast_head":"<!-- This site is optimized with the Yoast SEO Premium plugin v27.4 (Yoast SEO v27.4) - https:\/\/yoast.com\/product\/yoast-seo-premium-wordpress\/ -->\n<title>Parking - City of Miami Beach<\/title>\n<meta name=\"description\" content=\"The department manages and operates 66 surface parking lots, 12 garages, and has 19 residential parking permit zones citywide.\" \/>\n<meta name=\"robots\" content=\"index, follow, max-snippet:-1, max-image-preview:large, max-video-preview:-1\" \/>\n<link rel=\"canonical\" href=\"https:\/\/www.miamibeachfl.gov\/pt\/city-hall\/parking\/\" \/>\n<meta property=\"og:locale\" content=\"pt_BR\" \/>\n<meta property=\"og:type\" content=\"article\" \/>\n<meta property=\"og:title\" content=\"Parking\" \/>\n<meta property=\"og:description\" content=\"The department manages and operates 66 surface parking lots, 12 garages, and has 19 residential parking permit zones citywide.\" \/>\n<meta property=\"og:url\" content=\"https:\/\/www.miamibeachfl.gov\/pt\/city-hall\/parking\/\" \/>\n<meta property=\"og:site_name\" content=\"City of Miami Beach\" \/>\n<meta property=\"article:publisher\" content=\"https:\/\/www.facebook.com\/cityofmiamibeach\" \/>\n<meta property=\"article:modified_time\" content=\"2026-04-16T20:53:38+00:00\" \/>\n<meta property=\"og:image\" content=\"https:\/\/www.miamibeachfl.gov\/wp-content\/uploads\/2024\/04\/Parking-Garage1Sign.jpg\" \/>\n\t<meta property=\"og:image:width\" content=\"1440\" \/>\n\t<meta property=\"og:image:height\" content=\"1920\" \/>\n\t<meta property=\"og:image:type\" content=\"image\/jpeg\" \/>\n<meta name=\"twitter:card\" content=\"summary_large_image\" \/>\n<meta name=\"twitter:image\" content=\"https:\/\/www.miamibeachfl.gov\/wp-content\/uploads\/2024\/05\/ParkingHeros-ForResidents.jpeg\" \/>\n<meta name=\"twitter:site\" content=\"@Miamibeachnews\" \/>\n<script type=\"application\/ld+json\" class=\"yoast-schema-graph\">{\"@context\":\"https:\\\/\\\/schema.org\",\"@graph\":[{\"@type\":\"WebPage\",\"@id\":\"https:\\\/\\\/www.miamibeachfl.gov\\\/city-hall\\\/parking\\\/\",\"url\":\"https:\\\/\\\/www.miamibeachfl.gov\\\/city-hall\\\/parking\\\/\",\"name\":\"Parking - City of Miami Beach\",\"isPartOf\":{\"@id\":\"https:\\\/\\\/www.miamibeachfl.gov\\\/#website\"},\"primaryImageOfPage\":{\"@id\":\"https:\\\/\\\/www.miamibeachfl.gov\\\/city-hall\\\/parking\\\/#primaryimage\"},\"image\":{\"@id\":\"https:\\\/\\\/www.miamibeachfl.gov\\\/city-hall\\\/parking\\\/#primaryimage\"},\"thumbnailUrl\":\"https:\\\/\\\/www.miamibeachfl.gov\\\/wp-content\\\/uploads\\\/2024\\\/11\\\/MiamiNewDrama.jpeg\",\"datePublished\":\"2024-04-04T18:21:36+00:00\",\"dateModified\":\"2026-04-16T20:53:38+00:00\",\"description\":\"The department manages and operates 66 surface parking lots, 12 garages, and has 19 residential parking permit zones citywide.\",\"breadcrumb\":{\"@id\":\"https:\\\/\\\/www.miamibeachfl.gov\\\/city-hall\\\/parking\\\/#breadcrumb\"},\"inLanguage\":\"pt-BR\",\"potentialAction\":[{\"@type\":\"ReadAction\",\"target\":[\"https:\\\/\\\/www.miamibeachfl.gov\\\/city-hall\\\/parking\\\/\"]}]},{\"@type\":\"ImageObject\",\"inLanguage\":\"pt-BR\",\"@id\":\"https:\\\/\\\/www.miamibeachfl.gov\\\/city-hall\\\/parking\\\/#primaryimage\",\"url\":\"https:\\\/\\\/www.miamibeachfl.gov\\\/wp-content\\\/uploads\\\/2024\\\/11\\\/MiamiNewDrama.jpeg\",\"contentUrl\":\"https:\\\/\\\/www.miamibeachfl.gov\\\/wp-content\\\/uploads\\\/2024\\\/11\\\/MiamiNewDrama.jpeg\",\"width\":400,\"height\":400,\"caption\":\"Miami New Drama at Collins Parking Garage\"},{\"@type\":\"BreadcrumbList\",\"@id\":\"https:\\\/\\\/www.miamibeachfl.gov\\\/city-hall\\\/parking\\\/#breadcrumb\",\"itemListElement\":[{\"@type\":\"ListItem\",\"position\":1,\"name\":\"Home\",\"item\":\"https:\\\/\\\/www.miamibeachfl.gov\\\/\"},{\"@type\":\"ListItem\",\"position\":2,\"name\":\"City Hall\",\"item\":\"https:\\\/\\\/www.miamibeachfl.gov\\\/city-hall\\\/\"},{\"@type\":\"ListItem\",\"position\":3,\"name\":\"Parking\"}]},{\"@type\":\"WebSite\",\"@id\":\"https:\\\/\\\/www.miamibeachfl.gov\\\/#website\",\"url\":\"https:\\\/\\\/www.miamibeachfl.gov\\\/\",\"name\":\"City of Miami Beach\",\"description\":\"The official website of the City of Miami Beach. Stay informed, find important information on city services, news, alerts, events, trolley routes, government employment and more.\",\"publisher\":{\"@id\":\"https:\\\/\\\/www.miamibeachfl.gov\\\/#organization\"},\"potentialAction\":[{\"@type\":\"SearchAction\",\"target\":{\"@type\":\"EntryPoint\",\"urlTemplate\":\"https:\\\/\\\/www.miamibeachfl.gov\\\/?s={search_term_string}\"},\"query-input\":{\"@type\":\"PropertyValueSpecification\",\"valueRequired\":true,\"valueName\":\"search_term_string\"}}],\"inLanguage\":\"pt-BR\"},{\"@type\":\"Organization\",\"@id\":\"https:\\\/\\\/www.miamibeachfl.gov\\\/#organization\",\"name\":\"City of Miami Beach\",\"url\":\"https:\\\/\\\/www.miamibeachfl.gov\\\/\",\"logo\":{\"@type\":\"ImageObject\",\"inLanguage\":\"pt-BR\",\"@id\":\"https:\\\/\\\/www.miamibeachfl.gov\\\/#\\\/schema\\\/logo\\\/image\\\/\",\"url\":\"https:\\\/\\\/www.miamibeachfl.gov\\\/wp-content\\\/uploads\\\/2022\\\/06\\\/miamibeach-logoblue.png\",\"contentUrl\":\"https:\\\/\\\/www.miamibeachfl.gov\\\/wp-content\\\/uploads\\\/2022\\\/06\\\/miamibeach-logoblue.png\",\"width\":1962,\"height\":381,\"caption\":\"City of Miami Beach\"},\"image\":{\"@id\":\"https:\\\/\\\/www.miamibeachfl.gov\\\/#\\\/schema\\\/logo\\\/image\\\/\"},\"sameAs\":[\"https:\\\/\\\/www.facebook.com\\\/cityofmiamibeach\",\"https:\\\/\\\/x.com\\\/Miamibeachnews\",\"https:\\\/\\\/www.instagram.com\\\/miamibeachnews\\\/\"],\"description\":\"The official website of the City of Miami Beach. Stay informed, find important information on city services, news, alerts, events, trolley routes, government employment and more.\",\"telephone\":\"305.604.CITY(2489)\",\"legalName\":\"City of Miami Beach\"}]}<\/script>\n<!-- \/ Yoast SEO Premium plugin. -->","yoast_head_json":{"title":"Estacionamento - Cidade de Miami Beach","description":"O departamento administra e opera 66 estacionamentos de superf\u00edcie, 12 garagens e tem 19 zonas de estacionamento residencial permitidas em toda a cidade.","robots":{"index":"index","follow":"follow","max-snippet":"max-snippet:-1","max-image-preview":"max-image-preview:large","max-video-preview":"max-video-preview:-1"},"canonical":"https:\/\/www.miamibeachfl.gov\/pt\/city-hall\/parking\/","og_locale":"pt_BR","og_type":"article","og_title":"Parking","og_description":"The department manages and operates 66 surface parking lots, 12 garages, and has 19 residential parking permit zones citywide.","og_url":"https:\/\/www.miamibeachfl.gov\/pt\/city-hall\/parking\/","og_site_name":"City of Miami Beach","article_publisher":"https:\/\/www.facebook.com\/cityofmiamibeach","article_modified_time":"2026-04-16T20:53:38+00:00","og_image":[{"width":1440,"height":1920,"url":"https:\/\/www.miamibeachfl.gov\/wp-content\/uploads\/2024\/04\/Parking-Garage1Sign.jpg","type":"image\/jpeg"}],"twitter_card":"summary_large_image","twitter_image":"https:\/\/www.miamibeachfl.gov\/wp-content\/uploads\/2024\/05\/ParkingHeros-ForResidents.jpeg","twitter_site":"@Miamibeachnews","schema":{"@context":"https:\/\/schema.org","@graph":[{"@type":"WebPage","@id":"https:\/\/www.miamibeachfl.gov\/city-hall\/parking\/","url":"https:\/\/www.miamibeachfl.gov\/city-hall\/parking\/","name":"Estacionamento - Cidade de Miami Beach","isPartOf":{"@id":"https:\/\/www.miamibeachfl.gov\/#website"},"primaryImageOfPage":{"@id":"https:\/\/www.miamibeachfl.gov\/city-hall\/parking\/#primaryimage"},"image":{"@id":"https:\/\/www.miamibeachfl.gov\/city-hall\/parking\/#primaryimage"},"thumbnailUrl":"https:\/\/www.miamibeachfl.gov\/wp-content\/uploads\/2024\/11\/MiamiNewDrama.jpeg","datePublished":"2024-04-04T18:21:36+00:00","dateModified":"2026-04-16T20:53:38+00:00","description":"O departamento administra e opera 66 estacionamentos de superf\u00edcie, 12 garagens e tem 19 zonas de estacionamento residencial permitidas em toda a cidade.","breadcrumb":{"@id":"https:\/\/www.miamibeachfl.gov\/city-hall\/parking\/#breadcrumb"},"inLanguage":"pt-BR","potentialAction":[{"@type":"ReadAction","target":["https:\/\/www.miamibeachfl.gov\/city-hall\/parking\/"]}]},{"@type":"ImageObject","inLanguage":"pt-BR","@id":"https:\/\/www.miamibeachfl.gov\/city-hall\/parking\/#primaryimage","url":"https:\/\/www.miamibeachfl.gov\/wp-content\/uploads\/2024\/11\/MiamiNewDrama.jpeg","contentUrl":"https:\/\/www.miamibeachfl.gov\/wp-content\/uploads\/2024\/11\/MiamiNewDrama.jpeg","width":400,"height":400,"caption":"Miami New Drama at Collins Parking Garage"},{"@type":"BreadcrumbList","@id":"https:\/\/www.miamibeachfl.gov\/city-hall\/parking\/#breadcrumb","itemListElement":[{"@type":"ListItem","position":1,"name":"Home","item":"https:\/\/www.miamibeachfl.gov\/"},{"@type":"ListItem","position":2,"name":"City Hall","item":"https:\/\/www.miamibeachfl.gov\/city-hall\/"},{"@type":"ListItem","position":3,"name":"Parking"}]},{"@type":"WebSite","@id":"https:\/\/www.miamibeachfl.gov\/#website","url":"https:\/\/www.miamibeachfl.gov\/","name":"Cidade de Miami Beach","description":"Site oficial da cidade de Miami Beach. Mantenha-se informado e encontre informa\u00e7\u00f5es importantes sobre servi\u00e7os municipais, not\u00edcias, alertas, eventos, rotas de bonde, empregos p\u00fablicos e muito mais.","publisher":{"@id":"https:\/\/www.miamibeachfl.gov\/#organization"},"potentialAction":[{"@type":"SearchAction","target":{"@type":"EntryPoint","urlTemplate":"https:\/\/www.miamibeachfl.gov\/?s={search_term_string}"},"query-input":{"@type":"PropertyValueSpecification","valueRequired":true,"valueName":"search_term_string"}}],"inLanguage":"pt-BR"},{"@type":"Organization","@id":"https:\/\/www.miamibeachfl.gov\/#organization","name":"Cidade de Miami Beach","url":"https:\/\/www.miamibeachfl.gov\/","logo":{"@type":"ImageObject","inLanguage":"pt-BR","@id":"https:\/\/www.miamibeachfl.gov\/#\/schema\/logo\/image\/","url":"https:\/\/www.miamibeachfl.gov\/wp-content\/uploads\/2022\/06\/miamibeach-logoblue.png","contentUrl":"https:\/\/www.miamibeachfl.gov\/wp-content\/uploads\/2022\/06\/miamibeach-logoblue.png","width":1962,"height":381,"caption":"City of Miami Beach"},"image":{"@id":"https:\/\/www.miamibeachfl.gov\/#\/schema\/logo\/image\/"},"sameAs":["https:\/\/www.facebook.com\/cityofmiamibeach","https:\/\/x.com\/Miamibeachnews","https:\/\/www.instagram.com\/miamibeachnews\/"],"description":"Site oficial da cidade de Miami Beach. Mantenha-se informado e encontre informa\u00e7\u00f5es importantes sobre servi\u00e7os municipais, not\u00edcias, alertas, eventos, rotas de bonde, empregos p\u00fablicos e muito mais.","telephone":"305.604.CITY(2489)","legalName":"City of Miami Beach"}]}},"_links":{"self":[{"href":"https:\/\/www.miamibeachfl.gov\/pt\/wp-json\/wp\/v2\/pages\/295615","targetHints":{"allow":["GET"]}}],"collection":[{"href":"https:\/\/www.miamibeachfl.gov\/pt\/wp-json\/wp\/v2\/pages"}],"about":[{"href":"https:\/\/www.miamibeachfl.gov\/pt\/wp-json\/wp\/v2\/types\/page"}],"author":[{"embeddable":true,"href":"https:\/\/www.miamibeachfl.gov\/pt\/wp-json\/wp\/v2\/users\/222"}],"replies":[{"embeddable":true,"href":"https:\/\/www.miamibeachfl.gov\/pt\/wp-json\/wp\/v2\/comments?post=295615"}],"version-history":[{"count":12,"href":"https:\/\/www.miamibeachfl.gov\/pt\/wp-json\/wp\/v2\/pages\/295615\/revisions"}],"predecessor-version":[{"id":399042,"href":"https:\/\/www.miamibeachfl.gov\/pt\/wp-json\/wp\/v2\/pages\/295615\/revisions\/399042"}],"up":[{"embeddable":true,"href":"https:\/\/www.miamibeachfl.gov\/pt\/wp-json\/wp\/v2\/pages\/28206"}],"wp:featuredmedia":[{"embeddable":true,"href":"https:\/\/www.miamibeachfl.gov\/pt\/wp-json\/wp\/v2\/media\/347253"}],"wp:attachment":[{"href":"https:\/\/www.miamibeachfl.gov\/pt\/wp-json\/wp\/v2\/media?parent=295615"}],"wp:term":[{"taxonomy":"category","embeddable":true,"href":"https:\/\/www.miamibeachfl.gov\/pt\/wp-json\/wp\/v2\/categories?post=295615"},{"taxonomy":"post_tag","embeddable":true,"href":"https:\/\/www.miamibeachfl.gov\/pt\/wp-json\/wp\/v2\/tags?post=295615"}],"curies":[{"name":"wp","href":"https:\/\/api.w.org\/{rel}","templated":true}]}}