{"id":298148,"date":"2024-04-17T15:51:10","date_gmt":"2024-04-17T19:51:10","guid":{"rendered":"https:\/\/www.miamibeachfl.gov\/?page_id=298148"},"modified":"2026-04-21T15:31:54","modified_gmt":"2026-04-21T19:31:54","slug":"trolleytracker","status":"publish","type":"page","link":"https:\/\/www.miamibeachfl.gov\/pt\/egovapp\/trolleytracker\/","title":{"rendered":"Rastreador de carrinho"},"content":{"rendered":"<h1>\n\t\t\tRastreie o carrinho\t<\/h1>\n\t<p>Planeje sua viagem gratuita com nosso <a href=\"#mbtrolleytracker\"><strong>Rastreador de bonde de Miami Beach<\/strong><\/a> \u2013 ou baixe o <strong><a href=\"#transitapp\">Aplicativo de tr\u00e2nsito<\/a>.\u00a0<\/strong><\/p>\n<p><strong><a href=\"https:\/\/www.miamibeachfl.gov\/pt\/city-hall\/transportation\/water-taxi\/\">Clique aqui para ver a p\u00e1gina de informa\u00e7\u00f5es sobre o T\u00e1xi Aqu\u00e1tico.<\/a><\/strong>. <strong><a href=\"https:\/\/www.miamibeachfl.gov\/pt\/visit-miami-beach\/getting-around\/\">Veja os recursos de mobilidade.<\/a><\/strong><\/p>\n\t<iframe loading=\"lazy\" src=\"https:\/\/maps.trilliumtransit.com\/map\/feed\/miamibeach-fl-us\" width=\"100%\" height=\"1300\" title=\"descri\u00e7\u00e3o_do_conte\u00fado_do_iframe\">\n  <!-- Optional fallback content for browsers that don't support iframes -->\n  <p><a href=\"https:\/\/maps.trilliumtransit.com\/map\/feed\/miamibeach-fl-us\">Seu navegador n\u00e3o suporta esta fun\u00e7\u00e3o, clique aqui para visualizar o rastreador do carrinho<\/a><\/p>\n<\/iframe>\n\t\t\tAplicativo de tr\u00e2nsito\n\t\t\t\t<p>O aplicativo Transit aprimora sua capacidade de rastrear os bondes em tempo real com recursos adicionais projetados para aprimorar sua experi\u00eancia de deslocamento. A cidade cobre o custo da assinatura premium do aplicativo, conhecida como &quot;Royale&quot;, para que todos os nossos usu\u00e1rios possam acessar esses recursos premium gratuitamente ao rastrear os bondes em Miami Beach.<\/p>\n\t<p><strong>Comece a usar o aplicativo Transit em tr\u00eas etapas f\u00e1ceis:<\/strong><\/p>\n<strong>1. Baixe o aplicativo:<br \/>\n<\/strong><br \/>\n<a href=\"https:\/\/itunes.apple.com\/app\/apple-store\/id498151501?pt=2090552&amp;ct=website-homepage&amp;mt=8\"><img loading=\"lazy\" decoding=\"async\" src=\"https:\/\/www.miamibeachfl.gov\/wp-content\/uploads\/2024\/01\/AppleStoreButton.png\" alt=\"Download App from Apple Store Button\" width=\"211\" height=\"63\" \/><\/a>\n<p><a href=\"https:\/\/play.google.com\/store\/apps\/details?id=com.thetransitapp.droid&amp;referrer=utm_source%3Dtransit%26utm_medium%3Dwebsite-homepage%26utm_campaign%3Dwebsite-homepage\"><img loading=\"lazy\" decoding=\"async\" src=\"https:\/\/www.miamibeachfl.gov\/wp-content\/uploads\/2024\/01\/GooglePlayButton.png\" alt=\"Download app on Google Play\" width=\"212\" height=\"63\" \/><\/a><\/p>\n<p><strong>2. Abra o aplicativo.<\/strong><\/p>\n<p><strong>3. Pesquise rotas de bondes de Miami Beach para come\u00e7ar a rastrear em tempo real.<\/strong><\/p>\n\t\t\t<a href=\"https:\/\/transitapp.com\/\"  target=\"_self\">\n\t\t\t\t\t\tVisite o site do aplicativo Transit para obter mais informa\u00e7\u00f5es\n\t\t\t\t\t<\/a>\n\t<p>Alternativamente, nossa equipe de atendimento ao cliente est\u00e1 dispon\u00edvel em <a href=\"tel:3056737117\">305.673.7117<\/a> para fornecer os hor\u00e1rios de chegada previstos para o bonde diretamente. Os usu\u00e1rios tamb\u00e9m podem enviar uma mensagem de texto com o n\u00famero de identifica\u00e7\u00e3o da parada da cidade de Miami Beach (dispon\u00edvel em todas as placas de parada do bonde) para <a href=\"tel:7869814545\">786.981.4545<\/a> para receber hor\u00e1rios de chegada por mensagem de texto.<\/p>\n<p>O servi\u00e7o gratuito de bonde de Miami Beach opera 15 horas por dia, das 8h \u00e0s 23h, 7 dias por semana, com frequ\u00eancia m\u00e9dia de servi\u00e7o de aproximadamente 20 minutos em cada rota.<\/p>\n\t<p><strong>Precisa de assist\u00eancia adicional?<\/strong> Se precisar de ajuda com o aplicativo Transit ou tiver outras d\u00favidas sobre os servi\u00e7os de bonde de Miami Beach, entre em contato com nosso suporte ao cliente em <a href=\"mailto:trolley@miamibeachfl.gov\">trolley@miamibeachfl.gov<\/a>.\u00a0<\/p>\n<p><strong>O antigo fornecedor de rastreamento de bondes da cidade, TSO Mobile, n\u00e3o est\u00e1 mais em servi\u00e7o.<\/strong><\/p>","protected":false},"excerpt":{"rendered":"<p>Track the Trolley Plan your free ride with our Miami Beach Trolley Tracker &#8211; or download the Transit App.\u00a0 Click [&hellip;]<\/p>\n","protected":false},"author":222,"featured_media":0,"parent":260953,"menu_order":31,"comment_status":"closed","ping_status":"closed","template":"","meta":{"_searchwp_excluded":"1","site-sidebar-layout":"default","site-content-layout":"","ast-site-content-layout":"","site-content-style":"default","site-sidebar-style":"default","ast-global-header-display":"disabled","ast-banner-title-visibility":"disabled","ast-main-header-display":"","ast-hfb-above-header-display":"","ast-hfb-below-header-display":"","ast-hfb-mobile-header-display":"","site-post-title":"","ast-breadcrumbs-content":"","ast-featured-img":"","footer-sml-layout":"disabled","theme-transparent-header-meta":"","adv-header-id-meta":"","stick-header-meta":"","header-above-stick-meta":"","header-main-stick-meta":"","header-below-stick-meta":"","astra-migrate-meta-layouts":"default","ast-page-background-enabled":"default","ast-page-background-meta":{"desktop":{"background-color":"var(--ast-global-color-5)","background-image":"","background-repeat":"repeat","background-position":"center center","background-size":"auto","background-attachment":"scroll","background-type":"","background-media":"","overlay-type":"","overlay-color":"","overlay-opacity":"","overlay-gradient":""},"tablet":{"background-color":"","background-image":"","background-repeat":"repeat","background-position":"center center","background-size":"auto","background-attachment":"scroll","background-type":"","background-media":"","overlay-type":"","overlay-color":"","overlay-opacity":"","overlay-gradient":""},"mobile":{"background-color":"","background-image":"","background-repeat":"repeat","background-position":"center center","background-size":"auto","background-attachment":"scroll","background-type":"","background-media":"","overlay-type":"","overlay-color":"","overlay-opacity":"","overlay-gradient":""}},"ast-content-background-meta":{"desktop":{"background-color":"var(--ast-global-color-4)","background-image":"","background-repeat":"repeat","background-position":"center center","background-size":"auto","background-attachment":"scroll","background-type":"","background-media":"","overlay-type":"","overlay-color":"","overlay-opacity":"","overlay-gradient":""},"tablet":{"background-color":"var(--ast-global-color-4)","background-image":"","background-repeat":"repeat","background-position":"center center","background-size":"auto","background-attachment":"scroll","background-type":"","background-media":"","overlay-type":"","overlay-color":"","overlay-opacity":"","overlay-gradient":""},"mobile":{"background-color":"var(--ast-global-color-4)","background-image":"","background-repeat":"repeat","background-position":"center center","background-size":"auto","background-attachment":"scroll","background-type":"","background-media":"","overlay-type":"","overlay-color":"","overlay-opacity":"","overlay-gradient":""}},"footnotes":""},"categories":[],"tags":[1002],"class_list":["post-298148","page","type-page","status-publish","hentry","tag-app-egov-page"],"yoast_head":"<!-- This site is optimized with the Yoast SEO Premium plugin v27.4 (Yoast SEO v27.4) - https:\/\/yoast.com\/product\/yoast-seo-premium-wordpress\/ -->\n<title>Trolley Tracker - City of Miami Beach<\/title>\n<meta name=\"description\" content=\"The City of Miami Beach Building Department supervises and regulates construction activities in Miami Beach. By enforcing the Florida Building Code and the City&#039;s Code of Ordinances, we in turn, safeguard the public health, safety, and general welfare of the City&#039;s residents and visitors.\" \/>\n<meta name=\"robots\" content=\"noindex, nofollow\" \/>\n<meta property=\"og:locale\" content=\"pt_BR\" \/>\n<meta property=\"og:type\" content=\"article\" \/>\n<meta property=\"og:title\" content=\"Trolley Tracker\" \/>\n<meta property=\"og:description\" content=\"The City of Miami Beach Building Department supervises and regulates construction activities in Miami Beach. By enforcing the Florida Building Code and the City&#039;s Code of Ordinances, we in turn, safeguard the public health, safety, and general welfare of the City&#039;s residents and visitors.\" \/>\n<meta property=\"og:url\" content=\"https:\/\/www.miamibeachfl.gov\/pt\/egovapp\/trolleytracker\/\" \/>\n<meta property=\"og:site_name\" content=\"City of Miami Beach\" \/>\n<meta property=\"article:publisher\" content=\"https:\/\/www.facebook.com\/cityofmiamibeach\" \/>\n<meta property=\"article:modified_time\" content=\"2026-04-21T19:31:54+00:00\" \/>\n<meta property=\"og:image\" content=\"https:\/\/www.miamibeachfl.gov\/wp-content\/uploads\/2024\/01\/AppleStoreButton.png\" \/>\n<meta name=\"twitter:card\" content=\"summary_large_image\" \/>\n<meta name=\"twitter:site\" content=\"@Miamibeachnews\" \/>\n<script type=\"application\/ld+json\" class=\"yoast-schema-graph\">{\"@context\":\"https:\\\/\\\/schema.org\",\"@graph\":[{\"@type\":\"WebPage\",\"@id\":\"https:\\\/\\\/www.miamibeachfl.gov\\\/egovapp\\\/trolleytracker\\\/\",\"url\":\"https:\\\/\\\/www.miamibeachfl.gov\\\/egovapp\\\/trolleytracker\\\/\",\"name\":\"Trolley Tracker - City of Miami Beach\",\"isPartOf\":{\"@id\":\"https:\\\/\\\/www.miamibeachfl.gov\\\/#website\"},\"primaryImageOfPage\":{\"@id\":\"https:\\\/\\\/www.miamibeachfl.gov\\\/egovapp\\\/trolleytracker\\\/#primaryimage\"},\"image\":{\"@id\":\"https:\\\/\\\/www.miamibeachfl.gov\\\/egovapp\\\/trolleytracker\\\/#primaryimage\"},\"thumbnailUrl\":\"https:\\\/\\\/www.miamibeachfl.gov\\\/wp-content\\\/uploads\\\/2024\\\/01\\\/AppleStoreButton.png\",\"datePublished\":\"2024-04-17T19:51:10+00:00\",\"dateModified\":\"2026-04-21T19:31:54+00:00\",\"description\":\"The City of Miami Beach Building Department supervises and regulates construction activities in Miami Beach. By enforcing the Florida Building Code and the City's Code of Ordinances, we in turn, safeguard the public health, safety, and general welfare of the City's residents and visitors.\",\"breadcrumb\":{\"@id\":\"https:\\\/\\\/www.miamibeachfl.gov\\\/egovapp\\\/trolleytracker\\\/#breadcrumb\"},\"inLanguage\":\"pt-BR\",\"potentialAction\":[{\"@type\":\"ReadAction\",\"target\":[\"https:\\\/\\\/www.miamibeachfl.gov\\\/egovapp\\\/trolleytracker\\\/\"]}]},{\"@type\":\"ImageObject\",\"inLanguage\":\"pt-BR\",\"@id\":\"https:\\\/\\\/www.miamibeachfl.gov\\\/egovapp\\\/trolleytracker\\\/#primaryimage\",\"url\":\"https:\\\/\\\/www.miamibeachfl.gov\\\/wp-content\\\/uploads\\\/2024\\\/01\\\/AppleStoreButton.png\",\"contentUrl\":\"https:\\\/\\\/www.miamibeachfl.gov\\\/wp-content\\\/uploads\\\/2024\\\/01\\\/AppleStoreButton.png\"},{\"@type\":\"BreadcrumbList\",\"@id\":\"https:\\\/\\\/www.miamibeachfl.gov\\\/egovapp\\\/trolleytracker\\\/#breadcrumb\",\"itemListElement\":[{\"@type\":\"ListItem\",\"position\":1,\"name\":\"Home\",\"item\":\"https:\\\/\\\/www.miamibeachfl.gov\\\/\"},{\"@type\":\"ListItem\",\"position\":2,\"name\":\"MobileAppPages\",\"item\":\"https:\\\/\\\/www.miamibeachfl.gov\\\/egovapp\\\/\"},{\"@type\":\"ListItem\",\"position\":3,\"name\":\"Trolley Tracker\"}]},{\"@type\":\"WebSite\",\"@id\":\"https:\\\/\\\/www.miamibeachfl.gov\\\/#website\",\"url\":\"https:\\\/\\\/www.miamibeachfl.gov\\\/\",\"name\":\"City of Miami Beach\",\"description\":\"The official website of the City of Miami Beach. Stay informed, find important information on city services, news, alerts, events, trolley routes, government employment and more.\",\"publisher\":{\"@id\":\"https:\\\/\\\/www.miamibeachfl.gov\\\/#organization\"},\"potentialAction\":[{\"@type\":\"SearchAction\",\"target\":{\"@type\":\"EntryPoint\",\"urlTemplate\":\"https:\\\/\\\/www.miamibeachfl.gov\\\/?s={search_term_string}\"},\"query-input\":{\"@type\":\"PropertyValueSpecification\",\"valueRequired\":true,\"valueName\":\"search_term_string\"}}],\"inLanguage\":\"pt-BR\"},{\"@type\":\"Organization\",\"@id\":\"https:\\\/\\\/www.miamibeachfl.gov\\\/#organization\",\"name\":\"City of Miami Beach\",\"url\":\"https:\\\/\\\/www.miamibeachfl.gov\\\/\",\"logo\":{\"@type\":\"ImageObject\",\"inLanguage\":\"pt-BR\",\"@id\":\"https:\\\/\\\/www.miamibeachfl.gov\\\/#\\\/schema\\\/logo\\\/image\\\/\",\"url\":\"https:\\\/\\\/www.miamibeachfl.gov\\\/wp-content\\\/uploads\\\/2022\\\/06\\\/miamibeach-logoblue.png\",\"contentUrl\":\"https:\\\/\\\/www.miamibeachfl.gov\\\/wp-content\\\/uploads\\\/2022\\\/06\\\/miamibeach-logoblue.png\",\"width\":1962,\"height\":381,\"caption\":\"City of Miami Beach\"},\"image\":{\"@id\":\"https:\\\/\\\/www.miamibeachfl.gov\\\/#\\\/schema\\\/logo\\\/image\\\/\"},\"sameAs\":[\"https:\\\/\\\/www.facebook.com\\\/cityofmiamibeach\",\"https:\\\/\\\/x.com\\\/Miamibeachnews\",\"https:\\\/\\\/www.instagram.com\\\/miamibeachnews\\\/\"],\"description\":\"The official website of the City of Miami Beach. Stay informed, find important information on city services, news, alerts, events, trolley routes, government employment and more.\",\"telephone\":\"305.604.CITY(2489)\",\"legalName\":\"City of Miami Beach\"}]}<\/script>\n<!-- \/ Yoast SEO Premium plugin. -->","yoast_head_json":{"title":"Rastreador de bonde - Cidade de Miami Beach","description":"O Departamento de Constru\u00e7\u00e3o da Cidade de Miami Beach supervisiona e regulamenta as atividades de constru\u00e7\u00e3o em Miami Beach. Ao aplicar o C\u00f3digo de Constru\u00e7\u00e3o da Fl\u00f3rida e o C\u00f3digo de Ordenan\u00e7as da Cidade, n\u00f3s, por nossa vez, salvaguardamos a sa\u00fade p\u00fablica, a seguran\u00e7a e o bem-estar geral dos moradores e visitantes da cidade.","robots":{"index":"noindex","follow":"nofollow"},"og_locale":"pt_BR","og_type":"article","og_title":"Trolley Tracker","og_description":"The City of Miami Beach Building Department supervises and regulates construction activities in Miami Beach. By enforcing the Florida Building Code and the City's Code of Ordinances, we in turn, safeguard the public health, safety, and general welfare of the City's residents and visitors.","og_url":"https:\/\/www.miamibeachfl.gov\/pt\/egovapp\/trolleytracker\/","og_site_name":"City of Miami Beach","article_publisher":"https:\/\/www.facebook.com\/cityofmiamibeach","article_modified_time":"2026-04-21T19:31:54+00:00","og_image":[{"url":"https:\/\/www.miamibeachfl.gov\/wp-content\/uploads\/2024\/01\/AppleStoreButton.png","type":"","width":"","height":""}],"twitter_card":"summary_large_image","twitter_site":"@Miamibeachnews","schema":{"@context":"https:\/\/schema.org","@graph":[{"@type":"WebPage","@id":"https:\/\/www.miamibeachfl.gov\/egovapp\/trolleytracker\/","url":"https:\/\/www.miamibeachfl.gov\/egovapp\/trolleytracker\/","name":"Rastreador de bonde - Cidade de Miami Beach","isPartOf":{"@id":"https:\/\/www.miamibeachfl.gov\/#website"},"primaryImageOfPage":{"@id":"https:\/\/www.miamibeachfl.gov\/egovapp\/trolleytracker\/#primaryimage"},"image":{"@id":"https:\/\/www.miamibeachfl.gov\/egovapp\/trolleytracker\/#primaryimage"},"thumbnailUrl":"https:\/\/www.miamibeachfl.gov\/wp-content\/uploads\/2024\/01\/AppleStoreButton.png","datePublished":"2024-04-17T19:51:10+00:00","dateModified":"2026-04-21T19:31:54+00:00","description":"O Departamento de Constru\u00e7\u00e3o da Cidade de Miami Beach supervisiona e regulamenta as atividades de constru\u00e7\u00e3o em Miami Beach. Ao aplicar o C\u00f3digo de Constru\u00e7\u00e3o da Fl\u00f3rida e o C\u00f3digo de Ordenan\u00e7as da Cidade, n\u00f3s, por nossa vez, salvaguardamos a sa\u00fade p\u00fablica, a seguran\u00e7a e o bem-estar geral dos moradores e visitantes da cidade.","breadcrumb":{"@id":"https:\/\/www.miamibeachfl.gov\/egovapp\/trolleytracker\/#breadcrumb"},"inLanguage":"pt-BR","potentialAction":[{"@type":"ReadAction","target":["https:\/\/www.miamibeachfl.gov\/egovapp\/trolleytracker\/"]}]},{"@type":"ImageObject","inLanguage":"pt-BR","@id":"https:\/\/www.miamibeachfl.gov\/egovapp\/trolleytracker\/#primaryimage","url":"https:\/\/www.miamibeachfl.gov\/wp-content\/uploads\/2024\/01\/AppleStoreButton.png","contentUrl":"https:\/\/www.miamibeachfl.gov\/wp-content\/uploads\/2024\/01\/AppleStoreButton.png"},{"@type":"BreadcrumbList","@id":"https:\/\/www.miamibeachfl.gov\/egovapp\/trolleytracker\/#breadcrumb","itemListElement":[{"@type":"ListItem","position":1,"name":"Home","item":"https:\/\/www.miamibeachfl.gov\/"},{"@type":"ListItem","position":2,"name":"MobileAppPages","item":"https:\/\/www.miamibeachfl.gov\/egovapp\/"},{"@type":"ListItem","position":3,"name":"Trolley Tracker"}]},{"@type":"WebSite","@id":"https:\/\/www.miamibeachfl.gov\/#website","url":"https:\/\/www.miamibeachfl.gov\/","name":"Cidade de Miami Beach","description":"Site oficial da cidade de Miami Beach. Mantenha-se informado e encontre informa\u00e7\u00f5es importantes sobre servi\u00e7os municipais, not\u00edcias, alertas, eventos, rotas de bonde, empregos p\u00fablicos e muito mais.","publisher":{"@id":"https:\/\/www.miamibeachfl.gov\/#organization"},"potentialAction":[{"@type":"SearchAction","target":{"@type":"EntryPoint","urlTemplate":"https:\/\/www.miamibeachfl.gov\/?s={search_term_string}"},"query-input":{"@type":"PropertyValueSpecification","valueRequired":true,"valueName":"search_term_string"}}],"inLanguage":"pt-BR"},{"@type":"Organization","@id":"https:\/\/www.miamibeachfl.gov\/#organization","name":"Cidade de Miami Beach","url":"https:\/\/www.miamibeachfl.gov\/","logo":{"@type":"ImageObject","inLanguage":"pt-BR","@id":"https:\/\/www.miamibeachfl.gov\/#\/schema\/logo\/image\/","url":"https:\/\/www.miamibeachfl.gov\/wp-content\/uploads\/2022\/06\/miamibeach-logoblue.png","contentUrl":"https:\/\/www.miamibeachfl.gov\/wp-content\/uploads\/2022\/06\/miamibeach-logoblue.png","width":1962,"height":381,"caption":"City of Miami Beach"},"image":{"@id":"https:\/\/www.miamibeachfl.gov\/#\/schema\/logo\/image\/"},"sameAs":["https:\/\/www.facebook.com\/cityofmiamibeach","https:\/\/x.com\/Miamibeachnews","https:\/\/www.instagram.com\/miamibeachnews\/"],"description":"Site oficial da cidade de Miami Beach. Mantenha-se informado e encontre informa\u00e7\u00f5es importantes sobre servi\u00e7os municipais, not\u00edcias, alertas, eventos, rotas de bonde, empregos p\u00fablicos e muito mais.","telephone":"305.604.CITY(2489)","legalName":"City of Miami Beach"}]}},"_links":{"self":[{"href":"https:\/\/www.miamibeachfl.gov\/pt\/wp-json\/wp\/v2\/pages\/298148","targetHints":{"allow":["GET"]}}],"collection":[{"href":"https:\/\/www.miamibeachfl.gov\/pt\/wp-json\/wp\/v2\/pages"}],"about":[{"href":"https:\/\/www.miamibeachfl.gov\/pt\/wp-json\/wp\/v2\/types\/page"}],"author":[{"embeddable":true,"href":"https:\/\/www.miamibeachfl.gov\/pt\/wp-json\/wp\/v2\/users\/222"}],"replies":[{"embeddable":true,"href":"https:\/\/www.miamibeachfl.gov\/pt\/wp-json\/wp\/v2\/comments?post=298148"}],"version-history":[{"count":3,"href":"https:\/\/www.miamibeachfl.gov\/pt\/wp-json\/wp\/v2\/pages\/298148\/revisions"}],"predecessor-version":[{"id":399270,"href":"https:\/\/www.miamibeachfl.gov\/pt\/wp-json\/wp\/v2\/pages\/298148\/revisions\/399270"}],"up":[{"embeddable":true,"href":"https:\/\/www.miamibeachfl.gov\/pt\/wp-json\/wp\/v2\/pages\/260953"}],"wp:attachment":[{"href":"https:\/\/www.miamibeachfl.gov\/pt\/wp-json\/wp\/v2\/media?parent=298148"}],"wp:term":[{"taxonomy":"category","embeddable":true,"href":"https:\/\/www.miamibeachfl.gov\/pt\/wp-json\/wp\/v2\/categories?post=298148"},{"taxonomy":"post_tag","embeddable":true,"href":"https:\/\/www.miamibeachfl.gov\/pt\/wp-json\/wp\/v2\/tags?post=298148"}],"curies":[{"name":"wp","href":"https:\/\/api.w.org\/{rel}","templated":true}]}}