{"id":314040,"date":"2024-05-17T16:11:24","date_gmt":"2024-05-17T20:11:24","guid":{"rendered":"https:\/\/www.miamibeachfl.gov\/?page_id=314040"},"modified":"2026-01-21T13:28:57","modified_gmt":"2026-01-21T18:28:57","slug":"facilities-and-fleet-management","status":"publish","type":"page","link":"https:\/\/www.miamibeachfl.gov\/pt\/city-hall\/facilities-and-fleet-management\/","title":{"rendered":"Gest\u00e3o de Instala\u00e7\u00f5es e Frotas"},"content":{"rendered":"<h1>\n\t\t<a href=\"\/pt\/city-hall\/facilities-and-fleet-management\/\" title=\"Gest\u00e3o de Instala\u00e7\u00f5es e Frotas\"  target=\"_self\">\n\t\t\tGest\u00e3o de Instala\u00e7\u00f5es e Frotas\t\t<\/a>\n\t<\/h1>\nCard\u00e1pio de Parques e Recrea\u00e7\u00e3o\t\t\t\n\t\t\t\t\t<ul id=\"menu-facilities-and-fleet-management\"><li id=\"menu-item-318139\"><a href=\"https:\/\/www.miamibeachfl.gov\/pt\/city-hall\/facilities-and-fleet-management\/asset-management\/\">Gest\u00e3o de ativos<\/a><\/li>\n<li id=\"menu-item-318138\"><a href=\"https:\/\/www.miamibeachfl.gov\/pt\/city-hall\/facilities-and-fleet-management\/facilities-management\/\">Gest\u00e3o de Instala\u00e7\u00f5es<\/a><\/li>\n<li id=\"menu-item-318137\"><a href=\"https:\/\/www.miamibeachfl.gov\/pt\/city-hall\/facilities-and-fleet-management\/fleet-management\/\">Gest\u00e3o de Frotas<\/a><\/li>\n<li id=\"menu-item-317111\"><a href=\"https:\/\/apps.miamibeachfl.gov\/egovweb\">Relatar um problema<\/a><\/li>\n<li id=\"menu-item-317110\"><a href=\"https:\/\/www.miamibeachfl.gov\/pt\/city-hall\/facilities-and-fleet-management\/beach-concessions\/\">Permiss\u00e3o de Concess\u00e3o de Praia<\/a><\/li>\n<\/ul>\t\nMenu de Parques e Recrea\u00e7\u00e3o \u00d7\t\t\t\t\t\t<ul id=\"menu-facilities-and-fleet-management-1\"><li id=\"menu-item-318139\"><a href=\"https:\/\/www.miamibeachfl.gov\/pt\/city-hall\/facilities-and-fleet-management\/asset-management\/\">Gest\u00e3o de ativos<\/a><\/li>\n<li id=\"menu-item-318138\"><a href=\"https:\/\/www.miamibeachfl.gov\/pt\/city-hall\/facilities-and-fleet-management\/facilities-management\/\">Gest\u00e3o de Instala\u00e7\u00f5es<\/a><\/li>\n<li id=\"menu-item-318137\"><a href=\"https:\/\/www.miamibeachfl.gov\/pt\/city-hall\/facilities-and-fleet-management\/fleet-management\/\">Gest\u00e3o de Frotas<\/a><\/li>\n<li id=\"menu-item-317111\"><a href=\"https:\/\/apps.miamibeachfl.gov\/egovweb\">Relatar um problema<\/a><\/li>\n<li id=\"menu-item-317110\"><a href=\"https:\/\/www.miamibeachfl.gov\/pt\/city-hall\/facilities-and-fleet-management\/beach-concessions\/\">Permiss\u00e3o de Concess\u00e3o de Praia<\/a><\/li>\n<\/ul>\t\t\t\t\n\t<p>O Departamento de Gest\u00e3o de Instala\u00e7\u00f5es e Frotas oferece gest\u00e3o e manuten\u00e7\u00e3o abrangentes de ativos municipais, incluindo instala\u00e7\u00f5es, im\u00f3veis e ve\u00edculos da frota. Padr\u00f5es do setor, pol\u00edticas, otimiza\u00e7\u00e3o de processos e decis\u00f5es baseadas em dados abrem caminho para o suporte a esses servi\u00e7os municipais.<\/p>\n\t<p>O departamento \u00e9 respons\u00e1vel por tr\u00eas divis\u00f5es: Gest\u00e3o de Ativos, Gest\u00e3o de Instala\u00e7\u00f5es e Gest\u00e3o de Frotas. Essas divis\u00f5es abrangem m\u00e3o de obra profissional, qualificada e n\u00e3o qualificada.<\/p>\n\t<a href=\"\/pt\/city-hall\/facilities-and-fleet-management\/asset-management\/\" target=\"_self\"  aria-label=\"Acesse \/prefeitura\/instala\u00e7\u00f5es-e-gerenciamento-de-frotas\/gerenciamento-de-ativos\/\"><\/a>\n\t\t<h3>Gest\u00e3o de ativos<\/h3>\t\t\t\n\t<a href=\"\/pt\/city-hall\/facilities-and-fleet-management\/facilities-management\/\" target=\"_blank\" rel=\"noopener\" aria-label=\"Acesse \/prefeitura\/instala\u00e7\u00f5es-e-gerenciamento-de-frotas\/gerenciamento-de-instala\u00e7\u00f5es\/\"><\/a>\n\t\t<h3>Gest\u00e3o de Instala\u00e7\u00f5es<\/h3>\t\t\t\n\t<a href=\"\/pt\/city-hall\/facilities-and-fleet-management\/fleet-management\/\" target=\"_self\"  aria-label=\"Acesse \/prefeitura\/instala\u00e7\u00f5es-e-gerenciamento-de-frotas\/gerenciamento-de-frotas\/\"><\/a>\n\t\t<h3>Gest\u00e3o de Frotas<\/h3>\t\t\t\n\t\t<h3>Ron Mumaw<\/h3>Diretor de Instala\u00e7\u00f5es e Gest\u00e3o de Frotas\n\t<ul>\n\t\t<li><a href=\"https:\/\/maps.app.goo.gl\/P2U27MCrP7DEyQqp8\" target=\"_blank\" rel=\"noopener\" aria-label=\"Acesse https:\/\/maps.app.goo.gl\/P2U27MCrP7DEyQqp8\">\t\t\t\t\n\t\t<h3>Escrit\u00f3rio principal:<\/h3><p>1833 Bay Road,<br \/>Miami Beach, FL 33139<\/p><\/a><\/li><li><a href=\"tel:3056737631\" target=\"_self\"  aria-label=\"Acesse o telefone: 3056737631\">\t\t\t\t\n\t\t<h3>N\u00famero principal:<\/h3><p>305.673.7631<\/p><\/a><\/li><li>\t\t\t\t\n\t\t<h3>Hor\u00e1rio de funcionamento:<\/h3><p>Segunda a sexta<br \/>7h30 \u2013 17h00<\/p><\/li><li><a href=\"https:\/\/www.miamibeachfl.gov\/pt\/city-hall\/facilities-and-fleet-management\/additional-contacts\/\" target=\"_self\"  aria-label=\"Acesse https:\/\/www.miamibeachfl.gov\/city-hall\/facilities-and-fleet-management\/additional-contacts\/\">\t\t\t\t\n\t\t<h3>Informa\u00e7\u00f5es adicionais de contato<\/h3><\/a><\/li>\t<\/ul>","protected":false},"excerpt":{"rendered":"<p><a href=\"tel:3056737631\" style=\"text-decoration:none; color:#004896;\"><br \/>\n    <i class=\"fa-solid fa-phone\"><\/i> 305.673.7631<br \/>\n<\/a><a href=\"https:\/\/www.miamibeachfl.gov\/pt\/city-hall\/facilities-and-fleet-management\/additional-contacts\/\" style=\"text-decoration:none; color:#004896;\"><br \/>\n    <i class=\"fa-solid fa-circle-info\"><\/i> Informa\u00e7\u00f5es de contato<br \/>\n<\/a><\/p>","protected":false},"author":329,"featured_media":260856,"parent":28206,"menu_order":148,"comment_status":"closed","ping_status":"closed","template":"","meta":{"_searchwp_excluded":"","site-sidebar-layout":"default","site-content-layout":"","ast-site-content-layout":"default","site-content-style":"default","site-sidebar-style":"default","ast-global-header-display":"","ast-banner-title-visibility":"","ast-main-header-display":"","ast-hfb-above-header-display":"","ast-hfb-below-header-display":"","ast-hfb-mobile-header-display":"","site-post-title":"","ast-breadcrumbs-content":"","ast-featured-img":"","footer-sml-layout":"","theme-transparent-header-meta":"","adv-header-id-meta":"","stick-header-meta":"","header-above-stick-meta":"","header-main-stick-meta":"","header-below-stick-meta":"","astra-migrate-meta-layouts":"default","ast-page-background-enabled":"default","ast-page-background-meta":{"desktop":{"background-color":"var(--ast-global-color-5)","background-image":"","background-repeat":"repeat","background-position":"center center","background-size":"auto","background-attachment":"scroll","background-type":"","background-media":"","overlay-type":"","overlay-color":"","overlay-opacity":"","overlay-gradient":""},"tablet":{"background-color":"","background-image":"","background-repeat":"repeat","background-position":"center center","background-size":"auto","background-attachment":"scroll","background-type":"","background-media":"","overlay-type":"","overlay-color":"","overlay-opacity":"","overlay-gradient":""},"mobile":{"background-color":"","background-image":"","background-repeat":"repeat","background-position":"center center","background-size":"auto","background-attachment":"scroll","background-type":"","background-media":"","overlay-type":"","overlay-color":"","overlay-opacity":"","overlay-gradient":""}},"ast-content-background-meta":{"desktop":{"background-color":"var(--ast-global-color-4)","background-image":"","background-repeat":"repeat","background-position":"center center","background-size":"auto","background-attachment":"scroll","background-type":"","background-media":"","overlay-type":"","overlay-color":"","overlay-opacity":"","overlay-gradient":""},"tablet":{"background-color":"var(--ast-global-color-4)","background-image":"","background-repeat":"repeat","background-position":"center center","background-size":"auto","background-attachment":"scroll","background-type":"","background-media":"","overlay-type":"","overlay-color":"","overlay-opacity":"","overlay-gradient":""},"mobile":{"background-color":"var(--ast-global-color-4)","background-image":"","background-repeat":"repeat","background-position":"center center","background-size":"auto","background-attachment":"scroll","background-type":"","background-media":"","overlay-type":"","overlay-color":"","overlay-opacity":"","overlay-gradient":""}},"footnotes":""},"categories":[1],"tags":[],"class_list":["post-314040","page","type-page","status-publish","has-post-thumbnail","hentry","category-uncategorized"],"yoast_head":"<!-- This site is optimized with the Yoast SEO Premium plugin v27.4 (Yoast SEO v27.4) - https:\/\/yoast.com\/product\/yoast-seo-premium-wordpress\/ -->\n<title>Facilities &amp; Fleet Management - City of Miami Beach<\/title>\n<meta name=\"description\" content=\"%\" \/>\n<meta name=\"robots\" content=\"index, follow, max-snippet:-1, max-image-preview:large, max-video-preview:-1\" \/>\n<link rel=\"canonical\" href=\"https:\/\/www.miamibeachfl.gov\/pt\/city-hall\/facilities-and-fleet-management\/\" \/>\n<meta property=\"og:locale\" content=\"pt_BR\" \/>\n<meta property=\"og:type\" content=\"article\" \/>\n<meta property=\"og:title\" content=\"Facilities &amp; Fleet Management\" \/>\n<meta property=\"og:description\" content=\"%\" \/>\n<meta property=\"og:url\" content=\"https:\/\/www.miamibeachfl.gov\/pt\/city-hall\/facilities-and-fleet-management\/\" \/>\n<meta property=\"og:site_name\" content=\"City of Miami Beach\" \/>\n<meta property=\"article:publisher\" content=\"https:\/\/www.facebook.com\/cityofmiamibeach\" \/>\n<meta property=\"article:modified_time\" content=\"2026-01-21T18:28:57+00:00\" \/>\n<meta property=\"og:image\" content=\"https:\/\/www.miamibeachfl.gov\/wp-content\/uploads\/2023\/05\/Fleet-yard-property-management.jpg\" \/>\n\t<meta property=\"og:image:width\" content=\"542\" \/>\n\t<meta property=\"og:image:height\" content=\"542\" \/>\n\t<meta property=\"og:image:type\" content=\"image\/jpeg\" \/>\n<meta name=\"twitter:card\" content=\"summary_large_image\" \/>\n<meta name=\"twitter:site\" content=\"@Miamibeachnews\" \/>\n<script type=\"application\/ld+json\" class=\"yoast-schema-graph\">{\"@context\":\"https:\\\/\\\/schema.org\",\"@graph\":[{\"@type\":\"WebPage\",\"@id\":\"https:\\\/\\\/www.miamibeachfl.gov\\\/city-hall\\\/facilities-and-fleet-management\\\/\",\"url\":\"https:\\\/\\\/www.miamibeachfl.gov\\\/city-hall\\\/facilities-and-fleet-management\\\/\",\"name\":\"Facilities & Fleet Management - City of Miami Beach\",\"isPartOf\":{\"@id\":\"https:\\\/\\\/www.miamibeachfl.gov\\\/#website\"},\"primaryImageOfPage\":{\"@id\":\"https:\\\/\\\/www.miamibeachfl.gov\\\/city-hall\\\/facilities-and-fleet-management\\\/#primaryimage\"},\"image\":{\"@id\":\"https:\\\/\\\/www.miamibeachfl.gov\\\/city-hall\\\/facilities-and-fleet-management\\\/#primaryimage\"},\"thumbnailUrl\":\"https:\\\/\\\/www.miamibeachfl.gov\\\/wp-content\\\/uploads\\\/2023\\\/05\\\/Fleet-yard-property-management.jpg\",\"datePublished\":\"2024-05-17T20:11:24+00:00\",\"dateModified\":\"2026-01-21T18:28:57+00:00\",\"description\":\"%\",\"breadcrumb\":{\"@id\":\"https:\\\/\\\/www.miamibeachfl.gov\\\/city-hall\\\/facilities-and-fleet-management\\\/#breadcrumb\"},\"inLanguage\":\"pt-BR\",\"potentialAction\":[{\"@type\":\"ReadAction\",\"target\":[\"https:\\\/\\\/www.miamibeachfl.gov\\\/city-hall\\\/facilities-and-fleet-management\\\/\"]}]},{\"@type\":\"ImageObject\",\"inLanguage\":\"pt-BR\",\"@id\":\"https:\\\/\\\/www.miamibeachfl.gov\\\/city-hall\\\/facilities-and-fleet-management\\\/#primaryimage\",\"url\":\"https:\\\/\\\/www.miamibeachfl.gov\\\/wp-content\\\/uploads\\\/2023\\\/05\\\/Fleet-yard-property-management.jpg\",\"contentUrl\":\"https:\\\/\\\/www.miamibeachfl.gov\\\/wp-content\\\/uploads\\\/2023\\\/05\\\/Fleet-yard-property-management.jpg\",\"width\":542,\"height\":542,\"caption\":\"Fleet Management Fixing City Vehicles in Garage\"},{\"@type\":\"BreadcrumbList\",\"@id\":\"https:\\\/\\\/www.miamibeachfl.gov\\\/city-hall\\\/facilities-and-fleet-management\\\/#breadcrumb\",\"itemListElement\":[{\"@type\":\"ListItem\",\"position\":1,\"name\":\"Home\",\"item\":\"https:\\\/\\\/www.miamibeachfl.gov\\\/\"},{\"@type\":\"ListItem\",\"position\":2,\"name\":\"City Hall\",\"item\":\"https:\\\/\\\/www.miamibeachfl.gov\\\/city-hall\\\/\"},{\"@type\":\"ListItem\",\"position\":3,\"name\":\"Facilities &#038; Fleet Management\"}]},{\"@type\":\"WebSite\",\"@id\":\"https:\\\/\\\/www.miamibeachfl.gov\\\/#website\",\"url\":\"https:\\\/\\\/www.miamibeachfl.gov\\\/\",\"name\":\"City of Miami Beach\",\"description\":\"The official website of the City of Miami Beach. Stay informed, find important information on city services, news, alerts, events, trolley routes, government employment and more.\",\"publisher\":{\"@id\":\"https:\\\/\\\/www.miamibeachfl.gov\\\/#organization\"},\"potentialAction\":[{\"@type\":\"SearchAction\",\"target\":{\"@type\":\"EntryPoint\",\"urlTemplate\":\"https:\\\/\\\/www.miamibeachfl.gov\\\/?s={search_term_string}\"},\"query-input\":{\"@type\":\"PropertyValueSpecification\",\"valueRequired\":true,\"valueName\":\"search_term_string\"}}],\"inLanguage\":\"pt-BR\"},{\"@type\":\"Organization\",\"@id\":\"https:\\\/\\\/www.miamibeachfl.gov\\\/#organization\",\"name\":\"City of Miami Beach\",\"url\":\"https:\\\/\\\/www.miamibeachfl.gov\\\/\",\"logo\":{\"@type\":\"ImageObject\",\"inLanguage\":\"pt-BR\",\"@id\":\"https:\\\/\\\/www.miamibeachfl.gov\\\/#\\\/schema\\\/logo\\\/image\\\/\",\"url\":\"https:\\\/\\\/www.miamibeachfl.gov\\\/wp-content\\\/uploads\\\/2022\\\/06\\\/miamibeach-logoblue.png\",\"contentUrl\":\"https:\\\/\\\/www.miamibeachfl.gov\\\/wp-content\\\/uploads\\\/2022\\\/06\\\/miamibeach-logoblue.png\",\"width\":1962,\"height\":381,\"caption\":\"City of Miami Beach\"},\"image\":{\"@id\":\"https:\\\/\\\/www.miamibeachfl.gov\\\/#\\\/schema\\\/logo\\\/image\\\/\"},\"sameAs\":[\"https:\\\/\\\/www.facebook.com\\\/cityofmiamibeach\",\"https:\\\/\\\/x.com\\\/Miamibeachnews\",\"https:\\\/\\\/www.instagram.com\\\/miamibeachnews\\\/\"],\"description\":\"The official website of the City of Miami Beach. Stay informed, find important information on city services, news, alerts, events, trolley routes, government employment and more.\",\"telephone\":\"305.604.CITY(2489)\",\"legalName\":\"City of Miami Beach\"}]}<\/script>\n<!-- \/ Yoast SEO Premium plugin. -->","yoast_head_json":{"title":"Gest\u00e3o de Instala\u00e7\u00f5es e Frotas - Cidade de Miami Beach","description":"%","robots":{"index":"index","follow":"follow","max-snippet":"max-snippet:-1","max-image-preview":"max-image-preview:large","max-video-preview":"max-video-preview:-1"},"canonical":"https:\/\/www.miamibeachfl.gov\/pt\/city-hall\/facilities-and-fleet-management\/","og_locale":"pt_BR","og_type":"article","og_title":"Facilities & Fleet Management","og_description":"%","og_url":"https:\/\/www.miamibeachfl.gov\/pt\/city-hall\/facilities-and-fleet-management\/","og_site_name":"City of Miami Beach","article_publisher":"https:\/\/www.facebook.com\/cityofmiamibeach","article_modified_time":"2026-01-21T18:28:57+00:00","og_image":[{"width":542,"height":542,"url":"https:\/\/www.miamibeachfl.gov\/wp-content\/uploads\/2023\/05\/Fleet-yard-property-management.jpg","type":"image\/jpeg"}],"twitter_card":"summary_large_image","twitter_site":"@Miamibeachnews","schema":{"@context":"https:\/\/schema.org","@graph":[{"@type":"WebPage","@id":"https:\/\/www.miamibeachfl.gov\/city-hall\/facilities-and-fleet-management\/","url":"https:\/\/www.miamibeachfl.gov\/city-hall\/facilities-and-fleet-management\/","name":"Gest\u00e3o de Instala\u00e7\u00f5es e Frotas - Cidade de Miami Beach","isPartOf":{"@id":"https:\/\/www.miamibeachfl.gov\/#website"},"primaryImageOfPage":{"@id":"https:\/\/www.miamibeachfl.gov\/city-hall\/facilities-and-fleet-management\/#primaryimage"},"image":{"@id":"https:\/\/www.miamibeachfl.gov\/city-hall\/facilities-and-fleet-management\/#primaryimage"},"thumbnailUrl":"https:\/\/www.miamibeachfl.gov\/wp-content\/uploads\/2023\/05\/Fleet-yard-property-management.jpg","datePublished":"2024-05-17T20:11:24+00:00","dateModified":"2026-01-21T18:28:57+00:00","description":"%","breadcrumb":{"@id":"https:\/\/www.miamibeachfl.gov\/city-hall\/facilities-and-fleet-management\/#breadcrumb"},"inLanguage":"pt-BR","potentialAction":[{"@type":"ReadAction","target":["https:\/\/www.miamibeachfl.gov\/city-hall\/facilities-and-fleet-management\/"]}]},{"@type":"ImageObject","inLanguage":"pt-BR","@id":"https:\/\/www.miamibeachfl.gov\/city-hall\/facilities-and-fleet-management\/#primaryimage","url":"https:\/\/www.miamibeachfl.gov\/wp-content\/uploads\/2023\/05\/Fleet-yard-property-management.jpg","contentUrl":"https:\/\/www.miamibeachfl.gov\/wp-content\/uploads\/2023\/05\/Fleet-yard-property-management.jpg","width":542,"height":542,"caption":"Fleet Management Fixing City Vehicles in Garage"},{"@type":"BreadcrumbList","@id":"https:\/\/www.miamibeachfl.gov\/city-hall\/facilities-and-fleet-management\/#breadcrumb","itemListElement":[{"@type":"ListItem","position":1,"name":"Home","item":"https:\/\/www.miamibeachfl.gov\/"},{"@type":"ListItem","position":2,"name":"City Hall","item":"https:\/\/www.miamibeachfl.gov\/city-hall\/"},{"@type":"ListItem","position":3,"name":"Facilities &#038; Fleet Management"}]},{"@type":"WebSite","@id":"https:\/\/www.miamibeachfl.gov\/#website","url":"https:\/\/www.miamibeachfl.gov\/","name":"Cidade de Miami Beach","description":"Site oficial da cidade de Miami Beach. Mantenha-se informado e encontre informa\u00e7\u00f5es importantes sobre servi\u00e7os municipais, not\u00edcias, alertas, eventos, rotas de bonde, empregos p\u00fablicos e muito mais.","publisher":{"@id":"https:\/\/www.miamibeachfl.gov\/#organization"},"potentialAction":[{"@type":"SearchAction","target":{"@type":"EntryPoint","urlTemplate":"https:\/\/www.miamibeachfl.gov\/?s={search_term_string}"},"query-input":{"@type":"PropertyValueSpecification","valueRequired":true,"valueName":"search_term_string"}}],"inLanguage":"pt-BR"},{"@type":"Organization","@id":"https:\/\/www.miamibeachfl.gov\/#organization","name":"Cidade de Miami Beach","url":"https:\/\/www.miamibeachfl.gov\/","logo":{"@type":"ImageObject","inLanguage":"pt-BR","@id":"https:\/\/www.miamibeachfl.gov\/#\/schema\/logo\/image\/","url":"https:\/\/www.miamibeachfl.gov\/wp-content\/uploads\/2022\/06\/miamibeach-logoblue.png","contentUrl":"https:\/\/www.miamibeachfl.gov\/wp-content\/uploads\/2022\/06\/miamibeach-logoblue.png","width":1962,"height":381,"caption":"City of Miami Beach"},"image":{"@id":"https:\/\/www.miamibeachfl.gov\/#\/schema\/logo\/image\/"},"sameAs":["https:\/\/www.facebook.com\/cityofmiamibeach","https:\/\/x.com\/Miamibeachnews","https:\/\/www.instagram.com\/miamibeachnews\/"],"description":"Site oficial da cidade de Miami Beach. Mantenha-se informado e encontre informa\u00e7\u00f5es importantes sobre servi\u00e7os municipais, not\u00edcias, alertas, eventos, rotas de bonde, empregos p\u00fablicos e muito mais.","telephone":"305.604.CITY(2489)","legalName":"City of Miami Beach"}]}},"_links":{"self":[{"href":"https:\/\/www.miamibeachfl.gov\/pt\/wp-json\/wp\/v2\/pages\/314040","targetHints":{"allow":["GET"]}}],"collection":[{"href":"https:\/\/www.miamibeachfl.gov\/pt\/wp-json\/wp\/v2\/pages"}],"about":[{"href":"https:\/\/www.miamibeachfl.gov\/pt\/wp-json\/wp\/v2\/types\/page"}],"author":[{"embeddable":true,"href":"https:\/\/www.miamibeachfl.gov\/pt\/wp-json\/wp\/v2\/users\/329"}],"replies":[{"embeddable":true,"href":"https:\/\/www.miamibeachfl.gov\/pt\/wp-json\/wp\/v2\/comments?post=314040"}],"version-history":[{"count":1,"href":"https:\/\/www.miamibeachfl.gov\/pt\/wp-json\/wp\/v2\/pages\/314040\/revisions"}],"predecessor-version":[{"id":387686,"href":"https:\/\/www.miamibeachfl.gov\/pt\/wp-json\/wp\/v2\/pages\/314040\/revisions\/387686"}],"up":[{"embeddable":true,"href":"https:\/\/www.miamibeachfl.gov\/pt\/wp-json\/wp\/v2\/pages\/28206"}],"wp:featuredmedia":[{"embeddable":true,"href":"https:\/\/www.miamibeachfl.gov\/pt\/wp-json\/wp\/v2\/media\/260856"}],"wp:attachment":[{"href":"https:\/\/www.miamibeachfl.gov\/pt\/wp-json\/wp\/v2\/media?parent=314040"}],"wp:term":[{"taxonomy":"category","embeddable":true,"href":"https:\/\/www.miamibeachfl.gov\/pt\/wp-json\/wp\/v2\/categories?post=314040"},{"taxonomy":"post_tag","embeddable":true,"href":"https:\/\/www.miamibeachfl.gov\/pt\/wp-json\/wp\/v2\/tags?post=314040"}],"curies":[{"name":"wp","href":"https:\/\/api.w.org\/{rel}","templated":true}]}}