{"id":325360,"date":"2024-07-11T17:17:01","date_gmt":"2024-07-11T21:17:01","guid":{"rendered":"https:\/\/www.miamibeachfl.gov\/?page_id=325360"},"modified":"2026-02-03T14:09:59","modified_gmt":"2026-02-03T19:09:59","slug":"flood-awareness","status":"publish","type":"page","link":"https:\/\/www.miamibeachfl.gov\/pt\/flood-awareness\/","title":{"rendered":"Conscientiza\u00e7\u00e3o sobre enchentes"},"content":{"rendered":"<img decoding=\"async\" src=\"https:\/\/www.miamibeachfl.gov\/wp-content\/uploads\/2024\/07\/floodawareness-circles1.png\" alt=\"flodding\" itemprop=\"image\" height=\"482\" width=\"400\" title=\"c\u00edrculos de conscientiza\u00e7\u00e3o sobre enchentes1\" onerror=\"this.style.display='none'\" loading=\"lazy\" \/>\n<h1>\n\t\t\tConscientiza\u00e7\u00e3o sobre enchentes\t<\/h1>\n\t\t\t\t\t<img decoding=\"async\" src=\"https:\/\/i.ytimg.com\/vi\/pCsvOWurn4M\/maxresdefault.jpg\" alt=\"youtube-video-thumbnail\"\/>\n\t\t\t\t<img decoding=\"async\" src=\"https:\/\/www.miamibeachfl.gov\/wp-content\/uploads\/2024\/07\/beforeduringafter-whattodo-clean.jpg\" alt=\"beforeduringafter-whattodo-clean\"\/>\n\t\t\t<h2>O que fazer antes, durante e depois de uma enchente<\/h2>\n\t\t\t\t<p>Aprenda o que fazer <\/p>\n\t\t<a href=\"\/pt\/flood-awareness-new\/what-to-do\/\" target=\"_self\"  aria-label=\"Acesse \/flood-awareness-new\/what-to-do\/\"><\/a>\n\t\t\t\t<img decoding=\"async\" src=\"https:\/\/www.miamibeachfl.gov\/wp-content\/uploads\/2024\/07\/miamibeachskyline.jpg\" alt=\"Miami Beach Skyline\"\/>\n\t\t\t<h2>Planos e Projetos Municipais e Regionais<\/h2>\n\t\t\t\t<p>Clique aqui para visualizar links para documentos e informa\u00e7\u00f5es <\/p>\n\t\t<a href=\"\/pt\/flood-awareness-new\/plans-and-projects\/\" target=\"_self\"  aria-label=\"Acesse \/flood-awareness-new\/plans-and-projects\"><\/a>\n\t\t\t\t<img decoding=\"async\" src=\"https:\/\/www.miamibeachfl.gov\/wp-content\/uploads\/2024\/07\/femabackground.jpg\" alt=\"Fema\"\/>\n\t\t\t<h2>Zonas de inunda\u00e7\u00e3o da FEMA<\/h2>\n\t\t\t\t<p>Ver mapas <\/p>\n\t\t<a href=\"https:\/\/mdc.maps.arcgis.com\/apps\/webappviewer\/index.html?id=685a1c5e03c947d9a786df7b4ddb79d3#FloodZoneMaps\" target=\"_blank\" rel=\"noopener\" aria-label=\"Acesse https:\/\/mdc.maps.arcgis.com\/apps\/webappviewer\/index.html?id=685a1c5e03c947d9a786df7b4ddb79d3#FloodZoneMaps\"><\/a>\n\t\t\t\t<img decoding=\"async\" src=\"https:\/\/www.miamibeachfl.gov\/wp-content\/uploads\/2024\/07\/beachlightning.jpg\" alt=\"lightning in the distance of the ocean\"\/>\n\t\t\t<h2>Por que eventos de chuva extrema causam inunda\u00e7\u00f5es<\/h2>\n\t\t\t\t<p>Proteja voc\u00ea e sua propriedade <\/p>\n\t\t<a href=\"\/pt\/flood-awareness-new\/extreme-rain-events\/\" target=\"_self\"  aria-label=\"Acesse \/flood-awareness-new\/extreme-rain-events\"><\/a>\n\t\t\t\t<img decoding=\"async\" src=\"https:\/\/www.miamibeachfl.gov\/wp-content\/uploads\/2024\/07\/floodalert.jpg\" alt=\"Flood Alert\"\/>\n\t\t\t<h2>Compreendendo os alertas de inunda\u00e7\u00e3o<\/h2>\n\t\t\t\t<p>Prepare-se para eventos de inunda\u00e7\u00e3o <\/p>\n\t\t<a href=\"\/pt\/flood-awareness-new\/understand-alerts\/\" target=\"_self\"  aria-label=\"Acesse \/flood-awareness-new\/understand-alerts\"><\/a>\n\t\t\t\t<img decoding=\"async\" src=\"https:\/\/www.miamibeachfl.gov\/wp-content\/uploads\/2024\/07\/protectyourproperty.jpg\" alt=\"neighborhood flooding\"\/>\n\t\t\t<h2>Proteja sua propriedade<\/h2>\n\t\t\t\t<p>Saiba mais sobre o Programa de Adapta\u00e7\u00e3o de Propriedade Privada<\/p>\n\t\t<a href=\"https:\/\/www.mbrisingabove.com\/your-home\/private-property-adaptation\/\" target=\"_blank\" rel=\"noopener\" aria-label=\"Acesse https:\/\/www.mbrisingabove.com\/your-home\/private-property-adaptation\/\"><\/a>\n\t\t\t\t<img decoding=\"async\" src=\"https:\/\/www.miamibeachfl.gov\/wp-content\/uploads\/2025\/07\/sandbags.png\" alt=\"sandbags\" itemprop=\"image\" height=\"362\" width=\"500\" title=\"sacos de areia\" onerror=\"this.style.display='none'\" loading=\"lazy\" \/>\n\t<p>A cidade de Miami Beach est\u00e1 ajudando os moradores a se prepararem para a temporada de furac\u00f5es no Atl\u00e2ntico, doando sacos de areia novos e mais leves, &quot;sem areia&quot;, que v\u00eam pr\u00e9-preenchidos com esferas de s\u00edlica gel que se expandem quando s\u00e3o embebidas em \u00e1gua.<\/p>\n<h4>\n\t\t\tAtivar:\t<\/h4>\n\t<ul>\n<li>Para ativar, basta borrifar os saquinhos com \u00e1gua ou deix\u00e1-los de molho na banheira ou bacia at\u00e9 ficarem completamente saturados.<\/li>\n<li>Os sacos devem estar totalmente saturados dentro de 3 a 4 minutos ap\u00f3s entrarem em contato com a \u00e1gua.<\/li>\n<\/ul>\n<h4>\n\t\t\tUso:\t<\/h4>\n\t<ul>\n<li>Uma vez totalmente saturados, os sacos devem ser colocados nas soleiras das portas para evitar a entrada de \u00e1gua.<\/li>\n<li>Os sacos podem ser empilhados e usados da mesma forma que os sacos de areia convencionais.<\/li>\n<\/ul>\n<h4>\n\t\t\tDisposi\u00e7\u00e3o:\t<\/h4>\n\t<ul>\n<li>Ap\u00f3s o uso, os sacos podem ser descartados como res\u00edduos s\u00f3lidos em uma lixeira residencial convencional.<\/li>\n<li>Sacolas que entraram em contato com \u00e1guas de enchentes n\u00e3o devem ser armazenadas para reutiliza\u00e7\u00e3o.<\/li>\n<\/ul>\n\t\t<iframe loading=\"lazy\" width=\"560\" height=\"315\" src=\"https:\/\/www.youtube.com\/embed\/1Ac66tTDgyI?si=-yxvgkRvI6CZObE0\" title=\"Reprodutor de v\u00eddeo do YouTube\" frameborder=\"0\" allow=\"accelerometer; autoplay; clipboard-write; encrypted-media; gyroscope; picture-in-picture; web-share\" referrerpolicy=\"strict-origin-when-cross-origin\" allowfullscreen><\/iframe>\t\n<h3>\n\t\t\tRelatar inunda\u00e7\u00e3o em Miami Beach\t<\/h3>\n\t<p>Caso voc\u00ea se depare com uma inunda\u00e7\u00e3o que obstrua o acesso ou cause danos \u00e0 propriedade p\u00fablica ou privada, denuncie por qualquer um dos seguintes canais:<\/p>\n\t\t\t<a href=\"tel:3056737625\" target=\"_blank\" rel=\"noopener\">\n\t\t\t\t\t\tLIGUE: 305.673.7625\n\t\t\t\t\t<\/a>\n\t\t\t<a href=\"mailto:Flooding@Miamibeachfl.gov\" target=\"_blank\" rel=\"noopener\">\n\t\t\t\t\t\tE-MAIL: Flooding@Miamibeachfl.gov\n\t\t\t\t\t<\/a>\n\t\t\t<a href=\"https:\/\/apps.miamibeachfl.gov\/egovweb\" target=\"_blank\" rel=\"noopener\">\n\t\t\t\t\t\tUse o aplicativo Miami Beach Gov\n\t\t\t\t\t<\/a>","protected":false},"excerpt":{"rendered":"<p>Conscientiza\u00e7\u00e3o sobre enchentes O que fazer antes, durante e depois de uma enchente Aprenda o que fazer com os planos municipais e regionais [\u2026]<\/p>","protected":false},"author":222,"featured_media":325456,"parent":0,"menu_order":29,"comment_status":"closed","ping_status":"closed","template":"","meta":{"_searchwp_excluded":"","site-sidebar-layout":"default","site-content-layout":"","ast-site-content-layout":"default","site-content-style":"default","site-sidebar-style":"default","ast-global-header-display":"","ast-banner-title-visibility":"","ast-main-header-display":"","ast-hfb-above-header-display":"","ast-hfb-below-header-display":"","ast-hfb-mobile-header-display":"","site-post-title":"","ast-breadcrumbs-content":"","ast-featured-img":"","footer-sml-layout":"","theme-transparent-header-meta":"","adv-header-id-meta":"","stick-header-meta":"","header-above-stick-meta":"","header-main-stick-meta":"","header-below-stick-meta":"","astra-migrate-meta-layouts":"default","ast-page-background-enabled":"default","ast-page-background-meta":{"desktop":{"background-color":"var(--ast-global-color-5)","background-image":"","background-repeat":"repeat","background-position":"center center","background-size":"auto","background-attachment":"scroll","background-type":"","background-media":"","overlay-type":"","overlay-color":"","overlay-opacity":"","overlay-gradient":""},"tablet":{"background-color":"","background-image":"","background-repeat":"repeat","background-position":"center center","background-size":"auto","background-attachment":"scroll","background-type":"","background-media":"","overlay-type":"","overlay-color":"","overlay-opacity":"","overlay-gradient":""},"mobile":{"background-color":"","background-image":"","background-repeat":"repeat","background-position":"center center","background-size":"auto","background-attachment":"scroll","background-type":"","background-media":"","overlay-type":"","overlay-color":"","overlay-opacity":"","overlay-gradient":""}},"ast-content-background-meta":{"desktop":{"background-color":"var(--ast-global-color-4)","background-image":"","background-repeat":"repeat","background-position":"center center","background-size":"auto","background-attachment":"scroll","background-type":"","background-media":"","overlay-type":"","overlay-color":"","overlay-opacity":"","overlay-gradient":""},"tablet":{"background-color":"var(--ast-global-color-4)","background-image":"","background-repeat":"repeat","background-position":"center center","background-size":"auto","background-attachment":"scroll","background-type":"","background-media":"","overlay-type":"","overlay-color":"","overlay-opacity":"","overlay-gradient":""},"mobile":{"background-color":"var(--ast-global-color-4)","background-image":"","background-repeat":"repeat","background-position":"center center","background-size":"auto","background-attachment":"scroll","background-type":"","background-media":"","overlay-type":"","overlay-color":"","overlay-opacity":"","overlay-gradient":""}},"footnotes":""},"categories":[1782],"tags":[],"class_list":["post-325360","page","type-page","status-publish","has-post-thumbnail","hentry","category-public-safety"],"yoast_head":"<!-- This site is optimized with the Yoast SEO Premium plugin v26.6 (Yoast SEO v26.6) - https:\/\/yoast.com\/wordpress\/plugins\/seo\/ -->\n<title>Flood Awareness - City of Miami Beach<\/title>\n<meta name=\"description\" content=\"Understanding flood risk is important for Miami Beach as a coastal barrier island.\" \/>\n<meta name=\"robots\" content=\"index, follow, max-snippet:-1, max-image-preview:large, max-video-preview:-1\" \/>\n<link rel=\"canonical\" href=\"https:\/\/www.miamibeachfl.gov\/pt\/flood-awareness\/\" \/>\n<meta property=\"og:locale\" content=\"pt_BR\" \/>\n<meta property=\"og:type\" content=\"article\" \/>\n<meta property=\"og:title\" content=\"Flood Awareness\" \/>\n<meta property=\"og:description\" content=\"Understanding flood risk is important for Miami Beach as a coastal barrier island.\" \/>\n<meta property=\"og:url\" content=\"https:\/\/www.miamibeachfl.gov\/pt\/flood-awareness\/\" \/>\n<meta property=\"og:site_name\" content=\"City of Miami Beach\" \/>\n<meta property=\"article:publisher\" content=\"https:\/\/www.facebook.com\/cityofmiamibeach\" \/>\n<meta property=\"article:modified_time\" content=\"2026-02-03T19:09:59+00:00\" \/>\n<meta property=\"og:image\" content=\"https:\/\/www.miamibeachfl.gov\/wp-content\/uploads\/2023\/08\/Masterpermitcircle.jpeg\" \/>\n\t<meta property=\"og:image:width\" content=\"1200\" \/>\n\t<meta property=\"og:image:height\" content=\"1200\" \/>\n\t<meta property=\"og:image:type\" content=\"image\/jpeg\" \/>\n<meta name=\"twitter:card\" content=\"summary_large_image\" \/>\n<meta name=\"twitter:site\" content=\"@Miamibeachnews\" \/>\n<script type=\"application\/ld+json\" class=\"yoast-schema-graph\">{\"@context\":\"https:\/\/schema.org\",\"@graph\":[{\"@type\":\"WebPage\",\"@id\":\"https:\/\/www.miamibeachfl.gov\/flood-awareness\/\",\"url\":\"https:\/\/www.miamibeachfl.gov\/flood-awareness\/\",\"name\":\"Flood Awareness - City of Miami Beach\",\"isPartOf\":{\"@id\":\"https:\/\/www.miamibeachfl.gov\/#website\"},\"primaryImageOfPage\":{\"@id\":\"https:\/\/www.miamibeachfl.gov\/flood-awareness\/#primaryimage\"},\"image\":{\"@id\":\"https:\/\/www.miamibeachfl.gov\/flood-awareness\/#primaryimage\"},\"thumbnailUrl\":\"https:\/\/www.miamibeachfl.gov\/wp-content\/uploads\/2024\/07\/floodalert.jpg\",\"datePublished\":\"2024-07-11T21:17:01+00:00\",\"dateModified\":\"2026-02-03T19:09:59+00:00\",\"description\":\"Understanding flood risk is important for Miami Beach as a coastal barrier island.\",\"breadcrumb\":{\"@id\":\"https:\/\/www.miamibeachfl.gov\/flood-awareness\/#breadcrumb\"},\"inLanguage\":\"pt-BR\",\"potentialAction\":[{\"@type\":\"ReadAction\",\"target\":[\"https:\/\/www.miamibeachfl.gov\/flood-awareness\/\"]}]},{\"@type\":\"ImageObject\",\"inLanguage\":\"pt-BR\",\"@id\":\"https:\/\/www.miamibeachfl.gov\/flood-awareness\/#primaryimage\",\"url\":\"https:\/\/www.miamibeachfl.gov\/wp-content\/uploads\/2024\/07\/floodalert.jpg\",\"contentUrl\":\"https:\/\/www.miamibeachfl.gov\/wp-content\/uploads\/2024\/07\/floodalert.jpg\",\"width\":400,\"height\":400,\"caption\":\"Flood Alert\"},{\"@type\":\"BreadcrumbList\",\"@id\":\"https:\/\/www.miamibeachfl.gov\/flood-awareness\/#breadcrumb\",\"itemListElement\":[{\"@type\":\"ListItem\",\"position\":1,\"name\":\"Home\",\"item\":\"https:\/\/www.miamibeachfl.gov\/\"},{\"@type\":\"ListItem\",\"position\":2,\"name\":\"Flood Awareness\"}]},{\"@type\":\"WebSite\",\"@id\":\"https:\/\/www.miamibeachfl.gov\/#website\",\"url\":\"https:\/\/www.miamibeachfl.gov\/\",\"name\":\"City of Miami Beach\",\"description\":\"The official website of the City of Miami Beach. Stay informed, find important information on city services, news, alerts, events, trolley routes, government employment and more.\",\"publisher\":{\"@id\":\"https:\/\/www.miamibeachfl.gov\/#organization\"},\"potentialAction\":[{\"@type\":\"SearchAction\",\"target\":{\"@type\":\"EntryPoint\",\"urlTemplate\":\"https:\/\/www.miamibeachfl.gov\/?s={search_term_string}\"},\"query-input\":{\"@type\":\"PropertyValueSpecification\",\"valueRequired\":true,\"valueName\":\"search_term_string\"}}],\"inLanguage\":\"pt-BR\"},{\"@type\":\"Organization\",\"@id\":\"https:\/\/www.miamibeachfl.gov\/#organization\",\"name\":\"City of Miami Beach\",\"url\":\"https:\/\/www.miamibeachfl.gov\/\",\"logo\":{\"@type\":\"ImageObject\",\"inLanguage\":\"pt-BR\",\"@id\":\"https:\/\/www.miamibeachfl.gov\/#\/schema\/logo\/image\/\",\"url\":\"https:\/\/www.miamibeachfl.gov\/wp-content\/uploads\/2022\/06\/miamibeach-logoblue.png\",\"contentUrl\":\"https:\/\/www.miamibeachfl.gov\/wp-content\/uploads\/2022\/06\/miamibeach-logoblue.png\",\"width\":1962,\"height\":381,\"caption\":\"City of Miami Beach\"},\"image\":{\"@id\":\"https:\/\/www.miamibeachfl.gov\/#\/schema\/logo\/image\/\"},\"sameAs\":[\"https:\/\/www.facebook.com\/cityofmiamibeach\",\"https:\/\/x.com\/Miamibeachnews\",\"https:\/\/www.instagram.com\/miamibeachnews\/\"],\"description\":\"The official website of the City of Miami Beach. Stay informed, find important information on city services, news, alerts, events, trolley routes, government employment and more.\",\"telephone\":\"305.604.CITY(2489)\",\"legalName\":\"City of Miami Beach\"}]}<\/script>\n<!-- \/ Yoast SEO Premium plugin. -->","yoast_head_json":{"title":"Conscientiza\u00e7\u00e3o sobre enchentes - Cidade de Miami Beach","description":"Entender o risco de inunda\u00e7\u00f5es \u00e9 importante para Miami Beach como uma ilha costeira.","robots":{"index":"index","follow":"follow","max-snippet":"max-snippet:-1","max-image-preview":"max-image-preview:large","max-video-preview":"max-video-preview:-1"},"canonical":"https:\/\/www.miamibeachfl.gov\/pt\/flood-awareness\/","og_locale":"pt_BR","og_type":"article","og_title":"Flood Awareness","og_description":"Understanding flood risk is important for Miami Beach as a coastal barrier island.","og_url":"https:\/\/www.miamibeachfl.gov\/pt\/flood-awareness\/","og_site_name":"City of Miami Beach","article_publisher":"https:\/\/www.facebook.com\/cityofmiamibeach","article_modified_time":"2026-02-03T19:09:59+00:00","og_image":[{"width":1200,"height":1200,"url":"https:\/\/www.miamibeachfl.gov\/wp-content\/uploads\/2023\/08\/Masterpermitcircle.jpeg","type":"image\/jpeg"}],"twitter_card":"summary_large_image","twitter_site":"@Miamibeachnews","schema":{"@context":"https:\/\/schema.org","@graph":[{"@type":"WebPage","@id":"https:\/\/www.miamibeachfl.gov\/flood-awareness\/","url":"https:\/\/www.miamibeachfl.gov\/flood-awareness\/","name":"Conscientiza\u00e7\u00e3o sobre enchentes - Cidade de Miami Beach","isPartOf":{"@id":"https:\/\/www.miamibeachfl.gov\/#website"},"primaryImageOfPage":{"@id":"https:\/\/www.miamibeachfl.gov\/flood-awareness\/#primaryimage"},"image":{"@id":"https:\/\/www.miamibeachfl.gov\/flood-awareness\/#primaryimage"},"thumbnailUrl":"https:\/\/www.miamibeachfl.gov\/wp-content\/uploads\/2024\/07\/floodalert.jpg","datePublished":"2024-07-11T21:17:01+00:00","dateModified":"2026-02-03T19:09:59+00:00","description":"Entender o risco de inunda\u00e7\u00f5es \u00e9 importante para Miami Beach como uma ilha costeira.","breadcrumb":{"@id":"https:\/\/www.miamibeachfl.gov\/flood-awareness\/#breadcrumb"},"inLanguage":"pt-BR","potentialAction":[{"@type":"ReadAction","target":["https:\/\/www.miamibeachfl.gov\/flood-awareness\/"]}]},{"@type":"ImageObject","inLanguage":"pt-BR","@id":"https:\/\/www.miamibeachfl.gov\/flood-awareness\/#primaryimage","url":"https:\/\/www.miamibeachfl.gov\/wp-content\/uploads\/2024\/07\/floodalert.jpg","contentUrl":"https:\/\/www.miamibeachfl.gov\/wp-content\/uploads\/2024\/07\/floodalert.jpg","width":400,"height":400,"caption":"Flood Alert"},{"@type":"BreadcrumbList","@id":"https:\/\/www.miamibeachfl.gov\/flood-awareness\/#breadcrumb","itemListElement":[{"@type":"ListItem","position":1,"name":"Home","item":"https:\/\/www.miamibeachfl.gov\/"},{"@type":"ListItem","position":2,"name":"Flood Awareness"}]},{"@type":"WebSite","@id":"https:\/\/www.miamibeachfl.gov\/#website","url":"https:\/\/www.miamibeachfl.gov\/","name":"Cidade de Miami Beach","description":"Site oficial da cidade de Miami Beach. Mantenha-se informado e encontre informa\u00e7\u00f5es importantes sobre servi\u00e7os municipais, not\u00edcias, alertas, eventos, rotas de bonde, empregos p\u00fablicos e muito mais.","publisher":{"@id":"https:\/\/www.miamibeachfl.gov\/#organization"},"potentialAction":[{"@type":"SearchAction","target":{"@type":"EntryPoint","urlTemplate":"https:\/\/www.miamibeachfl.gov\/?s={search_term_string}"},"query-input":{"@type":"PropertyValueSpecification","valueRequired":true,"valueName":"search_term_string"}}],"inLanguage":"pt-BR"},{"@type":"Organization","@id":"https:\/\/www.miamibeachfl.gov\/#organization","name":"Cidade de Miami Beach","url":"https:\/\/www.miamibeachfl.gov\/","logo":{"@type":"ImageObject","inLanguage":"pt-BR","@id":"https:\/\/www.miamibeachfl.gov\/#\/schema\/logo\/image\/","url":"https:\/\/www.miamibeachfl.gov\/wp-content\/uploads\/2022\/06\/miamibeach-logoblue.png","contentUrl":"https:\/\/www.miamibeachfl.gov\/wp-content\/uploads\/2022\/06\/miamibeach-logoblue.png","width":1962,"height":381,"caption":"City of Miami Beach"},"image":{"@id":"https:\/\/www.miamibeachfl.gov\/#\/schema\/logo\/image\/"},"sameAs":["https:\/\/www.facebook.com\/cityofmiamibeach","https:\/\/x.com\/Miamibeachnews","https:\/\/www.instagram.com\/miamibeachnews\/"],"description":"Site oficial da cidade de Miami Beach. Mantenha-se informado e encontre informa\u00e7\u00f5es importantes sobre servi\u00e7os municipais, not\u00edcias, alertas, eventos, rotas de bonde, empregos p\u00fablicos e muito mais.","telephone":"305.604.CITY(2489)","legalName":"City of Miami Beach"}]}},"_links":{"self":[{"href":"https:\/\/www.miamibeachfl.gov\/pt\/wp-json\/wp\/v2\/pages\/325360","targetHints":{"allow":["GET"]}}],"collection":[{"href":"https:\/\/www.miamibeachfl.gov\/pt\/wp-json\/wp\/v2\/pages"}],"about":[{"href":"https:\/\/www.miamibeachfl.gov\/pt\/wp-json\/wp\/v2\/types\/page"}],"author":[{"embeddable":true,"href":"https:\/\/www.miamibeachfl.gov\/pt\/wp-json\/wp\/v2\/users\/222"}],"replies":[{"embeddable":true,"href":"https:\/\/www.miamibeachfl.gov\/pt\/wp-json\/wp\/v2\/comments?post=325360"}],"version-history":[{"count":0,"href":"https:\/\/www.miamibeachfl.gov\/pt\/wp-json\/wp\/v2\/pages\/325360\/revisions"}],"wp:featuredmedia":[{"embeddable":true,"href":"https:\/\/www.miamibeachfl.gov\/pt\/wp-json\/wp\/v2\/media\/325456"}],"wp:attachment":[{"href":"https:\/\/www.miamibeachfl.gov\/pt\/wp-json\/wp\/v2\/media?parent=325360"}],"wp:term":[{"taxonomy":"category","embeddable":true,"href":"https:\/\/www.miamibeachfl.gov\/pt\/wp-json\/wp\/v2\/categories?post=325360"},{"taxonomy":"post_tag","embeddable":true,"href":"https:\/\/www.miamibeachfl.gov\/pt\/wp-json\/wp\/v2\/tags?post=325360"}],"curies":[{"name":"wp","href":"https:\/\/api.w.org\/{rel}","templated":true}]}}