{"id":334025,"date":"2024-08-21T14:37:38","date_gmt":"2024-08-21T18:37:38","guid":{"rendered":"https:\/\/www.miamibeachfl.gov\/?page_id=334025"},"modified":"2025-05-29T19:45:43","modified_gmt":"2025-05-29T23:45:43","slug":"joe-tom-easley","status":"publish","type":"page","link":"https:\/\/www.miamibeachfl.gov\/pt\/joe-tom-easley\/","title":{"rendered":"Joe Tom Easley"},"content":{"rendered":"<img decoding=\"async\" src=\"https:\/\/www.miamibeachfl.gov\/wp-content\/uploads\/bb-plugin\/cache\/Joe-Tom-Easley-circle.jpg\" alt=\"Joe Tom Easley\" title=\"Joe-Tom-Easley\" itemprop=\"image\"\/>\n<h2>\n\t\tBiografia de Joe Tom Easley\n\t\t\t\t<\/h2>\t\n\t<p>Joe Tom era chamado pelo primeiro e segundo nome desde o nascimento. Ele era um dedicado ativista LGBTQIA+ e pelos direitos humanos. Era um homem extraordin\u00e1rio cujo objetivo na vida era fazer o bem, e ele conseguiu.<\/p>\n<p>Os pais de Joe Tom, Lady Hampton e Tom Lee Easley, incutiram-lhe idealismo e confian\u00e7a. Passou os primeiros anos de sua vida em Truby, Texas, uma pequena comunidade agr\u00edcola onde iniciou seus estudos em uma escola de apenas uma sala. Aos 10 anos, a fam\u00edlia mudou-se para a cidade de Eagle Pass, na fronteira com o M\u00e9xico, onde seus pais prontamente lhe compraram uma motocicleta Harley-Davidson (afinal, est\u00e1vamos no Texas) para ir \u00e0 escola, pilotando-a com seguran\u00e7a durante o ensino m\u00e9dio. Na adolesc\u00eancia, ganhou dinheiro como DJ em uma r\u00e1dio local, tocando sucessos atuais dos anos 1950, al\u00e9m de cl\u00e1ssicos dos anos 1940. Enquanto cursava a faculdade, sua voz agrad\u00e1vel e apar\u00eancia adulta lhe renderam um emprego como locutor esportivo em uma emissora de televis\u00e3o de Houston.<\/p>\n<p>Formado pela Universidade Texas A&amp;M, Joe Tom lecionou ingl\u00eas e serviu como Superintendente Assistente Escolar em Eagle Pass at\u00e9 a Guerra do Vietn\u00e3 se intensificar e ele ser convocado. Ele se juntou \u00e0 Intelig\u00eancia Naval, servindo em Adak, Alasca, n\u00e3o muito longe da fronteira com a R\u00fassia. Depois de um ano, um antigo amigo contou aos militares que Joe Tom era gay. Seu comandante disse que era obrigado a demitir Joe Tom sob os regulamentos que proibiam homossexuais de ingressarem nas For\u00e7as Armadas. Como Joe Tom havia conquistado v\u00e1rias condecora\u00e7\u00f5es na base, o comandante prometeu que ele receberia uma dispensa honrosa e benef\u00edcios de veterano por seu servi\u00e7o exemplar. Joe Tom sabia que era extremamente afortunado, pois milhares de outros militares LGBTQIA+ receberam apenas dispensas desonrosas, negando-lhes benef\u00edcios de veterano e prejudicando suas futuras carreiras. Anos depois, Joe Tom ajudou a liderar o movimento que, em 2010, conseguiu a revoga\u00e7\u00e3o da pol\u00edtica homof\u00f3bica do Pent\u00e1gono &quot;N\u00e3o Pergunte, N\u00e3o Conte&quot;, permitindo finalmente que gays e l\u00e9sbicas (e, mais tarde, indiv\u00edduos transg\u00eaneros) servissem seu pa\u00eds abertamente.<\/p>\n<p>Ao deixar a Marinha, Joe Tom usou seus benef\u00edcios do GI Bill para pagar a Faculdade de Direito da Universidade do Texas, onde se tornou ativista anti-Guerra do Vietn\u00e3 e editor-chefe da revista jur\u00eddica. Durante os ver\u00f5es, juntou-se ao primeiro grupo de ativistas do consumidor, os &quot;Nader Raiders&quot;, de Ralph Nader, um grupo de estudantes de direito e advogados de interesse p\u00fablico que investigavam irregularidades governamentais e corporativas.<\/p>\n<p>Ap\u00f3s se formar em Direito, trabalhou como escritur\u00e1rio para um juiz federal e, em seguida, assumiu uma c\u00e1tedra permanente na Faculdade de Direito da Universidade da Ge\u00f3rgia. Ap\u00f3s dois anos, recebeu uma oferta irrecus\u00e1vel: o Conselho Regional do Sul, uma importante organiza\u00e7\u00e3o de direitos civis, pediu-lhe que liderasse um projeto que monitorava se o governo federal estava discriminando comunidades afro-americanas no desvio de verbas federais. Quando o projeto foi conclu\u00eddo, Joe Tom decidiu realizar um sonho antigo: estudar franc\u00eas enquanto morava na Europa, tendo economizado dinheiro suficiente para pelo menos dois anos no exterior. Pouco depois de chegar \u00e0 Europa, foi convidado pela maior organiza\u00e7\u00e3o de defesa do consumidor do continente para assumir um cargo investigando a fixa\u00e7\u00e3o de pre\u00e7os por empresas farmac\u00eauticas, o que ele fez por dois anos.<\/p>\n<p>Joe Tom, em certo momento, empreendeu uma miss\u00e3o perigosa a pedido de um colega de sua turma de franc\u00eas em Paris. Tendo crescido na Tchecoslov\u00e1quia, sua colega de classe conseguiu escapar do pa\u00eds comunista, mas v\u00e1rios membros mais velhos de sua fam\u00edlia n\u00e3o conseguiram sair de Praga. Eles queriam entregar um acervo de fotos de fam\u00edlia para parentes em Israel, mas os inspetores dos correios do governo tcheco teriam destru\u00eddo as fotos e os remetentes provavelmente teriam sido punidos. Ao saber disso, Joe Tom estava planejando uma viagem a Praga, e sua colega perguntou se ele tentaria contrabandear essas fotos.<\/p>\n<p>Apesar do perigo, Joe Tom concordou em embarcar em uma expedi\u00e7\u00e3o secreta que poderia ter resultado em uma puni\u00e7\u00e3o severa para ele. Ele conheceu a fam\u00edlia em Praga, recebeu suas preciosas fotos e conseguiu lev\u00e1-las para fora do pa\u00eds no trem, escondendo-as no fundo de uma sacola com suas roupas sujas. Sua colega de classe ficou radiante quando ele lhe entregou as fotos.<\/p>\n<p>Ao retornar da Europa aos EUA em 1977, Joe Tom foi contratado pela Faculdade de Direito da American University, em Washington, D.C., como professor. Logo foi nomeado Reitor Assistente e, posteriormente, transferido para a Faculdade de Direito de Antioch, tamb\u00e9m em Washington, D.C. Ao longo dos anos, foi convidado a lecionar disciplinas complementares na Faculdade de Direito Cardozo, da Universidade da Virg\u00ednia, e na Faculdade de Medicina de Yale, onde lecionou Direito da Sa\u00fade ap\u00f3s obter um mestrado em Sa\u00fade P\u00fablica por Yale.<\/p>\n<p>Em 1978, Joe Tom tomou a decis\u00e3o transformadora de se assumir gay. Quase imediatamente, tornou-se ativo na luta contra a discrimina\u00e7\u00e3o e pela igualdade LGBTQ. Em Washington, D.C., o prefeito o nomeou para o conselho de revis\u00e3o civil da pol\u00edcia, e ele foi eleito presidente do influente clube pol\u00edtico LGBTQ Democrata da cidade.<\/p>\n<p>Mais tarde, ap\u00f3s se mudar para Nova York, atuou como copresidente pioneiro da Lambda Legal, ajudando a transformar a organiza\u00e7\u00e3o em uma pot\u00eancia jur\u00eddica LGBTQIA+. Em seguida, ocupou o cargo de presidente da Human Rights Campaign Foundation e copresidente da Servicemembers&#039; Legal Defense Network, que liderou a luta pela igualdade de tratamento nas For\u00e7as Armadas. Fez testamentos para pessoas com AIDS e apareceu na televis\u00e3o como defensor da causa LGBTQIA+. O trabalho volunt\u00e1rio de Joe Tom foi poss\u00edvel gra\u00e7as \u00e0 sua decis\u00e3o de encerrar o ensino em tempo integral na faculdade de Direito e, em vez disso, dar aulas em meio per\u00edodo na BARBRI, o maior curso preparat\u00f3rio do pa\u00eds para o exame da Ordem dos Advogados.<\/p>\n<p>Enquanto isso, em 1983, a vida de Joe Tom mudou drasticamente novamente. Um amigo em comum o apresentou a Peter Freiberg, um jornalista. Ambos tinham 42 anos e, coincidentemente, se assumiram gays na mesma \u00e9poca. No primeiro encontro, cada homem decidiu que havia encontrado sua alma g\u00eamea e, mais tarde naquele ano, Joe Tom se mudou de Washington, D.C., para o apartamento de Peter em Manhattan. Em 2003, depois de 20 anos juntos, o casal finalmente p\u00f4de se casar legalmente quando Ont\u00e1rio, Canad\u00e1, aprovou o casamento entre pessoas do mesmo sexo. O casamento deles na Prefeitura de Toronto foi um dos primeiros casamentos entre pessoas do mesmo sexo a ser noticiado pelo New York Times. No entanto, foi somente doze anos depois, quando a Suprema Corte dos EUA decidiu que casais LGBTQ tinham o direito constitucional de se casar, que seu casamento foi reconhecido em todo o pa\u00eds. Um m\u00eas antes da morte de Joe Tom, o casal comemorou o 39\u00ba anivers\u00e1rio de seu encontro.<\/p>\n<p>Joe Tom atraiu a aten\u00e7\u00e3o nacional em 2005 ao superar in\u00fameros obst\u00e1culos burocr\u00e1ticos. Com a ajuda de soldados americanos no Iraque, ele trouxe um menino iraquiano ferido por uma bomba americana para tratamento m\u00e9dico em nosso pa\u00eds. Isso foi uma demonstra\u00e7\u00e3o de sua compaix\u00e3o, que perdura desde sempre, por indiv\u00edduos e grupos que foram prejudicados por a\u00e7\u00f5es e eventos fora de seu controle. Ao longo de sua vida, ele afirmou que pessoas de bom cora\u00e7\u00e3o, trabalhando juntas, poderiam promover mudan\u00e7as que beneficiariam a sociedade como um todo.<\/p>\n<p>Mesmo nos seus \u00faltimos dois anos, Joe Tom permaneceu em cadeira de rodas devido \u00e0 press\u00e3o arterial anormalmente baixa, mas manteve o otimismo, o senso de humor, a capacidade de contar hist\u00f3rias, o amor pelos livros e pela m\u00fasica country. Ele manteve a capacidade de aproveitar a vida em South Beach, onde ele e Peter passavam a maior parte do ano, e em sua casa de veraneio no Vale do Hudson. Ele continuou a defender a preserva\u00e7\u00e3o hist\u00f3rica, servindo no Conselho de Administra\u00e7\u00e3o da Liga de Preserva\u00e7\u00e3o do Design de Miami. Quando faleceu em 2022, o impacto de sua vida e obra foi visto tanto no luto de sua fam\u00edlia e amigos quanto nos extensos obitu\u00e1rios publicados pelo Washington Post, Miami Herald e New York Times.<\/p>","protected":false},"excerpt":{"rendered":"<p>Biografia de Joe Tom Easley: Joe Tom era conhecido pelo primeiro e segundo nome desde o nascimento. Ele era um homem dedicado [\u2026]<\/p>","protected":false},"author":222,"featured_media":0,"parent":0,"menu_order":17,"comment_status":"closed","ping_status":"closed","template":"","meta":{"_searchwp_excluded":"","site-sidebar-layout":"default","site-content-layout":"","ast-site-content-layout":"default","site-content-style":"default","site-sidebar-style":"default","ast-global-header-display":"","ast-banner-title-visibility":"","ast-main-header-display":"","ast-hfb-above-header-display":"","ast-hfb-below-header-display":"","ast-hfb-mobile-header-display":"","site-post-title":"","ast-breadcrumbs-content":"","ast-featured-img":"","footer-sml-layout":"","theme-transparent-header-meta":"","adv-header-id-meta":"","stick-header-meta":"","header-above-stick-meta":"","header-main-stick-meta":"","header-below-stick-meta":"","astra-migrate-meta-layouts":"default","ast-page-background-enabled":"default","ast-page-background-meta":{"desktop":{"background-color":"var(--ast-global-color-5)","background-image":"","background-repeat":"repeat","background-position":"center center","background-size":"auto","background-attachment":"scroll","background-type":"","background-media":"","overlay-type":"","overlay-color":"","overlay-opacity":"","overlay-gradient":""},"tablet":{"background-color":"","background-image":"","background-repeat":"repeat","background-position":"center center","background-size":"auto","background-attachment":"scroll","background-type":"","background-media":"","overlay-type":"","overlay-color":"","overlay-opacity":"","overlay-gradient":""},"mobile":{"background-color":"","background-image":"","background-repeat":"repeat","background-position":"center center","background-size":"auto","background-attachment":"scroll","background-type":"","background-media":"","overlay-type":"","overlay-color":"","overlay-opacity":"","overlay-gradient":""}},"ast-content-background-meta":{"desktop":{"background-color":"var(--ast-global-color-4)","background-image":"","background-repeat":"repeat","background-position":"center center","background-size":"auto","background-attachment":"scroll","background-type":"","background-media":"","overlay-type":"","overlay-color":"","overlay-opacity":"","overlay-gradient":""},"tablet":{"background-color":"var(--ast-global-color-4)","background-image":"","background-repeat":"repeat","background-position":"center center","background-size":"auto","background-attachment":"scroll","background-type":"","background-media":"","overlay-type":"","overlay-color":"","overlay-opacity":"","overlay-gradient":""},"mobile":{"background-color":"var(--ast-global-color-4)","background-image":"","background-repeat":"repeat","background-position":"center center","background-size":"auto","background-attachment":"scroll","background-type":"","background-media":"","overlay-type":"","overlay-color":"","overlay-opacity":"","overlay-gradient":""}},"footnotes":""},"categories":[],"tags":[],"class_list":["post-334025","page","type-page","status-publish","hentry"],"yoast_head":"<!-- This site is optimized with the Yoast SEO Premium plugin v26.6 (Yoast SEO v26.6) - https:\/\/yoast.com\/wordpress\/plugins\/seo\/ -->\n<title>Joe Tom Easley - City of Miami Beach<\/title>\n<meta name=\"description\" content=\"Joe Tom was called by his first and middle names from birth. He was a dedicated LGBTQ and human rights activist. He was an extraordinary man whose aim in life was to do good and he succeeded.\" \/>\n<meta name=\"robots\" content=\"index, follow, max-snippet:-1, max-image-preview:large, max-video-preview:-1\" \/>\n<link rel=\"canonical\" href=\"https:\/\/www.miamibeachfl.gov\/pt\/joe-tom-easley\/\" \/>\n<meta property=\"og:locale\" content=\"pt_BR\" \/>\n<meta property=\"og:type\" content=\"article\" \/>\n<meta property=\"og:title\" content=\"Joe Tom Easley\" \/>\n<meta property=\"og:description\" content=\"Joe Tom was called by his first and middle names from birth. He was a dedicated LGBTQ and human rights activist. He was an extraordinary man whose aim in life was to do good and he succeeded.\" \/>\n<meta property=\"og:url\" content=\"https:\/\/www.miamibeachfl.gov\/pt\/joe-tom-easley\/\" \/>\n<meta property=\"og:site_name\" content=\"City of Miami Beach\" \/>\n<meta property=\"article:publisher\" content=\"https:\/\/www.facebook.com\/cityofmiamibeach\" \/>\n<meta property=\"article:modified_time\" content=\"2025-05-29T23:45:43+00:00\" \/>\n<meta property=\"og:image\" content=\"https:\/\/www.miamibeachfl.gov\/wp-content\/uploads\/bb-plugin\/cache\/Joe-Tom-Easley-circle.jpg\" \/>\n<meta name=\"twitter:card\" content=\"summary_large_image\" \/>\n<meta name=\"twitter:site\" content=\"@Miamibeachnews\" \/>\n<script type=\"application\/ld+json\" class=\"yoast-schema-graph\">{\"@context\":\"https:\/\/schema.org\",\"@graph\":[{\"@type\":\"WebPage\",\"@id\":\"https:\/\/www.miamibeachfl.gov\/joe-tom-easley\/\",\"url\":\"https:\/\/www.miamibeachfl.gov\/joe-tom-easley\/\",\"name\":\"Joe Tom Easley - City of Miami Beach\",\"isPartOf\":{\"@id\":\"https:\/\/www.miamibeachfl.gov\/#website\"},\"primaryImageOfPage\":{\"@id\":\"https:\/\/www.miamibeachfl.gov\/joe-tom-easley\/#primaryimage\"},\"image\":{\"@id\":\"https:\/\/www.miamibeachfl.gov\/joe-tom-easley\/#primaryimage\"},\"thumbnailUrl\":\"https:\/\/www.miamibeachfl.gov\/wp-content\/uploads\/bb-plugin\/cache\/Joe-Tom-Easley-circle.jpg\",\"datePublished\":\"2024-08-21T18:37:38+00:00\",\"dateModified\":\"2025-05-29T23:45:43+00:00\",\"description\":\"Joe Tom was called by his first and middle names from birth. He was a dedicated LGBTQ and human rights activist. He was an extraordinary man whose aim in life was to do good and he succeeded.\",\"breadcrumb\":{\"@id\":\"https:\/\/www.miamibeachfl.gov\/joe-tom-easley\/#breadcrumb\"},\"inLanguage\":\"pt-BR\",\"potentialAction\":[{\"@type\":\"ReadAction\",\"target\":[\"https:\/\/www.miamibeachfl.gov\/joe-tom-easley\/\"]}]},{\"@type\":\"ImageObject\",\"inLanguage\":\"pt-BR\",\"@id\":\"https:\/\/www.miamibeachfl.gov\/joe-tom-easley\/#primaryimage\",\"url\":\"https:\/\/www.miamibeachfl.gov\/wp-content\/uploads\/bb-plugin\/cache\/Joe-Tom-Easley-circle.jpg\",\"contentUrl\":\"https:\/\/www.miamibeachfl.gov\/wp-content\/uploads\/bb-plugin\/cache\/Joe-Tom-Easley-circle.jpg\"},{\"@type\":\"BreadcrumbList\",\"@id\":\"https:\/\/www.miamibeachfl.gov\/joe-tom-easley\/#breadcrumb\",\"itemListElement\":[{\"@type\":\"ListItem\",\"position\":1,\"name\":\"Home\",\"item\":\"https:\/\/www.miamibeachfl.gov\/\"},{\"@type\":\"ListItem\",\"position\":2,\"name\":\"Joe Tom Easley\"}]},{\"@type\":\"WebSite\",\"@id\":\"https:\/\/www.miamibeachfl.gov\/#website\",\"url\":\"https:\/\/www.miamibeachfl.gov\/\",\"name\":\"City of Miami Beach\",\"description\":\"The official website of the City of Miami Beach. Stay informed, find important information on city services, news, alerts, events, trolley routes, government employment and more.\",\"publisher\":{\"@id\":\"https:\/\/www.miamibeachfl.gov\/#organization\"},\"potentialAction\":[{\"@type\":\"SearchAction\",\"target\":{\"@type\":\"EntryPoint\",\"urlTemplate\":\"https:\/\/www.miamibeachfl.gov\/?s={search_term_string}\"},\"query-input\":{\"@type\":\"PropertyValueSpecification\",\"valueRequired\":true,\"valueName\":\"search_term_string\"}}],\"inLanguage\":\"pt-BR\"},{\"@type\":\"Organization\",\"@id\":\"https:\/\/www.miamibeachfl.gov\/#organization\",\"name\":\"City of Miami Beach\",\"url\":\"https:\/\/www.miamibeachfl.gov\/\",\"logo\":{\"@type\":\"ImageObject\",\"inLanguage\":\"pt-BR\",\"@id\":\"https:\/\/www.miamibeachfl.gov\/#\/schema\/logo\/image\/\",\"url\":\"https:\/\/www.miamibeachfl.gov\/wp-content\/uploads\/2022\/06\/miamibeach-logoblue.png\",\"contentUrl\":\"https:\/\/www.miamibeachfl.gov\/wp-content\/uploads\/2022\/06\/miamibeach-logoblue.png\",\"width\":1962,\"height\":381,\"caption\":\"City of Miami Beach\"},\"image\":{\"@id\":\"https:\/\/www.miamibeachfl.gov\/#\/schema\/logo\/image\/\"},\"sameAs\":[\"https:\/\/www.facebook.com\/cityofmiamibeach\",\"https:\/\/x.com\/Miamibeachnews\",\"https:\/\/www.instagram.com\/miamibeachnews\/\"],\"description\":\"The official website of the City of Miami Beach. Stay informed, find important information on city services, news, alerts, events, trolley routes, government employment and more.\",\"telephone\":\"305.604.CITY(2489)\",\"legalName\":\"City of Miami Beach\"}]}<\/script>\n<!-- \/ Yoast SEO Premium plugin. -->","yoast_head_json":{"title":"Joe Tom Easley - Cidade de Miami Beach","description":"Joe Tom era chamado pelo primeiro e segundo nome desde o nascimento. Ele era um dedicado ativista LGBTQIA+ e pelos direitos humanos. Era um homem extraordin\u00e1rio cujo objetivo na vida era fazer o bem, e ele conseguiu.","robots":{"index":"index","follow":"follow","max-snippet":"max-snippet:-1","max-image-preview":"max-image-preview:large","max-video-preview":"max-video-preview:-1"},"canonical":"https:\/\/www.miamibeachfl.gov\/pt\/joe-tom-easley\/","og_locale":"pt_BR","og_type":"article","og_title":"Joe Tom Easley","og_description":"Joe Tom was called by his first and middle names from birth. He was a dedicated LGBTQ and human rights activist. He was an extraordinary man whose aim in life was to do good and he succeeded.","og_url":"https:\/\/www.miamibeachfl.gov\/pt\/joe-tom-easley\/","og_site_name":"City of Miami Beach","article_publisher":"https:\/\/www.facebook.com\/cityofmiamibeach","article_modified_time":"2025-05-29T23:45:43+00:00","og_image":[{"url":"https:\/\/www.miamibeachfl.gov\/wp-content\/uploads\/bb-plugin\/cache\/Joe-Tom-Easley-circle.jpg","type":"","width":"","height":""}],"twitter_card":"summary_large_image","twitter_site":"@Miamibeachnews","schema":{"@context":"https:\/\/schema.org","@graph":[{"@type":"WebPage","@id":"https:\/\/www.miamibeachfl.gov\/joe-tom-easley\/","url":"https:\/\/www.miamibeachfl.gov\/joe-tom-easley\/","name":"Joe Tom Easley - Cidade de Miami Beach","isPartOf":{"@id":"https:\/\/www.miamibeachfl.gov\/#website"},"primaryImageOfPage":{"@id":"https:\/\/www.miamibeachfl.gov\/joe-tom-easley\/#primaryimage"},"image":{"@id":"https:\/\/www.miamibeachfl.gov\/joe-tom-easley\/#primaryimage"},"thumbnailUrl":"https:\/\/www.miamibeachfl.gov\/wp-content\/uploads\/bb-plugin\/cache\/Joe-Tom-Easley-circle.jpg","datePublished":"2024-08-21T18:37:38+00:00","dateModified":"2025-05-29T23:45:43+00:00","description":"Joe Tom era chamado pelo primeiro e segundo nome desde o nascimento. Ele era um dedicado ativista LGBTQIA+ e pelos direitos humanos. Era um homem extraordin\u00e1rio cujo objetivo na vida era fazer o bem, e ele conseguiu.","breadcrumb":{"@id":"https:\/\/www.miamibeachfl.gov\/joe-tom-easley\/#breadcrumb"},"inLanguage":"pt-BR","potentialAction":[{"@type":"ReadAction","target":["https:\/\/www.miamibeachfl.gov\/joe-tom-easley\/"]}]},{"@type":"ImageObject","inLanguage":"pt-BR","@id":"https:\/\/www.miamibeachfl.gov\/joe-tom-easley\/#primaryimage","url":"https:\/\/www.miamibeachfl.gov\/wp-content\/uploads\/bb-plugin\/cache\/Joe-Tom-Easley-circle.jpg","contentUrl":"https:\/\/www.miamibeachfl.gov\/wp-content\/uploads\/bb-plugin\/cache\/Joe-Tom-Easley-circle.jpg"},{"@type":"BreadcrumbList","@id":"https:\/\/www.miamibeachfl.gov\/joe-tom-easley\/#breadcrumb","itemListElement":[{"@type":"ListItem","position":1,"name":"Home","item":"https:\/\/www.miamibeachfl.gov\/"},{"@type":"ListItem","position":2,"name":"Joe Tom Easley"}]},{"@type":"WebSite","@id":"https:\/\/www.miamibeachfl.gov\/#website","url":"https:\/\/www.miamibeachfl.gov\/","name":"Cidade de Miami Beach","description":"Site oficial da cidade de Miami Beach. Mantenha-se informado e encontre informa\u00e7\u00f5es importantes sobre servi\u00e7os municipais, not\u00edcias, alertas, eventos, rotas de bonde, empregos p\u00fablicos e muito mais.","publisher":{"@id":"https:\/\/www.miamibeachfl.gov\/#organization"},"potentialAction":[{"@type":"SearchAction","target":{"@type":"EntryPoint","urlTemplate":"https:\/\/www.miamibeachfl.gov\/?s={search_term_string}"},"query-input":{"@type":"PropertyValueSpecification","valueRequired":true,"valueName":"search_term_string"}}],"inLanguage":"pt-BR"},{"@type":"Organization","@id":"https:\/\/www.miamibeachfl.gov\/#organization","name":"Cidade de Miami Beach","url":"https:\/\/www.miamibeachfl.gov\/","logo":{"@type":"ImageObject","inLanguage":"pt-BR","@id":"https:\/\/www.miamibeachfl.gov\/#\/schema\/logo\/image\/","url":"https:\/\/www.miamibeachfl.gov\/wp-content\/uploads\/2022\/06\/miamibeach-logoblue.png","contentUrl":"https:\/\/www.miamibeachfl.gov\/wp-content\/uploads\/2022\/06\/miamibeach-logoblue.png","width":1962,"height":381,"caption":"City of Miami Beach"},"image":{"@id":"https:\/\/www.miamibeachfl.gov\/#\/schema\/logo\/image\/"},"sameAs":["https:\/\/www.facebook.com\/cityofmiamibeach","https:\/\/x.com\/Miamibeachnews","https:\/\/www.instagram.com\/miamibeachnews\/"],"description":"Site oficial da cidade de Miami Beach. Mantenha-se informado e encontre informa\u00e7\u00f5es importantes sobre servi\u00e7os municipais, not\u00edcias, alertas, eventos, rotas de bonde, empregos p\u00fablicos e muito mais.","telephone":"305.604.CITY(2489)","legalName":"City of Miami Beach"}]}},"_links":{"self":[{"href":"https:\/\/www.miamibeachfl.gov\/pt\/wp-json\/wp\/v2\/pages\/334025","targetHints":{"allow":["GET"]}}],"collection":[{"href":"https:\/\/www.miamibeachfl.gov\/pt\/wp-json\/wp\/v2\/pages"}],"about":[{"href":"https:\/\/www.miamibeachfl.gov\/pt\/wp-json\/wp\/v2\/types\/page"}],"author":[{"embeddable":true,"href":"https:\/\/www.miamibeachfl.gov\/pt\/wp-json\/wp\/v2\/users\/222"}],"replies":[{"embeddable":true,"href":"https:\/\/www.miamibeachfl.gov\/pt\/wp-json\/wp\/v2\/comments?post=334025"}],"version-history":[{"count":0,"href":"https:\/\/www.miamibeachfl.gov\/pt\/wp-json\/wp\/v2\/pages\/334025\/revisions"}],"wp:attachment":[{"href":"https:\/\/www.miamibeachfl.gov\/pt\/wp-json\/wp\/v2\/media?parent=334025"}],"wp:term":[{"taxonomy":"category","embeddable":true,"href":"https:\/\/www.miamibeachfl.gov\/pt\/wp-json\/wp\/v2\/categories?post=334025"},{"taxonomy":"post_tag","embeddable":true,"href":"https:\/\/www.miamibeachfl.gov\/pt\/wp-json\/wp\/v2\/tags?post=334025"}],"curies":[{"name":"wp","href":"https:\/\/api.w.org\/{rel}","templated":true}]}}