{"id":340592,"date":"2024-09-30T14:36:11","date_gmt":"2024-09-30T18:36:11","guid":{"rendered":"https:\/\/www.miamibeachfl.gov\/?page_id=340592"},"modified":"2025-08-12T14:06:07","modified_gmt":"2025-08-12T18:06:07","slug":"galeria","status":"publish","type":"page","link":"https:\/\/www.miamibeachfl.gov\/pt\/galeria\/","title":{"rendered":"Galeria"},"content":{"rendered":"\n\n\t\t\t\t<img decoding=\"async\" src=\"https:\/\/www.miamibeachfl.gov\/wp-content\/uploads\/2025\/06\/artdecologo.png\" alt=\"art deco 100 year banner\" itemprop=\"image\" height=\"422\" width=\"400\" title=\"artdecologo\" onerror=\"this.style.display='none'\" loading='lazy' \/>\n<h2>\n\t\t\t100 Years of ART DECO:<br \/> A World Celebration in Miami Beach\t<\/h2>\n\t\t\t\t<a href=\"https:\/\/www.miamibeachfl.gov\/wp-content\/uploads\/2025\/06\/aglobalstyle-poster.jpg\"  target=\"_self\" itemprop=\"url\">\n\t\t\t\t<img decoding=\"async\" src=\"https:\/\/www.miamibeachfl.gov\/wp-content\/uploads\/2025\/06\/aglobalstyle-poster.jpg\" alt=\"Art Deco poster a global style\" itemprop=\"image\" height=\"667\" width=\"332\" title=\"aglobalstyle-poster\" onerror=\"this.style.display='none'\" loading='lazy' \/>\n\t\t\t\t<\/a>\n\t\t\t\t<a href=\"https:\/\/www.miamibeachfl.gov\/wp-content\/uploads\/2025\/06\/bigthreearchitects-poster.jpg\"  target=\"_self\" itemprop=\"url\">\n\t\t\t\t<img decoding=\"async\" src=\"https:\/\/www.miamibeachfl.gov\/wp-content\/uploads\/2025\/06\/bigthreearchitects-poster.jpg\" alt=\"The big three architects for Art Deco\" itemprop=\"image\" height=\"667\" width=\"333\" title=\"bigthreearchitects-poster\" onerror=\"this.style.display='none'\" loading='lazy' \/>\n\t\t\t\t<\/a>\n\t\t\t\t<a href=\"https:\/\/www.miamibeachfl.gov\/wp-content\/uploads\/2025\/06\/styalizedpersuasion-poster.jpg\"  target=\"_self\" itemprop=\"url\">\n\t\t\t\t<img decoding=\"async\" src=\"https:\/\/www.miamibeachfl.gov\/wp-content\/uploads\/2025\/06\/styalizedpersuasion-poster.jpg\" alt=\"art deco poster\" itemprop=\"image\" height=\"667\" width=\"332\" title=\"styalizedpersuasion-poster\" onerror=\"this.style.display='none'\" loading='lazy' \/>\n\t\t\t\t<\/a>\n\t\t\t\t<img decoding=\"async\" src=\"https:\/\/www.miamibeachfl.gov\/wp-content\/uploads\/2025\/06\/tropicaldeco-palette.jpg\" alt=\"tropi deco color palette\" itemprop=\"image\" height=\"668\" width=\"333\" title=\"tropicaldeco-palette\" onerror=\"this.style.display='none'\" loading='lazy' \/>\n\t\t\t\t<img decoding=\"async\" src=\"https:\/\/www.miamibeachfl.gov\/wp-content\/uploads\/2025\/06\/artdeco-border.png\" alt=\"art deco border\" itemprop=\"image\" height=\"45\" width=\"272\" title=\"artdeco-border\" onerror=\"this.style.display='none'\" loading='lazy' \/>\n\t<meta itemprop=\"name\" content=\"Art Deco Weekend Video\" \/><meta itemprop=\"description\" content=\"Art Deco Weekend Video\" \/><meta itemprop=\"uploadDate\" content=\"2025-08-12T10:00America\/New_York\" \/><meta itemprop=\"thumbnailUrl\" content=\"https:\/\/www.miamibeachfl.gov\/wp-content\/uploads\/2025\/06\/200-apartmentbuilding.jpeg\" \/><meta itemprop=\"contentUrl\" content=\"https:\/\/www.youtube.com\/watch?v=mUDMsbCQMPU\" \/><meta itemprop=\"embedUrl\" content=\"https:\/\/www.youtube.com\/watch?v=mUDMsbCQMPU\" \/>\t\n\t<iframe allowfullscreen allow=\"autoplay\" data-src=\"https:\/\/www.youtube.com\/embed\/mUDMsbCQMPU?feature=oembed&amp;start&amp;end&amp;wmode=opaque&amp;loop=0&amp;controls=1&amp;mute=0&amp;rel=0&amp;modestbranding=0\" title=\"Art Deco Weekend Video\"><\/iframe>\t\t\n\t\t\t\t\tPlay Video\n\t<p>Celebrate the glamorous movement born in Paris in 1925 and reimagined in our own backyard at the outdoor exhibit in Lummus Park along Ocean Drive between 11 and 12 streets. Perfect for a quick stroll, photo op and a trip through time.<\/p>\n\t\t\t\t<img decoding=\"async\" src=\"https:\/\/www.miamibeachfl.gov\/wp-content\/uploads\/2025\/06\/artdeco-border.png\" alt=\"art deco border\" itemprop=\"image\" height=\"45\" width=\"272\" title=\"artdeco-border\" onerror=\"this.style.display='none'\" loading='lazy' \/>\n\t<p>&#8220;As we mark 100 years since Art Deco first captured the world&#8217;s imagination, this outdoor exhibit reminds us why Miami Beach&#8217;s architectural legacy is worth protecting,&#8221; said Miami Beach Mayor Steven Meiner.<\/p>\n<p>As visitors and residents stroll along iconic Ocean Drive, they can admire the global Art Deco movement-set against a paradise-like backdrop-alongside striking visuals that celebrate Miami Beach&#8217;s signature Tropical Deco style. It&#8217;s a unique way to experience history, design, and creativity in the heart of a vibrant coastal city. The exhibition will also host a variety of community-led cultural events celebrating the Art Deco spirit.<\/p>\n<p>Galer\u00eda Ocean Drive is Miami Beach&#8217;s year-round outdoor gallery, with rotating exhibits that highlight the city&#8217;s rich history and cultural heritage.<\/p>\n<p>Curated by the Office of Mayor Steven Meiner and the Miami Beach City Commission.<\/p>\n\t\t\t\t<a href=\"https:\/\/www.miamibeachfl.gov\/wp-content\/uploads\/2025\/06\/tiffany.jpg\"  target=\"_self\" itemprop=\"url\">\n\t\t\t\t<img decoding=\"async\" src=\"https:\/\/www.miamibeachfl.gov\/wp-content\/uploads\/2025\/06\/tiffany.jpg\" alt=\"tiffany poster\" itemprop=\"image\" height=\"735\" width=\"367\" title=\"tiffany\" onerror=\"this.style.display='none'\" loading='lazy' \/>\n\t\t\t\t<\/a>\n\t\t\t\t<img decoding=\"async\" src=\"https:\/\/www.miamibeachfl.gov\/wp-content\/uploads\/2025\/06\/artdeco-border.png\" alt=\"art deco border\" itemprop=\"image\" height=\"45\" width=\"272\" title=\"artdeco-border\" onerror=\"this.style.display='none'\" loading='lazy' \/>\n\t\t\t\t<a href=\"https:\/\/www.miamibeachfl.gov\/wp-content\/uploads\/2025\/06\/webpostersartdeco.jpg\"  target=\"_self\" itemprop=\"url\">\n\t\t\t\t<img decoding=\"async\" src=\"https:\/\/www.miamibeachfl.gov\/wp-content\/uploads\/2025\/06\/webpostersartdeco.jpg\" alt=\"art deco history posters\" itemprop=\"image\" height=\"480\" width=\"640\" title=\"webpostersartdeco\" onerror=\"this.style.display='none'\" loading='lazy' \/>\n\t\t\t\t<\/a>\n\t<strong>Location:<\/strong><br \/>\nLummus Park, between 11 and 12 streets along Ocean Drive, Miami Beach\n<strong>Duration:<\/strong><br \/>\nJune 2025 &#8211; February 2026\n<strong>Cost:<\/strong><br \/>\nFree\n<strong>Hours:<\/strong><br \/>\nFrom sunrise to sunset\n<strong>Parking:<\/strong><br \/>\nLimited public on-street parking\n<p>&nbsp;<\/p>\n\t\t\t\t<img decoding=\"async\" src=\"https:\/\/www.miamibeachfl.gov\/wp-content\/uploads\/2024\/10\/GaleriaOceanDriveLogo.png\" alt=\"Galeria Ocean Drive Logo\" itemprop=\"image\" height=\"193\" width=\"525\" title=\"GaleriaOceanDriveLogo\" onerror=\"this.style.display='none'\" loading='lazy' \/>\n\t<p>Exhibit space in Lummus Park along Ocean Drive between 11 and 12 Streets<\/p>\n\t\t\t\t<img decoding=\"async\" src=\"https:\/\/www.miamibeachfl.gov\/wp-content\/uploads\/2019\/11\/ColorSealLogo-01.png\" alt=\"ColorSealLogo-01\" itemprop=\"image\" height=\"1542\" width=\"1542\" title=\"ColorSealLogo-01\" onerror=\"this.style.display='none'\" loading='lazy' \/>\n\t<p>CURATED BY THE OFFICE OF THE MAYOR AND CITY COMMISSION<\/p>\n\t<p>The mission of Galer\u00eda Ocean Drive is to celebrate Miami Beach&#8217;s rich history, art, culture and architecture, fostering a deeper appreciation of the city&#8217;s unique heritage.<\/p>\n<h2>\n\t\t\tPREVIOUS EXHIBITIONS\t<\/h2>\n\t<meta itemscope itemprop=\"mainEntityOfPage\" itemtype=\"https:\/\/schema.org\/WebPage\" itemid=\"http:\/\/385864\" content=\"WWII in Miami Beach\" \/><meta itemprop=\"datePublished\" content=\"2025-07-03\" \/><meta itemprop=\"dateModified\" content=\"2025-08-07\" \/><meta itemprop=\"name\" content=\"City of Miami Beach\"\/><meta itemprop=\"url\" content=\"https:\/\/www.miamibeachfl.gov\/wp-content\/uploads\/2025\/05\/mblogowhite.svg\"\/><meta itemprop=\"url\" content=\"https:\/\/www.miamibeachfl.gov\/author\/olgalyonsmiamibeachfl-gov-2\/\" \/><meta itemprop=\"name\" content=\"Olga Lyons\" \/><meta itemprop=\"url\" content=\"https:\/\/www.miamibeachfl.gov\/wp-content\/uploads\/2025\/07\/BannerWWII_June.png\" \/><meta itemprop=\"width\" content=\"1222\" \/><meta itemprop=\"height\" content=\"594\" \/><meta itemprop=\"interactionType\" content=\"https:\/\/schema.org\/CommentAction\" \/><meta itemprop=\"userInteractionCount\" content=\"0\" \/>\n\t\t\t\t\t<a href=\"https:\/\/www.miamibeachfl.gov\/galeria\/ww2-in-miami-beach\/\" title=\"WWII in Miami Beach\" target=\"_blank\" rel=\"noopener bookmark\"><\/a>\n\t\t\t\t<img decoding=\"async\" src=\"https:\/\/www.miamibeachfl.gov\/wp-content\/uploads\/2025\/07\/BannerWWII_June-1024x498.png\" alt=\"ww2 banner\" itemprop=\"image\" data-no-lazy=\"1\" height=\"498\" width=\"1024\" title=\"BannerWWII_June\" onerror=\"this.style.display='none'\" loading='lazy' \/>\n\t\t\t\t\t\t\t\t\t<h3 itemprop=\"headline\">\n\t\t\t\t\t\t\t\t\t\t\t\t\t\tWWII in Miami Beach\t\t\t\t\t\t\t\t\t\t\t<\/h3>\n    <p>Miami Beach, from 1942-45, became a training ground for over 600,000 U.S. troops preparing for World War II. Hotels and [&hellip;]<\/p>\n\t\t<!-- .pp-content-posts -->\n\n","protected":false},"excerpt":{"rendered":"<p>100 Years of ART DECO: A World Celebration in Miami Beach Play Video Celebrate the glamorous movement born in Paris [&hellip;]<\/p>\n","protected":false},"author":222,"featured_media":0,"parent":0,"menu_order":17,"comment_status":"closed","ping_status":"closed","template":"","meta":{"_searchwp_excluded":"","site-sidebar-layout":"default","site-content-layout":"","ast-site-content-layout":"default","site-content-style":"default","site-sidebar-style":"default","ast-global-header-display":"","ast-banner-title-visibility":"","ast-main-header-display":"","ast-hfb-above-header-display":"","ast-hfb-below-header-display":"","ast-hfb-mobile-header-display":"","site-post-title":"","ast-breadcrumbs-content":"","ast-featured-img":"","footer-sml-layout":"","theme-transparent-header-meta":"","adv-header-id-meta":"","stick-header-meta":"","header-above-stick-meta":"","header-main-stick-meta":"","header-below-stick-meta":"","astra-migrate-meta-layouts":"default","ast-page-background-enabled":"default","ast-page-background-meta":{"desktop":{"background-color":"var(--ast-global-color-5)","background-image":"","background-repeat":"repeat","background-position":"center center","background-size":"auto","background-attachment":"scroll","background-type":"","background-media":"","overlay-type":"","overlay-color":"","overlay-opacity":"","overlay-gradient":""},"tablet":{"background-color":"","background-image":"","background-repeat":"repeat","background-position":"center center","background-size":"auto","background-attachment":"scroll","background-type":"","background-media":"","overlay-type":"","overlay-color":"","overlay-opacity":"","overlay-gradient":""},"mobile":{"background-color":"","background-image":"","background-repeat":"repeat","background-position":"center center","background-size":"auto","background-attachment":"scroll","background-type":"","background-media":"","overlay-type":"","overlay-color":"","overlay-opacity":"","overlay-gradient":""}},"ast-content-background-meta":{"desktop":{"background-color":"var(--ast-global-color-4)","background-image":"","background-repeat":"repeat","background-position":"center center","background-size":"auto","background-attachment":"scroll","background-type":"","background-media":"","overlay-type":"","overlay-color":"","overlay-opacity":"","overlay-gradient":""},"tablet":{"background-color":"var(--ast-global-color-4)","background-image":"","background-repeat":"repeat","background-position":"center center","background-size":"auto","background-attachment":"scroll","background-type":"","background-media":"","overlay-type":"","overlay-color":"","overlay-opacity":"","overlay-gradient":""},"mobile":{"background-color":"var(--ast-global-color-4)","background-image":"","background-repeat":"repeat","background-position":"center center","background-size":"auto","background-attachment":"scroll","background-type":"","background-media":"","overlay-type":"","overlay-color":"","overlay-opacity":"","overlay-gradient":""}},"footnotes":""},"categories":[],"tags":[],"class_list":["post-340592","page","type-page","status-publish","hentry"],"yoast_head":"<!-- This site is optimized with the Yoast SEO Premium plugin v27.4 (Yoast SEO v27.4) - https:\/\/yoast.com\/product\/yoast-seo-premium-wordpress\/ -->\n<title>Galeria - City of Miami Beach<\/title>\n<meta name=\"description\" content=\"The mission of Galeria Ocean Drive is to celebrate Miami Beach&#039;s rich history, art, culture and architecture, fostering a deeper appreciation of the city&#039;s unique heritage.\" \/>\n<meta name=\"robots\" content=\"index, follow, max-snippet:-1, max-image-preview:large, max-video-preview:-1\" \/>\n<link rel=\"canonical\" href=\"https:\/\/www.miamibeachfl.gov\/pt\/galeria\/\" \/>\n<meta property=\"og:locale\" content=\"pt_BR\" \/>\n<meta property=\"og:type\" content=\"article\" \/>\n<meta property=\"og:title\" content=\"Galeria\" \/>\n<meta property=\"og:description\" content=\"The mission of Galeria Ocean Drive is to celebrate Miami Beach&#039;s rich history, art, culture and architecture, fostering a deeper appreciation of the city&#039;s unique heritage.\" \/>\n<meta property=\"og:url\" content=\"https:\/\/www.miamibeachfl.gov\/pt\/galeria\/\" \/>\n<meta property=\"og:site_name\" content=\"City of Miami Beach\" \/>\n<meta property=\"article:publisher\" content=\"https:\/\/www.facebook.com\/cityofmiamibeach\" \/>\n<meta property=\"article:modified_time\" content=\"2025-08-12T18:06:07+00:00\" \/>\n<meta property=\"og:image\" content=\"https:\/\/www.miamibeachfl.gov\/wp-content\/uploads\/2025\/06\/artdecologo.png\" \/>\n<meta name=\"twitter:card\" content=\"summary_large_image\" \/>\n<meta name=\"twitter:site\" content=\"@Miamibeachnews\" \/>\n<script type=\"application\/ld+json\" class=\"yoast-schema-graph\">{\"@context\":\"https:\\\/\\\/schema.org\",\"@graph\":[{\"@type\":\"WebPage\",\"@id\":\"https:\\\/\\\/www.miamibeachfl.gov\\\/galeria\\\/\",\"url\":\"https:\\\/\\\/www.miamibeachfl.gov\\\/galeria\\\/\",\"name\":\"Galeria - City of Miami Beach\",\"isPartOf\":{\"@id\":\"https:\\\/\\\/www.miamibeachfl.gov\\\/#website\"},\"primaryImageOfPage\":{\"@id\":\"https:\\\/\\\/www.miamibeachfl.gov\\\/galeria\\\/#primaryimage\"},\"image\":{\"@id\":\"https:\\\/\\\/www.miamibeachfl.gov\\\/galeria\\\/#primaryimage\"},\"thumbnailUrl\":\"https:\\\/\\\/www.miamibeachfl.gov\\\/wp-content\\\/uploads\\\/2025\\\/06\\\/artdecologo.png\",\"datePublished\":\"2024-09-30T18:36:11+00:00\",\"dateModified\":\"2025-08-12T18:06:07+00:00\",\"description\":\"The mission of Galeria Ocean Drive is to celebrate Miami Beach's rich history, art, culture and architecture, fostering a deeper appreciation of the city's unique heritage.\",\"breadcrumb\":{\"@id\":\"https:\\\/\\\/www.miamibeachfl.gov\\\/galeria\\\/#breadcrumb\"},\"inLanguage\":\"pt-BR\",\"potentialAction\":[{\"@type\":\"ReadAction\",\"target\":[\"https:\\\/\\\/www.miamibeachfl.gov\\\/galeria\\\/\"]}]},{\"@type\":\"ImageObject\",\"inLanguage\":\"pt-BR\",\"@id\":\"https:\\\/\\\/www.miamibeachfl.gov\\\/galeria\\\/#primaryimage\",\"url\":\"https:\\\/\\\/www.miamibeachfl.gov\\\/wp-content\\\/uploads\\\/2025\\\/06\\\/artdecologo.png\",\"contentUrl\":\"https:\\\/\\\/www.miamibeachfl.gov\\\/wp-content\\\/uploads\\\/2025\\\/06\\\/artdecologo.png\"},{\"@type\":\"BreadcrumbList\",\"@id\":\"https:\\\/\\\/www.miamibeachfl.gov\\\/galeria\\\/#breadcrumb\",\"itemListElement\":[{\"@type\":\"ListItem\",\"position\":1,\"name\":\"Home\",\"item\":\"https:\\\/\\\/www.miamibeachfl.gov\\\/\"},{\"@type\":\"ListItem\",\"position\":2,\"name\":\"Galeria\"}]},{\"@type\":\"WebSite\",\"@id\":\"https:\\\/\\\/www.miamibeachfl.gov\\\/#website\",\"url\":\"https:\\\/\\\/www.miamibeachfl.gov\\\/\",\"name\":\"City of Miami Beach\",\"description\":\"The official website of the City of Miami Beach. Stay informed, find important information on city services, news, alerts, events, trolley routes, government employment and more.\",\"publisher\":{\"@id\":\"https:\\\/\\\/www.miamibeachfl.gov\\\/#organization\"},\"potentialAction\":[{\"@type\":\"SearchAction\",\"target\":{\"@type\":\"EntryPoint\",\"urlTemplate\":\"https:\\\/\\\/www.miamibeachfl.gov\\\/?s={search_term_string}\"},\"query-input\":{\"@type\":\"PropertyValueSpecification\",\"valueRequired\":true,\"valueName\":\"search_term_string\"}}],\"inLanguage\":\"pt-BR\"},{\"@type\":\"Organization\",\"@id\":\"https:\\\/\\\/www.miamibeachfl.gov\\\/#organization\",\"name\":\"City of Miami Beach\",\"url\":\"https:\\\/\\\/www.miamibeachfl.gov\\\/\",\"logo\":{\"@type\":\"ImageObject\",\"inLanguage\":\"pt-BR\",\"@id\":\"https:\\\/\\\/www.miamibeachfl.gov\\\/#\\\/schema\\\/logo\\\/image\\\/\",\"url\":\"https:\\\/\\\/www.miamibeachfl.gov\\\/wp-content\\\/uploads\\\/2022\\\/06\\\/miamibeach-logoblue.png\",\"contentUrl\":\"https:\\\/\\\/www.miamibeachfl.gov\\\/wp-content\\\/uploads\\\/2022\\\/06\\\/miamibeach-logoblue.png\",\"width\":1962,\"height\":381,\"caption\":\"City of Miami Beach\"},\"image\":{\"@id\":\"https:\\\/\\\/www.miamibeachfl.gov\\\/#\\\/schema\\\/logo\\\/image\\\/\"},\"sameAs\":[\"https:\\\/\\\/www.facebook.com\\\/cityofmiamibeach\",\"https:\\\/\\\/x.com\\\/Miamibeachnews\",\"https:\\\/\\\/www.instagram.com\\\/miamibeachnews\\\/\"],\"description\":\"The official website of the City of Miami Beach. Stay informed, find important information on city services, news, alerts, events, trolley routes, government employment and more.\",\"telephone\":\"305.604.CITY(2489)\",\"legalName\":\"City of Miami Beach\"}]}<\/script>\n<!-- \/ Yoast SEO Premium plugin. -->","yoast_head_json":{"title":"Galeria - Cidade de Miami Beach","description":"A miss\u00e3o da Galeria Ocean Drive \u00e9 celebrar a rica hist\u00f3ria, arte, cultura e arquitetura de Miami Beach, promovendo uma aprecia\u00e7\u00e3o mais profunda da heran\u00e7a \u00fanica da cidade.","robots":{"index":"index","follow":"follow","max-snippet":"max-snippet:-1","max-image-preview":"max-image-preview:large","max-video-preview":"max-video-preview:-1"},"canonical":"https:\/\/www.miamibeachfl.gov\/pt\/galeria\/","og_locale":"pt_BR","og_type":"article","og_title":"Galeria","og_description":"The mission of Galeria Ocean Drive is to celebrate Miami Beach's rich history, art, culture and architecture, fostering a deeper appreciation of the city's unique heritage.","og_url":"https:\/\/www.miamibeachfl.gov\/pt\/galeria\/","og_site_name":"City of Miami Beach","article_publisher":"https:\/\/www.facebook.com\/cityofmiamibeach","article_modified_time":"2025-08-12T18:06:07+00:00","og_image":[{"url":"https:\/\/www.miamibeachfl.gov\/wp-content\/uploads\/2025\/06\/artdecologo.png","type":"","width":"","height":""}],"twitter_card":"summary_large_image","twitter_site":"@Miamibeachnews","schema":{"@context":"https:\/\/schema.org","@graph":[{"@type":"WebPage","@id":"https:\/\/www.miamibeachfl.gov\/galeria\/","url":"https:\/\/www.miamibeachfl.gov\/galeria\/","name":"Galeria - Cidade de Miami Beach","isPartOf":{"@id":"https:\/\/www.miamibeachfl.gov\/#website"},"primaryImageOfPage":{"@id":"https:\/\/www.miamibeachfl.gov\/galeria\/#primaryimage"},"image":{"@id":"https:\/\/www.miamibeachfl.gov\/galeria\/#primaryimage"},"thumbnailUrl":"https:\/\/www.miamibeachfl.gov\/wp-content\/uploads\/2025\/06\/artdecologo.png","datePublished":"2024-09-30T18:36:11+00:00","dateModified":"2025-08-12T18:06:07+00:00","description":"A miss\u00e3o da Galeria Ocean Drive \u00e9 celebrar a rica hist\u00f3ria, arte, cultura e arquitetura de Miami Beach, promovendo uma aprecia\u00e7\u00e3o mais profunda da heran\u00e7a \u00fanica da cidade.","breadcrumb":{"@id":"https:\/\/www.miamibeachfl.gov\/galeria\/#breadcrumb"},"inLanguage":"pt-BR","potentialAction":[{"@type":"ReadAction","target":["https:\/\/www.miamibeachfl.gov\/galeria\/"]}]},{"@type":"ImageObject","inLanguage":"pt-BR","@id":"https:\/\/www.miamibeachfl.gov\/galeria\/#primaryimage","url":"https:\/\/www.miamibeachfl.gov\/wp-content\/uploads\/2025\/06\/artdecologo.png","contentUrl":"https:\/\/www.miamibeachfl.gov\/wp-content\/uploads\/2025\/06\/artdecologo.png"},{"@type":"BreadcrumbList","@id":"https:\/\/www.miamibeachfl.gov\/galeria\/#breadcrumb","itemListElement":[{"@type":"ListItem","position":1,"name":"Home","item":"https:\/\/www.miamibeachfl.gov\/"},{"@type":"ListItem","position":2,"name":"Galeria"}]},{"@type":"WebSite","@id":"https:\/\/www.miamibeachfl.gov\/#website","url":"https:\/\/www.miamibeachfl.gov\/","name":"Cidade de Miami Beach","description":"Site oficial da cidade de Miami Beach. Mantenha-se informado e encontre informa\u00e7\u00f5es importantes sobre servi\u00e7os municipais, not\u00edcias, alertas, eventos, rotas de bonde, empregos p\u00fablicos e muito mais.","publisher":{"@id":"https:\/\/www.miamibeachfl.gov\/#organization"},"potentialAction":[{"@type":"SearchAction","target":{"@type":"EntryPoint","urlTemplate":"https:\/\/www.miamibeachfl.gov\/?s={search_term_string}"},"query-input":{"@type":"PropertyValueSpecification","valueRequired":true,"valueName":"search_term_string"}}],"inLanguage":"pt-BR"},{"@type":"Organization","@id":"https:\/\/www.miamibeachfl.gov\/#organization","name":"Cidade de Miami Beach","url":"https:\/\/www.miamibeachfl.gov\/","logo":{"@type":"ImageObject","inLanguage":"pt-BR","@id":"https:\/\/www.miamibeachfl.gov\/#\/schema\/logo\/image\/","url":"https:\/\/www.miamibeachfl.gov\/wp-content\/uploads\/2022\/06\/miamibeach-logoblue.png","contentUrl":"https:\/\/www.miamibeachfl.gov\/wp-content\/uploads\/2022\/06\/miamibeach-logoblue.png","width":1962,"height":381,"caption":"City of Miami Beach"},"image":{"@id":"https:\/\/www.miamibeachfl.gov\/#\/schema\/logo\/image\/"},"sameAs":["https:\/\/www.facebook.com\/cityofmiamibeach","https:\/\/x.com\/Miamibeachnews","https:\/\/www.instagram.com\/miamibeachnews\/"],"description":"Site oficial da cidade de Miami Beach. Mantenha-se informado e encontre informa\u00e7\u00f5es importantes sobre servi\u00e7os municipais, not\u00edcias, alertas, eventos, rotas de bonde, empregos p\u00fablicos e muito mais.","telephone":"305.604.CITY(2489)","legalName":"City of Miami Beach"}]}},"_links":{"self":[{"href":"https:\/\/www.miamibeachfl.gov\/pt\/wp-json\/wp\/v2\/pages\/340592","targetHints":{"allow":["GET"]}}],"collection":[{"href":"https:\/\/www.miamibeachfl.gov\/pt\/wp-json\/wp\/v2\/pages"}],"about":[{"href":"https:\/\/www.miamibeachfl.gov\/pt\/wp-json\/wp\/v2\/types\/page"}],"author":[{"embeddable":true,"href":"https:\/\/www.miamibeachfl.gov\/pt\/wp-json\/wp\/v2\/users\/222"}],"replies":[{"embeddable":true,"href":"https:\/\/www.miamibeachfl.gov\/pt\/wp-json\/wp\/v2\/comments?post=340592"}],"version-history":[{"count":17,"href":"https:\/\/www.miamibeachfl.gov\/pt\/wp-json\/wp\/v2\/pages\/340592\/revisions"}],"predecessor-version":[{"id":387799,"href":"https:\/\/www.miamibeachfl.gov\/pt\/wp-json\/wp\/v2\/pages\/340592\/revisions\/387799"}],"wp:attachment":[{"href":"https:\/\/www.miamibeachfl.gov\/pt\/wp-json\/wp\/v2\/media?parent=340592"}],"wp:term":[{"taxonomy":"category","embeddable":true,"href":"https:\/\/www.miamibeachfl.gov\/pt\/wp-json\/wp\/v2\/categories?post=340592"},{"taxonomy":"post_tag","embeddable":true,"href":"https:\/\/www.miamibeachfl.gov\/pt\/wp-json\/wp\/v2\/tags?post=340592"}],"curies":[{"name":"wp","href":"https:\/\/api.w.org\/{rel}","templated":true}]}}