{"id":349268,"date":"2024-12-02T15:03:25","date_gmt":"2024-12-02T20:03:25","guid":{"rendered":"https:\/\/www.miamibeachfl.gov\/?page_id=349268"},"modified":"2025-05-25T10:51:51","modified_gmt":"2025-05-25T14:51:51","slug":"ricardo-alarcon","status":"publish","type":"page","link":"https:\/\/www.miamibeachfl.gov\/pt\/city-hall\/city-attorney\/attorneys\/ricardo-alarcon\/","title":{"rendered":"Ricardo Alarc\u00f3n <br> Minist\u00e9rio P\u00fablico Municipal"},"content":{"rendered":"<h1>\n\t\t\tRicardo Alarc\u00f3n\t<\/h1>\n<h1>\n\t\t\tMinist\u00e9rio P\u00fablico Municipal\t<\/h1>\nProcurador da Cidade\t\t\t\n\t\t\t\t\t<ul id=\"menu-city-attorney\"><li id=\"menu-item-281297\"><a href=\"\/pt\/city-hall\/city-attorney\/\">P\u00e1gina inicial do procurador da cidade<\/a><\/li>\n<li id=\"menu-item-281298\"><a href=\"\/pt\/city-hall\/city-attorney\/attorneys\/\">Advogados<\/a><\/li>\n<li id=\"menu-item-281299\"><a href=\"\/pt\/city-hall\/city-attorney\/internships\/\">Est\u00e1gios<\/a><\/li>\n<li id=\"menu-item-281302\"><a href=\"\/pt\/city-hall\/city-attorney\/history-of-previous-attorneys\/\">Ex-procuradores da cidade<\/a><\/li>\n<\/ul>\t\nProcurador da Cidade \u00d7\t\t\t\t\t\t<ul id=\"menu-city-attorney-1\"><li id=\"menu-item-281297\"><a href=\"\/pt\/city-hall\/city-attorney\/\">P\u00e1gina inicial do procurador da cidade<\/a><\/li>\n<li id=\"menu-item-281298\"><a href=\"\/pt\/city-hall\/city-attorney\/attorneys\/\">Advogados<\/a><\/li>\n<li id=\"menu-item-281299\"><a href=\"\/pt\/city-hall\/city-attorney\/internships\/\">Est\u00e1gios<\/a><\/li>\n<li id=\"menu-item-281302\"><a href=\"\/pt\/city-hall\/city-attorney\/history-of-previous-attorneys\/\">Ex-procuradores da cidade<\/a><\/li>\n<\/ul>\t\t\t\t\n\t\t\t\t<img decoding=\"async\" src=\"https:\/\/www.miamibeachfl.gov\/wp-content\/uploads\/bb-plugin\/cache\/Ricardo-Alarcon-CAO-circle.png\" alt=\"Ricardo Alarcon\" title=\"Ricardo-Alarcon-CAO\" itemprop=\"image\"\/>\n\t\t<h2>\n\t\t\tNovos Uniformes\t<\/h2>\n\t<p><strong>Educa\u00e7\u00e3o<\/strong>: Universidade Nova Southeastern \u2013 Faculdade de Direito Shepard Broad (JD 2023)<\/p>\n<p><strong>Membro<\/strong>: Bar da Fl\u00f3rida<\/p>\n<p>Ricardo Alarcon \u00e9 um dedicado profissional do direito, atuando atualmente como Promotor P\u00fablico Municipal. Nessa fun\u00e7\u00e3o, ele \u00e9 respons\u00e1vel por processar e julgar infra\u00e7\u00f5es criminais ao C\u00f3digo de Ordenan\u00e7as da Cidade perante o Tribunal Distrital do Condado de Miami-Dade, Fl\u00f3rida. Anteriormente Promotor P\u00fablico Assistente do Estado da Fl\u00f3rida no Condado de Miami-Dade, o Sr. Alarcon atuou como promotor p\u00fablico em casos de contraven\u00e7\u00e3o, dire\u00e7\u00e3o sob efeito de \u00e1lcool e tr\u00e2nsito.<\/p>\n<p>Trabalhando em per\u00edodo integral durante o dia e estudando Direito \u00e0 noite, o Sr. Alarcon se formou em Direito pela Nova Southeastern University (JD 2023, Cum Laude). Ele tamb\u00e9m \u00e9 bacharel em Ci\u00eancias Aplicadas em Gest\u00e3o de Seguran\u00e7a P\u00fablica pelo Miami Dade College (BAS 2015). Possui diversas certifica\u00e7\u00f5es em fiscaliza\u00e7\u00e3o de c\u00f3digos, supervis\u00e3o governamental e combate \u00e0 lavagem de dinheiro.<\/p>\nAntes de sua carreira na \u00e1rea jur\u00eddica, o Sr. Alarcon construiu uma distinta trajet\u00f3ria em conformidade com o c\u00f3digo na cidade de Doral, Fl\u00f3rida, tendo passado de Oficial de Conformidade com o C\u00f3digo a Supervisor (2013-2023). Nessa fun\u00e7\u00e3o, ele supervisionou uma equipe de fiscaliza\u00e7\u00e3o do c\u00f3digo, desenvolveu programas de extens\u00e3o comunit\u00e1ria e desempenhou um papel fundamental no desenvolvimento de pol\u00edticas. Ex-sargento da Reserva do Ex\u00e9rcito dos EUA, o Sr. Alarcon recebeu in\u00fameras condecora\u00e7\u00f5es militares por sua lideran\u00e7a e servi\u00e7o (2010-2014).<br \/>\nRicardo Alarcon traz uma gama diversificada de habilidades e experi\u00eancias para a \u00e1rea jur\u00eddica, combinando experi\u00eancia pr\u00e1tica com compromisso com o servi\u00e7o p\u00fablico.","protected":false},"excerpt":{"rendered":"<p>Ricardo Alarcon Municipal Prosecutor City Attorney City Attorney Home Attorneys Internships Past City Attorneys City Attorney \u00d7 City Attorney Home [&hellip;]<\/p>\n","protected":false},"author":222,"featured_media":359463,"parent":281293,"menu_order":21,"comment_status":"closed","ping_status":"closed","template":"","meta":{"_searchwp_excluded":"","site-sidebar-layout":"default","site-content-layout":"","ast-site-content-layout":"default","site-content-style":"default","site-sidebar-style":"default","ast-global-header-display":"","ast-banner-title-visibility":"","ast-main-header-display":"","ast-hfb-above-header-display":"","ast-hfb-below-header-display":"","ast-hfb-mobile-header-display":"","site-post-title":"","ast-breadcrumbs-content":"","ast-featured-img":"","footer-sml-layout":"","theme-transparent-header-meta":"","adv-header-id-meta":"","stick-header-meta":"","header-above-stick-meta":"","header-main-stick-meta":"","header-below-stick-meta":"","astra-migrate-meta-layouts":"default","ast-page-background-enabled":"default","ast-page-background-meta":{"desktop":{"background-color":"var(--ast-global-color-5)","background-image":"","background-repeat":"repeat","background-position":"center center","background-size":"auto","background-attachment":"scroll","background-type":"","background-media":"","overlay-type":"","overlay-color":"","overlay-opacity":"","overlay-gradient":""},"tablet":{"background-color":"","background-image":"","background-repeat":"repeat","background-position":"center center","background-size":"auto","background-attachment":"scroll","background-type":"","background-media":"","overlay-type":"","overlay-color":"","overlay-opacity":"","overlay-gradient":""},"mobile":{"background-color":"","background-image":"","background-repeat":"repeat","background-position":"center center","background-size":"auto","background-attachment":"scroll","background-type":"","background-media":"","overlay-type":"","overlay-color":"","overlay-opacity":"","overlay-gradient":""}},"ast-content-background-meta":{"desktop":{"background-color":"var(--ast-global-color-4)","background-image":"","background-repeat":"repeat","background-position":"center center","background-size":"auto","background-attachment":"scroll","background-type":"","background-media":"","overlay-type":"","overlay-color":"","overlay-opacity":"","overlay-gradient":""},"tablet":{"background-color":"var(--ast-global-color-4)","background-image":"","background-repeat":"repeat","background-position":"center center","background-size":"auto","background-attachment":"scroll","background-type":"","background-media":"","overlay-type":"","overlay-color":"","overlay-opacity":"","overlay-gradient":""},"mobile":{"background-color":"var(--ast-global-color-4)","background-image":"","background-repeat":"repeat","background-position":"center center","background-size":"auto","background-attachment":"scroll","background-type":"","background-media":"","overlay-type":"","overlay-color":"","overlay-opacity":"","overlay-gradient":""}},"footnotes":""},"categories":[],"tags":[1132,1563],"class_list":["post-349268","page","type-page","status-publish","has-post-thumbnail","hentry","tag-city-attorneys","tag-ricardo-alarcon"],"yoast_head":"<!-- This site is optimized with the Yoast SEO Premium plugin v27.4 (Yoast SEO v27.4) - https:\/\/yoast.com\/product\/yoast-seo-premium-wordpress\/ -->\n<title>Ricardo Alarcon  Municipal Prosecutor - City of Miami Beach<\/title>\n<meta name=\"description\" content=\"Ricardo Alarcon is a dedicated legal professional currently serving as a Municipal Prosecutor. In this role, he is responsible for the prosecution of criminal violations of the City&#039;s code of ordinances before the County Court in and for Miami-Dade County, Florida. Formerly an Assistant State Attorney for the State of Florida in Miami-Dade County, Mr. Alarcon prosecuted misdemeanor, DUI, and traffic cases.\" \/>\n<meta name=\"robots\" content=\"index, follow, max-snippet:-1, max-image-preview:large, max-video-preview:-1\" \/>\n<link rel=\"canonical\" href=\"https:\/\/www.miamibeachfl.gov\/pt\/city-hall\/city-attorney\/attorneys\/ricardo-alarcon\/\" \/>\n<meta property=\"og:locale\" content=\"pt_BR\" \/>\n<meta property=\"og:type\" content=\"article\" \/>\n<meta property=\"og:title\" content=\"Ricardo Alarcon  Municipal Prosecutor\" \/>\n<meta property=\"og:description\" content=\"Ricardo Alarcon is a dedicated legal professional currently serving as a Municipal Prosecutor. In this role, he is responsible for the prosecution of criminal violations of the City&#039;s code of ordinances before the County Court in and for Miami-Dade County, Florida. Formerly an Assistant State Attorney for the State of Florida in Miami-Dade County, Mr. Alarcon prosecuted misdemeanor, DUI, and traffic cases.\" \/>\n<meta property=\"og:url\" content=\"https:\/\/www.miamibeachfl.gov\/pt\/city-hall\/city-attorney\/attorneys\/ricardo-alarcon\/\" \/>\n<meta property=\"og:site_name\" content=\"City of Miami Beach\" \/>\n<meta property=\"article:publisher\" content=\"https:\/\/www.facebook.com\/cityofmiamibeach\" \/>\n<meta property=\"article:modified_time\" content=\"2025-05-25T14:51:51+00:00\" \/>\n<meta property=\"og:image\" content=\"https:\/\/www.miamibeachfl.gov\/wp-content\/uploads\/2025\/01\/Ricardo-Alarcon-CAO.png\" \/>\n\t<meta property=\"og:image:width\" content=\"249\" \/>\n\t<meta property=\"og:image:height\" content=\"250\" \/>\n\t<meta property=\"og:image:type\" content=\"image\/png\" \/>\n<meta name=\"twitter:card\" content=\"summary_large_image\" \/>\n<meta name=\"twitter:site\" content=\"@Miamibeachnews\" \/>\n<script type=\"application\/ld+json\" class=\"yoast-schema-graph\">{\"@context\":\"https:\\\/\\\/schema.org\",\"@graph\":[{\"@type\":\"WebPage\",\"@id\":\"https:\\\/\\\/www.miamibeachfl.gov\\\/city-hall\\\/city-attorney\\\/attorneys\\\/ricardo-alarcon\\\/\",\"url\":\"https:\\\/\\\/www.miamibeachfl.gov\\\/city-hall\\\/city-attorney\\\/attorneys\\\/ricardo-alarcon\\\/\",\"name\":\"Ricardo Alarcon Municipal Prosecutor - City of Miami Beach\",\"isPartOf\":{\"@id\":\"https:\\\/\\\/www.miamibeachfl.gov\\\/#website\"},\"primaryImageOfPage\":{\"@id\":\"https:\\\/\\\/www.miamibeachfl.gov\\\/city-hall\\\/city-attorney\\\/attorneys\\\/ricardo-alarcon\\\/#primaryimage\"},\"image\":{\"@id\":\"https:\\\/\\\/www.miamibeachfl.gov\\\/city-hall\\\/city-attorney\\\/attorneys\\\/ricardo-alarcon\\\/#primaryimage\"},\"thumbnailUrl\":\"https:\\\/\\\/www.miamibeachfl.gov\\\/wp-content\\\/uploads\\\/2025\\\/01\\\/Ricardo-Alarcon-CAO.png\",\"datePublished\":\"2024-12-02T20:03:25+00:00\",\"dateModified\":\"2025-05-25T14:51:51+00:00\",\"description\":\"Ricardo Alarcon is a dedicated legal professional currently serving as a Municipal Prosecutor. In this role, he is responsible for the prosecution of criminal violations of the City's code of ordinances before the County Court in and for Miami-Dade County, Florida. Formerly an Assistant State Attorney for the State of Florida in Miami-Dade County, Mr. Alarcon prosecuted misdemeanor, DUI, and traffic cases.\",\"breadcrumb\":{\"@id\":\"https:\\\/\\\/www.miamibeachfl.gov\\\/city-hall\\\/city-attorney\\\/attorneys\\\/ricardo-alarcon\\\/#breadcrumb\"},\"inLanguage\":\"pt-BR\",\"potentialAction\":[{\"@type\":\"ReadAction\",\"target\":[\"https:\\\/\\\/www.miamibeachfl.gov\\\/city-hall\\\/city-attorney\\\/attorneys\\\/ricardo-alarcon\\\/\"]}]},{\"@type\":\"ImageObject\",\"inLanguage\":\"pt-BR\",\"@id\":\"https:\\\/\\\/www.miamibeachfl.gov\\\/city-hall\\\/city-attorney\\\/attorneys\\\/ricardo-alarcon\\\/#primaryimage\",\"url\":\"https:\\\/\\\/www.miamibeachfl.gov\\\/wp-content\\\/uploads\\\/2025\\\/01\\\/Ricardo-Alarcon-CAO.png\",\"contentUrl\":\"https:\\\/\\\/www.miamibeachfl.gov\\\/wp-content\\\/uploads\\\/2025\\\/01\\\/Ricardo-Alarcon-CAO.png\",\"width\":249,\"height\":250,\"caption\":\"Ricardo Alarcon\"},{\"@type\":\"BreadcrumbList\",\"@id\":\"https:\\\/\\\/www.miamibeachfl.gov\\\/city-hall\\\/city-attorney\\\/attorneys\\\/ricardo-alarcon\\\/#breadcrumb\",\"itemListElement\":[{\"@type\":\"ListItem\",\"position\":1,\"name\":\"Home\",\"item\":\"https:\\\/\\\/www.miamibeachfl.gov\\\/\"},{\"@type\":\"ListItem\",\"position\":2,\"name\":\"City Hall\",\"item\":\"https:\\\/\\\/www.miamibeachfl.gov\\\/city-hall\\\/\"},{\"@type\":\"ListItem\",\"position\":3,\"name\":\"City Attorney\",\"item\":\"https:\\\/\\\/www.miamibeachfl.gov\\\/city-hall\\\/city-attorney\\\/\"},{\"@type\":\"ListItem\",\"position\":4,\"name\":\"City of Miami Beach Attorneys\",\"item\":\"https:\\\/\\\/www.miamibeachfl.gov\\\/city-hall\\\/city-attorney\\\/attorneys\\\/\"},{\"@type\":\"ListItem\",\"position\":5,\"name\":\"Ricardo Alarcon Municipal Prosecutor\"}]},{\"@type\":\"WebSite\",\"@id\":\"https:\\\/\\\/www.miamibeachfl.gov\\\/#website\",\"url\":\"https:\\\/\\\/www.miamibeachfl.gov\\\/\",\"name\":\"City of Miami Beach\",\"description\":\"The official website of the City of Miami Beach. Stay informed, find important information on city services, news, alerts, events, trolley routes, government employment and more.\",\"publisher\":{\"@id\":\"https:\\\/\\\/www.miamibeachfl.gov\\\/#organization\"},\"potentialAction\":[{\"@type\":\"SearchAction\",\"target\":{\"@type\":\"EntryPoint\",\"urlTemplate\":\"https:\\\/\\\/www.miamibeachfl.gov\\\/?s={search_term_string}\"},\"query-input\":{\"@type\":\"PropertyValueSpecification\",\"valueRequired\":true,\"valueName\":\"search_term_string\"}}],\"inLanguage\":\"pt-BR\"},{\"@type\":\"Organization\",\"@id\":\"https:\\\/\\\/www.miamibeachfl.gov\\\/#organization\",\"name\":\"City of Miami Beach\",\"url\":\"https:\\\/\\\/www.miamibeachfl.gov\\\/\",\"logo\":{\"@type\":\"ImageObject\",\"inLanguage\":\"pt-BR\",\"@id\":\"https:\\\/\\\/www.miamibeachfl.gov\\\/#\\\/schema\\\/logo\\\/image\\\/\",\"url\":\"https:\\\/\\\/www.miamibeachfl.gov\\\/wp-content\\\/uploads\\\/2022\\\/06\\\/miamibeach-logoblue.png\",\"contentUrl\":\"https:\\\/\\\/www.miamibeachfl.gov\\\/wp-content\\\/uploads\\\/2022\\\/06\\\/miamibeach-logoblue.png\",\"width\":1962,\"height\":381,\"caption\":\"City of Miami Beach\"},\"image\":{\"@id\":\"https:\\\/\\\/www.miamibeachfl.gov\\\/#\\\/schema\\\/logo\\\/image\\\/\"},\"sameAs\":[\"https:\\\/\\\/www.facebook.com\\\/cityofmiamibeach\",\"https:\\\/\\\/x.com\\\/Miamibeachnews\",\"https:\\\/\\\/www.instagram.com\\\/miamibeachnews\\\/\"],\"description\":\"The official website of the City of Miami Beach. Stay informed, find important information on city services, news, alerts, events, trolley routes, government employment and more.\",\"telephone\":\"305.604.CITY(2489)\",\"legalName\":\"City of Miami Beach\"}]}<\/script>\n<!-- \/ Yoast SEO Premium plugin. -->","yoast_head_json":{"title":"Ricardo Alarcon, Promotor Municipal - Cidade de Miami Beach","description":"Ricardo Alarcon \u00e9 um dedicado profissional do direito, atuando atualmente como Promotor P\u00fablico Municipal. Nessa fun\u00e7\u00e3o, ele \u00e9 respons\u00e1vel por processar e julgar infra\u00e7\u00f5es criminais ao C\u00f3digo de Ordenan\u00e7as da Cidade perante o Tribunal Distrital do Condado de Miami-Dade, Fl\u00f3rida. Anteriormente Promotor P\u00fablico Assistente do Estado da Fl\u00f3rida no Condado de Miami-Dade, o Sr. Alarcon atuou como promotor p\u00fablico em casos de contraven\u00e7\u00e3o, dire\u00e7\u00e3o sob efeito de \u00e1lcool e tr\u00e2nsito.","robots":{"index":"index","follow":"follow","max-snippet":"max-snippet:-1","max-image-preview":"max-image-preview:large","max-video-preview":"max-video-preview:-1"},"canonical":"https:\/\/www.miamibeachfl.gov\/pt\/city-hall\/city-attorney\/attorneys\/ricardo-alarcon\/","og_locale":"pt_BR","og_type":"article","og_title":"Ricardo Alarcon  Municipal Prosecutor","og_description":"Ricardo Alarcon is a dedicated legal professional currently serving as a Municipal Prosecutor. In this role, he is responsible for the prosecution of criminal violations of the City's code of ordinances before the County Court in and for Miami-Dade County, Florida. Formerly an Assistant State Attorney for the State of Florida in Miami-Dade County, Mr. Alarcon prosecuted misdemeanor, DUI, and traffic cases.","og_url":"https:\/\/www.miamibeachfl.gov\/pt\/city-hall\/city-attorney\/attorneys\/ricardo-alarcon\/","og_site_name":"City of Miami Beach","article_publisher":"https:\/\/www.facebook.com\/cityofmiamibeach","article_modified_time":"2025-05-25T14:51:51+00:00","og_image":[{"width":249,"height":250,"url":"https:\/\/www.miamibeachfl.gov\/wp-content\/uploads\/2025\/01\/Ricardo-Alarcon-CAO.png","type":"image\/png"}],"twitter_card":"summary_large_image","twitter_site":"@Miamibeachnews","schema":{"@context":"https:\/\/schema.org","@graph":[{"@type":"WebPage","@id":"https:\/\/www.miamibeachfl.gov\/city-hall\/city-attorney\/attorneys\/ricardo-alarcon\/","url":"https:\/\/www.miamibeachfl.gov\/city-hall\/city-attorney\/attorneys\/ricardo-alarcon\/","name":"Ricardo Alarcon, Promotor Municipal - Cidade de Miami Beach","isPartOf":{"@id":"https:\/\/www.miamibeachfl.gov\/#website"},"primaryImageOfPage":{"@id":"https:\/\/www.miamibeachfl.gov\/city-hall\/city-attorney\/attorneys\/ricardo-alarcon\/#primaryimage"},"image":{"@id":"https:\/\/www.miamibeachfl.gov\/city-hall\/city-attorney\/attorneys\/ricardo-alarcon\/#primaryimage"},"thumbnailUrl":"https:\/\/www.miamibeachfl.gov\/wp-content\/uploads\/2025\/01\/Ricardo-Alarcon-CAO.png","datePublished":"2024-12-02T20:03:25+00:00","dateModified":"2025-05-25T14:51:51+00:00","description":"Ricardo Alarcon \u00e9 um dedicado profissional do direito, atuando atualmente como Promotor P\u00fablico Municipal. Nessa fun\u00e7\u00e3o, ele \u00e9 respons\u00e1vel por processar e julgar infra\u00e7\u00f5es criminais ao C\u00f3digo de Ordenan\u00e7as da Cidade perante o Tribunal Distrital do Condado de Miami-Dade, Fl\u00f3rida. Anteriormente Promotor P\u00fablico Assistente do Estado da Fl\u00f3rida no Condado de Miami-Dade, o Sr. Alarcon atuou como promotor p\u00fablico em casos de contraven\u00e7\u00e3o, dire\u00e7\u00e3o sob efeito de \u00e1lcool e tr\u00e2nsito.","breadcrumb":{"@id":"https:\/\/www.miamibeachfl.gov\/city-hall\/city-attorney\/attorneys\/ricardo-alarcon\/#breadcrumb"},"inLanguage":"pt-BR","potentialAction":[{"@type":"ReadAction","target":["https:\/\/www.miamibeachfl.gov\/city-hall\/city-attorney\/attorneys\/ricardo-alarcon\/"]}]},{"@type":"ImageObject","inLanguage":"pt-BR","@id":"https:\/\/www.miamibeachfl.gov\/city-hall\/city-attorney\/attorneys\/ricardo-alarcon\/#primaryimage","url":"https:\/\/www.miamibeachfl.gov\/wp-content\/uploads\/2025\/01\/Ricardo-Alarcon-CAO.png","contentUrl":"https:\/\/www.miamibeachfl.gov\/wp-content\/uploads\/2025\/01\/Ricardo-Alarcon-CAO.png","width":249,"height":250,"caption":"Ricardo Alarcon"},{"@type":"BreadcrumbList","@id":"https:\/\/www.miamibeachfl.gov\/city-hall\/city-attorney\/attorneys\/ricardo-alarcon\/#breadcrumb","itemListElement":[{"@type":"ListItem","position":1,"name":"Home","item":"https:\/\/www.miamibeachfl.gov\/"},{"@type":"ListItem","position":2,"name":"City Hall","item":"https:\/\/www.miamibeachfl.gov\/city-hall\/"},{"@type":"ListItem","position":3,"name":"City Attorney","item":"https:\/\/www.miamibeachfl.gov\/city-hall\/city-attorney\/"},{"@type":"ListItem","position":4,"name":"City of Miami Beach Attorneys","item":"https:\/\/www.miamibeachfl.gov\/city-hall\/city-attorney\/attorneys\/"},{"@type":"ListItem","position":5,"name":"Ricardo Alarcon Municipal Prosecutor"}]},{"@type":"WebSite","@id":"https:\/\/www.miamibeachfl.gov\/#website","url":"https:\/\/www.miamibeachfl.gov\/","name":"Cidade de Miami Beach","description":"Site oficial da cidade de Miami Beach. Mantenha-se informado e encontre informa\u00e7\u00f5es importantes sobre servi\u00e7os municipais, not\u00edcias, alertas, eventos, rotas de bonde, empregos p\u00fablicos e muito mais.","publisher":{"@id":"https:\/\/www.miamibeachfl.gov\/#organization"},"potentialAction":[{"@type":"SearchAction","target":{"@type":"EntryPoint","urlTemplate":"https:\/\/www.miamibeachfl.gov\/?s={search_term_string}"},"query-input":{"@type":"PropertyValueSpecification","valueRequired":true,"valueName":"search_term_string"}}],"inLanguage":"pt-BR"},{"@type":"Organization","@id":"https:\/\/www.miamibeachfl.gov\/#organization","name":"Cidade de Miami Beach","url":"https:\/\/www.miamibeachfl.gov\/","logo":{"@type":"ImageObject","inLanguage":"pt-BR","@id":"https:\/\/www.miamibeachfl.gov\/#\/schema\/logo\/image\/","url":"https:\/\/www.miamibeachfl.gov\/wp-content\/uploads\/2022\/06\/miamibeach-logoblue.png","contentUrl":"https:\/\/www.miamibeachfl.gov\/wp-content\/uploads\/2022\/06\/miamibeach-logoblue.png","width":1962,"height":381,"caption":"City of Miami Beach"},"image":{"@id":"https:\/\/www.miamibeachfl.gov\/#\/schema\/logo\/image\/"},"sameAs":["https:\/\/www.facebook.com\/cityofmiamibeach","https:\/\/x.com\/Miamibeachnews","https:\/\/www.instagram.com\/miamibeachnews\/"],"description":"Site oficial da cidade de Miami Beach. Mantenha-se informado e encontre informa\u00e7\u00f5es importantes sobre servi\u00e7os municipais, not\u00edcias, alertas, eventos, rotas de bonde, empregos p\u00fablicos e muito mais.","telephone":"305.604.CITY(2489)","legalName":"City of Miami Beach"}]}},"_links":{"self":[{"href":"https:\/\/www.miamibeachfl.gov\/pt\/wp-json\/wp\/v2\/pages\/349268","targetHints":{"allow":["GET"]}}],"collection":[{"href":"https:\/\/www.miamibeachfl.gov\/pt\/wp-json\/wp\/v2\/pages"}],"about":[{"href":"https:\/\/www.miamibeachfl.gov\/pt\/wp-json\/wp\/v2\/types\/page"}],"author":[{"embeddable":true,"href":"https:\/\/www.miamibeachfl.gov\/pt\/wp-json\/wp\/v2\/users\/222"}],"replies":[{"embeddable":true,"href":"https:\/\/www.miamibeachfl.gov\/pt\/wp-json\/wp\/v2\/comments?post=349268"}],"version-history":[{"count":0,"href":"https:\/\/www.miamibeachfl.gov\/pt\/wp-json\/wp\/v2\/pages\/349268\/revisions"}],"up":[{"embeddable":true,"href":"https:\/\/www.miamibeachfl.gov\/pt\/wp-json\/wp\/v2\/pages\/281293"}],"wp:featuredmedia":[{"embeddable":true,"href":"https:\/\/www.miamibeachfl.gov\/pt\/wp-json\/wp\/v2\/media\/359463"}],"wp:attachment":[{"href":"https:\/\/www.miamibeachfl.gov\/pt\/wp-json\/wp\/v2\/media?parent=349268"}],"wp:term":[{"taxonomy":"category","embeddable":true,"href":"https:\/\/www.miamibeachfl.gov\/pt\/wp-json\/wp\/v2\/categories?post=349268"},{"taxonomy":"post_tag","embeddable":true,"href":"https:\/\/www.miamibeachfl.gov\/pt\/wp-json\/wp\/v2\/tags?post=349268"}],"curies":[{"name":"wp","href":"https:\/\/api.w.org\/{rel}","templated":true}]}}