{"id":360090,"date":"2025-01-21T16:23:23","date_gmt":"2025-01-21T21:23:23","guid":{"rendered":"https:\/\/www.miamibeachfl.gov\/?page_id=360090"},"modified":"2026-02-26T13:38:10","modified_gmt":"2026-02-26T18:38:10","slug":"policeenforcement","status":"publish","type":"page","link":"https:\/\/www.miamibeachfl.gov\/pt\/breakasweat\/policeenforcement\/","title":{"rendered":"Aplica\u00e7\u00e3o da lei pela pol\u00edcia de Miami Beach"},"content":{"rendered":"<img decoding=\"async\" src=\"https:\/\/www.miamibeachfl.gov\/wp-content\/uploads\/2026\/01\/breakimtoasweat.png\" alt=\"this spring break into a sweat\" itemprop=\"image\" height=\"191\" width=\"571\" title=\"breakimtoasweat\" onerror=\"this.style.display='none'\" loading=\"lazy\" \/>\n<h1>\n\t\t\tBem-vindo \u00e0 Capital da Sa\u00fade e do Bem-Estar\t<\/h1>\n<h2>\n\t\t\tAplica\u00e7\u00e3o da lei policial\t<\/h2>\n\t\t\t<button tabindex=\"0\" aria-label=\"Menu de Regras e Regulamentos\" aria-expanded=\"false\">\n\t\t\t\tMenu de Regras e Regulamentos\t\t\t<\/button>\n\t<nav aria-label=\"Menu de Regras e Regulamentos\" itemscope=\"itemscope\" itemtype=\"https:\/\/schema.org\/SiteNavigationElement\">\n\t\t<ul id=\"menu-spring-break-menu\"><li id=\"menu-item-359613\"><a href=\"\/pt\/breakasweat\/policeenforcement\/\">Aplica\u00e7\u00e3o da lei policial<\/a><\/li><li id=\"menu-item-359614\"><a href=\"\/pt\/breakasweat\/parking-restrictions-and-towing\/\">Estacionamento, Transporte e Reboque<\/a><\/li><li id=\"menu-item-359615\"><a href=\"\/pt\/breakasweat\/road-closures\/\">Fechamentos de estradas<\/a><\/li><li id=\"menu-item-359616\"><a href=\"\/pt\/breakasweat\/beach-rules\/\">Regras da Praia<\/a><\/li><li id=\"menu-item-359617\"><a href=\"\/pt\/breakasweat\/beverage-restrictions\/\">Restri\u00e7\u00f5es de bebidas<\/a><\/li><\/ul>\t<\/nav>\n\t<nav id=\"breadcrumbs\" aria-label=\"Migalhas de p\u00e3o\"><a href=\"https:\/\/www.miamibeachfl.gov\/pt\/\">Lar<\/a> &gt; <a href=\"https:\/\/www.miamibeachfl.gov\/pt\/breakasweat\/\">Suar a camisa \u2013 Fitness de primavera<\/a> &gt; <strong>Aplica\u00e7\u00e3o da lei pela pol\u00edcia de Miami Beach<\/strong><\/nav>\n\t\t\t\t<a href=\"https:\/\/www.miamibeachfl.gov\/wp-content\/uploads\/2025\/01\/SpringBreak_160324_DC2_1143-policeroad.jpg\"  target=\"_self\" itemprop=\"url\">\n\t\t\t\t<img decoding=\"async\" src=\"https:\/\/www.miamibeachfl.gov\/wp-content\/uploads\/2025\/01\/SpringBreak_160324_DC2_1143-policeroad.jpg\" alt=\"Police road closure\" itemprop=\"image\" height=\"500\" width=\"500\" title=\"SpringBreak_160324_DC2_1143-estrada policial\" onerror=\"this.style.display='none'\" loading=\"lazy\" \/>\n\t\t\t\t<\/a>\n\t<h3><strong>Pontos de verifica\u00e7\u00e3o de seguran\u00e7a<\/strong><\/h3>\n<p>Os acessos \u00e0 praia pela Ocean Drive ser\u00e3o limitados \u00e0s ruas 5, 7, 8, 10, 12 e 14 e ter\u00e3o <strong>postos de controle de seguran\u00e7a <\/strong>Para garantir que itens proibidos n\u00e3o sejam levados para a praia, incluindo coolers, recipientes de vidro, equipamentos infl\u00e1veis, barracas, mesas e objetos similares, ser\u00e1 necess\u00e1rio verificar a disponibilidade de m\u00fasica amplificada sem autoriza\u00e7\u00e3o da prefeitura. Lembramos que o consumo de \u00e1lcool e o fumo s\u00e3o sempre proibidos nas praias da cidade.<\/p>\n<hr \/>\n<h3><strong>Leitor de Placas (LPR)<\/strong><\/h3>\n<p>O Departamento de Pol\u00edcia de Miami Beach implementar\u00e1 uma <strong>Detalhe do leitor de placas (LPR)<\/strong> <strong>no<\/strong> <strong>faixas no sentido leste das vias elevadas MacArthur e Julia Tuttle<\/strong> <strong>Nos dias 13 a 15 de mar\u00e7o e 20 a 22 de mar\u00e7o, a partir das 22h (com a montagem come\u00e7ando \u00e0s 21h). <\/strong>Os motoristas devem esperar impactos e atrasos significativos no tr\u00e2nsito, pois as faixas de rolamento no sentido leste ser\u00e3o reduzidas nas vias expressas MacArthur e Julia Tuttle. A Pol\u00edcia de Miami Beach (MBPD) tamb\u00e9m realizar\u00e1 uma opera\u00e7\u00e3o de leitura de placas ao longo da 5\u00aa Rua, de 6 a 8 de mar\u00e7o, a partir das 22h (com a instala\u00e7\u00e3o dos equipamentos come\u00e7ando \u00e0s 21h).<\/p>\n<p>Os leitores de placas t\u00eam sido historicamente fundamentais na identifica\u00e7\u00e3o de infratores graves e violentos, bem como na recupera\u00e7\u00e3o de ve\u00edculos roubados.<\/p>\n<hr \/>\n<h3><strong>Plano de Tr\u00e2nsito<\/strong><\/h3>\n<p>O Departamento de Pol\u00edcia de Miami Beach (MBPD) implementar\u00e1 um<strong> plano de tr\u00e2nsito <\/strong>A partir das 18h de quinta a domingo, ser\u00e3o implementadas restri\u00e7\u00f5es de acesso para reduzir o impacto no tr\u00e2nsito nos bairros de South of Fifth (SoFi) e Flamingo Park. Os motoristas poder\u00e3o acessar o bairro de SoFi pelas ruas Alton Road, Washington Avenue e Collins Avenue. O acesso ao bairro de Flamingo Park poder\u00e1 ser feito pela Alton Road ou pelo lado norte. Restri\u00e7\u00f5es de acesso ser\u00e3o aplicadas em algumas ruas da cidade para limitar o tr\u00e1fego e melhorar a mobilidade de moradores e frequentadores de estabelecimentos comerciais.<\/p>\n<hr \/>\n<h3><strong>Outras medidas<\/strong><\/h3>\n<p><strong>fiscaliza\u00e7\u00e3o de dire\u00e7\u00e3o sob influ\u00eancia de \u00e1lcool <\/strong>Ser\u00e3o realizados nos dias 13 e 14 de mar\u00e7o e 20 e 21 de mar\u00e7o.<\/p>\n<p><strong>Empresas que alugam ou arrendam<\/strong> <strong>carrinhos de golfe, ve\u00edculos de baixa velocidade, autociclos (ou seja, estilingues), scooters motorizadas, ciclomotores,<\/strong> motocicletas movidas por motores de 50 cent\u00edmetros c\u00fabicos ou menos e bicicletas motorizadas <strong>ser\u00e1 suspenso de operar<\/strong>.<\/p>\n<p>O MBPD ser\u00e1 complementado pelo Departamento de Pol\u00edcia da Fl\u00f3rida, pela Patrulha Rodovi\u00e1ria da Fl\u00f3rida, pelo Gabinete do Xerife de Miami-Dade e outras ag\u00eancias municipais de seguran\u00e7a p\u00fablica.\u00a0<\/p>\n<p><strong>O MBPD tamb\u00e9m est\u00e1 preparado para implementar zonas especiais para eventos.<\/strong> as outlined in section 316.1891 of Florida&#8217;s Statutes, provided certain criteria are met. These designated zones target unpermitted temporary activities or events drawing 50 or more attendees, which pose disruptions to normal traffic flow. Within these zones, the city holds the authority to impose doubled fines for traffic infractions and has the option to impound vehicles for violations. Furthermore, law enforcement retains the ability to temporarily enforce occupancy limits within special event zones, with associated costs potentially recoverable from event promoters or organizers.<\/p>","protected":false},"excerpt":{"rendered":"<p>Welcome to the Health &#038; Wellness Capital Police Enforcement Rules and Regulations Menu Police Enforcement Parking, Shuttles &#038; Towing Road [&hellip;]<\/p>\n","protected":false},"author":222,"featured_media":0,"parent":395613,"menu_order":0,"comment_status":"closed","ping_status":"closed","template":"","meta":{"_searchwp_excluded":"","site-sidebar-layout":"default","site-content-layout":"","ast-site-content-layout":"default","site-content-style":"default","site-sidebar-style":"default","ast-global-header-display":"","ast-banner-title-visibility":"","ast-main-header-display":"","ast-hfb-above-header-display":"","ast-hfb-below-header-display":"","ast-hfb-mobile-header-display":"","site-post-title":"","ast-breadcrumbs-content":"","ast-featured-img":"","footer-sml-layout":"","theme-transparent-header-meta":"","adv-header-id-meta":"","stick-header-meta":"","header-above-stick-meta":"","header-main-stick-meta":"","header-below-stick-meta":"","astra-migrate-meta-layouts":"default","ast-page-background-enabled":"default","ast-page-background-meta":{"desktop":{"background-color":"var(--ast-global-color-5)","background-image":"","background-repeat":"repeat","background-position":"center center","background-size":"auto","background-attachment":"scroll","background-type":"","background-media":"","overlay-type":"","overlay-color":"","overlay-opacity":"","overlay-gradient":""},"tablet":{"background-color":"","background-image":"","background-repeat":"repeat","background-position":"center center","background-size":"auto","background-attachment":"scroll","background-type":"","background-media":"","overlay-type":"","overlay-color":"","overlay-opacity":"","overlay-gradient":""},"mobile":{"background-color":"","background-image":"","background-repeat":"repeat","background-position":"center center","background-size":"auto","background-attachment":"scroll","background-type":"","background-media":"","overlay-type":"","overlay-color":"","overlay-opacity":"","overlay-gradient":""}},"ast-content-background-meta":{"desktop":{"background-color":"var(--ast-global-color-4)","background-image":"","background-repeat":"repeat","background-position":"center center","background-size":"auto","background-attachment":"scroll","background-type":"","background-media":"","overlay-type":"","overlay-color":"","overlay-opacity":"","overlay-gradient":""},"tablet":{"background-color":"var(--ast-global-color-4)","background-image":"","background-repeat":"repeat","background-position":"center center","background-size":"auto","background-attachment":"scroll","background-type":"","background-media":"","overlay-type":"","overlay-color":"","overlay-opacity":"","overlay-gradient":""},"mobile":{"background-color":"var(--ast-global-color-4)","background-image":"","background-repeat":"repeat","background-position":"center center","background-size":"auto","background-attachment":"scroll","background-type":"","background-media":"","overlay-type":"","overlay-color":"","overlay-opacity":"","overlay-gradient":""}},"footnotes":""},"categories":[],"tags":[],"class_list":["post-360090","page","type-page","status-publish","hentry"],"yoast_head":"<!-- This site is optimized with the Yoast SEO Premium plugin v27.4 (Yoast SEO v27.4) - https:\/\/yoast.com\/product\/yoast-seo-premium-wordpress\/ -->\n<title>Miami Beach Police Enforcement - City of Miami Beach<\/title>\n<meta name=\"description\" content=\"This March, Miami Beach will be heavily enforcing additional rules and restrictions to keep both residents and visitors safe.\" \/>\n<meta name=\"robots\" content=\"index, follow, max-snippet:-1, max-image-preview:large, max-video-preview:-1\" \/>\n<link rel=\"canonical\" href=\"https:\/\/www.miamibeachfl.gov\/pt\/breakasweat\/policeenforcement\/\" \/>\n<meta property=\"og:locale\" content=\"pt_BR\" \/>\n<meta property=\"og:type\" content=\"article\" \/>\n<meta property=\"og:title\" content=\"Miami Beach Police Enforcement\" \/>\n<meta property=\"og:description\" content=\"This March, Miami Beach will be heavily enforcing additional rules and restrictions to keep both residents and visitors safe.\" \/>\n<meta property=\"og:url\" content=\"https:\/\/www.miamibeachfl.gov\/pt\/breakasweat\/policeenforcement\/\" \/>\n<meta property=\"og:site_name\" content=\"City of Miami Beach\" \/>\n<meta property=\"article:publisher\" content=\"https:\/\/www.facebook.com\/cityofmiamibeach\" \/>\n<meta property=\"article:modified_time\" content=\"2026-02-26T18:38:10+00:00\" \/>\n<meta property=\"og:image\" content=\"https:\/\/www.miamibeachfl.gov\/wp-content\/uploads\/2026\/01\/breakimtoasweat.png\" \/>\n<meta name=\"twitter:card\" content=\"summary_large_image\" \/>\n<meta name=\"twitter:site\" content=\"@Miamibeachnews\" \/>\n<script type=\"application\/ld+json\" class=\"yoast-schema-graph\">{\"@context\":\"https:\\\/\\\/schema.org\",\"@graph\":[{\"@type\":\"WebPage\",\"@id\":\"https:\\\/\\\/www.miamibeachfl.gov\\\/breakasweat\\\/policeenforcement\\\/\",\"url\":\"https:\\\/\\\/www.miamibeachfl.gov\\\/breakasweat\\\/policeenforcement\\\/\",\"name\":\"Miami Beach Police Enforcement - City of Miami Beach\",\"isPartOf\":{\"@id\":\"https:\\\/\\\/www.miamibeachfl.gov\\\/#website\"},\"primaryImageOfPage\":{\"@id\":\"https:\\\/\\\/www.miamibeachfl.gov\\\/breakasweat\\\/policeenforcement\\\/#primaryimage\"},\"image\":{\"@id\":\"https:\\\/\\\/www.miamibeachfl.gov\\\/breakasweat\\\/policeenforcement\\\/#primaryimage\"},\"thumbnailUrl\":\"https:\\\/\\\/www.miamibeachfl.gov\\\/wp-content\\\/uploads\\\/2026\\\/01\\\/breakimtoasweat.png\",\"datePublished\":\"2025-01-21T21:23:23+00:00\",\"dateModified\":\"2026-02-26T18:38:10+00:00\",\"description\":\"This March, Miami Beach will be heavily enforcing additional rules and restrictions to keep both residents and visitors safe.\",\"breadcrumb\":{\"@id\":\"https:\\\/\\\/www.miamibeachfl.gov\\\/breakasweat\\\/policeenforcement\\\/#breadcrumb\"},\"inLanguage\":\"pt-BR\",\"potentialAction\":[{\"@type\":\"ReadAction\",\"target\":[\"https:\\\/\\\/www.miamibeachfl.gov\\\/breakasweat\\\/policeenforcement\\\/\"]}]},{\"@type\":\"ImageObject\",\"inLanguage\":\"pt-BR\",\"@id\":\"https:\\\/\\\/www.miamibeachfl.gov\\\/breakasweat\\\/policeenforcement\\\/#primaryimage\",\"url\":\"https:\\\/\\\/www.miamibeachfl.gov\\\/wp-content\\\/uploads\\\/2026\\\/01\\\/breakimtoasweat.png\",\"contentUrl\":\"https:\\\/\\\/www.miamibeachfl.gov\\\/wp-content\\\/uploads\\\/2026\\\/01\\\/breakimtoasweat.png\"},{\"@type\":\"BreadcrumbList\",\"@id\":\"https:\\\/\\\/www.miamibeachfl.gov\\\/breakasweat\\\/policeenforcement\\\/#breadcrumb\",\"itemListElement\":[{\"@type\":\"ListItem\",\"position\":1,\"name\":\"Home\",\"item\":\"https:\\\/\\\/www.miamibeachfl.gov\\\/\"},{\"@type\":\"ListItem\",\"position\":2,\"name\":\"Break a Sweat &#8211; Spring Fitness\",\"item\":\"https:\\\/\\\/www.miamibeachfl.gov\\\/breakasweat\\\/\"},{\"@type\":\"ListItem\",\"position\":3,\"name\":\"Miami Beach Police Enforcement\"}]},{\"@type\":\"WebSite\",\"@id\":\"https:\\\/\\\/www.miamibeachfl.gov\\\/#website\",\"url\":\"https:\\\/\\\/www.miamibeachfl.gov\\\/\",\"name\":\"City of Miami Beach\",\"description\":\"The official website of the City of Miami Beach. Stay informed, find important information on city services, news, alerts, events, trolley routes, government employment and more.\",\"publisher\":{\"@id\":\"https:\\\/\\\/www.miamibeachfl.gov\\\/#organization\"},\"potentialAction\":[{\"@type\":\"SearchAction\",\"target\":{\"@type\":\"EntryPoint\",\"urlTemplate\":\"https:\\\/\\\/www.miamibeachfl.gov\\\/?s={search_term_string}\"},\"query-input\":{\"@type\":\"PropertyValueSpecification\",\"valueRequired\":true,\"valueName\":\"search_term_string\"}}],\"inLanguage\":\"pt-BR\"},{\"@type\":\"Organization\",\"@id\":\"https:\\\/\\\/www.miamibeachfl.gov\\\/#organization\",\"name\":\"City of Miami Beach\",\"url\":\"https:\\\/\\\/www.miamibeachfl.gov\\\/\",\"logo\":{\"@type\":\"ImageObject\",\"inLanguage\":\"pt-BR\",\"@id\":\"https:\\\/\\\/www.miamibeachfl.gov\\\/#\\\/schema\\\/logo\\\/image\\\/\",\"url\":\"https:\\\/\\\/www.miamibeachfl.gov\\\/wp-content\\\/uploads\\\/2022\\\/06\\\/miamibeach-logoblue.png\",\"contentUrl\":\"https:\\\/\\\/www.miamibeachfl.gov\\\/wp-content\\\/uploads\\\/2022\\\/06\\\/miamibeach-logoblue.png\",\"width\":1962,\"height\":381,\"caption\":\"City of Miami Beach\"},\"image\":{\"@id\":\"https:\\\/\\\/www.miamibeachfl.gov\\\/#\\\/schema\\\/logo\\\/image\\\/\"},\"sameAs\":[\"https:\\\/\\\/www.facebook.com\\\/cityofmiamibeach\",\"https:\\\/\\\/x.com\\\/Miamibeachnews\",\"https:\\\/\\\/www.instagram.com\\\/miamibeachnews\\\/\"],\"description\":\"The official website of the City of Miami Beach. Stay informed, find important information on city services, news, alerts, events, trolley routes, government employment and more.\",\"telephone\":\"305.604.CITY(2489)\",\"legalName\":\"City of Miami Beach\"}]}<\/script>\n<!-- \/ Yoast SEO Premium plugin. -->","yoast_head_json":{"title":"Miami Beach Police Enforcement - City of Miami Beach","description":"Em mar\u00e7o, Miami Beach aplicar\u00e1 rigorosamente regras e restri\u00e7\u00f5es adicionais para manter a seguran\u00e7a de moradores e visitantes.","robots":{"index":"index","follow":"follow","max-snippet":"max-snippet:-1","max-image-preview":"max-image-preview:large","max-video-preview":"max-video-preview:-1"},"canonical":"https:\/\/www.miamibeachfl.gov\/pt\/breakasweat\/policeenforcement\/","og_locale":"pt_BR","og_type":"article","og_title":"Miami Beach Police Enforcement","og_description":"This March, Miami Beach will be heavily enforcing additional rules and restrictions to keep both residents and visitors safe.","og_url":"https:\/\/www.miamibeachfl.gov\/pt\/breakasweat\/policeenforcement\/","og_site_name":"City of Miami Beach","article_publisher":"https:\/\/www.facebook.com\/cityofmiamibeach","article_modified_time":"2026-02-26T18:38:10+00:00","og_image":[{"url":"https:\/\/www.miamibeachfl.gov\/wp-content\/uploads\/2026\/01\/breakimtoasweat.png","type":"","width":"","height":""}],"twitter_card":"summary_large_image","twitter_site":"@Miamibeachnews","schema":{"@context":"https:\/\/schema.org","@graph":[{"@type":"WebPage","@id":"https:\/\/www.miamibeachfl.gov\/breakasweat\/policeenforcement\/","url":"https:\/\/www.miamibeachfl.gov\/breakasweat\/policeenforcement\/","name":"Miami Beach Police Enforcement - City of Miami Beach","isPartOf":{"@id":"https:\/\/www.miamibeachfl.gov\/#website"},"primaryImageOfPage":{"@id":"https:\/\/www.miamibeachfl.gov\/breakasweat\/policeenforcement\/#primaryimage"},"image":{"@id":"https:\/\/www.miamibeachfl.gov\/breakasweat\/policeenforcement\/#primaryimage"},"thumbnailUrl":"https:\/\/www.miamibeachfl.gov\/wp-content\/uploads\/2026\/01\/breakimtoasweat.png","datePublished":"2025-01-21T21:23:23+00:00","dateModified":"2026-02-26T18:38:10+00:00","description":"Em mar\u00e7o, Miami Beach aplicar\u00e1 rigorosamente regras e restri\u00e7\u00f5es adicionais para manter a seguran\u00e7a de moradores e visitantes.","breadcrumb":{"@id":"https:\/\/www.miamibeachfl.gov\/breakasweat\/policeenforcement\/#breadcrumb"},"inLanguage":"pt-BR","potentialAction":[{"@type":"ReadAction","target":["https:\/\/www.miamibeachfl.gov\/breakasweat\/policeenforcement\/"]}]},{"@type":"ImageObject","inLanguage":"pt-BR","@id":"https:\/\/www.miamibeachfl.gov\/breakasweat\/policeenforcement\/#primaryimage","url":"https:\/\/www.miamibeachfl.gov\/wp-content\/uploads\/2026\/01\/breakimtoasweat.png","contentUrl":"https:\/\/www.miamibeachfl.gov\/wp-content\/uploads\/2026\/01\/breakimtoasweat.png"},{"@type":"BreadcrumbList","@id":"https:\/\/www.miamibeachfl.gov\/breakasweat\/policeenforcement\/#breadcrumb","itemListElement":[{"@type":"ListItem","position":1,"name":"Home","item":"https:\/\/www.miamibeachfl.gov\/"},{"@type":"ListItem","position":2,"name":"Break a Sweat &#8211; Spring Fitness","item":"https:\/\/www.miamibeachfl.gov\/breakasweat\/"},{"@type":"ListItem","position":3,"name":"Miami Beach Police Enforcement"}]},{"@type":"WebSite","@id":"https:\/\/www.miamibeachfl.gov\/#website","url":"https:\/\/www.miamibeachfl.gov\/","name":"Cidade de Miami Beach","description":"Site oficial da cidade de Miami Beach. Mantenha-se informado e encontre informa\u00e7\u00f5es importantes sobre servi\u00e7os municipais, not\u00edcias, alertas, eventos, rotas de bonde, empregos p\u00fablicos e muito mais.","publisher":{"@id":"https:\/\/www.miamibeachfl.gov\/#organization"},"potentialAction":[{"@type":"SearchAction","target":{"@type":"EntryPoint","urlTemplate":"https:\/\/www.miamibeachfl.gov\/?s={search_term_string}"},"query-input":{"@type":"PropertyValueSpecification","valueRequired":true,"valueName":"search_term_string"}}],"inLanguage":"pt-BR"},{"@type":"Organization","@id":"https:\/\/www.miamibeachfl.gov\/#organization","name":"Cidade de Miami Beach","url":"https:\/\/www.miamibeachfl.gov\/","logo":{"@type":"ImageObject","inLanguage":"pt-BR","@id":"https:\/\/www.miamibeachfl.gov\/#\/schema\/logo\/image\/","url":"https:\/\/www.miamibeachfl.gov\/wp-content\/uploads\/2022\/06\/miamibeach-logoblue.png","contentUrl":"https:\/\/www.miamibeachfl.gov\/wp-content\/uploads\/2022\/06\/miamibeach-logoblue.png","width":1962,"height":381,"caption":"City of Miami Beach"},"image":{"@id":"https:\/\/www.miamibeachfl.gov\/#\/schema\/logo\/image\/"},"sameAs":["https:\/\/www.facebook.com\/cityofmiamibeach","https:\/\/x.com\/Miamibeachnews","https:\/\/www.instagram.com\/miamibeachnews\/"],"description":"Site oficial da cidade de Miami Beach. Mantenha-se informado e encontre informa\u00e7\u00f5es importantes sobre servi\u00e7os municipais, not\u00edcias, alertas, eventos, rotas de bonde, empregos p\u00fablicos e muito mais.","telephone":"305.604.CITY(2489)","legalName":"City of Miami Beach"}]}},"_links":{"self":[{"href":"https:\/\/www.miamibeachfl.gov\/pt\/wp-json\/wp\/v2\/pages\/360090","targetHints":{"allow":["GET"]}}],"collection":[{"href":"https:\/\/www.miamibeachfl.gov\/pt\/wp-json\/wp\/v2\/pages"}],"about":[{"href":"https:\/\/www.miamibeachfl.gov\/pt\/wp-json\/wp\/v2\/types\/page"}],"author":[{"embeddable":true,"href":"https:\/\/www.miamibeachfl.gov\/pt\/wp-json\/wp\/v2\/users\/222"}],"replies":[{"embeddable":true,"href":"https:\/\/www.miamibeachfl.gov\/pt\/wp-json\/wp\/v2\/comments?post=360090"}],"version-history":[{"count":11,"href":"https:\/\/www.miamibeachfl.gov\/pt\/wp-json\/wp\/v2\/pages\/360090\/revisions"}],"predecessor-version":[{"id":396802,"href":"https:\/\/www.miamibeachfl.gov\/pt\/wp-json\/wp\/v2\/pages\/360090\/revisions\/396802"}],"up":[{"embeddable":true,"href":"https:\/\/www.miamibeachfl.gov\/pt\/wp-json\/wp\/v2\/pages\/395613"}],"wp:attachment":[{"href":"https:\/\/www.miamibeachfl.gov\/pt\/wp-json\/wp\/v2\/media?parent=360090"}],"wp:term":[{"taxonomy":"category","embeddable":true,"href":"https:\/\/www.miamibeachfl.gov\/pt\/wp-json\/wp\/v2\/categories?post=360090"},{"taxonomy":"post_tag","embeddable":true,"href":"https:\/\/www.miamibeachfl.gov\/pt\/wp-json\/wp\/v2\/tags?post=360090"}],"curies":[{"name":"wp","href":"https:\/\/api.w.org\/{rel}","templated":true}]}}