{"id":360126,"date":"2025-01-21T17:11:41","date_gmt":"2025-01-21T22:11:41","guid":{"rendered":"https:\/\/www.miamibeachfl.gov\/?page_id=360126"},"modified":"2026-02-06T09:38:38","modified_gmt":"2026-02-06T14:38:38","slug":"beverage-restrictions","status":"publish","type":"page","link":"https:\/\/www.miamibeachfl.gov\/pt\/breakasweat\/beverage-restrictions\/","title":{"rendered":"Restri\u00e7\u00f5es de bebidas"},"content":{"rendered":"<img decoding=\"async\" src=\"https:\/\/www.miamibeachfl.gov\/wp-content\/uploads\/2026\/01\/breakimtoasweat.png\" alt=\"this spring break into a sweat\" itemprop=\"image\" height=\"191\" width=\"571\" title=\"breakimtoasweat\" onerror=\"this.style.display='none'\" loading=\"lazy\" \/>\n<h1>\n\t\t\tBem-vindo \u00e0 Capital da Sa\u00fade e do Bem-Estar\t<\/h1>\n<h2>\n\t\t\tRestri\u00e7\u00f5es de bebidas\t<\/h2>\n\t\t\t<button tabindex=\"0\" aria-label=\"Menu de Regras e Regulamentos\" aria-expanded=\"false\">\n\t\t\t\tMenu de Regras e Regulamentos\t\t\t<\/button>\n\t<nav aria-label=\"Menu de Regras e Regulamentos\" itemscope=\"itemscope\" itemtype=\"https:\/\/schema.org\/SiteNavigationElement\">\n\t\t<ul id=\"menu-spring-break-menu\"><li id=\"menu-item-359613\"><a href=\"\/pt\/breakasweat\/policeenforcement\/\">Aplica\u00e7\u00e3o da lei policial<\/a><\/li><li id=\"menu-item-359614\"><a href=\"\/pt\/breakasweat\/parking-restrictions-and-towing\/\">Restri\u00e7\u00f5es de estacionamento e reboque<\/a><\/li><li id=\"menu-item-359615\"><a href=\"\/pt\/breakasweat\/road-closures\/\">Fechamentos de estradas<\/a><\/li><li id=\"menu-item-359616\"><a href=\"\/pt\/breakasweat\/beach-rules\/\">Regras da Praia<\/a><\/li><li id=\"menu-item-359617\"><a href=\"\/pt\/breakasweat\/food-and-beverage-restrictions\/\">Restri\u00e7\u00f5es de alimentos e bebidas<\/a><\/li><\/ul>\t<\/nav>\n\t<nav id=\"breadcrumbs\" aria-label=\"Migalhas de p\u00e3o\"><a href=\"https:\/\/www.miamibeachfl.gov\/pt\/\">Lar<\/a> &gt; <a href=\"https:\/\/www.miamibeachfl.gov\/pt\/breakasweat\/\">Suar a camisa \u2013 Fitness de primavera<\/a> &gt; <strong>Restri\u00e7\u00f5es de alimentos e bebidas em Miami Beach<\/strong><\/nav>\n\t\t\t\t<img decoding=\"async\" src=\"https:\/\/www.miamibeachfl.gov\/wp-content\/uploads\/2026\/02\/WashingtonAve.png\" alt=\"WashingtonAve\" itemprop=\"image\" height=\"800\" width=\"800\" title=\"Avenida Washington\" onerror=\"this.style.display='none'\" loading=\"lazy\" \/>\n\t<ul>\n<li><strong>Lojas de bebidas alco\u00f3licas<\/strong> Os estabelecimentos no bairro Art D\u00e9co respeitar\u00e3o rigorosamente o hor\u00e1rio normal de fechamento, \u00e0s 20h.<\/li>\n<\/ul>","protected":false},"excerpt":{"rendered":"<p>Welcome to the Health &#038; Wellness Capital Beverage Restrictions Rules and Regulations Menu Police Enforcement Parking Restrictions &#038; Towing Road [&hellip;]<\/p>","protected":false},"author":222,"featured_media":0,"parent":395613,"menu_order":0,"comment_status":"closed","ping_status":"closed","template":"","meta":{"_searchwp_excluded":"","site-sidebar-layout":"default","site-content-layout":"","ast-site-content-layout":"default","site-content-style":"default","site-sidebar-style":"default","ast-global-header-display":"","ast-banner-title-visibility":"","ast-main-header-display":"","ast-hfb-above-header-display":"","ast-hfb-below-header-display":"","ast-hfb-mobile-header-display":"","site-post-title":"","ast-breadcrumbs-content":"","ast-featured-img":"","footer-sml-layout":"","theme-transparent-header-meta":"","adv-header-id-meta":"","stick-header-meta":"","header-above-stick-meta":"","header-main-stick-meta":"","header-below-stick-meta":"","astra-migrate-meta-layouts":"default","ast-page-background-enabled":"default","ast-page-background-meta":{"desktop":{"background-color":"var(--ast-global-color-5)","background-image":"","background-repeat":"repeat","background-position":"center center","background-size":"auto","background-attachment":"scroll","background-type":"","background-media":"","overlay-type":"","overlay-color":"","overlay-opacity":"","overlay-gradient":""},"tablet":{"background-color":"","background-image":"","background-repeat":"repeat","background-position":"center center","background-size":"auto","background-attachment":"scroll","background-type":"","background-media":"","overlay-type":"","overlay-color":"","overlay-opacity":"","overlay-gradient":""},"mobile":{"background-color":"","background-image":"","background-repeat":"repeat","background-position":"center center","background-size":"auto","background-attachment":"scroll","background-type":"","background-media":"","overlay-type":"","overlay-color":"","overlay-opacity":"","overlay-gradient":""}},"ast-content-background-meta":{"desktop":{"background-color":"var(--ast-global-color-4)","background-image":"","background-repeat":"repeat","background-position":"center center","background-size":"auto","background-attachment":"scroll","background-type":"","background-media":"","overlay-type":"","overlay-color":"","overlay-opacity":"","overlay-gradient":""},"tablet":{"background-color":"var(--ast-global-color-4)","background-image":"","background-repeat":"repeat","background-position":"center center","background-size":"auto","background-attachment":"scroll","background-type":"","background-media":"","overlay-type":"","overlay-color":"","overlay-opacity":"","overlay-gradient":""},"mobile":{"background-color":"var(--ast-global-color-4)","background-image":"","background-repeat":"repeat","background-position":"center center","background-size":"auto","background-attachment":"scroll","background-type":"","background-media":"","overlay-type":"","overlay-color":"","overlay-opacity":"","overlay-gradient":""}},"footnotes":""},"categories":[],"tags":[],"class_list":["post-360126","page","type-page","status-publish","hentry"],"yoast_head":"<!-- This site is optimized with the Yoast SEO Premium plugin v26.6 (Yoast SEO v26.6) - https:\/\/yoast.com\/wordpress\/plugins\/seo\/ -->\n<title>Beverage Restrictions - City of Miami Beach<\/title>\n<meta name=\"description\" content=\"This March, Miami Beach will be heavily enforcing additional rules and restrictions to keep both residents and visitors safe.\" \/>\n<meta name=\"robots\" content=\"index, follow, max-snippet:-1, max-image-preview:large, max-video-preview:-1\" \/>\n<link rel=\"canonical\" href=\"https:\/\/www.miamibeachfl.gov\/pt\/breakasweat\/beverage-restrictions\/\" \/>\n<meta property=\"og:locale\" content=\"pt_BR\" \/>\n<meta property=\"og:type\" content=\"article\" \/>\n<meta property=\"og:title\" content=\"Beverage Restrictions\" \/>\n<meta property=\"og:description\" content=\"This March, Miami Beach will be heavily enforcing additional rules and restrictions to keep both residents and visitors safe.\" \/>\n<meta property=\"og:url\" content=\"https:\/\/www.miamibeachfl.gov\/pt\/breakasweat\/beverage-restrictions\/\" \/>\n<meta property=\"og:site_name\" content=\"City of Miami Beach\" \/>\n<meta property=\"article:publisher\" content=\"https:\/\/www.facebook.com\/cityofmiamibeach\" \/>\n<meta property=\"article:modified_time\" content=\"2026-02-06T14:38:38+00:00\" \/>\n<meta property=\"og:image\" content=\"https:\/\/www.miamibeachfl.gov\/wp-content\/uploads\/2026\/01\/SpringFitness-womanworkingout.jpg\" \/>\n\t<meta property=\"og:image:width\" content=\"500\" \/>\n\t<meta property=\"og:image:height\" content=\"667\" \/>\n\t<meta property=\"og:image:type\" content=\"image\/jpeg\" \/>\n<meta name=\"twitter:card\" content=\"summary_large_image\" \/>\n<meta name=\"twitter:site\" content=\"@Miamibeachnews\" \/>\n<script type=\"application\/ld+json\" class=\"yoast-schema-graph\">{\"@context\":\"https:\/\/schema.org\",\"@graph\":[{\"@type\":\"WebPage\",\"@id\":\"https:\/\/www.miamibeachfl.gov\/breakasweat\/beverage-restrictions\/\",\"url\":\"https:\/\/www.miamibeachfl.gov\/breakasweat\/beverage-restrictions\/\",\"name\":\"Beverage Restrictions - City of Miami Beach\",\"isPartOf\":{\"@id\":\"https:\/\/www.miamibeachfl.gov\/#website\"},\"primaryImageOfPage\":{\"@id\":\"https:\/\/www.miamibeachfl.gov\/breakasweat\/beverage-restrictions\/#primaryimage\"},\"image\":{\"@id\":\"https:\/\/www.miamibeachfl.gov\/breakasweat\/beverage-restrictions\/#primaryimage\"},\"thumbnailUrl\":\"https:\/\/www.miamibeachfl.gov\/wp-content\/uploads\/2026\/01\/breakimtoasweat.png\",\"datePublished\":\"2025-01-21T22:11:41+00:00\",\"dateModified\":\"2026-02-06T14:38:38+00:00\",\"description\":\"This March, Miami Beach will be heavily enforcing additional rules and restrictions to keep both residents and visitors safe.\",\"breadcrumb\":{\"@id\":\"https:\/\/www.miamibeachfl.gov\/breakasweat\/beverage-restrictions\/#breadcrumb\"},\"inLanguage\":\"pt-BR\",\"potentialAction\":[{\"@type\":\"ReadAction\",\"target\":[\"https:\/\/www.miamibeachfl.gov\/breakasweat\/beverage-restrictions\/\"]}]},{\"@type\":\"ImageObject\",\"inLanguage\":\"pt-BR\",\"@id\":\"https:\/\/www.miamibeachfl.gov\/breakasweat\/beverage-restrictions\/#primaryimage\",\"url\":\"https:\/\/www.miamibeachfl.gov\/wp-content\/uploads\/2026\/01\/breakimtoasweat.png\",\"contentUrl\":\"https:\/\/www.miamibeachfl.gov\/wp-content\/uploads\/2026\/01\/breakimtoasweat.png\"},{\"@type\":\"BreadcrumbList\",\"@id\":\"https:\/\/www.miamibeachfl.gov\/breakasweat\/beverage-restrictions\/#breadcrumb\",\"itemListElement\":[{\"@type\":\"ListItem\",\"position\":1,\"name\":\"Home\",\"item\":\"https:\/\/www.miamibeachfl.gov\/\"},{\"@type\":\"ListItem\",\"position\":2,\"name\":\"Break a Sweat &#8211; Spring Fitness\",\"item\":\"https:\/\/www.miamibeachfl.gov\/breakasweat\/\"},{\"@type\":\"ListItem\",\"position\":3,\"name\":\"Beverage Restrictions\"}]},{\"@type\":\"WebSite\",\"@id\":\"https:\/\/www.miamibeachfl.gov\/#website\",\"url\":\"https:\/\/www.miamibeachfl.gov\/\",\"name\":\"City of Miami Beach\",\"description\":\"The official website of the City of Miami Beach. Stay informed, find important information on city services, news, alerts, events, trolley routes, government employment and more.\",\"publisher\":{\"@id\":\"https:\/\/www.miamibeachfl.gov\/#organization\"},\"potentialAction\":[{\"@type\":\"SearchAction\",\"target\":{\"@type\":\"EntryPoint\",\"urlTemplate\":\"https:\/\/www.miamibeachfl.gov\/?s={search_term_string}\"},\"query-input\":{\"@type\":\"PropertyValueSpecification\",\"valueRequired\":true,\"valueName\":\"search_term_string\"}}],\"inLanguage\":\"pt-BR\"},{\"@type\":\"Organization\",\"@id\":\"https:\/\/www.miamibeachfl.gov\/#organization\",\"name\":\"City of Miami Beach\",\"url\":\"https:\/\/www.miamibeachfl.gov\/\",\"logo\":{\"@type\":\"ImageObject\",\"inLanguage\":\"pt-BR\",\"@id\":\"https:\/\/www.miamibeachfl.gov\/#\/schema\/logo\/image\/\",\"url\":\"https:\/\/www.miamibeachfl.gov\/wp-content\/uploads\/2022\/06\/miamibeach-logoblue.png\",\"contentUrl\":\"https:\/\/www.miamibeachfl.gov\/wp-content\/uploads\/2022\/06\/miamibeach-logoblue.png\",\"width\":1962,\"height\":381,\"caption\":\"City of Miami Beach\"},\"image\":{\"@id\":\"https:\/\/www.miamibeachfl.gov\/#\/schema\/logo\/image\/\"},\"sameAs\":[\"https:\/\/www.facebook.com\/cityofmiamibeach\",\"https:\/\/x.com\/Miamibeachnews\",\"https:\/\/www.instagram.com\/miamibeachnews\/\"],\"description\":\"The official website of the City of Miami Beach. Stay informed, find important information on city services, news, alerts, events, trolley routes, government employment and more.\",\"telephone\":\"305.604.CITY(2489)\",\"legalName\":\"City of Miami Beach\"}]}<\/script>\n<!-- \/ Yoast SEO Premium plugin. -->","yoast_head_json":{"title":"Beverage Restrictions - City of Miami Beach","description":"Em mar\u00e7o, Miami Beach aplicar\u00e1 rigorosamente regras e restri\u00e7\u00f5es adicionais para manter a seguran\u00e7a de moradores e visitantes.","robots":{"index":"index","follow":"follow","max-snippet":"max-snippet:-1","max-image-preview":"max-image-preview:large","max-video-preview":"max-video-preview:-1"},"canonical":"https:\/\/www.miamibeachfl.gov\/pt\/breakasweat\/beverage-restrictions\/","og_locale":"pt_BR","og_type":"article","og_title":"Beverage Restrictions","og_description":"This March, Miami Beach will be heavily enforcing additional rules and restrictions to keep both residents and visitors safe.","og_url":"https:\/\/www.miamibeachfl.gov\/pt\/breakasweat\/beverage-restrictions\/","og_site_name":"City of Miami Beach","article_publisher":"https:\/\/www.facebook.com\/cityofmiamibeach","article_modified_time":"2026-02-06T14:38:38+00:00","og_image":[{"width":500,"height":667,"url":"https:\/\/www.miamibeachfl.gov\/wp-content\/uploads\/2026\/01\/SpringFitness-womanworkingout.jpg","type":"image\/jpeg"}],"twitter_card":"summary_large_image","twitter_site":"@Miamibeachnews","schema":{"@context":"https:\/\/schema.org","@graph":[{"@type":"WebPage","@id":"https:\/\/www.miamibeachfl.gov\/breakasweat\/beverage-restrictions\/","url":"https:\/\/www.miamibeachfl.gov\/breakasweat\/beverage-restrictions\/","name":"Beverage Restrictions - City of Miami Beach","isPartOf":{"@id":"https:\/\/www.miamibeachfl.gov\/#website"},"primaryImageOfPage":{"@id":"https:\/\/www.miamibeachfl.gov\/breakasweat\/beverage-restrictions\/#primaryimage"},"image":{"@id":"https:\/\/www.miamibeachfl.gov\/breakasweat\/beverage-restrictions\/#primaryimage"},"thumbnailUrl":"https:\/\/www.miamibeachfl.gov\/wp-content\/uploads\/2026\/01\/breakimtoasweat.png","datePublished":"2025-01-21T22:11:41+00:00","dateModified":"2026-02-06T14:38:38+00:00","description":"Em mar\u00e7o, Miami Beach aplicar\u00e1 rigorosamente regras e restri\u00e7\u00f5es adicionais para manter a seguran\u00e7a de moradores e visitantes.","breadcrumb":{"@id":"https:\/\/www.miamibeachfl.gov\/breakasweat\/beverage-restrictions\/#breadcrumb"},"inLanguage":"pt-BR","potentialAction":[{"@type":"ReadAction","target":["https:\/\/www.miamibeachfl.gov\/breakasweat\/beverage-restrictions\/"]}]},{"@type":"ImageObject","inLanguage":"pt-BR","@id":"https:\/\/www.miamibeachfl.gov\/breakasweat\/beverage-restrictions\/#primaryimage","url":"https:\/\/www.miamibeachfl.gov\/wp-content\/uploads\/2026\/01\/breakimtoasweat.png","contentUrl":"https:\/\/www.miamibeachfl.gov\/wp-content\/uploads\/2026\/01\/breakimtoasweat.png"},{"@type":"BreadcrumbList","@id":"https:\/\/www.miamibeachfl.gov\/breakasweat\/beverage-restrictions\/#breadcrumb","itemListElement":[{"@type":"ListItem","position":1,"name":"Home","item":"https:\/\/www.miamibeachfl.gov\/"},{"@type":"ListItem","position":2,"name":"Break a Sweat &#8211; Spring Fitness","item":"https:\/\/www.miamibeachfl.gov\/breakasweat\/"},{"@type":"ListItem","position":3,"name":"Beverage Restrictions"}]},{"@type":"WebSite","@id":"https:\/\/www.miamibeachfl.gov\/#website","url":"https:\/\/www.miamibeachfl.gov\/","name":"Cidade de Miami Beach","description":"Site oficial da cidade de Miami Beach. Mantenha-se informado e encontre informa\u00e7\u00f5es importantes sobre servi\u00e7os municipais, not\u00edcias, alertas, eventos, rotas de bonde, empregos p\u00fablicos e muito mais.","publisher":{"@id":"https:\/\/www.miamibeachfl.gov\/#organization"},"potentialAction":[{"@type":"SearchAction","target":{"@type":"EntryPoint","urlTemplate":"https:\/\/www.miamibeachfl.gov\/?s={search_term_string}"},"query-input":{"@type":"PropertyValueSpecification","valueRequired":true,"valueName":"search_term_string"}}],"inLanguage":"pt-BR"},{"@type":"Organization","@id":"https:\/\/www.miamibeachfl.gov\/#organization","name":"Cidade de Miami Beach","url":"https:\/\/www.miamibeachfl.gov\/","logo":{"@type":"ImageObject","inLanguage":"pt-BR","@id":"https:\/\/www.miamibeachfl.gov\/#\/schema\/logo\/image\/","url":"https:\/\/www.miamibeachfl.gov\/wp-content\/uploads\/2022\/06\/miamibeach-logoblue.png","contentUrl":"https:\/\/www.miamibeachfl.gov\/wp-content\/uploads\/2022\/06\/miamibeach-logoblue.png","width":1962,"height":381,"caption":"City of Miami Beach"},"image":{"@id":"https:\/\/www.miamibeachfl.gov\/#\/schema\/logo\/image\/"},"sameAs":["https:\/\/www.facebook.com\/cityofmiamibeach","https:\/\/x.com\/Miamibeachnews","https:\/\/www.instagram.com\/miamibeachnews\/"],"description":"Site oficial da cidade de Miami Beach. Mantenha-se informado e encontre informa\u00e7\u00f5es importantes sobre servi\u00e7os municipais, not\u00edcias, alertas, eventos, rotas de bonde, empregos p\u00fablicos e muito mais.","telephone":"305.604.CITY(2489)","legalName":"City of Miami Beach"}]}},"_links":{"self":[{"href":"https:\/\/www.miamibeachfl.gov\/pt\/wp-json\/wp\/v2\/pages\/360126","targetHints":{"allow":["GET"]}}],"collection":[{"href":"https:\/\/www.miamibeachfl.gov\/pt\/wp-json\/wp\/v2\/pages"}],"about":[{"href":"https:\/\/www.miamibeachfl.gov\/pt\/wp-json\/wp\/v2\/types\/page"}],"author":[{"embeddable":true,"href":"https:\/\/www.miamibeachfl.gov\/pt\/wp-json\/wp\/v2\/users\/222"}],"replies":[{"embeddable":true,"href":"https:\/\/www.miamibeachfl.gov\/pt\/wp-json\/wp\/v2\/comments?post=360126"}],"version-history":[{"count":0,"href":"https:\/\/www.miamibeachfl.gov\/pt\/wp-json\/wp\/v2\/pages\/360126\/revisions"}],"up":[{"embeddable":true,"href":"https:\/\/www.miamibeachfl.gov\/pt\/wp-json\/wp\/v2\/pages\/395613"}],"wp:attachment":[{"href":"https:\/\/www.miamibeachfl.gov\/pt\/wp-json\/wp\/v2\/media?parent=360126"}],"wp:term":[{"taxonomy":"category","embeddable":true,"href":"https:\/\/www.miamibeachfl.gov\/pt\/wp-json\/wp\/v2\/categories?post=360126"},{"taxonomy":"post_tag","embeddable":true,"href":"https:\/\/www.miamibeachfl.gov\/pt\/wp-json\/wp\/v2\/tags?post=360126"}],"curies":[{"name":"wp","href":"https:\/\/api.w.org\/{rel}","templated":true}]}}