{"id":361996,"date":"2025-02-10T11:52:38","date_gmt":"2025-02-10T16:52:38","guid":{"rendered":"https:\/\/www.miamibeachfl.gov\/?page_id=361996"},"modified":"2026-03-05T13:36:25","modified_gmt":"2026-03-05T18:36:25","slug":"business-guide","status":"publish","type":"page","link":"https:\/\/www.miamibeachfl.gov\/pt\/business\/doing-business-with-mb\/business-concierge\/business-guide\/","title":{"rendered":"Guia de Neg\u00f3cios"},"content":{"rendered":"<h1>\n\t\t\tGuia de Recursos Empresariais\t<\/h1>\n\t<p>O Guia de Neg\u00f3cios de Miami Beach \u00e9 o seu recurso para iniciar, realocar ou expandir seu neg\u00f3cio em Miami Beach. Encontre informa\u00e7\u00f5es sobre zoneamento, licen\u00e7as, contatos de departamentos e muito mais.<\/p>\n\t<iframe allow=\"clipboard-write\" sandbox=\"allow-top-navigation allow-top-navigation-by-user-activation allow-downloads allow-scripts allow-same-origin allow-popups allow-modals allow-popups-to-escape-sandbox allow-forms\" allowfullscreen=\"true\" src=\"https:\/\/e.issuu.com\/embed.html?d=miami_beach_business_resource_guide&#038;u=cityofmiamibeach\"><\/iframe>\n<h2>\n\t\t\tInforma\u00e7\u00f5es \u00fateis\t<\/h2>\n\t<p><strong>Departamento de Planejamento e Zoneamento da Cidade de Miami Beach<\/strong><\/p>\nPode ser contatado sobre a solicita\u00e7\u00e3o de um Certificado de Uso, que certifica que sua empresa pode operar em uma zona espec\u00edfica que corresponde ao tipo de neg\u00f3cio.<br \/>\n<a href=\"https:\/\/www.miamibeachfl.gov\/pt\/city-hall\/planning\/\"><strong>miamibeachfl.gov\/city-hall\/planning<\/strong><\/a><br \/>\n<a href=\"tel:3056737550\"><strong>305.673.7550<\/strong><\/a>\n<p><strong>Departamento de Finan\u00e7as da Cidade de Miami Beach<\/strong><\/p>\nRespons\u00e1vel pela administra\u00e7\u00e3o dos recibos de imposto sobre empresas (BTRs). Para operar na cidade, \u00e9 necess\u00e1rio um BTR para cada estabelecimento comercial e para cada tipo de empresa.<br \/>\n<a href=\"https:\/\/www.miamibeachfl.gov\/pt\/city-hall\/finance\/business-tax-receipts-btr\/\"><strong>miamibeachfl.gov\/city-hall\/finance\/business-tax-recibos-btr<\/strong><\/a><br \/>\n<a href=\"tel:3056737466\"><strong>305.673.7466<\/strong><\/a>\n<p><strong>Licen\u00e7as de constru\u00e7\u00e3o da cidade de Miami Beach\u00a0<\/strong><\/p>\n<p>O Departamento de Constru\u00e7\u00e3o oferece uma variedade de licen\u00e7as dispon\u00edveis para tipos espec\u00edficos de neg\u00f3cios e uso <a href=\"https:\/\/www.miamibeachfl.gov\/pt\/city-hall\/building\/permits\/\"><strong>aqui<\/strong><\/a>.<\/p>\n<p><strong><a href=\"tel:3056737610\">305.673.7610<\/a><\/strong><\/p>\n<p><strong>Classifica\u00e7\u00e3o de Zoneamento da Cidade de Miami Beach\u00a0<\/strong><\/p>\n<p><strong><a href=\"http:\/\/miamibeachfl.gov\/wp-content\/uploads\/2019\/02\/zoning2019-2-14-2019.pdf\">Para consultar o zoneamento de um im\u00f3vel, consulte o mapa de zoneamento dispon\u00edvel aqui<\/a>.<\/strong><\/p>\n<p><strong>Zoneamento e solicita\u00e7\u00e3o de licen\u00e7a da cidade de Miami Beach\u00a0<\/strong><\/p>\n<p><strong><a href=\"http:\/\/miamibeachfl.gov\/wp-content\/uploads\/2018\/05\/P-Z-Permit-Application.pdf\">O zoneamento da cidade de Miami Beach e o pedido de permiss\u00e3o podem ser acessados aqui<\/a>.<\/strong><\/p>\n<p><strong>Carta de Verifica\u00e7\u00e3o de Zoneamento da Cidade de Miami Beach<\/strong><\/p>\n<p><a href=\"http:\/\/miamibeachfl.gov\/wp-content\/uploads\/2018\/05\/Zoning-Verification-Letter-Request.pdf\"><strong>Clique aqui<\/strong> para solicitar uma carta para verificar se o local da empresa e o propriet\u00e1rio atendem aos requisitos de zoneamento.<\/a><\/p>\n<p><strong>Conte\u00fado dos ocupantes da cidade de Miami Beach\u00a0<\/strong><\/p>\n<p>A cidade se esfor\u00e7a para garantir a prote\u00e7\u00e3o e a seguran\u00e7a de todos os seus habitantes. <a href=\"https:\/\/www.miamibeachfl.gov\/pt\/city-hall\/fire\/fire-prevention\/occupant-content\/\"><strong>Aplica\u00e7\u00e3o de conte\u00fado ocupante<\/strong><\/a> e inspe\u00e7\u00e3o s\u00e3o necess\u00e1rias antes de abrir seu neg\u00f3cio.<\/p>\n<p><strong><a href=\"tel:3056737123\">305.673.7123<\/a><\/strong><\/p>\n<p><strong>Certificado de Habita\u00e7\u00e3o <\/strong><\/p>\n<p>O Departamento de Obras da Cidade de Miami Beach \u00e9 respons\u00e1vel pela administra\u00e7\u00e3o do Certificado de Habita\u00e7\u00e3o. Uma vistoria pode ser necess\u00e1ria antes da abertura do seu neg\u00f3cio. <a href=\"https:\/\/www.miamibeachfl.gov\/pt\/building-certificate-of-occupancy-forms\/\"><strong>Veja o formul\u00e1rio aqui.<\/strong><\/a><\/p>\n<p><strong><a href=\"tel:3056737610\">305.673.7610<\/a><\/strong><\/p>\n<p><strong>Licen\u00e7as para estabelecimentos de alimenta\u00e7\u00e3o e hospedagem p\u00fablica <\/strong><\/p>\n<p>O Estado da Fl\u00f3rida exige que todos os futuros propriet\u00e1rios de restaurantes solicitem uma licen\u00e7a apropriada antes de poderem servir comida. <a href=\"http:\/\/myfloridalicense.com\/hotels-restaurants\/licensing\/general\"><strong>myfloridalicense.com\/hotels-restaurants\/licensing\/general<\/strong><\/a><\/p>","protected":false},"excerpt":{"rendered":"<p>Business Resource Guide The Miami Beach Business Guide is your resource to starting, relocating or growing your business in Miami [&hellip;]<\/p>\n","protected":false},"author":329,"featured_media":0,"parent":223013,"menu_order":0,"comment_status":"closed","ping_status":"closed","template":"","meta":{"_searchwp_excluded":"","site-sidebar-layout":"default","site-content-layout":"","ast-site-content-layout":"default","site-content-style":"default","site-sidebar-style":"default","ast-global-header-display":"","ast-banner-title-visibility":"","ast-main-header-display":"","ast-hfb-above-header-display":"","ast-hfb-below-header-display":"","ast-hfb-mobile-header-display":"","site-post-title":"","ast-breadcrumbs-content":"","ast-featured-img":"","footer-sml-layout":"","theme-transparent-header-meta":"","adv-header-id-meta":"","stick-header-meta":"","header-above-stick-meta":"","header-main-stick-meta":"","header-below-stick-meta":"","astra-migrate-meta-layouts":"default","ast-page-background-enabled":"default","ast-page-background-meta":{"desktop":{"background-color":"var(--ast-global-color-5)","background-image":"","background-repeat":"repeat","background-position":"center center","background-size":"auto","background-attachment":"scroll","background-type":"","background-media":"","overlay-type":"","overlay-color":"","overlay-opacity":"","overlay-gradient":""},"tablet":{"background-color":"","background-image":"","background-repeat":"repeat","background-position":"center center","background-size":"auto","background-attachment":"scroll","background-type":"","background-media":"","overlay-type":"","overlay-color":"","overlay-opacity":"","overlay-gradient":""},"mobile":{"background-color":"","background-image":"","background-repeat":"repeat","background-position":"center center","background-size":"auto","background-attachment":"scroll","background-type":"","background-media":"","overlay-type":"","overlay-color":"","overlay-opacity":"","overlay-gradient":""}},"ast-content-background-meta":{"desktop":{"background-color":"var(--ast-global-color-4)","background-image":"","background-repeat":"repeat","background-position":"center center","background-size":"auto","background-attachment":"scroll","background-type":"","background-media":"","overlay-type":"","overlay-color":"","overlay-opacity":"","overlay-gradient":""},"tablet":{"background-color":"var(--ast-global-color-4)","background-image":"","background-repeat":"repeat","background-position":"center center","background-size":"auto","background-attachment":"scroll","background-type":"","background-media":"","overlay-type":"","overlay-color":"","overlay-opacity":"","overlay-gradient":""},"mobile":{"background-color":"var(--ast-global-color-4)","background-image":"","background-repeat":"repeat","background-position":"center center","background-size":"auto","background-attachment":"scroll","background-type":"","background-media":"","overlay-type":"","overlay-color":"","overlay-opacity":"","overlay-gradient":""}},"footnotes":""},"categories":[],"tags":[],"class_list":["post-361996","page","type-page","status-publish","hentry"],"yoast_head":"<!-- This site is optimized with the Yoast SEO Premium plugin v27.4 (Yoast SEO v27.4) - https:\/\/yoast.com\/product\/yoast-seo-premium-wordpress\/ -->\n<title>Business Guide - City of Miami Beach<\/title>\n<meta name=\"description\" content=\"%\" \/>\n<meta name=\"robots\" content=\"index, follow, max-snippet:-1, max-image-preview:large, max-video-preview:-1\" \/>\n<link rel=\"canonical\" href=\"https:\/\/www.miamibeachfl.gov\/pt\/business\/doing-business-with-mb\/business-concierge\/business-guide\/\" \/>\n<meta property=\"og:locale\" content=\"pt_BR\" \/>\n<meta property=\"og:type\" content=\"article\" \/>\n<meta property=\"og:title\" content=\"Business Guide\" \/>\n<meta property=\"og:description\" content=\"%\" \/>\n<meta property=\"og:url\" content=\"https:\/\/www.miamibeachfl.gov\/pt\/business\/doing-business-with-mb\/business-concierge\/business-guide\/\" \/>\n<meta property=\"og:site_name\" content=\"City of Miami Beach\" \/>\n<meta property=\"article:publisher\" content=\"https:\/\/www.facebook.com\/cityofmiamibeach\" \/>\n<meta property=\"article:modified_time\" content=\"2026-03-05T18:36:25+00:00\" \/>\n<meta property=\"og:image\" content=\"https:\/\/www.miamibeachfl.gov\/wp-content\/uploads\/2024\/01\/1000pxSquare-miamibeach-aerial-southpointview.jpeg\" \/>\n\t<meta property=\"og:image:width\" content=\"1000\" \/>\n\t<meta property=\"og:image:height\" content=\"1000\" \/>\n\t<meta property=\"og:image:type\" content=\"image\/jpeg\" \/>\n<meta name=\"twitter:card\" content=\"summary_large_image\" \/>\n<meta name=\"twitter:site\" content=\"@Miamibeachnews\" \/>\n<script type=\"application\/ld+json\" class=\"yoast-schema-graph\">{\"@context\":\"https:\\\/\\\/schema.org\",\"@graph\":[{\"@type\":\"WebPage\",\"@id\":\"https:\\\/\\\/www.miamibeachfl.gov\\\/business\\\/doing-business-with-mb\\\/business-concierge\\\/business-guide\\\/\",\"url\":\"https:\\\/\\\/www.miamibeachfl.gov\\\/business\\\/doing-business-with-mb\\\/business-concierge\\\/business-guide\\\/\",\"name\":\"Business Guide - City of Miami Beach\",\"isPartOf\":{\"@id\":\"https:\\\/\\\/www.miamibeachfl.gov\\\/#website\"},\"datePublished\":\"2025-02-10T16:52:38+00:00\",\"dateModified\":\"2026-03-05T18:36:25+00:00\",\"description\":\"%\",\"breadcrumb\":{\"@id\":\"https:\\\/\\\/www.miamibeachfl.gov\\\/business\\\/doing-business-with-mb\\\/business-concierge\\\/business-guide\\\/#breadcrumb\"},\"inLanguage\":\"pt-BR\",\"potentialAction\":[{\"@type\":\"ReadAction\",\"target\":[\"https:\\\/\\\/www.miamibeachfl.gov\\\/business\\\/doing-business-with-mb\\\/business-concierge\\\/business-guide\\\/\"]}]},{\"@type\":\"BreadcrumbList\",\"@id\":\"https:\\\/\\\/www.miamibeachfl.gov\\\/business\\\/doing-business-with-mb\\\/business-concierge\\\/business-guide\\\/#breadcrumb\",\"itemListElement\":[{\"@type\":\"ListItem\",\"position\":1,\"name\":\"Home\",\"item\":\"https:\\\/\\\/www.miamibeachfl.gov\\\/\"},{\"@type\":\"ListItem\",\"position\":2,\"name\":\"Business\",\"item\":\"https:\\\/\\\/www.miamibeachfl.gov\\\/business\\\/\"},{\"@type\":\"ListItem\",\"position\":3,\"name\":\"Doing Business with MB\",\"item\":\"https:\\\/\\\/www.miamibeachfl.gov\\\/business\\\/doing-business-with-mb\\\/\"},{\"@type\":\"ListItem\",\"position\":4,\"name\":\"Business Concierge\",\"item\":\"https:\\\/\\\/www.miamibeachfl.gov\\\/business\\\/doing-business-with-mb\\\/business-concierge\\\/\"},{\"@type\":\"ListItem\",\"position\":5,\"name\":\"Business Guide\"}]},{\"@type\":\"WebSite\",\"@id\":\"https:\\\/\\\/www.miamibeachfl.gov\\\/#website\",\"url\":\"https:\\\/\\\/www.miamibeachfl.gov\\\/\",\"name\":\"City of Miami Beach\",\"description\":\"The official website of the City of Miami Beach. Stay informed, find important information on city services, news, alerts, events, trolley routes, government employment and more.\",\"publisher\":{\"@id\":\"https:\\\/\\\/www.miamibeachfl.gov\\\/#organization\"},\"potentialAction\":[{\"@type\":\"SearchAction\",\"target\":{\"@type\":\"EntryPoint\",\"urlTemplate\":\"https:\\\/\\\/www.miamibeachfl.gov\\\/?s={search_term_string}\"},\"query-input\":{\"@type\":\"PropertyValueSpecification\",\"valueRequired\":true,\"valueName\":\"search_term_string\"}}],\"inLanguage\":\"pt-BR\"},{\"@type\":\"Organization\",\"@id\":\"https:\\\/\\\/www.miamibeachfl.gov\\\/#organization\",\"name\":\"City of Miami Beach\",\"url\":\"https:\\\/\\\/www.miamibeachfl.gov\\\/\",\"logo\":{\"@type\":\"ImageObject\",\"inLanguage\":\"pt-BR\",\"@id\":\"https:\\\/\\\/www.miamibeachfl.gov\\\/#\\\/schema\\\/logo\\\/image\\\/\",\"url\":\"https:\\\/\\\/www.miamibeachfl.gov\\\/wp-content\\\/uploads\\\/2022\\\/06\\\/miamibeach-logoblue.png\",\"contentUrl\":\"https:\\\/\\\/www.miamibeachfl.gov\\\/wp-content\\\/uploads\\\/2022\\\/06\\\/miamibeach-logoblue.png\",\"width\":1962,\"height\":381,\"caption\":\"City of Miami Beach\"},\"image\":{\"@id\":\"https:\\\/\\\/www.miamibeachfl.gov\\\/#\\\/schema\\\/logo\\\/image\\\/\"},\"sameAs\":[\"https:\\\/\\\/www.facebook.com\\\/cityofmiamibeach\",\"https:\\\/\\\/x.com\\\/Miamibeachnews\",\"https:\\\/\\\/www.instagram.com\\\/miamibeachnews\\\/\"],\"description\":\"The official website of the City of Miami Beach. Stay informed, find important information on city services, news, alerts, events, trolley routes, government employment and more.\",\"telephone\":\"305.604.CITY(2489)\",\"legalName\":\"City of Miami Beach\"}]}<\/script>\n<!-- \/ Yoast SEO Premium plugin. -->","yoast_head_json":{"title":"Guia de Neg\u00f3cios - Cidade de Miami Beach","description":"%","robots":{"index":"index","follow":"follow","max-snippet":"max-snippet:-1","max-image-preview":"max-image-preview:large","max-video-preview":"max-video-preview:-1"},"canonical":"https:\/\/www.miamibeachfl.gov\/pt\/business\/doing-business-with-mb\/business-concierge\/business-guide\/","og_locale":"pt_BR","og_type":"article","og_title":"Business Guide","og_description":"%","og_url":"https:\/\/www.miamibeachfl.gov\/pt\/business\/doing-business-with-mb\/business-concierge\/business-guide\/","og_site_name":"City of Miami Beach","article_publisher":"https:\/\/www.facebook.com\/cityofmiamibeach","article_modified_time":"2026-03-05T18:36:25+00:00","og_image":[{"width":1000,"height":1000,"url":"https:\/\/www.miamibeachfl.gov\/wp-content\/uploads\/2024\/01\/1000pxSquare-miamibeach-aerial-southpointview.jpeg","type":"image\/jpeg"}],"twitter_card":"summary_large_image","twitter_site":"@Miamibeachnews","schema":{"@context":"https:\/\/schema.org","@graph":[{"@type":"WebPage","@id":"https:\/\/www.miamibeachfl.gov\/business\/doing-business-with-mb\/business-concierge\/business-guide\/","url":"https:\/\/www.miamibeachfl.gov\/business\/doing-business-with-mb\/business-concierge\/business-guide\/","name":"Guia de Neg\u00f3cios - Cidade de Miami Beach","isPartOf":{"@id":"https:\/\/www.miamibeachfl.gov\/#website"},"datePublished":"2025-02-10T16:52:38+00:00","dateModified":"2026-03-05T18:36:25+00:00","description":"%","breadcrumb":{"@id":"https:\/\/www.miamibeachfl.gov\/business\/doing-business-with-mb\/business-concierge\/business-guide\/#breadcrumb"},"inLanguage":"pt-BR","potentialAction":[{"@type":"ReadAction","target":["https:\/\/www.miamibeachfl.gov\/business\/doing-business-with-mb\/business-concierge\/business-guide\/"]}]},{"@type":"BreadcrumbList","@id":"https:\/\/www.miamibeachfl.gov\/business\/doing-business-with-mb\/business-concierge\/business-guide\/#breadcrumb","itemListElement":[{"@type":"ListItem","position":1,"name":"Home","item":"https:\/\/www.miamibeachfl.gov\/"},{"@type":"ListItem","position":2,"name":"Business","item":"https:\/\/www.miamibeachfl.gov\/business\/"},{"@type":"ListItem","position":3,"name":"Doing Business with MB","item":"https:\/\/www.miamibeachfl.gov\/business\/doing-business-with-mb\/"},{"@type":"ListItem","position":4,"name":"Business Concierge","item":"https:\/\/www.miamibeachfl.gov\/business\/doing-business-with-mb\/business-concierge\/"},{"@type":"ListItem","position":5,"name":"Business Guide"}]},{"@type":"WebSite","@id":"https:\/\/www.miamibeachfl.gov\/#website","url":"https:\/\/www.miamibeachfl.gov\/","name":"Cidade de Miami Beach","description":"Site oficial da cidade de Miami Beach. Mantenha-se informado e encontre informa\u00e7\u00f5es importantes sobre servi\u00e7os municipais, not\u00edcias, alertas, eventos, rotas de bonde, empregos p\u00fablicos e muito mais.","publisher":{"@id":"https:\/\/www.miamibeachfl.gov\/#organization"},"potentialAction":[{"@type":"SearchAction","target":{"@type":"EntryPoint","urlTemplate":"https:\/\/www.miamibeachfl.gov\/?s={search_term_string}"},"query-input":{"@type":"PropertyValueSpecification","valueRequired":true,"valueName":"search_term_string"}}],"inLanguage":"pt-BR"},{"@type":"Organization","@id":"https:\/\/www.miamibeachfl.gov\/#organization","name":"Cidade de Miami Beach","url":"https:\/\/www.miamibeachfl.gov\/","logo":{"@type":"ImageObject","inLanguage":"pt-BR","@id":"https:\/\/www.miamibeachfl.gov\/#\/schema\/logo\/image\/","url":"https:\/\/www.miamibeachfl.gov\/wp-content\/uploads\/2022\/06\/miamibeach-logoblue.png","contentUrl":"https:\/\/www.miamibeachfl.gov\/wp-content\/uploads\/2022\/06\/miamibeach-logoblue.png","width":1962,"height":381,"caption":"City of Miami Beach"},"image":{"@id":"https:\/\/www.miamibeachfl.gov\/#\/schema\/logo\/image\/"},"sameAs":["https:\/\/www.facebook.com\/cityofmiamibeach","https:\/\/x.com\/Miamibeachnews","https:\/\/www.instagram.com\/miamibeachnews\/"],"description":"Site oficial da cidade de Miami Beach. Mantenha-se informado e encontre informa\u00e7\u00f5es importantes sobre servi\u00e7os municipais, not\u00edcias, alertas, eventos, rotas de bonde, empregos p\u00fablicos e muito mais.","telephone":"305.604.CITY(2489)","legalName":"City of Miami Beach"}]}},"_links":{"self":[{"href":"https:\/\/www.miamibeachfl.gov\/pt\/wp-json\/wp\/v2\/pages\/361996","targetHints":{"allow":["GET"]}}],"collection":[{"href":"https:\/\/www.miamibeachfl.gov\/pt\/wp-json\/wp\/v2\/pages"}],"about":[{"href":"https:\/\/www.miamibeachfl.gov\/pt\/wp-json\/wp\/v2\/types\/page"}],"author":[{"embeddable":true,"href":"https:\/\/www.miamibeachfl.gov\/pt\/wp-json\/wp\/v2\/users\/329"}],"replies":[{"embeddable":true,"href":"https:\/\/www.miamibeachfl.gov\/pt\/wp-json\/wp\/v2\/comments?post=361996"}],"version-history":[{"count":2,"href":"https:\/\/www.miamibeachfl.gov\/pt\/wp-json\/wp\/v2\/pages\/361996\/revisions"}],"predecessor-version":[{"id":388022,"href":"https:\/\/www.miamibeachfl.gov\/pt\/wp-json\/wp\/v2\/pages\/361996\/revisions\/388022"}],"up":[{"embeddable":true,"href":"https:\/\/www.miamibeachfl.gov\/pt\/wp-json\/wp\/v2\/pages\/223013"}],"wp:attachment":[{"href":"https:\/\/www.miamibeachfl.gov\/pt\/wp-json\/wp\/v2\/media?parent=361996"}],"wp:term":[{"taxonomy":"category","embeddable":true,"href":"https:\/\/www.miamibeachfl.gov\/pt\/wp-json\/wp\/v2\/categories?post=361996"},{"taxonomy":"post_tag","embeddable":true,"href":"https:\/\/www.miamibeachfl.gov\/pt\/wp-json\/wp\/v2\/tags?post=361996"}],"curies":[{"name":"wp","href":"https:\/\/api.w.org\/{rel}","templated":true}]}}