{"id":362357,"date":"2025-02-13T08:02:50","date_gmt":"2025-02-13T13:02:50","guid":{"rendered":"https:\/\/www.miamibeachfl.gov\/?page_id=362357"},"modified":"2026-02-10T12:16:26","modified_gmt":"2026-02-10T17:16:26","slug":"giveawayterms","status":"publish","type":"page","link":"https:\/\/www.miamibeachfl.gov\/pt\/giveawayterms\/","title":{"rendered":"Termos do sorteio do concurso de m\u00eddia social de Miami Beach"},"content":{"rendered":"<h1>\n\t\t\tConcurso de m\u00eddia social Miami Beach X SOBEWFF\u00ae\t<\/h1>\n\t<p>The City of Miami Beach has launched a social media drawing for SOBEWFF\u00ae via our Instagram channel asking followers to complete the steps outlined below to be entered into a draw to win two (2) General Admission tickets to the SOBEWFF\u00ae Goya Foods&#8217; Grand Tasting Village on Sunday, February 22, 2026.<\/p>\n<p>Somente um ganhador ser\u00e1 selecionado para o pr\u00eamio de 2 bilhetes.<\/p>\n<h3>\n\t\t\tCanal: Instagram @miamibeachnews\t<\/h3>\n\t<blockquote data-instgrm-permalink=\"https:\/\/www.instagram.com\/miamibeachnews\/?utm_source=ig_embed&amp;utm_campaign=loading\" data-instgrm-version=\"14\"> <a href=\"https:\/\/www.instagram.com\/miamibeachnews\/?utm_source=ig_embed&amp;utm_campaign=loading\" target=\"_blank\">       Ver este perfil no Instagram            <\/a><p><a href=\"https:\/\/www.instagram.com\/miamibeachnews\/?utm_source=ig_embed&amp;utm_campaign=loading\" target=\"_blank\">Cidade de Miami Beach<\/a> (@<a href=\"https:\/\/www.instagram.com\/miamibeachnews\/?utm_source=ig_embed&amp;utm_campaign=loading\" target=\"_blank\">not\u00edcias de miamibeach<\/a>) \u2022 Fotos e v\u00eddeos do Instagram<\/p><\/blockquote>\n<h3>\n\t\t\tComo funcionar\u00e1:\t<\/h3>\n\t<p>One entry per person per social media channel. The contest for this prize is being promoted on Instagram. Fraudulent methods of entry or circumvention of the rules may result in the City of Miami Beach invalidating a participant&#8217;s entries.<\/p>\n<h3>\n\t\t\tPassos para participar do concurso no Instagram:\t<\/h3>\n\t<ol>\n<li>Siga-nos no Instagram @miamibeachnews e @sobewff<\/li>\n<li>Share this post on your story using the hashtag #MiamiBeachGiveaway. (Don&#8217;t forget to tag us!)<\/li>\n<li>Tag the person you&#8217;d bring with you to the event in the comments on the Instagram post.<\/li>\n<\/ol>\n\t<ol>\n<li><strong>Elegibilidade<\/strong><br \/>\nMust be 21 years or older to be eligible for the contest. Must complete all steps for contest to be eligible for random drawing. City of Miami Beach subsidiaries, affiliates, suppliers, advertising and promotion agencies, employees&#8217; and immediate family members are ineligible participate in the contest\/giveaway. Void where prohibited by law.<\/li>\n<li><strong>Patroc\u00ednio<\/strong><br \/>\nConcurso promovido pela cidade de Miami Beach, localizada em 1700 Convention Ctr Dr, Miami Beach, FL 33139, com pr\u00eamio doado pela SOBEWFF\u00ae, localizada na Chaplin School of Hospitality &amp; Tourism Management, Biscayne Bay Campus, 3000 NE 151st Street, North Miami, FL 33181.<\/li>\n<li><strong>Acordo com as Regras<\/strong><br \/>\nBy entering your contest, participants agree to abide by the City of Miami Beach&#8217;s Official Rules and decisions. Miami Beach reserves the right to refuse, withdraw, or disqualify entries at our sole discretion. By entering this contest participants agree to accept the decision of the Sponsor as final and binding.<\/li>\n<li><strong>Per\u00edodo de entrada<\/strong><br \/>\n\u2022 The SOBEWFF\u00ae Goya Foods&#8217; Grand Tasting Village &#8211; Sunday, February 22, 2026, promotion will run from Tuesday, February 10, 2026 at 12:30 p.m. EST through Wednesday, February 11, 2026 at 12:30 p.m. EST.<\/li>\n<li><strong>Pr\u00eamio<\/strong><br \/>\nOnly one person will be awarded the prize. This prize is not transferable. Acceptance of this prize grants the City of Miami Beach permission to use the winner&#8217;s entry, name, and likeness for advertising, promotion, and trade without further compensation or remuneration unless prohibited by law.<br \/>\n\u2022 One winner will receive a 2 pack of General Admission tickets to the Sunday, February 22, 2026 SOBEWFF\u00ae Goya Foods&#8217; Grand Tasting Village, which is valued at approximately $558.<\/li>\n<li><strong>Chances<\/strong><br \/>\nAs chances de ganhar dependem do n\u00famero de inscri\u00e7\u00f5es qualificadas recebidas.<\/li>\n<li><strong>Sele\u00e7\u00e3o e Notifica\u00e7\u00e3o do Vencedor<\/strong><br \/>\nOs vencedores ser\u00e3o selecionados por meio de sorteio aleat\u00f3rio sob a supervis\u00e3o da Prefeitura de Miami Beach. Os vencedores ser\u00e3o notificados no dia do t\u00e9rmino do concurso por meio de uma mensagem direta no Instagram e, em seguida, por e-mail. Os vencedores precisar\u00e3o reivindicar seu pr\u00eamio, que poder\u00e1 ser perdido caso n\u00e3o respondam em at\u00e9 24 horas. A Prefeitura de Miami Beach n\u00e3o se responsabiliza pela falta de notifica\u00e7\u00e3o do vencedor caso ele tenha se inscrito no concurso em uma conta que n\u00e3o esteja funcionando no momento da notifica\u00e7\u00e3o do pr\u00eamio. O recebimento do pr\u00eamio est\u00e1 sujeito \u00e0 conformidade com as leis federais, estaduais e locais, etc.<\/li>\n<li><strong>Direitos concedidos pelo participante<\/strong><br \/>\nAo enviar uma inscri\u00e7\u00e3o para o sorteio ou concurso, a Cidade de Miami Beach tem o direito de usar a inscri\u00e7\u00e3o, voz, imagem, declara\u00e7\u00f5es do participante sobre o concurso, etc., para publicidade, not\u00edcias, propaganda, fins promocionais, comerciais e assim por diante, sem qualquer aviso pr\u00e9vio, revis\u00e3o, consentimento, compensa\u00e7\u00e3o ou remunera\u00e7\u00e3o. As inscri\u00e7\u00f5es devem ser trabalhos originais e n\u00e3o violar direitos de propriedade intelectual ou de propriedade de terceiros. Consequ\u00eancias para inscri\u00e7\u00f5es que infrinjam os direitos de propriedade intelectual de terceiros resultar\u00e3o na desqualifica\u00e7\u00e3o do participante.<\/li>\n<li><strong>Termos e Condi\u00e7\u00f5es<\/strong><br \/>\nA Cidade de Miami Beach reserva-se o direito de modificar, suspender, cancelar ou encerrar este sorteio caso interven\u00e7\u00e3o humana n\u00e3o autorizada, bug ou v\u00edrus, fraude ou outras causas fora do controle da Cidade de Miami Beach afetem ou corrompam a seguran\u00e7a, a imparcialidade, a conduta adequada ou a administra\u00e7\u00e3o do concurso\/sorteio. A Cidade de Miami Beach reserva-se o direito de desqualificar qualquer pessoa que viole os termos, bem como o direito de buscar indeniza\u00e7\u00e3o na extens\u00e3o m\u00e1xima permitida por lei nos casos em que um participante tenha causado danos deliberados ou prejudicado a opera\u00e7\u00e3o legal da promo\u00e7\u00e3o.<\/li>\n<li><strong>Limita\u00e7\u00e3o de responsabilidade<\/strong><br \/>\nParticipant&#8217;s entry into this giveaway constitutes his or her agreement to release and hold harmless the City of Miami Beach and its subsidiaries, affiliates, employees, etc., against all claims liability, illness, injury, death, loss, etc., that occurs directly or indirectly from participation in the contest or use\/misuse of the awarded prize.<\/li>\n<li><strong>Disputas<\/strong><br \/>\nO participante concorda, como condi\u00e7\u00e3o para participar da promo\u00e7\u00e3o, que disputas n\u00e3o resolvidas entre ele e a Cidade de Miami Beach ser\u00e3o resolvidas individualmente e exclusivamente perante um tribunal localizado no Estado da Fl\u00f3rida, sem recorrer a qualquer forma de a\u00e7\u00e3o coletiva. Os participantes renunciam a todos os direitos a danos punitivos, incidentais ou consequenciais, bem como a todos os direitos de ter os danos multiplicados ou aumentados.<\/li>\n<li><strong>pol\u00edtica de Privacidade<\/strong><br \/>\nQualquer informa\u00e7\u00e3o compartilhada est\u00e1 sujeita \u00e0 pol\u00edtica de privacidade da cidade de Miami Beach (https:\/\/www.miamibeachfl.gov\/policies-disclaimers\/).<\/li>\n<li><strong>Lista de vencedores<\/strong><br \/>\nOs participantes podem solicitar uma c\u00f3pia da lista de vencedores entrando em contato com MadisonBrown@miamibeachfl.gov.<\/li>\n<li><strong>Regras da plataforma de m\u00eddia social<\/strong><br \/>\nO sorteio de ingressos para o SOBEWFF\u00ae promovido pela cidade de Miami Beach n\u00e3o \u00e9 de forma alguma patrocinado, endossado, administrado ou associado ao SOBEWFF\u00ae ou ao Instagram.<\/li>\n<li><strong>Afirma\u00e7\u00e3o de aceita\u00e7\u00e3o e concord\u00e2ncia com todas as regras oficiais<\/strong><br \/>\nAo participar do concurso, o participante revisou, aceitou e concordou afirmativamente com todos os termos e condi\u00e7\u00f5es acima.<\/li>\n<\/ol>","protected":false},"excerpt":{"rendered":"<p>Concurso de m\u00eddia social Miami Beach X SOBEWFF\u00ae A cidade de Miami Beach lan\u00e7ou um sorteio de m\u00eddia social para SOBEWFF\u00ae [\u2026]<\/p>","protected":false},"author":222,"featured_media":0,"parent":0,"menu_order":13,"comment_status":"closed","ping_status":"closed","template":"","meta":{"_searchwp_excluded":"","site-sidebar-layout":"default","site-content-layout":"","ast-site-content-layout":"default","site-content-style":"default","site-sidebar-style":"default","ast-global-header-display":"","ast-banner-title-visibility":"","ast-main-header-display":"","ast-hfb-above-header-display":"","ast-hfb-below-header-display":"","ast-hfb-mobile-header-display":"","site-post-title":"","ast-breadcrumbs-content":"","ast-featured-img":"","footer-sml-layout":"","theme-transparent-header-meta":"","adv-header-id-meta":"","stick-header-meta":"","header-above-stick-meta":"","header-main-stick-meta":"","header-below-stick-meta":"","astra-migrate-meta-layouts":"default","ast-page-background-enabled":"default","ast-page-background-meta":{"desktop":{"background-color":"var(--ast-global-color-5)","background-image":"","background-repeat":"repeat","background-position":"center center","background-size":"auto","background-attachment":"scroll","background-type":"","background-media":"","overlay-type":"","overlay-color":"","overlay-opacity":"","overlay-gradient":""},"tablet":{"background-color":"","background-image":"","background-repeat":"repeat","background-position":"center center","background-size":"auto","background-attachment":"scroll","background-type":"","background-media":"","overlay-type":"","overlay-color":"","overlay-opacity":"","overlay-gradient":""},"mobile":{"background-color":"","background-image":"","background-repeat":"repeat","background-position":"center center","background-size":"auto","background-attachment":"scroll","background-type":"","background-media":"","overlay-type":"","overlay-color":"","overlay-opacity":"","overlay-gradient":""}},"ast-content-background-meta":{"desktop":{"background-color":"var(--ast-global-color-4)","background-image":"","background-repeat":"repeat","background-position":"center center","background-size":"auto","background-attachment":"scroll","background-type":"","background-media":"","overlay-type":"","overlay-color":"","overlay-opacity":"","overlay-gradient":""},"tablet":{"background-color":"var(--ast-global-color-4)","background-image":"","background-repeat":"repeat","background-position":"center center","background-size":"auto","background-attachment":"scroll","background-type":"","background-media":"","overlay-type":"","overlay-color":"","overlay-opacity":"","overlay-gradient":""},"mobile":{"background-color":"var(--ast-global-color-4)","background-image":"","background-repeat":"repeat","background-position":"center center","background-size":"auto","background-attachment":"scroll","background-type":"","background-media":"","overlay-type":"","overlay-color":"","overlay-opacity":"","overlay-gradient":""}},"footnotes":""},"categories":[1],"tags":[],"class_list":["post-362357","page","type-page","status-publish","hentry","category-uncategorized"],"yoast_head":"<!-- This site is optimized with the Yoast SEO Premium plugin v26.6 (Yoast SEO v26.6) - https:\/\/yoast.com\/wordpress\/plugins\/seo\/ -->\n<title>Miami Beach Social Media Contest Giveaway Terms - City of Miami Beach<\/title>\n<meta name=\"description\" content=\"The City of Miami Beach has launched a social media drawing for SOBEWFF\u00ae via our Instagram channel asking followers to complete the steps outlined below to be entered into a draw to win two (2) General Admission tickets to the SOBEWFF\u00ae Goya Foods&#039; Grand Tasting Village- 2\/23\/25.\" \/>\n<meta name=\"robots\" content=\"index, follow, max-snippet:-1, max-image-preview:large, max-video-preview:-1\" \/>\n<link rel=\"canonical\" href=\"https:\/\/www.miamibeachfl.gov\/pt\/giveawayterms\/\" \/>\n<meta property=\"og:locale\" content=\"pt_BR\" \/>\n<meta property=\"og:type\" content=\"article\" \/>\n<meta property=\"og:title\" content=\"Miami Beach Social Media Contest Giveaway Terms\" \/>\n<meta property=\"og:description\" content=\"The City of Miami Beach has launched a social media drawing for SOBEWFF\u00ae via our Instagram channel asking followers to complete the steps outlined below to be entered into a draw to win two (2) General Admission tickets to the SOBEWFF\u00ae Goya Foods&#039; Grand Tasting Village- 2\/23\/25.\" \/>\n<meta property=\"og:url\" content=\"https:\/\/www.miamibeachfl.gov\/pt\/giveawayterms\/\" \/>\n<meta property=\"og:site_name\" content=\"City of Miami Beach\" \/>\n<meta property=\"article:publisher\" content=\"https:\/\/www.facebook.com\/cityofmiamibeach\" \/>\n<meta property=\"article:modified_time\" content=\"2026-02-10T17:16:26+00:00\" \/>\n<meta property=\"og:image\" content=\"https:\/\/www.miamibeachfl.gov\/wp-content\/uploads\/2024\/01\/1000pxSquare-miamibeach-aerial-southpointview.jpeg\" \/>\n\t<meta property=\"og:image:width\" content=\"1000\" \/>\n\t<meta property=\"og:image:height\" content=\"1000\" \/>\n\t<meta property=\"og:image:type\" content=\"image\/jpeg\" \/>\n<meta name=\"twitter:card\" content=\"summary_large_image\" \/>\n<meta name=\"twitter:site\" content=\"@Miamibeachnews\" \/>\n<script type=\"application\/ld+json\" class=\"yoast-schema-graph\">{\"@context\":\"https:\/\/schema.org\",\"@graph\":[{\"@type\":\"WebPage\",\"@id\":\"https:\/\/www.miamibeachfl.gov\/giveawayterms\/\",\"url\":\"https:\/\/www.miamibeachfl.gov\/giveawayterms\/\",\"name\":\"Miami Beach Social Media Contest Giveaway Terms - City of Miami Beach\",\"isPartOf\":{\"@id\":\"https:\/\/www.miamibeachfl.gov\/#website\"},\"datePublished\":\"2025-02-13T13:02:50+00:00\",\"dateModified\":\"2026-02-10T17:16:26+00:00\",\"description\":\"The City of Miami Beach has launched a social media drawing for SOBEWFF\u00ae via our Instagram channel asking followers to complete the steps outlined below to be entered into a draw to win two (2) General Admission tickets to the SOBEWFF\u00ae Goya Foods' Grand Tasting Village- 2\/23\/25.\",\"breadcrumb\":{\"@id\":\"https:\/\/www.miamibeachfl.gov\/giveawayterms\/#breadcrumb\"},\"inLanguage\":\"pt-BR\",\"potentialAction\":[{\"@type\":\"ReadAction\",\"target\":[\"https:\/\/www.miamibeachfl.gov\/giveawayterms\/\"]}]},{\"@type\":\"BreadcrumbList\",\"@id\":\"https:\/\/www.miamibeachfl.gov\/giveawayterms\/#breadcrumb\",\"itemListElement\":[{\"@type\":\"ListItem\",\"position\":1,\"name\":\"Home\",\"item\":\"https:\/\/www.miamibeachfl.gov\/\"},{\"@type\":\"ListItem\",\"position\":2,\"name\":\"Miami Beach Social Media Contest Giveaway Terms\"}]},{\"@type\":\"WebSite\",\"@id\":\"https:\/\/www.miamibeachfl.gov\/#website\",\"url\":\"https:\/\/www.miamibeachfl.gov\/\",\"name\":\"City of Miami Beach\",\"description\":\"The official website of the City of Miami Beach. Stay informed, find important information on city services, news, alerts, events, trolley routes, government employment and more.\",\"publisher\":{\"@id\":\"https:\/\/www.miamibeachfl.gov\/#organization\"},\"potentialAction\":[{\"@type\":\"SearchAction\",\"target\":{\"@type\":\"EntryPoint\",\"urlTemplate\":\"https:\/\/www.miamibeachfl.gov\/?s={search_term_string}\"},\"query-input\":{\"@type\":\"PropertyValueSpecification\",\"valueRequired\":true,\"valueName\":\"search_term_string\"}}],\"inLanguage\":\"pt-BR\"},{\"@type\":\"Organization\",\"@id\":\"https:\/\/www.miamibeachfl.gov\/#organization\",\"name\":\"City of Miami Beach\",\"url\":\"https:\/\/www.miamibeachfl.gov\/\",\"logo\":{\"@type\":\"ImageObject\",\"inLanguage\":\"pt-BR\",\"@id\":\"https:\/\/www.miamibeachfl.gov\/#\/schema\/logo\/image\/\",\"url\":\"https:\/\/www.miamibeachfl.gov\/wp-content\/uploads\/2022\/06\/miamibeach-logoblue.png\",\"contentUrl\":\"https:\/\/www.miamibeachfl.gov\/wp-content\/uploads\/2022\/06\/miamibeach-logoblue.png\",\"width\":1962,\"height\":381,\"caption\":\"City of Miami Beach\"},\"image\":{\"@id\":\"https:\/\/www.miamibeachfl.gov\/#\/schema\/logo\/image\/\"},\"sameAs\":[\"https:\/\/www.facebook.com\/cityofmiamibeach\",\"https:\/\/x.com\/Miamibeachnews\",\"https:\/\/www.instagram.com\/miamibeachnews\/\"],\"description\":\"The official website of the City of Miami Beach. Stay informed, find important information on city services, news, alerts, events, trolley routes, government employment and more.\",\"telephone\":\"305.604.CITY(2489)\",\"legalName\":\"City of Miami Beach\"}]}<\/script>\n<!-- \/ Yoast SEO Premium plugin. -->","yoast_head_json":{"title":"Termos de distribui\u00e7\u00e3o do concurso de m\u00eddia social de Miami Beach - Cidade de Miami Beach","description":"A cidade de Miami Beach lan\u00e7ou um sorteio de m\u00eddia social para o SOBEWFF\u00ae por meio do nosso canal do Instagram, pedindo aos seguidores que concluam as etapas descritas abaixo para participar de um sorteio para ganhar dois (2) ingressos de admiss\u00e3o geral para o SOBEWFF\u00ae Goya Foods&#039; Grand Tasting Village - 23\/02\/25.","robots":{"index":"index","follow":"follow","max-snippet":"max-snippet:-1","max-image-preview":"max-image-preview:large","max-video-preview":"max-video-preview:-1"},"canonical":"https:\/\/www.miamibeachfl.gov\/pt\/giveawayterms\/","og_locale":"pt_BR","og_type":"article","og_title":"Miami Beach Social Media Contest Giveaway Terms","og_description":"The City of Miami Beach has launched a social media drawing for SOBEWFF\u00ae via our Instagram channel asking followers to complete the steps outlined below to be entered into a draw to win two (2) General Admission tickets to the SOBEWFF\u00ae Goya Foods' Grand Tasting Village- 2\/23\/25.","og_url":"https:\/\/www.miamibeachfl.gov\/pt\/giveawayterms\/","og_site_name":"City of Miami Beach","article_publisher":"https:\/\/www.facebook.com\/cityofmiamibeach","article_modified_time":"2026-02-10T17:16:26+00:00","og_image":[{"width":1000,"height":1000,"url":"https:\/\/www.miamibeachfl.gov\/wp-content\/uploads\/2024\/01\/1000pxSquare-miamibeach-aerial-southpointview.jpeg","type":"image\/jpeg"}],"twitter_card":"summary_large_image","twitter_site":"@Miamibeachnews","schema":{"@context":"https:\/\/schema.org","@graph":[{"@type":"WebPage","@id":"https:\/\/www.miamibeachfl.gov\/giveawayterms\/","url":"https:\/\/www.miamibeachfl.gov\/giveawayterms\/","name":"Termos de distribui\u00e7\u00e3o do concurso de m\u00eddia social de Miami Beach - Cidade de Miami Beach","isPartOf":{"@id":"https:\/\/www.miamibeachfl.gov\/#website"},"datePublished":"2025-02-13T13:02:50+00:00","dateModified":"2026-02-10T17:16:26+00:00","description":"A cidade de Miami Beach lan\u00e7ou um sorteio de m\u00eddia social para o SOBEWFF\u00ae por meio do nosso canal do Instagram, pedindo aos seguidores que concluam as etapas descritas abaixo para participar de um sorteio para ganhar dois (2) ingressos de admiss\u00e3o geral para o SOBEWFF\u00ae Goya Foods&#039; Grand Tasting Village - 23\/02\/25.","breadcrumb":{"@id":"https:\/\/www.miamibeachfl.gov\/giveawayterms\/#breadcrumb"},"inLanguage":"pt-BR","potentialAction":[{"@type":"ReadAction","target":["https:\/\/www.miamibeachfl.gov\/giveawayterms\/"]}]},{"@type":"BreadcrumbList","@id":"https:\/\/www.miamibeachfl.gov\/giveawayterms\/#breadcrumb","itemListElement":[{"@type":"ListItem","position":1,"name":"Home","item":"https:\/\/www.miamibeachfl.gov\/"},{"@type":"ListItem","position":2,"name":"Miami Beach Social Media Contest Giveaway Terms"}]},{"@type":"WebSite","@id":"https:\/\/www.miamibeachfl.gov\/#website","url":"https:\/\/www.miamibeachfl.gov\/","name":"Cidade de Miami Beach","description":"Site oficial da cidade de Miami Beach. Mantenha-se informado e encontre informa\u00e7\u00f5es importantes sobre servi\u00e7os municipais, not\u00edcias, alertas, eventos, rotas de bonde, empregos p\u00fablicos e muito mais.","publisher":{"@id":"https:\/\/www.miamibeachfl.gov\/#organization"},"potentialAction":[{"@type":"SearchAction","target":{"@type":"EntryPoint","urlTemplate":"https:\/\/www.miamibeachfl.gov\/?s={search_term_string}"},"query-input":{"@type":"PropertyValueSpecification","valueRequired":true,"valueName":"search_term_string"}}],"inLanguage":"pt-BR"},{"@type":"Organization","@id":"https:\/\/www.miamibeachfl.gov\/#organization","name":"Cidade de Miami Beach","url":"https:\/\/www.miamibeachfl.gov\/","logo":{"@type":"ImageObject","inLanguage":"pt-BR","@id":"https:\/\/www.miamibeachfl.gov\/#\/schema\/logo\/image\/","url":"https:\/\/www.miamibeachfl.gov\/wp-content\/uploads\/2022\/06\/miamibeach-logoblue.png","contentUrl":"https:\/\/www.miamibeachfl.gov\/wp-content\/uploads\/2022\/06\/miamibeach-logoblue.png","width":1962,"height":381,"caption":"City of Miami Beach"},"image":{"@id":"https:\/\/www.miamibeachfl.gov\/#\/schema\/logo\/image\/"},"sameAs":["https:\/\/www.facebook.com\/cityofmiamibeach","https:\/\/x.com\/Miamibeachnews","https:\/\/www.instagram.com\/miamibeachnews\/"],"description":"Site oficial da cidade de Miami Beach. Mantenha-se informado e encontre informa\u00e7\u00f5es importantes sobre servi\u00e7os municipais, not\u00edcias, alertas, eventos, rotas de bonde, empregos p\u00fablicos e muito mais.","telephone":"305.604.CITY(2489)","legalName":"City of Miami Beach"}]}},"_links":{"self":[{"href":"https:\/\/www.miamibeachfl.gov\/pt\/wp-json\/wp\/v2\/pages\/362357","targetHints":{"allow":["GET"]}}],"collection":[{"href":"https:\/\/www.miamibeachfl.gov\/pt\/wp-json\/wp\/v2\/pages"}],"about":[{"href":"https:\/\/www.miamibeachfl.gov\/pt\/wp-json\/wp\/v2\/types\/page"}],"author":[{"embeddable":true,"href":"https:\/\/www.miamibeachfl.gov\/pt\/wp-json\/wp\/v2\/users\/222"}],"replies":[{"embeddable":true,"href":"https:\/\/www.miamibeachfl.gov\/pt\/wp-json\/wp\/v2\/comments?post=362357"}],"version-history":[{"count":0,"href":"https:\/\/www.miamibeachfl.gov\/pt\/wp-json\/wp\/v2\/pages\/362357\/revisions"}],"wp:attachment":[{"href":"https:\/\/www.miamibeachfl.gov\/pt\/wp-json\/wp\/v2\/media?parent=362357"}],"wp:term":[{"taxonomy":"category","embeddable":true,"href":"https:\/\/www.miamibeachfl.gov\/pt\/wp-json\/wp\/v2\/categories?post=362357"},{"taxonomy":"post_tag","embeddable":true,"href":"https:\/\/www.miamibeachfl.gov\/pt\/wp-json\/wp\/v2\/tags?post=362357"}],"curies":[{"name":"wp","href":"https:\/\/api.w.org\/{rel}","templated":true}]}}