{"id":366277,"date":"2025-03-12T11:28:19","date_gmt":"2025-03-12T15:28:19","guid":{"rendered":"https:\/\/www.miamibeachfl.gov\/?page_id=366277"},"modified":"2026-01-13T12:28:55","modified_gmt":"2026-01-13T17:28:55","slug":"citibike","status":"publish","type":"page","link":"https:\/\/www.miamibeachfl.gov\/pt\/citibike\/","title":{"rendered":"Miami Beach Citibike"},"content":{"rendered":"<a href=\"http:\/\/www.citibikemiami.com\"  target=\"_blank\" rel=\"noopener\"  itemprop=\"url\">\n\t\t\t\t<img decoding=\"async\" src=\"https:\/\/www.miamibeachfl.gov\/wp-content\/uploads\/2024\/11\/citybikemiami.png\" alt=\"citibike\" itemprop=\"image\" height=\"240\" width=\"240\" title=\"citybikemiami\" onerror=\"this.style.display='none'\" loading=\"lazy\" \/>\n\t\t\t\t<\/a>\n<h1>\n\t\t\tBenef\u00edcios para residentes da CITI BIKE Miami Beach\t<\/h1>\n\t<h2>Moradores de Miami Beach podem aproveitar vantagens especiais da Citi Bike escolhendo uma das seguintes op\u00e7\u00f5es:<\/h2>\n<h3>Op\u00e7\u00e3o 1: Aluguel de bicicletas gr\u00e1tis<\/h3>\n<p>Ganhe tr\u00eas (3) viagens gratuitas de 30 minutos a cada 30 dias.<\/p>\n<ul>\n<li>Dispon\u00edvel apenas para n\u00e3o assinantes.<\/li>\n<li>Cada c\u00f3digo promocional \u00e9 v\u00e1lido por 30 dias.<\/li>\n<li>Voc\u00ea pode solicitar um novo c\u00f3digo quando o anterior expirar.<\/li>\n<\/ul>\n<h3>Op\u00e7\u00e3o 2: M\u00eas gr\u00e1tis para membros de longa data<\/h3>\n<p>Receba 1 m\u00eas gr\u00e1tis de assinatura se:<\/p>\n<ul>\n<li>Voc\u00ea teve uma assinatura ativa do Citi Bike nos \u00faltimos 12 meses consecutivos.<\/li>\n<li>Um cr\u00e9dito equivalente a um m\u00eas de assinatura ser\u00e1 aplicado \u00e0 sua conta.<\/li>\n<li>Este benef\u00edcio pode ser solicitado novamente ap\u00f3s mais 12 meses de associa\u00e7\u00e3o ativa.<\/li>\n<\/ul>\n<p>* Os moradores podem selecionar\/resgatar apenas uma das duas op\u00e7\u00f5es de Incentivo para Residentes de Miami Beach acima por morador.<\/p>\n<hr \/>\n<h2>Como se registrar<\/h2>\n<p><strong>Registre-se de uma das tr\u00eas maneiras:<\/strong><\/p>\n<ol>\n<li>Pessoalmente em nossa loja<br \/>\nLoja Citi Bike\/Deco Bike em Miami Beach<br \/>\n723 Washington Avenue, Miami Beach, FL 33139<br \/>\nAberto 7 dias por semana das 10h \u00e0s 13h e das 14h \u00e0s 18h (fechado das 13h \u00e0s 14h)<br \/>\nOs hor\u00e1rios est\u00e3o sujeitos a altera\u00e7\u00f5es em feriados importantes e fins de semana de eventos.<br \/>\nPor favor ligue antes Tel.: <strong><a href=\"tel:3055239494\">305-523-9494<\/a>.<\/strong><\/li>\n<li>On-line. <strong><a href=\"https:\/\/docs.google.com\/forms\/d\/e\/1FAIpQLSduJ1k3KdhhImiTDZOzRC3MGX5CY0DU5E2vmAdUKbOJjF7O-A\/viewform\">Clique aqui para se registrar<\/a><\/strong><\/li>\n<li>Por e-mail em <a href=\"mailto:customerservice@decobike.com\"><strong>customerservice@decobike.com<\/strong><\/a> incluindo \u201cIncentivo aos Residentes de Miami Beach\u201d no assunto.<\/li>\n<\/ol>\n<h3>Requisitos para registro<\/h3>\n<p>Um documento de identifica\u00e7\u00e3o com foto v\u00e1lido emitido pelo governo E um dos seguintes documentos com seu nome e endere\u00e7o que tenha sido enviado pelo correio nos \u00faltimos 30 dias:<\/p>\n<ul>\n<li>Conta de servi\u00e7os p\u00fablicos (FPL, telefone, g\u00e1s, TV a cabo)<\/li>\n<li>Conta de celular<\/li>\n<li>Extrato banc\u00e1rio<\/li>\n<li>Extrato do cart\u00e3o de cr\u00e9dito<\/li>\n<li>Extrato de hipoteca<\/li>\n<li>Declara\u00e7\u00e3o de imposto predial (\u00faltima recebida)<\/li>\n<li>Contrato de loca\u00e7\u00e3o<\/li>\n<\/ul>\n<h3>Acesso ao aplicativo<\/h3>\n<p>Use o aplicativo Citi Bike Miami no Android ou iOS para desbloquear bicicletas.<\/p>\n\t<p>A Citi Bike Miami Beach \u00e9 orgulhosamente de propriedade e operada pela DecoBike LLC. <a href=\"https:\/\/citibikemiami.com\/beachresidentincentive\">Para mais informa\u00e7\u00f5es sobre os Incentivos para Residentes de Miami Beach, visite citibikemiami.com\/beachresidentincentive<\/a>.<\/p>","protected":false},"excerpt":{"rendered":"<p>CITI BIKE Miami Beach Resident Perks Miami Beach residents can enjoy special Citi Bike perks by choosing one of the [&hellip;]<\/p>\n","protected":false},"author":222,"featured_media":0,"parent":0,"menu_order":8,"comment_status":"closed","ping_status":"closed","template":"","meta":{"_searchwp_excluded":"","site-sidebar-layout":"default","site-content-layout":"","ast-site-content-layout":"default","site-content-style":"default","site-sidebar-style":"default","ast-global-header-display":"","ast-banner-title-visibility":"","ast-main-header-display":"","ast-hfb-above-header-display":"","ast-hfb-below-header-display":"","ast-hfb-mobile-header-display":"","site-post-title":"","ast-breadcrumbs-content":"","ast-featured-img":"","footer-sml-layout":"","theme-transparent-header-meta":"","adv-header-id-meta":"","stick-header-meta":"","header-above-stick-meta":"","header-main-stick-meta":"","header-below-stick-meta":"","astra-migrate-meta-layouts":"default","ast-page-background-enabled":"default","ast-page-background-meta":{"desktop":{"background-color":"var(--ast-global-color-5)","background-image":"","background-repeat":"repeat","background-position":"center center","background-size":"auto","background-attachment":"scroll","background-type":"","background-media":"","overlay-type":"","overlay-color":"","overlay-opacity":"","overlay-gradient":""},"tablet":{"background-color":"","background-image":"","background-repeat":"repeat","background-position":"center center","background-size":"auto","background-attachment":"scroll","background-type":"","background-media":"","overlay-type":"","overlay-color":"","overlay-opacity":"","overlay-gradient":""},"mobile":{"background-color":"","background-image":"","background-repeat":"repeat","background-position":"center center","background-size":"auto","background-attachment":"scroll","background-type":"","background-media":"","overlay-type":"","overlay-color":"","overlay-opacity":"","overlay-gradient":""}},"ast-content-background-meta":{"desktop":{"background-color":"var(--ast-global-color-4)","background-image":"","background-repeat":"repeat","background-position":"center center","background-size":"auto","background-attachment":"scroll","background-type":"","background-media":"","overlay-type":"","overlay-color":"","overlay-opacity":"","overlay-gradient":""},"tablet":{"background-color":"var(--ast-global-color-4)","background-image":"","background-repeat":"repeat","background-position":"center center","background-size":"auto","background-attachment":"scroll","background-type":"","background-media":"","overlay-type":"","overlay-color":"","overlay-opacity":"","overlay-gradient":""},"mobile":{"background-color":"var(--ast-global-color-4)","background-image":"","background-repeat":"repeat","background-position":"center center","background-size":"auto","background-attachment":"scroll","background-type":"","background-media":"","overlay-type":"","overlay-color":"","overlay-opacity":"","overlay-gradient":""}},"footnotes":""},"categories":[],"tags":[],"class_list":["post-366277","page","type-page","status-publish","hentry"],"yoast_head":"<!-- This site is optimized with the Yoast SEO Premium plugin v27.4 (Yoast SEO v27.4) - https:\/\/yoast.com\/product\/yoast-seo-premium-wordpress\/ -->\n<title>Miami Beach Citibike - City of Miami Beach<\/title>\n<meta name=\"description\" content=\"Miami Beach residents can enjoy special Citi Bike perks\" \/>\n<meta name=\"robots\" content=\"index, follow, max-snippet:-1, max-image-preview:large, max-video-preview:-1\" \/>\n<link rel=\"canonical\" href=\"https:\/\/www.miamibeachfl.gov\/pt\/citibike\/\" \/>\n<meta property=\"og:locale\" content=\"pt_BR\" \/>\n<meta property=\"og:type\" content=\"article\" \/>\n<meta property=\"og:title\" content=\"Miami Beach Citibike\" \/>\n<meta property=\"og:description\" content=\"Miami Beach residents can enjoy special Citi Bike perks\" \/>\n<meta property=\"og:url\" content=\"https:\/\/www.miamibeachfl.gov\/pt\/citibike\/\" \/>\n<meta property=\"og:site_name\" content=\"City of Miami Beach\" \/>\n<meta property=\"article:publisher\" content=\"https:\/\/www.facebook.com\/cityofmiamibeach\" \/>\n<meta property=\"article:modified_time\" content=\"2026-01-13T17:28:55+00:00\" \/>\n<meta property=\"og:image\" content=\"https:\/\/www.miamibeachfl.gov\/wp-content\/uploads\/2024\/11\/citybikemiami.png\" \/>\n<meta name=\"twitter:card\" content=\"summary_large_image\" \/>\n<meta name=\"twitter:site\" content=\"@Miamibeachnews\" \/>\n<script type=\"application\/ld+json\" class=\"yoast-schema-graph\">{\"@context\":\"https:\\\/\\\/schema.org\",\"@graph\":[{\"@type\":\"WebPage\",\"@id\":\"https:\\\/\\\/www.miamibeachfl.gov\\\/citibike\\\/\",\"url\":\"https:\\\/\\\/www.miamibeachfl.gov\\\/citibike\\\/\",\"name\":\"Miami Beach Citibike - City of Miami Beach\",\"isPartOf\":{\"@id\":\"https:\\\/\\\/www.miamibeachfl.gov\\\/#website\"},\"primaryImageOfPage\":{\"@id\":\"https:\\\/\\\/www.miamibeachfl.gov\\\/citibike\\\/#primaryimage\"},\"image\":{\"@id\":\"https:\\\/\\\/www.miamibeachfl.gov\\\/citibike\\\/#primaryimage\"},\"thumbnailUrl\":\"https:\\\/\\\/www.miamibeachfl.gov\\\/wp-content\\\/uploads\\\/2024\\\/11\\\/citybikemiami.png\",\"datePublished\":\"2025-03-12T15:28:19+00:00\",\"dateModified\":\"2026-01-13T17:28:55+00:00\",\"description\":\"Miami Beach residents can enjoy special Citi Bike perks\",\"breadcrumb\":{\"@id\":\"https:\\\/\\\/www.miamibeachfl.gov\\\/citibike\\\/#breadcrumb\"},\"inLanguage\":\"pt-BR\",\"potentialAction\":[{\"@type\":\"ReadAction\",\"target\":[\"https:\\\/\\\/www.miamibeachfl.gov\\\/citibike\\\/\"]}]},{\"@type\":\"ImageObject\",\"inLanguage\":\"pt-BR\",\"@id\":\"https:\\\/\\\/www.miamibeachfl.gov\\\/citibike\\\/#primaryimage\",\"url\":\"https:\\\/\\\/www.miamibeachfl.gov\\\/wp-content\\\/uploads\\\/2024\\\/11\\\/citybikemiami.png\",\"contentUrl\":\"https:\\\/\\\/www.miamibeachfl.gov\\\/wp-content\\\/uploads\\\/2024\\\/11\\\/citybikemiami.png\"},{\"@type\":\"BreadcrumbList\",\"@id\":\"https:\\\/\\\/www.miamibeachfl.gov\\\/citibike\\\/#breadcrumb\",\"itemListElement\":[{\"@type\":\"ListItem\",\"position\":1,\"name\":\"Home\",\"item\":\"https:\\\/\\\/www.miamibeachfl.gov\\\/\"},{\"@type\":\"ListItem\",\"position\":2,\"name\":\"Miami Beach Citibike\"}]},{\"@type\":\"WebSite\",\"@id\":\"https:\\\/\\\/www.miamibeachfl.gov\\\/#website\",\"url\":\"https:\\\/\\\/www.miamibeachfl.gov\\\/\",\"name\":\"City of Miami Beach\",\"description\":\"The official website of the City of Miami Beach. Stay informed, find important information on city services, news, alerts, events, trolley routes, government employment and more.\",\"publisher\":{\"@id\":\"https:\\\/\\\/www.miamibeachfl.gov\\\/#organization\"},\"potentialAction\":[{\"@type\":\"SearchAction\",\"target\":{\"@type\":\"EntryPoint\",\"urlTemplate\":\"https:\\\/\\\/www.miamibeachfl.gov\\\/?s={search_term_string}\"},\"query-input\":{\"@type\":\"PropertyValueSpecification\",\"valueRequired\":true,\"valueName\":\"search_term_string\"}}],\"inLanguage\":\"pt-BR\"},{\"@type\":\"Organization\",\"@id\":\"https:\\\/\\\/www.miamibeachfl.gov\\\/#organization\",\"name\":\"City of Miami Beach\",\"url\":\"https:\\\/\\\/www.miamibeachfl.gov\\\/\",\"logo\":{\"@type\":\"ImageObject\",\"inLanguage\":\"pt-BR\",\"@id\":\"https:\\\/\\\/www.miamibeachfl.gov\\\/#\\\/schema\\\/logo\\\/image\\\/\",\"url\":\"https:\\\/\\\/www.miamibeachfl.gov\\\/wp-content\\\/uploads\\\/2022\\\/06\\\/miamibeach-logoblue.png\",\"contentUrl\":\"https:\\\/\\\/www.miamibeachfl.gov\\\/wp-content\\\/uploads\\\/2022\\\/06\\\/miamibeach-logoblue.png\",\"width\":1962,\"height\":381,\"caption\":\"City of Miami Beach\"},\"image\":{\"@id\":\"https:\\\/\\\/www.miamibeachfl.gov\\\/#\\\/schema\\\/logo\\\/image\\\/\"},\"sameAs\":[\"https:\\\/\\\/www.facebook.com\\\/cityofmiamibeach\",\"https:\\\/\\\/x.com\\\/Miamibeachnews\",\"https:\\\/\\\/www.instagram.com\\\/miamibeachnews\\\/\"],\"description\":\"The official website of the City of Miami Beach. Stay informed, find important information on city services, news, alerts, events, trolley routes, government employment and more.\",\"telephone\":\"305.604.CITY(2489)\",\"legalName\":\"City of Miami Beach\"}]}<\/script>\n<!-- \/ Yoast SEO Premium plugin. -->","yoast_head_json":{"title":"Miami Beach Citibike - Cidade de Miami Beach","description":"Moradores de Miami Beach podem desfrutar de vantagens especiais com o Citi Bike.","robots":{"index":"index","follow":"follow","max-snippet":"max-snippet:-1","max-image-preview":"max-image-preview:large","max-video-preview":"max-video-preview:-1"},"canonical":"https:\/\/www.miamibeachfl.gov\/pt\/citibike\/","og_locale":"pt_BR","og_type":"article","og_title":"Miami Beach Citibike","og_description":"Miami Beach residents can enjoy special Citi Bike perks","og_url":"https:\/\/www.miamibeachfl.gov\/pt\/citibike\/","og_site_name":"City of Miami Beach","article_publisher":"https:\/\/www.facebook.com\/cityofmiamibeach","article_modified_time":"2026-01-13T17:28:55+00:00","og_image":[{"url":"https:\/\/www.miamibeachfl.gov\/wp-content\/uploads\/2024\/11\/citybikemiami.png","type":"","width":"","height":""}],"twitter_card":"summary_large_image","twitter_site":"@Miamibeachnews","schema":{"@context":"https:\/\/schema.org","@graph":[{"@type":"WebPage","@id":"https:\/\/www.miamibeachfl.gov\/citibike\/","url":"https:\/\/www.miamibeachfl.gov\/citibike\/","name":"Miami Beach Citibike - Cidade de Miami Beach","isPartOf":{"@id":"https:\/\/www.miamibeachfl.gov\/#website"},"primaryImageOfPage":{"@id":"https:\/\/www.miamibeachfl.gov\/citibike\/#primaryimage"},"image":{"@id":"https:\/\/www.miamibeachfl.gov\/citibike\/#primaryimage"},"thumbnailUrl":"https:\/\/www.miamibeachfl.gov\/wp-content\/uploads\/2024\/11\/citybikemiami.png","datePublished":"2025-03-12T15:28:19+00:00","dateModified":"2026-01-13T17:28:55+00:00","description":"Moradores de Miami Beach podem desfrutar de vantagens especiais com o Citi Bike.","breadcrumb":{"@id":"https:\/\/www.miamibeachfl.gov\/citibike\/#breadcrumb"},"inLanguage":"pt-BR","potentialAction":[{"@type":"ReadAction","target":["https:\/\/www.miamibeachfl.gov\/citibike\/"]}]},{"@type":"ImageObject","inLanguage":"pt-BR","@id":"https:\/\/www.miamibeachfl.gov\/citibike\/#primaryimage","url":"https:\/\/www.miamibeachfl.gov\/wp-content\/uploads\/2024\/11\/citybikemiami.png","contentUrl":"https:\/\/www.miamibeachfl.gov\/wp-content\/uploads\/2024\/11\/citybikemiami.png"},{"@type":"BreadcrumbList","@id":"https:\/\/www.miamibeachfl.gov\/citibike\/#breadcrumb","itemListElement":[{"@type":"ListItem","position":1,"name":"Home","item":"https:\/\/www.miamibeachfl.gov\/"},{"@type":"ListItem","position":2,"name":"Miami Beach Citibike"}]},{"@type":"WebSite","@id":"https:\/\/www.miamibeachfl.gov\/#website","url":"https:\/\/www.miamibeachfl.gov\/","name":"Cidade de Miami Beach","description":"Site oficial da cidade de Miami Beach. Mantenha-se informado e encontre informa\u00e7\u00f5es importantes sobre servi\u00e7os municipais, not\u00edcias, alertas, eventos, rotas de bonde, empregos p\u00fablicos e muito mais.","publisher":{"@id":"https:\/\/www.miamibeachfl.gov\/#organization"},"potentialAction":[{"@type":"SearchAction","target":{"@type":"EntryPoint","urlTemplate":"https:\/\/www.miamibeachfl.gov\/?s={search_term_string}"},"query-input":{"@type":"PropertyValueSpecification","valueRequired":true,"valueName":"search_term_string"}}],"inLanguage":"pt-BR"},{"@type":"Organization","@id":"https:\/\/www.miamibeachfl.gov\/#organization","name":"Cidade de Miami Beach","url":"https:\/\/www.miamibeachfl.gov\/","logo":{"@type":"ImageObject","inLanguage":"pt-BR","@id":"https:\/\/www.miamibeachfl.gov\/#\/schema\/logo\/image\/","url":"https:\/\/www.miamibeachfl.gov\/wp-content\/uploads\/2022\/06\/miamibeach-logoblue.png","contentUrl":"https:\/\/www.miamibeachfl.gov\/wp-content\/uploads\/2022\/06\/miamibeach-logoblue.png","width":1962,"height":381,"caption":"City of Miami Beach"},"image":{"@id":"https:\/\/www.miamibeachfl.gov\/#\/schema\/logo\/image\/"},"sameAs":["https:\/\/www.facebook.com\/cityofmiamibeach","https:\/\/x.com\/Miamibeachnews","https:\/\/www.instagram.com\/miamibeachnews\/"],"description":"Site oficial da cidade de Miami Beach. Mantenha-se informado e encontre informa\u00e7\u00f5es importantes sobre servi\u00e7os municipais, not\u00edcias, alertas, eventos, rotas de bonde, empregos p\u00fablicos e muito mais.","telephone":"305.604.CITY(2489)","legalName":"City of Miami Beach"}]}},"_links":{"self":[{"href":"https:\/\/www.miamibeachfl.gov\/pt\/wp-json\/wp\/v2\/pages\/366277","targetHints":{"allow":["GET"]}}],"collection":[{"href":"https:\/\/www.miamibeachfl.gov\/pt\/wp-json\/wp\/v2\/pages"}],"about":[{"href":"https:\/\/www.miamibeachfl.gov\/pt\/wp-json\/wp\/v2\/types\/page"}],"author":[{"embeddable":true,"href":"https:\/\/www.miamibeachfl.gov\/pt\/wp-json\/wp\/v2\/users\/222"}],"replies":[{"embeddable":true,"href":"https:\/\/www.miamibeachfl.gov\/pt\/wp-json\/wp\/v2\/comments?post=366277"}],"version-history":[{"count":7,"href":"https:\/\/www.miamibeachfl.gov\/pt\/wp-json\/wp\/v2\/pages\/366277\/revisions"}],"predecessor-version":[{"id":395015,"href":"https:\/\/www.miamibeachfl.gov\/pt\/wp-json\/wp\/v2\/pages\/366277\/revisions\/395015"}],"wp:attachment":[{"href":"https:\/\/www.miamibeachfl.gov\/pt\/wp-json\/wp\/v2\/media?parent=366277"}],"wp:term":[{"taxonomy":"category","embeddable":true,"href":"https:\/\/www.miamibeachfl.gov\/pt\/wp-json\/wp\/v2\/categories?post=366277"},{"taxonomy":"post_tag","embeddable":true,"href":"https:\/\/www.miamibeachfl.gov\/pt\/wp-json\/wp\/v2\/tags?post=366277"}],"curies":[{"name":"wp","href":"https:\/\/api.w.org\/{rel}","templated":true}]}}