{"id":372495,"date":"2025-05-14T10:43:26","date_gmt":"2025-05-14T14:43:26","guid":{"rendered":"https:\/\/www.miamibeachfl.gov\/?page_id=372495"},"modified":"2025-06-07T16:48:36","modified_gmt":"2025-06-07T20:48:36","slug":"busshelter","status":"publish","type":"page","link":"https:\/\/www.miamibeachfl.gov\/pt\/busshelter\/","title":{"rendered":"Abrigo de \u00f4nibus"},"content":{"rendered":"<h1>\n\t\t\tProt\u00f3tipo de abrigo de \u00f4nibus\t<\/h1>\n<h3>\n\t\t\tSobre o Projeto \t<\/h3>\n\t<p>A cidade de Miami Beach desenvolveu uma nova s\u00e9rie de abrigos de \u00f4nibus ic\u00f4nicos e esculturais, projetados para melhorar o conforto, a funcionalidade e a est\u00e9tica para os usu\u00e1rios do transporte p\u00fablico. Esses abrigos ser\u00e3o instalados gradualmente em todos os pontos de \u00f4nibus onde a faixa de dom\u00ednio permitir, contribuindo para um espa\u00e7o p\u00fablico mais moderno e vibrante. Para garantir que o produto final atenda tanto \u00e0s necessidades dos usu\u00e1rios quanto aos objetivos de design da cidade, estamos testando um prot\u00f3tipo em campo. Esta p\u00e1gina oferece uma vis\u00e3o geral do projeto e dos recursos espec\u00edficos inclu\u00eddos no prot\u00f3tipo de abrigo atualmente em exibi\u00e7\u00e3o.\u00a0<\/p>\n\t\t\t<a href=\"https:\/\/maps.app.goo.gl\/fzS59j8BXTssR9Ac8\" target=\"_blank\" rel=\"noopener\">\n\t\t\t\t\t\tO prot\u00f3tipo est\u00e1 localizado na Indian Creek Drive, ao sul da Rua 41. Ver no mapa.\n\t\t\t\t\t<\/a>\n\t\t\t\t<img decoding=\"async\" src=\"https:\/\/www.miamibeachfl.gov\/wp-content\/uploads\/2025\/05\/busshelter-closeup2.jpg\" alt=\"bus shelter prototype\" itemprop=\"image\" title=\"abrigo-closeup2\" onerror=\"this.style.display='none'\" loading='lazy' \/>\n<h3>\n\t\t\tTipos e tamanhos de abrigos \t<\/h3>\n\t<p>Tr\u00eas tipos de abrigo foram projetados para acomodar diferentes condi\u00e7\u00f5es do local:<\/p>\n\t\t<ul>\n\t\t\t\t\t<li>\n\t\t\t\t<h4>Padr\u00e3o:<\/h4>\n\t\t<p>20 p\u00e9s de comprimento x 7 p\u00e9s de largura (incluindo 5 p\u00e9s de beiral frontal e 2 p\u00e9s de beiral traseiro)<\/p>\n\t\t\t<\/li>\n\t\t\t\t\t<li>\n\t\t\t\t<h4>M\u00ednimo:<\/h4>\n\t\t<p>10 p\u00e9s de comprimento x 7 p\u00e9s de largura (a largura \u00e9 a mesma que a acima)<\/p>\t\t\t\n\t\t\t<\/li>\n\t\t\t\t\t<li>\n\t\t\t\t<h4>Estreito:<\/h4>\n\t\t<p>10 p\u00e9s de comprimento x 3 p\u00e9s de largura (abrigo\/cobertura estreita para cal\u00e7adas estreitas)<\/p>\t\t\t\n\t\t\t<\/li>\n\t\t\t\t<\/ul>\n\t<p>Cada tipo de abrigo \u00e9 modular e pode ser configurado com v\u00e1rios componentes, dependendo do espa\u00e7o e das necessidades.\u00a0<\/p>\n\t\t\t\t<img decoding=\"async\" src=\"https:\/\/www.miamibeachfl.gov\/wp-content\/uploads\/2025\/05\/BusShelterPhoto.jpg\" alt=\"bus shelter prototype\" itemprop=\"image\" title=\"BusShelterPhoto\" onerror=\"this.style.display='none'\" loading='lazy' \/>\n<h3>\n\t\t\tVis\u00e3o geral do prot\u00f3tipo\t<\/h3>\n\t<p>O prot\u00f3tipo de abrigo atualmente instalado no ponto de \u00f4nibus na Indian Creek Drive, ao sul da Rua 41, \u00e9 o Abrigo M\u00ednimo (3 m x 2 m). Ele inclui:<\/p>\n\t\t<ul>\n\t\t\t\t\t<li>\n\t\t\t\t<h4>Um assento<\/h4>\n\t\t\t<\/li>\n\t\t\t\t\t<li>\n\t\t\t\t<h4>Um trilho inclinado<\/h4>\n\t\t\t<\/li>\n\t\t\t\t\t<li>\n\t\t\t\t<h4>Um sinal digital ETA (Hora Estimada de Chegada) <\/h4>\n\t\t\t<\/li>\n\t\t\t\t<\/ul>\n\t<p><strong>Objetivo do prot\u00f3tipo:<\/strong> Esta instala\u00e7\u00e3o permite que a cidade teste o desempenho estrutural, a experi\u00eancia do usu\u00e1rio, a ilumina\u00e7\u00e3o e a funcionalidade dos componentes antes de iniciar a produ\u00e7\u00e3o e instala\u00e7\u00e3o em larga escala, que est\u00e1 prevista para come\u00e7ar ainda este ano.<\/p>\n\t\t\t\t<img decoding=\"async\" src=\"https:\/\/www.miamibeachfl.gov\/wp-content\/uploads\/2025\/05\/busshelter-overhangcircles.jpg\" alt=\"bus shelter prototype\" itemprop=\"image\" title=\"c\u00edrculos de abrigos de arbustos\" onerror=\"this.style.display='none'\" loading='lazy' \/>\n<h3>\n\t\t\tVis\u00e3o de Design \t<\/h3>\n\t<p>Os abrigos foram projetados com os seguintes princ\u00edpios em mente: <\/p>\n\t\t<ul>\n\t\t\t\t\t<li>\n\t\t\t\t<h4>Fluxo Escultural:<\/h4>\n\t\t<p>Uma estrutura leve e fluida que se integra \u00e0 paisagem urbana com eleg\u00e2ncia. <\/p>\n\t\t\t<\/li>\n\t\t\t\t\t<li>\n\t\t\t\t<h4>Jogo de Luz e Sombra:<\/h4>\n\t\t<p>O uso de pain\u00e9is perfurados, claraboias e pel\u00edculas dicr\u00f3icas cria um jogo din\u00e2mico de luz ao longo do dia.<\/p>\t\t\t\n\t\t\t<\/li>\n\t\t\t\t\t<li>\n\t\t\t\t<h4>Ilumina\u00e7\u00e3o Integrada:<\/h4>\n\t\t<p>Elementos de ilumina\u00e7\u00e3o sutis e integrados melhoram a visibilidade e a seguran\u00e7a \u00e0 noite. <\/p>\n\t\t\t<\/li>\n\t\t\t\t\t<li>\n\t\t\t\t<h4>Colorido e envolvente:<\/h4>\n\t\t<p>Detalhes e padr\u00f5es de cores opcionais proporcionam interesse visual e refletem o esp\u00edrito de Miami Beach. <\/p>\n\t\t\t<\/li>\n\t\t\t\t<\/ul>\n\t\t\t\t<img decoding=\"async\" src=\"https:\/\/www.miamibeachfl.gov\/wp-content\/uploads\/2025\/05\/busshelter-bench2.jpg\" alt=\"bus shelter prototype\" itemprop=\"image\" title=\"abrigo-banco2\" onerror=\"this.style.display='none'\" loading='lazy' \/>\n<h3>\n\t\t\tComponentes-chave\t<\/h3>\n<h3>\n\t\t\tAssentos e apoios para os p\u00e9s \t<\/h3>\n\t<p>Projetados para maximizar o conforto e a acessibilidade, minimizando o impacto ambiental. Os abrigos podem ser equipados com diversas configura\u00e7\u00f5es de: <\/p>\n\t\t<ul>\n\t\t\t\t\t<li>\n\t\t\t\t\t\t\t\t\t\t\t<img loading=\"lazy\" decoding=\"async\" src=\"https:\/\/www.miamibeachfl.gov\/wp-content\/uploads\/2025\/05\/busshelter-bench.jpg\" alt=\"busshelter-bench\" width=\"600\" height=\"800\" \/>\n\t\t\t\t<h4>Assentos sem encosto <\/h4>\n\t\t\t<\/li>\n\t\t\t\t\t<li>\n\t\t\t\t\t\t\t\t\t\t\t<img loading=\"lazy\" decoding=\"async\" src=\"https:\/\/www.miamibeachfl.gov\/wp-content\/uploads\/2025\/05\/busshelter-lean-1.jpg\" alt=\"busshelter-lean\" width=\"600\" height=\"800\" \/>\n\t\t\t\t<h4>Trilhos inclinados para conforto de curto prazo<\/h4>\n\t\t\t<\/li>\n\t\t\t\t<\/ul>\n<h3>\n\t\t\tVisor digital ETA \t<\/h3>\n\t<p>Cada abrigo pode contar com uma tela digital de chegada em tempo real, exibindo os hor\u00e1rios estimados de chegada dos pr\u00f3ximos \u00f4nibus. O visor \u00e9 montado na altura dos olhos e perfeitamente integrado ao design do abrigo.<\/p>\n<h3>\n\t\t\tO que vem a seguir? \t<\/h3>\n\t<p>Este prot\u00f3tipo faz parte do compromisso da cidade em reinventar a experi\u00eancia de transporte p\u00fablico tanto para moradores quanto para visitantes. Ap\u00f3s o sucesso do teste em campo deste abrigo, a cidade dar\u00e1 in\u00edcio \u00e0 produ\u00e7\u00e3o em massa e \u00e0 instala\u00e7\u00e3o dos novos abrigos em pontos de \u00f4nibus eleg\u00edveis em toda a cidade, a partir do final deste ano.<\/p>\n<p>Esses abrigos de \u00faltima gera\u00e7\u00e3o representam um grande investimento em conforto p\u00fablico, excel\u00eancia em design e infraestrutura de transporte moderna \u2013 e s\u00e3o apenas o come\u00e7o.<\/p>\n<p><strong>Obrigado pelo seu interesse neste projeto e por nos ajudar a construir uma Miami Beach mais conectada e acolhedora.<\/strong><\/p>","protected":false},"excerpt":{"rendered":"<p>Bus Shelter Prototype About the Project The City of Miami Beach has developed a new series of iconic, sculptural bus [&hellip;]<\/p>\n","protected":false},"author":222,"featured_media":0,"parent":0,"menu_order":0,"comment_status":"closed","ping_status":"closed","template":"","meta":{"_searchwp_excluded":"","site-sidebar-layout":"default","site-content-layout":"","ast-site-content-layout":"default","site-content-style":"default","site-sidebar-style":"default","ast-global-header-display":"","ast-banner-title-visibility":"","ast-main-header-display":"","ast-hfb-above-header-display":"","ast-hfb-below-header-display":"","ast-hfb-mobile-header-display":"","site-post-title":"","ast-breadcrumbs-content":"","ast-featured-img":"","footer-sml-layout":"","theme-transparent-header-meta":"","adv-header-id-meta":"","stick-header-meta":"","header-above-stick-meta":"","header-main-stick-meta":"","header-below-stick-meta":"","astra-migrate-meta-layouts":"default","ast-page-background-enabled":"default","ast-page-background-meta":{"desktop":{"background-color":"var(--ast-global-color-5)","background-image":"","background-repeat":"repeat","background-position":"center center","background-size":"auto","background-attachment":"scroll","background-type":"","background-media":"","overlay-type":"","overlay-color":"","overlay-opacity":"","overlay-gradient":""},"tablet":{"background-color":"","background-image":"","background-repeat":"repeat","background-position":"center center","background-size":"auto","background-attachment":"scroll","background-type":"","background-media":"","overlay-type":"","overlay-color":"","overlay-opacity":"","overlay-gradient":""},"mobile":{"background-color":"","background-image":"","background-repeat":"repeat","background-position":"center center","background-size":"auto","background-attachment":"scroll","background-type":"","background-media":"","overlay-type":"","overlay-color":"","overlay-opacity":"","overlay-gradient":""}},"ast-content-background-meta":{"desktop":{"background-color":"var(--ast-global-color-4)","background-image":"","background-repeat":"repeat","background-position":"center center","background-size":"auto","background-attachment":"scroll","background-type":"","background-media":"","overlay-type":"","overlay-color":"","overlay-opacity":"","overlay-gradient":""},"tablet":{"background-color":"var(--ast-global-color-4)","background-image":"","background-repeat":"repeat","background-position":"center center","background-size":"auto","background-attachment":"scroll","background-type":"","background-media":"","overlay-type":"","overlay-color":"","overlay-opacity":"","overlay-gradient":""},"mobile":{"background-color":"var(--ast-global-color-4)","background-image":"","background-repeat":"repeat","background-position":"center center","background-size":"auto","background-attachment":"scroll","background-type":"","background-media":"","overlay-type":"","overlay-color":"","overlay-opacity":"","overlay-gradient":""}},"footnotes":""},"categories":[],"tags":[],"class_list":["post-372495","page","type-page","status-publish","hentry"],"yoast_head":"<!-- This site is optimized with the Yoast SEO Premium plugin v27.4 (Yoast SEO v27.4) - https:\/\/yoast.com\/product\/yoast-seo-premium-wordpress\/ -->\n<title>Bus Shelter - City of Miami Beach<\/title>\n<meta name=\"description\" content=\"The City of Miami Beach has developed a new series of iconic, sculptural bus shelters designed to improve comfort, functionality, and aesthetics for transit riders. These shelters will be gradually installed at every bus stop where the right-of-way (ROW) permits, contributing to a more modern and vibrant public realm.\u00a0\" \/>\n<meta name=\"robots\" content=\"index, follow, max-snippet:-1, max-image-preview:large, max-video-preview:-1\" \/>\n<link rel=\"canonical\" href=\"https:\/\/www.miamibeachfl.gov\/pt\/busshelter\/\" \/>\n<meta property=\"og:locale\" content=\"pt_BR\" \/>\n<meta property=\"og:type\" content=\"article\" \/>\n<meta property=\"og:title\" content=\"Bus Shelter\" \/>\n<meta property=\"og:description\" content=\"The City of Miami Beach has developed a new series of iconic, sculptural bus shelters designed to improve comfort, functionality, and aesthetics for transit riders. These shelters will be gradually installed at every bus stop where the right-of-way (ROW) permits, contributing to a more modern and vibrant public realm.\u00a0\" \/>\n<meta property=\"og:url\" content=\"https:\/\/www.miamibeachfl.gov\/pt\/busshelter\/\" \/>\n<meta property=\"og:site_name\" content=\"City of Miami Beach\" \/>\n<meta property=\"article:publisher\" content=\"https:\/\/www.facebook.com\/cityofmiamibeach\" \/>\n<meta property=\"article:modified_time\" content=\"2025-06-07T20:48:36+00:00\" \/>\n<meta property=\"og:image\" content=\"https:\/\/www.miamibeachfl.gov\/wp-content\/uploads\/2025\/05\/busshelter-closeup2.jpg\" \/>\n<meta name=\"twitter:card\" content=\"summary_large_image\" \/>\n<meta name=\"twitter:site\" content=\"@Miamibeachnews\" \/>\n<script type=\"application\/ld+json\" class=\"yoast-schema-graph\">{\"@context\":\"https:\\\/\\\/schema.org\",\"@graph\":[{\"@type\":\"WebPage\",\"@id\":\"https:\\\/\\\/www.miamibeachfl.gov\\\/busshelter\\\/\",\"url\":\"https:\\\/\\\/www.miamibeachfl.gov\\\/busshelter\\\/\",\"name\":\"Bus Shelter - City of Miami Beach\",\"isPartOf\":{\"@id\":\"https:\\\/\\\/www.miamibeachfl.gov\\\/#website\"},\"primaryImageOfPage\":{\"@id\":\"https:\\\/\\\/www.miamibeachfl.gov\\\/busshelter\\\/#primaryimage\"},\"image\":{\"@id\":\"https:\\\/\\\/www.miamibeachfl.gov\\\/busshelter\\\/#primaryimage\"},\"thumbnailUrl\":\"https:\\\/\\\/www.miamibeachfl.gov\\\/wp-content\\\/uploads\\\/2025\\\/05\\\/busshelter-closeup2.jpg\",\"datePublished\":\"2025-05-14T14:43:26+00:00\",\"dateModified\":\"2025-06-07T20:48:36+00:00\",\"description\":\"The City of Miami Beach has developed a new series of iconic, sculptural bus shelters designed to improve comfort, functionality, and aesthetics for transit riders. These shelters will be gradually installed at every bus stop where the right-of-way (ROW) permits, contributing to a more modern and vibrant public realm.\u00a0\",\"breadcrumb\":{\"@id\":\"https:\\\/\\\/www.miamibeachfl.gov\\\/busshelter\\\/#breadcrumb\"},\"inLanguage\":\"pt-BR\",\"potentialAction\":[{\"@type\":\"ReadAction\",\"target\":[\"https:\\\/\\\/www.miamibeachfl.gov\\\/busshelter\\\/\"]}]},{\"@type\":\"ImageObject\",\"inLanguage\":\"pt-BR\",\"@id\":\"https:\\\/\\\/www.miamibeachfl.gov\\\/busshelter\\\/#primaryimage\",\"url\":\"https:\\\/\\\/www.miamibeachfl.gov\\\/wp-content\\\/uploads\\\/2025\\\/05\\\/busshelter-closeup2.jpg\",\"contentUrl\":\"https:\\\/\\\/www.miamibeachfl.gov\\\/wp-content\\\/uploads\\\/2025\\\/05\\\/busshelter-closeup2.jpg\"},{\"@type\":\"BreadcrumbList\",\"@id\":\"https:\\\/\\\/www.miamibeachfl.gov\\\/busshelter\\\/#breadcrumb\",\"itemListElement\":[{\"@type\":\"ListItem\",\"position\":1,\"name\":\"Home\",\"item\":\"https:\\\/\\\/www.miamibeachfl.gov\\\/\"},{\"@type\":\"ListItem\",\"position\":2,\"name\":\"Bus Shelter\"}]},{\"@type\":\"WebSite\",\"@id\":\"https:\\\/\\\/www.miamibeachfl.gov\\\/#website\",\"url\":\"https:\\\/\\\/www.miamibeachfl.gov\\\/\",\"name\":\"City of Miami Beach\",\"description\":\"The official website of the City of Miami Beach. Stay informed, find important information on city services, news, alerts, events, trolley routes, government employment and more.\",\"publisher\":{\"@id\":\"https:\\\/\\\/www.miamibeachfl.gov\\\/#organization\"},\"potentialAction\":[{\"@type\":\"SearchAction\",\"target\":{\"@type\":\"EntryPoint\",\"urlTemplate\":\"https:\\\/\\\/www.miamibeachfl.gov\\\/?s={search_term_string}\"},\"query-input\":{\"@type\":\"PropertyValueSpecification\",\"valueRequired\":true,\"valueName\":\"search_term_string\"}}],\"inLanguage\":\"pt-BR\"},{\"@type\":\"Organization\",\"@id\":\"https:\\\/\\\/www.miamibeachfl.gov\\\/#organization\",\"name\":\"City of Miami Beach\",\"url\":\"https:\\\/\\\/www.miamibeachfl.gov\\\/\",\"logo\":{\"@type\":\"ImageObject\",\"inLanguage\":\"pt-BR\",\"@id\":\"https:\\\/\\\/www.miamibeachfl.gov\\\/#\\\/schema\\\/logo\\\/image\\\/\",\"url\":\"https:\\\/\\\/www.miamibeachfl.gov\\\/wp-content\\\/uploads\\\/2022\\\/06\\\/miamibeach-logoblue.png\",\"contentUrl\":\"https:\\\/\\\/www.miamibeachfl.gov\\\/wp-content\\\/uploads\\\/2022\\\/06\\\/miamibeach-logoblue.png\",\"width\":1962,\"height\":381,\"caption\":\"City of Miami Beach\"},\"image\":{\"@id\":\"https:\\\/\\\/www.miamibeachfl.gov\\\/#\\\/schema\\\/logo\\\/image\\\/\"},\"sameAs\":[\"https:\\\/\\\/www.facebook.com\\\/cityofmiamibeach\",\"https:\\\/\\\/x.com\\\/Miamibeachnews\",\"https:\\\/\\\/www.instagram.com\\\/miamibeachnews\\\/\"],\"description\":\"The official website of the City of Miami Beach. Stay informed, find important information on city services, news, alerts, events, trolley routes, government employment and more.\",\"telephone\":\"305.604.CITY(2489)\",\"legalName\":\"City of Miami Beach\"}]}<\/script>\n<!-- \/ Yoast SEO Premium plugin. -->","yoast_head_json":{"title":"Abrigo de \u00f4nibus - Cidade de Miami Beach","description":"A cidade de Miami Beach desenvolveu uma nova s\u00e9rie de abrigos de \u00f4nibus ic\u00f4nicos e esculturais, projetados para melhorar o conforto, a funcionalidade e a est\u00e9tica para os usu\u00e1rios do transporte p\u00fablico. Esses abrigos ser\u00e3o instalados gradualmente em todos os pontos de \u00f4nibus onde a faixa de dom\u00ednio permitir, contribuindo para um espa\u00e7o p\u00fablico mais moderno e vibrante.\u00a0","robots":{"index":"index","follow":"follow","max-snippet":"max-snippet:-1","max-image-preview":"max-image-preview:large","max-video-preview":"max-video-preview:-1"},"canonical":"https:\/\/www.miamibeachfl.gov\/pt\/busshelter\/","og_locale":"pt_BR","og_type":"article","og_title":"Bus Shelter","og_description":"The City of Miami Beach has developed a new series of iconic, sculptural bus shelters designed to improve comfort, functionality, and aesthetics for transit riders. These shelters will be gradually installed at every bus stop where the right-of-way (ROW) permits, contributing to a more modern and vibrant public realm.\u00a0","og_url":"https:\/\/www.miamibeachfl.gov\/pt\/busshelter\/","og_site_name":"City of Miami Beach","article_publisher":"https:\/\/www.facebook.com\/cityofmiamibeach","article_modified_time":"2025-06-07T20:48:36+00:00","og_image":[{"url":"https:\/\/www.miamibeachfl.gov\/wp-content\/uploads\/2025\/05\/busshelter-closeup2.jpg","type":"","width":"","height":""}],"twitter_card":"summary_large_image","twitter_site":"@Miamibeachnews","schema":{"@context":"https:\/\/schema.org","@graph":[{"@type":"WebPage","@id":"https:\/\/www.miamibeachfl.gov\/busshelter\/","url":"https:\/\/www.miamibeachfl.gov\/busshelter\/","name":"Abrigo de \u00f4nibus - Cidade de Miami Beach","isPartOf":{"@id":"https:\/\/www.miamibeachfl.gov\/#website"},"primaryImageOfPage":{"@id":"https:\/\/www.miamibeachfl.gov\/busshelter\/#primaryimage"},"image":{"@id":"https:\/\/www.miamibeachfl.gov\/busshelter\/#primaryimage"},"thumbnailUrl":"https:\/\/www.miamibeachfl.gov\/wp-content\/uploads\/2025\/05\/busshelter-closeup2.jpg","datePublished":"2025-05-14T14:43:26+00:00","dateModified":"2025-06-07T20:48:36+00:00","description":"A cidade de Miami Beach desenvolveu uma nova s\u00e9rie de abrigos de \u00f4nibus ic\u00f4nicos e esculturais, projetados para melhorar o conforto, a funcionalidade e a est\u00e9tica para os usu\u00e1rios do transporte p\u00fablico. Esses abrigos ser\u00e3o instalados gradualmente em todos os pontos de \u00f4nibus onde a faixa de dom\u00ednio permitir, contribuindo para um espa\u00e7o p\u00fablico mais moderno e vibrante.\u00a0","breadcrumb":{"@id":"https:\/\/www.miamibeachfl.gov\/busshelter\/#breadcrumb"},"inLanguage":"pt-BR","potentialAction":[{"@type":"ReadAction","target":["https:\/\/www.miamibeachfl.gov\/busshelter\/"]}]},{"@type":"ImageObject","inLanguage":"pt-BR","@id":"https:\/\/www.miamibeachfl.gov\/busshelter\/#primaryimage","url":"https:\/\/www.miamibeachfl.gov\/wp-content\/uploads\/2025\/05\/busshelter-closeup2.jpg","contentUrl":"https:\/\/www.miamibeachfl.gov\/wp-content\/uploads\/2025\/05\/busshelter-closeup2.jpg"},{"@type":"BreadcrumbList","@id":"https:\/\/www.miamibeachfl.gov\/busshelter\/#breadcrumb","itemListElement":[{"@type":"ListItem","position":1,"name":"Home","item":"https:\/\/www.miamibeachfl.gov\/"},{"@type":"ListItem","position":2,"name":"Bus Shelter"}]},{"@type":"WebSite","@id":"https:\/\/www.miamibeachfl.gov\/#website","url":"https:\/\/www.miamibeachfl.gov\/","name":"Cidade de Miami Beach","description":"Site oficial da cidade de Miami Beach. Mantenha-se informado e encontre informa\u00e7\u00f5es importantes sobre servi\u00e7os municipais, not\u00edcias, alertas, eventos, rotas de bonde, empregos p\u00fablicos e muito mais.","publisher":{"@id":"https:\/\/www.miamibeachfl.gov\/#organization"},"potentialAction":[{"@type":"SearchAction","target":{"@type":"EntryPoint","urlTemplate":"https:\/\/www.miamibeachfl.gov\/?s={search_term_string}"},"query-input":{"@type":"PropertyValueSpecification","valueRequired":true,"valueName":"search_term_string"}}],"inLanguage":"pt-BR"},{"@type":"Organization","@id":"https:\/\/www.miamibeachfl.gov\/#organization","name":"Cidade de Miami Beach","url":"https:\/\/www.miamibeachfl.gov\/","logo":{"@type":"ImageObject","inLanguage":"pt-BR","@id":"https:\/\/www.miamibeachfl.gov\/#\/schema\/logo\/image\/","url":"https:\/\/www.miamibeachfl.gov\/wp-content\/uploads\/2022\/06\/miamibeach-logoblue.png","contentUrl":"https:\/\/www.miamibeachfl.gov\/wp-content\/uploads\/2022\/06\/miamibeach-logoblue.png","width":1962,"height":381,"caption":"City of Miami Beach"},"image":{"@id":"https:\/\/www.miamibeachfl.gov\/#\/schema\/logo\/image\/"},"sameAs":["https:\/\/www.facebook.com\/cityofmiamibeach","https:\/\/x.com\/Miamibeachnews","https:\/\/www.instagram.com\/miamibeachnews\/"],"description":"Site oficial da cidade de Miami Beach. Mantenha-se informado e encontre informa\u00e7\u00f5es importantes sobre servi\u00e7os municipais, not\u00edcias, alertas, eventos, rotas de bonde, empregos p\u00fablicos e muito mais.","telephone":"305.604.CITY(2489)","legalName":"City of Miami Beach"}]}},"_links":{"self":[{"href":"https:\/\/www.miamibeachfl.gov\/pt\/wp-json\/wp\/v2\/pages\/372495","targetHints":{"allow":["GET"]}}],"collection":[{"href":"https:\/\/www.miamibeachfl.gov\/pt\/wp-json\/wp\/v2\/pages"}],"about":[{"href":"https:\/\/www.miamibeachfl.gov\/pt\/wp-json\/wp\/v2\/types\/page"}],"author":[{"embeddable":true,"href":"https:\/\/www.miamibeachfl.gov\/pt\/wp-json\/wp\/v2\/users\/222"}],"replies":[{"embeddable":true,"href":"https:\/\/www.miamibeachfl.gov\/pt\/wp-json\/wp\/v2\/comments?post=372495"}],"version-history":[{"count":1,"href":"https:\/\/www.miamibeachfl.gov\/pt\/wp-json\/wp\/v2\/pages\/372495\/revisions"}],"predecessor-version":[{"id":375859,"href":"https:\/\/www.miamibeachfl.gov\/pt\/wp-json\/wp\/v2\/pages\/372495\/revisions\/375859"}],"wp:attachment":[{"href":"https:\/\/www.miamibeachfl.gov\/pt\/wp-json\/wp\/v2\/media?parent=372495"}],"wp:term":[{"taxonomy":"category","embeddable":true,"href":"https:\/\/www.miamibeachfl.gov\/pt\/wp-json\/wp\/v2\/categories?post=372495"},{"taxonomy":"post_tag","embeddable":true,"href":"https:\/\/www.miamibeachfl.gov\/pt\/wp-json\/wp\/v2\/tags?post=372495"}],"curies":[{"name":"wp","href":"https:\/\/api.w.org\/{rel}","templated":true}]}}