{"id":374936,"date":"2025-05-30T10:11:35","date_gmt":"2025-05-30T14:11:35","guid":{"rendered":"https:\/\/www.miamibeachfl.gov\/?page_id=374936"},"modified":"2026-01-05T14:19:16","modified_gmt":"2026-01-05T19:19:16","slug":"related-resolutions-november-4-2025","status":"publish","type":"page","link":"https:\/\/www.miamibeachfl.gov\/pt\/city-hall\/city-clerk\/election-information\/related-resolutions-november-4-2025\/","title":{"rendered":"Resolu\u00e7\u00f5es relacionadas \u2013 4 DE NOVEMBRO DE 2025"},"content":{"rendered":"<nav id=\"breadcrumbs\" aria-label=\"Migalhas de p\u00e3o\"><a href=\"https:\/\/www.miamibeachfl.gov\/pt\/\">Lar<\/a> &gt; <a href=\"https:\/\/www.miamibeachfl.gov\/pt\/city-hall\/\">Prefeitura<\/a> &gt; <a href=\"https:\/\/www.miamibeachfl.gov\/pt\/city-hall\/city-clerk\/\">Escriv\u00e3o da cidade<\/a> &gt; <a href=\"https:\/\/www.miamibeachfl.gov\/pt\/city-hall\/city-clerk\/election-information\/\">Informa\u00e7\u00f5es sobre elei\u00e7\u00f5es<\/a> &gt; <strong>Resolu\u00e7\u00f5es relacionadas \u2013 4 DE NOVEMBRO DE 2025<\/strong><\/nav><h1>\n\t\t\tResolu\u00e7\u00f5es relacionadas \u2013 4 de novembro de 2025\t<\/h1>\n\t<ul>\n<li><a href=\"https:\/\/www.miamibeachfl.gov\/wp-content\/uploads\/2026\/01\/Resolution-2025-33956.pdf\">Resolu\u00e7\u00e3o 2025-33956<\/a>Resolu\u00e7\u00e3o do Prefeito e da Comiss\u00e3o Municipal da Cidade de Miami Beach, Fl\u00f3rida, que adota a certifica\u00e7\u00e3o dos resultados do segundo turno das elei\u00e7\u00f5es de 9 de dezembro de 2025 para a cidade de Miami Beach e declara os candidatos eleitos.<\/li>\n<li><a href=\"https:\/\/www.miamibeachfl.gov\/wp-content\/uploads\/2025\/11\/Resolution-2025-33950.pdf\">Resolu\u00e7\u00e3o 2025-33950<\/a>Resolu\u00e7\u00e3o do Prefeito e da Comiss\u00e3o Municipal da Cidade de Miami Beach, Fl\u00f3rida, que adota o certificado dos resultados da elei\u00e7\u00e3o geral de 4 de novembro de 2025 para a cidade de Miami Beach.<\/li>\n<li><a href=\"https:\/\/www.miamibeachfl.gov\/wp-content\/uploads\/2025\/08\/Resolution-2025-33813.pdf\">Resolu\u00e7\u00e3o 2025-33813:<\/a> RESOLU\u00c7\u00c3O DO PREFEITO E DA COMISS\u00c3O MUNICIPAL DA CIDADE DE MIAMI BEACH, FL\u00d3RIDA, AUTORIZANDO A ADMINISTRA\u00c7\u00c3O A GRAVAR EM V\u00cdDEO E TRANSMITIR NA MBTV AS APRESENTA\u00c7\u00d5ES EM V\u00cdDEO DOS CANDIDATOS \u00c0 COMISS\u00c3O DO PREFEITO E DOS GRUPOS I, II E III PARA AS ELEI\u00c7\u00d5ES GERAIS DE 4 DE NOVEMBRO DE 2025 E AFIRMA COMO SUA DECLARA\u00c7\u00c3O DE POL\u00cdTICA O PROP\u00d3SITO P\u00daBLICO DE EDUCAR OS ELEITORES DA CIDADE SOBRE CANDIDATOS QUALIFICADOS QUE BUSCARAM ELEI\u00c7\u00c3O NAS ELEI\u00c7\u00d5ES GERAIS DA CIDADE DE 4 DE NOVEMBRO DE 2025.<\/li>\n<li><a href=\"https:\/\/www.miamibeachfl.gov\/wp-content\/uploads\/2025\/08\/Resolution-2025-33812.pdf\">Resolu\u00e7\u00e3o 2025-33812<\/a>\u00a0RESOLU\u00c7\u00c3O DO PREFEITO E DA COMISS\u00c3O MUNICIPAL DA CIDADE DE MIAMI BEACH, FL\u00d3RIDA, AUTORIZANDO A VOTA\u00c7\u00c3O ANTECIPADA PARA A ELEI\u00c7\u00c3O GERAL DA CIDADE DE MIAMI BEACH DE 4 DE NOVEMBRO DE 2025 E, SE NECESS\u00c1RIO, UM SEGUNDO TURNO EM 9 DE DEZEMBRO DE 2025 E DETERMINANDO QUE O GABINETE DO SUPERVISOR ELEITORAL DO CONDADO DE MIAMI-DADE FORNE\u00c7A LOCAIS DE CAIXA DE COLETA DRIVE-THROUGH EM TODOS OS LOCAIS DE VOTA\u00c7\u00c3O ANTECIPADA DURANTE A VOTA\u00c7\u00c3O ANTECIPADA PARA PERMITIR QUE OS ELEITORES DEVOLVAM DE FORMA SEGURA E OPORTUNA AS C\u00c9DULAS DE VOTO POR CORREIO PARA A ELEI\u00c7\u00c3O GERAL DA CIDADE DE MIAMI BEACH DE 4 DE NOVEMBRO DE 2025 E, SE NECESS\u00c1RIO, A DE 9 DE DEZEMBRO DE 2025 SEGUNDO TURNO ELEITORAL.<\/li>\n<li><a href=\"https:\/\/www.miamibeachfl.gov\/wp-content\/uploads\/2025\/08\/Resolution-2025-33811.pdf\">Resolu\u00e7\u00e3o 2025-33811<\/a>\u00a0RESOLU\u00c7\u00c3O DO PREFEITO E DA COMISS\u00c3O MUNICIPAL DA CIDADE DE MIAMI BEACH, FL\u00d3RIDA, CONVOCANDO UMA ELEI\u00c7\u00c3O GERAL A SER REALIZADA EM 4 DE NOVEMBRO DE 2025 NA CIDADE DE MIAMI BEACH PARA ELEGER UM PREFEITO E TR\u00caS COMISS\u00c1RIOS MUNICIPAIS (GRUPOS I, II E III); PREVENINDO AINDA UM SEGUNDO TURNO, SE NECESS\u00c1RIO, A SER REALIZADO EM 9 DE DEZEMBRO DE 2025; PREVENINDO A CONDU\u00c7\u00c3O DESSAS ELEI\u00c7\u00d5ES PELO GABINETE DO SUPERVISOR DAS ELEI\u00c7\u00d5ES DO CONDADO DE MIAMI-DADE (GABINETE DO SUPERVISOR DAS ELEI\u00c7\u00d5ES); PREVENINDO QUE AS DISTRIBUI\u00c7\u00d5ES ELEITORAIS PARA AS REFERIDAS ELEI\u00c7\u00d5ES SER\u00c3O AQUELAS ESTABELECIDAS PELO SUPERVISOR DAS ELEI\u00c7\u00d5ES; FORNECENDO A NOTIFICA\u00c7\u00c3O DAS REFERIDAS ELEI\u00c7\u00d5ES; FORNECENDO OS FORMUL\u00c1RIOS DE C\u00c9DULA E REGISTRO DE ELEITORES DE ACORDO COM A LEI ESTADUAL; FORNECENDO A PARTICIPA\u00c7\u00c3O DOS ELEITORES VIA VOTO POR CORREIO NAS REFERIDAS ELEI\u00c7\u00d5ES DE ACORDO COM A LEI ESTADUAL; E FORNECENDO O PAGAMENTO DE TODAS AS DESPESAS PARA A REALIZA\u00c7\u00c3O DAS ELEI\u00c7\u00d5ES.<\/li>\n<li><a href=\"https:\/\/www.miamibeachfl.gov\/wp-content\/uploads\/2025\/05\/Reso-2025-33648.pdf\">Resolu\u00e7\u00e3o 2025-33648<\/a>: UMA RESOLU\u00c7\u00c3O DO PREFEITO E DA COMISS\u00c3O MUNICIPAL DE MIAMI BEACH, FL\u00d3RIDA, ACEITANDO A RECOMENDA\u00c7\u00c3O DO COMIT\u00ca DE SEGURAN\u00c7A P\u00daBLICA E QUALIDADE DE VIDA DA VIZINHAN\u00c7A, EM SUA REUNI\u00c3O DE 9 DE ABRIL DE 2025, PARA (1) APROVAR A EXPANS\u00c3O PARA QUATRO LOCAIS DE VOTA\u00c7\u00c3O ANTECIPADA DURANTE O SEGUNDO TURNO ELEITORAL DE 2025 (SE NECESS\u00c1RIO) PARA MELHORAR A ACESSIBILIDADE DO ELEITOR, PARTICULARMENTE EM SOUTH BEACH DURANTE O PER\u00cdODO ART BASEL; E (2) APOIAR A CONFIRMA\u00c7\u00c3O DE RESERVAS DE ESTACIONAMENTO PRIORIT\u00c1RIO PARA ELEITORES NO ESTACIONAMENTO DE CURTO PRAZO DA PREFEITURA DO G7 DURANTE O SEGUNDO TURNO ELEITORAL DE 2025 (SE NECESS\u00c1RIO); E PREVENINDO A TRANSMISS\u00c3O DESTE ITEM AO SUPERVISOR DE ELEI\u00c7\u00d5ES E IMPLEMENTA\u00c7\u00c3O PELO ESCRIV\u00c3O DA MUNICIPALIDADE.<\/li>\n<\/ul>","protected":false},"excerpt":{"rendered":"<p>In\u00edcio &gt; Prefeitura &gt; Secret\u00e1rio Municipal &gt; Informa\u00e7\u00f5es Eleitorais &gt; Resolu\u00e7\u00f5es Relacionadas \u2013 4 DE NOVEMBRO DE 2025 Resolu\u00e7\u00f5es Relacionadas \u2013 [\u2026]<\/p>","protected":false},"author":222,"featured_media":0,"parent":28358,"menu_order":78,"comment_status":"closed","ping_status":"closed","template":"","meta":{"_searchwp_excluded":"","site-sidebar-layout":"default","site-content-layout":"","ast-site-content-layout":"default","site-content-style":"default","site-sidebar-style":"default","ast-global-header-display":"","ast-banner-title-visibility":"","ast-main-header-display":"","ast-hfb-above-header-display":"","ast-hfb-below-header-display":"","ast-hfb-mobile-header-display":"","site-post-title":"","ast-breadcrumbs-content":"","ast-featured-img":"","footer-sml-layout":"","theme-transparent-header-meta":"","adv-header-id-meta":"","stick-header-meta":"","header-above-stick-meta":"","header-main-stick-meta":"","header-below-stick-meta":"","astra-migrate-meta-layouts":"default","ast-page-background-enabled":"default","ast-page-background-meta":{"desktop":{"background-color":"var(--ast-global-color-5)","background-image":"","background-repeat":"repeat","background-position":"center center","background-size":"auto","background-attachment":"scroll","background-type":"","background-media":"","overlay-type":"","overlay-color":"","overlay-opacity":"","overlay-gradient":""},"tablet":{"background-color":"","background-image":"","background-repeat":"repeat","background-position":"center center","background-size":"auto","background-attachment":"scroll","background-type":"","background-media":"","overlay-type":"","overlay-color":"","overlay-opacity":"","overlay-gradient":""},"mobile":{"background-color":"","background-image":"","background-repeat":"repeat","background-position":"center center","background-size":"auto","background-attachment":"scroll","background-type":"","background-media":"","overlay-type":"","overlay-color":"","overlay-opacity":"","overlay-gradient":""}},"ast-content-background-meta":{"desktop":{"background-color":"var(--ast-global-color-4)","background-image":"","background-repeat":"repeat","background-position":"center center","background-size":"auto","background-attachment":"scroll","background-type":"","background-media":"","overlay-type":"","overlay-color":"","overlay-opacity":"","overlay-gradient":""},"tablet":{"background-color":"var(--ast-global-color-4)","background-image":"","background-repeat":"repeat","background-position":"center center","background-size":"auto","background-attachment":"scroll","background-type":"","background-media":"","overlay-type":"","overlay-color":"","overlay-opacity":"","overlay-gradient":""},"mobile":{"background-color":"var(--ast-global-color-4)","background-image":"","background-repeat":"repeat","background-position":"center center","background-size":"auto","background-attachment":"scroll","background-type":"","background-media":"","overlay-type":"","overlay-color":"","overlay-opacity":"","overlay-gradient":""}},"footnotes":""},"categories":[1],"tags":[],"class_list":["post-374936","page","type-page","status-publish","hentry","category-uncategorized"],"yoast_head":"<!-- This site is optimized with the Yoast SEO Premium plugin v26.6 (Yoast SEO v26.6) - https:\/\/yoast.com\/wordpress\/plugins\/seo\/ -->\n<title>Related Resolutions - NOVEMBER 4, 2025 - City of Miami Beach<\/title>\n<meta name=\"description\" content=\"%\" \/>\n<meta name=\"robots\" content=\"index, follow, max-snippet:-1, max-image-preview:large, max-video-preview:-1\" \/>\n<link rel=\"canonical\" href=\"https:\/\/www.miamibeachfl.gov\/pt\/city-hall\/city-clerk\/election-information\/related-resolutions-november-4-2025\/\" \/>\n<meta property=\"og:locale\" content=\"pt_BR\" \/>\n<meta property=\"og:type\" content=\"article\" \/>\n<meta property=\"og:title\" content=\"Related Resolutions - NOVEMBER 4, 2025\" \/>\n<meta property=\"og:description\" content=\"%\" \/>\n<meta property=\"og:url\" content=\"https:\/\/www.miamibeachfl.gov\/pt\/city-hall\/city-clerk\/election-information\/related-resolutions-november-4-2025\/\" \/>\n<meta property=\"og:site_name\" content=\"City of Miami Beach\" \/>\n<meta property=\"article:publisher\" content=\"https:\/\/www.facebook.com\/cityofmiamibeach\" \/>\n<meta property=\"article:modified_time\" content=\"2026-01-05T19:19:16+00:00\" \/>\n<meta property=\"og:image\" content=\"https:\/\/www.miamibeachfl.gov\/wp-content\/uploads\/2024\/01\/1000pxSquare-miamibeach-aerial-southpointview.jpeg\" \/>\n\t<meta property=\"og:image:width\" content=\"1000\" \/>\n\t<meta property=\"og:image:height\" content=\"1000\" \/>\n\t<meta property=\"og:image:type\" content=\"image\/jpeg\" \/>\n<meta name=\"twitter:card\" content=\"summary_large_image\" \/>\n<meta name=\"twitter:site\" content=\"@Miamibeachnews\" \/>\n<script type=\"application\/ld+json\" class=\"yoast-schema-graph\">{\"@context\":\"https:\/\/schema.org\",\"@graph\":[{\"@type\":\"WebPage\",\"@id\":\"https:\/\/www.miamibeachfl.gov\/city-hall\/city-clerk\/election-information\/related-resolutions-november-4-2025\/\",\"url\":\"https:\/\/www.miamibeachfl.gov\/city-hall\/city-clerk\/election-information\/related-resolutions-november-4-2025\/\",\"name\":\"Related Resolutions - NOVEMBER 4, 2025 - City of Miami Beach\",\"isPartOf\":{\"@id\":\"https:\/\/www.miamibeachfl.gov\/#website\"},\"datePublished\":\"2025-05-30T14:11:35+00:00\",\"dateModified\":\"2026-01-05T19:19:16+00:00\",\"description\":\"%\",\"breadcrumb\":{\"@id\":\"https:\/\/www.miamibeachfl.gov\/city-hall\/city-clerk\/election-information\/related-resolutions-november-4-2025\/#breadcrumb\"},\"inLanguage\":\"pt-BR\",\"potentialAction\":[{\"@type\":\"ReadAction\",\"target\":[\"https:\/\/www.miamibeachfl.gov\/city-hall\/city-clerk\/election-information\/related-resolutions-november-4-2025\/\"]}]},{\"@type\":\"BreadcrumbList\",\"@id\":\"https:\/\/www.miamibeachfl.gov\/city-hall\/city-clerk\/election-information\/related-resolutions-november-4-2025\/#breadcrumb\",\"itemListElement\":[{\"@type\":\"ListItem\",\"position\":1,\"name\":\"Home\",\"item\":\"https:\/\/www.miamibeachfl.gov\/\"},{\"@type\":\"ListItem\",\"position\":2,\"name\":\"City Hall\",\"item\":\"https:\/\/www.miamibeachfl.gov\/city-hall\/\"},{\"@type\":\"ListItem\",\"position\":3,\"name\":\"City Clerk\",\"item\":\"https:\/\/www.miamibeachfl.gov\/city-hall\/city-clerk\/\"},{\"@type\":\"ListItem\",\"position\":4,\"name\":\"Election Information\",\"item\":\"https:\/\/www.miamibeachfl.gov\/city-hall\/city-clerk\/election-information\/\"},{\"@type\":\"ListItem\",\"position\":5,\"name\":\"Related Resolutions &#8211; NOVEMBER 4, 2025\"}]},{\"@type\":\"WebSite\",\"@id\":\"https:\/\/www.miamibeachfl.gov\/#website\",\"url\":\"https:\/\/www.miamibeachfl.gov\/\",\"name\":\"City of Miami Beach\",\"description\":\"The official website of the City of Miami Beach. Stay informed, find important information on city services, news, alerts, events, trolley routes, government employment and more.\",\"publisher\":{\"@id\":\"https:\/\/www.miamibeachfl.gov\/#organization\"},\"potentialAction\":[{\"@type\":\"SearchAction\",\"target\":{\"@type\":\"EntryPoint\",\"urlTemplate\":\"https:\/\/www.miamibeachfl.gov\/?s={search_term_string}\"},\"query-input\":{\"@type\":\"PropertyValueSpecification\",\"valueRequired\":true,\"valueName\":\"search_term_string\"}}],\"inLanguage\":\"pt-BR\"},{\"@type\":\"Organization\",\"@id\":\"https:\/\/www.miamibeachfl.gov\/#organization\",\"name\":\"City of Miami Beach\",\"url\":\"https:\/\/www.miamibeachfl.gov\/\",\"logo\":{\"@type\":\"ImageObject\",\"inLanguage\":\"pt-BR\",\"@id\":\"https:\/\/www.miamibeachfl.gov\/#\/schema\/logo\/image\/\",\"url\":\"https:\/\/www.miamibeachfl.gov\/wp-content\/uploads\/2022\/06\/miamibeach-logoblue.png\",\"contentUrl\":\"https:\/\/www.miamibeachfl.gov\/wp-content\/uploads\/2022\/06\/miamibeach-logoblue.png\",\"width\":1962,\"height\":381,\"caption\":\"City of Miami Beach\"},\"image\":{\"@id\":\"https:\/\/www.miamibeachfl.gov\/#\/schema\/logo\/image\/\"},\"sameAs\":[\"https:\/\/www.facebook.com\/cityofmiamibeach\",\"https:\/\/x.com\/Miamibeachnews\",\"https:\/\/www.instagram.com\/miamibeachnews\/\"],\"description\":\"The official website of the City of Miami Beach. Stay informed, find important information on city services, news, alerts, events, trolley routes, government employment and more.\",\"telephone\":\"305.604.CITY(2489)\",\"legalName\":\"City of Miami Beach\"}]}<\/script>\n<!-- \/ Yoast SEO Premium plugin. -->","yoast_head_json":{"title":"Resolu\u00e7\u00f5es relacionadas - 4 DE NOVEMBRO DE 2025 - Cidade de Miami Beach","description":"%","robots":{"index":"index","follow":"follow","max-snippet":"max-snippet:-1","max-image-preview":"max-image-preview:large","max-video-preview":"max-video-preview:-1"},"canonical":"https:\/\/www.miamibeachfl.gov\/pt\/city-hall\/city-clerk\/election-information\/related-resolutions-november-4-2025\/","og_locale":"pt_BR","og_type":"article","og_title":"Related Resolutions - NOVEMBER 4, 2025","og_description":"%","og_url":"https:\/\/www.miamibeachfl.gov\/pt\/city-hall\/city-clerk\/election-information\/related-resolutions-november-4-2025\/","og_site_name":"City of Miami Beach","article_publisher":"https:\/\/www.facebook.com\/cityofmiamibeach","article_modified_time":"2026-01-05T19:19:16+00:00","og_image":[{"width":1000,"height":1000,"url":"https:\/\/www.miamibeachfl.gov\/wp-content\/uploads\/2024\/01\/1000pxSquare-miamibeach-aerial-southpointview.jpeg","type":"image\/jpeg"}],"twitter_card":"summary_large_image","twitter_site":"@Miamibeachnews","schema":{"@context":"https:\/\/schema.org","@graph":[{"@type":"WebPage","@id":"https:\/\/www.miamibeachfl.gov\/city-hall\/city-clerk\/election-information\/related-resolutions-november-4-2025\/","url":"https:\/\/www.miamibeachfl.gov\/city-hall\/city-clerk\/election-information\/related-resolutions-november-4-2025\/","name":"Resolu\u00e7\u00f5es relacionadas - 4 DE NOVEMBRO DE 2025 - Cidade de Miami Beach","isPartOf":{"@id":"https:\/\/www.miamibeachfl.gov\/#website"},"datePublished":"2025-05-30T14:11:35+00:00","dateModified":"2026-01-05T19:19:16+00:00","description":"%","breadcrumb":{"@id":"https:\/\/www.miamibeachfl.gov\/city-hall\/city-clerk\/election-information\/related-resolutions-november-4-2025\/#breadcrumb"},"inLanguage":"pt-BR","potentialAction":[{"@type":"ReadAction","target":["https:\/\/www.miamibeachfl.gov\/city-hall\/city-clerk\/election-information\/related-resolutions-november-4-2025\/"]}]},{"@type":"BreadcrumbList","@id":"https:\/\/www.miamibeachfl.gov\/city-hall\/city-clerk\/election-information\/related-resolutions-november-4-2025\/#breadcrumb","itemListElement":[{"@type":"ListItem","position":1,"name":"Home","item":"https:\/\/www.miamibeachfl.gov\/"},{"@type":"ListItem","position":2,"name":"City Hall","item":"https:\/\/www.miamibeachfl.gov\/city-hall\/"},{"@type":"ListItem","position":3,"name":"City Clerk","item":"https:\/\/www.miamibeachfl.gov\/city-hall\/city-clerk\/"},{"@type":"ListItem","position":4,"name":"Election Information","item":"https:\/\/www.miamibeachfl.gov\/city-hall\/city-clerk\/election-information\/"},{"@type":"ListItem","position":5,"name":"Related Resolutions &#8211; NOVEMBER 4, 2025"}]},{"@type":"WebSite","@id":"https:\/\/www.miamibeachfl.gov\/#website","url":"https:\/\/www.miamibeachfl.gov\/","name":"Cidade de Miami Beach","description":"Site oficial da cidade de Miami Beach. Mantenha-se informado e encontre informa\u00e7\u00f5es importantes sobre servi\u00e7os municipais, not\u00edcias, alertas, eventos, rotas de bonde, empregos p\u00fablicos e muito mais.","publisher":{"@id":"https:\/\/www.miamibeachfl.gov\/#organization"},"potentialAction":[{"@type":"SearchAction","target":{"@type":"EntryPoint","urlTemplate":"https:\/\/www.miamibeachfl.gov\/?s={search_term_string}"},"query-input":{"@type":"PropertyValueSpecification","valueRequired":true,"valueName":"search_term_string"}}],"inLanguage":"pt-BR"},{"@type":"Organization","@id":"https:\/\/www.miamibeachfl.gov\/#organization","name":"Cidade de Miami Beach","url":"https:\/\/www.miamibeachfl.gov\/","logo":{"@type":"ImageObject","inLanguage":"pt-BR","@id":"https:\/\/www.miamibeachfl.gov\/#\/schema\/logo\/image\/","url":"https:\/\/www.miamibeachfl.gov\/wp-content\/uploads\/2022\/06\/miamibeach-logoblue.png","contentUrl":"https:\/\/www.miamibeachfl.gov\/wp-content\/uploads\/2022\/06\/miamibeach-logoblue.png","width":1962,"height":381,"caption":"City of Miami Beach"},"image":{"@id":"https:\/\/www.miamibeachfl.gov\/#\/schema\/logo\/image\/"},"sameAs":["https:\/\/www.facebook.com\/cityofmiamibeach","https:\/\/x.com\/Miamibeachnews","https:\/\/www.instagram.com\/miamibeachnews\/"],"description":"Site oficial da cidade de Miami Beach. Mantenha-se informado e encontre informa\u00e7\u00f5es importantes sobre servi\u00e7os municipais, not\u00edcias, alertas, eventos, rotas de bonde, empregos p\u00fablicos e muito mais.","telephone":"305.604.CITY(2489)","legalName":"City of Miami Beach"}]}},"_links":{"self":[{"href":"https:\/\/www.miamibeachfl.gov\/pt\/wp-json\/wp\/v2\/pages\/374936","targetHints":{"allow":["GET"]}}],"collection":[{"href":"https:\/\/www.miamibeachfl.gov\/pt\/wp-json\/wp\/v2\/pages"}],"about":[{"href":"https:\/\/www.miamibeachfl.gov\/pt\/wp-json\/wp\/v2\/types\/page"}],"author":[{"embeddable":true,"href":"https:\/\/www.miamibeachfl.gov\/pt\/wp-json\/wp\/v2\/users\/222"}],"replies":[{"embeddable":true,"href":"https:\/\/www.miamibeachfl.gov\/pt\/wp-json\/wp\/v2\/comments?post=374936"}],"version-history":[{"count":0,"href":"https:\/\/www.miamibeachfl.gov\/pt\/wp-json\/wp\/v2\/pages\/374936\/revisions"}],"up":[{"embeddable":true,"href":"https:\/\/www.miamibeachfl.gov\/pt\/wp-json\/wp\/v2\/pages\/28358"}],"wp:attachment":[{"href":"https:\/\/www.miamibeachfl.gov\/pt\/wp-json\/wp\/v2\/media?parent=374936"}],"wp:term":[{"taxonomy":"category","embeddable":true,"href":"https:\/\/www.miamibeachfl.gov\/pt\/wp-json\/wp\/v2\/categories?post=374936"},{"taxonomy":"post_tag","embeddable":true,"href":"https:\/\/www.miamibeachfl.gov\/pt\/wp-json\/wp\/v2\/tags?post=374936"}],"curies":[{"name":"wp","href":"https:\/\/api.w.org\/{rel}","templated":true}]}}