{"id":37947,"date":"2017-10-02T13:50:42","date_gmt":"2017-10-02T17:50:42","guid":{"rendered":"http:\/\/www.miamibeachfl.gov\/?page_id=37947"},"modified":"2025-08-04T12:01:52","modified_gmt":"2025-08-04T16:01:52","slug":"more-introduction","status":"publish","type":"page","link":"https:\/\/www.miamibeachfl.gov\/pt\/city-hall\/fire-police-pension\/more-introduction\/","title":{"rendered":"ADMINISTRA\u00c7\u00c3O DE PLANOS"},"content":{"rendered":"<img decoding=\"async\" src=\"https:\/\/www.miamibeachfl.gov\/wp-content\/uploads\/2022\/07\/hero-small.jpg\" alt=\"ocean drive art deco buildings\" itemprop=\"image\" height=\"211\" width=\"2395\" title=\"her\u00f3i-pequeno\" onerror=\"this.style.display='none'\" loading='lazy' \/>\n<h1>\n\t\t\tAdministra\u00e7\u00e3o do Plano\t<\/h1>\n\t<nav id=\"breadcrumbs\" aria-label=\"Migalhas de p\u00e3o\"><a href=\"https:\/\/www.miamibeachfl.gov\/pt\/\">Lar<\/a> &gt; <a href=\"https:\/\/www.miamibeachfl.gov\/pt\/city-hall\/\">Prefeitura<\/a> &gt; <a href=\"https:\/\/www.miamibeachfl.gov\/pt\/city-hall\/fire-police-pension\/\">Pens\u00e3o de Bombeiros e Pol\u00edcia<\/a> &gt; <strong>ADMINISTRA\u00c7\u00c3O DE PLANOS<\/strong><\/nav>\n\t<p>A administra\u00e7\u00e3o geral e a responsabilidade tanto pela opera\u00e7\u00e3o adequada do Plano de Pens\u00e3o quanto pela efetiva\u00e7\u00e3o das disposi\u00e7\u00f5es do Plano s\u00e3o atribu\u00eddas a um Conselho composto por nove pessoas, conforme segue:<\/p>\n<ul>\n<li>Tr\u00eas curadores eleitos entre os membros ativos e aposentados do Corpo de Bombeiros<\/li>\n<li>Tr\u00eas curadores eleitos entre os membros ativos e aposentados do Departamento de Pol\u00edcia<\/li>\n<li>Tr\u00eas administradores nomeados pelo Prefeito da Administra\u00e7\u00e3o Municipal<\/li>\n<\/ul>\n<p>Cada Curador tem direito a um voto no Conselho. Ser\u00e3o necess\u00e1rios cinco votos para uma decis\u00e3o dos Curadores em qualquer reuni\u00e3o do Conselho.<\/p>\n<p>As reuni\u00f5es regulares do Conselho de Curadores s\u00e3o agendadas na terceira quinta-feira de cada m\u00eas no Escrit\u00f3rio de Pens\u00f5es do Corpo de Bombeiros e da Pol\u00edcia, a partir das 8h30.<\/p>\n<p>O Conselho emprega os consultores e outros profissionais necess\u00e1rios para conduzir adequadamente os neg\u00f3cios do fundo de pens\u00e3o.<\/p>\n<table>\n<tbody>\n<tr>\n<td>\n<h3><strong>CONSELHO DE ADMINISTRA\u00c7\u00c3O<\/strong><\/h3>\n<\/td>\n<\/tr>\n<tr>\n<td>Steven L. Feldman, <i>Presidente\u00a0<\/i>\nPaulo D. Johnson, <i>Secret\u00e1rio<\/i><\/td>\n<\/tr>\n<tr>\n<td><strong>Corpo de Bombeiros \u2013 Tr\u00eas (3) Membros<\/strong> \u2013 Eleito pelos membros ativos e aposentados do Corpo de Bombeiros<\/td>\n<\/tr>\n<tr>\n<td>Paulo D. Johnson, <i>Tenente de Bombeiros<\/i>\n<p>Christopher L. Merein, <em>Tenente de Bombeiros<\/em><\/p>\nDwight M. Nicholas, <em>Fogo<\/em> <i>Chefe de Divis\u00e3o<\/i><\/td>\n<\/tr>\n<tr>\n<td><strong>Departamento de Pol\u00edcia \u2013 Tr\u00eas (3) Membros <\/strong>\u2013 Eleito pelos membros ativos e aposentados do Departamento de Pol\u00edcia<\/td>\n<\/tr>\n<tr>\n<td>Steven L. Feldman<i><\/i><i>, Major da Divis\u00e3o Policial<\/i>\n<p><i><\/i>Javier Fern\u00e1ndez,<i>\u00a0Tenente da pol\u00edcia<\/i><\/p>\nDaniel D. Molina, <i>Policial<\/i><\/td>\n<\/tr>\n<tr>\n<td><strong>Administra\u00e7\u00e3o Municipal \u2013 Tr\u00eas (3) Membros<\/strong> \u2013 Nomeado pelo Prefeito<\/td>\n<\/tr>\n<tr>\n<td>Hern\u00e1n D. Cardeno, <em>Diretor de Conformidade do C\u00f3digo<\/em>\n<p>Tameka Otto Stewart<i>, Diretor do Gabinete de Gest\u00e3o e Or\u00e7amento<\/i><\/p>\nDra. Alba A. Tarre, <i>Diretor do Escrit\u00f3rio de Habita\u00e7\u00e3o e Servi\u00e7os Comunit\u00e1rios\u00a0<\/i><\/td>\n<\/tr>\n<tr>\n<td><strong>DIRETOR-EXECUTIVO<\/strong><\/td>\n<\/tr>\n<tr>\n<td>Dona Brito, <i>Diretor-executivo<\/i><\/td>\n<\/tr>\n<\/tbody>\n<\/table>\n\t\tNavegar para\u2026\t\t\t\n\t\t\t\t\t<ul id=\"menu-fire-and-police-pension-menu\"><li id=\"menu-item-364038\"><a href=\"\/pt\/city-hall\/fire-police-pension\/actuarial-information\/\">Informa\u00e7\u00f5es Atuariais<\/a><\/li>\n<li id=\"menu-item-364039\"><a href=\"\/pt\/city-hall\/fire-police-pension\/announcements-2\/\">An\u00fancios<\/a><\/li>\n<li id=\"menu-item-364040\"><a href=\"\/pt\/city-hall\/fire-police-pension\/board-meeting-dates\/\">Datas das reuni\u00f5es do conselho<\/a><\/li>\n<li id=\"menu-item-364041\"><a href=\"\/pt\/city-hall\/fire-police-pension\/financial-statements\/\">Demonstra\u00e7\u00f5es Financeiras<\/a><\/li>\n<li id=\"menu-item-364042\"><a href=\"\/pt\/city-hall\/fire-police-pension\/investment-information\/\">Informa\u00e7\u00f5es sobre investimentos<\/a><\/li>\n<li id=\"menu-item-364043\"><a href=\"\/pt\/city-hall\/fire-police-pension\/professional-service-providers\/\">Prestadores de servi\u00e7os profissionais<\/a><\/li>\n<li id=\"menu-item-364044\"><a href=\"\/pt\/city-hall\/fire-police-pension\/retiree-information\/\">Informa\u00e7\u00f5es para aposentados<\/a><\/li>\n<li id=\"menu-item-364045\"><a href=\"\/pt\/city-hall\/fire-police-pension\/summary-plan-description\/\">Descri\u00e7\u00e3o resumida do plano<\/a><\/li>\n<\/ul>\t\n\t<div class=\"page-navigation\"><a class=\"prev-page\" href=\"https:\/\/www.miamibeachfl.gov\/pt\/city-hall\/fire\/fire-rescue\/\">\u2190 Resgate e Extin\u00e7\u00e3o de Inc\u00eandios<\/a> <a class=\"next-page\" href=\"https:\/\/www.miamibeachfl.gov\/pt\/city-hall\/procurement\/procurement-related-ordinance-and-procedures\/\">Pol\u00edticas e procedimentos relacionados a aquisi\u00e7\u00f5es \u2192<\/a><\/div>","protected":false},"excerpt":{"rendered":"<p>Plan Administration Home &gt; City Hall &gt; Fire &amp; Police Pension &gt; PLAN ADMINISTRATION The general administration and responsibility for [&hellip;]<\/p>\n","protected":false},"author":222,"featured_media":0,"parent":29204,"menu_order":244,"comment_status":"closed","ping_status":"closed","template":"","meta":{"_searchwp_excluded":"","site-sidebar-layout":"default","site-content-layout":"","ast-site-content-layout":"default","site-content-style":"default","site-sidebar-style":"default","ast-global-header-display":"","ast-banner-title-visibility":"","ast-main-header-display":"","ast-hfb-above-header-display":"","ast-hfb-below-header-display":"","ast-hfb-mobile-header-display":"","site-post-title":"","ast-breadcrumbs-content":"","ast-featured-img":"","footer-sml-layout":"","theme-transparent-header-meta":"","adv-header-id-meta":"","stick-header-meta":"","header-above-stick-meta":"","header-main-stick-meta":"","header-below-stick-meta":"","astra-migrate-meta-layouts":"default","ast-page-background-enabled":"default","ast-page-background-meta":{"desktop":{"background-color":"var(--ast-global-color-5)","background-image":"","background-repeat":"repeat","background-position":"center center","background-size":"auto","background-attachment":"scroll","background-type":"","background-media":"","overlay-type":"","overlay-color":"","overlay-opacity":"","overlay-gradient":""},"tablet":{"background-color":"","background-image":"","background-repeat":"repeat","background-position":"center center","background-size":"auto","background-attachment":"scroll","background-type":"","background-media":"","overlay-type":"","overlay-color":"","overlay-opacity":"","overlay-gradient":""},"mobile":{"background-color":"","background-image":"","background-repeat":"repeat","background-position":"center center","background-size":"auto","background-attachment":"scroll","background-type":"","background-media":"","overlay-type":"","overlay-color":"","overlay-opacity":"","overlay-gradient":""}},"ast-content-background-meta":{"desktop":{"background-color":"var(--ast-global-color-4)","background-image":"","background-repeat":"repeat","background-position":"center center","background-size":"auto","background-attachment":"scroll","background-type":"","background-media":"","overlay-type":"","overlay-color":"","overlay-opacity":"","overlay-gradient":""},"tablet":{"background-color":"var(--ast-global-color-4)","background-image":"","background-repeat":"repeat","background-position":"center center","background-size":"auto","background-attachment":"scroll","background-type":"","background-media":"","overlay-type":"","overlay-color":"","overlay-opacity":"","overlay-gradient":""},"mobile":{"background-color":"var(--ast-global-color-4)","background-image":"","background-repeat":"repeat","background-position":"center center","background-size":"auto","background-attachment":"scroll","background-type":"","background-media":"","overlay-type":"","overlay-color":"","overlay-opacity":"","overlay-gradient":""}},"footnotes":""},"categories":[],"tags":[],"class_list":["post-37947","page","type-page","status-publish","hentry"],"yoast_head":"<!-- This site is optimized with the Yoast SEO Premium plugin v27.4 (Yoast SEO v27.4) - https:\/\/yoast.com\/product\/yoast-seo-premium-wordpress\/ -->\n<title>PLAN ADMINISTRATION - City of Miami Beach<\/title>\n<meta name=\"description\" content=\"%\" \/>\n<meta name=\"robots\" content=\"index, follow, max-snippet:-1, max-image-preview:large, max-video-preview:-1\" \/>\n<link rel=\"canonical\" href=\"https:\/\/www.miamibeachfl.gov\/pt\/city-hall\/fire-police-pension\/more-introduction\/\" \/>\n<meta property=\"og:locale\" content=\"pt_BR\" \/>\n<meta property=\"og:type\" content=\"article\" \/>\n<meta property=\"og:title\" content=\"PLAN ADMINISTRATION\" \/>\n<meta property=\"og:description\" content=\"%\" \/>\n<meta property=\"og:url\" content=\"https:\/\/www.miamibeachfl.gov\/pt\/city-hall\/fire-police-pension\/more-introduction\/\" \/>\n<meta property=\"og:site_name\" content=\"City of Miami Beach\" \/>\n<meta property=\"article:publisher\" content=\"https:\/\/www.facebook.com\/cityofmiamibeach\" \/>\n<meta property=\"article:modified_time\" content=\"2025-08-04T16:01:52+00:00\" \/>\n<meta property=\"og:image\" content=\"https:\/\/www.miamibeachfl.gov\/wp-content\/uploads\/2022\/07\/hero-small.jpg\" \/>\n<meta name=\"twitter:card\" content=\"summary_large_image\" \/>\n<meta name=\"twitter:site\" content=\"@Miamibeachnews\" \/>\n<script type=\"application\/ld+json\" class=\"yoast-schema-graph\">{\"@context\":\"https:\\\/\\\/schema.org\",\"@graph\":[{\"@type\":\"WebPage\",\"@id\":\"https:\\\/\\\/www.miamibeachfl.gov\\\/city-hall\\\/fire-police-pension\\\/more-introduction\\\/\",\"url\":\"https:\\\/\\\/www.miamibeachfl.gov\\\/city-hall\\\/fire-police-pension\\\/more-introduction\\\/\",\"name\":\"PLAN ADMINISTRATION - City of Miami Beach\",\"isPartOf\":{\"@id\":\"https:\\\/\\\/www.miamibeachfl.gov\\\/#website\"},\"primaryImageOfPage\":{\"@id\":\"https:\\\/\\\/www.miamibeachfl.gov\\\/city-hall\\\/fire-police-pension\\\/more-introduction\\\/#primaryimage\"},\"image\":{\"@id\":\"https:\\\/\\\/www.miamibeachfl.gov\\\/city-hall\\\/fire-police-pension\\\/more-introduction\\\/#primaryimage\"},\"thumbnailUrl\":\"https:\\\/\\\/www.miamibeachfl.gov\\\/wp-content\\\/uploads\\\/2022\\\/07\\\/hero-small.jpg\",\"datePublished\":\"2017-10-02T17:50:42+00:00\",\"dateModified\":\"2025-08-04T16:01:52+00:00\",\"description\":\"%\",\"breadcrumb\":{\"@id\":\"https:\\\/\\\/www.miamibeachfl.gov\\\/city-hall\\\/fire-police-pension\\\/more-introduction\\\/#breadcrumb\"},\"inLanguage\":\"pt-BR\",\"potentialAction\":[{\"@type\":\"ReadAction\",\"target\":[\"https:\\\/\\\/www.miamibeachfl.gov\\\/city-hall\\\/fire-police-pension\\\/more-introduction\\\/\"]}]},{\"@type\":\"ImageObject\",\"inLanguage\":\"pt-BR\",\"@id\":\"https:\\\/\\\/www.miamibeachfl.gov\\\/city-hall\\\/fire-police-pension\\\/more-introduction\\\/#primaryimage\",\"url\":\"https:\\\/\\\/www.miamibeachfl.gov\\\/wp-content\\\/uploads\\\/2022\\\/07\\\/hero-small.jpg\",\"contentUrl\":\"https:\\\/\\\/www.miamibeachfl.gov\\\/wp-content\\\/uploads\\\/2022\\\/07\\\/hero-small.jpg\"},{\"@type\":\"BreadcrumbList\",\"@id\":\"https:\\\/\\\/www.miamibeachfl.gov\\\/city-hall\\\/fire-police-pension\\\/more-introduction\\\/#breadcrumb\",\"itemListElement\":[{\"@type\":\"ListItem\",\"position\":1,\"name\":\"Home\",\"item\":\"https:\\\/\\\/www.miamibeachfl.gov\\\/\"},{\"@type\":\"ListItem\",\"position\":2,\"name\":\"City Hall\",\"item\":\"https:\\\/\\\/www.miamibeachfl.gov\\\/city-hall\\\/\"},{\"@type\":\"ListItem\",\"position\":3,\"name\":\"Fire &amp; Police Pension\",\"item\":\"https:\\\/\\\/www.miamibeachfl.gov\\\/city-hall\\\/fire-police-pension\\\/\"},{\"@type\":\"ListItem\",\"position\":4,\"name\":\"PLAN ADMINISTRATION\"}]},{\"@type\":\"WebSite\",\"@id\":\"https:\\\/\\\/www.miamibeachfl.gov\\\/#website\",\"url\":\"https:\\\/\\\/www.miamibeachfl.gov\\\/\",\"name\":\"City of Miami Beach\",\"description\":\"The official website of the City of Miami Beach. Stay informed, find important information on city services, news, alerts, events, trolley routes, government employment and more.\",\"publisher\":{\"@id\":\"https:\\\/\\\/www.miamibeachfl.gov\\\/#organization\"},\"potentialAction\":[{\"@type\":\"SearchAction\",\"target\":{\"@type\":\"EntryPoint\",\"urlTemplate\":\"https:\\\/\\\/www.miamibeachfl.gov\\\/?s={search_term_string}\"},\"query-input\":{\"@type\":\"PropertyValueSpecification\",\"valueRequired\":true,\"valueName\":\"search_term_string\"}}],\"inLanguage\":\"pt-BR\"},{\"@type\":\"Organization\",\"@id\":\"https:\\\/\\\/www.miamibeachfl.gov\\\/#organization\",\"name\":\"City of Miami Beach\",\"url\":\"https:\\\/\\\/www.miamibeachfl.gov\\\/\",\"logo\":{\"@type\":\"ImageObject\",\"inLanguage\":\"pt-BR\",\"@id\":\"https:\\\/\\\/www.miamibeachfl.gov\\\/#\\\/schema\\\/logo\\\/image\\\/\",\"url\":\"https:\\\/\\\/www.miamibeachfl.gov\\\/wp-content\\\/uploads\\\/2022\\\/06\\\/miamibeach-logoblue.png\",\"contentUrl\":\"https:\\\/\\\/www.miamibeachfl.gov\\\/wp-content\\\/uploads\\\/2022\\\/06\\\/miamibeach-logoblue.png\",\"width\":1962,\"height\":381,\"caption\":\"City of Miami Beach\"},\"image\":{\"@id\":\"https:\\\/\\\/www.miamibeachfl.gov\\\/#\\\/schema\\\/logo\\\/image\\\/\"},\"sameAs\":[\"https:\\\/\\\/www.facebook.com\\\/cityofmiamibeach\",\"https:\\\/\\\/x.com\\\/Miamibeachnews\",\"https:\\\/\\\/www.instagram.com\\\/miamibeachnews\\\/\"],\"description\":\"The official website of the City of Miami Beach. Stay informed, find important information on city services, news, alerts, events, trolley routes, government employment and more.\",\"telephone\":\"305.604.CITY(2489)\",\"legalName\":\"City of Miami Beach\"}]}<\/script>\n<!-- \/ Yoast SEO Premium plugin. -->","yoast_head_json":{"title":"ADMINISTRA\u00c7\u00c3O DO PLANO - Cidade de Miami Beach","description":"%","robots":{"index":"index","follow":"follow","max-snippet":"max-snippet:-1","max-image-preview":"max-image-preview:large","max-video-preview":"max-video-preview:-1"},"canonical":"https:\/\/www.miamibeachfl.gov\/pt\/city-hall\/fire-police-pension\/more-introduction\/","og_locale":"pt_BR","og_type":"article","og_title":"PLAN ADMINISTRATION","og_description":"%","og_url":"https:\/\/www.miamibeachfl.gov\/pt\/city-hall\/fire-police-pension\/more-introduction\/","og_site_name":"City of Miami Beach","article_publisher":"https:\/\/www.facebook.com\/cityofmiamibeach","article_modified_time":"2025-08-04T16:01:52+00:00","og_image":[{"url":"https:\/\/www.miamibeachfl.gov\/wp-content\/uploads\/2022\/07\/hero-small.jpg","type":"","width":"","height":""}],"twitter_card":"summary_large_image","twitter_site":"@Miamibeachnews","schema":{"@context":"https:\/\/schema.org","@graph":[{"@type":"WebPage","@id":"https:\/\/www.miamibeachfl.gov\/city-hall\/fire-police-pension\/more-introduction\/","url":"https:\/\/www.miamibeachfl.gov\/city-hall\/fire-police-pension\/more-introduction\/","name":"ADMINISTRA\u00c7\u00c3O DO PLANO - Cidade de Miami Beach","isPartOf":{"@id":"https:\/\/www.miamibeachfl.gov\/#website"},"primaryImageOfPage":{"@id":"https:\/\/www.miamibeachfl.gov\/city-hall\/fire-police-pension\/more-introduction\/#primaryimage"},"image":{"@id":"https:\/\/www.miamibeachfl.gov\/city-hall\/fire-police-pension\/more-introduction\/#primaryimage"},"thumbnailUrl":"https:\/\/www.miamibeachfl.gov\/wp-content\/uploads\/2022\/07\/hero-small.jpg","datePublished":"2017-10-02T17:50:42+00:00","dateModified":"2025-08-04T16:01:52+00:00","description":"%","breadcrumb":{"@id":"https:\/\/www.miamibeachfl.gov\/city-hall\/fire-police-pension\/more-introduction\/#breadcrumb"},"inLanguage":"pt-BR","potentialAction":[{"@type":"ReadAction","target":["https:\/\/www.miamibeachfl.gov\/city-hall\/fire-police-pension\/more-introduction\/"]}]},{"@type":"ImageObject","inLanguage":"pt-BR","@id":"https:\/\/www.miamibeachfl.gov\/city-hall\/fire-police-pension\/more-introduction\/#primaryimage","url":"https:\/\/www.miamibeachfl.gov\/wp-content\/uploads\/2022\/07\/hero-small.jpg","contentUrl":"https:\/\/www.miamibeachfl.gov\/wp-content\/uploads\/2022\/07\/hero-small.jpg"},{"@type":"BreadcrumbList","@id":"https:\/\/www.miamibeachfl.gov\/city-hall\/fire-police-pension\/more-introduction\/#breadcrumb","itemListElement":[{"@type":"ListItem","position":1,"name":"Home","item":"https:\/\/www.miamibeachfl.gov\/"},{"@type":"ListItem","position":2,"name":"City Hall","item":"https:\/\/www.miamibeachfl.gov\/city-hall\/"},{"@type":"ListItem","position":3,"name":"Fire &amp; Police Pension","item":"https:\/\/www.miamibeachfl.gov\/city-hall\/fire-police-pension\/"},{"@type":"ListItem","position":4,"name":"PLAN ADMINISTRATION"}]},{"@type":"WebSite","@id":"https:\/\/www.miamibeachfl.gov\/#website","url":"https:\/\/www.miamibeachfl.gov\/","name":"Cidade de Miami Beach","description":"Site oficial da cidade de Miami Beach. Mantenha-se informado e encontre informa\u00e7\u00f5es importantes sobre servi\u00e7os municipais, not\u00edcias, alertas, eventos, rotas de bonde, empregos p\u00fablicos e muito mais.","publisher":{"@id":"https:\/\/www.miamibeachfl.gov\/#organization"},"potentialAction":[{"@type":"SearchAction","target":{"@type":"EntryPoint","urlTemplate":"https:\/\/www.miamibeachfl.gov\/?s={search_term_string}"},"query-input":{"@type":"PropertyValueSpecification","valueRequired":true,"valueName":"search_term_string"}}],"inLanguage":"pt-BR"},{"@type":"Organization","@id":"https:\/\/www.miamibeachfl.gov\/#organization","name":"Cidade de Miami Beach","url":"https:\/\/www.miamibeachfl.gov\/","logo":{"@type":"ImageObject","inLanguage":"pt-BR","@id":"https:\/\/www.miamibeachfl.gov\/#\/schema\/logo\/image\/","url":"https:\/\/www.miamibeachfl.gov\/wp-content\/uploads\/2022\/06\/miamibeach-logoblue.png","contentUrl":"https:\/\/www.miamibeachfl.gov\/wp-content\/uploads\/2022\/06\/miamibeach-logoblue.png","width":1962,"height":381,"caption":"City of Miami Beach"},"image":{"@id":"https:\/\/www.miamibeachfl.gov\/#\/schema\/logo\/image\/"},"sameAs":["https:\/\/www.facebook.com\/cityofmiamibeach","https:\/\/x.com\/Miamibeachnews","https:\/\/www.instagram.com\/miamibeachnews\/"],"description":"Site oficial da cidade de Miami Beach. Mantenha-se informado e encontre informa\u00e7\u00f5es importantes sobre servi\u00e7os municipais, not\u00edcias, alertas, eventos, rotas de bonde, empregos p\u00fablicos e muito mais.","telephone":"305.604.CITY(2489)","legalName":"City of Miami Beach"}]}},"_links":{"self":[{"href":"https:\/\/www.miamibeachfl.gov\/pt\/wp-json\/wp\/v2\/pages\/37947","targetHints":{"allow":["GET"]}}],"collection":[{"href":"https:\/\/www.miamibeachfl.gov\/pt\/wp-json\/wp\/v2\/pages"}],"about":[{"href":"https:\/\/www.miamibeachfl.gov\/pt\/wp-json\/wp\/v2\/types\/page"}],"author":[{"embeddable":true,"href":"https:\/\/www.miamibeachfl.gov\/pt\/wp-json\/wp\/v2\/users\/222"}],"replies":[{"embeddable":true,"href":"https:\/\/www.miamibeachfl.gov\/pt\/wp-json\/wp\/v2\/comments?post=37947"}],"version-history":[{"count":9,"href":"https:\/\/www.miamibeachfl.gov\/pt\/wp-json\/wp\/v2\/pages\/37947\/revisions"}],"predecessor-version":[{"id":387418,"href":"https:\/\/www.miamibeachfl.gov\/pt\/wp-json\/wp\/v2\/pages\/37947\/revisions\/387418"}],"up":[{"embeddable":true,"href":"https:\/\/www.miamibeachfl.gov\/pt\/wp-json\/wp\/v2\/pages\/29204"}],"wp:attachment":[{"href":"https:\/\/www.miamibeachfl.gov\/pt\/wp-json\/wp\/v2\/media?parent=37947"}],"wp:term":[{"taxonomy":"category","embeddable":true,"href":"https:\/\/www.miamibeachfl.gov\/pt\/wp-json\/wp\/v2\/categories?post=37947"},{"taxonomy":"post_tag","embeddable":true,"href":"https:\/\/www.miamibeachfl.gov\/pt\/wp-json\/wp\/v2\/tags?post=37947"}],"curies":[{"name":"wp","href":"https:\/\/api.w.org\/{rel}","templated":true}]}}