{"id":382308,"date":"2025-06-12T13:01:58","date_gmt":"2025-06-12T17:01:58","guid":{"rendered":"https:\/\/www.miamibeachfl.gov\/?page_id=382308"},"modified":"2025-12-31T10:55:11","modified_gmt":"2025-12-31T15:55:11","slug":"business-tax-receipts-btr","status":"publish","type":"page","link":"https:\/\/www.miamibeachfl.gov\/pt\/city-hall\/finance\/business-tax-receipts-btr\/","title":{"rendered":"Recibo de imposto comercial, certificado de uso e inspe\u00e7\u00e3o anual de inc\u00eandio"},"content":{"rendered":"<h3>\n\t\t\tPara perguntas sobre atendimento ao cliente, ligue para nossa linha principal no n\u00famero 305.673.7420, de segunda a sexta, das 8h30 \u00e0s 18h ou envie um e-mail para <a href=\"mailto: mbhelp@miamibeachfl.gov\">mbhelp@miamibeachfl.gov <\/a>\t<\/h3>\n<h1>\n\t\t\tRecibo de imposto comercial (BTR)\t<\/h1>\n\t<nav id=\"breadcrumbs\" aria-label=\"Migalhas de p\u00e3o\"><a href=\"https:\/\/www.miamibeachfl.gov\/pt\/\">Lar<\/a> &gt; <a href=\"https:\/\/www.miamibeachfl.gov\/pt\/city-hall\/\">Prefeitura<\/a> &gt; <a href=\"https:\/\/www.miamibeachfl.gov\/pt\/city-hall\/finance\/\">Financiar<\/a> &gt; <strong>Recibo de imposto comercial, certificado de uso e inspe\u00e7\u00e3o anual de inc\u00eandio<\/strong><\/nav>\n\t<p>Voc\u00ea est\u00e1 abrindo um novo neg\u00f3cio, transferindo seu neg\u00f3cio existente, adicionando ou excluindo servi\u00e7os de sua opera\u00e7\u00e3o existente ou recebeu uma multa por n\u00e3o ter um Certificado de Uso e um Recibo de Imposto Comercial adequados?<\/p>\n\t<p>Todas as empresas que desejam operar na cidade de Miami Beach devem obter uma licen\u00e7a comercial, que inclui a <strong>Certificado de Uso (CU), Taxa Anual de Inc\u00eandio e Recibo de Imposto Comercial (BTR).<\/strong><\/p>\n<h2>\n\t\t\t Para solicitar uma UC, siga estas instru\u00e7\u00f5es:\t<\/h2>\n<h3>\n\t\t\t Requisito de revis\u00e3o de planejamento:\t<\/h3>\n\t<ul>\n<li><strong><a href=\"https:\/\/www.miamibeachfl.gov\/wp-content\/uploads\/2025\/05\/CU-Checklist-05-25.pdf\">Baixe uma lista de verifica\u00e7\u00e3o dos documentos necess\u00e1rios.<\/a><\/strong><\/li>\n<li><strong><a href=\"\/pt\/city-hall\/planning\/certificate-of-use\/\">Veja as etapas para solicitar uma UC.<\/a><\/strong><\/li>\n<\/ul>\n<h3>\n\t\t\t Requisito de inspe\u00e7\u00e3o de inc\u00eandio:\t<\/h3>\n\t<ul>\n<li><a href=\"https:\/\/energovcss.miamibeachfl.gov\/energovprod\/selfservice\"><strong>Uma vez que o pedido de CU seja aprovado<\/strong> pelo Departamento de Planejamento de Miami Beach, um requerente pode solicitar a Inspe\u00e7\u00e3o de Inc\u00eandio via Civic Access.<\/a><\/li>\n<li><strong>Uma vez aprovada a Inspe\u00e7\u00e3o de Inc\u00eandio,<\/strong> a CU ser\u00e1 emitida automaticamente, e o requerente poder\u00e1 solicitar seu BTR.<\/li>\n<\/ul>\n<h2>\n\t\t\t Para solicitar um BTR, siga estas instru\u00e7\u00f5es:\t<\/h2>\n<h3>\n\t\t<a href=\"https:\/\/energovcss.miamibeachfl.gov\/energovprod\/selfservice#\/applicationAssistant?sectionName=All&#038;moduleId=10&#038;categoryName=Business%20Tax%20Receipt&#038;showTemplates=false\" title=\"Clique aqui para se inscrever\"  target=\"_blank\"  rel=\"noopener\">\n\t\t\t Clique aqui para se inscrever\t\t<\/a>\n\t<\/h3>\n<h3>\n\t\t\t Documenta\u00e7\u00e3o necess\u00e1ria:\t<\/h3>\n\t<ul>\n<li>Certificado de Uso V\u00e1lido (CU)<\/li>\n<li>Arrendamento ou <strong><a href=\"https:\/\/www.miamidade.gov\/Apps\/PA\/PropertySearch\/#\/\">Escritura de Garantia<\/a><\/strong><\/li>\n<li><a href=\"https:\/\/www.miamidade.gov\/Apps\/RER\/EPSPortal\/PlanReview\/CUApplications\/Landing\">Departamento de Recursos Regulat\u00f3rios e Econ\u00f4micos de Miami-Dade \u2013 Certificado Municipal de Uso<\/a> (se aplic\u00e1vel)<\/li>\n<\/ul>\n\t<p><strong>Se houver uma \u201cmetragem quadrada definida\u201d e uma \u201clocaliza\u00e7\u00e3o definida\u201d para o neg\u00f3cio, ent\u00e3o ser\u00e1 necess\u00e1ria uma revis\u00e3o DERM, exceto para:<\/strong><\/p>\n<ul>\n<li>\n<ul>\n<li>Neg\u00f3cios em casa<\/li>\n<li>Unidades de aluguel de curto prazo<\/li>\n<li>Pr\u00e9dios de apartamentos e condom\u00ednios<\/li>\n<\/ul>\n<\/li>\n<\/ul>\n\t<ul>\n<li><a href=\"https:\/\/www.irs.gov\/businesses\/employer-identification-number\">N\u00famero de Identifica\u00e7\u00e3o Federal (FEIN)<\/a><\/li>\n<li><a href=\"https:\/\/dos.fl.gov\/sunbiz\/start-business\/\">Estatuto Social<\/a><\/li>\n<li><a href=\"https:\/\/dos.fl.gov\/sunbiz\/start-business\/efile\/fl-fictitious-name-registration\/#FicNameFAQ\">Nome fict\u00edcio<\/a> (se aplic\u00e1vel)<\/li>\n<li><a href=\"https:\/\/dos.fl.gov\/library-archives\/research\/florida-information\/business\/starting-a-business-in-florida\/small-business\/license\/\">Licen\u00e7a Estadual<\/a> (se aplic\u00e1vel)<\/li>\n<\/ul>\n<h3>\n\t\t\tDocumenta\u00e7\u00e3o adicional pode ser necess\u00e1ria com base no tipo de neg\u00f3cio:\t<\/h3>\n<h2>\n\t\t\tContatos:\t<\/h2>\n\t\t<h3><a href=\"mailto:MannyMarquez@miamibeachfl.gov\" target =\"_blank\" rel=\"noopener\">Manny M\u00e1rquez<\/a><\/h3>Assistente de dire\u00e7\u00e3o\n\t\t<h3><a href=\"mailto:SashaGonzalez@miamibeachfl.gov\" target =\"_blank\" rel=\"noopener\">Sasha Gonzalez<\/a><\/h3>Gerente de Atendimento ao Cliente\n<h2>\n\t\t\tLocaliza\u00e7\u00e3o:\t<\/h2>\n\t<p>1755 Meridian Avenue | Primeiro andar<\/p>\n\t<iframe src=\"https:\/\/www.google.com\/maps\/embed\/v1\/place?q=1755+Meridian+Avenue%0AMiami+Beach%2C+FL+33139&#038;key=AIzaSyD09zQ9PNDNNy9TadMuzRV_UsPUoWKntt8\" aria-hidden=\"true\" title=\"Prefeitura\"><\/iframe>\n<h2>\n\t\t\tHor\u00e1rio de funcionamento:\t<\/h2>\n\t\t\t\t Segunda a sexta, das 8h30 \u00e0s 18h. Fechado das 12h \u00e0s 13h. Diariamente, fechado das 12h \u00e0s 14h. <br \/>1\u00aa e 3\u00aa quinta-feira \u2013 Mensal\t\t\t\t\n\t<div class=\"page-navigation\"><a class=\"prev-page\" href=\"https:\/\/www.miamibeachfl.gov\/pt\/city-hall\/finance-new\/filepay-resort-tax\/\">\u2190 Pagar\/Arquivar Imposto de Resort Novo (Excluir)<\/a> <a class=\"next-page\" href=\"https:\/\/www.miamibeachfl.gov\/pt\/city-hall\/finance\/financial-documents\/\">Relat\u00f3rios Financeiros \u2192<\/a><\/div>","protected":false},"excerpt":{"rendered":"<p>For customer service questions, please call our main line at 305.673.7420, Monday through Friday from 8:30 a.m. to 6:00 p.m. [&hellip;]<\/p>\n","protected":false},"author":222,"featured_media":0,"parent":28259,"menu_order":260,"comment_status":"closed","ping_status":"closed","template":"","meta":{"_searchwp_excluded":"","site-sidebar-layout":"default","site-content-layout":"","ast-site-content-layout":"default","site-content-style":"default","site-sidebar-style":"default","ast-global-header-display":"","ast-banner-title-visibility":"","ast-main-header-display":"","ast-hfb-above-header-display":"","ast-hfb-below-header-display":"","ast-hfb-mobile-header-display":"","site-post-title":"","ast-breadcrumbs-content":"","ast-featured-img":"","footer-sml-layout":"","theme-transparent-header-meta":"","adv-header-id-meta":"","stick-header-meta":"","header-above-stick-meta":"","header-main-stick-meta":"","header-below-stick-meta":"","astra-migrate-meta-layouts":"default","ast-page-background-enabled":"default","ast-page-background-meta":{"desktop":{"background-color":"var(--ast-global-color-5)","background-image":"","background-repeat":"repeat","background-position":"center center","background-size":"auto","background-attachment":"scroll","background-type":"","background-media":"","overlay-type":"","overlay-color":"","overlay-opacity":"","overlay-gradient":""},"tablet":{"background-color":"","background-image":"","background-repeat":"repeat","background-position":"center center","background-size":"auto","background-attachment":"scroll","background-type":"","background-media":"","overlay-type":"","overlay-color":"","overlay-opacity":"","overlay-gradient":""},"mobile":{"background-color":"","background-image":"","background-repeat":"repeat","background-position":"center center","background-size":"auto","background-attachment":"scroll","background-type":"","background-media":"","overlay-type":"","overlay-color":"","overlay-opacity":"","overlay-gradient":""}},"ast-content-background-meta":{"desktop":{"background-color":"var(--ast-global-color-4)","background-image":"","background-repeat":"repeat","background-position":"center center","background-size":"auto","background-attachment":"scroll","background-type":"","background-media":"","overlay-type":"","overlay-color":"","overlay-opacity":"","overlay-gradient":""},"tablet":{"background-color":"var(--ast-global-color-4)","background-image":"","background-repeat":"repeat","background-position":"center center","background-size":"auto","background-attachment":"scroll","background-type":"","background-media":"","overlay-type":"","overlay-color":"","overlay-opacity":"","overlay-gradient":""},"mobile":{"background-color":"var(--ast-global-color-4)","background-image":"","background-repeat":"repeat","background-position":"center center","background-size":"auto","background-attachment":"scroll","background-type":"","background-media":"","overlay-type":"","overlay-color":"","overlay-opacity":"","overlay-gradient":""}},"footnotes":""},"categories":[],"tags":[1203],"class_list":["post-382308","page","type-page","status-publish","hentry","tag-exclude-from-permit-page"],"yoast_head":"<!-- This site is optimized with the Yoast SEO Premium plugin v26.6 (Yoast SEO v26.6) - https:\/\/yoast.com\/wordpress\/plugins\/seo\/ -->\n<title>Business Tax Receipt, Certificate of Use, and Annual Fire Inspection - City of Miami Beach<\/title>\n<meta name=\"description\" content=\"All businesses wishing to operate in the City of Miami Beach must obtain a Business License, which includes the Certificate of Use (CU), Annual Fire Fee, and Business Tax Receipt (BTR).\" \/>\n<meta name=\"robots\" content=\"index, follow, max-snippet:-1, max-image-preview:large, max-video-preview:-1\" \/>\n<link rel=\"canonical\" href=\"https:\/\/www.miamibeachfl.gov\/pt\/city-hall\/finance\/business-tax-receipts-btr\/\" \/>\n<meta property=\"og:locale\" content=\"pt_BR\" \/>\n<meta property=\"og:type\" content=\"article\" \/>\n<meta property=\"og:title\" content=\"Business Tax Receipt, Certificate of Use, and Annual Fire Inspection\" \/>\n<meta property=\"og:description\" content=\"All businesses wishing to operate in the City of Miami Beach must obtain a Business License, which includes the Certificate of Use (CU), Annual Fire Fee, and Business Tax Receipt (BTR).\" \/>\n<meta property=\"og:url\" content=\"https:\/\/www.miamibeachfl.gov\/pt\/city-hall\/finance\/business-tax-receipts-btr\/\" \/>\n<meta property=\"og:site_name\" content=\"City of Miami Beach\" \/>\n<meta property=\"article:publisher\" content=\"https:\/\/www.facebook.com\/cityofmiamibeach\" \/>\n<meta property=\"article:modified_time\" content=\"2025-12-31T15:55:11+00:00\" \/>\n<meta property=\"og:image\" content=\"https:\/\/www.miamibeachfl.gov\/wp-content\/uploads\/2024\/01\/1000pxSquare-miamibeach-aerial-southpointview.jpeg\" \/>\n\t<meta property=\"og:image:width\" content=\"1000\" \/>\n\t<meta property=\"og:image:height\" content=\"1000\" \/>\n\t<meta property=\"og:image:type\" content=\"image\/jpeg\" \/>\n<meta name=\"twitter:card\" content=\"summary_large_image\" \/>\n<meta name=\"twitter:site\" content=\"@Miamibeachnews\" \/>\n<script type=\"application\/ld+json\" class=\"yoast-schema-graph\">{\"@context\":\"https:\/\/schema.org\",\"@graph\":[{\"@type\":\"WebPage\",\"@id\":\"https:\/\/www.miamibeachfl.gov\/city-hall\/finance\/business-tax-receipts-btr\/\",\"url\":\"https:\/\/www.miamibeachfl.gov\/city-hall\/finance\/business-tax-receipts-btr\/\",\"name\":\"Business Tax Receipt, Certificate of Use, and Annual Fire Inspection - City of Miami Beach\",\"isPartOf\":{\"@id\":\"https:\/\/www.miamibeachfl.gov\/#website\"},\"datePublished\":\"2025-06-12T17:01:58+00:00\",\"dateModified\":\"2025-12-31T15:55:11+00:00\",\"description\":\"All businesses wishing to operate in the City of Miami Beach must obtain a Business License, which includes the Certificate of Use (CU), Annual Fire Fee, and Business Tax Receipt (BTR).\",\"breadcrumb\":{\"@id\":\"https:\/\/www.miamibeachfl.gov\/city-hall\/finance\/business-tax-receipts-btr\/#breadcrumb\"},\"inLanguage\":\"pt-BR\",\"potentialAction\":[{\"@type\":\"ReadAction\",\"target\":[\"https:\/\/www.miamibeachfl.gov\/city-hall\/finance\/business-tax-receipts-btr\/\"]}]},{\"@type\":\"BreadcrumbList\",\"@id\":\"https:\/\/www.miamibeachfl.gov\/city-hall\/finance\/business-tax-receipts-btr\/#breadcrumb\",\"itemListElement\":[{\"@type\":\"ListItem\",\"position\":1,\"name\":\"Home\",\"item\":\"https:\/\/www.miamibeachfl.gov\/\"},{\"@type\":\"ListItem\",\"position\":2,\"name\":\"City Hall\",\"item\":\"https:\/\/www.miamibeachfl.gov\/city-hall\/\"},{\"@type\":\"ListItem\",\"position\":3,\"name\":\"Finance\",\"item\":\"https:\/\/www.miamibeachfl.gov\/city-hall\/finance\/\"},{\"@type\":\"ListItem\",\"position\":4,\"name\":\"Business Tax Receipt, Certificate of Use, and Annual Fire Inspection\"}]},{\"@type\":\"WebSite\",\"@id\":\"https:\/\/www.miamibeachfl.gov\/#website\",\"url\":\"https:\/\/www.miamibeachfl.gov\/\",\"name\":\"City of Miami Beach\",\"description\":\"The official website of the City of Miami Beach. Stay informed, find important information on city services, news, alerts, events, trolley routes, government employment and more.\",\"publisher\":{\"@id\":\"https:\/\/www.miamibeachfl.gov\/#organization\"},\"potentialAction\":[{\"@type\":\"SearchAction\",\"target\":{\"@type\":\"EntryPoint\",\"urlTemplate\":\"https:\/\/www.miamibeachfl.gov\/?s={search_term_string}\"},\"query-input\":{\"@type\":\"PropertyValueSpecification\",\"valueRequired\":true,\"valueName\":\"search_term_string\"}}],\"inLanguage\":\"pt-BR\"},{\"@type\":\"Organization\",\"@id\":\"https:\/\/www.miamibeachfl.gov\/#organization\",\"name\":\"City of Miami Beach\",\"url\":\"https:\/\/www.miamibeachfl.gov\/\",\"logo\":{\"@type\":\"ImageObject\",\"inLanguage\":\"pt-BR\",\"@id\":\"https:\/\/www.miamibeachfl.gov\/#\/schema\/logo\/image\/\",\"url\":\"https:\/\/www.miamibeachfl.gov\/wp-content\/uploads\/2022\/06\/miamibeach-logoblue.png\",\"contentUrl\":\"https:\/\/www.miamibeachfl.gov\/wp-content\/uploads\/2022\/06\/miamibeach-logoblue.png\",\"width\":1962,\"height\":381,\"caption\":\"City of Miami Beach\"},\"image\":{\"@id\":\"https:\/\/www.miamibeachfl.gov\/#\/schema\/logo\/image\/\"},\"sameAs\":[\"https:\/\/www.facebook.com\/cityofmiamibeach\",\"https:\/\/x.com\/Miamibeachnews\",\"https:\/\/www.instagram.com\/miamibeachnews\/\"],\"description\":\"The official website of the City of Miami Beach. Stay informed, find important information on city services, news, alerts, events, trolley routes, government employment and more.\",\"telephone\":\"305.604.CITY(2489)\",\"legalName\":\"City of Miami Beach\"}]}<\/script>\n<!-- \/ Yoast SEO Premium plugin. -->","yoast_head_json":{"title":"Recibo de Imposto Comercial, Certificado de Uso e Inspe\u00e7\u00e3o Anual de Inc\u00eandio - Cidade de Miami Beach","description":"Todas as empresas que desejam operar na cidade de Miami Beach devem obter uma licen\u00e7a comercial, que inclui o Certificado de Uso (CU), a taxa anual de inc\u00eandio e o recibo de imposto comercial (BTR).","robots":{"index":"index","follow":"follow","max-snippet":"max-snippet:-1","max-image-preview":"max-image-preview:large","max-video-preview":"max-video-preview:-1"},"canonical":"https:\/\/www.miamibeachfl.gov\/pt\/city-hall\/finance\/business-tax-receipts-btr\/","og_locale":"pt_BR","og_type":"article","og_title":"Business Tax Receipt, Certificate of Use, and Annual Fire Inspection","og_description":"All businesses wishing to operate in the City of Miami Beach must obtain a Business License, which includes the Certificate of Use (CU), Annual Fire Fee, and Business Tax Receipt (BTR).","og_url":"https:\/\/www.miamibeachfl.gov\/pt\/city-hall\/finance\/business-tax-receipts-btr\/","og_site_name":"City of Miami Beach","article_publisher":"https:\/\/www.facebook.com\/cityofmiamibeach","article_modified_time":"2025-12-31T15:55:11+00:00","og_image":[{"width":1000,"height":1000,"url":"https:\/\/www.miamibeachfl.gov\/wp-content\/uploads\/2024\/01\/1000pxSquare-miamibeach-aerial-southpointview.jpeg","type":"image\/jpeg"}],"twitter_card":"summary_large_image","twitter_site":"@Miamibeachnews","schema":{"@context":"https:\/\/schema.org","@graph":[{"@type":"WebPage","@id":"https:\/\/www.miamibeachfl.gov\/city-hall\/finance\/business-tax-receipts-btr\/","url":"https:\/\/www.miamibeachfl.gov\/city-hall\/finance\/business-tax-receipts-btr\/","name":"Recibo de Imposto Comercial, Certificado de Uso e Inspe\u00e7\u00e3o Anual de Inc\u00eandio - Cidade de Miami Beach","isPartOf":{"@id":"https:\/\/www.miamibeachfl.gov\/#website"},"datePublished":"2025-06-12T17:01:58+00:00","dateModified":"2025-12-31T15:55:11+00:00","description":"Todas as empresas que desejam operar na cidade de Miami Beach devem obter uma licen\u00e7a comercial, que inclui o Certificado de Uso (CU), a taxa anual de inc\u00eandio e o recibo de imposto comercial (BTR).","breadcrumb":{"@id":"https:\/\/www.miamibeachfl.gov\/city-hall\/finance\/business-tax-receipts-btr\/#breadcrumb"},"inLanguage":"pt-BR","potentialAction":[{"@type":"ReadAction","target":["https:\/\/www.miamibeachfl.gov\/city-hall\/finance\/business-tax-receipts-btr\/"]}]},{"@type":"BreadcrumbList","@id":"https:\/\/www.miamibeachfl.gov\/city-hall\/finance\/business-tax-receipts-btr\/#breadcrumb","itemListElement":[{"@type":"ListItem","position":1,"name":"Home","item":"https:\/\/www.miamibeachfl.gov\/"},{"@type":"ListItem","position":2,"name":"City Hall","item":"https:\/\/www.miamibeachfl.gov\/city-hall\/"},{"@type":"ListItem","position":3,"name":"Finance","item":"https:\/\/www.miamibeachfl.gov\/city-hall\/finance\/"},{"@type":"ListItem","position":4,"name":"Business Tax Receipt, Certificate of Use, and Annual Fire Inspection"}]},{"@type":"WebSite","@id":"https:\/\/www.miamibeachfl.gov\/#website","url":"https:\/\/www.miamibeachfl.gov\/","name":"Cidade de Miami Beach","description":"Site oficial da cidade de Miami Beach. Mantenha-se informado e encontre informa\u00e7\u00f5es importantes sobre servi\u00e7os municipais, not\u00edcias, alertas, eventos, rotas de bonde, empregos p\u00fablicos e muito mais.","publisher":{"@id":"https:\/\/www.miamibeachfl.gov\/#organization"},"potentialAction":[{"@type":"SearchAction","target":{"@type":"EntryPoint","urlTemplate":"https:\/\/www.miamibeachfl.gov\/?s={search_term_string}"},"query-input":{"@type":"PropertyValueSpecification","valueRequired":true,"valueName":"search_term_string"}}],"inLanguage":"pt-BR"},{"@type":"Organization","@id":"https:\/\/www.miamibeachfl.gov\/#organization","name":"Cidade de Miami Beach","url":"https:\/\/www.miamibeachfl.gov\/","logo":{"@type":"ImageObject","inLanguage":"pt-BR","@id":"https:\/\/www.miamibeachfl.gov\/#\/schema\/logo\/image\/","url":"https:\/\/www.miamibeachfl.gov\/wp-content\/uploads\/2022\/06\/miamibeach-logoblue.png","contentUrl":"https:\/\/www.miamibeachfl.gov\/wp-content\/uploads\/2022\/06\/miamibeach-logoblue.png","width":1962,"height":381,"caption":"City of Miami Beach"},"image":{"@id":"https:\/\/www.miamibeachfl.gov\/#\/schema\/logo\/image\/"},"sameAs":["https:\/\/www.facebook.com\/cityofmiamibeach","https:\/\/x.com\/Miamibeachnews","https:\/\/www.instagram.com\/miamibeachnews\/"],"description":"Site oficial da cidade de Miami Beach. Mantenha-se informado e encontre informa\u00e7\u00f5es importantes sobre servi\u00e7os municipais, not\u00edcias, alertas, eventos, rotas de bonde, empregos p\u00fablicos e muito mais.","telephone":"305.604.CITY(2489)","legalName":"City of Miami Beach"}]}},"_links":{"self":[{"href":"https:\/\/www.miamibeachfl.gov\/pt\/wp-json\/wp\/v2\/pages\/382308","targetHints":{"allow":["GET"]}}],"collection":[{"href":"https:\/\/www.miamibeachfl.gov\/pt\/wp-json\/wp\/v2\/pages"}],"about":[{"href":"https:\/\/www.miamibeachfl.gov\/pt\/wp-json\/wp\/v2\/types\/page"}],"author":[{"embeddable":true,"href":"https:\/\/www.miamibeachfl.gov\/pt\/wp-json\/wp\/v2\/users\/222"}],"replies":[{"embeddable":true,"href":"https:\/\/www.miamibeachfl.gov\/pt\/wp-json\/wp\/v2\/comments?post=382308"}],"version-history":[{"count":11,"href":"https:\/\/www.miamibeachfl.gov\/pt\/wp-json\/wp\/v2\/pages\/382308\/revisions"}],"predecessor-version":[{"id":394168,"href":"https:\/\/www.miamibeachfl.gov\/pt\/wp-json\/wp\/v2\/pages\/382308\/revisions\/394168"}],"up":[{"embeddable":true,"href":"https:\/\/www.miamibeachfl.gov\/pt\/wp-json\/wp\/v2\/pages\/28259"}],"wp:attachment":[{"href":"https:\/\/www.miamibeachfl.gov\/pt\/wp-json\/wp\/v2\/media?parent=382308"}],"wp:term":[{"taxonomy":"category","embeddable":true,"href":"https:\/\/www.miamibeachfl.gov\/pt\/wp-json\/wp\/v2\/categories?post=382308"},{"taxonomy":"post_tag","embeddable":true,"href":"https:\/\/www.miamibeachfl.gov\/pt\/wp-json\/wp\/v2\/tags?post=382308"}],"curies":[{"name":"wp","href":"https:\/\/api.w.org\/{rel}","templated":true}]}}