{"id":384561,"date":"2025-06-23T13:16:31","date_gmt":"2025-06-23T17:16:31","guid":{"rendered":"https:\/\/www.miamibeachfl.gov\/?page_id=384561"},"modified":"2026-04-01T09:49:17","modified_gmt":"2026-04-01T13:49:17","slug":"business-open-change-relocation","status":"publish","type":"page","link":"https:\/\/www.miamibeachfl.gov\/pt\/business-open-change-relocation\/","title":{"rendered":"Abertura, mudan\u00e7a ou realoca\u00e7\u00e3o de um neg\u00f3cio"},"content":{"rendered":"<img decoding=\"async\" src=\"https:\/\/www.miamibeachfl.gov\/wp-content\/uploads\/2025\/06\/aqua-arrows-down@3x.png\" alt=\"aqua arrows pointing down\" itemprop=\"image\" height=\"415\" width=\"90\" title=\"aqua-setas-para-baixo@3x\" onerror=\"this.style.display='none'\" loading=\"lazy\" \/>\n<h2>\n\t\t\tVoc\u00ea \u00e9\t<\/h2>\n<h2>\n\t\t\tABERTURA,\t<\/h2>\n<h2>\n\t\t\tMUDANDO OU\t<\/h2>\n<h1>\n\t\t\tRealoca\u00e7\u00e3o\t<\/h1>\n<h1>\n\t\t\tseu neg\u00f3cio em Miami Beach?\t<\/h1>\n<h3>\n\t\t\tComece a seguir esses 3 passos agora mesmo para evitar atrasos desnecess\u00e1rios.\t<\/h3>\n\t<p>A Prefeitura de Miami Beach est\u00e1 trabalhando arduamente para ajudar nossos novos neg\u00f3cios a terem um in\u00edcio tranquilo e os neg\u00f3cios existentes a se manterem em boa situa\u00e7\u00e3o. Estas tr\u00eas etapas s\u00e3o importantes para que voc\u00ea tenha um \u00f3timo come\u00e7o.<\/p>\n<p>N\u00e3o desanime se lhe pedirem informa\u00e7\u00f5es adicionais durante qualquer um desses processos de inscri\u00e7\u00e3o \u2013 voc\u00ea descobrir\u00e1 mais sobre o que \u00e9 necess\u00e1rio para sua situa\u00e7\u00e3o espec\u00edfica \u00e0 medida que avan\u00e7a.<\/p>\n<p><strong>A Etapa 1 (CU) e a Etapa 2 (Revis\u00e3o do Condado) precisam ser conclu\u00eddas antes da etapa 3 (BTR); no entanto, comece a coletar os documentos necess\u00e1rios para o BTR o mais cedo poss\u00edvel para que a \u00faltima etapa seja um processo r\u00e1pido.<\/strong><\/p>\n\t\t<ul>\n\t\t\t\t\t<li>\n\t\t\t\t\t\t\t\t\t\t\t<img loading=\"lazy\" decoding=\"async\" src=\"https:\/\/www.miamibeachfl.gov\/wp-content\/uploads\/2025\/06\/arrows-right@2x.png\" alt=\"arrows-right@2x\" width=\"64\" height=\"60\" \/>\n\t\t\t\t<h3>OBSERVA\u00c7\u00c3O<\/h3>\n\t\t<p>Um Certificado Tempor\u00e1rio de Ocupa\u00e7\u00e3o (TCO) ou um Certificado de Ocupa\u00e7\u00e3o (CO) indicam que uma licen\u00e7a de constru\u00e7\u00e3o est\u00e1 pr\u00f3xima ou em fase final. TCO ou CO <strong>n\u00e3o<\/strong> autorizar a opera\u00e7\u00e3o de um neg\u00f3cio. Siga os Passos 1, 2 e 3 descritos neste guia para operar com seguran\u00e7a e dentro da lei.<\/p>\t\t\t\n\t\t\t<\/li>\n\t\t\t\t<\/ul>\n\t\t\t\t<img decoding=\"async\" src=\"https:\/\/www.miamibeachfl.gov\/wp-content\/uploads\/2025\/06\/number-one@2x.png\" alt=\"number 1\" itemprop=\"image\" height=\"74\" width=\"30\" title=\"n\u00famero um@2x\" onerror=\"this.style.display='none'\" loading=\"lazy\" \/>\n\t\t\t\t<img decoding=\"async\" src=\"https:\/\/www.miamibeachfl.gov\/wp-content\/uploads\/2025\/06\/arrowaright@2x.png\" alt=\"arrows pointing right\" itemprop=\"image\" height=\"33\" width=\"148\" title=\"seta para a direita@2x\" onerror=\"this.style.display='none'\" loading=\"lazy\" \/>\n\t\t\t\t<img decoding=\"async\" src=\"https:\/\/www.miamibeachfl.gov\/wp-content\/uploads\/2025\/06\/waitressbringingfood.jpg\" alt=\"Waitress bringing food to customers\" itemprop=\"image\" height=\"400\" width=\"400\" title=\"gar\u00e7onete trazendo comida\" onerror=\"this.style.display='none'\" loading=\"lazy\" \/>\n<h3>\n\t\t\tSolicitar um Certificado de Uso (CU)<br \/>com a cidade de Miami Beach\t<\/h3>\n\t<p>Um Certificado de Uso (CU) confirma que as opera\u00e7\u00f5es comerciais pretendidas em um local declarado est\u00e3o em conformidade com os Regulamentos de Desenvolvimento Territorial no momento da aprova\u00e7\u00e3o. Ele garante que as empresas estejam operando de forma legal e segura, e respeitando os regulamentos que protegem nossa bela cidade.<\/p>\n\t\t\t<a href=\"\/pt\/city-hall\/planning\/certificate-of-use\/\" target=\"_blank\" rel=\"noopener\">\n\t\t\t\t\t\t\tInstru\u00e7\u00f5es, incluindo requisitos e um link para o formul\u00e1rio de inscri\u00e7\u00e3o.\n\t\t\t<\/a>\n\t<p><strong>Etapa 1 D\u00favidas?<\/strong> Entre em contato com o Departamento de Planejamento e Zoneamento da Cidade de Miami Beach em <strong><a href=\"tel:3056737550\">305.673.7550<\/a><\/strong> De segunda a sexta, das 8h30 \u00e0s 16h30.<\/p>\n\t\t\t\t<img decoding=\"async\" src=\"https:\/\/www.miamibeachfl.gov\/wp-content\/uploads\/2025\/06\/number-two@2x.png\" alt=\"number 2\" itemprop=\"image\" height=\"76\" width=\"59\" title=\"n\u00famero dois@2x\" onerror=\"this.style.display='none'\" loading=\"lazy\" \/>\n\t\t\t\t<img decoding=\"async\" src=\"https:\/\/www.miamibeachfl.gov\/wp-content\/uploads\/2025\/06\/arrowaright@2x.png\" alt=\"arrows pointing right\" itemprop=\"image\" height=\"33\" width=\"148\" title=\"seta para a direita@2x\" onerror=\"this.style.display='none'\" loading=\"lazy\" \/>\n\t\t\t\t<img decoding=\"async\" src=\"https:\/\/www.miamibeachfl.gov\/wp-content\/uploads\/2025\/06\/businessmanatcomputer.jpg\" alt=\"business man on a computer\" itemprop=\"image\" height=\"400\" width=\"400\" title=\"empres\u00e1rio no computador\" onerror=\"this.style.display='none'\" loading=\"lazy\" \/>\n<h3>\n\t\t\tInscreva-se para a revis\u00e3o da CU do Condado de Miami-Dade\t<\/h3>\n\tAs empresas s\u00e3o obrigadas a obter a aprova\u00e7\u00e3o do Condado se houver uma \u201cmetragem quadrada definida\u201d e um \u201clocal definido\u201d para um<br \/>\nneg\u00f3cios. Al\u00e9m disso, dependendo do uso comercial, tamb\u00e9m pode ser necess\u00e1ria uma licen\u00e7a de opera\u00e7\u00e3o da Divis\u00e3o de Gest\u00e3o de Recursos Ambientais (DERM).\n<p>Os pedidos de CU que n\u00e3o precisam de revis\u00e3o do Condado incluem:<\/p>\n<ul>\n<li>Neg\u00f3cios em casa<\/li>\n<li>Propriedades para aluguel de curto prazo<\/li>\n<li>Pr\u00e9dios de apartamentos e condom\u00ednios<\/li>\n<\/ul>\n\t\t\t<a href=\"https:\/\/www.miamidade.gov\/Apps\/RER\/EPSPortal\/PlanReview\/CUApplications\/Landing\" target=\"_blank\" rel=\"noopener\">\n\t\t\t\t\t\t\tInstru\u00e7\u00f5es, incluindo requisitos e um link para o formul\u00e1rio de inscri\u00e7\u00e3o.\n\t\t\t<\/a>\n\t<strong>Etapa 2 D\u00favidas? <\/strong>Entre em contato com o Departamento de Recursos Regulat\u00f3rios e Econ\u00f4micos de Miami-Dade em<br \/>\n<strong><a href=\"mailto:dermplanreview@miamidade.gov\">dermplanreview@miamidade.gov<\/a> <\/strong>ou <strong><a href=\"tel:7863152800\">786.315.2800<\/a><br \/>\n<\/strong>\n\t\t\t\t<img decoding=\"async\" src=\"https:\/\/www.miamibeachfl.gov\/wp-content\/uploads\/2025\/06\/number-three@2x.png\" alt=\"number 3\" itemprop=\"image\" height=\"79\" width=\"59\" title=\"n\u00famero-tr\u00eas@2x\" onerror=\"this.style.display='none'\" loading=\"lazy\" \/>\n\t\t\t\t<img decoding=\"async\" src=\"https:\/\/www.miamibeachfl.gov\/wp-content\/uploads\/2025\/06\/arrowaright@2x.png\" alt=\"arrows pointing right\" itemprop=\"image\" height=\"33\" width=\"148\" title=\"seta para a direita@2x\" onerror=\"this.style.display='none'\" loading=\"lazy\" \/>\n<h3>\n\t\t\tSolicite um BTR junto \u00e0 cidade de Miami Beach e ao condado de Miami-Dade\t<\/h3>\n\t<p>Qualquer pessoa que forne\u00e7a bens ou servi\u00e7os ao p\u00fablico, mesmo que seja apenas uma empresa unipessoal ou uma empresa dom\u00e9stica, deve obter um Recibo de Imposto Comercial (BTR) de <strong>tanto a cidade de Miami Beach quanto o condado de Miami-Dade<\/strong> para operar. As aplica\u00e7\u00f5es requerem:<\/p>\n<ul>\n<li>CU v\u00e1lido da cidade de Miami Beach<\/li>\n<li>Contrato de loca\u00e7\u00e3o totalmente executado<\/li>\n<li>Aprova\u00e7\u00e3o do DERM e CU Municipal, se necess\u00e1rio<\/li>\n<li>N\u00famero de Identifica\u00e7\u00e3o Federal (FEIN)<\/li>\n<li>Estatuto Social<\/li>\n<li>Nome fict\u00edcio (se aplic\u00e1vel)<\/li>\n<li>Licen\u00e7a estadual (se aplic\u00e1vel)<\/li>\n<li>Documenta\u00e7\u00e3o adicional com base no tipo de neg\u00f3cio<\/li>\n<\/ul>\n\t\t\t<a href=\"\/pt\/city-hall\/finance\/business-tax-receipts-btr\/\" target=\"_blank\" rel=\"noopener\">\n\t\t\t\t\t\t\tInstru\u00e7\u00f5es, incluindo requisitos e um link para o formul\u00e1rio de inscri\u00e7\u00e3o.\n\t\t\t<\/a>\n\t<p><strong>Etapa 3 D\u00favidas?<\/strong> Entre em contato com o Centro de Atendimento ao Cliente da Cidade de Miami Beach em <strong><a href=\"tel:3056737420\">305.673.7420<\/a><\/strong> De segunda a sexta, das 8h30 \u00e0s 18h (fechado do meio-dia \u00e0s 13h).<\/p>\n\t\t\t<a href=\"\/wp-content\/uploads\/2025\/06\/OpeningABusiness_Flyer_v08.pdf\" target=\"_blank\" rel=\"noopener\">\n\t\t\t\t\t\t\tBaixar vers\u00e3o em PDF\n\t\t\t<\/a>\n\t\t\t\t<img decoding=\"async\" src=\"https:\/\/www.miamibeachfl.gov\/wp-content\/uploads\/2025\/06\/arrowaright@2x.png\" alt=\"arrows pointing right\" itemprop=\"image\" height=\"33\" width=\"148\" title=\"seta para a direita@2x\" onerror=\"this.style.display='none'\" loading=\"lazy\" \/>\n<h3>\n\t\t\tAdministrar um neg\u00f3cio pode ser intimidador, mas estamos aqui para ajudar! \t<\/h3>\n<h3>\n\t\t\tCONTATE-NOS\t<\/h3>\n\t<p><strong><a href=\"\/pt\/city-hall\/customer-service-center\/\">Centro de Atendimento ao Cliente de Miami Beach<\/a><\/strong><\/p>\n<p>Segunda a sexta | 8h30 - 18h<\/p>\n<p>(Fechado das 12h30 \u00e0s 13h)<\/p>\n<p><strong><a href=\"tel:3056737420\">305.673.7420<\/a><\/strong><\/p>","protected":false},"excerpt":{"rendered":"<p>Are you OPENING, CHANGING OR Relocating your business in Miami Beach? Start on these 3 steps right away to avoid [&hellip;]<\/p>\n","protected":false},"author":222,"featured_media":0,"parent":0,"menu_order":0,"comment_status":"closed","ping_status":"closed","template":"","meta":{"_searchwp_excluded":"","site-sidebar-layout":"default","site-content-layout":"","ast-site-content-layout":"default","site-content-style":"default","site-sidebar-style":"default","ast-global-header-display":"","ast-banner-title-visibility":"","ast-main-header-display":"","ast-hfb-above-header-display":"","ast-hfb-below-header-display":"","ast-hfb-mobile-header-display":"","site-post-title":"","ast-breadcrumbs-content":"","ast-featured-img":"","footer-sml-layout":"","theme-transparent-header-meta":"","adv-header-id-meta":"","stick-header-meta":"","header-above-stick-meta":"","header-main-stick-meta":"","header-below-stick-meta":"","astra-migrate-meta-layouts":"default","ast-page-background-enabled":"default","ast-page-background-meta":{"desktop":{"background-color":"var(--ast-global-color-5)","background-image":"","background-repeat":"repeat","background-position":"center center","background-size":"auto","background-attachment":"scroll","background-type":"","background-media":"","overlay-type":"","overlay-color":"","overlay-opacity":"","overlay-gradient":""},"tablet":{"background-color":"","background-image":"","background-repeat":"repeat","background-position":"center center","background-size":"auto","background-attachment":"scroll","background-type":"","background-media":"","overlay-type":"","overlay-color":"","overlay-opacity":"","overlay-gradient":""},"mobile":{"background-color":"","background-image":"","background-repeat":"repeat","background-position":"center center","background-size":"auto","background-attachment":"scroll","background-type":"","background-media":"","overlay-type":"","overlay-color":"","overlay-opacity":"","overlay-gradient":""}},"ast-content-background-meta":{"desktop":{"background-color":"var(--ast-global-color-4)","background-image":"","background-repeat":"repeat","background-position":"center center","background-size":"auto","background-attachment":"scroll","background-type":"","background-media":"","overlay-type":"","overlay-color":"","overlay-opacity":"","overlay-gradient":""},"tablet":{"background-color":"var(--ast-global-color-4)","background-image":"","background-repeat":"repeat","background-position":"center center","background-size":"auto","background-attachment":"scroll","background-type":"","background-media":"","overlay-type":"","overlay-color":"","overlay-opacity":"","overlay-gradient":""},"mobile":{"background-color":"var(--ast-global-color-4)","background-image":"","background-repeat":"repeat","background-position":"center center","background-size":"auto","background-attachment":"scroll","background-type":"","background-media":"","overlay-type":"","overlay-color":"","overlay-opacity":"","overlay-gradient":""}},"footnotes":""},"categories":[],"tags":[],"class_list":["post-384561","page","type-page","status-publish","hentry"],"yoast_head":"<!-- This site is optimized with the Yoast SEO Premium plugin v27.4 (Yoast SEO v27.4) - https:\/\/yoast.com\/product\/yoast-seo-premium-wordpress\/ -->\n<title>Opening Changing or Relocating a business - City of Miami Beach<\/title>\n<meta name=\"description\" content=\"The City of Miami Beach is working hard to help our new businesses have a smooth start and our existing businesses to stay in good standing. These three steps are important to \u0003get you off to a great start.\" \/>\n<meta name=\"robots\" content=\"index, follow, max-snippet:-1, max-image-preview:large, max-video-preview:-1\" \/>\n<link rel=\"canonical\" href=\"https:\/\/www.miamibeachfl.gov\/pt\/business-open-change-relocation\/\" \/>\n<meta property=\"og:locale\" content=\"pt_BR\" \/>\n<meta property=\"og:type\" content=\"article\" \/>\n<meta property=\"og:title\" content=\"Opening Changing or Relocating a business\" \/>\n<meta property=\"og:description\" content=\"The City of Miami Beach is working hard to help our new businesses have a smooth start and our existing businesses to stay in good standing. These three steps are important to \u0003get you off to a great start.\" \/>\n<meta property=\"og:url\" content=\"https:\/\/www.miamibeachfl.gov\/pt\/business-open-change-relocation\/\" \/>\n<meta property=\"og:site_name\" content=\"City of Miami Beach\" \/>\n<meta property=\"article:publisher\" content=\"https:\/\/www.facebook.com\/cityofmiamibeach\" \/>\n<meta property=\"article:modified_time\" content=\"2026-04-01T13:49:17+00:00\" \/>\n<meta property=\"og:image\" content=\"https:\/\/www.miamibeachfl.gov\/wp-content\/uploads\/2025\/06\/aqua-arrows-down@3x.png\" \/>\n<meta name=\"twitter:card\" content=\"summary_large_image\" \/>\n<meta name=\"twitter:site\" content=\"@Miamibeachnews\" \/>\n<script type=\"application\/ld+json\" class=\"yoast-schema-graph\">{\"@context\":\"https:\\\/\\\/schema.org\",\"@graph\":[{\"@type\":\"WebPage\",\"@id\":\"https:\\\/\\\/www.miamibeachfl.gov\\\/business-open-change-relocation\\\/\",\"url\":\"https:\\\/\\\/www.miamibeachfl.gov\\\/business-open-change-relocation\\\/\",\"name\":\"Opening Changing or Relocating a business - City of Miami Beach\",\"isPartOf\":{\"@id\":\"https:\\\/\\\/www.miamibeachfl.gov\\\/#website\"},\"primaryImageOfPage\":{\"@id\":\"https:\\\/\\\/www.miamibeachfl.gov\\\/business-open-change-relocation\\\/#primaryimage\"},\"image\":{\"@id\":\"https:\\\/\\\/www.miamibeachfl.gov\\\/business-open-change-relocation\\\/#primaryimage\"},\"thumbnailUrl\":\"https:\\\/\\\/www.miamibeachfl.gov\\\/wp-content\\\/uploads\\\/2025\\\/06\\\/aqua-arrows-down@3x.png\",\"datePublished\":\"2025-06-23T17:16:31+00:00\",\"dateModified\":\"2026-04-01T13:49:17+00:00\",\"description\":\"The City of Miami Beach is working hard to help our new businesses have a smooth start and our existing businesses to stay in good standing. These three steps are important to \\u0003get you off to a great start.\",\"breadcrumb\":{\"@id\":\"https:\\\/\\\/www.miamibeachfl.gov\\\/business-open-change-relocation\\\/#breadcrumb\"},\"inLanguage\":\"pt-BR\",\"potentialAction\":[{\"@type\":\"ReadAction\",\"target\":[\"https:\\\/\\\/www.miamibeachfl.gov\\\/business-open-change-relocation\\\/\"]}]},{\"@type\":\"ImageObject\",\"inLanguage\":\"pt-BR\",\"@id\":\"https:\\\/\\\/www.miamibeachfl.gov\\\/business-open-change-relocation\\\/#primaryimage\",\"url\":\"https:\\\/\\\/www.miamibeachfl.gov\\\/wp-content\\\/uploads\\\/2025\\\/06\\\/aqua-arrows-down@3x.png\",\"contentUrl\":\"https:\\\/\\\/www.miamibeachfl.gov\\\/wp-content\\\/uploads\\\/2025\\\/06\\\/aqua-arrows-down@3x.png\"},{\"@type\":\"BreadcrumbList\",\"@id\":\"https:\\\/\\\/www.miamibeachfl.gov\\\/business-open-change-relocation\\\/#breadcrumb\",\"itemListElement\":[{\"@type\":\"ListItem\",\"position\":1,\"name\":\"Home\",\"item\":\"https:\\\/\\\/www.miamibeachfl.gov\\\/\"},{\"@type\":\"ListItem\",\"position\":2,\"name\":\"Opening Changing or Relocating a business\"}]},{\"@type\":\"WebSite\",\"@id\":\"https:\\\/\\\/www.miamibeachfl.gov\\\/#website\",\"url\":\"https:\\\/\\\/www.miamibeachfl.gov\\\/\",\"name\":\"City of Miami Beach\",\"description\":\"The official website of the City of Miami Beach. Stay informed, find important information on city services, news, alerts, events, trolley routes, government employment and more.\",\"publisher\":{\"@id\":\"https:\\\/\\\/www.miamibeachfl.gov\\\/#organization\"},\"potentialAction\":[{\"@type\":\"SearchAction\",\"target\":{\"@type\":\"EntryPoint\",\"urlTemplate\":\"https:\\\/\\\/www.miamibeachfl.gov\\\/?s={search_term_string}\"},\"query-input\":{\"@type\":\"PropertyValueSpecification\",\"valueRequired\":true,\"valueName\":\"search_term_string\"}}],\"inLanguage\":\"pt-BR\"},{\"@type\":\"Organization\",\"@id\":\"https:\\\/\\\/www.miamibeachfl.gov\\\/#organization\",\"name\":\"City of Miami Beach\",\"url\":\"https:\\\/\\\/www.miamibeachfl.gov\\\/\",\"logo\":{\"@type\":\"ImageObject\",\"inLanguage\":\"pt-BR\",\"@id\":\"https:\\\/\\\/www.miamibeachfl.gov\\\/#\\\/schema\\\/logo\\\/image\\\/\",\"url\":\"https:\\\/\\\/www.miamibeachfl.gov\\\/wp-content\\\/uploads\\\/2022\\\/06\\\/miamibeach-logoblue.png\",\"contentUrl\":\"https:\\\/\\\/www.miamibeachfl.gov\\\/wp-content\\\/uploads\\\/2022\\\/06\\\/miamibeach-logoblue.png\",\"width\":1962,\"height\":381,\"caption\":\"City of Miami Beach\"},\"image\":{\"@id\":\"https:\\\/\\\/www.miamibeachfl.gov\\\/#\\\/schema\\\/logo\\\/image\\\/\"},\"sameAs\":[\"https:\\\/\\\/www.facebook.com\\\/cityofmiamibeach\",\"https:\\\/\\\/x.com\\\/Miamibeachnews\",\"https:\\\/\\\/www.instagram.com\\\/miamibeachnews\\\/\"],\"description\":\"The official website of the City of Miami Beach. Stay informed, find important information on city services, news, alerts, events, trolley routes, government employment and more.\",\"telephone\":\"305.604.CITY(2489)\",\"legalName\":\"City of Miami Beach\"}]}<\/script>\n<!-- \/ Yoast SEO Premium plugin. -->","yoast_head_json":{"title":"Opening Changing or Relocating a business - City of Miami Beach","description":"The City of Miami Beach is working hard to help our new businesses have a smooth start and our existing businesses to stay in good standing. These three steps are important to \u0003get you off to a great start.","robots":{"index":"index","follow":"follow","max-snippet":"max-snippet:-1","max-image-preview":"max-image-preview:large","max-video-preview":"max-video-preview:-1"},"canonical":"https:\/\/www.miamibeachfl.gov\/pt\/business-open-change-relocation\/","og_locale":"pt_BR","og_type":"article","og_title":"Opening Changing or Relocating a business","og_description":"The City of Miami Beach is working hard to help our new businesses have a smooth start and our existing businesses to stay in good standing. These three steps are important to \u0003get you off to a great start.","og_url":"https:\/\/www.miamibeachfl.gov\/pt\/business-open-change-relocation\/","og_site_name":"City of Miami Beach","article_publisher":"https:\/\/www.facebook.com\/cityofmiamibeach","article_modified_time":"2026-04-01T13:49:17+00:00","og_image":[{"url":"https:\/\/www.miamibeachfl.gov\/wp-content\/uploads\/2025\/06\/aqua-arrows-down@3x.png","type":"","width":"","height":""}],"twitter_card":"summary_large_image","twitter_site":"@Miamibeachnews","schema":{"@context":"https:\/\/schema.org","@graph":[{"@type":"WebPage","@id":"https:\/\/www.miamibeachfl.gov\/business-open-change-relocation\/","url":"https:\/\/www.miamibeachfl.gov\/business-open-change-relocation\/","name":"Opening Changing or Relocating a business - City of Miami Beach","isPartOf":{"@id":"https:\/\/www.miamibeachfl.gov\/#website"},"primaryImageOfPage":{"@id":"https:\/\/www.miamibeachfl.gov\/business-open-change-relocation\/#primaryimage"},"image":{"@id":"https:\/\/www.miamibeachfl.gov\/business-open-change-relocation\/#primaryimage"},"thumbnailUrl":"https:\/\/www.miamibeachfl.gov\/wp-content\/uploads\/2025\/06\/aqua-arrows-down@3x.png","datePublished":"2025-06-23T17:16:31+00:00","dateModified":"2026-04-01T13:49:17+00:00","description":"The City of Miami Beach is working hard to help our new businesses have a smooth start and our existing businesses to stay in good standing. These three steps are important to \u0003get you off to a great start.","breadcrumb":{"@id":"https:\/\/www.miamibeachfl.gov\/business-open-change-relocation\/#breadcrumb"},"inLanguage":"pt-BR","potentialAction":[{"@type":"ReadAction","target":["https:\/\/www.miamibeachfl.gov\/business-open-change-relocation\/"]}]},{"@type":"ImageObject","inLanguage":"pt-BR","@id":"https:\/\/www.miamibeachfl.gov\/business-open-change-relocation\/#primaryimage","url":"https:\/\/www.miamibeachfl.gov\/wp-content\/uploads\/2025\/06\/aqua-arrows-down@3x.png","contentUrl":"https:\/\/www.miamibeachfl.gov\/wp-content\/uploads\/2025\/06\/aqua-arrows-down@3x.png"},{"@type":"BreadcrumbList","@id":"https:\/\/www.miamibeachfl.gov\/business-open-change-relocation\/#breadcrumb","itemListElement":[{"@type":"ListItem","position":1,"name":"Home","item":"https:\/\/www.miamibeachfl.gov\/"},{"@type":"ListItem","position":2,"name":"Opening Changing or Relocating a business"}]},{"@type":"WebSite","@id":"https:\/\/www.miamibeachfl.gov\/#website","url":"https:\/\/www.miamibeachfl.gov\/","name":"Cidade de Miami Beach","description":"Site oficial da cidade de Miami Beach. Mantenha-se informado e encontre informa\u00e7\u00f5es importantes sobre servi\u00e7os municipais, not\u00edcias, alertas, eventos, rotas de bonde, empregos p\u00fablicos e muito mais.","publisher":{"@id":"https:\/\/www.miamibeachfl.gov\/#organization"},"potentialAction":[{"@type":"SearchAction","target":{"@type":"EntryPoint","urlTemplate":"https:\/\/www.miamibeachfl.gov\/?s={search_term_string}"},"query-input":{"@type":"PropertyValueSpecification","valueRequired":true,"valueName":"search_term_string"}}],"inLanguage":"pt-BR"},{"@type":"Organization","@id":"https:\/\/www.miamibeachfl.gov\/#organization","name":"Cidade de Miami Beach","url":"https:\/\/www.miamibeachfl.gov\/","logo":{"@type":"ImageObject","inLanguage":"pt-BR","@id":"https:\/\/www.miamibeachfl.gov\/#\/schema\/logo\/image\/","url":"https:\/\/www.miamibeachfl.gov\/wp-content\/uploads\/2022\/06\/miamibeach-logoblue.png","contentUrl":"https:\/\/www.miamibeachfl.gov\/wp-content\/uploads\/2022\/06\/miamibeach-logoblue.png","width":1962,"height":381,"caption":"City of Miami Beach"},"image":{"@id":"https:\/\/www.miamibeachfl.gov\/#\/schema\/logo\/image\/"},"sameAs":["https:\/\/www.facebook.com\/cityofmiamibeach","https:\/\/x.com\/Miamibeachnews","https:\/\/www.instagram.com\/miamibeachnews\/"],"description":"Site oficial da cidade de Miami Beach. Mantenha-se informado e encontre informa\u00e7\u00f5es importantes sobre servi\u00e7os municipais, not\u00edcias, alertas, eventos, rotas de bonde, empregos p\u00fablicos e muito mais.","telephone":"305.604.CITY(2489)","legalName":"City of Miami Beach"}]}},"_links":{"self":[{"href":"https:\/\/www.miamibeachfl.gov\/pt\/wp-json\/wp\/v2\/pages\/384561","targetHints":{"allow":["GET"]}}],"collection":[{"href":"https:\/\/www.miamibeachfl.gov\/pt\/wp-json\/wp\/v2\/pages"}],"about":[{"href":"https:\/\/www.miamibeachfl.gov\/pt\/wp-json\/wp\/v2\/types\/page"}],"author":[{"embeddable":true,"href":"https:\/\/www.miamibeachfl.gov\/pt\/wp-json\/wp\/v2\/users\/222"}],"replies":[{"embeddable":true,"href":"https:\/\/www.miamibeachfl.gov\/pt\/wp-json\/wp\/v2\/comments?post=384561"}],"version-history":[{"count":11,"href":"https:\/\/www.miamibeachfl.gov\/pt\/wp-json\/wp\/v2\/pages\/384561\/revisions"}],"predecessor-version":[{"id":398194,"href":"https:\/\/www.miamibeachfl.gov\/pt\/wp-json\/wp\/v2\/pages\/384561\/revisions\/398194"}],"wp:attachment":[{"href":"https:\/\/www.miamibeachfl.gov\/pt\/wp-json\/wp\/v2\/media?parent=384561"}],"wp:term":[{"taxonomy":"category","embeddable":true,"href":"https:\/\/www.miamibeachfl.gov\/pt\/wp-json\/wp\/v2\/categories?post=384561"},{"taxonomy":"post_tag","embeddable":true,"href":"https:\/\/www.miamibeachfl.gov\/pt\/wp-json\/wp\/v2\/tags?post=384561"}],"curies":[{"name":"wp","href":"https:\/\/api.w.org\/{rel}","templated":true}]}}