{"id":385583,"date":"2025-06-30T11:04:42","date_gmt":"2025-06-30T15:04:42","guid":{"rendered":"https:\/\/www.miamibeachfl.gov\/?page_id=385583"},"modified":"2025-06-30T13:17:55","modified_gmt":"2025-06-30T17:17:55","slug":"michelejones","status":"publish","type":"page","link":"https:\/\/www.miamibeachfl.gov\/pt\/city-hall\/city-attorney\/attorneys\/michelejones\/","title":{"rendered":"Michele Jones \u2013 Procuradora Assistente S\u00eanior da Cidade"},"content":{"rendered":"<h1>\n\t\t\tMichele Jones\t<\/h1>\n<h1>\n\t\t\tProcurador Assistente S\u00eanior da Cidade\t<\/h1>\nProcurador da Cidade\t\t\t\n\t\t\t\t\t<ul id=\"menu-city-attorney\"><li id=\"menu-item-281297\"><a href=\"\/pt\/city-hall\/city-attorney\/\">P\u00e1gina inicial do procurador da cidade<\/a><\/li>\n<li id=\"menu-item-281298\"><a href=\"\/pt\/city-hall\/city-attorney\/attorneys\/\">Advogados<\/a><\/li>\n<li id=\"menu-item-281299\"><a href=\"\/pt\/city-hall\/city-attorney\/internships\/\">Est\u00e1gios<\/a><\/li>\n<li id=\"menu-item-281302\"><a href=\"\/pt\/city-hall\/city-attorney\/history-of-previous-attorneys\/\">Ex-procuradores da cidade<\/a><\/li>\n<\/ul>\t\nProcurador da Cidade \u00d7\t\t\t\t\t\t<ul id=\"menu-city-attorney-1\"><li id=\"menu-item-281297\"><a href=\"\/pt\/city-hall\/city-attorney\/\">P\u00e1gina inicial do procurador da cidade<\/a><\/li>\n<li id=\"menu-item-281298\"><a href=\"\/pt\/city-hall\/city-attorney\/attorneys\/\">Advogados<\/a><\/li>\n<li id=\"menu-item-281299\"><a href=\"\/pt\/city-hall\/city-attorney\/internships\/\">Est\u00e1gios<\/a><\/li>\n<li id=\"menu-item-281302\"><a href=\"\/pt\/city-hall\/city-attorney\/history-of-previous-attorneys\/\">Ex-procuradores da cidade<\/a><\/li>\n<\/ul>\t\t\t\t\n\t\t\t\t<img decoding=\"async\" src=\"https:\/\/www.miamibeachfl.gov\/wp-content\/uploads\/bb-plugin\/cache\/MicheleJones_Attorney-circle.png\" alt=\"Michele Jones\" title=\"MicheleJones_Advogada\" itemprop=\"image\"\/>\n\t\t<h2>\n\t\t\tNovos Uniformes\t<\/h2>\n\t<p><strong>Educa\u00e7\u00e3o:<\/strong> Universidade da Fl\u00f3rida, 2006 (Bacharelado em Ci\u00eancia Pol\u00edtica, com especializa\u00e7\u00e3o em Lideran\u00e7a Organizacional Sem Fins Lucrativos); Faculdade de Direito da Universidade Howard, 2009 (JD)<\/p>\n<p><strong>Membro:<\/strong> Fl\u00f3rida; Washington, DC; e Tribunal Distrital dos EUA para o Distrito Sul da Fl\u00f3rida<\/p>\n<p>Michele Jones \u00e9 uma litigante e consultora experiente que se juntou ao Gabinete do Procurador da Cidade como Consultora Jur\u00eddica Policial para o Departamento de Pol\u00edcia da Cidade de Miami Beach em 2025. Suas principais responsabilidades incluem fornecer aconselhamento jur\u00eddico e treinamento ao Departamento de Pol\u00edcia de Miami Beach, supervisionar a equipe do Minist\u00e9rio P\u00fablico Municipal e litigar quest\u00f5es relativas ao Departamento de Pol\u00edcia de Miami Beach.<\/p>\n<p>Antes de ser contratada pela Prefeitura de Miami Beach, a Sra. Jones atuou na \u00e1rea de direito trabalhista como Conselheira Chefe Adjunta do Departamento de Seguran\u00e7a Interna e como Conselheira Geral Associada do Conselho Escolar do Condado de Miami-Dade, Fl\u00f3rida. Tamb\u00e9m no Conselho Escolar, a Sra. Jones assessorou o Departamento de Pol\u00edcia Escolar de Miami-Dade e defendeu o Conselho Escolar em lit\u00edgios relacionados ao T\u00edtulo IX e \u00e0 discrimina\u00e7\u00e3o em tribunais estaduais e federais. Al\u00e9m disso, lecionou Fundamentos da Justi\u00e7a Criminal no Programa de Direito Magnet das Escolas P\u00fablicas do Condado de Miami-Dade.<\/p>\n<p>A Sra. Jones iniciou sua carreira jur\u00eddica como Promotora P\u00fablica Assistente no Gabinete do Promotor P\u00fablico do Condado de Miami-Dade, onde passou v\u00e1rios anos processando infratores violentos e reincidentes como parte da Unidade de Roubos e Furtos. A Sra. Jones foi membro fundadora do conselho executivo da Charles B. Morton Jr., Cap\u00edtulo Sul da Fl\u00f3rida, da Associa\u00e7\u00e3o Nacional de Promotores Negros.<\/p>","protected":false},"excerpt":{"rendered":"<p>Michele Jones Procuradora-Geral Assistente S\u00eanior Procuradora-Geral Procuradora-Geral Procuradora-Geral P\u00e1gina Inicial Advogados Est\u00e1gios Procuradores-Gerais Anteriores Procuradora-Geral \u00d7 Cidade [\u2026]<\/p>","protected":false},"author":222,"featured_media":385584,"parent":281293,"menu_order":15,"comment_status":"closed","ping_status":"closed","template":"","meta":{"_searchwp_excluded":"","site-sidebar-layout":"default","site-content-layout":"","ast-site-content-layout":"default","site-content-style":"default","site-sidebar-style":"default","ast-global-header-display":"","ast-banner-title-visibility":"","ast-main-header-display":"","ast-hfb-above-header-display":"","ast-hfb-below-header-display":"","ast-hfb-mobile-header-display":"","site-post-title":"","ast-breadcrumbs-content":"","ast-featured-img":"","footer-sml-layout":"","theme-transparent-header-meta":"","adv-header-id-meta":"","stick-header-meta":"","header-above-stick-meta":"","header-main-stick-meta":"","header-below-stick-meta":"","astra-migrate-meta-layouts":"default","ast-page-background-enabled":"default","ast-page-background-meta":{"desktop":{"background-color":"var(--ast-global-color-5)","background-image":"","background-repeat":"repeat","background-position":"center center","background-size":"auto","background-attachment":"scroll","background-type":"","background-media":"","overlay-type":"","overlay-color":"","overlay-opacity":"","overlay-gradient":""},"tablet":{"background-color":"","background-image":"","background-repeat":"repeat","background-position":"center center","background-size":"auto","background-attachment":"scroll","background-type":"","background-media":"","overlay-type":"","overlay-color":"","overlay-opacity":"","overlay-gradient":""},"mobile":{"background-color":"","background-image":"","background-repeat":"repeat","background-position":"center center","background-size":"auto","background-attachment":"scroll","background-type":"","background-media":"","overlay-type":"","overlay-color":"","overlay-opacity":"","overlay-gradient":""}},"ast-content-background-meta":{"desktop":{"background-color":"var(--ast-global-color-4)","background-image":"","background-repeat":"repeat","background-position":"center center","background-size":"auto","background-attachment":"scroll","background-type":"","background-media":"","overlay-type":"","overlay-color":"","overlay-opacity":"","overlay-gradient":""},"tablet":{"background-color":"var(--ast-global-color-4)","background-image":"","background-repeat":"repeat","background-position":"center center","background-size":"auto","background-attachment":"scroll","background-type":"","background-media":"","overlay-type":"","overlay-color":"","overlay-opacity":"","overlay-gradient":""},"mobile":{"background-color":"var(--ast-global-color-4)","background-image":"","background-repeat":"repeat","background-position":"center center","background-size":"auto","background-attachment":"scroll","background-type":"","background-media":"","overlay-type":"","overlay-color":"","overlay-opacity":"","overlay-gradient":""}},"footnotes":""},"categories":[],"tags":[1132,1815],"class_list":["post-385583","page","type-page","status-publish","has-post-thumbnail","hentry","tag-city-attorneys","tag-michelle-jones"],"yoast_head":"<!-- This site is optimized with the Yoast SEO Premium plugin v26.6 (Yoast SEO v26.6) - https:\/\/yoast.com\/wordpress\/plugins\/seo\/ -->\n<title>Michele Jones - Senior Assistant City Attorney - City of Miami Beach<\/title>\n<meta name=\"description\" content=\"Michele Jones is a seasoned litigator and advisor who joined the City Attorney&#039;s Office as a Police Legal Advisor for the City of Miami Beach Police Department in 2025. Her primary responsibilities include providing legal advice and training to the Miami Beach Police Department, overseeing the Municipal Prosecution team, and litigating matters concerning the Miami Beach Police Department.\" \/>\n<meta name=\"robots\" content=\"index, follow, max-snippet:-1, max-image-preview:large, max-video-preview:-1\" \/>\n<link rel=\"canonical\" href=\"https:\/\/www.miamibeachfl.gov\/pt\/city-hall\/city-attorney\/attorneys\/michelejones\/\" \/>\n<meta property=\"og:locale\" content=\"pt_BR\" \/>\n<meta property=\"og:type\" content=\"article\" \/>\n<meta property=\"og:title\" content=\"Michele Jones - Senior Assistant City Attorney\" \/>\n<meta property=\"og:description\" content=\"Michele Jones is a seasoned litigator and advisor who joined the City Attorney&#039;s Office as a Police Legal Advisor for the City of Miami Beach Police Department in 2025. Her primary responsibilities include providing legal advice and training to the Miami Beach Police Department, overseeing the Municipal Prosecution team, and litigating matters concerning the Miami Beach Police Department.\" \/>\n<meta property=\"og:url\" content=\"https:\/\/www.miamibeachfl.gov\/pt\/city-hall\/city-attorney\/attorneys\/michelejones\/\" \/>\n<meta property=\"og:site_name\" content=\"City of Miami Beach\" \/>\n<meta property=\"article:publisher\" content=\"https:\/\/www.facebook.com\/cityofmiamibeach\" \/>\n<meta property=\"article:modified_time\" content=\"2025-06-30T17:17:55+00:00\" \/>\n<meta property=\"og:image\" content=\"https:\/\/www.miamibeachfl.gov\/wp-content\/uploads\/2025\/06\/MicheleJones_Attorney.png\" \/>\n\t<meta property=\"og:image:width\" content=\"249\" \/>\n\t<meta property=\"og:image:height\" content=\"250\" \/>\n\t<meta property=\"og:image:type\" content=\"image\/png\" \/>\n<meta name=\"twitter:card\" content=\"summary_large_image\" \/>\n<meta name=\"twitter:site\" content=\"@Miamibeachnews\" \/>\n<script type=\"application\/ld+json\" class=\"yoast-schema-graph\">{\"@context\":\"https:\/\/schema.org\",\"@graph\":[{\"@type\":\"WebPage\",\"@id\":\"https:\/\/www.miamibeachfl.gov\/city-hall\/city-attorney\/attorneys\/michelejones\/\",\"url\":\"https:\/\/www.miamibeachfl.gov\/city-hall\/city-attorney\/attorneys\/michelejones\/\",\"name\":\"Michele Jones - Senior Assistant City Attorney - City of Miami Beach\",\"isPartOf\":{\"@id\":\"https:\/\/www.miamibeachfl.gov\/#website\"},\"primaryImageOfPage\":{\"@id\":\"https:\/\/www.miamibeachfl.gov\/city-hall\/city-attorney\/attorneys\/michelejones\/#primaryimage\"},\"image\":{\"@id\":\"https:\/\/www.miamibeachfl.gov\/city-hall\/city-attorney\/attorneys\/michelejones\/#primaryimage\"},\"thumbnailUrl\":\"https:\/\/www.miamibeachfl.gov\/wp-content\/uploads\/2025\/06\/MicheleJones_Attorney.png\",\"datePublished\":\"2025-06-30T15:04:42+00:00\",\"dateModified\":\"2025-06-30T17:17:55+00:00\",\"description\":\"Michele Jones is a seasoned litigator and advisor who joined the City Attorney's Office as a Police Legal Advisor for the City of Miami Beach Police Department in 2025. Her primary responsibilities include providing legal advice and training to the Miami Beach Police Department, overseeing the Municipal Prosecution team, and litigating matters concerning the Miami Beach Police Department.\",\"breadcrumb\":{\"@id\":\"https:\/\/www.miamibeachfl.gov\/city-hall\/city-attorney\/attorneys\/michelejones\/#breadcrumb\"},\"inLanguage\":\"pt-BR\",\"potentialAction\":[{\"@type\":\"ReadAction\",\"target\":[\"https:\/\/www.miamibeachfl.gov\/city-hall\/city-attorney\/attorneys\/michelejones\/\"]}]},{\"@type\":\"ImageObject\",\"inLanguage\":\"pt-BR\",\"@id\":\"https:\/\/www.miamibeachfl.gov\/city-hall\/city-attorney\/attorneys\/michelejones\/#primaryimage\",\"url\":\"https:\/\/www.miamibeachfl.gov\/wp-content\/uploads\/2025\/06\/MicheleJones_Attorney.png\",\"contentUrl\":\"https:\/\/www.miamibeachfl.gov\/wp-content\/uploads\/2025\/06\/MicheleJones_Attorney.png\",\"width\":249,\"height\":250,\"caption\":\"Michele Jones\"},{\"@type\":\"BreadcrumbList\",\"@id\":\"https:\/\/www.miamibeachfl.gov\/city-hall\/city-attorney\/attorneys\/michelejones\/#breadcrumb\",\"itemListElement\":[{\"@type\":\"ListItem\",\"position\":1,\"name\":\"Home\",\"item\":\"https:\/\/www.miamibeachfl.gov\/\"},{\"@type\":\"ListItem\",\"position\":2,\"name\":\"City Hall\",\"item\":\"https:\/\/www.miamibeachfl.gov\/city-hall\/\"},{\"@type\":\"ListItem\",\"position\":3,\"name\":\"City Attorney\",\"item\":\"https:\/\/www.miamibeachfl.gov\/city-hall\/city-attorney\/\"},{\"@type\":\"ListItem\",\"position\":4,\"name\":\"City of Miami Beach Attorneys\",\"item\":\"https:\/\/www.miamibeachfl.gov\/city-hall\/city-attorney\/attorneys\/\"},{\"@type\":\"ListItem\",\"position\":5,\"name\":\"Michele Jones &#8211; Senior Assistant City Attorney\"}]},{\"@type\":\"WebSite\",\"@id\":\"https:\/\/www.miamibeachfl.gov\/#website\",\"url\":\"https:\/\/www.miamibeachfl.gov\/\",\"name\":\"City of Miami Beach\",\"description\":\"The official website of the City of Miami Beach. Stay informed, find important information on city services, news, alerts, events, trolley routes, government employment and more.\",\"publisher\":{\"@id\":\"https:\/\/www.miamibeachfl.gov\/#organization\"},\"potentialAction\":[{\"@type\":\"SearchAction\",\"target\":{\"@type\":\"EntryPoint\",\"urlTemplate\":\"https:\/\/www.miamibeachfl.gov\/?s={search_term_string}\"},\"query-input\":{\"@type\":\"PropertyValueSpecification\",\"valueRequired\":true,\"valueName\":\"search_term_string\"}}],\"inLanguage\":\"pt-BR\"},{\"@type\":\"Organization\",\"@id\":\"https:\/\/www.miamibeachfl.gov\/#organization\",\"name\":\"City of Miami Beach\",\"url\":\"https:\/\/www.miamibeachfl.gov\/\",\"logo\":{\"@type\":\"ImageObject\",\"inLanguage\":\"pt-BR\",\"@id\":\"https:\/\/www.miamibeachfl.gov\/#\/schema\/logo\/image\/\",\"url\":\"https:\/\/www.miamibeachfl.gov\/wp-content\/uploads\/2022\/06\/miamibeach-logoblue.png\",\"contentUrl\":\"https:\/\/www.miamibeachfl.gov\/wp-content\/uploads\/2022\/06\/miamibeach-logoblue.png\",\"width\":1962,\"height\":381,\"caption\":\"City of Miami Beach\"},\"image\":{\"@id\":\"https:\/\/www.miamibeachfl.gov\/#\/schema\/logo\/image\/\"},\"sameAs\":[\"https:\/\/www.facebook.com\/cityofmiamibeach\",\"https:\/\/x.com\/Miamibeachnews\",\"https:\/\/www.instagram.com\/miamibeachnews\/\"],\"description\":\"The official website of the City of Miami Beach. Stay informed, find important information on city services, news, alerts, events, trolley routes, government employment and more.\",\"telephone\":\"305.604.CITY(2489)\",\"legalName\":\"City of Miami Beach\"}]}<\/script>\n<!-- \/ Yoast SEO Premium plugin. -->","yoast_head_json":{"title":"Michele Jones - Senior Assistant City Attorney - City of Miami Beach","description":"Michele Jones \u00e9 uma litigante e consultora experiente que se juntou ao Gabinete do Procurador da Cidade como Consultora Jur\u00eddica Policial para o Departamento de Pol\u00edcia da Cidade de Miami Beach em 2025. Suas principais responsabilidades incluem fornecer aconselhamento jur\u00eddico e treinamento ao Departamento de Pol\u00edcia de Miami Beach, supervisionar a equipe do Minist\u00e9rio P\u00fablico Municipal e litigar quest\u00f5es relativas ao Departamento de Pol\u00edcia de Miami Beach.","robots":{"index":"index","follow":"follow","max-snippet":"max-snippet:-1","max-image-preview":"max-image-preview:large","max-video-preview":"max-video-preview:-1"},"canonical":"https:\/\/www.miamibeachfl.gov\/pt\/city-hall\/city-attorney\/attorneys\/michelejones\/","og_locale":"pt_BR","og_type":"article","og_title":"Michele Jones - Senior Assistant City Attorney","og_description":"Michele Jones is a seasoned litigator and advisor who joined the City Attorney's Office as a Police Legal Advisor for the City of Miami Beach Police Department in 2025. Her primary responsibilities include providing legal advice and training to the Miami Beach Police Department, overseeing the Municipal Prosecution team, and litigating matters concerning the Miami Beach Police Department.","og_url":"https:\/\/www.miamibeachfl.gov\/pt\/city-hall\/city-attorney\/attorneys\/michelejones\/","og_site_name":"City of Miami Beach","article_publisher":"https:\/\/www.facebook.com\/cityofmiamibeach","article_modified_time":"2025-06-30T17:17:55+00:00","og_image":[{"width":249,"height":250,"url":"https:\/\/www.miamibeachfl.gov\/wp-content\/uploads\/2025\/06\/MicheleJones_Attorney.png","type":"image\/png"}],"twitter_card":"summary_large_image","twitter_site":"@Miamibeachnews","schema":{"@context":"https:\/\/schema.org","@graph":[{"@type":"WebPage","@id":"https:\/\/www.miamibeachfl.gov\/city-hall\/city-attorney\/attorneys\/michelejones\/","url":"https:\/\/www.miamibeachfl.gov\/city-hall\/city-attorney\/attorneys\/michelejones\/","name":"Michele Jones - Senior Assistant City Attorney - City of Miami Beach","isPartOf":{"@id":"https:\/\/www.miamibeachfl.gov\/#website"},"primaryImageOfPage":{"@id":"https:\/\/www.miamibeachfl.gov\/city-hall\/city-attorney\/attorneys\/michelejones\/#primaryimage"},"image":{"@id":"https:\/\/www.miamibeachfl.gov\/city-hall\/city-attorney\/attorneys\/michelejones\/#primaryimage"},"thumbnailUrl":"https:\/\/www.miamibeachfl.gov\/wp-content\/uploads\/2025\/06\/MicheleJones_Attorney.png","datePublished":"2025-06-30T15:04:42+00:00","dateModified":"2025-06-30T17:17:55+00:00","description":"Michele Jones \u00e9 uma litigante e consultora experiente que se juntou ao Gabinete do Procurador da Cidade como Consultora Jur\u00eddica Policial para o Departamento de Pol\u00edcia da Cidade de Miami Beach em 2025. Suas principais responsabilidades incluem fornecer aconselhamento jur\u00eddico e treinamento ao Departamento de Pol\u00edcia de Miami Beach, supervisionar a equipe do Minist\u00e9rio P\u00fablico Municipal e litigar quest\u00f5es relativas ao Departamento de Pol\u00edcia de Miami Beach.","breadcrumb":{"@id":"https:\/\/www.miamibeachfl.gov\/city-hall\/city-attorney\/attorneys\/michelejones\/#breadcrumb"},"inLanguage":"pt-BR","potentialAction":[{"@type":"ReadAction","target":["https:\/\/www.miamibeachfl.gov\/city-hall\/city-attorney\/attorneys\/michelejones\/"]}]},{"@type":"ImageObject","inLanguage":"pt-BR","@id":"https:\/\/www.miamibeachfl.gov\/city-hall\/city-attorney\/attorneys\/michelejones\/#primaryimage","url":"https:\/\/www.miamibeachfl.gov\/wp-content\/uploads\/2025\/06\/MicheleJones_Attorney.png","contentUrl":"https:\/\/www.miamibeachfl.gov\/wp-content\/uploads\/2025\/06\/MicheleJones_Attorney.png","width":249,"height":250,"caption":"Michele Jones"},{"@type":"BreadcrumbList","@id":"https:\/\/www.miamibeachfl.gov\/city-hall\/city-attorney\/attorneys\/michelejones\/#breadcrumb","itemListElement":[{"@type":"ListItem","position":1,"name":"Home","item":"https:\/\/www.miamibeachfl.gov\/"},{"@type":"ListItem","position":2,"name":"City Hall","item":"https:\/\/www.miamibeachfl.gov\/city-hall\/"},{"@type":"ListItem","position":3,"name":"City Attorney","item":"https:\/\/www.miamibeachfl.gov\/city-hall\/city-attorney\/"},{"@type":"ListItem","position":4,"name":"City of Miami Beach Attorneys","item":"https:\/\/www.miamibeachfl.gov\/city-hall\/city-attorney\/attorneys\/"},{"@type":"ListItem","position":5,"name":"Michele Jones &#8211; Senior Assistant City Attorney"}]},{"@type":"WebSite","@id":"https:\/\/www.miamibeachfl.gov\/#website","url":"https:\/\/www.miamibeachfl.gov\/","name":"Cidade de Miami Beach","description":"Site oficial da cidade de Miami Beach. Mantenha-se informado e encontre informa\u00e7\u00f5es importantes sobre servi\u00e7os municipais, not\u00edcias, alertas, eventos, rotas de bonde, empregos p\u00fablicos e muito mais.","publisher":{"@id":"https:\/\/www.miamibeachfl.gov\/#organization"},"potentialAction":[{"@type":"SearchAction","target":{"@type":"EntryPoint","urlTemplate":"https:\/\/www.miamibeachfl.gov\/?s={search_term_string}"},"query-input":{"@type":"PropertyValueSpecification","valueRequired":true,"valueName":"search_term_string"}}],"inLanguage":"pt-BR"},{"@type":"Organization","@id":"https:\/\/www.miamibeachfl.gov\/#organization","name":"Cidade de Miami Beach","url":"https:\/\/www.miamibeachfl.gov\/","logo":{"@type":"ImageObject","inLanguage":"pt-BR","@id":"https:\/\/www.miamibeachfl.gov\/#\/schema\/logo\/image\/","url":"https:\/\/www.miamibeachfl.gov\/wp-content\/uploads\/2022\/06\/miamibeach-logoblue.png","contentUrl":"https:\/\/www.miamibeachfl.gov\/wp-content\/uploads\/2022\/06\/miamibeach-logoblue.png","width":1962,"height":381,"caption":"City of Miami Beach"},"image":{"@id":"https:\/\/www.miamibeachfl.gov\/#\/schema\/logo\/image\/"},"sameAs":["https:\/\/www.facebook.com\/cityofmiamibeach","https:\/\/x.com\/Miamibeachnews","https:\/\/www.instagram.com\/miamibeachnews\/"],"description":"Site oficial da cidade de Miami Beach. Mantenha-se informado e encontre informa\u00e7\u00f5es importantes sobre servi\u00e7os municipais, not\u00edcias, alertas, eventos, rotas de bonde, empregos p\u00fablicos e muito mais.","telephone":"305.604.CITY(2489)","legalName":"City of Miami Beach"}]}},"_links":{"self":[{"href":"https:\/\/www.miamibeachfl.gov\/pt\/wp-json\/wp\/v2\/pages\/385583","targetHints":{"allow":["GET"]}}],"collection":[{"href":"https:\/\/www.miamibeachfl.gov\/pt\/wp-json\/wp\/v2\/pages"}],"about":[{"href":"https:\/\/www.miamibeachfl.gov\/pt\/wp-json\/wp\/v2\/types\/page"}],"author":[{"embeddable":true,"href":"https:\/\/www.miamibeachfl.gov\/pt\/wp-json\/wp\/v2\/users\/222"}],"replies":[{"embeddable":true,"href":"https:\/\/www.miamibeachfl.gov\/pt\/wp-json\/wp\/v2\/comments?post=385583"}],"version-history":[{"count":0,"href":"https:\/\/www.miamibeachfl.gov\/pt\/wp-json\/wp\/v2\/pages\/385583\/revisions"}],"up":[{"embeddable":true,"href":"https:\/\/www.miamibeachfl.gov\/pt\/wp-json\/wp\/v2\/pages\/281293"}],"wp:featuredmedia":[{"embeddable":true,"href":"https:\/\/www.miamibeachfl.gov\/pt\/wp-json\/wp\/v2\/media\/385584"}],"wp:attachment":[{"href":"https:\/\/www.miamibeachfl.gov\/pt\/wp-json\/wp\/v2\/media?parent=385583"}],"wp:term":[{"taxonomy":"category","embeddable":true,"href":"https:\/\/www.miamibeachfl.gov\/pt\/wp-json\/wp\/v2\/categories?post=385583"},{"taxonomy":"post_tag","embeddable":true,"href":"https:\/\/www.miamibeachfl.gov\/pt\/wp-json\/wp\/v2\/tags?post=385583"}],"curies":[{"name":"wp","href":"https:\/\/api.w.org\/{rel}","templated":true}]}}