{"id":385863,"date":"2025-07-03T14:58:35","date_gmt":"2025-07-03T18:58:35","guid":{"rendered":"https:\/\/www.miamibeachfl.gov\/?page_id=385863"},"modified":"2025-07-03T14:58:35","modified_gmt":"2025-07-03T18:58:35","slug":"economic-development-advisory-committee","status":"publish","type":"page","link":"https:\/\/www.miamibeachfl.gov\/pt\/city-hall\/city-clerk\/boards-and-committees\/economic-development-advisory-committee\/","title":{"rendered":"Comit\u00ea Consultivo de Desenvolvimento Econ\u00f4mico"},"content":{"rendered":"<h1>\n\t\t\tComit\u00ea Consultivo de Desenvolvimento Econ\u00f4mico\t<\/h1>\nCard\u00e1pio do Secret\u00e1rio Municipal\t\t\t\n\t\t\t\t\t<ul id=\"menu-city-clerk\"><li id=\"menu-item-317005\"><a href=\"\/pt\/city-hall\/city-clerk\/\">Escriv\u00e3o da cidade<\/a><\/li>\n<li id=\"menu-item-258831\"><a href=\"\/pt\/city-hall\/city-clerk\/public-records-request\/\">Registros P\u00fablicos<\/a><\/li>\n<li id=\"menu-item-258832\"><a href=\"\/pt\/city-hall\/city-clerk\/meetings-and-agendas\/\">Agendas<\/a><\/li>\n<li id=\"menu-item-258833\"><a href=\"\/pt\/city-hall\/city-clerk\/forms\/\">Formul\u00e1rios<\/a><\/li>\n<li id=\"menu-item-258834\"><a href=\"\/pt\/city-hall\/city-clerk\/boards-and-committees\/\">Conselhos e Comit\u00eas<\/a><\/li>\n<li id=\"menu-item-258835\"><a href=\"\/pt\/city-hall\/city-clerk\/election-information\/\">Informa\u00e7\u00f5es sobre elei\u00e7\u00f5es<\/a><\/li>\n<li id=\"menu-item-258836\"><a href=\"\/pt\/city-hall\/city-clerk\/notification-system\/\">Notifica\u00e7\u00f5es<\/a><\/li>\n<li id=\"menu-item-258837\"><a href=\"\/pt\/city-hall\/city-clerk\/public-records-request\/additional-contacts\/\">Contate-nos<\/a><\/li>\n<\/ul>\t\nMenu do Secret\u00e1rio Municipal \u00d7\t\t\t\t\t\t<ul id=\"menu-city-clerk-1\"><li id=\"menu-item-317005\"><a href=\"\/pt\/city-hall\/city-clerk\/\">Escriv\u00e3o da cidade<\/a><\/li>\n<li id=\"menu-item-258831\"><a href=\"\/pt\/city-hall\/city-clerk\/public-records-request\/\">Registros P\u00fablicos<\/a><\/li>\n<li id=\"menu-item-258832\"><a href=\"\/pt\/city-hall\/city-clerk\/meetings-and-agendas\/\">Agendas<\/a><\/li>\n<li id=\"menu-item-258833\"><a href=\"\/pt\/city-hall\/city-clerk\/forms\/\">Formul\u00e1rios<\/a><\/li>\n<li id=\"menu-item-258834\"><a href=\"\/pt\/city-hall\/city-clerk\/boards-and-committees\/\">Conselhos e Comit\u00eas<\/a><\/li>\n<li id=\"menu-item-258835\"><a href=\"\/pt\/city-hall\/city-clerk\/election-information\/\">Informa\u00e7\u00f5es sobre elei\u00e7\u00f5es<\/a><\/li>\n<li id=\"menu-item-258836\"><a href=\"\/pt\/city-hall\/city-clerk\/notification-system\/\">Notifica\u00e7\u00f5es<\/a><\/li>\n<li id=\"menu-item-258837\"><a href=\"\/pt\/city-hall\/city-clerk\/public-records-request\/additional-contacts\/\">Contate-nos<\/a><\/li>\n<\/ul>\t\t\t\t\n\t<p><strong>Se\u00e7\u00e3o 2-190.157. Objetivo do Comit\u00ea<\/strong><\/p>\n<p>O objetivo do comit\u00ea consultivo de desenvolvimento econ\u00f4mico (\u201ccomit\u00ea\u201d) \u00e9 aconselhar o prefeito e a comiss\u00e3o da cidade, bem como a administra\u00e7\u00e3o da cidade, sobre pol\u00edticas, programas e iniciativas que apoiam o crescimento econ\u00f4mico, a reten\u00e7\u00e3o e o recrutamento de empresas, a cria\u00e7\u00e3o de empregos e a vitalidade econ\u00f4mica geral da cidade de Miami Beach.<\/p>\n<p><strong>Se\u00e7\u00e3o 2-190.158. Poderes e deveres<\/strong><\/p>\n<p>O comit\u00e9 ter\u00e1 os seguintes poderes e deveres:<\/p>\n1. Revisar e fornecer recomenda\u00e7\u00f5es sobre estrat\u00e9gias propostas de desenvolvimento econ\u00f4mico, programas de incentivo e investimentos de capital.<br \/>\n2. Auxiliar na identifica\u00e7\u00e3o de barreiras ao crescimento do neg\u00f3cio e propor solu\u00e7\u00f5es vi\u00e1veis.<br \/>\n3. Forne\u00e7a informa\u00e7\u00f5es sobre esfor\u00e7os de branding, marketing e recrutamento de neg\u00f3cios.\n<p>Sec., 2-190.159. Composi\u00e7\u00e3o<\/p>\n<p>O comit\u00ea ser\u00e1 composto por sete (7) membros, todos nomeados para um mandato de no m\u00e1ximo dois (2) anos consecutivos. Cada membro da comiss\u00e3o municipal far\u00e1 uma (1) nomea\u00e7\u00e3o direta para o comit\u00ea.<\/p>\n1. Os sete (7) membros dever\u00e3o ser filiados \u00e0 cidade de acordo com os requisitos gerais da se\u00e7\u00e3o 2-22 do C\u00f3digo da Cidade. Al\u00e9m disso, os membros devem atender aos seguintes requisitos:<br \/>\n2. Requisitos gerais. Cada um dos sete (7) membros deve ter interesse demonstrado em pelo menos um dos seguintes: a. Propriedade empresarial ou empreendedorismo<br \/>\nb. Finan\u00e7as, investimentos ou servi\u00e7os banc\u00e1rios<br \/>\nc. Desenvolvimento da for\u00e7a de trabalho ou treinamento profissional<br \/>\nd. Hospitalidade, turismo ou artes<br \/>\ne. Tecnologia e inova\u00e7\u00e3o<br \/>\nf. Planejamento urbano, economia ou pol\u00edtica p\u00fablica\n\t\t\t<a href=\"https:\/\/www.miamibeachfl.gov\/wp-content\/uploads\/2025\/05\/Searchable-Report-1.pdf\" target=\"_blank\" rel=\"noopener\">\n\t\t\t\t\t\tDetalhes da Associa\u00e7\u00e3o (Termos, Cargos, T\u00edtulos)\n\t\t\t\t\t<\/a>\n\t\t\t<a href=\"https:\/\/www.miamibeachfl.gov\/wp-content\/uploads\/2025\/06\/Vacancy-Report-5.pdf\" target=\"_blank\" rel=\"noopener\">\n\t\t\t\t\t\tVagas\n\t\t\t\t\t<\/a>\n\t\t\t<a href=\"https:\/\/www.miamibeachfl.gov\/wp-content\/uploads\/2025\/05\/Liaison-Contact-Information.pdf\" target=\"_blank\" rel=\"noopener\">\n\t\t\t\t\t\tInforma\u00e7\u00f5es de contato de liga\u00e7\u00e3o\n\t\t\t\t\t<\/a>\n\t\t\t<iframe loading=\"lazy\" src=\"https:\/\/docmgmt.miamibeachfl.gov\/WebLink\/Browse.aspx?id=120704&#038;dbid=0&#038;repo=CityClerk\" frameborder=\"0\" width=\"100%\" height=\"100%\" allowfullscreen><\/iframe>\t\t\t\n\t\t\t<a href=\"\" title=\"Clique aqui\" target=\"_self\"  data-modal=  \"role=\"button\"\" aria-label=\"Pesquisar Arquivos\">\n\t\t\t\t\t\t\t\t\t\t\tPesquisar Arquivos\n\t\t<\/a>\n\t\t\t<iframe loading=\"lazy\" src=\"https:\/\/miamibeach.novusagenda.com\/agendapublic\/meetingsgeneral.aspx\" frameborder=\"0\" width=\"100%\" height=\"100%\" allowfullscreen><\/iframe>\t\t\t\n\t\t\t<a href=\"\" title=\"Clique aqui\" target=\"_self\"  data-modal=  \"role=\"button\"\" aria-label=\"Pesquisar pautas e atas\">\n\t\t\t\t\t\t\t\t\t\t\tPesquisar pautas e atas\n\t\t<\/a>\n\t\t\t<a href=\"https:\/\/www.miamibeachfl.gov\/pt\/city-hall\/city-clerk-new\/contactus\/\" target=\"_self\">\n\t\t\t\t\t\tContate-nos\n\t\t\t\t\t<\/a>\n\t\t<h3>Solicita\u00e7\u00f5es de Registros P\u00fablicos<\/h3>\t\t\t\n\t\t\t\t<p>Acesse o site de Solicita\u00e7\u00e3o de Registros P\u00fablicos da Cidade de Miami Beach. Envie uma nova solicita\u00e7\u00e3o, verifique o status de uma solicita\u00e7\u00e3o enviada e pesquise no arquivo de solicita\u00e7\u00f5es de registros.<\/p>\n<p>Caso tenha alguma d\u00favida sobre registros p\u00fablicos, ligue para o cart\u00f3rio da cidade de Miami Beach pelo telefone 305-673-7411.\u00a0<\/p>\n\t\t\t<a href=\"https:\/\/miamibeachfl.justfoia.com\/publicportal\/home\/track\" title=\"Clique aqui\" target=\"_blank\" rel=\"noopener\"  role=\"button\" aria-label=\"Enviar uma solicita\u00e7\u00e3o\">\n\t\t\t\t\t\t\t\t\t\t\tEnviar uma solicita\u00e7\u00e3o\n\t\t<\/a>","protected":false},"excerpt":{"rendered":"<p>Comit\u00ea Consultivo de Desenvolvimento Econ\u00f4mico Secret\u00e1rio Municipal Menu Secret\u00e1rio Municipal Registros P\u00fablicos Agendas Formul\u00e1rios Conselhos e Comit\u00eas Informa\u00e7\u00f5es Eleitorais Notifica\u00e7\u00f5es Contato [\u2026]<\/p>","protected":false},"author":286,"featured_media":0,"parent":258819,"menu_order":32,"comment_status":"closed","ping_status":"closed","template":"","meta":{"_searchwp_excluded":"","site-sidebar-layout":"default","site-content-layout":"","ast-site-content-layout":"default","site-content-style":"default","site-sidebar-style":"default","ast-global-header-display":"","ast-banner-title-visibility":"","ast-main-header-display":"","ast-hfb-above-header-display":"","ast-hfb-below-header-display":"","ast-hfb-mobile-header-display":"","site-post-title":"","ast-breadcrumbs-content":"","ast-featured-img":"","footer-sml-layout":"","theme-transparent-header-meta":"","adv-header-id-meta":"","stick-header-meta":"","header-above-stick-meta":"","header-main-stick-meta":"","header-below-stick-meta":"","astra-migrate-meta-layouts":"default","ast-page-background-enabled":"default","ast-page-background-meta":{"desktop":{"background-color":"var(--ast-global-color-5)","background-image":"","background-repeat":"repeat","background-position":"center center","background-size":"auto","background-attachment":"scroll","background-type":"","background-media":"","overlay-type":"","overlay-color":"","overlay-opacity":"","overlay-gradient":""},"tablet":{"background-color":"","background-image":"","background-repeat":"repeat","background-position":"center center","background-size":"auto","background-attachment":"scroll","background-type":"","background-media":"","overlay-type":"","overlay-color":"","overlay-opacity":"","overlay-gradient":""},"mobile":{"background-color":"","background-image":"","background-repeat":"repeat","background-position":"center center","background-size":"auto","background-attachment":"scroll","background-type":"","background-media":"","overlay-type":"","overlay-color":"","overlay-opacity":"","overlay-gradient":""}},"ast-content-background-meta":{"desktop":{"background-color":"var(--ast-global-color-4)","background-image":"","background-repeat":"repeat","background-position":"center center","background-size":"auto","background-attachment":"scroll","background-type":"","background-media":"","overlay-type":"","overlay-color":"","overlay-opacity":"","overlay-gradient":""},"tablet":{"background-color":"var(--ast-global-color-4)","background-image":"","background-repeat":"repeat","background-position":"center center","background-size":"auto","background-attachment":"scroll","background-type":"","background-media":"","overlay-type":"","overlay-color":"","overlay-opacity":"","overlay-gradient":""},"mobile":{"background-color":"var(--ast-global-color-4)","background-image":"","background-repeat":"repeat","background-position":"center center","background-size":"auto","background-attachment":"scroll","background-type":"","background-media":"","overlay-type":"","overlay-color":"","overlay-opacity":"","overlay-gradient":""}},"footnotes":""},"categories":[],"tags":[1038,920],"class_list":["post-385863","page","type-page","status-publish","hentry","tag-bandc-committees","tag-boards-and-committees"],"yoast_head":"<!-- This site is optimized with the Yoast SEO Premium plugin v26.6 (Yoast SEO v26.6) - https:\/\/yoast.com\/wordpress\/plugins\/seo\/ -->\n<title>Economic Development Advisory Committee - City of Miami Beach<\/title>\n<meta name=\"description\" content=\"%\" \/>\n<meta name=\"robots\" content=\"index, follow, max-snippet:-1, max-image-preview:large, max-video-preview:-1\" \/>\n<link rel=\"canonical\" href=\"https:\/\/www.miamibeachfl.gov\/pt\/city-hall\/city-clerk\/boards-and-committees\/economic-development-advisory-committee\/\" \/>\n<meta property=\"og:locale\" content=\"pt_BR\" \/>\n<meta property=\"og:type\" content=\"article\" \/>\n<meta property=\"og:title\" content=\"Economic Development Advisory Committee\" \/>\n<meta property=\"og:description\" content=\"%\" \/>\n<meta property=\"og:url\" content=\"https:\/\/www.miamibeachfl.gov\/pt\/city-hall\/city-clerk\/boards-and-committees\/economic-development-advisory-committee\/\" \/>\n<meta property=\"og:site_name\" content=\"City of Miami Beach\" \/>\n<meta property=\"article:publisher\" content=\"https:\/\/www.facebook.com\/cityofmiamibeach\" \/>\n<meta property=\"og:image\" content=\"https:\/\/www.miamibeachfl.gov\/wp-content\/uploads\/2024\/01\/1000pxSquare-miamibeach-aerial-southpointview.jpeg\" \/>\n\t<meta property=\"og:image:width\" content=\"1000\" \/>\n\t<meta property=\"og:image:height\" content=\"1000\" \/>\n\t<meta property=\"og:image:type\" content=\"image\/jpeg\" \/>\n<meta name=\"twitter:card\" content=\"summary_large_image\" \/>\n<meta name=\"twitter:site\" content=\"@Miamibeachnews\" \/>\n<script type=\"application\/ld+json\" class=\"yoast-schema-graph\">{\"@context\":\"https:\/\/schema.org\",\"@graph\":[{\"@type\":\"WebPage\",\"@id\":\"https:\/\/www.miamibeachfl.gov\/city-hall\/city-clerk\/boards-and-committees\/economic-development-advisory-committee\/\",\"url\":\"https:\/\/www.miamibeachfl.gov\/city-hall\/city-clerk\/boards-and-committees\/economic-development-advisory-committee\/\",\"name\":\"Economic Development Advisory Committee - City of Miami Beach\",\"isPartOf\":{\"@id\":\"https:\/\/www.miamibeachfl.gov\/#website\"},\"datePublished\":\"2025-07-03T18:58:35+00:00\",\"description\":\"%\",\"breadcrumb\":{\"@id\":\"https:\/\/www.miamibeachfl.gov\/city-hall\/city-clerk\/boards-and-committees\/economic-development-advisory-committee\/#breadcrumb\"},\"inLanguage\":\"pt-BR\",\"potentialAction\":[{\"@type\":\"ReadAction\",\"target\":[\"https:\/\/www.miamibeachfl.gov\/city-hall\/city-clerk\/boards-and-committees\/economic-development-advisory-committee\/\"]}]},{\"@type\":\"BreadcrumbList\",\"@id\":\"https:\/\/www.miamibeachfl.gov\/city-hall\/city-clerk\/boards-and-committees\/economic-development-advisory-committee\/#breadcrumb\",\"itemListElement\":[{\"@type\":\"ListItem\",\"position\":1,\"name\":\"Home\",\"item\":\"https:\/\/www.miamibeachfl.gov\/\"},{\"@type\":\"ListItem\",\"position\":2,\"name\":\"City Hall\",\"item\":\"https:\/\/www.miamibeachfl.gov\/city-hall\/\"},{\"@type\":\"ListItem\",\"position\":3,\"name\":\"City Clerk\",\"item\":\"https:\/\/www.miamibeachfl.gov\/city-hall\/city-clerk\/\"},{\"@type\":\"ListItem\",\"position\":4,\"name\":\"Boards and Committees\",\"item\":\"https:\/\/www.miamibeachfl.gov\/city-hall\/city-clerk\/boards-and-committees\/\"},{\"@type\":\"ListItem\",\"position\":5,\"name\":\"Economic Development Advisory Committee\"}]},{\"@type\":\"WebSite\",\"@id\":\"https:\/\/www.miamibeachfl.gov\/#website\",\"url\":\"https:\/\/www.miamibeachfl.gov\/\",\"name\":\"City of Miami Beach\",\"description\":\"The official website of the City of Miami Beach. Stay informed, find important information on city services, news, alerts, events, trolley routes, government employment and more.\",\"publisher\":{\"@id\":\"https:\/\/www.miamibeachfl.gov\/#organization\"},\"potentialAction\":[{\"@type\":\"SearchAction\",\"target\":{\"@type\":\"EntryPoint\",\"urlTemplate\":\"https:\/\/www.miamibeachfl.gov\/?s={search_term_string}\"},\"query-input\":{\"@type\":\"PropertyValueSpecification\",\"valueRequired\":true,\"valueName\":\"search_term_string\"}}],\"inLanguage\":\"pt-BR\"},{\"@type\":\"Organization\",\"@id\":\"https:\/\/www.miamibeachfl.gov\/#organization\",\"name\":\"City of Miami Beach\",\"url\":\"https:\/\/www.miamibeachfl.gov\/\",\"logo\":{\"@type\":\"ImageObject\",\"inLanguage\":\"pt-BR\",\"@id\":\"https:\/\/www.miamibeachfl.gov\/#\/schema\/logo\/image\/\",\"url\":\"https:\/\/www.miamibeachfl.gov\/wp-content\/uploads\/2022\/06\/miamibeach-logoblue.png\",\"contentUrl\":\"https:\/\/www.miamibeachfl.gov\/wp-content\/uploads\/2022\/06\/miamibeach-logoblue.png\",\"width\":1962,\"height\":381,\"caption\":\"City of Miami Beach\"},\"image\":{\"@id\":\"https:\/\/www.miamibeachfl.gov\/#\/schema\/logo\/image\/\"},\"sameAs\":[\"https:\/\/www.facebook.com\/cityofmiamibeach\",\"https:\/\/x.com\/Miamibeachnews\",\"https:\/\/www.instagram.com\/miamibeachnews\/\"],\"description\":\"The official website of the City of Miami Beach. Stay informed, find important information on city services, news, alerts, events, trolley routes, government employment and more.\",\"telephone\":\"305.604.CITY(2489)\",\"legalName\":\"City of Miami Beach\"}]}<\/script>\n<!-- \/ Yoast SEO Premium plugin. -->","yoast_head_json":{"title":"Economic Development Advisory Committee - City of Miami Beach","description":"%","robots":{"index":"index","follow":"follow","max-snippet":"max-snippet:-1","max-image-preview":"max-image-preview:large","max-video-preview":"max-video-preview:-1"},"canonical":"https:\/\/www.miamibeachfl.gov\/pt\/city-hall\/city-clerk\/boards-and-committees\/economic-development-advisory-committee\/","og_locale":"pt_BR","og_type":"article","og_title":"Economic Development Advisory Committee","og_description":"%","og_url":"https:\/\/www.miamibeachfl.gov\/pt\/city-hall\/city-clerk\/boards-and-committees\/economic-development-advisory-committee\/","og_site_name":"City of Miami Beach","article_publisher":"https:\/\/www.facebook.com\/cityofmiamibeach","og_image":[{"width":1000,"height":1000,"url":"https:\/\/www.miamibeachfl.gov\/wp-content\/uploads\/2024\/01\/1000pxSquare-miamibeach-aerial-southpointview.jpeg","type":"image\/jpeg"}],"twitter_card":"summary_large_image","twitter_site":"@Miamibeachnews","schema":{"@context":"https:\/\/schema.org","@graph":[{"@type":"WebPage","@id":"https:\/\/www.miamibeachfl.gov\/city-hall\/city-clerk\/boards-and-committees\/economic-development-advisory-committee\/","url":"https:\/\/www.miamibeachfl.gov\/city-hall\/city-clerk\/boards-and-committees\/economic-development-advisory-committee\/","name":"Economic Development Advisory Committee - City of Miami Beach","isPartOf":{"@id":"https:\/\/www.miamibeachfl.gov\/#website"},"datePublished":"2025-07-03T18:58:35+00:00","description":"%","breadcrumb":{"@id":"https:\/\/www.miamibeachfl.gov\/city-hall\/city-clerk\/boards-and-committees\/economic-development-advisory-committee\/#breadcrumb"},"inLanguage":"pt-BR","potentialAction":[{"@type":"ReadAction","target":["https:\/\/www.miamibeachfl.gov\/city-hall\/city-clerk\/boards-and-committees\/economic-development-advisory-committee\/"]}]},{"@type":"BreadcrumbList","@id":"https:\/\/www.miamibeachfl.gov\/city-hall\/city-clerk\/boards-and-committees\/economic-development-advisory-committee\/#breadcrumb","itemListElement":[{"@type":"ListItem","position":1,"name":"Home","item":"https:\/\/www.miamibeachfl.gov\/"},{"@type":"ListItem","position":2,"name":"City Hall","item":"https:\/\/www.miamibeachfl.gov\/city-hall\/"},{"@type":"ListItem","position":3,"name":"City Clerk","item":"https:\/\/www.miamibeachfl.gov\/city-hall\/city-clerk\/"},{"@type":"ListItem","position":4,"name":"Boards and Committees","item":"https:\/\/www.miamibeachfl.gov\/city-hall\/city-clerk\/boards-and-committees\/"},{"@type":"ListItem","position":5,"name":"Economic Development Advisory Committee"}]},{"@type":"WebSite","@id":"https:\/\/www.miamibeachfl.gov\/#website","url":"https:\/\/www.miamibeachfl.gov\/","name":"Cidade de Miami Beach","description":"Site oficial da cidade de Miami Beach. Mantenha-se informado e encontre informa\u00e7\u00f5es importantes sobre servi\u00e7os municipais, not\u00edcias, alertas, eventos, rotas de bonde, empregos p\u00fablicos e muito mais.","publisher":{"@id":"https:\/\/www.miamibeachfl.gov\/#organization"},"potentialAction":[{"@type":"SearchAction","target":{"@type":"EntryPoint","urlTemplate":"https:\/\/www.miamibeachfl.gov\/?s={search_term_string}"},"query-input":{"@type":"PropertyValueSpecification","valueRequired":true,"valueName":"search_term_string"}}],"inLanguage":"pt-BR"},{"@type":"Organization","@id":"https:\/\/www.miamibeachfl.gov\/#organization","name":"Cidade de Miami Beach","url":"https:\/\/www.miamibeachfl.gov\/","logo":{"@type":"ImageObject","inLanguage":"pt-BR","@id":"https:\/\/www.miamibeachfl.gov\/#\/schema\/logo\/image\/","url":"https:\/\/www.miamibeachfl.gov\/wp-content\/uploads\/2022\/06\/miamibeach-logoblue.png","contentUrl":"https:\/\/www.miamibeachfl.gov\/wp-content\/uploads\/2022\/06\/miamibeach-logoblue.png","width":1962,"height":381,"caption":"City of Miami Beach"},"image":{"@id":"https:\/\/www.miamibeachfl.gov\/#\/schema\/logo\/image\/"},"sameAs":["https:\/\/www.facebook.com\/cityofmiamibeach","https:\/\/x.com\/Miamibeachnews","https:\/\/www.instagram.com\/miamibeachnews\/"],"description":"Site oficial da cidade de Miami Beach. Mantenha-se informado e encontre informa\u00e7\u00f5es importantes sobre servi\u00e7os municipais, not\u00edcias, alertas, eventos, rotas de bonde, empregos p\u00fablicos e muito mais.","telephone":"305.604.CITY(2489)","legalName":"City of Miami Beach"}]}},"_links":{"self":[{"href":"https:\/\/www.miamibeachfl.gov\/pt\/wp-json\/wp\/v2\/pages\/385863","targetHints":{"allow":["GET"]}}],"collection":[{"href":"https:\/\/www.miamibeachfl.gov\/pt\/wp-json\/wp\/v2\/pages"}],"about":[{"href":"https:\/\/www.miamibeachfl.gov\/pt\/wp-json\/wp\/v2\/types\/page"}],"author":[{"embeddable":true,"href":"https:\/\/www.miamibeachfl.gov\/pt\/wp-json\/wp\/v2\/users\/286"}],"replies":[{"embeddable":true,"href":"https:\/\/www.miamibeachfl.gov\/pt\/wp-json\/wp\/v2\/comments?post=385863"}],"version-history":[{"count":0,"href":"https:\/\/www.miamibeachfl.gov\/pt\/wp-json\/wp\/v2\/pages\/385863\/revisions"}],"up":[{"embeddable":true,"href":"https:\/\/www.miamibeachfl.gov\/pt\/wp-json\/wp\/v2\/pages\/258819"}],"wp:attachment":[{"href":"https:\/\/www.miamibeachfl.gov\/pt\/wp-json\/wp\/v2\/media?parent=385863"}],"wp:term":[{"taxonomy":"category","embeddable":true,"href":"https:\/\/www.miamibeachfl.gov\/pt\/wp-json\/wp\/v2\/categories?post=385863"},{"taxonomy":"post_tag","embeddable":true,"href":"https:\/\/www.miamibeachfl.gov\/pt\/wp-json\/wp\/v2\/tags?post=385863"}],"curies":[{"name":"wp","href":"https:\/\/api.w.org\/{rel}","templated":true}]}}