{"id":386517,"date":"2025-07-11T15:34:12","date_gmt":"2025-07-11T19:34:12","guid":{"rendered":"https:\/\/www.miamibeachfl.gov\/?page_id=386517"},"modified":"2025-09-22T15:03:29","modified_gmt":"2025-09-22T19:03:29","slug":"planning-permitting-faqs","status":"publish","type":"page","link":"https:\/\/www.miamibeachfl.gov\/pt\/city-hall\/planning\/planning-permitting-faqs\/","title":{"rendered":"Perguntas frequentes sobre permiss\u00e3o de planejamento"},"content":{"rendered":"<nav id=\"breadcrumbs\" aria-label=\"Migalhas de p\u00e3o\"><a href=\"https:\/\/www.miamibeachfl.gov\/pt\/\">Lar<\/a> &gt; <a href=\"https:\/\/www.miamibeachfl.gov\/pt\/city-hall\/\">Prefeitura<\/a> &gt; <a href=\"https:\/\/www.miamibeachfl.gov\/pt\/city-hall\/planning\/\">Planejamento e Zoneamento<\/a> &gt; <strong>Perguntas frequentes sobre permiss\u00e3o de planejamento<\/strong><\/nav><h1>\n\t\t\tPerguntas frequentes sobre permiss\u00e3o de planejamento\t<\/h1>\n\t\t\t\t\t\t<h4>Por que preciso fornecer informa\u00e7\u00f5es sobre p\u00e9s quadrados?<\/h4>\n\t\t\t<p>A metragem quadrada determinar\u00e1 a regulamenta\u00e7\u00e3o correta dependendo da localiza\u00e7\u00e3o e do uso pretendido. Essa medi\u00e7\u00e3o \u00e9 necess\u00e1ria para uma an\u00e1lise completa e eficiente da sua licen\u00e7a.<\/p>\n\t\t\t\t\t\t<h4>Voc\u00ea pode me ajudar com a inscri\u00e7\u00e3o on-line do CSS?<\/h4>\n\t\t\t<p>Podemos ajudar com os processos de Planejamento e Zoneamento e poderemos fornecer o contato correto para auxiliar caso seja necess\u00e1ria ajuda de outros departamentos.<\/p>\n<p>Entre em contato conosco em <strong><a href=\"tel:3056737550\">305.673.7550<\/a><\/strong> ou\u00a0<strong><a tabindex=\"0\" href=\"mailto:Planninginfo@miamibeachfl.gov\" target=\"_blank\" rel=\"noopener\">Planninginfo@miamibeachfl.gov<\/a>.<\/strong><\/p>\n\t\t\t\t\t\t<h4>Como posso fazer a revis\u00e3o da minha autoriza\u00e7\u00e3o mais rapidamente?<\/h4>\n\t\t\t<p>Uma solicita\u00e7\u00e3o completa e detalhada garantir\u00e1 que a an\u00e1lise contenha todas as informa\u00e7\u00f5es necess\u00e1rias para processar sua solicita\u00e7\u00e3o com rapidez e efici\u00eancia. Caso n\u00e3o tenha certeza sobre o que precisa, criamos uma s\u00e9rie de checklists que identificam os requisitos m\u00ednimos para determinadas autoriza\u00e7\u00f5es. Entre em contato com nossa recep\u00e7\u00e3o pelo telefone 305 673-7550 para obter mais informa\u00e7\u00f5es.<\/p>\n\t\t\t\t\t\t<h4>Por que preciso fazer uma inspe\u00e7\u00e3o final de planejamento?<\/h4>\n\t\t\t<p>As inspe\u00e7\u00f5es finais garantem que as melhorias constru\u00eddas sejam consistentes com os planos aprovados.<\/p>\n\t\t\t\t\t\t<h4>Como podemos melhorar o processo de revis\u00e3o do plano?<\/h4>\n\t\t\t<p>Uma solicita\u00e7\u00e3o completa e detalhada garantir\u00e1 que a an\u00e1lise contenha todas as informa\u00e7\u00f5es necess\u00e1rias para processar sua solicita\u00e7\u00e3o com rapidez e efici\u00eancia. Caso n\u00e3o tenha certeza sobre o que precisa, criamos uma s\u00e9rie de checklists que identificam os requisitos m\u00ednimos para determinadas autoriza\u00e7\u00f5es. Entre em contato com nossa recep\u00e7\u00e3o pelo telefone 305 673-7550 para obter mais informa\u00e7\u00f5es.<\/p>\n\t\t\t\t\t\t<h4>O que s\u00e3o requisitos de planejamento?<\/h4>\n\t\t\t<p>Um requisito de planejamento \u00e9 uma informa\u00e7\u00e3o ou projeto que torna a melhoria ou uso pretendido compat\u00edvel com o Regulamento de Desenvolvimento de Terrenos da Cidade de Miami Beach.<\/p>\n\t\t\t\t\t\t<h4>Perguntar se um tipo espec\u00edfico de sinaliza\u00e7\u00e3o \u00e9 permitido (faixas tempor\u00e1rias, etc.)<\/h4>\n\t\t\t<p>Sim, placas e faixas tempor\u00e1rias s\u00e3o permitidas. O Cap\u00edtulo 6, Artigo III, do Regulamento de Desenvolvimento de Terras da Cidade de Miami Beach fornece orienta\u00e7\u00f5es. Visite a p\u00e1gina do Departamento de Planejamento para obter um link para o Regulamento de Desenvolvimento de Terras.<\/p>\n\t\t\t\t\t\t<h4>Por que o planejamento foi adicionado \u00e0 revis\u00e3o da licen\u00e7a, se \u00e9 apenas para eletricidade\/encanamento\/mec\u00e2nica?<\/h4>\n\t\t\t<p>Melhorias que incluam instala\u00e7\u00f5es el\u00e9tricas, hidr\u00e1ulicas ou mec\u00e2nicas tamb\u00e9m podem ser regulamentadas pelos Regulamentos de Desenvolvimento de Terrenos da Cidade de Miami Beach. Portanto, \u00e9 necess\u00e1ria uma revis\u00e3o de planejamento.<\/p>\n\t\t\t\t\t\t<h4>Voc\u00ea pode analisar minha permiss\u00e3o bem r\u00e1pido?<\/h4>\n\t\t\t<p>Levando em considera\u00e7\u00e3o outros candidatos, os envios s\u00e3o analisados na ordem de recebimento.\u00a0<\/p>\n\t\t\t\t\t\t<h4>Qual \u00e9 o zoneamento da minha propriedade?<\/h4>\n\t\t\t<p>A classifica\u00e7\u00e3o de zoneamento pode ser determinada inserindo o endere\u00e7o do im\u00f3vel na plataforma de regulamenta\u00e7\u00e3o de desenvolvimento de terras da cidade. Visite a p\u00e1gina do Departamento de Planejamento para obter um link para a Regulamenta\u00e7\u00e3o de Desenvolvimento de Terras.<\/p>\n\t\t\t\t\t\t<h4>O que preciso fazer para abrir meu neg\u00f3cio?<\/h4>\n\t\t\t<p>Todas as empresas que desejam operar na cidade de Miami Beach precisam de um Certificado de Uso do Departamento de Planejamento e de um Recibo de Imposto Comercial do Departamento Financeiro da cidade de Miami Beach. Visite a p\u00e1gina do Departamento Financeiro para obter um link para os formul\u00e1rios de solicita\u00e7\u00e3o de BTR e obter mais informa\u00e7\u00f5es.<\/p>\n\t<p>O Departamento de Planejamento oferece recursos para <strong><a href=\"https:\/\/www.miamibeachfl.gov\/pt\/city-hall\/planning\/land-use-boards\/\">Aplica\u00e7\u00f5es do Conselho de Uso do Solo<\/a><\/strong>, revis\u00f5es de licen\u00e7as de constru\u00e7\u00e3o, <strong><a href=\"https:\/\/www.miamibeachfl.gov\/pt\/city-hall\/planning\/planning-document-checklist\/\">listas de verifica\u00e7\u00e3o de documentos necess\u00e1rios<\/a><\/strong>, <strong><a href=\"https:\/\/www.miamibeachfl.gov\/pt\/city-hall\/planning\/maps-and-guidelines\/\">Zoneamento<\/a><\/strong> e <strong><a href=\"https:\/\/miamibeach.maps.arcgis.com\/apps\/webappviewer\/index.html?id=c891f52b033c474daa928fa815495f91\">Mapas de distritos hist\u00f3ricos<\/a><\/strong>, <strong><a href=\"https:\/\/www.miamibeachfl.gov\/pt\/city-hall\/planning\/\">e links para a portaria de zoneamento da cidade e outros regulamentos<\/a><\/strong>; para mais informa\u00e7\u00f5es, entre em contato conosco em <strong><a href=\"tel:3056737550\">305.673.7550<\/a><\/strong> ou\u00a0<strong><a tabindex=\"0\" href=\"mailto:Planninginfo@miamibeachfl.gov\" target=\"_blank\" rel=\"noopener\">Planninginfo@miamibeachfl.gov<\/a>.<\/strong><\/p>\n\t<div class=\"page-navigation\"><a class=\"prev-page\" href=\"https:\/\/www.miamibeachfl.gov\/pt\/city-hall\/planning\/certificate-of-use\/\">\u2190 Obtenha um Certificado de Uso CU<\/a> <a class=\"next-page\" href=\"https:\/\/www.miamibeachfl.gov\/pt\/city-hall\/planning\/directory\/\">Lista de contatos de planejamento \u2192<\/a><\/div>","protected":false},"excerpt":{"rendered":"<p>Home &gt; City Hall &gt; Planning &#038; Zoning &gt; Planning Permitting FAQs Planning Permitting FAQs Why do I need to [&hellip;]<\/p>\n","protected":false},"author":222,"featured_media":250078,"parent":28864,"menu_order":120,"comment_status":"closed","ping_status":"closed","template":"","meta":{"_searchwp_excluded":"","site-sidebar-layout":"default","site-content-layout":"","ast-site-content-layout":"default","site-content-style":"default","site-sidebar-style":"default","ast-global-header-display":"","ast-banner-title-visibility":"","ast-main-header-display":"","ast-hfb-above-header-display":"","ast-hfb-below-header-display":"","ast-hfb-mobile-header-display":"","site-post-title":"","ast-breadcrumbs-content":"","ast-featured-img":"","footer-sml-layout":"","theme-transparent-header-meta":"","adv-header-id-meta":"","stick-header-meta":"","header-above-stick-meta":"","header-main-stick-meta":"","header-below-stick-meta":"","astra-migrate-meta-layouts":"default","ast-page-background-enabled":"default","ast-page-background-meta":{"desktop":{"background-color":"var(--ast-global-color-5)","background-image":"","background-repeat":"repeat","background-position":"center center","background-size":"auto","background-attachment":"scroll","background-type":"","background-media":"","overlay-type":"","overlay-color":"","overlay-opacity":"","overlay-gradient":""},"tablet":{"background-color":"","background-image":"","background-repeat":"repeat","background-position":"center center","background-size":"auto","background-attachment":"scroll","background-type":"","background-media":"","overlay-type":"","overlay-color":"","overlay-opacity":"","overlay-gradient":""},"mobile":{"background-color":"","background-image":"","background-repeat":"repeat","background-position":"center center","background-size":"auto","background-attachment":"scroll","background-type":"","background-media":"","overlay-type":"","overlay-color":"","overlay-opacity":"","overlay-gradient":""}},"ast-content-background-meta":{"desktop":{"background-color":"var(--ast-global-color-4)","background-image":"","background-repeat":"repeat","background-position":"center center","background-size":"auto","background-attachment":"scroll","background-type":"","background-media":"","overlay-type":"","overlay-color":"","overlay-opacity":"","overlay-gradient":""},"tablet":{"background-color":"var(--ast-global-color-4)","background-image":"","background-repeat":"repeat","background-position":"center center","background-size":"auto","background-attachment":"scroll","background-type":"","background-media":"","overlay-type":"","overlay-color":"","overlay-opacity":"","overlay-gradient":""},"mobile":{"background-color":"var(--ast-global-color-4)","background-image":"","background-repeat":"repeat","background-position":"center center","background-size":"auto","background-attachment":"scroll","background-type":"","background-media":"","overlay-type":"","overlay-color":"","overlay-opacity":"","overlay-gradient":""}},"footnotes":""},"categories":[],"tags":[1028,1757],"class_list":["post-386517","page","type-page","status-publish","has-post-thumbnail","hentry","tag-permitting-planning","tag-planning-permit-faqs"],"yoast_head":"<!-- This site is optimized with the Yoast SEO Premium plugin v27.4 (Yoast SEO v27.4) - https:\/\/yoast.com\/product\/yoast-seo-premium-wordpress\/ -->\n<title>Planning Permitting FAQs - City of Miami Beach<\/title>\n<meta name=\"description\" content=\"%\" \/>\n<meta name=\"robots\" content=\"index, follow, max-snippet:-1, max-image-preview:large, max-video-preview:-1\" \/>\n<link rel=\"canonical\" href=\"https:\/\/www.miamibeachfl.gov\/pt\/city-hall\/planning\/planning-permitting-faqs\/\" \/>\n<meta property=\"og:locale\" content=\"pt_BR\" \/>\n<meta property=\"og:type\" content=\"article\" \/>\n<meta property=\"og:title\" content=\"Planning Permitting FAQs\" \/>\n<meta property=\"og:description\" content=\"%\" \/>\n<meta property=\"og:url\" content=\"https:\/\/www.miamibeachfl.gov\/pt\/city-hall\/planning\/planning-permitting-faqs\/\" \/>\n<meta property=\"og:site_name\" content=\"City of Miami Beach\" \/>\n<meta property=\"article:publisher\" content=\"https:\/\/www.facebook.com\/cityofmiamibeach\" \/>\n<meta property=\"article:modified_time\" content=\"2025-09-22T19:03:29+00:00\" \/>\n<meta property=\"og:image\" content=\"https:\/\/www.miamibeachfl.gov\/wp-content\/uploads\/2023\/03\/familyplanning.jpg\" \/>\n\t<meta property=\"og:image:width\" content=\"500\" \/>\n\t<meta property=\"og:image:height\" content=\"500\" \/>\n\t<meta property=\"og:image:type\" content=\"image\/jpeg\" \/>\n<meta name=\"twitter:card\" content=\"summary_large_image\" \/>\n<meta name=\"twitter:site\" content=\"@Miamibeachnews\" \/>\n<script type=\"application\/ld+json\" class=\"yoast-schema-graph\">{\"@context\":\"https:\\\/\\\/schema.org\",\"@graph\":[{\"@type\":\"WebPage\",\"@id\":\"https:\\\/\\\/www.miamibeachfl.gov\\\/city-hall\\\/planning\\\/planning-permitting-faqs\\\/\",\"url\":\"https:\\\/\\\/www.miamibeachfl.gov\\\/city-hall\\\/planning\\\/planning-permitting-faqs\\\/\",\"name\":\"Planning Permitting FAQs - City of Miami Beach\",\"isPartOf\":{\"@id\":\"https:\\\/\\\/www.miamibeachfl.gov\\\/#website\"},\"primaryImageOfPage\":{\"@id\":\"https:\\\/\\\/www.miamibeachfl.gov\\\/city-hall\\\/planning\\\/planning-permitting-faqs\\\/#primaryimage\"},\"image\":{\"@id\":\"https:\\\/\\\/www.miamibeachfl.gov\\\/city-hall\\\/planning\\\/planning-permitting-faqs\\\/#primaryimage\"},\"thumbnailUrl\":\"https:\\\/\\\/www.miamibeachfl.gov\\\/wp-content\\\/uploads\\\/2023\\\/03\\\/familyplanning.jpg\",\"datePublished\":\"2025-07-11T19:34:12+00:00\",\"dateModified\":\"2025-09-22T19:03:29+00:00\",\"description\":\"%\",\"breadcrumb\":{\"@id\":\"https:\\\/\\\/www.miamibeachfl.gov\\\/city-hall\\\/planning\\\/planning-permitting-faqs\\\/#breadcrumb\"},\"inLanguage\":\"pt-BR\",\"potentialAction\":[{\"@type\":\"ReadAction\",\"target\":[\"https:\\\/\\\/www.miamibeachfl.gov\\\/city-hall\\\/planning\\\/planning-permitting-faqs\\\/\"]}]},{\"@type\":\"ImageObject\",\"inLanguage\":\"pt-BR\",\"@id\":\"https:\\\/\\\/www.miamibeachfl.gov\\\/city-hall\\\/planning\\\/planning-permitting-faqs\\\/#primaryimage\",\"url\":\"https:\\\/\\\/www.miamibeachfl.gov\\\/wp-content\\\/uploads\\\/2023\\\/03\\\/familyplanning.jpg\",\"contentUrl\":\"https:\\\/\\\/www.miamibeachfl.gov\\\/wp-content\\\/uploads\\\/2023\\\/03\\\/familyplanning.jpg\",\"width\":500,\"height\":500,\"caption\":\"Couple with documents in front of their computer\"},{\"@type\":\"BreadcrumbList\",\"@id\":\"https:\\\/\\\/www.miamibeachfl.gov\\\/city-hall\\\/planning\\\/planning-permitting-faqs\\\/#breadcrumb\",\"itemListElement\":[{\"@type\":\"ListItem\",\"position\":1,\"name\":\"Home\",\"item\":\"https:\\\/\\\/www.miamibeachfl.gov\\\/\"},{\"@type\":\"ListItem\",\"position\":2,\"name\":\"City Hall\",\"item\":\"https:\\\/\\\/www.miamibeachfl.gov\\\/city-hall\\\/\"},{\"@type\":\"ListItem\",\"position\":3,\"name\":\"Planning &#038; Zoning\",\"item\":\"https:\\\/\\\/www.miamibeachfl.gov\\\/city-hall\\\/planning\\\/\"},{\"@type\":\"ListItem\",\"position\":4,\"name\":\"Planning Permitting FAQs\"}]},{\"@type\":\"WebSite\",\"@id\":\"https:\\\/\\\/www.miamibeachfl.gov\\\/#website\",\"url\":\"https:\\\/\\\/www.miamibeachfl.gov\\\/\",\"name\":\"City of Miami Beach\",\"description\":\"The official website of the City of Miami Beach. Stay informed, find important information on city services, news, alerts, events, trolley routes, government employment and more.\",\"publisher\":{\"@id\":\"https:\\\/\\\/www.miamibeachfl.gov\\\/#organization\"},\"potentialAction\":[{\"@type\":\"SearchAction\",\"target\":{\"@type\":\"EntryPoint\",\"urlTemplate\":\"https:\\\/\\\/www.miamibeachfl.gov\\\/?s={search_term_string}\"},\"query-input\":{\"@type\":\"PropertyValueSpecification\",\"valueRequired\":true,\"valueName\":\"search_term_string\"}}],\"inLanguage\":\"pt-BR\"},{\"@type\":\"Organization\",\"@id\":\"https:\\\/\\\/www.miamibeachfl.gov\\\/#organization\",\"name\":\"City of Miami Beach\",\"url\":\"https:\\\/\\\/www.miamibeachfl.gov\\\/\",\"logo\":{\"@type\":\"ImageObject\",\"inLanguage\":\"pt-BR\",\"@id\":\"https:\\\/\\\/www.miamibeachfl.gov\\\/#\\\/schema\\\/logo\\\/image\\\/\",\"url\":\"https:\\\/\\\/www.miamibeachfl.gov\\\/wp-content\\\/uploads\\\/2022\\\/06\\\/miamibeach-logoblue.png\",\"contentUrl\":\"https:\\\/\\\/www.miamibeachfl.gov\\\/wp-content\\\/uploads\\\/2022\\\/06\\\/miamibeach-logoblue.png\",\"width\":1962,\"height\":381,\"caption\":\"City of Miami Beach\"},\"image\":{\"@id\":\"https:\\\/\\\/www.miamibeachfl.gov\\\/#\\\/schema\\\/logo\\\/image\\\/\"},\"sameAs\":[\"https:\\\/\\\/www.facebook.com\\\/cityofmiamibeach\",\"https:\\\/\\\/x.com\\\/Miamibeachnews\",\"https:\\\/\\\/www.instagram.com\\\/miamibeachnews\\\/\"],\"description\":\"The official website of the City of Miami Beach. Stay informed, find important information on city services, news, alerts, events, trolley routes, government employment and more.\",\"telephone\":\"305.604.CITY(2489)\",\"legalName\":\"City of Miami Beach\"}]}<\/script>\n<!-- \/ Yoast SEO Premium plugin. -->","yoast_head_json":{"title":"Planning Permitting FAQs - City of Miami Beach","description":"%","robots":{"index":"index","follow":"follow","max-snippet":"max-snippet:-1","max-image-preview":"max-image-preview:large","max-video-preview":"max-video-preview:-1"},"canonical":"https:\/\/www.miamibeachfl.gov\/pt\/city-hall\/planning\/planning-permitting-faqs\/","og_locale":"pt_BR","og_type":"article","og_title":"Planning Permitting FAQs","og_description":"%","og_url":"https:\/\/www.miamibeachfl.gov\/pt\/city-hall\/planning\/planning-permitting-faqs\/","og_site_name":"City of Miami Beach","article_publisher":"https:\/\/www.facebook.com\/cityofmiamibeach","article_modified_time":"2025-09-22T19:03:29+00:00","og_image":[{"width":500,"height":500,"url":"https:\/\/www.miamibeachfl.gov\/wp-content\/uploads\/2023\/03\/familyplanning.jpg","type":"image\/jpeg"}],"twitter_card":"summary_large_image","twitter_site":"@Miamibeachnews","schema":{"@context":"https:\/\/schema.org","@graph":[{"@type":"WebPage","@id":"https:\/\/www.miamibeachfl.gov\/city-hall\/planning\/planning-permitting-faqs\/","url":"https:\/\/www.miamibeachfl.gov\/city-hall\/planning\/planning-permitting-faqs\/","name":"Planning Permitting FAQs - City of Miami Beach","isPartOf":{"@id":"https:\/\/www.miamibeachfl.gov\/#website"},"primaryImageOfPage":{"@id":"https:\/\/www.miamibeachfl.gov\/city-hall\/planning\/planning-permitting-faqs\/#primaryimage"},"image":{"@id":"https:\/\/www.miamibeachfl.gov\/city-hall\/planning\/planning-permitting-faqs\/#primaryimage"},"thumbnailUrl":"https:\/\/www.miamibeachfl.gov\/wp-content\/uploads\/2023\/03\/familyplanning.jpg","datePublished":"2025-07-11T19:34:12+00:00","dateModified":"2025-09-22T19:03:29+00:00","description":"%","breadcrumb":{"@id":"https:\/\/www.miamibeachfl.gov\/city-hall\/planning\/planning-permitting-faqs\/#breadcrumb"},"inLanguage":"pt-BR","potentialAction":[{"@type":"ReadAction","target":["https:\/\/www.miamibeachfl.gov\/city-hall\/planning\/planning-permitting-faqs\/"]}]},{"@type":"ImageObject","inLanguage":"pt-BR","@id":"https:\/\/www.miamibeachfl.gov\/city-hall\/planning\/planning-permitting-faqs\/#primaryimage","url":"https:\/\/www.miamibeachfl.gov\/wp-content\/uploads\/2023\/03\/familyplanning.jpg","contentUrl":"https:\/\/www.miamibeachfl.gov\/wp-content\/uploads\/2023\/03\/familyplanning.jpg","width":500,"height":500,"caption":"Couple with documents in front of their computer"},{"@type":"BreadcrumbList","@id":"https:\/\/www.miamibeachfl.gov\/city-hall\/planning\/planning-permitting-faqs\/#breadcrumb","itemListElement":[{"@type":"ListItem","position":1,"name":"Home","item":"https:\/\/www.miamibeachfl.gov\/"},{"@type":"ListItem","position":2,"name":"City Hall","item":"https:\/\/www.miamibeachfl.gov\/city-hall\/"},{"@type":"ListItem","position":3,"name":"Planning &#038; Zoning","item":"https:\/\/www.miamibeachfl.gov\/city-hall\/planning\/"},{"@type":"ListItem","position":4,"name":"Planning Permitting FAQs"}]},{"@type":"WebSite","@id":"https:\/\/www.miamibeachfl.gov\/#website","url":"https:\/\/www.miamibeachfl.gov\/","name":"Cidade de Miami Beach","description":"Site oficial da cidade de Miami Beach. Mantenha-se informado e encontre informa\u00e7\u00f5es importantes sobre servi\u00e7os municipais, not\u00edcias, alertas, eventos, rotas de bonde, empregos p\u00fablicos e muito mais.","publisher":{"@id":"https:\/\/www.miamibeachfl.gov\/#organization"},"potentialAction":[{"@type":"SearchAction","target":{"@type":"EntryPoint","urlTemplate":"https:\/\/www.miamibeachfl.gov\/?s={search_term_string}"},"query-input":{"@type":"PropertyValueSpecification","valueRequired":true,"valueName":"search_term_string"}}],"inLanguage":"pt-BR"},{"@type":"Organization","@id":"https:\/\/www.miamibeachfl.gov\/#organization","name":"Cidade de Miami Beach","url":"https:\/\/www.miamibeachfl.gov\/","logo":{"@type":"ImageObject","inLanguage":"pt-BR","@id":"https:\/\/www.miamibeachfl.gov\/#\/schema\/logo\/image\/","url":"https:\/\/www.miamibeachfl.gov\/wp-content\/uploads\/2022\/06\/miamibeach-logoblue.png","contentUrl":"https:\/\/www.miamibeachfl.gov\/wp-content\/uploads\/2022\/06\/miamibeach-logoblue.png","width":1962,"height":381,"caption":"City of Miami Beach"},"image":{"@id":"https:\/\/www.miamibeachfl.gov\/#\/schema\/logo\/image\/"},"sameAs":["https:\/\/www.facebook.com\/cityofmiamibeach","https:\/\/x.com\/Miamibeachnews","https:\/\/www.instagram.com\/miamibeachnews\/"],"description":"Site oficial da cidade de Miami Beach. Mantenha-se informado e encontre informa\u00e7\u00f5es importantes sobre servi\u00e7os municipais, not\u00edcias, alertas, eventos, rotas de bonde, empregos p\u00fablicos e muito mais.","telephone":"305.604.CITY(2489)","legalName":"City of Miami Beach"}]}},"_links":{"self":[{"href":"https:\/\/www.miamibeachfl.gov\/pt\/wp-json\/wp\/v2\/pages\/386517","targetHints":{"allow":["GET"]}}],"collection":[{"href":"https:\/\/www.miamibeachfl.gov\/pt\/wp-json\/wp\/v2\/pages"}],"about":[{"href":"https:\/\/www.miamibeachfl.gov\/pt\/wp-json\/wp\/v2\/types\/page"}],"author":[{"embeddable":true,"href":"https:\/\/www.miamibeachfl.gov\/pt\/wp-json\/wp\/v2\/users\/222"}],"replies":[{"embeddable":true,"href":"https:\/\/www.miamibeachfl.gov\/pt\/wp-json\/wp\/v2\/comments?post=386517"}],"version-history":[{"count":6,"href":"https:\/\/www.miamibeachfl.gov\/pt\/wp-json\/wp\/v2\/pages\/386517\/revisions"}],"predecessor-version":[{"id":389269,"href":"https:\/\/www.miamibeachfl.gov\/pt\/wp-json\/wp\/v2\/pages\/386517\/revisions\/389269"}],"up":[{"embeddable":true,"href":"https:\/\/www.miamibeachfl.gov\/pt\/wp-json\/wp\/v2\/pages\/28864"}],"wp:featuredmedia":[{"embeddable":true,"href":"https:\/\/www.miamibeachfl.gov\/pt\/wp-json\/wp\/v2\/media\/250078"}],"wp:attachment":[{"href":"https:\/\/www.miamibeachfl.gov\/pt\/wp-json\/wp\/v2\/media?parent=386517"}],"wp:term":[{"taxonomy":"category","embeddable":true,"href":"https:\/\/www.miamibeachfl.gov\/pt\/wp-json\/wp\/v2\/categories?post=386517"},{"taxonomy":"post_tag","embeddable":true,"href":"https:\/\/www.miamibeachfl.gov\/pt\/wp-json\/wp\/v2\/tags?post=386517"}],"curies":[{"name":"wp","href":"https:\/\/api.w.org\/{rel}","templated":true}]}}