{"id":386587,"date":"2025-07-14T13:49:28","date_gmt":"2025-07-14T17:49:28","guid":{"rendered":"https:\/\/www.miamibeachfl.gov\/?page_id=386587"},"modified":"2025-07-14T14:04:02","modified_gmt":"2025-07-14T18:04:02","slug":"permitting-faqs","status":"publish","type":"page","link":"https:\/\/www.miamibeachfl.gov\/pt\/city-hall\/environmental-sustainability\/permitting-faqs\/","title":{"rendered":"Perguntas frequentes sobre licenciamento ambiental e de sustentabilidade"},"content":{"rendered":"<nav id=\"breadcrumbs\" aria-label=\"Migalhas de p\u00e3o\"><a href=\"https:\/\/www.miamibeachfl.gov\/pt\/\">Lar<\/a> &gt; <a href=\"https:\/\/www.miamibeachfl.gov\/pt\/city-hall\/\">Prefeitura<\/a> &gt; <a href=\"https:\/\/www.miamibeachfl.gov\/pt\/city-hall\/environmental-sustainability\/\">Meio Ambiente e Sustentabilidade<\/a> &gt; <strong>Perguntas frequentes sobre licenciamento ambiental e de sustentabilidade<\/strong><\/nav><h1>\n\t\t\tPerguntas frequentes sobre autoriza\u00e7\u00e3o\t<\/h1>\n\t\t\t\t\t\t<h4>Quanto tempo demora para a emiss\u00e3o de uma autoriza\u00e7\u00e3o para trabalho com \u00e1rvores em Silvicultura Urbana?<\/h4>\n\t\t\t<p>A Silvicultura Urbana deve apresentar os coment\u00e1rios iniciais em at\u00e9 10 dias \u00fateis ap\u00f3s o envio do pedido. O tempo total entre o envio do pedido e a emiss\u00e3o da licen\u00e7a depende do momento em que todas as informa\u00e7\u00f5es necess\u00e1rias forem fornecidas e seu conte\u00fado atender aos padr\u00f5es de solicita\u00e7\u00e3o de licen\u00e7a. Acompanhamentos e\/ou corre\u00e7\u00f5es subsequentes poder\u00e3o ser exigidos pelo requerente.\u00a0<\/p>\n\t\t\t\t\t\t<h4>Todas as \u00e1rvores e palmeiras precisam de autoriza\u00e7\u00e3o para remo\u00e7\u00e3o?<\/h4>\n\t\t\t<p>Geralmente sim. \u00c9 necess\u00e1ria uma autoriza\u00e7\u00e3o aprovada para trabalhos com \u00e1rvores para a realoca\u00e7\u00e3o ou remo\u00e7\u00e3o de quaisquer \u00e1rvores ou palmeiras dentro dos limites da cidade de Miami Beach, com poucas exce\u00e7\u00f5es.<\/p>\n<p>A lista de exce\u00e7\u00f5es pode ser encontrada na Portaria de \u00c1rvores 2016-4055 da Cidade de Miami Beach, Se\u00e7\u00e3o 46-58. https:\/\/www.miamibeachfl.gov\/city-hall\/environmental-sustainability\/urban-forestry\/tree-work-permit-information\/<\/p>\n\t\t\t\t\t\t<h4>Quais s\u00e3o os documentos mais comumente exigidos para a submiss\u00e3o de um pedido de autoriza\u00e7\u00e3o para trabalho em \u00e1rvores?<\/h4>\n\t\t\t<p>O requerente da autoriza\u00e7\u00e3o para trabalhar com \u00e1rvores provavelmente precisar\u00e1 fornecer um levantamento das \u00e1rvores, disposi\u00e7\u00e3o das \u00e1rvores, um relat\u00f3rio de arborista registrando os motivos da remo\u00e7\u00e3o e planos de paisagismo, caso seja necess\u00e1ria a mitiga\u00e7\u00e3o da copa das \u00e1rvores.<\/p>\n\t\t\t\t\t\t<h4>Quem deve preencher o Relat\u00f3rio do Arborista?<\/h4>\n\t\t\t<p>O relat\u00f3rio do arborista deve ser preenchido por um arborista atual e certificado pela ISA (International Society of Arboriculture) ou ASCA (American Society of Consulting Arborists).<\/p>\n\t\t\t\t\t\t<h4>O que \u00e9 uma disposi\u00e7\u00e3o de \u00e1rvore?<\/h4>\n\t\t\t<p>A disposi\u00e7\u00e3o de \u00e1rvores \u00e9 um invent\u00e1rio de todas as \u00e1rvores\/palmeiras existentes mostradas no levantamento de \u00e1rvores e\/ou planos paisag\u00edsticos.\u00a0<\/p>\n<p>A disposi\u00e7\u00e3o da \u00e1rvore deve conter as seguintes informa\u00e7\u00f5es b\u00e1sicas sobre a \u00e1rvore ou palmeira: seu nome comum, seu nome cient\u00edfico, sua altura, sua largura, o di\u00e2metro do tronco \u00e0 altura do peito em polegadas, uma avalia\u00e7\u00e3o de sa\u00fade de n\u00edvel 1 realizada por um arborista certificado e se a propriedade planeja remover, realocar ou manter a \u00e1rvore ou palmeira. A \u00e1rvore ou palmeira deve ser numerada e ter sua localiza\u00e7\u00e3o na propriedade descrita com precis\u00e3o no levantamento florestal enviado ou em uma folha separada do plano de disposi\u00e7\u00e3o da \u00e1rvore.\u00a0<\/p>\n\t\t\t\t\t\t<h4>O que \u00e9 necess\u00e1rio para que as \u00e1rvores permane\u00e7am durante a constru\u00e7\u00e3o?<\/h4>\n\t\t\t<p>A prote\u00e7\u00e3o das \u00e1rvores \u00e9 necess\u00e1ria para que todas as \u00e1rvores e palmeiras \u201cpermane\u00e7am\u201d durante a constru\u00e7\u00e3o.\u00a0<\/p>\n<p>Os detalhes do plano de prote\u00e7\u00e3o de \u00e1rvores aprovado pela cidade devem ser inclu\u00eddos na disposi\u00e7\u00e3o das \u00e1rvores ou em outro lugar no conjunto completo do plano paisag\u00edstico.<\/p>\n<p>A prote\u00e7\u00e3o das \u00e1rvores deve ser inclu\u00edda no levantamento ou disposi\u00e7\u00e3o das \u00e1rvores na escala do plano, na medida exigida pelo C\u00f3digo da Cidade. \u00a0<\/p>\n\t\t\t\t\t\t<h4>Como posso solicitar uma autoriza\u00e7\u00e3o?<\/h4>\n\t\t\t<p>A Divis\u00e3o de Silvicultura Urbana da Cidade de Miami Beach adotou um processo de inscri\u00e7\u00e3o sem papel.<\/p>\n<p><strong><a href=\"https:\/\/energovcss.miamibeachfl.gov\/EnerGovProd\/SelfService\/#\/home\">Crie uma solicita\u00e7\u00e3o de autoriza\u00e7\u00e3o on-line, carregue documentos e gerencie sua autoriza\u00e7\u00e3o usando nosso sistema de autoriza\u00e7\u00e3o on-line por meio do portal Citizen Self Service (CSS).<\/a><\/strong><\/p>\n<p><a href=\"https:\/\/www.miamibeachfl.gov\/pt\/city-hall\/environmental-sustainability\/urban-forestry\/plant-a-tree\/\"><strong>Para evitar atrasos no processamento da sua autoriza\u00e7\u00e3o, \u00e9 fundamental que voc\u00ea siga as diretrizes descritas em INFORMA\u00c7\u00d5ES SOBRE AUTORIZA\u00c7\u00c3O DE TRABALHO EM \u00c1RVORES.<\/strong><\/a><\/p>\n\t\t\t\t\t\t<h4>Uma Carta de Prote\u00e7\u00e3o de \u00c1rvores \u00e9 exigida por c\u00f3digo?<\/h4>\n\t\t\t<p>A prote\u00e7\u00e3o de \u00e1rvores \u00e9 exigida pelo C\u00f3digo Municipal, se\u00e7\u00e3o 46-62.<\/p>\n<p>A Divis\u00e3o de Silvicultura Urbana exige uma Carta de Prote\u00e7\u00e3o de \u00c1rvores assinada pelo propriet\u00e1rio do im\u00f3vel para todos os trabalhos de constru\u00e7\u00e3o que n\u00e3o envolvam \u00e1rvores, onde as atividades relacionadas \u00e0 constru\u00e7\u00e3o possam impactar \u00e1rvores, palmeiras e seus sistemas de ra\u00edzes. A falha de uma equipe de constru\u00e7\u00e3o em proteger \u00e1rvores e palmeiras pode ser motivo para uma viola\u00e7\u00e3o de abuso de \u00e1rvores e\/ou ter uma \u00e1rvore saud\u00e1vel declarada como efetivamente destru\u00edda. <\/p>\n\t\t\t\t\t\t<h4>Quais s\u00e3o as especifica\u00e7\u00f5es para o detalhe de prote\u00e7\u00e3o de \u00e1rvores aprovado?<\/h4>\n\t\t\t<p>A prote\u00e7\u00e3o para \u00e1rvores aprovada pela Prefeitura de Miami Beach deve ser constru\u00edda de acordo com as especifica\u00e7\u00f5es definidas no c\u00f3digo municipal. Isso inclui uma estrutura de 2\u00d74 com estrutura transversal lateral de 2x2 protegendo a zona cr\u00edtica da raiz ou uma estrutura de cerca de arame.<\/p>\n\t\t\t\t\t\t<h4>Por que n\u00e3o consigo enviar os documentos solicitados para o portal?<\/h4>\n\t\t\t<p>Seus planos\/autoriza\u00e7\u00f5es est\u00e3o atualmente em processo de revis\u00e3o pelo Departamento de Obras. Voc\u00ea precisar\u00e1 aguardar a an\u00e1lise de todas as divis\u00f5es antes de poder enviar os documentos solicitados.<\/p>\n<p>As autoriza\u00e7\u00f5es para trabalho com \u00e1rvores na Silvicultura Urbana est\u00e3o sempre abertas e os documentos podem ser enviados a qualquer momento.<\/p>\n\t\t\t\t\t\t<h4>Quanto custam as taxas de licen\u00e7a?<\/h4>\n\t\t\t<p><a href=\"https:\/\/www.miamibeachfl.gov\/pt\/city-hall\/environmental-sustainability\/urban-forestry\/\"><strong>Visite o site da Divis\u00e3o de Silvicultura Urbana da Cidade de Miami Beach para obter mais informa\u00e7\u00f5es.<\/strong><\/a><\/p>\n\t\t\t\t\t\t<h4>Voc\u00ea pode revisar minha permiss\u00e3o antes de (data definida)?<\/h4>\n\t\t\t<p>Os pedidos de licen\u00e7a s\u00e3o analisados na ordem em que foram enviados para serem equitativos para todos os solicitantes; no entanto, as Divis\u00f5es de Silvicultura Urbana e Meio Ambiente tentam concluir as an\u00e1lises o mais r\u00e1pido poss\u00edvel.<\/p>\n\t\t\t\t\t\t<h4>Preciso elevar meu quebra-mar mesmo se estiver fazendo apenas um pequeno reparo nele?<\/h4>\n\t\t\t<p>Sim, desde que o pared\u00e3o existente exija reparos substanciais (ou seja, qualquer melhoria e\/ou reparo no pared\u00e3o existente com um custo de $300 ou mais por p\u00e9 linear).<\/p>\n\t\t\t\t\t\t<h4>Por que preciso enviar um custo detalhado da constru\u00e7\u00e3o para o reparo do meu pared\u00e3o?<\/h4>\n\t\t\t<p>Para determinar se o trabalho do quebra-mar atende aos requisitos de eleva\u00e7\u00e3o da Portaria Seawall 2021-4393.<\/p>\n\t\t\t\t\t\t<h4>O que s\u00e3o as &quot;notas&quot; nos coment\u00e1rios ambientais solicitando que a declara\u00e7\u00e3o e as notas sobre sedimentos e eros\u00e3o sejam inclu\u00eddas nos planos?<\/h4>\n\t\t\t<p>As &quot;anota\u00e7\u00f5es&quot; s\u00e3o inclu\u00eddas no formul\u00e1rio de declara\u00e7\u00e3o juramentada, ap\u00f3s a p\u00e1gina de assinaturas. Essas notas podem ser enviadas como parte do formul\u00e1rio de declara\u00e7\u00e3o juramentada ou adicionadas \u00e0s plantas (geralmente folhas civis).<\/p>\n\t\t\t\t\t\t<h4>Por que preciso enviar a Declara\u00e7\u00e3o de Controle de Sedimentos e Eros\u00e3o no Local de Constru\u00e7\u00e3o se estou apenas fazendo um pequeno reparo\/trabalho?<\/h4>\n\t\t\t<p>A Declara\u00e7\u00e3o de Controle de Sedimentos e Eros\u00e3o do Local de Constru\u00e7\u00e3o \u00e9 necess\u00e1ria para todas as atividades que perturbem o solo, de acordo com a Portaria de Qualidade da \u00c1gua n\u00ba 2021-4435.<\/p>\n\t<div class=\"page-navigation\"><a class=\"prev-page\" href=\"https:\/\/www.miamibeachfl.gov\/pt\/city-hall\/finance\/financial-documents\/2024-financial-reports\/\">\u2190 Relat\u00f3rios financeiros para o ano fiscal encerrado em 30 de setembro de 2024<\/a> <a class=\"next-page\" href=\"https:\/\/www.miamibeachfl.gov\/pt\/art-week-miami-beach\/artweek-free-transportation\/\">Transporte gratuito durante a Semana da Arte \u2192<\/a><\/div>","protected":false},"excerpt":{"rendered":"<p>Home &gt; City Hall &gt; Environment &#038; Sustainability &gt; Environmental &amp; Sustainability Permitting FAQs Permitting FAQs How long does it [&hellip;]<\/p>\n","protected":false},"author":222,"featured_media":383955,"parent":28598,"menu_order":3,"comment_status":"closed","ping_status":"closed","template":"","meta":{"_searchwp_excluded":"","site-sidebar-layout":"default","site-content-layout":"","ast-site-content-layout":"default","site-content-style":"default","site-sidebar-style":"default","ast-global-header-display":"","ast-banner-title-visibility":"","ast-main-header-display":"","ast-hfb-above-header-display":"","ast-hfb-below-header-display":"","ast-hfb-mobile-header-display":"","site-post-title":"","ast-breadcrumbs-content":"","ast-featured-img":"","footer-sml-layout":"","theme-transparent-header-meta":"","adv-header-id-meta":"","stick-header-meta":"","header-above-stick-meta":"","header-main-stick-meta":"","header-below-stick-meta":"","astra-migrate-meta-layouts":"default","ast-page-background-enabled":"default","ast-page-background-meta":{"desktop":{"background-color":"var(--ast-global-color-5)","background-image":"","background-repeat":"repeat","background-position":"center center","background-size":"auto","background-attachment":"scroll","background-type":"","background-media":"","overlay-type":"","overlay-color":"","overlay-opacity":"","overlay-gradient":""},"tablet":{"background-color":"","background-image":"","background-repeat":"repeat","background-position":"center center","background-size":"auto","background-attachment":"scroll","background-type":"","background-media":"","overlay-type":"","overlay-color":"","overlay-opacity":"","overlay-gradient":""},"mobile":{"background-color":"","background-image":"","background-repeat":"repeat","background-position":"center center","background-size":"auto","background-attachment":"scroll","background-type":"","background-media":"","overlay-type":"","overlay-color":"","overlay-opacity":"","overlay-gradient":""}},"ast-content-background-meta":{"desktop":{"background-color":"var(--ast-global-color-4)","background-image":"","background-repeat":"repeat","background-position":"center center","background-size":"auto","background-attachment":"scroll","background-type":"","background-media":"","overlay-type":"","overlay-color":"","overlay-opacity":"","overlay-gradient":""},"tablet":{"background-color":"var(--ast-global-color-4)","background-image":"","background-repeat":"repeat","background-position":"center center","background-size":"auto","background-attachment":"scroll","background-type":"","background-media":"","overlay-type":"","overlay-color":"","overlay-opacity":"","overlay-gradient":""},"mobile":{"background-color":"var(--ast-global-color-4)","background-image":"","background-repeat":"repeat","background-position":"center center","background-size":"auto","background-attachment":"scroll","background-type":"","background-media":"","overlay-type":"","overlay-color":"","overlay-opacity":"","overlay-gradient":""}},"footnotes":""},"categories":[],"tags":[1818],"class_list":["post-386587","page","type-page","status-publish","has-post-thumbnail","hentry","tag-environmental-and-sustainability-permits-faqs"],"yoast_head":"<!-- This site is optimized with the Yoast SEO Premium plugin v27.4 (Yoast SEO v27.4) - https:\/\/yoast.com\/product\/yoast-seo-premium-wordpress\/ -->\n<title>Environmental &amp; Sustainability Permitting FAQs - City of Miami Beach<\/title>\n<meta name=\"description\" content=\"%\" \/>\n<meta name=\"robots\" content=\"index, follow, max-snippet:-1, max-image-preview:large, max-video-preview:-1\" \/>\n<link rel=\"canonical\" href=\"https:\/\/www.miamibeachfl.gov\/pt\/city-hall\/environmental-sustainability\/permitting-faqs\/\" \/>\n<meta property=\"og:locale\" content=\"pt_BR\" \/>\n<meta property=\"og:type\" content=\"article\" \/>\n<meta property=\"og:title\" content=\"Environmental &amp; Sustainability Permitting FAQs\" \/>\n<meta property=\"og:description\" content=\"%\" \/>\n<meta property=\"og:url\" content=\"https:\/\/www.miamibeachfl.gov\/pt\/city-hall\/environmental-sustainability\/permitting-faqs\/\" \/>\n<meta property=\"og:site_name\" content=\"City of Miami Beach\" \/>\n<meta property=\"article:publisher\" content=\"https:\/\/www.facebook.com\/cityofmiamibeach\" \/>\n<meta property=\"article:modified_time\" content=\"2025-07-14T18:04:02+00:00\" \/>\n<meta property=\"og:image\" content=\"https:\/\/www.miamibeachfl.gov\/wp-content\/uploads\/2025\/06\/Parks-Gallery-2-SouthPointePark-optimized.jpg\" \/>\n\t<meta property=\"og:image:width\" content=\"400\" \/>\n\t<meta property=\"og:image:height\" content=\"400\" \/>\n\t<meta property=\"og:image:type\" content=\"image\/jpeg\" \/>\n<meta name=\"twitter:card\" content=\"summary_large_image\" \/>\n<meta name=\"twitter:site\" content=\"@Miamibeachnews\" \/>\n<script type=\"application\/ld+json\" class=\"yoast-schema-graph\">{\"@context\":\"https:\\\/\\\/schema.org\",\"@graph\":[{\"@type\":\"WebPage\",\"@id\":\"https:\\\/\\\/www.miamibeachfl.gov\\\/city-hall\\\/environmental-sustainability\\\/permitting-faqs\\\/\",\"url\":\"https:\\\/\\\/www.miamibeachfl.gov\\\/city-hall\\\/environmental-sustainability\\\/permitting-faqs\\\/\",\"name\":\"Environmental &amp; Sustainability Permitting FAQs - City of Miami Beach\",\"isPartOf\":{\"@id\":\"https:\\\/\\\/www.miamibeachfl.gov\\\/#website\"},\"primaryImageOfPage\":{\"@id\":\"https:\\\/\\\/www.miamibeachfl.gov\\\/city-hall\\\/environmental-sustainability\\\/permitting-faqs\\\/#primaryimage\"},\"image\":{\"@id\":\"https:\\\/\\\/www.miamibeachfl.gov\\\/city-hall\\\/environmental-sustainability\\\/permitting-faqs\\\/#primaryimage\"},\"thumbnailUrl\":\"https:\\\/\\\/www.miamibeachfl.gov\\\/wp-content\\\/uploads\\\/2025\\\/06\\\/Parks-Gallery-2-SouthPointePark-optimized.jpg\",\"datePublished\":\"2025-07-14T17:49:28+00:00\",\"dateModified\":\"2025-07-14T18:04:02+00:00\",\"description\":\"%\",\"breadcrumb\":{\"@id\":\"https:\\\/\\\/www.miamibeachfl.gov\\\/city-hall\\\/environmental-sustainability\\\/permitting-faqs\\\/#breadcrumb\"},\"inLanguage\":\"pt-BR\",\"potentialAction\":[{\"@type\":\"ReadAction\",\"target\":[\"https:\\\/\\\/www.miamibeachfl.gov\\\/city-hall\\\/environmental-sustainability\\\/permitting-faqs\\\/\"]}]},{\"@type\":\"ImageObject\",\"inLanguage\":\"pt-BR\",\"@id\":\"https:\\\/\\\/www.miamibeachfl.gov\\\/city-hall\\\/environmental-sustainability\\\/permitting-faqs\\\/#primaryimage\",\"url\":\"https:\\\/\\\/www.miamibeachfl.gov\\\/wp-content\\\/uploads\\\/2025\\\/06\\\/Parks-Gallery-2-SouthPointePark-optimized.jpg\",\"contentUrl\":\"https:\\\/\\\/www.miamibeachfl.gov\\\/wp-content\\\/uploads\\\/2025\\\/06\\\/Parks-Gallery-2-SouthPointePark-optimized.jpg\",\"width\":400,\"height\":400,\"caption\":\"aerial view of southpoint park beachwalk\"},{\"@type\":\"BreadcrumbList\",\"@id\":\"https:\\\/\\\/www.miamibeachfl.gov\\\/city-hall\\\/environmental-sustainability\\\/permitting-faqs\\\/#breadcrumb\",\"itemListElement\":[{\"@type\":\"ListItem\",\"position\":1,\"name\":\"Home\",\"item\":\"https:\\\/\\\/www.miamibeachfl.gov\\\/\"},{\"@type\":\"ListItem\",\"position\":2,\"name\":\"City Hall\",\"item\":\"https:\\\/\\\/www.miamibeachfl.gov\\\/city-hall\\\/\"},{\"@type\":\"ListItem\",\"position\":3,\"name\":\"Environment &#038; Sustainability\",\"item\":\"https:\\\/\\\/www.miamibeachfl.gov\\\/city-hall\\\/environmental-sustainability\\\/\"},{\"@type\":\"ListItem\",\"position\":4,\"name\":\"Environmental &amp; Sustainability Permitting FAQs\"}]},{\"@type\":\"WebSite\",\"@id\":\"https:\\\/\\\/www.miamibeachfl.gov\\\/#website\",\"url\":\"https:\\\/\\\/www.miamibeachfl.gov\\\/\",\"name\":\"City of Miami Beach\",\"description\":\"The official website of the City of Miami Beach. Stay informed, find important information on city services, news, alerts, events, trolley routes, government employment and more.\",\"publisher\":{\"@id\":\"https:\\\/\\\/www.miamibeachfl.gov\\\/#organization\"},\"potentialAction\":[{\"@type\":\"SearchAction\",\"target\":{\"@type\":\"EntryPoint\",\"urlTemplate\":\"https:\\\/\\\/www.miamibeachfl.gov\\\/?s={search_term_string}\"},\"query-input\":{\"@type\":\"PropertyValueSpecification\",\"valueRequired\":true,\"valueName\":\"search_term_string\"}}],\"inLanguage\":\"pt-BR\"},{\"@type\":\"Organization\",\"@id\":\"https:\\\/\\\/www.miamibeachfl.gov\\\/#organization\",\"name\":\"City of Miami Beach\",\"url\":\"https:\\\/\\\/www.miamibeachfl.gov\\\/\",\"logo\":{\"@type\":\"ImageObject\",\"inLanguage\":\"pt-BR\",\"@id\":\"https:\\\/\\\/www.miamibeachfl.gov\\\/#\\\/schema\\\/logo\\\/image\\\/\",\"url\":\"https:\\\/\\\/www.miamibeachfl.gov\\\/wp-content\\\/uploads\\\/2022\\\/06\\\/miamibeach-logoblue.png\",\"contentUrl\":\"https:\\\/\\\/www.miamibeachfl.gov\\\/wp-content\\\/uploads\\\/2022\\\/06\\\/miamibeach-logoblue.png\",\"width\":1962,\"height\":381,\"caption\":\"City of Miami Beach\"},\"image\":{\"@id\":\"https:\\\/\\\/www.miamibeachfl.gov\\\/#\\\/schema\\\/logo\\\/image\\\/\"},\"sameAs\":[\"https:\\\/\\\/www.facebook.com\\\/cityofmiamibeach\",\"https:\\\/\\\/x.com\\\/Miamibeachnews\",\"https:\\\/\\\/www.instagram.com\\\/miamibeachnews\\\/\"],\"description\":\"The official website of the City of Miami Beach. Stay informed, find important information on city services, news, alerts, events, trolley routes, government employment and more.\",\"telephone\":\"305.604.CITY(2489)\",\"legalName\":\"City of Miami Beach\"}]}<\/script>\n<!-- \/ Yoast SEO Premium plugin. -->","yoast_head_json":{"title":"Perguntas frequentes sobre licenciamento ambiental e de sustentabilidade - Cidade de Miami Beach","description":"%","robots":{"index":"index","follow":"follow","max-snippet":"max-snippet:-1","max-image-preview":"max-image-preview:large","max-video-preview":"max-video-preview:-1"},"canonical":"https:\/\/www.miamibeachfl.gov\/pt\/city-hall\/environmental-sustainability\/permitting-faqs\/","og_locale":"pt_BR","og_type":"article","og_title":"Environmental &amp; Sustainability Permitting FAQs","og_description":"%","og_url":"https:\/\/www.miamibeachfl.gov\/pt\/city-hall\/environmental-sustainability\/permitting-faqs\/","og_site_name":"City of Miami Beach","article_publisher":"https:\/\/www.facebook.com\/cityofmiamibeach","article_modified_time":"2025-07-14T18:04:02+00:00","og_image":[{"width":400,"height":400,"url":"https:\/\/www.miamibeachfl.gov\/wp-content\/uploads\/2025\/06\/Parks-Gallery-2-SouthPointePark-optimized.jpg","type":"image\/jpeg"}],"twitter_card":"summary_large_image","twitter_site":"@Miamibeachnews","schema":{"@context":"https:\/\/schema.org","@graph":[{"@type":"WebPage","@id":"https:\/\/www.miamibeachfl.gov\/city-hall\/environmental-sustainability\/permitting-faqs\/","url":"https:\/\/www.miamibeachfl.gov\/city-hall\/environmental-sustainability\/permitting-faqs\/","name":"Perguntas frequentes sobre licenciamento ambiental e de sustentabilidade - Cidade de Miami Beach","isPartOf":{"@id":"https:\/\/www.miamibeachfl.gov\/#website"},"primaryImageOfPage":{"@id":"https:\/\/www.miamibeachfl.gov\/city-hall\/environmental-sustainability\/permitting-faqs\/#primaryimage"},"image":{"@id":"https:\/\/www.miamibeachfl.gov\/city-hall\/environmental-sustainability\/permitting-faqs\/#primaryimage"},"thumbnailUrl":"https:\/\/www.miamibeachfl.gov\/wp-content\/uploads\/2025\/06\/Parks-Gallery-2-SouthPointePark-optimized.jpg","datePublished":"2025-07-14T17:49:28+00:00","dateModified":"2025-07-14T18:04:02+00:00","description":"%","breadcrumb":{"@id":"https:\/\/www.miamibeachfl.gov\/city-hall\/environmental-sustainability\/permitting-faqs\/#breadcrumb"},"inLanguage":"pt-BR","potentialAction":[{"@type":"ReadAction","target":["https:\/\/www.miamibeachfl.gov\/city-hall\/environmental-sustainability\/permitting-faqs\/"]}]},{"@type":"ImageObject","inLanguage":"pt-BR","@id":"https:\/\/www.miamibeachfl.gov\/city-hall\/environmental-sustainability\/permitting-faqs\/#primaryimage","url":"https:\/\/www.miamibeachfl.gov\/wp-content\/uploads\/2025\/06\/Parks-Gallery-2-SouthPointePark-optimized.jpg","contentUrl":"https:\/\/www.miamibeachfl.gov\/wp-content\/uploads\/2025\/06\/Parks-Gallery-2-SouthPointePark-optimized.jpg","width":400,"height":400,"caption":"aerial view of southpoint park beachwalk"},{"@type":"BreadcrumbList","@id":"https:\/\/www.miamibeachfl.gov\/city-hall\/environmental-sustainability\/permitting-faqs\/#breadcrumb","itemListElement":[{"@type":"ListItem","position":1,"name":"Home","item":"https:\/\/www.miamibeachfl.gov\/"},{"@type":"ListItem","position":2,"name":"City Hall","item":"https:\/\/www.miamibeachfl.gov\/city-hall\/"},{"@type":"ListItem","position":3,"name":"Environment &#038; Sustainability","item":"https:\/\/www.miamibeachfl.gov\/city-hall\/environmental-sustainability\/"},{"@type":"ListItem","position":4,"name":"Environmental &amp; Sustainability Permitting FAQs"}]},{"@type":"WebSite","@id":"https:\/\/www.miamibeachfl.gov\/#website","url":"https:\/\/www.miamibeachfl.gov\/","name":"Cidade de Miami Beach","description":"Site oficial da cidade de Miami Beach. Mantenha-se informado e encontre informa\u00e7\u00f5es importantes sobre servi\u00e7os municipais, not\u00edcias, alertas, eventos, rotas de bonde, empregos p\u00fablicos e muito mais.","publisher":{"@id":"https:\/\/www.miamibeachfl.gov\/#organization"},"potentialAction":[{"@type":"SearchAction","target":{"@type":"EntryPoint","urlTemplate":"https:\/\/www.miamibeachfl.gov\/?s={search_term_string}"},"query-input":{"@type":"PropertyValueSpecification","valueRequired":true,"valueName":"search_term_string"}}],"inLanguage":"pt-BR"},{"@type":"Organization","@id":"https:\/\/www.miamibeachfl.gov\/#organization","name":"Cidade de Miami Beach","url":"https:\/\/www.miamibeachfl.gov\/","logo":{"@type":"ImageObject","inLanguage":"pt-BR","@id":"https:\/\/www.miamibeachfl.gov\/#\/schema\/logo\/image\/","url":"https:\/\/www.miamibeachfl.gov\/wp-content\/uploads\/2022\/06\/miamibeach-logoblue.png","contentUrl":"https:\/\/www.miamibeachfl.gov\/wp-content\/uploads\/2022\/06\/miamibeach-logoblue.png","width":1962,"height":381,"caption":"City of Miami Beach"},"image":{"@id":"https:\/\/www.miamibeachfl.gov\/#\/schema\/logo\/image\/"},"sameAs":["https:\/\/www.facebook.com\/cityofmiamibeach","https:\/\/x.com\/Miamibeachnews","https:\/\/www.instagram.com\/miamibeachnews\/"],"description":"Site oficial da cidade de Miami Beach. Mantenha-se informado e encontre informa\u00e7\u00f5es importantes sobre servi\u00e7os municipais, not\u00edcias, alertas, eventos, rotas de bonde, empregos p\u00fablicos e muito mais.","telephone":"305.604.CITY(2489)","legalName":"City of Miami Beach"}]}},"_links":{"self":[{"href":"https:\/\/www.miamibeachfl.gov\/pt\/wp-json\/wp\/v2\/pages\/386587","targetHints":{"allow":["GET"]}}],"collection":[{"href":"https:\/\/www.miamibeachfl.gov\/pt\/wp-json\/wp\/v2\/pages"}],"about":[{"href":"https:\/\/www.miamibeachfl.gov\/pt\/wp-json\/wp\/v2\/types\/page"}],"author":[{"embeddable":true,"href":"https:\/\/www.miamibeachfl.gov\/pt\/wp-json\/wp\/v2\/users\/222"}],"replies":[{"embeddable":true,"href":"https:\/\/www.miamibeachfl.gov\/pt\/wp-json\/wp\/v2\/comments?post=386587"}],"version-history":[{"count":3,"href":"https:\/\/www.miamibeachfl.gov\/pt\/wp-json\/wp\/v2\/pages\/386587\/revisions"}],"predecessor-version":[{"id":386599,"href":"https:\/\/www.miamibeachfl.gov\/pt\/wp-json\/wp\/v2\/pages\/386587\/revisions\/386599"}],"up":[{"embeddable":true,"href":"https:\/\/www.miamibeachfl.gov\/pt\/wp-json\/wp\/v2\/pages\/28598"}],"wp:featuredmedia":[{"embeddable":true,"href":"https:\/\/www.miamibeachfl.gov\/pt\/wp-json\/wp\/v2\/media\/383955"}],"wp:attachment":[{"href":"https:\/\/www.miamibeachfl.gov\/pt\/wp-json\/wp\/v2\/media?parent=386587"}],"wp:term":[{"taxonomy":"category","embeddable":true,"href":"https:\/\/www.miamibeachfl.gov\/pt\/wp-json\/wp\/v2\/categories?post=386587"},{"taxonomy":"post_tag","embeddable":true,"href":"https:\/\/www.miamibeachfl.gov\/pt\/wp-json\/wp\/v2\/tags?post=386587"}],"curies":[{"name":"wp","href":"https:\/\/api.w.org\/{rel}","templated":true}]}}