{"id":38693,"date":"2017-10-20T11:08:29","date_gmt":"2017-10-20T15:08:29","guid":{"rendered":"http:\/\/www.miamibeachfl.gov\/city-hall\/human-resources\/risk-management\/"},"modified":"2026-01-15T14:48:54","modified_gmt":"2026-01-15T19:48:54","slug":"risk-management","status":"publish","type":"page","link":"https:\/\/www.miamibeachfl.gov\/pt\/city-hall\/human-resources\/risk-management\/","title":{"rendered":"Gest\u00e3o de Riscos"},"content":{"rendered":"<img decoding=\"async\" src=\"https:\/\/www.miamibeachfl.gov\/wp-content\/uploads\/2022\/07\/hero-small.jpg\" alt=\"ocean drive art deco buildings\" itemprop=\"image\" height=\"211\" width=\"2395\" title=\"her\u00f3i-pequeno\" onerror=\"this.style.display='none'\" loading=\"lazy\" \/>\n<h1>\n\t\t\tGest\u00e3o de Riscos\t<\/h1>\n\t<nav id=\"breadcrumbs\" aria-label=\"Migalhas de p\u00e3o\"><a href=\"https:\/\/www.miamibeachfl.gov\/pt\/\">Lar<\/a> &gt; <a href=\"https:\/\/www.miamibeachfl.gov\/pt\/city-hall\/\">Prefeitura<\/a> &gt; <a href=\"https:\/\/www.miamibeachfl.gov\/pt\/city-hall\/human-resources\/\">Recursos Humanos<\/a> &gt; <strong>Gest\u00e3o de Riscos<\/strong><\/nav><h2>\n\t\t\tMarco Cavaleiro II\u00a0\t<\/h2>\n<h3>\n\t\t\tDiretor S\u00eanior de Riscos, Gest\u00e3o de Riscos\t<\/h3>\n\t<p>A miss\u00e3o da Divis\u00e3o de Gest\u00e3o de Riscos \u00e9 proporcionar um ambiente seguro e saud\u00e1vel para nossos funcion\u00e1rios, visitantes e moradores, prevenindo incidentes e minimizando o impacto financeiro de perdas para a Cidade de Miami Beach. Isso \u00e9 realizado por meio de transfer\u00eancia de riscos, preven\u00e7\u00e3o de riscos, gest\u00e3o e investiga\u00e7\u00e3o de sinistros e programas de preven\u00e7\u00e3o\/controle de perdas. As prioridades da Divis\u00e3o s\u00e3o prevenir e minimizar perdas f\u00edsicas em propriedades da Cidade, reduzir a frequ\u00eancia e a gravidade de les\u00f5es corporais a funcion\u00e1rios e ao p\u00fablico, promover pr\u00e1ticas de trabalho seguras entre os funcion\u00e1rios e garantir a continuidade dos servi\u00e7os aos moradores e visitantes da Cidade.<\/p>\n\t\tNavegar para\u2026\t\t\t\n\t\t\t\t\t<ul id=\"menu-hr-risk-management\"><li id=\"menu-item-362860\"><a href=\"https:\/\/live.origamirisk.com\/Origami\/IncidentEntry\/Direct?token=1m7WARXGbeVTcu0kSmjRZIvg%2BA7bM5c8cecCLfcBgCmrP1jweHqJDH7SwyT2A%2FyfPZ53YZ2GPFmpD%2B9%2FglKWmYrTHwN8B50XcpScmfAkXJkvbwe7XfTP3fZKWocX%2BB5Y\">Portal de Reivindica\u00e7\u00f5es<\/a><\/li>\n<li id=\"menu-item-362855\"><a href=\"\/pt\/city-hall\/human-resources\/risk-management\/claims\/\">Reivindica\u00e7\u00f5es<\/a><\/li>\n<li id=\"menu-item-362857\"><a href=\"\/pt\/city-hall\/human-resources\/risk-management\/safety\/\">Seguran\u00e7a<\/a><\/li>\n<li id=\"menu-item-362859\"><a href=\"\/pt\/city-hall\/human-resources\/risk-management\/insurance\/\">Seguro<\/a><\/li>\n<\/ul>\t\n\t<h3>\n\t\t\tA Gest\u00e3o de Riscos tem v\u00e1rias fun\u00e7\u00f5es:\t<\/h3>\n\t<h4>Sa\u00fade e Seguran\u00e7a<\/h4>\n<ul>\n<li>Programa de Ambiente de Trabalho Livre de Drogas<\/li>\n<li>Investiga\u00e7\u00f5es de Acidentes<\/li>\n<li>Inspe\u00e7\u00f5es de Seguran\u00e7a de Instala\u00e7\u00f5es<\/li>\n<li>Treinamento de seguran\u00e7a para funcion\u00e1rios da cidade<\/li>\n<li>Avalia\u00e7\u00f5es de aptid\u00e3o para o trabalho<\/li>\n<li>Programa de cal\u00e7ados de seguran\u00e7a<\/li>\n<li>Investiga\u00e7\u00f5es, inspe\u00e7\u00f5es e recomenda\u00e7\u00f5es de riscos no local de trabalho<\/li>\n<\/ul>\n\t<h4>Revis\u00e3o de Contrato<\/h4>\n<ul>\n<li>Desenvolver linguagem de seguros apropriada para acordos contratuais<\/li>\n<li>Certificado de monitoramento de seguros<\/li>\n<li>Aquisi\u00e7\u00e3o de Seguros de Acidentes e de Propriedade<\/li>\n<\/ul>\n\t<h4>Gest\u00e3o de Reivindica\u00e7\u00f5es<\/h4>\n<ul>\n<li>Compensa\u00e7\u00e3o Trabalhista<\/li>\n<li>Responsabilidade Civil Autom\u00f3vel<\/li>\n<li>Responsabilidade Civil Geral<\/li>\n<li>Danos materiais<\/li>\n<\/ul>\n\t<strong>Marco Cavaleiro II<\/strong><br \/>\n<strong>Diretor S\u00eanior de Riscos<\/strong><br \/>\n\ud83d\udce7\u00a0<a tabindex=\"0\" href=\"mailto:MarcChevalier@miamibeachfl.gov\" target=\"_blank\" rel=\"noopener noreferrer\">MarcChevalier@miamibeachfl.gov<\/a><br \/>\n\ud83d\udcde 305-673-7000 ramal 26724\n<hr \/>\n<strong>Roberto Arag\u00e3o<\/strong><br \/>\n<strong>Oficial Assistente de Risco<\/strong><br \/>\n\ud83d\udce7\u00a0<a tabindex=\"0\" href=\"mailto:RobertAragon@miamibeachfl.gov\" target=\"_blank\" rel=\"noopener noreferrer\">RobertAragon@miamibeachfl.gov<\/a><br \/>\n\ud83d\udcde 305-673-7000 ramal 26552\n<hr \/>\n<strong>Jennifer Sanchez<\/strong><br \/>\n<strong>Especialista S\u00eanior em RH<\/strong><br \/>\n\ud83d\udce7\u00a0<a tabindex=\"0\" href=\"mailto:JenniferSanchez@miamibeachfl.gov\" target=\"_blank\" rel=\"noopener noreferrer\">JenniferSanchez@miamibeachfl.gov<\/a><br \/>\n\ud83d\udcde 305-673-7000 ramal 26837\n<hr \/>\n<strong>Keynda Griffin<\/strong><br \/>\n<strong>Oficial de Seguran\u00e7a<\/strong><br \/>\n\ud83d\udce7\u00a0<a tabindex=\"0\" href=\"mailto:KeyndaGriffin@miamibeachfl.gov\" rel=\"noopener noreferrer\">KeyndaGriffin@miamibeachfl.gov<\/a><br \/>\n\ud83d\udcde 786-394-4406\n<hr \/>\n<strong>Kevin Irizarry<\/strong><br \/>\n<strong>Analista S\u00eanior de Riscos e Benef\u00edcios de RH<\/strong><br \/>\n\ud83d\udce7\u00a0<a tabindex=\"0\" href=\"mailto:KevinIrizarry@miamibeachfl.gov\" target=\"_blank\" rel=\"noopener noreferrer\">KevinIrizarry@miamibeachfl.gov<\/a><br \/>\n\ud83d\udcde 305-673-7000 ramal 26723\n<hr \/>\n<strong>Alexis Simons<\/strong><br \/>\n<strong>Associado de escrit\u00f3rio IV<\/strong><br \/>\n\ud83d\udce7\u00a0<a tabindex=\"0\" href=\"mailto:AlexisSimons@miamibeachfl.gov\" target=\"_blank\" rel=\"noopener noreferrer\">AlexisSimons@miamibeachfl.gov<\/a><br \/>\n\ud83d\udcde 305-673-7000 ramal 26947\n\t<div class=\"page-navigation\"><a class=\"prev-page\" href=\"https:\/\/www.miamibeachfl.gov\/pt\/residents\/resident-guide\/\">\u2190 Guia do Residente<\/a> <a class=\"next-page\" href=\"https:\/\/www.miamibeachfl.gov\/pt\/city-hall\/public-works\/elevator-division\/elevator-permit\/\">Permiss\u00e3o de elevador \u2192<\/a><\/div>","protected":false},"excerpt":{"rendered":"<p>Risk Management Home &gt; City Hall &gt; Human Resources &gt; Risk Management Marc Chevalier II\u00a0 Senior Risk Officer, Risk Management [&hellip;]<\/p>\n","protected":false},"author":222,"featured_media":0,"parent":28642,"menu_order":0,"comment_status":"closed","ping_status":"closed","template":"","meta":{"_searchwp_excluded":"","site-sidebar-layout":"default","site-content-layout":"","ast-site-content-layout":"default","site-content-style":"default","site-sidebar-style":"default","ast-global-header-display":"","ast-banner-title-visibility":"","ast-main-header-display":"","ast-hfb-above-header-display":"","ast-hfb-below-header-display":"","ast-hfb-mobile-header-display":"","site-post-title":"","ast-breadcrumbs-content":"","ast-featured-img":"","footer-sml-layout":"","theme-transparent-header-meta":"","adv-header-id-meta":"","stick-header-meta":"","header-above-stick-meta":"","header-main-stick-meta":"","header-below-stick-meta":"","astra-migrate-meta-layouts":"default","ast-page-background-enabled":"default","ast-page-background-meta":{"desktop":{"background-color":"var(--ast-global-color-5)","background-image":"","background-repeat":"repeat","background-position":"center center","background-size":"auto","background-attachment":"scroll","background-type":"","background-media":"","overlay-type":"","overlay-color":"","overlay-opacity":"","overlay-gradient":""},"tablet":{"background-color":"","background-image":"","background-repeat":"repeat","background-position":"center center","background-size":"auto","background-attachment":"scroll","background-type":"","background-media":"","overlay-type":"","overlay-color":"","overlay-opacity":"","overlay-gradient":""},"mobile":{"background-color":"","background-image":"","background-repeat":"repeat","background-position":"center center","background-size":"auto","background-attachment":"scroll","background-type":"","background-media":"","overlay-type":"","overlay-color":"","overlay-opacity":"","overlay-gradient":""}},"ast-content-background-meta":{"desktop":{"background-color":"var(--ast-global-color-4)","background-image":"","background-repeat":"repeat","background-position":"center center","background-size":"auto","background-attachment":"scroll","background-type":"","background-media":"","overlay-type":"","overlay-color":"","overlay-opacity":"","overlay-gradient":""},"tablet":{"background-color":"var(--ast-global-color-4)","background-image":"","background-repeat":"repeat","background-position":"center center","background-size":"auto","background-attachment":"scroll","background-type":"","background-media":"","overlay-type":"","overlay-color":"","overlay-opacity":"","overlay-gradient":""},"mobile":{"background-color":"var(--ast-global-color-4)","background-image":"","background-repeat":"repeat","background-position":"center center","background-size":"auto","background-attachment":"scroll","background-type":"","background-media":"","overlay-type":"","overlay-color":"","overlay-opacity":"","overlay-gradient":""}},"footnotes":""},"categories":[1],"tags":[],"class_list":["post-38693","page","type-page","status-publish","hentry","category-uncategorized"],"yoast_head":"<!-- This site is optimized with the Yoast SEO Premium plugin v27.4 (Yoast SEO v27.4) - https:\/\/yoast.com\/product\/yoast-seo-premium-wordpress\/ -->\n<title>Risk Management - City of Miami Beach<\/title>\n<meta name=\"description\" content=\"The Risk Management Division\u2019s mission is to provide a safe and healthy environment for our employees, visitors, and residents by preventing incidents and minimizing the financial impact of losses to the City of Miami Beach.\" \/>\n<meta name=\"robots\" content=\"index, follow, max-snippet:-1, max-image-preview:large, max-video-preview:-1\" \/>\n<link rel=\"canonical\" href=\"https:\/\/www.miamibeachfl.gov\/pt\/city-hall\/human-resources\/risk-management\/\" \/>\n<meta property=\"og:locale\" content=\"pt_BR\" \/>\n<meta property=\"og:type\" content=\"article\" \/>\n<meta property=\"og:title\" content=\"Risk Management\" \/>\n<meta property=\"og:description\" content=\"The Risk Management Division\u2019s mission is to provide a safe and healthy environment for our employees, visitors, and residents by preventing incidents and minimizing the financial impact of losses to the City of Miami Beach.\" \/>\n<meta property=\"og:url\" content=\"https:\/\/www.miamibeachfl.gov\/pt\/city-hall\/human-resources\/risk-management\/\" \/>\n<meta property=\"og:site_name\" content=\"City of Miami Beach\" \/>\n<meta property=\"article:publisher\" content=\"https:\/\/www.facebook.com\/cityofmiamibeach\" \/>\n<meta property=\"article:modified_time\" content=\"2026-01-15T19:48:54+00:00\" \/>\n<meta property=\"og:image\" content=\"https:\/\/www.miamibeachfl.gov\/wp-content\/uploads\/2022\/07\/hero-small.jpg\" \/>\n<meta name=\"twitter:card\" content=\"summary_large_image\" \/>\n<meta name=\"twitter:site\" content=\"@Miamibeachnews\" \/>\n<script type=\"application\/ld+json\" class=\"yoast-schema-graph\">{\"@context\":\"https:\\\/\\\/schema.org\",\"@graph\":[{\"@type\":\"WebPage\",\"@id\":\"https:\\\/\\\/www.miamibeachfl.gov\\\/city-hall\\\/human-resources\\\/risk-management\\\/\",\"url\":\"https:\\\/\\\/www.miamibeachfl.gov\\\/city-hall\\\/human-resources\\\/risk-management\\\/\",\"name\":\"Risk Management - City of Miami Beach\",\"isPartOf\":{\"@id\":\"https:\\\/\\\/www.miamibeachfl.gov\\\/#website\"},\"primaryImageOfPage\":{\"@id\":\"https:\\\/\\\/www.miamibeachfl.gov\\\/city-hall\\\/human-resources\\\/risk-management\\\/#primaryimage\"},\"image\":{\"@id\":\"https:\\\/\\\/www.miamibeachfl.gov\\\/city-hall\\\/human-resources\\\/risk-management\\\/#primaryimage\"},\"thumbnailUrl\":\"https:\\\/\\\/www.miamibeachfl.gov\\\/wp-content\\\/uploads\\\/2022\\\/07\\\/hero-small.jpg\",\"datePublished\":\"2017-10-20T15:08:29+00:00\",\"dateModified\":\"2026-01-15T19:48:54+00:00\",\"description\":\"The Risk Management Division\u2019s mission is to provide a safe and healthy environment for our employees, visitors, and residents by preventing incidents and minimizing the financial impact of losses to the City of Miami Beach.\",\"breadcrumb\":{\"@id\":\"https:\\\/\\\/www.miamibeachfl.gov\\\/city-hall\\\/human-resources\\\/risk-management\\\/#breadcrumb\"},\"inLanguage\":\"pt-BR\",\"potentialAction\":[{\"@type\":\"ReadAction\",\"target\":[\"https:\\\/\\\/www.miamibeachfl.gov\\\/city-hall\\\/human-resources\\\/risk-management\\\/\"]}]},{\"@type\":\"ImageObject\",\"inLanguage\":\"pt-BR\",\"@id\":\"https:\\\/\\\/www.miamibeachfl.gov\\\/city-hall\\\/human-resources\\\/risk-management\\\/#primaryimage\",\"url\":\"https:\\\/\\\/www.miamibeachfl.gov\\\/wp-content\\\/uploads\\\/2022\\\/07\\\/hero-small.jpg\",\"contentUrl\":\"https:\\\/\\\/www.miamibeachfl.gov\\\/wp-content\\\/uploads\\\/2022\\\/07\\\/hero-small.jpg\"},{\"@type\":\"BreadcrumbList\",\"@id\":\"https:\\\/\\\/www.miamibeachfl.gov\\\/city-hall\\\/human-resources\\\/risk-management\\\/#breadcrumb\",\"itemListElement\":[{\"@type\":\"ListItem\",\"position\":1,\"name\":\"Home\",\"item\":\"https:\\\/\\\/www.miamibeachfl.gov\\\/\"},{\"@type\":\"ListItem\",\"position\":2,\"name\":\"City Hall\",\"item\":\"https:\\\/\\\/www.miamibeachfl.gov\\\/city-hall\\\/\"},{\"@type\":\"ListItem\",\"position\":3,\"name\":\"Human Resources\",\"item\":\"https:\\\/\\\/www.miamibeachfl.gov\\\/city-hall\\\/human-resources\\\/\"},{\"@type\":\"ListItem\",\"position\":4,\"name\":\"Risk Management\"}]},{\"@type\":\"WebSite\",\"@id\":\"https:\\\/\\\/www.miamibeachfl.gov\\\/#website\",\"url\":\"https:\\\/\\\/www.miamibeachfl.gov\\\/\",\"name\":\"City of Miami Beach\",\"description\":\"The official website of the City of Miami Beach. Stay informed, find important information on city services, news, alerts, events, trolley routes, government employment and more.\",\"publisher\":{\"@id\":\"https:\\\/\\\/www.miamibeachfl.gov\\\/#organization\"},\"potentialAction\":[{\"@type\":\"SearchAction\",\"target\":{\"@type\":\"EntryPoint\",\"urlTemplate\":\"https:\\\/\\\/www.miamibeachfl.gov\\\/?s={search_term_string}\"},\"query-input\":{\"@type\":\"PropertyValueSpecification\",\"valueRequired\":true,\"valueName\":\"search_term_string\"}}],\"inLanguage\":\"pt-BR\"},{\"@type\":\"Organization\",\"@id\":\"https:\\\/\\\/www.miamibeachfl.gov\\\/#organization\",\"name\":\"City of Miami Beach\",\"url\":\"https:\\\/\\\/www.miamibeachfl.gov\\\/\",\"logo\":{\"@type\":\"ImageObject\",\"inLanguage\":\"pt-BR\",\"@id\":\"https:\\\/\\\/www.miamibeachfl.gov\\\/#\\\/schema\\\/logo\\\/image\\\/\",\"url\":\"https:\\\/\\\/www.miamibeachfl.gov\\\/wp-content\\\/uploads\\\/2022\\\/06\\\/miamibeach-logoblue.png\",\"contentUrl\":\"https:\\\/\\\/www.miamibeachfl.gov\\\/wp-content\\\/uploads\\\/2022\\\/06\\\/miamibeach-logoblue.png\",\"width\":1962,\"height\":381,\"caption\":\"City of Miami Beach\"},\"image\":{\"@id\":\"https:\\\/\\\/www.miamibeachfl.gov\\\/#\\\/schema\\\/logo\\\/image\\\/\"},\"sameAs\":[\"https:\\\/\\\/www.facebook.com\\\/cityofmiamibeach\",\"https:\\\/\\\/x.com\\\/Miamibeachnews\",\"https:\\\/\\\/www.instagram.com\\\/miamibeachnews\\\/\"],\"description\":\"The official website of the City of Miami Beach. Stay informed, find important information on city services, news, alerts, events, trolley routes, government employment and more.\",\"telephone\":\"305.604.CITY(2489)\",\"legalName\":\"City of Miami Beach\"}]}<\/script>\n<!-- \/ Yoast SEO Premium plugin. -->","yoast_head_json":{"title":"Gest\u00e3o de Riscos - Cidade de Miami Beach","description":"A miss\u00e3o da Divis\u00e3o de Gest\u00e3o de Riscos \u00e9 proporcionar um ambiente seguro e saud\u00e1vel para nossos funcion\u00e1rios, visitantes e moradores, prevenindo incidentes e minimizando o impacto financeiro de eventuais perdas para a cidade de Miami Beach.","robots":{"index":"index","follow":"follow","max-snippet":"max-snippet:-1","max-image-preview":"max-image-preview:large","max-video-preview":"max-video-preview:-1"},"canonical":"https:\/\/www.miamibeachfl.gov\/pt\/city-hall\/human-resources\/risk-management\/","og_locale":"pt_BR","og_type":"article","og_title":"Risk Management","og_description":"The Risk Management Division\u2019s mission is to provide a safe and healthy environment for our employees, visitors, and residents by preventing incidents and minimizing the financial impact of losses to the City of Miami Beach.","og_url":"https:\/\/www.miamibeachfl.gov\/pt\/city-hall\/human-resources\/risk-management\/","og_site_name":"City of Miami Beach","article_publisher":"https:\/\/www.facebook.com\/cityofmiamibeach","article_modified_time":"2026-01-15T19:48:54+00:00","og_image":[{"url":"https:\/\/www.miamibeachfl.gov\/wp-content\/uploads\/2022\/07\/hero-small.jpg","type":"","width":"","height":""}],"twitter_card":"summary_large_image","twitter_site":"@Miamibeachnews","schema":{"@context":"https:\/\/schema.org","@graph":[{"@type":"WebPage","@id":"https:\/\/www.miamibeachfl.gov\/city-hall\/human-resources\/risk-management\/","url":"https:\/\/www.miamibeachfl.gov\/city-hall\/human-resources\/risk-management\/","name":"Gest\u00e3o de Riscos - Cidade de Miami Beach","isPartOf":{"@id":"https:\/\/www.miamibeachfl.gov\/#website"},"primaryImageOfPage":{"@id":"https:\/\/www.miamibeachfl.gov\/city-hall\/human-resources\/risk-management\/#primaryimage"},"image":{"@id":"https:\/\/www.miamibeachfl.gov\/city-hall\/human-resources\/risk-management\/#primaryimage"},"thumbnailUrl":"https:\/\/www.miamibeachfl.gov\/wp-content\/uploads\/2022\/07\/hero-small.jpg","datePublished":"2017-10-20T15:08:29+00:00","dateModified":"2026-01-15T19:48:54+00:00","description":"A miss\u00e3o da Divis\u00e3o de Gest\u00e3o de Riscos \u00e9 proporcionar um ambiente seguro e saud\u00e1vel para nossos funcion\u00e1rios, visitantes e moradores, prevenindo incidentes e minimizando o impacto financeiro de eventuais perdas para a cidade de Miami Beach.","breadcrumb":{"@id":"https:\/\/www.miamibeachfl.gov\/city-hall\/human-resources\/risk-management\/#breadcrumb"},"inLanguage":"pt-BR","potentialAction":[{"@type":"ReadAction","target":["https:\/\/www.miamibeachfl.gov\/city-hall\/human-resources\/risk-management\/"]}]},{"@type":"ImageObject","inLanguage":"pt-BR","@id":"https:\/\/www.miamibeachfl.gov\/city-hall\/human-resources\/risk-management\/#primaryimage","url":"https:\/\/www.miamibeachfl.gov\/wp-content\/uploads\/2022\/07\/hero-small.jpg","contentUrl":"https:\/\/www.miamibeachfl.gov\/wp-content\/uploads\/2022\/07\/hero-small.jpg"},{"@type":"BreadcrumbList","@id":"https:\/\/www.miamibeachfl.gov\/city-hall\/human-resources\/risk-management\/#breadcrumb","itemListElement":[{"@type":"ListItem","position":1,"name":"Home","item":"https:\/\/www.miamibeachfl.gov\/"},{"@type":"ListItem","position":2,"name":"City Hall","item":"https:\/\/www.miamibeachfl.gov\/city-hall\/"},{"@type":"ListItem","position":3,"name":"Human Resources","item":"https:\/\/www.miamibeachfl.gov\/city-hall\/human-resources\/"},{"@type":"ListItem","position":4,"name":"Risk Management"}]},{"@type":"WebSite","@id":"https:\/\/www.miamibeachfl.gov\/#website","url":"https:\/\/www.miamibeachfl.gov\/","name":"Cidade de Miami Beach","description":"Site oficial da cidade de Miami Beach. Mantenha-se informado e encontre informa\u00e7\u00f5es importantes sobre servi\u00e7os municipais, not\u00edcias, alertas, eventos, rotas de bonde, empregos p\u00fablicos e muito mais.","publisher":{"@id":"https:\/\/www.miamibeachfl.gov\/#organization"},"potentialAction":[{"@type":"SearchAction","target":{"@type":"EntryPoint","urlTemplate":"https:\/\/www.miamibeachfl.gov\/?s={search_term_string}"},"query-input":{"@type":"PropertyValueSpecification","valueRequired":true,"valueName":"search_term_string"}}],"inLanguage":"pt-BR"},{"@type":"Organization","@id":"https:\/\/www.miamibeachfl.gov\/#organization","name":"Cidade de Miami Beach","url":"https:\/\/www.miamibeachfl.gov\/","logo":{"@type":"ImageObject","inLanguage":"pt-BR","@id":"https:\/\/www.miamibeachfl.gov\/#\/schema\/logo\/image\/","url":"https:\/\/www.miamibeachfl.gov\/wp-content\/uploads\/2022\/06\/miamibeach-logoblue.png","contentUrl":"https:\/\/www.miamibeachfl.gov\/wp-content\/uploads\/2022\/06\/miamibeach-logoblue.png","width":1962,"height":381,"caption":"City of Miami Beach"},"image":{"@id":"https:\/\/www.miamibeachfl.gov\/#\/schema\/logo\/image\/"},"sameAs":["https:\/\/www.facebook.com\/cityofmiamibeach","https:\/\/x.com\/Miamibeachnews","https:\/\/www.instagram.com\/miamibeachnews\/"],"description":"Site oficial da cidade de Miami Beach. Mantenha-se informado e encontre informa\u00e7\u00f5es importantes sobre servi\u00e7os municipais, not\u00edcias, alertas, eventos, rotas de bonde, empregos p\u00fablicos e muito mais.","telephone":"305.604.CITY(2489)","legalName":"City of Miami Beach"}]}},"_links":{"self":[{"href":"https:\/\/www.miamibeachfl.gov\/pt\/wp-json\/wp\/v2\/pages\/38693","targetHints":{"allow":["GET"]}}],"collection":[{"href":"https:\/\/www.miamibeachfl.gov\/pt\/wp-json\/wp\/v2\/pages"}],"about":[{"href":"https:\/\/www.miamibeachfl.gov\/pt\/wp-json\/wp\/v2\/types\/page"}],"author":[{"embeddable":true,"href":"https:\/\/www.miamibeachfl.gov\/pt\/wp-json\/wp\/v2\/users\/222"}],"replies":[{"embeddable":true,"href":"https:\/\/www.miamibeachfl.gov\/pt\/wp-json\/wp\/v2\/comments?post=38693"}],"version-history":[{"count":6,"href":"https:\/\/www.miamibeachfl.gov\/pt\/wp-json\/wp\/v2\/pages\/38693\/revisions"}],"predecessor-version":[{"id":395130,"href":"https:\/\/www.miamibeachfl.gov\/pt\/wp-json\/wp\/v2\/pages\/38693\/revisions\/395130"}],"up":[{"embeddable":true,"href":"https:\/\/www.miamibeachfl.gov\/pt\/wp-json\/wp\/v2\/pages\/28642"}],"wp:attachment":[{"href":"https:\/\/www.miamibeachfl.gov\/pt\/wp-json\/wp\/v2\/media?parent=38693"}],"wp:term":[{"taxonomy":"category","embeddable":true,"href":"https:\/\/www.miamibeachfl.gov\/pt\/wp-json\/wp\/v2\/categories?post=38693"},{"taxonomy":"post_tag","embeddable":true,"href":"https:\/\/www.miamibeachfl.gov\/pt\/wp-json\/wp\/v2\/tags?post=38693"}],"curies":[{"name":"wp","href":"https:\/\/api.w.org\/{rel}","templated":true}]}}