{"id":38734,"date":"2017-10-20T15:03:27","date_gmt":"2017-10-20T19:03:27","guid":{"rendered":"http:\/\/www.miamibeachfl.gov\/city-hall\/public-works\/elevator-division\/elevator-status-fees\/"},"modified":"2026-03-03T10:31:20","modified_gmt":"2026-03-03T15:31:20","slug":"elevator-status-fees","status":"publish","type":"page","link":"https:\/\/www.miamibeachfl.gov\/pt\/city-hall\/public-works\/elevator-division\/elevator-status-fees\/","title":{"rendered":"Taxas de status do elevador"},"content":{"rendered":"<img decoding=\"async\" src=\"https:\/\/www.miamibeachfl.gov\/wp-content\/uploads\/2022\/07\/hero-small.jpg\" alt=\"ocean drive art deco buildings\" itemprop=\"image\" height=\"211\" width=\"2395\" title=\"her\u00f3i-pequeno\" onerror=\"this.style.display='none'\" loading=\"lazy\" \/>\n<h1>\n\t\t\tTaxas de status do elevador\t<\/h1>\n\t<nav id=\"breadcrumbs\" aria-label=\"Migalhas de p\u00e3o\"><a href=\"https:\/\/www.miamibeachfl.gov\/pt\/\">Lar<\/a> &gt; <a href=\"https:\/\/www.miamibeachfl.gov\/pt\/city-hall\/\">Prefeitura<\/a> &gt; <a href=\"https:\/\/www.miamibeachfl.gov\/pt\/city-hall\/public-works\/\">Obras p\u00fablicas<\/a> &gt; <a href=\"https:\/\/www.miamibeachfl.gov\/pt\/city-hall\/public-works\/elevator-division\/\">Divis\u00e3o de Elevadores<\/a> &gt; <strong>Taxas de status do elevador<\/strong><\/nav>\n<table  data-tablesaw-minimap>\n\t\t\t<thead>\n\t\t<tr>\n\t\t\t<th id=\"pp-table-col-1\" scope=\"col\" data-tablesaw-sortable-col>\t\t\t\t\t\n\t\t\t\t\t\t\t\t\t\t\t\tTaxas de licen\u00e7a de elevador\t\t\t\t\t\n\t\t\t\t\t<\/th><th id=\"pp-table-col-2\" scope=\"col\" data-tablesaw-sortable-col>\t\t\t\t\t\n\t\t\t\t\t<\/th><th id=\"pp-table-col-3\" scope=\"col\" data-tablesaw-sortable-col>\t\t\t\t\t\n\t\t\t\t\t<\/th>\t\t<\/tr>\n\t<\/thead>\n\t\t<tbody>\n\t\t<tr data-row-index=\"1\"><td>Data de vig\u00eancia: 1\u00ba de outubro de 2025<\/td><td>TARIFAS<\/td><\/tr><tr data-row-index=\"2\"><td>Taxa Anual para Certificado de Opera\u00e7\u00e3o e Inspe\u00e7\u00e3o<\/td><\/tr><tr data-row-index=\"3\"><td>Caixa de seguran\u00e7a do elevador<\/td><td>$88.00<\/td><\/tr><tr data-row-index=\"4\"><td>Certificado de Opera\u00e7\u00e3o para cada unidade (obrigat\u00f3rio)<\/td><td>$122.00<\/td><\/tr><tr data-row-index=\"5\"><td>Taxa de monitoramento\/jurisdi\u00e7\u00e3o<\/td><td>$320.00<\/td><\/tr><tr data-row-index=\"6\"><td>Renova\u00e7\u00e3o de Certificado de Opera\u00e7\u00e3o Inadimplente<\/td><td>$162.00<\/td><\/tr><tr data-row-index=\"7\"><td>Taxa de atraso de renova\u00e7\u00e3o<\/td><td>$241.00<\/td><\/tr><tr data-row-index=\"8\"><td>Certificado de Opera\u00e7\u00e3o Duplicado<\/td><td>$43.00<\/td><\/tr><tr data-row-index=\"9\"><td>Manuten\u00e7\u00e3o anual de reparos (n\u00e3o incluindo grandes reformas)<\/td><td>$956.00<\/td><\/tr><tr data-row-index=\"10\"><td>Taxa de reinspe\u00e7\u00e3o<\/td><td>$169.00<\/td><\/tr><tr data-row-index=\"11\"><td>Nova instala\u00e7\u00e3o ou reforma importante conforme ASME A17.1 Se\u00e7\u00e3o 8.7 \u2013 Licen\u00e7a de constru\u00e7\u00e3o necess\u00e1ria<\/td><\/tr><tr data-row-index=\"12\"><td>(inclui inspe\u00e7\u00e3o inicial e certificado)\u201d<\/td><\/tr><tr data-row-index=\"13\"><td>Instala\u00e7\u00e3o de escada rolante, por unidade<\/td><td>$3,423.00<\/td><\/tr><tr data-row-index=\"14\"><td>Instala\u00e7\u00e3o de elevador hidr\u00e1ulico, por unidade (inclui componente de inc\u00eandio)<\/td><\/tr><tr data-row-index=\"15\"><td>\uf0b7 At\u00e9 tr\u00eas hist\u00f3rias<\/td><td>$1,833.00<\/td><\/tr><tr data-row-index=\"16\"><td>\uf0b7 4 a 10 hist\u00f3rias<\/td><td>$2,330.00<\/td><\/tr><tr data-row-index=\"17\"><td>Instala\u00e7\u00e3o de elevador residencial, por unidade<\/td><td>$1,924.00<\/td><\/tr><tr data-row-index=\"18\"><td>Instala\u00e7\u00e3o de elevador de tra\u00e7\u00e3o, por unidade (inclui componente de inc\u00eandio)<\/td><\/tr><tr data-row-index=\"19\"><td>\uf0b7 At\u00e9 tr\u00eas hist\u00f3rias<\/td><td>$3,517.00<\/td><\/tr><tr data-row-index=\"20\"><td>\uf0b7 4 a 10 hist\u00f3rias<\/td><td>$4,289.00<\/td><\/tr><tr data-row-index=\"21\"><td>\uf0b7 Cada hist\u00f3ria adicional acima de 10<\/td><td>$137.00<\/td><\/tr><tr data-row-index=\"22\"><td>Instala\u00e7\u00e3o de elevador para cadeira de rodas (inclui componente de inc\u00eandio)<\/td><td>$1,549.00<\/td><\/tr><tr data-row-index=\"23\"><td>Remo\u00e7\u00e3o do elevador de servi\u00e7o<\/td><td>$906.00<\/td><\/tr><tr data-row-index=\"24\"><td>Reparo e Manuten\u00e7\u00e3o<\/td><\/tr><tr data-row-index=\"25\"><td>Reparos (valor acima de $5.000,00) conforme ASME 17.1, Se\u00e7\u00e3o 8.6.2<\/td><td>$1007.00<\/td><\/tr><tr data-row-index=\"26\"><td>Reparos (Jack\/Linhas de \u00d3leo) at\u00e9 $5.000,00<\/td><td>$399.00<\/td><\/tr><tr data-row-index=\"27\"><td>Reparos (Interior da cabine\/Outros) at\u00e9 $5.000,00<\/td><td>$399.00<\/td><\/tr><tr data-row-index=\"28\"><td>Testes, Uso Tempor\u00e1rio, Vari\u00e2ncias e Inspe\u00e7\u00e3o de Conformidade<\/td><\/tr><tr data-row-index=\"29\"><td>Teste de energia de emerg\u00eancia (inclui componente de inc\u00eandio)<\/td><td>$1,721.00<\/td><\/tr><tr data-row-index=\"30\"><td>Teste de recall do sistema de elevador por unidade (inclui componente de inc\u00eandio)<\/td><td>$1,623.00<\/td><\/tr><tr data-row-index=\"31\"><td>Permiss\u00e3o de Uso Tempor\u00e1rio<\/td><td>$2,090.00<\/td><\/tr><tr data-row-index=\"32\"><td>Renova\u00e7\u00e3o da Permiss\u00e3o de Uso Tempor\u00e1rio<\/td><td>$162.00<\/td><\/tr><tr data-row-index=\"33\"><td>Pedido de varia\u00e7\u00f5es de c\u00f3digos para instala\u00e7\u00e3o ou moderniza\u00e7\u00e3o de equipamentos<\/td><td>$827.00<\/td><\/tr>\t<\/tbody>\n<\/table>\n\t<p>Qualquer propriet\u00e1rio de elevador, escada rolante, etc., que n\u00e3o cumprir a ordem de corre\u00e7\u00e3o de uma viola\u00e7\u00e3o emitida dentro de 30 dias estar\u00e1 sujeito a uma multa administrativa de at\u00e9 $500,00, al\u00e9m de qualquer outra penalidade prevista em lei. As multas podem ser aplicadas a cada 30 dias em que a viola\u00e7\u00e3o permanecer ativa. Essas multas, antes ou depois do pagamento, podem ser apeladas ao Diretor do Departamento ou seu representante, cuja decis\u00e3o ser\u00e1 final. Nenhuma autoriza\u00e7\u00e3o para o uso do elevador ser\u00e1 concedida at\u00e9 que essas multas sejam pagas ou dispensadas.<\/p>\n\t\tNavegar para\u2026\t\t\t\n\t\t\t\t\t<ul id=\"menu-public-works-elevator\"><li id=\"menu-item-364284\"><a href=\"\/pt\/city-hall\/public-works\/elevator-division\/elevator-faqs\/\">Perguntas frequentes sobre elevadores<\/a><\/li>\n<li id=\"menu-item-364285\"><a href=\"\/pt\/city-hall\/public-works\/elevator-division\/elevator-forms\/\">Formul\u00e1rios de Elevador<\/a><\/li>\n<li id=\"menu-item-364286\"><a href=\"\/pt\/city-hall\/public-works\/elevator-division\/elevator-permit\/\">Permiss\u00e3o de elevador<\/a><\/li>\n<li id=\"menu-item-364288\"><a href=\"\/pt\/city-hall\/public-works\/elevator-division\/elevator-status-fees\/\">Taxas de status do elevador<\/a><\/li>\n<li id=\"menu-item-364289\"><a href=\"\/pt\/city-hall\/public-works\/elevator-division\/regulations-requirements\/\">Regulamentos e Requisitos<\/a><\/li>\n<li id=\"menu-item-364290\"><a href=\"\/pt\/city-hall\/public-works\/elevator-division\/prescriptive-based-process\/\">Relat\u00f3rio de Acidentes de Elevador<\/a><\/li>\n<li id=\"menu-item-364291\"><a href=\"\/pt\/city-hall\/public-works\/elevator-division\/requesting-an-inspection\/\">Solicitando uma inspe\u00e7\u00e3o<\/a><\/li>\n<\/ul>\t\n\t<div class=\"page-navigation\"><a class=\"prev-page\" href=\"https:\/\/www.miamibeachfl.gov\/pt\/city-hall\/public-works\/elevator-division\/elevator-permit\/\">\u2190 Permiss\u00e3o de elevador<\/a> <a class=\"next-page\" href=\"https:\/\/www.miamibeachfl.gov\/pt\/city-hall\/public-works\/elevator-division\/elevator-faqs\/\">Perguntas frequentes sobre elevadores \u2192<\/a><\/div>","protected":false},"excerpt":{"rendered":"<p>Elevator Status Fees Home &gt; City Hall &gt; Public Works &gt; Elevator Division &gt; Elevator Status Fees \ufeffElevator Permit Fees [&hellip;]<\/p>\n","protected":false},"author":222,"featured_media":0,"parent":28943,"menu_order":0,"comment_status":"closed","ping_status":"closed","template":"","meta":{"_searchwp_excluded":"","site-sidebar-layout":"default","site-content-layout":"","ast-site-content-layout":"default","site-content-style":"default","site-sidebar-style":"default","ast-global-header-display":"","ast-banner-title-visibility":"","ast-main-header-display":"","ast-hfb-above-header-display":"","ast-hfb-below-header-display":"","ast-hfb-mobile-header-display":"","site-post-title":"","ast-breadcrumbs-content":"","ast-featured-img":"","footer-sml-layout":"","theme-transparent-header-meta":"","adv-header-id-meta":"","stick-header-meta":"","header-above-stick-meta":"","header-main-stick-meta":"","header-below-stick-meta":"","astra-migrate-meta-layouts":"default","ast-page-background-enabled":"default","ast-page-background-meta":{"desktop":{"background-color":"var(--ast-global-color-5)","background-image":"","background-repeat":"repeat","background-position":"center center","background-size":"auto","background-attachment":"scroll","background-type":"","background-media":"","overlay-type":"","overlay-color":"","overlay-opacity":"","overlay-gradient":""},"tablet":{"background-color":"","background-image":"","background-repeat":"repeat","background-position":"center center","background-size":"auto","background-attachment":"scroll","background-type":"","background-media":"","overlay-type":"","overlay-color":"","overlay-opacity":"","overlay-gradient":""},"mobile":{"background-color":"","background-image":"","background-repeat":"repeat","background-position":"center center","background-size":"auto","background-attachment":"scroll","background-type":"","background-media":"","overlay-type":"","overlay-color":"","overlay-opacity":"","overlay-gradient":""}},"ast-content-background-meta":{"desktop":{"background-color":"var(--ast-global-color-4)","background-image":"","background-repeat":"repeat","background-position":"center center","background-size":"auto","background-attachment":"scroll","background-type":"","background-media":"","overlay-type":"","overlay-color":"","overlay-opacity":"","overlay-gradient":""},"tablet":{"background-color":"var(--ast-global-color-4)","background-image":"","background-repeat":"repeat","background-position":"center center","background-size":"auto","background-attachment":"scroll","background-type":"","background-media":"","overlay-type":"","overlay-color":"","overlay-opacity":"","overlay-gradient":""},"mobile":{"background-color":"var(--ast-global-color-4)","background-image":"","background-repeat":"repeat","background-position":"center center","background-size":"auto","background-attachment":"scroll","background-type":"","background-media":"","overlay-type":"","overlay-color":"","overlay-opacity":"","overlay-gradient":""}},"footnotes":""},"categories":[],"tags":[],"class_list":["post-38734","page","type-page","status-publish","hentry"],"yoast_head":"<!-- This site is optimized with the Yoast SEO Premium plugin v26.6 (Yoast SEO v26.6) - https:\/\/yoast.com\/wordpress\/plugins\/seo\/ -->\n<title>Elevator Status Fees - City of Miami Beach<\/title>\n<meta name=\"description\" content=\"%\" \/>\n<meta name=\"robots\" content=\"index, follow, max-snippet:-1, max-image-preview:large, max-video-preview:-1\" \/>\n<link rel=\"canonical\" href=\"https:\/\/www.miamibeachfl.gov\/pt\/city-hall\/public-works\/elevator-division\/elevator-status-fees\/\" \/>\n<meta property=\"og:locale\" content=\"pt_BR\" \/>\n<meta property=\"og:type\" content=\"article\" \/>\n<meta property=\"og:title\" content=\"Elevator Status Fees\" \/>\n<meta property=\"og:description\" content=\"%\" \/>\n<meta property=\"og:url\" content=\"https:\/\/www.miamibeachfl.gov\/pt\/city-hall\/public-works\/elevator-division\/elevator-status-fees\/\" \/>\n<meta property=\"og:site_name\" content=\"City of Miami Beach\" \/>\n<meta property=\"article:publisher\" content=\"https:\/\/www.facebook.com\/cityofmiamibeach\" \/>\n<meta property=\"article:modified_time\" content=\"2026-03-03T15:31:20+00:00\" \/>\n<meta property=\"og:image\" content=\"https:\/\/www.miamibeachfl.gov\/wp-content\/uploads\/2022\/07\/hero-small.jpg\" \/>\n<meta name=\"twitter:card\" content=\"summary_large_image\" \/>\n<meta name=\"twitter:site\" content=\"@Miamibeachnews\" \/>\n<script type=\"application\/ld+json\" class=\"yoast-schema-graph\">{\"@context\":\"https:\/\/schema.org\",\"@graph\":[{\"@type\":\"WebPage\",\"@id\":\"https:\/\/www.miamibeachfl.gov\/city-hall\/public-works\/elevator-division\/elevator-status-fees\/\",\"url\":\"https:\/\/www.miamibeachfl.gov\/city-hall\/public-works\/elevator-division\/elevator-status-fees\/\",\"name\":\"Elevator Status Fees - City of Miami Beach\",\"isPartOf\":{\"@id\":\"https:\/\/www.miamibeachfl.gov\/#website\"},\"primaryImageOfPage\":{\"@id\":\"https:\/\/www.miamibeachfl.gov\/city-hall\/public-works\/elevator-division\/elevator-status-fees\/#primaryimage\"},\"image\":{\"@id\":\"https:\/\/www.miamibeachfl.gov\/city-hall\/public-works\/elevator-division\/elevator-status-fees\/#primaryimage\"},\"thumbnailUrl\":\"https:\/\/www.miamibeachfl.gov\/wp-content\/uploads\/2022\/07\/hero-small.jpg\",\"datePublished\":\"2017-10-20T19:03:27+00:00\",\"dateModified\":\"2026-03-03T15:31:20+00:00\",\"description\":\"%\",\"breadcrumb\":{\"@id\":\"https:\/\/www.miamibeachfl.gov\/city-hall\/public-works\/elevator-division\/elevator-status-fees\/#breadcrumb\"},\"inLanguage\":\"pt-BR\",\"potentialAction\":[{\"@type\":\"ReadAction\",\"target\":[\"https:\/\/www.miamibeachfl.gov\/city-hall\/public-works\/elevator-division\/elevator-status-fees\/\"]}]},{\"@type\":\"ImageObject\",\"inLanguage\":\"pt-BR\",\"@id\":\"https:\/\/www.miamibeachfl.gov\/city-hall\/public-works\/elevator-division\/elevator-status-fees\/#primaryimage\",\"url\":\"https:\/\/www.miamibeachfl.gov\/wp-content\/uploads\/2022\/07\/hero-small.jpg\",\"contentUrl\":\"https:\/\/www.miamibeachfl.gov\/wp-content\/uploads\/2022\/07\/hero-small.jpg\"},{\"@type\":\"BreadcrumbList\",\"@id\":\"https:\/\/www.miamibeachfl.gov\/city-hall\/public-works\/elevator-division\/elevator-status-fees\/#breadcrumb\",\"itemListElement\":[{\"@type\":\"ListItem\",\"position\":1,\"name\":\"Home\",\"item\":\"https:\/\/www.miamibeachfl.gov\/\"},{\"@type\":\"ListItem\",\"position\":2,\"name\":\"City Hall\",\"item\":\"https:\/\/www.miamibeachfl.gov\/city-hall\/\"},{\"@type\":\"ListItem\",\"position\":3,\"name\":\"Public Works\",\"item\":\"https:\/\/www.miamibeachfl.gov\/city-hall\/public-works\/\"},{\"@type\":\"ListItem\",\"position\":4,\"name\":\"Elevator Division\",\"item\":\"https:\/\/www.miamibeachfl.gov\/city-hall\/public-works\/elevator-division\/\"},{\"@type\":\"ListItem\",\"position\":5,\"name\":\"Elevator Status Fees\"}]},{\"@type\":\"WebSite\",\"@id\":\"https:\/\/www.miamibeachfl.gov\/#website\",\"url\":\"https:\/\/www.miamibeachfl.gov\/\",\"name\":\"City of Miami Beach\",\"description\":\"The official website of the City of Miami Beach. Stay informed, find important information on city services, news, alerts, events, trolley routes, government employment and more.\",\"publisher\":{\"@id\":\"https:\/\/www.miamibeachfl.gov\/#organization\"},\"potentialAction\":[{\"@type\":\"SearchAction\",\"target\":{\"@type\":\"EntryPoint\",\"urlTemplate\":\"https:\/\/www.miamibeachfl.gov\/?s={search_term_string}\"},\"query-input\":{\"@type\":\"PropertyValueSpecification\",\"valueRequired\":true,\"valueName\":\"search_term_string\"}}],\"inLanguage\":\"pt-BR\"},{\"@type\":\"Organization\",\"@id\":\"https:\/\/www.miamibeachfl.gov\/#organization\",\"name\":\"City of Miami Beach\",\"url\":\"https:\/\/www.miamibeachfl.gov\/\",\"logo\":{\"@type\":\"ImageObject\",\"inLanguage\":\"pt-BR\",\"@id\":\"https:\/\/www.miamibeachfl.gov\/#\/schema\/logo\/image\/\",\"url\":\"https:\/\/www.miamibeachfl.gov\/wp-content\/uploads\/2022\/06\/miamibeach-logoblue.png\",\"contentUrl\":\"https:\/\/www.miamibeachfl.gov\/wp-content\/uploads\/2022\/06\/miamibeach-logoblue.png\",\"width\":1962,\"height\":381,\"caption\":\"City of Miami Beach\"},\"image\":{\"@id\":\"https:\/\/www.miamibeachfl.gov\/#\/schema\/logo\/image\/\"},\"sameAs\":[\"https:\/\/www.facebook.com\/cityofmiamibeach\",\"https:\/\/x.com\/Miamibeachnews\",\"https:\/\/www.instagram.com\/miamibeachnews\/\"],\"description\":\"The official website of the City of Miami Beach. Stay informed, find important information on city services, news, alerts, events, trolley routes, government employment and more.\",\"telephone\":\"305.604.CITY(2489)\",\"legalName\":\"City of Miami Beach\"}]}<\/script>\n<!-- \/ Yoast SEO Premium plugin. -->","yoast_head_json":{"title":"Taxas de status do elevador - Cidade de Miami Beach","description":"%","robots":{"index":"index","follow":"follow","max-snippet":"max-snippet:-1","max-image-preview":"max-image-preview:large","max-video-preview":"max-video-preview:-1"},"canonical":"https:\/\/www.miamibeachfl.gov\/pt\/city-hall\/public-works\/elevator-division\/elevator-status-fees\/","og_locale":"pt_BR","og_type":"article","og_title":"Elevator Status Fees","og_description":"%","og_url":"https:\/\/www.miamibeachfl.gov\/pt\/city-hall\/public-works\/elevator-division\/elevator-status-fees\/","og_site_name":"City of Miami Beach","article_publisher":"https:\/\/www.facebook.com\/cityofmiamibeach","article_modified_time":"2026-03-03T15:31:20+00:00","og_image":[{"url":"https:\/\/www.miamibeachfl.gov\/wp-content\/uploads\/2022\/07\/hero-small.jpg","type":"","width":"","height":""}],"twitter_card":"summary_large_image","twitter_site":"@Miamibeachnews","schema":{"@context":"https:\/\/schema.org","@graph":[{"@type":"WebPage","@id":"https:\/\/www.miamibeachfl.gov\/city-hall\/public-works\/elevator-division\/elevator-status-fees\/","url":"https:\/\/www.miamibeachfl.gov\/city-hall\/public-works\/elevator-division\/elevator-status-fees\/","name":"Taxas de status do elevador - Cidade de Miami Beach","isPartOf":{"@id":"https:\/\/www.miamibeachfl.gov\/#website"},"primaryImageOfPage":{"@id":"https:\/\/www.miamibeachfl.gov\/city-hall\/public-works\/elevator-division\/elevator-status-fees\/#primaryimage"},"image":{"@id":"https:\/\/www.miamibeachfl.gov\/city-hall\/public-works\/elevator-division\/elevator-status-fees\/#primaryimage"},"thumbnailUrl":"https:\/\/www.miamibeachfl.gov\/wp-content\/uploads\/2022\/07\/hero-small.jpg","datePublished":"2017-10-20T19:03:27+00:00","dateModified":"2026-03-03T15:31:20+00:00","description":"%","breadcrumb":{"@id":"https:\/\/www.miamibeachfl.gov\/city-hall\/public-works\/elevator-division\/elevator-status-fees\/#breadcrumb"},"inLanguage":"pt-BR","potentialAction":[{"@type":"ReadAction","target":["https:\/\/www.miamibeachfl.gov\/city-hall\/public-works\/elevator-division\/elevator-status-fees\/"]}]},{"@type":"ImageObject","inLanguage":"pt-BR","@id":"https:\/\/www.miamibeachfl.gov\/city-hall\/public-works\/elevator-division\/elevator-status-fees\/#primaryimage","url":"https:\/\/www.miamibeachfl.gov\/wp-content\/uploads\/2022\/07\/hero-small.jpg","contentUrl":"https:\/\/www.miamibeachfl.gov\/wp-content\/uploads\/2022\/07\/hero-small.jpg"},{"@type":"BreadcrumbList","@id":"https:\/\/www.miamibeachfl.gov\/city-hall\/public-works\/elevator-division\/elevator-status-fees\/#breadcrumb","itemListElement":[{"@type":"ListItem","position":1,"name":"Home","item":"https:\/\/www.miamibeachfl.gov\/"},{"@type":"ListItem","position":2,"name":"City Hall","item":"https:\/\/www.miamibeachfl.gov\/city-hall\/"},{"@type":"ListItem","position":3,"name":"Public Works","item":"https:\/\/www.miamibeachfl.gov\/city-hall\/public-works\/"},{"@type":"ListItem","position":4,"name":"Elevator Division","item":"https:\/\/www.miamibeachfl.gov\/city-hall\/public-works\/elevator-division\/"},{"@type":"ListItem","position":5,"name":"Elevator Status Fees"}]},{"@type":"WebSite","@id":"https:\/\/www.miamibeachfl.gov\/#website","url":"https:\/\/www.miamibeachfl.gov\/","name":"Cidade de Miami Beach","description":"Site oficial da cidade de Miami Beach. Mantenha-se informado e encontre informa\u00e7\u00f5es importantes sobre servi\u00e7os municipais, not\u00edcias, alertas, eventos, rotas de bonde, empregos p\u00fablicos e muito mais.","publisher":{"@id":"https:\/\/www.miamibeachfl.gov\/#organization"},"potentialAction":[{"@type":"SearchAction","target":{"@type":"EntryPoint","urlTemplate":"https:\/\/www.miamibeachfl.gov\/?s={search_term_string}"},"query-input":{"@type":"PropertyValueSpecification","valueRequired":true,"valueName":"search_term_string"}}],"inLanguage":"pt-BR"},{"@type":"Organization","@id":"https:\/\/www.miamibeachfl.gov\/#organization","name":"Cidade de Miami Beach","url":"https:\/\/www.miamibeachfl.gov\/","logo":{"@type":"ImageObject","inLanguage":"pt-BR","@id":"https:\/\/www.miamibeachfl.gov\/#\/schema\/logo\/image\/","url":"https:\/\/www.miamibeachfl.gov\/wp-content\/uploads\/2022\/06\/miamibeach-logoblue.png","contentUrl":"https:\/\/www.miamibeachfl.gov\/wp-content\/uploads\/2022\/06\/miamibeach-logoblue.png","width":1962,"height":381,"caption":"City of Miami Beach"},"image":{"@id":"https:\/\/www.miamibeachfl.gov\/#\/schema\/logo\/image\/"},"sameAs":["https:\/\/www.facebook.com\/cityofmiamibeach","https:\/\/x.com\/Miamibeachnews","https:\/\/www.instagram.com\/miamibeachnews\/"],"description":"Site oficial da cidade de Miami Beach. Mantenha-se informado e encontre informa\u00e7\u00f5es importantes sobre servi\u00e7os municipais, not\u00edcias, alertas, eventos, rotas de bonde, empregos p\u00fablicos e muito mais.","telephone":"305.604.CITY(2489)","legalName":"City of Miami Beach"}]}},"_links":{"self":[{"href":"https:\/\/www.miamibeachfl.gov\/pt\/wp-json\/wp\/v2\/pages\/38734","targetHints":{"allow":["GET"]}}],"collection":[{"href":"https:\/\/www.miamibeachfl.gov\/pt\/wp-json\/wp\/v2\/pages"}],"about":[{"href":"https:\/\/www.miamibeachfl.gov\/pt\/wp-json\/wp\/v2\/types\/page"}],"author":[{"embeddable":true,"href":"https:\/\/www.miamibeachfl.gov\/pt\/wp-json\/wp\/v2\/users\/222"}],"replies":[{"embeddable":true,"href":"https:\/\/www.miamibeachfl.gov\/pt\/wp-json\/wp\/v2\/comments?post=38734"}],"version-history":[{"count":7,"href":"https:\/\/www.miamibeachfl.gov\/pt\/wp-json\/wp\/v2\/pages\/38734\/revisions"}],"predecessor-version":[{"id":397030,"href":"https:\/\/www.miamibeachfl.gov\/pt\/wp-json\/wp\/v2\/pages\/38734\/revisions\/397030"}],"up":[{"embeddable":true,"href":"https:\/\/www.miamibeachfl.gov\/pt\/wp-json\/wp\/v2\/pages\/28943"}],"wp:attachment":[{"href":"https:\/\/www.miamibeachfl.gov\/pt\/wp-json\/wp\/v2\/media?parent=38734"}],"wp:term":[{"taxonomy":"category","embeddable":true,"href":"https:\/\/www.miamibeachfl.gov\/pt\/wp-json\/wp\/v2\/categories?post=38734"},{"taxonomy":"post_tag","embeddable":true,"href":"https:\/\/www.miamibeachfl.gov\/pt\/wp-json\/wp\/v2\/tags?post=38734"}],"curies":[{"name":"wp","href":"https:\/\/api.w.org\/{rel}","templated":true}]}}