{"id":38739,"date":"2017-10-20T15:13:39","date_gmt":"2017-10-20T19:13:39","guid":{"rendered":"http:\/\/www.miamibeachfl.gov\/city-hall\/public-works\/elevator-division\/prescriptive-based-process\/"},"modified":"2026-03-03T10:26:47","modified_gmt":"2026-03-03T15:26:47","slug":"prescriptive-based-process","status":"publish","type":"page","link":"https:\/\/www.miamibeachfl.gov\/pt\/city-hall\/public-works\/elevator-division\/prescriptive-based-process\/","title":{"rendered":"Relat\u00f3rio de Acidentes de Elevador"},"content":{"rendered":"<img decoding=\"async\" src=\"https:\/\/www.miamibeachfl.gov\/wp-content\/uploads\/2022\/07\/hero-small.jpg\" alt=\"ocean drive art deco buildings\" itemprop=\"image\" height=\"211\" width=\"2395\" title=\"her\u00f3i-pequeno\" onerror=\"this.style.display='none'\" loading=\"lazy\" \/>\n<h1>\n\t\t\tRelat\u00f3rio de Acidentes de Elevador\t<\/h1>\n\t<nav id=\"breadcrumbs\" aria-label=\"Migalhas de p\u00e3o\"><a href=\"https:\/\/www.miamibeachfl.gov\/pt\/\">Lar<\/a> &gt; <a href=\"https:\/\/www.miamibeachfl.gov\/pt\/city-hall\/\">Prefeitura<\/a> &gt; <a href=\"https:\/\/www.miamibeachfl.gov\/pt\/city-hall\/public-works\/\">Obras p\u00fablicas<\/a> &gt; <a href=\"https:\/\/www.miamibeachfl.gov\/pt\/city-hall\/public-works\/elevator-division\/\">Divis\u00e3o de Elevadores<\/a> &gt; <strong>Relat\u00f3rio de Acidentes de Elevador<\/strong><\/nav>\n\t<h3>Relat\u00f3rio de Acidentes de Elevador<\/h3>\n<p>Se ocorrer um acidente que envolva uma les\u00e3o que requeira aten\u00e7\u00e3o m\u00e9dica, voc\u00ea deve ligar <strong>911 imediatamente<\/strong>. Voc\u00ea deve ent\u00e3o entrar em contato com o propriet\u00e1rio ou com a empresa de administra\u00e7\u00e3o do propriet\u00e1rio, independentemente do dano.<\/p>\n<p>Todos os acidentes devem ser relatados ao propriet\u00e1rio ou \u00e0 empresa de gest\u00e3o do propriet\u00e1rio, pois \u00e9 responsabilidade deles entrar em contato com a empresa de manuten\u00e7\u00e3o do elevador. O dispositivo permanecer\u00e1 desligado at\u00e9 que seja examinado pela empresa de manuten\u00e7\u00e3o do elevador. \u00c9 responsabilidade do propriet\u00e1rio ou da empresa de gest\u00e3o do propriet\u00e1rio garantir que o dispositivo seja desligado corretamente e permane\u00e7a desligado at\u00e9 que a empresa de manuten\u00e7\u00e3o do elevador e um representante da Divis\u00e3o de Seguran\u00e7a de Elevadores de Obras P\u00fablicas da Cidade de Miami Beach tenham examinado e, se necess\u00e1rio, reparado o elevador.<\/p>\n<p>O propriet\u00e1rio ou a empresa de gest\u00e3o do propriet\u00e1rio deve apresentar um relat\u00f3rio de acidente <strong>dentro de 5 dias<\/strong> conosco e com o Estado da Fl\u00f3rida. A n\u00e3o apresenta\u00e7\u00e3o deste relat\u00f3rio em tempo h\u00e1bil \u00e9 uma viola\u00e7\u00e3o deste <strong><a href=\"https:\/\/www.flsenate.gov\/Laws\/Statutes\/2018\/Chapter399\/All\">Cap\u00edtulo 399<\/a><\/strong> e sujeitar\u00e1 o titular do certificado de opera\u00e7\u00e3o a uma multa administrativa, a ser aplicada pela divis\u00e3o, no valor m\u00e1ximo de $1.000. O relat\u00f3rio dever\u00e1 ser enviado para:<\/p>\n<ul>\n<li><strong>Divis\u00e3o de Seguran\u00e7a de Elevadores da Secretaria de Obras P\u00fablicas da Cidade de Miami Beach <\/strong><br \/>\n1700 Centro de Conven\u00e7\u00f5es Drive 1<sup>rua<\/sup> Ch\u00e3o<br \/>\nMiami Beach, FL 33139<br \/>\nInspetor Chefe de Elevadores <a href=\"mailto:joeygan@miamibeachfl.gov\">joeygan@miamibeachfl.gov<\/a><\/li>\n<\/ul>\n<p>Para baixar o formul\u00e1rio <a href=\"http:\/\/www.miamibeachfl.gov\/wp-content\/uploads\/2018\/12\/ELEVATOR-OWNERS-ACCIDENT-REPORT.pdf\">RELAT\u00d3RIO DE ACIDENTE DE PROPRIET\u00c1RIOS DE ELEVADOR<\/a><\/p>\n<h3>Reclama\u00e7\u00f5es\/Problemas<\/h3>\n<p>Se voc\u00ea tiver alguma reclama\u00e7\u00e3o sobre um dispositivo ou servi\u00e7o de eleva\u00e7\u00e3o, ou se o dispositivo n\u00e3o estiver funcionando corretamente, entre em contato com o propriet\u00e1rio do pr\u00e9dio ou com a administradora do im\u00f3vel. A empresa de manuten\u00e7\u00e3o dever\u00e1 documentar sua reclama\u00e7\u00e3o, investig\u00e1-la e fornecer uma solu\u00e7\u00e3o adequada \u00e0 administradora do propriet\u00e1rio. Se voc\u00ea acredita que o problema \u00e9 uma quest\u00e3o de seguran\u00e7a, ligue para n\u00f3s em <strong>305.673.7225<\/strong> ou <a href=\"mailto:joeygan@miamibeachfl.gov\">joeygan@miamibeachfl.gov<\/a><\/p>\n\t\tNavegar para\u2026\t\t\t\n\t\t\t\t\t<ul id=\"menu-public-works-elevator\"><li id=\"menu-item-364284\"><a href=\"\/pt\/city-hall\/public-works\/elevator-division\/elevator-faqs\/\">Perguntas frequentes sobre elevadores<\/a><\/li>\n<li id=\"menu-item-364285\"><a href=\"\/pt\/city-hall\/public-works\/elevator-division\/elevator-forms\/\">Formul\u00e1rios de Elevador<\/a><\/li>\n<li id=\"menu-item-364286\"><a href=\"\/pt\/city-hall\/public-works\/elevator-division\/elevator-permit\/\">Permiss\u00e3o de elevador<\/a><\/li>\n<li id=\"menu-item-364288\"><a href=\"\/pt\/city-hall\/public-works\/elevator-division\/elevator-status-fees\/\">Taxas de status do elevador<\/a><\/li>\n<li id=\"menu-item-364289\"><a href=\"\/pt\/city-hall\/public-works\/elevator-division\/regulations-requirements\/\">Regulamentos e Requisitos<\/a><\/li>\n<li id=\"menu-item-364290\"><a href=\"\/pt\/city-hall\/public-works\/elevator-division\/prescriptive-based-process\/\">Relat\u00f3rio de Acidentes de Elevador<\/a><\/li>\n<li id=\"menu-item-364291\"><a href=\"\/pt\/city-hall\/public-works\/elevator-division\/requesting-an-inspection\/\">Solicitando uma inspe\u00e7\u00e3o<\/a><\/li>\n<\/ul>\t\n\t<div class=\"page-navigation\"><a class=\"prev-page\" href=\"https:\/\/www.miamibeachfl.gov\/pt\/city-hall\/public-works\/elevator-division\/elevator-faqs\/\">\u2190 Perguntas frequentes sobre elevadores<\/a> <a class=\"next-page\" href=\"https:\/\/www.miamibeachfl.gov\/pt\/city-hall\/fire\/emergency-management\/hotel-condo-re-entry-registration\/\">Reentrada ap\u00f3s evacua\u00e7\u00e3o \u2192<\/a><\/div>","protected":false},"excerpt":{"rendered":"<p>Reporting of Elevator Accidents Home &gt; City Hall &gt; Public Works &gt; Elevator Division &gt; Reporting of Elevator Accidents Reporting [&hellip;]<\/p>\n","protected":false},"author":222,"featured_media":0,"parent":28943,"menu_order":0,"comment_status":"closed","ping_status":"closed","template":"","meta":{"_searchwp_excluded":"","site-sidebar-layout":"default","site-content-layout":"","ast-site-content-layout":"default","site-content-style":"default","site-sidebar-style":"default","ast-global-header-display":"","ast-banner-title-visibility":"","ast-main-header-display":"","ast-hfb-above-header-display":"","ast-hfb-below-header-display":"","ast-hfb-mobile-header-display":"","site-post-title":"","ast-breadcrumbs-content":"","ast-featured-img":"","footer-sml-layout":"","theme-transparent-header-meta":"","adv-header-id-meta":"","stick-header-meta":"","header-above-stick-meta":"","header-main-stick-meta":"","header-below-stick-meta":"","astra-migrate-meta-layouts":"default","ast-page-background-enabled":"default","ast-page-background-meta":{"desktop":{"background-color":"var(--ast-global-color-5)","background-image":"","background-repeat":"repeat","background-position":"center center","background-size":"auto","background-attachment":"scroll","background-type":"","background-media":"","overlay-type":"","overlay-color":"","overlay-opacity":"","overlay-gradient":""},"tablet":{"background-color":"","background-image":"","background-repeat":"repeat","background-position":"center center","background-size":"auto","background-attachment":"scroll","background-type":"","background-media":"","overlay-type":"","overlay-color":"","overlay-opacity":"","overlay-gradient":""},"mobile":{"background-color":"","background-image":"","background-repeat":"repeat","background-position":"center center","background-size":"auto","background-attachment":"scroll","background-type":"","background-media":"","overlay-type":"","overlay-color":"","overlay-opacity":"","overlay-gradient":""}},"ast-content-background-meta":{"desktop":{"background-color":"var(--ast-global-color-4)","background-image":"","background-repeat":"repeat","background-position":"center center","background-size":"auto","background-attachment":"scroll","background-type":"","background-media":"","overlay-type":"","overlay-color":"","overlay-opacity":"","overlay-gradient":""},"tablet":{"background-color":"var(--ast-global-color-4)","background-image":"","background-repeat":"repeat","background-position":"center center","background-size":"auto","background-attachment":"scroll","background-type":"","background-media":"","overlay-type":"","overlay-color":"","overlay-opacity":"","overlay-gradient":""},"mobile":{"background-color":"var(--ast-global-color-4)","background-image":"","background-repeat":"repeat","background-position":"center center","background-size":"auto","background-attachment":"scroll","background-type":"","background-media":"","overlay-type":"","overlay-color":"","overlay-opacity":"","overlay-gradient":""}},"footnotes":""},"categories":[],"tags":[],"class_list":["post-38739","page","type-page","status-publish","hentry"],"yoast_head":"<!-- This site is optimized with the Yoast SEO Premium plugin v27.4 (Yoast SEO v27.4) - https:\/\/yoast.com\/product\/yoast-seo-premium-wordpress\/ -->\n<title>Reporting of Elevator Accidents - City of Miami Beach<\/title>\n<meta name=\"description\" content=\"%\" \/>\n<meta name=\"robots\" content=\"index, follow, max-snippet:-1, max-image-preview:large, max-video-preview:-1\" \/>\n<link rel=\"canonical\" href=\"https:\/\/www.miamibeachfl.gov\/pt\/city-hall\/public-works\/elevator-division\/prescriptive-based-process\/\" \/>\n<meta property=\"og:locale\" content=\"pt_BR\" \/>\n<meta property=\"og:type\" content=\"article\" \/>\n<meta property=\"og:title\" content=\"Reporting of Elevator Accidents\" \/>\n<meta property=\"og:description\" content=\"%\" \/>\n<meta property=\"og:url\" content=\"https:\/\/www.miamibeachfl.gov\/pt\/city-hall\/public-works\/elevator-division\/prescriptive-based-process\/\" \/>\n<meta property=\"og:site_name\" content=\"City of Miami Beach\" \/>\n<meta property=\"article:publisher\" content=\"https:\/\/www.facebook.com\/cityofmiamibeach\" \/>\n<meta property=\"article:modified_time\" content=\"2026-03-03T15:26:47+00:00\" \/>\n<meta property=\"og:image\" content=\"https:\/\/www.miamibeachfl.gov\/wp-content\/uploads\/2022\/07\/hero-small.jpg\" \/>\n<meta name=\"twitter:card\" content=\"summary_large_image\" \/>\n<meta name=\"twitter:site\" content=\"@Miamibeachnews\" \/>\n<script type=\"application\/ld+json\" class=\"yoast-schema-graph\">{\"@context\":\"https:\\\/\\\/schema.org\",\"@graph\":[{\"@type\":\"WebPage\",\"@id\":\"https:\\\/\\\/www.miamibeachfl.gov\\\/city-hall\\\/public-works\\\/elevator-division\\\/prescriptive-based-process\\\/\",\"url\":\"https:\\\/\\\/www.miamibeachfl.gov\\\/city-hall\\\/public-works\\\/elevator-division\\\/prescriptive-based-process\\\/\",\"name\":\"Reporting of Elevator Accidents - City of Miami Beach\",\"isPartOf\":{\"@id\":\"https:\\\/\\\/www.miamibeachfl.gov\\\/#website\"},\"primaryImageOfPage\":{\"@id\":\"https:\\\/\\\/www.miamibeachfl.gov\\\/city-hall\\\/public-works\\\/elevator-division\\\/prescriptive-based-process\\\/#primaryimage\"},\"image\":{\"@id\":\"https:\\\/\\\/www.miamibeachfl.gov\\\/city-hall\\\/public-works\\\/elevator-division\\\/prescriptive-based-process\\\/#primaryimage\"},\"thumbnailUrl\":\"https:\\\/\\\/www.miamibeachfl.gov\\\/wp-content\\\/uploads\\\/2022\\\/07\\\/hero-small.jpg\",\"datePublished\":\"2017-10-20T19:13:39+00:00\",\"dateModified\":\"2026-03-03T15:26:47+00:00\",\"description\":\"%\",\"breadcrumb\":{\"@id\":\"https:\\\/\\\/www.miamibeachfl.gov\\\/city-hall\\\/public-works\\\/elevator-division\\\/prescriptive-based-process\\\/#breadcrumb\"},\"inLanguage\":\"pt-BR\",\"potentialAction\":[{\"@type\":\"ReadAction\",\"target\":[\"https:\\\/\\\/www.miamibeachfl.gov\\\/city-hall\\\/public-works\\\/elevator-division\\\/prescriptive-based-process\\\/\"]}]},{\"@type\":\"ImageObject\",\"inLanguage\":\"pt-BR\",\"@id\":\"https:\\\/\\\/www.miamibeachfl.gov\\\/city-hall\\\/public-works\\\/elevator-division\\\/prescriptive-based-process\\\/#primaryimage\",\"url\":\"https:\\\/\\\/www.miamibeachfl.gov\\\/wp-content\\\/uploads\\\/2022\\\/07\\\/hero-small.jpg\",\"contentUrl\":\"https:\\\/\\\/www.miamibeachfl.gov\\\/wp-content\\\/uploads\\\/2022\\\/07\\\/hero-small.jpg\"},{\"@type\":\"BreadcrumbList\",\"@id\":\"https:\\\/\\\/www.miamibeachfl.gov\\\/city-hall\\\/public-works\\\/elevator-division\\\/prescriptive-based-process\\\/#breadcrumb\",\"itemListElement\":[{\"@type\":\"ListItem\",\"position\":1,\"name\":\"Home\",\"item\":\"https:\\\/\\\/www.miamibeachfl.gov\\\/\"},{\"@type\":\"ListItem\",\"position\":2,\"name\":\"City Hall\",\"item\":\"https:\\\/\\\/www.miamibeachfl.gov\\\/city-hall\\\/\"},{\"@type\":\"ListItem\",\"position\":3,\"name\":\"Public Works\",\"item\":\"https:\\\/\\\/www.miamibeachfl.gov\\\/city-hall\\\/public-works\\\/\"},{\"@type\":\"ListItem\",\"position\":4,\"name\":\"Elevator Division\",\"item\":\"https:\\\/\\\/www.miamibeachfl.gov\\\/city-hall\\\/public-works\\\/elevator-division\\\/\"},{\"@type\":\"ListItem\",\"position\":5,\"name\":\"Reporting of Elevator Accidents\"}]},{\"@type\":\"WebSite\",\"@id\":\"https:\\\/\\\/www.miamibeachfl.gov\\\/#website\",\"url\":\"https:\\\/\\\/www.miamibeachfl.gov\\\/\",\"name\":\"City of Miami Beach\",\"description\":\"The official website of the City of Miami Beach. Stay informed, find important information on city services, news, alerts, events, trolley routes, government employment and more.\",\"publisher\":{\"@id\":\"https:\\\/\\\/www.miamibeachfl.gov\\\/#organization\"},\"potentialAction\":[{\"@type\":\"SearchAction\",\"target\":{\"@type\":\"EntryPoint\",\"urlTemplate\":\"https:\\\/\\\/www.miamibeachfl.gov\\\/?s={search_term_string}\"},\"query-input\":{\"@type\":\"PropertyValueSpecification\",\"valueRequired\":true,\"valueName\":\"search_term_string\"}}],\"inLanguage\":\"pt-BR\"},{\"@type\":\"Organization\",\"@id\":\"https:\\\/\\\/www.miamibeachfl.gov\\\/#organization\",\"name\":\"City of Miami Beach\",\"url\":\"https:\\\/\\\/www.miamibeachfl.gov\\\/\",\"logo\":{\"@type\":\"ImageObject\",\"inLanguage\":\"pt-BR\",\"@id\":\"https:\\\/\\\/www.miamibeachfl.gov\\\/#\\\/schema\\\/logo\\\/image\\\/\",\"url\":\"https:\\\/\\\/www.miamibeachfl.gov\\\/wp-content\\\/uploads\\\/2022\\\/06\\\/miamibeach-logoblue.png\",\"contentUrl\":\"https:\\\/\\\/www.miamibeachfl.gov\\\/wp-content\\\/uploads\\\/2022\\\/06\\\/miamibeach-logoblue.png\",\"width\":1962,\"height\":381,\"caption\":\"City of Miami Beach\"},\"image\":{\"@id\":\"https:\\\/\\\/www.miamibeachfl.gov\\\/#\\\/schema\\\/logo\\\/image\\\/\"},\"sameAs\":[\"https:\\\/\\\/www.facebook.com\\\/cityofmiamibeach\",\"https:\\\/\\\/x.com\\\/Miamibeachnews\",\"https:\\\/\\\/www.instagram.com\\\/miamibeachnews\\\/\"],\"description\":\"The official website of the City of Miami Beach. Stay informed, find important information on city services, news, alerts, events, trolley routes, government employment and more.\",\"telephone\":\"305.604.CITY(2489)\",\"legalName\":\"City of Miami Beach\"}]}<\/script>\n<!-- \/ Yoast SEO Premium plugin. -->","yoast_head_json":{"title":"Relato de Acidentes de Elevador - Cidade de Miami Beach","description":"%","robots":{"index":"index","follow":"follow","max-snippet":"max-snippet:-1","max-image-preview":"max-image-preview:large","max-video-preview":"max-video-preview:-1"},"canonical":"https:\/\/www.miamibeachfl.gov\/pt\/city-hall\/public-works\/elevator-division\/prescriptive-based-process\/","og_locale":"pt_BR","og_type":"article","og_title":"Reporting of Elevator Accidents","og_description":"%","og_url":"https:\/\/www.miamibeachfl.gov\/pt\/city-hall\/public-works\/elevator-division\/prescriptive-based-process\/","og_site_name":"City of Miami Beach","article_publisher":"https:\/\/www.facebook.com\/cityofmiamibeach","article_modified_time":"2026-03-03T15:26:47+00:00","og_image":[{"url":"https:\/\/www.miamibeachfl.gov\/wp-content\/uploads\/2022\/07\/hero-small.jpg","type":"","width":"","height":""}],"twitter_card":"summary_large_image","twitter_site":"@Miamibeachnews","schema":{"@context":"https:\/\/schema.org","@graph":[{"@type":"WebPage","@id":"https:\/\/www.miamibeachfl.gov\/city-hall\/public-works\/elevator-division\/prescriptive-based-process\/","url":"https:\/\/www.miamibeachfl.gov\/city-hall\/public-works\/elevator-division\/prescriptive-based-process\/","name":"Relato de Acidentes de Elevador - Cidade de Miami Beach","isPartOf":{"@id":"https:\/\/www.miamibeachfl.gov\/#website"},"primaryImageOfPage":{"@id":"https:\/\/www.miamibeachfl.gov\/city-hall\/public-works\/elevator-division\/prescriptive-based-process\/#primaryimage"},"image":{"@id":"https:\/\/www.miamibeachfl.gov\/city-hall\/public-works\/elevator-division\/prescriptive-based-process\/#primaryimage"},"thumbnailUrl":"https:\/\/www.miamibeachfl.gov\/wp-content\/uploads\/2022\/07\/hero-small.jpg","datePublished":"2017-10-20T19:13:39+00:00","dateModified":"2026-03-03T15:26:47+00:00","description":"%","breadcrumb":{"@id":"https:\/\/www.miamibeachfl.gov\/city-hall\/public-works\/elevator-division\/prescriptive-based-process\/#breadcrumb"},"inLanguage":"pt-BR","potentialAction":[{"@type":"ReadAction","target":["https:\/\/www.miamibeachfl.gov\/city-hall\/public-works\/elevator-division\/prescriptive-based-process\/"]}]},{"@type":"ImageObject","inLanguage":"pt-BR","@id":"https:\/\/www.miamibeachfl.gov\/city-hall\/public-works\/elevator-division\/prescriptive-based-process\/#primaryimage","url":"https:\/\/www.miamibeachfl.gov\/wp-content\/uploads\/2022\/07\/hero-small.jpg","contentUrl":"https:\/\/www.miamibeachfl.gov\/wp-content\/uploads\/2022\/07\/hero-small.jpg"},{"@type":"BreadcrumbList","@id":"https:\/\/www.miamibeachfl.gov\/city-hall\/public-works\/elevator-division\/prescriptive-based-process\/#breadcrumb","itemListElement":[{"@type":"ListItem","position":1,"name":"Home","item":"https:\/\/www.miamibeachfl.gov\/"},{"@type":"ListItem","position":2,"name":"City Hall","item":"https:\/\/www.miamibeachfl.gov\/city-hall\/"},{"@type":"ListItem","position":3,"name":"Public Works","item":"https:\/\/www.miamibeachfl.gov\/city-hall\/public-works\/"},{"@type":"ListItem","position":4,"name":"Elevator Division","item":"https:\/\/www.miamibeachfl.gov\/city-hall\/public-works\/elevator-division\/"},{"@type":"ListItem","position":5,"name":"Reporting of Elevator Accidents"}]},{"@type":"WebSite","@id":"https:\/\/www.miamibeachfl.gov\/#website","url":"https:\/\/www.miamibeachfl.gov\/","name":"Cidade de Miami Beach","description":"Site oficial da cidade de Miami Beach. Mantenha-se informado e encontre informa\u00e7\u00f5es importantes sobre servi\u00e7os municipais, not\u00edcias, alertas, eventos, rotas de bonde, empregos p\u00fablicos e muito mais.","publisher":{"@id":"https:\/\/www.miamibeachfl.gov\/#organization"},"potentialAction":[{"@type":"SearchAction","target":{"@type":"EntryPoint","urlTemplate":"https:\/\/www.miamibeachfl.gov\/?s={search_term_string}"},"query-input":{"@type":"PropertyValueSpecification","valueRequired":true,"valueName":"search_term_string"}}],"inLanguage":"pt-BR"},{"@type":"Organization","@id":"https:\/\/www.miamibeachfl.gov\/#organization","name":"Cidade de Miami Beach","url":"https:\/\/www.miamibeachfl.gov\/","logo":{"@type":"ImageObject","inLanguage":"pt-BR","@id":"https:\/\/www.miamibeachfl.gov\/#\/schema\/logo\/image\/","url":"https:\/\/www.miamibeachfl.gov\/wp-content\/uploads\/2022\/06\/miamibeach-logoblue.png","contentUrl":"https:\/\/www.miamibeachfl.gov\/wp-content\/uploads\/2022\/06\/miamibeach-logoblue.png","width":1962,"height":381,"caption":"City of Miami Beach"},"image":{"@id":"https:\/\/www.miamibeachfl.gov\/#\/schema\/logo\/image\/"},"sameAs":["https:\/\/www.facebook.com\/cityofmiamibeach","https:\/\/x.com\/Miamibeachnews","https:\/\/www.instagram.com\/miamibeachnews\/"],"description":"Site oficial da cidade de Miami Beach. Mantenha-se informado e encontre informa\u00e7\u00f5es importantes sobre servi\u00e7os municipais, not\u00edcias, alertas, eventos, rotas de bonde, empregos p\u00fablicos e muito mais.","telephone":"305.604.CITY(2489)","legalName":"City of Miami Beach"}]}},"_links":{"self":[{"href":"https:\/\/www.miamibeachfl.gov\/pt\/wp-json\/wp\/v2\/pages\/38739","targetHints":{"allow":["GET"]}}],"collection":[{"href":"https:\/\/www.miamibeachfl.gov\/pt\/wp-json\/wp\/v2\/pages"}],"about":[{"href":"https:\/\/www.miamibeachfl.gov\/pt\/wp-json\/wp\/v2\/types\/page"}],"author":[{"embeddable":true,"href":"https:\/\/www.miamibeachfl.gov\/pt\/wp-json\/wp\/v2\/users\/222"}],"replies":[{"embeddable":true,"href":"https:\/\/www.miamibeachfl.gov\/pt\/wp-json\/wp\/v2\/comments?post=38739"}],"version-history":[{"count":2,"href":"https:\/\/www.miamibeachfl.gov\/pt\/wp-json\/wp\/v2\/pages\/38739\/revisions"}],"predecessor-version":[{"id":397026,"href":"https:\/\/www.miamibeachfl.gov\/pt\/wp-json\/wp\/v2\/pages\/38739\/revisions\/397026"}],"up":[{"embeddable":true,"href":"https:\/\/www.miamibeachfl.gov\/pt\/wp-json\/wp\/v2\/pages\/28943"}],"wp:attachment":[{"href":"https:\/\/www.miamibeachfl.gov\/pt\/wp-json\/wp\/v2\/media?parent=38739"}],"wp:term":[{"taxonomy":"category","embeddable":true,"href":"https:\/\/www.miamibeachfl.gov\/pt\/wp-json\/wp\/v2\/categories?post=38739"},{"taxonomy":"post_tag","embeddable":true,"href":"https:\/\/www.miamibeachfl.gov\/pt\/wp-json\/wp\/v2\/tags?post=38739"}],"curies":[{"name":"wp","href":"https:\/\/api.w.org\/{rel}","templated":true}]}}