{"id":390232,"date":"2025-10-09T16:12:24","date_gmt":"2025-10-09T20:12:24","guid":{"rendered":"https:\/\/www.miamibeachfl.gov\/city-hall\/city-clerk\/historical-mayoral-and-election-information\/"},"modified":"2025-10-09T16:23:49","modified_gmt":"2025-10-09T20:23:49","slug":"historical-mayoral-and-election-information","status":"publish","type":"page","link":"https:\/\/www.miamibeachfl.gov\/pt\/city-hall\/city-clerk\/historical-mayoral-and-election-information\/","title":{"rendered":"Informa\u00e7\u00f5es hist\u00f3ricas sobre prefeitura e elei\u00e7\u00f5es"},"content":{"rendered":"<nav id=\"breadcrumbs\" aria-label=\"Migalhas de p\u00e3o\"><a href=\"https:\/\/www.miamibeachfl.gov\/pt\/\">Lar<\/a> &gt; <a href=\"https:\/\/www.miamibeachfl.gov\/pt\/city-hall\/\">Prefeitura<\/a> &gt; <a href=\"https:\/\/www.miamibeachfl.gov\/pt\/city-hall\/city-clerk\/\">Escriv\u00e3o da cidade<\/a> &gt; <strong>Informa\u00e7\u00f5es hist\u00f3ricas sobre prefeitura e elei\u00e7\u00f5es<\/strong><\/nav><h2>\n\t\t\tInforma\u00e7\u00f5es hist\u00f3ricas sobre prefeitura e elei\u00e7\u00f5es\t<\/h2>\n\t\t\t\t\t<a href=\"#\"  id=\"fl-accordion--label-0\" tabindex=\"0\" aria-controls=\"fl-accordion--panel-0\">Arquivo de Informa\u00e7\u00f5es Eleitorais \u2013 Dados Hist\u00f3ricos de 2018 e Posteriores<\/a>\n\t\t\t\t\t\t\t\t\t\t\t<a href=\"#\" id=\"fl-accordion--icon-0\"  tabindex=\"0\"><i title=\"Expandir\">Expandir<\/i><\/a>\n\t\t\t\t\t<div class=\"fl-builder-content fl-builder-content-390229 fl-builder-template fl-builder-module-template fl-builder-global-templates-locked\" data-post-id=\"390229\"><div class=\"fl-module fl-module-rich-text fl-node-mds07c9xvpab\" data-node=\"mds07c9xvpab\">\n\t<div class=\"fl-module-content fl-node-content\">\n\t\t<div class=\"fl-rich-text\">\n\t<ul>\n<li><a href=\"https:\/\/www.miamibeachfl.gov\/pt\/city-hall\/city-clerk\/election-information\/november-4-2025-general-and-special-elections\/\">2025 - 4 de novembro: Elei\u00e7\u00f5es Gerais \/ 9 de dezembro: Segundo Turno<\/a><\/li>\n<li><a href=\"https:\/\/www.miamibeachfl.gov\/pt\/city-hall\/city-clerk\/election-information\/south-beach-bid-election\/\">2025 - 1\u00ba de mar\u00e7o a 30 de abril: Elei\u00e7\u00e3o por correspond\u00eancia para a cria\u00e7\u00e3o do Distrito de Avalia\u00e7\u00e3o Especial, que ser\u00e1 conhecido como Distrito de Melhoramento Comercial de South Beach.<\/a><\/li>\n<li><a href=\"http:\/\/www.miamibeachfl.gov\/pt\/city-hall\/city-clerk\/election-information\/lrbid-renewalelection\/\">2024 - 12 de novembro a 16 de dezembro: Elei\u00e7\u00e3o por correspond\u00eancia para a renova\u00e7\u00e3o do Distrito de Avalia\u00e7\u00e3o Especial conhecido como Distrito de Melhoria Comercial da Lincoln Road<\/a><\/li>\n<li><a href=\"https:\/\/www.miamibeachfl.gov\/pt\/city-hall\/city-clerk\/election-information\/november-5-2024-general-and-special-elections\/\">2024 - 5 de novembro: Elei\u00e7\u00e3o especial<\/a><\/li>\n<li><a href=\"https:\/\/www.miamibeachfl.gov\/pt\/city-hall\/city-clerk\/election-information\/august-2024-primary-election\/\">2024 - 20 de agosto: Elei\u00e7\u00f5es prim\u00e1rias<\/a><\/li>\n<li><a href=\"https:\/\/www.miamibeachfl.gov\/pt\/city-hall\/city-clerk\/election-information\/general-election-2\/\">2023 - 7 de novembro: Elei\u00e7\u00e3o geral \/ 21 de novembro: Segundo turno<\/a><\/li>\n<li><a href=\"https:\/\/www.miamibeachfl.gov\/pt\/city-hall\/city-clerk\/2023-41st-st-business-improvement-district\/\">2023 - 5 a 27 de junho: Elei\u00e7\u00e3o por correspond\u00eancia para a cria\u00e7\u00e3o de um distrito de avalia\u00e7\u00e3o especial a ser conhecido como Distrito de Melhoria Comercial da 41st Street<\/a><\/li>\n<li><a href=\"https:\/\/www.miamibeachfl.gov\/pt\/city-hall\/city-clerk\/election-information\/special-election-to-fill-vancancy-runoff\/\">2022 - 8 de novembro: Elei\u00e7\u00e3o especial para preencher vaga e elei\u00e7\u00e3o especial para referendos \/ 6 de dezembro: Segundo turno para preencher vaga no Grupo II da Comiss\u00e3o Municipal<\/a><\/li>\n<li><a href=\"https:\/\/www.miamibeachfl.gov\/pt\/city-hall\/city-clerk\/election-information\/general-election-2-2\/\">2022 - 23 de agosto: Elei\u00e7\u00e3o Especial<\/a><\/li>\n<li><a href=\"https:\/\/www.miamibeachfl.gov\/pt\/city-hall\/city-clerk\/election-information\/general-election\/\">2021 - 2 de novembro: Elei\u00e7\u00f5es Gerais e Especiais \/ 16 de novembro: Segundo turno<\/a><\/li>\n<li><a href=\"https:\/\/www.miamibeachfl.gov\/pt\/city-hall\/city-clerk\/election-information\/november-3-2020-general-election\/\">2020 - 3 de novembro: Elei\u00e7\u00f5es Gerais e Especiais<\/a><\/li>\n<li><a href=\"https:\/\/www.miamibeachfl.gov\/pt\/city-hall\/city-clerk\/election-information\/august-18-2020-primary-election\/\">2020 - 18 de agosto: Elei\u00e7\u00f5es prim\u00e1rias<\/a><\/li>\n<li><a href=\"https:\/\/www.miamibeachfl.gov\/pt\/city-hall\/city-clerk\/election-information\/december-17-2019-special-election-allison-island-and-biscayne-beach-only\/\">2019 - 17 de dezembro: Elei\u00e7\u00e3o especial Distrito tribut\u00e1rio especial de Allison Island e Biscayne Beach<\/a><\/li>\n<li><a href=\"https:\/\/www.miamibeachfl.gov\/pt\/city-hall\/city-clerk\/election-information\/cmb_election\/\">2019 - 5 de novembro: Elei\u00e7\u00f5es Gerais e Especiais \/ 19 de novembro: Segundo turno<\/a><\/li>\n<li><a href=\"https:\/\/www.miamibeachfl.gov\/pt\/city-hall\/city-clerk\/city-commission-vacancy-group-iv\/\">2019 - Grupo IV de Vagas da Comiss\u00e3o Municipal<\/a><\/li>\n<li><a href=\"https:\/\/www.miamibeachfl.gov\/pt\/city-hall\/city-clerk\/election-information\/november-6-2018-special-election\/\">2018 - 6 de novembro: Elei\u00e7\u00f5es Gerais e Especiais<\/a><\/li>\n<li><a href=\"https:\/\/www.miamibeachfl.gov\/pt\/city-hall\/city-clerk\/election-information\/special-election-special-election\/\">2018 - 28 de agosto: Elei\u00e7\u00f5es prim\u00e1rias e especiais<\/a><\/li>\n<li><a href=\"https:\/\/www.miamibeachfl.gov\/pt\/city-hall\/city-clerk\/election-information\/mail-ballot-election-washington-ave-bid\/\">2018 - 8 de mar\u00e7o a 20 de abril: Elei\u00e7\u00e3o por correspond\u00eancia para a cria\u00e7\u00e3o de um distrito de avalia\u00e7\u00e3o especial a ser conhecido como Distrito de Melhoria Comercial da Avenida Washington<\/a><\/li>\n<\/ul>\n<\/div>\n\t<\/div>\n<\/div>\n<\/div><div class=\"uabb-js-breakpoint\" style=\"display: none;\"><\/div>\n\t\t\t\t\t<a href=\"#\"  id=\"fl-accordion--label-1\" tabindex=\"0\" aria-controls=\"fl-accordion--panel-1\">Arquivo de Informa\u00e7\u00f5es Eleitorais \u2013 Dados Hist\u00f3ricos anteriores a 2018<\/a>\n\t\t\t\t\t\t\t\t\t\t\t<a href=\"#\" id=\"fl-accordion--icon-1\"  tabindex=\"0\"><i title=\"Expandir\">Expandir<\/i><\/a>\n<iframe loading=\"lazy\" title=\"arquivos\" src=\"https:\/\/docmgmt.miamibeachfl.gov\/WebLink\/Browse.aspx?id=213163&amp;dbid=0&amp;repo=CityClerk\" width=\"100%\" height=\"400\"><\/iframe>\n\t\t\t<a href=\"https:\/\/www.miamibeachfl.gov\/wp-content\/uploads\/2025\/01\/History-of-Mayors-and-General-and-Special-Elections-1915-to-present-2.pdf\" target=\"_blank\" rel=\"noopener\">\n\t\t\t\t\t\tHist\u00f3ria dos Prefeitos e Elei\u00e7\u00f5es Gerais e Especiais de 1915 at\u00e9 o presente\n\t\t\t\t\t<\/a>\n\t\t\t<a href=\"https:\/\/www.miamibeachfl.gov\/wp-content\/uploads\/2025\/07\/ELECTION-HISTORY-OF-MAYORS-1991-TO-PRESENT-NEW.pdf\" target=\"_blank\" rel=\"noopener\">\n\t\t\t\t\t\tHist\u00f3ria das elei\u00e7\u00f5es para prefeito de 1991 at\u00e9 o presente\n\t\t\t\t\t<\/a>","protected":false},"excerpt":{"rendered":"<p>Home &gt; City Hall &gt; City Clerk &gt; Historical Mayoral and Election Information Historical Mayoral and Election Information Election Information [&hellip;]<\/p>\n","protected":false},"author":222,"featured_media":0,"parent":28337,"menu_order":0,"comment_status":"closed","ping_status":"closed","template":"","meta":{"_searchwp_excluded":"","site-sidebar-layout":"no-sidebar","site-content-layout":"page-builder","ast-site-content-layout":"default","site-content-style":"default","site-sidebar-style":"default","ast-global-header-display":"","ast-banner-title-visibility":"","ast-main-header-display":"","ast-hfb-above-header-display":"","ast-hfb-below-header-display":"","ast-hfb-mobile-header-display":"","site-post-title":"disabled","ast-breadcrumbs-content":"","ast-featured-img":"disabled","footer-sml-layout":"","theme-transparent-header-meta":"","adv-header-id-meta":"","stick-header-meta":"","header-above-stick-meta":"","header-main-stick-meta":"","header-below-stick-meta":"","astra-migrate-meta-layouts":"default","ast-page-background-enabled":"default","ast-page-background-meta":{"desktop":{"background-color":"var(--ast-global-color-5)","background-image":"","background-repeat":"repeat","background-position":"center center","background-size":"auto","background-attachment":"scroll","background-type":"","background-media":"","overlay-type":"","overlay-color":"","overlay-opacity":"","overlay-gradient":""},"tablet":{"background-color":"","background-image":"","background-repeat":"repeat","background-position":"center center","background-size":"auto","background-attachment":"scroll","background-type":"","background-media":"","overlay-type":"","overlay-color":"","overlay-opacity":"","overlay-gradient":""},"mobile":{"background-color":"","background-image":"","background-repeat":"repeat","background-position":"center center","background-size":"auto","background-attachment":"scroll","background-type":"","background-media":"","overlay-type":"","overlay-color":"","overlay-opacity":"","overlay-gradient":""}},"ast-content-background-meta":{"desktop":{"background-color":"var(--ast-global-color-4)","background-image":"","background-repeat":"repeat","background-position":"center center","background-size":"auto","background-attachment":"scroll","background-type":"","background-media":"","overlay-type":"","overlay-color":"","overlay-opacity":"","overlay-gradient":""},"tablet":{"background-color":"var(--ast-global-color-4)","background-image":"","background-repeat":"repeat","background-position":"center center","background-size":"auto","background-attachment":"scroll","background-type":"","background-media":"","overlay-type":"","overlay-color":"","overlay-opacity":"","overlay-gradient":""},"mobile":{"background-color":"var(--ast-global-color-4)","background-image":"","background-repeat":"repeat","background-position":"center center","background-size":"auto","background-attachment":"scroll","background-type":"","background-media":"","overlay-type":"","overlay-color":"","overlay-opacity":"","overlay-gradient":""}},"footnotes":""},"categories":[],"tags":[],"class_list":["post-390232","page","type-page","status-publish","hentry"],"yoast_head":"<!-- This site is optimized with the Yoast SEO Premium plugin v26.6 (Yoast SEO v26.6) - https:\/\/yoast.com\/wordpress\/plugins\/seo\/ -->\n<title>Historical Mayoral and Election Information - City of Miami Beach<\/title>\n<meta name=\"description\" content=\"%\" \/>\n<meta name=\"robots\" content=\"index, follow, max-snippet:-1, max-image-preview:large, max-video-preview:-1\" \/>\n<link rel=\"canonical\" href=\"https:\/\/www.miamibeachfl.gov\/pt\/city-hall\/city-clerk\/historical-mayoral-and-election-information\/\" \/>\n<meta property=\"og:locale\" content=\"pt_BR\" \/>\n<meta property=\"og:type\" content=\"article\" \/>\n<meta property=\"og:title\" content=\"Historical Mayoral and Election Information\" \/>\n<meta property=\"og:description\" content=\"%\" \/>\n<meta property=\"og:url\" content=\"https:\/\/www.miamibeachfl.gov\/pt\/city-hall\/city-clerk\/historical-mayoral-and-election-information\/\" \/>\n<meta property=\"og:site_name\" content=\"City of Miami Beach\" \/>\n<meta property=\"article:publisher\" content=\"https:\/\/www.facebook.com\/cityofmiamibeach\" \/>\n<meta property=\"article:modified_time\" content=\"2025-10-09T20:23:49+00:00\" \/>\n<meta property=\"og:image\" content=\"https:\/\/www.miamibeachfl.gov\/wp-content\/uploads\/2024\/01\/1000pxSquare-miamibeach-aerial-southpointview.jpeg\" \/>\n\t<meta property=\"og:image:width\" content=\"1000\" \/>\n\t<meta property=\"og:image:height\" content=\"1000\" \/>\n\t<meta property=\"og:image:type\" content=\"image\/jpeg\" \/>\n<meta name=\"twitter:card\" content=\"summary_large_image\" \/>\n<meta name=\"twitter:site\" content=\"@Miamibeachnews\" \/>\n<script type=\"application\/ld+json\" class=\"yoast-schema-graph\">{\"@context\":\"https:\/\/schema.org\",\"@graph\":[{\"@type\":\"WebPage\",\"@id\":\"https:\/\/www.miamibeachfl.gov\/city-hall\/city-clerk\/historical-mayoral-and-election-information\/\",\"url\":\"https:\/\/www.miamibeachfl.gov\/city-hall\/city-clerk\/historical-mayoral-and-election-information\/\",\"name\":\"Historical Mayoral and Election Information - City of Miami Beach\",\"isPartOf\":{\"@id\":\"https:\/\/www.miamibeachfl.gov\/#website\"},\"datePublished\":\"2025-10-09T20:12:24+00:00\",\"dateModified\":\"2025-10-09T20:23:49+00:00\",\"description\":\"%\",\"breadcrumb\":{\"@id\":\"https:\/\/www.miamibeachfl.gov\/city-hall\/city-clerk\/historical-mayoral-and-election-information\/#breadcrumb\"},\"inLanguage\":\"pt-BR\",\"potentialAction\":[{\"@type\":\"ReadAction\",\"target\":[\"https:\/\/www.miamibeachfl.gov\/city-hall\/city-clerk\/historical-mayoral-and-election-information\/\"]}]},{\"@type\":\"BreadcrumbList\",\"@id\":\"https:\/\/www.miamibeachfl.gov\/city-hall\/city-clerk\/historical-mayoral-and-election-information\/#breadcrumb\",\"itemListElement\":[{\"@type\":\"ListItem\",\"position\":1,\"name\":\"Home\",\"item\":\"https:\/\/www.miamibeachfl.gov\/\"},{\"@type\":\"ListItem\",\"position\":2,\"name\":\"City Hall\",\"item\":\"https:\/\/www.miamibeachfl.gov\/city-hall\/\"},{\"@type\":\"ListItem\",\"position\":3,\"name\":\"City Clerk\",\"item\":\"https:\/\/www.miamibeachfl.gov\/city-hall\/city-clerk\/\"},{\"@type\":\"ListItem\",\"position\":4,\"name\":\"Historical Mayoral and Election Information\"}]},{\"@type\":\"WebSite\",\"@id\":\"https:\/\/www.miamibeachfl.gov\/#website\",\"url\":\"https:\/\/www.miamibeachfl.gov\/\",\"name\":\"City of Miami Beach\",\"description\":\"The official website of the City of Miami Beach. Stay informed, find important information on city services, news, alerts, events, trolley routes, government employment and more.\",\"publisher\":{\"@id\":\"https:\/\/www.miamibeachfl.gov\/#organization\"},\"potentialAction\":[{\"@type\":\"SearchAction\",\"target\":{\"@type\":\"EntryPoint\",\"urlTemplate\":\"https:\/\/www.miamibeachfl.gov\/?s={search_term_string}\"},\"query-input\":{\"@type\":\"PropertyValueSpecification\",\"valueRequired\":true,\"valueName\":\"search_term_string\"}}],\"inLanguage\":\"pt-BR\"},{\"@type\":\"Organization\",\"@id\":\"https:\/\/www.miamibeachfl.gov\/#organization\",\"name\":\"City of Miami Beach\",\"url\":\"https:\/\/www.miamibeachfl.gov\/\",\"logo\":{\"@type\":\"ImageObject\",\"inLanguage\":\"pt-BR\",\"@id\":\"https:\/\/www.miamibeachfl.gov\/#\/schema\/logo\/image\/\",\"url\":\"https:\/\/www.miamibeachfl.gov\/wp-content\/uploads\/2022\/06\/miamibeach-logoblue.png\",\"contentUrl\":\"https:\/\/www.miamibeachfl.gov\/wp-content\/uploads\/2022\/06\/miamibeach-logoblue.png\",\"width\":1962,\"height\":381,\"caption\":\"City of Miami Beach\"},\"image\":{\"@id\":\"https:\/\/www.miamibeachfl.gov\/#\/schema\/logo\/image\/\"},\"sameAs\":[\"https:\/\/www.facebook.com\/cityofmiamibeach\",\"https:\/\/x.com\/Miamibeachnews\",\"https:\/\/www.instagram.com\/miamibeachnews\/\"],\"description\":\"The official website of the City of Miami Beach. Stay informed, find important information on city services, news, alerts, events, trolley routes, government employment and more.\",\"telephone\":\"305.604.CITY(2489)\",\"legalName\":\"City of Miami Beach\"}]}<\/script>\n<!-- \/ Yoast SEO Premium plugin. -->","yoast_head_json":{"title":"Historical Mayoral and Election Information - City of Miami Beach","description":"%","robots":{"index":"index","follow":"follow","max-snippet":"max-snippet:-1","max-image-preview":"max-image-preview:large","max-video-preview":"max-video-preview:-1"},"canonical":"https:\/\/www.miamibeachfl.gov\/pt\/city-hall\/city-clerk\/historical-mayoral-and-election-information\/","og_locale":"pt_BR","og_type":"article","og_title":"Historical Mayoral and Election Information","og_description":"%","og_url":"https:\/\/www.miamibeachfl.gov\/pt\/city-hall\/city-clerk\/historical-mayoral-and-election-information\/","og_site_name":"City of Miami Beach","article_publisher":"https:\/\/www.facebook.com\/cityofmiamibeach","article_modified_time":"2025-10-09T20:23:49+00:00","og_image":[{"width":1000,"height":1000,"url":"https:\/\/www.miamibeachfl.gov\/wp-content\/uploads\/2024\/01\/1000pxSquare-miamibeach-aerial-southpointview.jpeg","type":"image\/jpeg"}],"twitter_card":"summary_large_image","twitter_site":"@Miamibeachnews","schema":{"@context":"https:\/\/schema.org","@graph":[{"@type":"WebPage","@id":"https:\/\/www.miamibeachfl.gov\/city-hall\/city-clerk\/historical-mayoral-and-election-information\/","url":"https:\/\/www.miamibeachfl.gov\/city-hall\/city-clerk\/historical-mayoral-and-election-information\/","name":"Historical Mayoral and Election Information - City of Miami Beach","isPartOf":{"@id":"https:\/\/www.miamibeachfl.gov\/#website"},"datePublished":"2025-10-09T20:12:24+00:00","dateModified":"2025-10-09T20:23:49+00:00","description":"%","breadcrumb":{"@id":"https:\/\/www.miamibeachfl.gov\/city-hall\/city-clerk\/historical-mayoral-and-election-information\/#breadcrumb"},"inLanguage":"pt-BR","potentialAction":[{"@type":"ReadAction","target":["https:\/\/www.miamibeachfl.gov\/city-hall\/city-clerk\/historical-mayoral-and-election-information\/"]}]},{"@type":"BreadcrumbList","@id":"https:\/\/www.miamibeachfl.gov\/city-hall\/city-clerk\/historical-mayoral-and-election-information\/#breadcrumb","itemListElement":[{"@type":"ListItem","position":1,"name":"Home","item":"https:\/\/www.miamibeachfl.gov\/"},{"@type":"ListItem","position":2,"name":"City Hall","item":"https:\/\/www.miamibeachfl.gov\/city-hall\/"},{"@type":"ListItem","position":3,"name":"City Clerk","item":"https:\/\/www.miamibeachfl.gov\/city-hall\/city-clerk\/"},{"@type":"ListItem","position":4,"name":"Historical Mayoral and Election Information"}]},{"@type":"WebSite","@id":"https:\/\/www.miamibeachfl.gov\/#website","url":"https:\/\/www.miamibeachfl.gov\/","name":"Cidade de Miami Beach","description":"Site oficial da cidade de Miami Beach. Mantenha-se informado e encontre informa\u00e7\u00f5es importantes sobre servi\u00e7os municipais, not\u00edcias, alertas, eventos, rotas de bonde, empregos p\u00fablicos e muito mais.","publisher":{"@id":"https:\/\/www.miamibeachfl.gov\/#organization"},"potentialAction":[{"@type":"SearchAction","target":{"@type":"EntryPoint","urlTemplate":"https:\/\/www.miamibeachfl.gov\/?s={search_term_string}"},"query-input":{"@type":"PropertyValueSpecification","valueRequired":true,"valueName":"search_term_string"}}],"inLanguage":"pt-BR"},{"@type":"Organization","@id":"https:\/\/www.miamibeachfl.gov\/#organization","name":"Cidade de Miami Beach","url":"https:\/\/www.miamibeachfl.gov\/","logo":{"@type":"ImageObject","inLanguage":"pt-BR","@id":"https:\/\/www.miamibeachfl.gov\/#\/schema\/logo\/image\/","url":"https:\/\/www.miamibeachfl.gov\/wp-content\/uploads\/2022\/06\/miamibeach-logoblue.png","contentUrl":"https:\/\/www.miamibeachfl.gov\/wp-content\/uploads\/2022\/06\/miamibeach-logoblue.png","width":1962,"height":381,"caption":"City of Miami Beach"},"image":{"@id":"https:\/\/www.miamibeachfl.gov\/#\/schema\/logo\/image\/"},"sameAs":["https:\/\/www.facebook.com\/cityofmiamibeach","https:\/\/x.com\/Miamibeachnews","https:\/\/www.instagram.com\/miamibeachnews\/"],"description":"Site oficial da cidade de Miami Beach. Mantenha-se informado e encontre informa\u00e7\u00f5es importantes sobre servi\u00e7os municipais, not\u00edcias, alertas, eventos, rotas de bonde, empregos p\u00fablicos e muito mais.","telephone":"305.604.CITY(2489)","legalName":"City of Miami Beach"}]}},"_links":{"self":[{"href":"https:\/\/www.miamibeachfl.gov\/pt\/wp-json\/wp\/v2\/pages\/390232","targetHints":{"allow":["GET"]}}],"collection":[{"href":"https:\/\/www.miamibeachfl.gov\/pt\/wp-json\/wp\/v2\/pages"}],"about":[{"href":"https:\/\/www.miamibeachfl.gov\/pt\/wp-json\/wp\/v2\/types\/page"}],"author":[{"embeddable":true,"href":"https:\/\/www.miamibeachfl.gov\/pt\/wp-json\/wp\/v2\/users\/222"}],"replies":[{"embeddable":true,"href":"https:\/\/www.miamibeachfl.gov\/pt\/wp-json\/wp\/v2\/comments?post=390232"}],"version-history":[{"count":1,"href":"https:\/\/www.miamibeachfl.gov\/pt\/wp-json\/wp\/v2\/pages\/390232\/revisions"}],"predecessor-version":[{"id":390236,"href":"https:\/\/www.miamibeachfl.gov\/pt\/wp-json\/wp\/v2\/pages\/390232\/revisions\/390236"}],"up":[{"embeddable":true,"href":"https:\/\/www.miamibeachfl.gov\/pt\/wp-json\/wp\/v2\/pages\/28337"}],"wp:attachment":[{"href":"https:\/\/www.miamibeachfl.gov\/pt\/wp-json\/wp\/v2\/media?parent=390232"}],"wp:term":[{"taxonomy":"category","embeddable":true,"href":"https:\/\/www.miamibeachfl.gov\/pt\/wp-json\/wp\/v2\/categories?post=390232"},{"taxonomy":"post_tag","embeddable":true,"href":"https:\/\/www.miamibeachfl.gov\/pt\/wp-json\/wp\/v2\/tags?post=390232"}],"curies":[{"name":"wp","href":"https:\/\/api.w.org\/{rel}","templated":true}]}}