{"id":391285,"date":"2025-11-06T16:08:07","date_gmt":"2025-11-06T21:08:07","guid":{"rendered":"https:\/\/www.miamibeachfl.gov\/?page_id=391285"},"modified":"2025-12-17T10:54:39","modified_gmt":"2025-12-17T15:54:39","slug":"pollution-prevention","status":"publish","type":"page","link":"https:\/\/www.miamibeachfl.gov\/pt\/water-quality\/pollution-prevention\/","title":{"rendered":"Qualidade da \u00e1gua \u2013 Preven\u00e7\u00e3o da polui\u00e7\u00e3o"},"content":{"rendered":"<button tabindex=\"0\" aria-label=\"Menu\" aria-expanded=\"false\">\n\t\t\t\tMenu\t\t\t<\/button>\n\t<nav aria-label=\"Menu\" itemscope=\"itemscope\" itemtype=\"https:\/\/schema.org\/SiteNavigationElement\">\n\t\t<a href=\"javascript:void(0)\" aria-label=\"Fechar o menu\" role=\"button\">\u00d7<\/a>\n\t\t<ul id=\"menu-water-quality\"><li id=\"menu-item-391246\"><a href=\"https:\/\/www.miamibeachfl.gov\/pt\/water-quality\/\">Lar<\/a><\/li><li id=\"menu-item-391270\"><a href=\"https:\/\/www.miamibeachfl.gov\/pt\/water-quality\/water-quality-miami-beach\/\">Nata\u00e7\u00e3o<\/a><\/li><li id=\"menu-item-391303\"><a href=\"https:\/\/www.miamibeachfl.gov\/pt\/water-quality\/biscayne-bay\/\">Ba\u00eda de Biscayne<\/a><\/li><li id=\"menu-item-391302\"><a href=\"https:\/\/www.miamibeachfl.gov\/pt\/water-quality\/pollution-prevention\/\" aria-current=\"page\">Preven\u00e7\u00e3o da Polui\u00e7\u00e3o<\/a><\/li><li id=\"menu-item-391300\"><a href=\"https:\/\/www.miamibeachfl.gov\/pt\/water-quality\/drinking-water\/\">\u00c1gua pot\u00e1vel<\/a><\/li><\/ul>\t<\/nav>\n\t\t\t\t<img decoding=\"async\" src=\"https:\/\/www.miamibeachfl.gov\/wp-content\/uploads\/2025\/11\/Pollution_1optimized.jpg\" alt=\"drain with polution\" itemprop=\"image\" height=\"500\" width=\"500\" title=\"Polui\u00e7\u00e3o_1otimizada\" onerror=\"this.style.display='none'\" loading=\"lazy\" \/>\n<h1>\n\t\t\tPreven\u00e7\u00e3o da Polui\u00e7\u00e3o\t<\/h1>\n\t<p>Impedir que a polui\u00e7\u00e3o chegue aos nossos cursos d&#039;\u00e1gua \u00e9 essencial para manter a alta qualidade da \u00e1gua na Ba\u00eda de Biscayne. A cidade de Miami Beach aplica uma abrangente Portaria de Qualidade da \u00c1gua e consistentemente supera os padr\u00f5es estabelecidos pelo Sistema Nacional de Elimina\u00e7\u00e3o de Descarga de Poluentes (NPDES).<\/p>\n<p>To further reduce pollution at the source, Miami Beach has adopted several forward-thinking ordinances and launched public education campaigns. These include bans on single-use plastics, balloons, metallized and plastic confetti. In addition, a\u00a0fertilizer ban is in effect May 15 &#8211; November 1,\u00a0during the rainy season.<\/p>\n<p>Essas medidas visam minimizar o escoamento prejudicial e os detritos que podem danificar os ecossistemas marinhos e degradar a qualidade da \u00e1gua.<\/p>\n\t<nav id=\"breadcrumbs\" aria-label=\"Migalhas de p\u00e3o\"><a href=\"https:\/\/www.miamibeachfl.gov\/pt\/\">Lar<\/a> &gt; <a href=\"https:\/\/www.miamibeachfl.gov\/pt\/water-quality\/\">Qualidade da \u00e1gua<\/a> &gt; <strong>Qualidade da \u00e1gua \u2013 Preven\u00e7\u00e3o da polui\u00e7\u00e3o<\/strong><\/nav>\n\t\t\t\t<img decoding=\"async\" src=\"https:\/\/www.miamibeachfl.gov\/wp-content\/uploads\/2025\/11\/Beach-Clean-Up-1-scaled.png\" alt=\"Beach Clean Up 1\" itemprop=\"image\" height=\"2560\" width=\"1708\" title=\"Limpeza da Praia 1\" onerror=\"this.style.display='none'\" loading=\"lazy\" \/>\n<h2>\n\t\t\tOrdenan\u00e7as Ambientais em Miami Beach\t<\/h2>\n\t<p>A cidade de Miami Beach promulgou uma s\u00e9rie de leis ambientais para reduzir a polui\u00e7\u00e3o e proteger a sa\u00fade da Ba\u00eda de Biscayne e dos ecossistemas circundantes. Essas regulamenta\u00e7\u00f5es visam materiais e pr\u00e1ticas que representam riscos ambientais conhecidos.<\/p>\n<p><strong>Vis\u00e3o geral das principais portarias\u00a0<\/strong><\/p>\n<strong><a href=\"http:\/\/www.mbrisingabove.com\/wp-content\/uploads\/Ordinance-2019-4295.pdf\">Canudo e mexedor de pl\u00e1stico<\/a><\/strong><strong><br \/>\n<\/strong>O uso de canudos e mexedores de pl\u00e1stico descart\u00e1veis \u00e9 proibido em Miami Beach. Esses itens s\u00e3o frequentemente descartados de forma inadequada e podem prejudicar a vida marinha ao entrarem em contato com a \u00e1gua.\n<a href=\"https:\/\/www.mbrisingabove.com\/your-business\/green-businesses\/foam-free\/\"><strong>isopor<\/strong>\u00a0e\u00a0<strong>Prorroga\u00e7\u00e3o da Portaria<\/strong><\/a><strong><br \/>\n<\/strong>Produtos de isopor, incluindo coolers, copos e recipientes para alimentos, s\u00e3o proibidos. Esses materiais se decomp\u00f5em lentamente, liberam toxinas e s\u00e3o comumente encontrados como lixo em \u00e1reas costeiras.\n<strong><a href=\"https:\/\/www.mbrisingabove.com\/climate-mitigation\/plastic-free-miami-beach\/plastic-free-party\/\">Proibi\u00e7\u00e3o de bal\u00f5es, confetes met\u00e1licos e pl\u00e1sticos<\/a><br \/>\n<\/strong>Bal\u00f5es e decora\u00e7\u00f5es de festa met\u00e1licas e pl\u00e1sticas n\u00e3o s\u00e3o permitidos em marinas, parques e praias. Uma vez soltos ou descartados, muitas vezes acabam no oceano, onde representam s\u00e9rias amea\u00e7as para aves e animais marinhos.\n<strong><a href=\"https:\/\/www.mbrisingabove.com\/climate-adaptation\/biscayne-bay\/fertilizers\/\">Fertilizante<\/a><\/strong><strong><br \/>\n<\/strong>Improper fertilizer use contributes to nutrient pollution and harmful algal blooms. The city has adopted seasonal restrictions and best practices to reduce fertilizer runoff into stormwater systems and the Bay. Fertilizer application in Miami Beach is prohibited from May 15 through November 1.\n<strong><a href=\"http:\/\/www.mbrisingabove.com\/wp-content\/uploads\/Ordinance-2021-4435-Water-Quality.pdf\">Portaria sobre a Qualidade da \u00c1gua<\/a><\/strong><strong><br \/>\n<\/strong>Miami Beach&#8217;s Water Quality Ordinance outlines standards for pollution prevention, stormwater management and discharge control. The city exceeds federal requirements under the National Pollutant Discharge Elimination System (NPDES), reinforcing its commitment to clean water.\n<h2>\n\t\t\tOpera\u00e7\u00e3o \u00c1gua Limpa\t<\/h2>\n\t<p>Os canais urbanos frequentemente enfrentam desafios em rela\u00e7\u00e3o \u00e0 qualidade da \u00e1gua devido ao escoamento de \u00e1guas pluviais e \u00e0 limitada renova\u00e7\u00e3o natural. A cidade de Miami Beach lan\u00e7ou a Opera\u00e7\u00e3o \u00c1gua Limpa em mar\u00e7o de 2025, uma iniciativa aprovada pela Comiss\u00e3o Municipal para concentrar os esfor\u00e7os municipais, que v\u00e3o desde a varri\u00e7\u00e3o de ruas at\u00e9 o cumprimento das normas, na melhoria da qualidade da \u00e1gua do Canal Park View.<\/p>\nEmbora estudos recentes mostrem melhorias mensur\u00e1veis gra\u00e7as \u00e0s a\u00e7\u00f5es tomadas nos \u00faltimos anos, Miami Beach continua a implementar uma s\u00e9rie de estrat\u00e9gias para aprimorar ainda mais a qualidade da \u00e1gua.<br \/>\nSaber mais: <a href=\"https:\/\/www.mbrisingabove.com\/climate-adaptation\/biscayne-bay\/park-view-canal-water-quality\/\">Opera\u00e7\u00e3o \u00c1gua Limpa<\/a>\n<h2>\n\t\t\tSaber mais\t<\/h2>\n\t<strong><a href=\"https:\/\/www.mbrisingabove.com\/climate-adaptation\/biscayne-bay\/\">Miami Beach se erguendo acima<\/a><br \/>\n<\/strong>Explore the City of Miami Beach&#8217;s campaigns and programs to protect the Biscayne Bay.\n<strong><a href=\"https:\/\/www.mbrisingabove.com\/climate-mitigation\/plastic-free-miami-beach\/\">Praia de Miami Livre de Pl\u00e1stico<\/a><br \/>\n<\/strong>Descubra empresas locais que se comprometeram a reduzir o desperd\u00edcio de pl\u00e1stico.\n<b><a href=\"https:\/\/www.epa.gov\/npdes\">Sistema Nacional de Elimina\u00e7\u00e3o de Descarga de Poluentes (NPDES)<\/a><\/b><br \/>\nSaiba mais sobre o programa federal e como Miami Beach se alinha aos seus padr\u00f5es.\n<a href=\"https:\/\/www.mbrisingabove.com\/climate-adaptation\/biscayne-bay\/)\"><strong>Res\u00edduos de animais de estima\u00e7\u00e3o\u00a0<\/strong><\/a><br \/>\nOwning a pet is a huge responsibility. Not only do they need to be loved, fed, and walked &#8211; but their waste needs to be picked up properly!","protected":false},"excerpt":{"rendered":"<p>Menu \u00d7 Home Swimming Biscayne Bay Pollution Prevention Drinking Water Pollution Prevention Preventing pollution from entering our waterways is essential [&hellip;]<\/p>\n","protected":false},"author":329,"featured_media":0,"parent":391155,"menu_order":29,"comment_status":"closed","ping_status":"closed","template":"","meta":{"_searchwp_excluded":"","site-sidebar-layout":"default","site-content-layout":"","ast-site-content-layout":"default","site-content-style":"default","site-sidebar-style":"default","ast-global-header-display":"","ast-banner-title-visibility":"","ast-main-header-display":"","ast-hfb-above-header-display":"","ast-hfb-below-header-display":"","ast-hfb-mobile-header-display":"","site-post-title":"","ast-breadcrumbs-content":"","ast-featured-img":"","footer-sml-layout":"","theme-transparent-header-meta":"","adv-header-id-meta":"","stick-header-meta":"","header-above-stick-meta":"","header-main-stick-meta":"","header-below-stick-meta":"","astra-migrate-meta-layouts":"default","ast-page-background-enabled":"default","ast-page-background-meta":{"desktop":{"background-color":"var(--ast-global-color-5)","background-image":"","background-repeat":"repeat","background-position":"center center","background-size":"auto","background-attachment":"scroll","background-type":"","background-media":"","overlay-type":"","overlay-color":"","overlay-opacity":"","overlay-gradient":""},"tablet":{"background-color":"","background-image":"","background-repeat":"repeat","background-position":"center center","background-size":"auto","background-attachment":"scroll","background-type":"","background-media":"","overlay-type":"","overlay-color":"","overlay-opacity":"","overlay-gradient":""},"mobile":{"background-color":"","background-image":"","background-repeat":"repeat","background-position":"center center","background-size":"auto","background-attachment":"scroll","background-type":"","background-media":"","overlay-type":"","overlay-color":"","overlay-opacity":"","overlay-gradient":""}},"ast-content-background-meta":{"desktop":{"background-color":"var(--ast-global-color-4)","background-image":"","background-repeat":"repeat","background-position":"center center","background-size":"auto","background-attachment":"scroll","background-type":"","background-media":"","overlay-type":"","overlay-color":"","overlay-opacity":"","overlay-gradient":""},"tablet":{"background-color":"var(--ast-global-color-4)","background-image":"","background-repeat":"repeat","background-position":"center center","background-size":"auto","background-attachment":"scroll","background-type":"","background-media":"","overlay-type":"","overlay-color":"","overlay-opacity":"","overlay-gradient":""},"mobile":{"background-color":"var(--ast-global-color-4)","background-image":"","background-repeat":"repeat","background-position":"center center","background-size":"auto","background-attachment":"scroll","background-type":"","background-media":"","overlay-type":"","overlay-color":"","overlay-opacity":"","overlay-gradient":""}},"footnotes":""},"categories":[],"tags":[],"class_list":["post-391285","page","type-page","status-publish","hentry"],"yoast_head":"<!-- This site is optimized with the Yoast SEO Premium plugin v26.6 (Yoast SEO v26.6) - https:\/\/yoast.com\/wordpress\/plugins\/seo\/ -->\n<title>Water Quality - Pollution Prevention - City of Miami Beach<\/title>\n<meta name=\"description\" content=\"Preventing pollution from entering our waterways is essential to maintaining high water quality in Biscayne Bay. The City of Miami Beach enforces a comprehensive Water Quality Ordinance and consistently exceeds the standards set by the National Pollutant Discharge Elimination System (NPDES).\" \/>\n<meta name=\"robots\" content=\"index, follow, max-snippet:-1, max-image-preview:large, max-video-preview:-1\" \/>\n<link rel=\"canonical\" href=\"https:\/\/www.miamibeachfl.gov\/pt\/water-quality\/pollution-prevention\/\" \/>\n<meta property=\"og:locale\" content=\"pt_BR\" \/>\n<meta property=\"og:type\" content=\"article\" \/>\n<meta property=\"og:title\" content=\"Water Quality - Pollution Prevention\" \/>\n<meta property=\"og:description\" content=\"Preventing pollution from entering our waterways is essential to maintaining high water quality in Biscayne Bay. The City of Miami Beach enforces a comprehensive Water Quality Ordinance and consistently exceeds the standards set by the National Pollutant Discharge Elimination System (NPDES).\" \/>\n<meta property=\"og:url\" content=\"https:\/\/www.miamibeachfl.gov\/pt\/water-quality\/pollution-prevention\/\" \/>\n<meta property=\"og:site_name\" content=\"City of Miami Beach\" \/>\n<meta property=\"article:publisher\" content=\"https:\/\/www.facebook.com\/cityofmiamibeach\" \/>\n<meta property=\"article:modified_time\" content=\"2025-12-17T15:54:39+00:00\" \/>\n<meta property=\"og:image\" content=\"https:\/\/www.miamibeachfl.gov\/wp-content\/uploads\/2023\/08\/Masterpermitcircle.jpeg\" \/>\n\t<meta property=\"og:image:width\" content=\"1200\" \/>\n\t<meta property=\"og:image:height\" content=\"1200\" \/>\n\t<meta property=\"og:image:type\" content=\"image\/jpeg\" \/>\n<meta name=\"twitter:card\" content=\"summary_large_image\" \/>\n<meta name=\"twitter:site\" content=\"@Miamibeachnews\" \/>\n<script type=\"application\/ld+json\" class=\"yoast-schema-graph\">{\"@context\":\"https:\/\/schema.org\",\"@graph\":[{\"@type\":\"WebPage\",\"@id\":\"https:\/\/www.miamibeachfl.gov\/water-quality\/pollution-prevention\/\",\"url\":\"https:\/\/www.miamibeachfl.gov\/water-quality\/pollution-prevention\/\",\"name\":\"Water Quality - Pollution Prevention - City of Miami Beach\",\"isPartOf\":{\"@id\":\"https:\/\/www.miamibeachfl.gov\/#website\"},\"primaryImageOfPage\":{\"@id\":\"https:\/\/www.miamibeachfl.gov\/water-quality\/pollution-prevention\/#primaryimage\"},\"image\":{\"@id\":\"https:\/\/www.miamibeachfl.gov\/water-quality\/pollution-prevention\/#primaryimage\"},\"thumbnailUrl\":\"https:\/\/www.miamibeachfl.gov\/wp-content\/uploads\/2025\/11\/Pollution_1optimized.jpg\",\"datePublished\":\"2025-11-06T21:08:07+00:00\",\"dateModified\":\"2025-12-17T15:54:39+00:00\",\"description\":\"Preventing pollution from entering our waterways is essential to maintaining high water quality in Biscayne Bay. The City of Miami Beach enforces a comprehensive Water Quality Ordinance and consistently exceeds the standards set by the National Pollutant Discharge Elimination System (NPDES).\",\"breadcrumb\":{\"@id\":\"https:\/\/www.miamibeachfl.gov\/water-quality\/pollution-prevention\/#breadcrumb\"},\"inLanguage\":\"pt-BR\",\"potentialAction\":[{\"@type\":\"ReadAction\",\"target\":[\"https:\/\/www.miamibeachfl.gov\/water-quality\/pollution-prevention\/\"]}]},{\"@type\":\"ImageObject\",\"inLanguage\":\"pt-BR\",\"@id\":\"https:\/\/www.miamibeachfl.gov\/water-quality\/pollution-prevention\/#primaryimage\",\"url\":\"https:\/\/www.miamibeachfl.gov\/wp-content\/uploads\/2025\/11\/Pollution_1optimized.jpg\",\"contentUrl\":\"https:\/\/www.miamibeachfl.gov\/wp-content\/uploads\/2025\/11\/Pollution_1optimized.jpg\"},{\"@type\":\"BreadcrumbList\",\"@id\":\"https:\/\/www.miamibeachfl.gov\/water-quality\/pollution-prevention\/#breadcrumb\",\"itemListElement\":[{\"@type\":\"ListItem\",\"position\":1,\"name\":\"Home\",\"item\":\"https:\/\/www.miamibeachfl.gov\/\"},{\"@type\":\"ListItem\",\"position\":2,\"name\":\"Water Quality\",\"item\":\"https:\/\/www.miamibeachfl.gov\/water-quality\/\"},{\"@type\":\"ListItem\",\"position\":3,\"name\":\"Water Quality &#8211; Pollution Prevention\"}]},{\"@type\":\"WebSite\",\"@id\":\"https:\/\/www.miamibeachfl.gov\/#website\",\"url\":\"https:\/\/www.miamibeachfl.gov\/\",\"name\":\"City of Miami Beach\",\"description\":\"The official website of the City of Miami Beach. Stay informed, find important information on city services, news, alerts, events, trolley routes, government employment and more.\",\"publisher\":{\"@id\":\"https:\/\/www.miamibeachfl.gov\/#organization\"},\"potentialAction\":[{\"@type\":\"SearchAction\",\"target\":{\"@type\":\"EntryPoint\",\"urlTemplate\":\"https:\/\/www.miamibeachfl.gov\/?s={search_term_string}\"},\"query-input\":{\"@type\":\"PropertyValueSpecification\",\"valueRequired\":true,\"valueName\":\"search_term_string\"}}],\"inLanguage\":\"pt-BR\"},{\"@type\":\"Organization\",\"@id\":\"https:\/\/www.miamibeachfl.gov\/#organization\",\"name\":\"City of Miami Beach\",\"url\":\"https:\/\/www.miamibeachfl.gov\/\",\"logo\":{\"@type\":\"ImageObject\",\"inLanguage\":\"pt-BR\",\"@id\":\"https:\/\/www.miamibeachfl.gov\/#\/schema\/logo\/image\/\",\"url\":\"https:\/\/www.miamibeachfl.gov\/wp-content\/uploads\/2022\/06\/miamibeach-logoblue.png\",\"contentUrl\":\"https:\/\/www.miamibeachfl.gov\/wp-content\/uploads\/2022\/06\/miamibeach-logoblue.png\",\"width\":1962,\"height\":381,\"caption\":\"City of Miami Beach\"},\"image\":{\"@id\":\"https:\/\/www.miamibeachfl.gov\/#\/schema\/logo\/image\/\"},\"sameAs\":[\"https:\/\/www.facebook.com\/cityofmiamibeach\",\"https:\/\/x.com\/Miamibeachnews\",\"https:\/\/www.instagram.com\/miamibeachnews\/\"],\"description\":\"The official website of the City of Miami Beach. Stay informed, find important information on city services, news, alerts, events, trolley routes, government employment and more.\",\"telephone\":\"305.604.CITY(2489)\",\"legalName\":\"City of Miami Beach\"}]}<\/script>\n<!-- \/ Yoast SEO Premium plugin. -->","yoast_head_json":{"title":"Water Quality - Pollution Prevention - City of Miami Beach","description":"Impedir que a polui\u00e7\u00e3o chegue aos nossos cursos d&#039;\u00e1gua \u00e9 essencial para manter a alta qualidade da \u00e1gua na Ba\u00eda de Biscayne. A cidade de Miami Beach aplica uma abrangente Portaria de Qualidade da \u00c1gua e consistentemente supera os padr\u00f5es estabelecidos pelo Sistema Nacional de Elimina\u00e7\u00e3o de Descarga de Poluentes (NPDES).","robots":{"index":"index","follow":"follow","max-snippet":"max-snippet:-1","max-image-preview":"max-image-preview:large","max-video-preview":"max-video-preview:-1"},"canonical":"https:\/\/www.miamibeachfl.gov\/pt\/water-quality\/pollution-prevention\/","og_locale":"pt_BR","og_type":"article","og_title":"Water Quality - Pollution Prevention","og_description":"Preventing pollution from entering our waterways is essential to maintaining high water quality in Biscayne Bay. The City of Miami Beach enforces a comprehensive Water Quality Ordinance and consistently exceeds the standards set by the National Pollutant Discharge Elimination System (NPDES).","og_url":"https:\/\/www.miamibeachfl.gov\/pt\/water-quality\/pollution-prevention\/","og_site_name":"City of Miami Beach","article_publisher":"https:\/\/www.facebook.com\/cityofmiamibeach","article_modified_time":"2025-12-17T15:54:39+00:00","og_image":[{"width":1200,"height":1200,"url":"https:\/\/www.miamibeachfl.gov\/wp-content\/uploads\/2023\/08\/Masterpermitcircle.jpeg","type":"image\/jpeg"}],"twitter_card":"summary_large_image","twitter_site":"@Miamibeachnews","schema":{"@context":"https:\/\/schema.org","@graph":[{"@type":"WebPage","@id":"https:\/\/www.miamibeachfl.gov\/water-quality\/pollution-prevention\/","url":"https:\/\/www.miamibeachfl.gov\/water-quality\/pollution-prevention\/","name":"Water Quality - Pollution Prevention - City of Miami Beach","isPartOf":{"@id":"https:\/\/www.miamibeachfl.gov\/#website"},"primaryImageOfPage":{"@id":"https:\/\/www.miamibeachfl.gov\/water-quality\/pollution-prevention\/#primaryimage"},"image":{"@id":"https:\/\/www.miamibeachfl.gov\/water-quality\/pollution-prevention\/#primaryimage"},"thumbnailUrl":"https:\/\/www.miamibeachfl.gov\/wp-content\/uploads\/2025\/11\/Pollution_1optimized.jpg","datePublished":"2025-11-06T21:08:07+00:00","dateModified":"2025-12-17T15:54:39+00:00","description":"Impedir que a polui\u00e7\u00e3o chegue aos nossos cursos d&#039;\u00e1gua \u00e9 essencial para manter a alta qualidade da \u00e1gua na Ba\u00eda de Biscayne. A cidade de Miami Beach aplica uma abrangente Portaria de Qualidade da \u00c1gua e consistentemente supera os padr\u00f5es estabelecidos pelo Sistema Nacional de Elimina\u00e7\u00e3o de Descarga de Poluentes (NPDES).","breadcrumb":{"@id":"https:\/\/www.miamibeachfl.gov\/water-quality\/pollution-prevention\/#breadcrumb"},"inLanguage":"pt-BR","potentialAction":[{"@type":"ReadAction","target":["https:\/\/www.miamibeachfl.gov\/water-quality\/pollution-prevention\/"]}]},{"@type":"ImageObject","inLanguage":"pt-BR","@id":"https:\/\/www.miamibeachfl.gov\/water-quality\/pollution-prevention\/#primaryimage","url":"https:\/\/www.miamibeachfl.gov\/wp-content\/uploads\/2025\/11\/Pollution_1optimized.jpg","contentUrl":"https:\/\/www.miamibeachfl.gov\/wp-content\/uploads\/2025\/11\/Pollution_1optimized.jpg"},{"@type":"BreadcrumbList","@id":"https:\/\/www.miamibeachfl.gov\/water-quality\/pollution-prevention\/#breadcrumb","itemListElement":[{"@type":"ListItem","position":1,"name":"Home","item":"https:\/\/www.miamibeachfl.gov\/"},{"@type":"ListItem","position":2,"name":"Water Quality","item":"https:\/\/www.miamibeachfl.gov\/water-quality\/"},{"@type":"ListItem","position":3,"name":"Water Quality &#8211; Pollution Prevention"}]},{"@type":"WebSite","@id":"https:\/\/www.miamibeachfl.gov\/#website","url":"https:\/\/www.miamibeachfl.gov\/","name":"Cidade de Miami Beach","description":"Site oficial da cidade de Miami Beach. Mantenha-se informado e encontre informa\u00e7\u00f5es importantes sobre servi\u00e7os municipais, not\u00edcias, alertas, eventos, rotas de bonde, empregos p\u00fablicos e muito mais.","publisher":{"@id":"https:\/\/www.miamibeachfl.gov\/#organization"},"potentialAction":[{"@type":"SearchAction","target":{"@type":"EntryPoint","urlTemplate":"https:\/\/www.miamibeachfl.gov\/?s={search_term_string}"},"query-input":{"@type":"PropertyValueSpecification","valueRequired":true,"valueName":"search_term_string"}}],"inLanguage":"pt-BR"},{"@type":"Organization","@id":"https:\/\/www.miamibeachfl.gov\/#organization","name":"Cidade de Miami Beach","url":"https:\/\/www.miamibeachfl.gov\/","logo":{"@type":"ImageObject","inLanguage":"pt-BR","@id":"https:\/\/www.miamibeachfl.gov\/#\/schema\/logo\/image\/","url":"https:\/\/www.miamibeachfl.gov\/wp-content\/uploads\/2022\/06\/miamibeach-logoblue.png","contentUrl":"https:\/\/www.miamibeachfl.gov\/wp-content\/uploads\/2022\/06\/miamibeach-logoblue.png","width":1962,"height":381,"caption":"City of Miami Beach"},"image":{"@id":"https:\/\/www.miamibeachfl.gov\/#\/schema\/logo\/image\/"},"sameAs":["https:\/\/www.facebook.com\/cityofmiamibeach","https:\/\/x.com\/Miamibeachnews","https:\/\/www.instagram.com\/miamibeachnews\/"],"description":"Site oficial da cidade de Miami Beach. Mantenha-se informado e encontre informa\u00e7\u00f5es importantes sobre servi\u00e7os municipais, not\u00edcias, alertas, eventos, rotas de bonde, empregos p\u00fablicos e muito mais.","telephone":"305.604.CITY(2489)","legalName":"City of Miami Beach"}]}},"_links":{"self":[{"href":"https:\/\/www.miamibeachfl.gov\/pt\/wp-json\/wp\/v2\/pages\/391285","targetHints":{"allow":["GET"]}}],"collection":[{"href":"https:\/\/www.miamibeachfl.gov\/pt\/wp-json\/wp\/v2\/pages"}],"about":[{"href":"https:\/\/www.miamibeachfl.gov\/pt\/wp-json\/wp\/v2\/types\/page"}],"author":[{"embeddable":true,"href":"https:\/\/www.miamibeachfl.gov\/pt\/wp-json\/wp\/v2\/users\/329"}],"replies":[{"embeddable":true,"href":"https:\/\/www.miamibeachfl.gov\/pt\/wp-json\/wp\/v2\/comments?post=391285"}],"version-history":[{"count":19,"href":"https:\/\/www.miamibeachfl.gov\/pt\/wp-json\/wp\/v2\/pages\/391285\/revisions"}],"predecessor-version":[{"id":393497,"href":"https:\/\/www.miamibeachfl.gov\/pt\/wp-json\/wp\/v2\/pages\/391285\/revisions\/393497"}],"up":[{"embeddable":true,"href":"https:\/\/www.miamibeachfl.gov\/pt\/wp-json\/wp\/v2\/pages\/391155"}],"wp:attachment":[{"href":"https:\/\/www.miamibeachfl.gov\/pt\/wp-json\/wp\/v2\/media?parent=391285"}],"wp:term":[{"taxonomy":"category","embeddable":true,"href":"https:\/\/www.miamibeachfl.gov\/pt\/wp-json\/wp\/v2\/categories?post=391285"},{"taxonomy":"post_tag","embeddable":true,"href":"https:\/\/www.miamibeachfl.gov\/pt\/wp-json\/wp\/v2\/tags?post=391285"}],"curies":[{"name":"wp","href":"https:\/\/api.w.org\/{rel}","templated":true}]}}