{"id":391563,"date":"2025-11-10T16:02:38","date_gmt":"2025-11-10T21:02:38","guid":{"rendered":"https:\/\/www.miamibeachfl.gov\/?page_id=391563"},"modified":"2025-11-14T13:16:47","modified_gmt":"2025-11-14T18:16:47","slug":"public-safety","status":"publish","type":"page","link":"https:\/\/www.miamibeachfl.gov\/pt\/art-week-miami-beach\/public-safety\/","title":{"rendered":"Informa\u00e7\u00f5es de Seguran\u00e7a P\u00fablica para a Semana de Arte de 2025"},"content":{"rendered":"\n\n\t\t\t\t<a href=\"\/art-week-miami-beach\/\"  target=\"_self\" itemprop=\"url\">\n\t\t\t\t<img decoding=\"async\" src=\"https:\/\/www.miamibeachfl.gov\/wp-content\/uploads\/2025\/11\/ArtWeek_LOGO_DeepOcean.png\" alt=\"artweek 2025 logo\" itemprop=\"image\" height=\"153\" width=\"500\" title=\"ArtWeek_LOGO_DeepOcean\" onerror=\"this.style.display='none'\" loading=\"lazy\" \/>\n\t\t\t\t<\/a>\n<h1>\n\t\t\tDEC. 1 &#8211; 7, 2025\t<\/h1>\n\t\t\t<style>\n\t\t\t\n\t\t\t\n\t\t\t\t\t\t\t#searchwp-form-4 .swp-input,\n\t\t\t\t#searchwp-form-4 .swp-select {\n                    border: 0;\n                    border-bottom: 1px solid #b3eee5;\n                    border-radius: 0;\n                }\n\t\t\t\n\t\t\t                #searchwp-form-4 .swp-toggle-checkbox:checked + .swp-toggle-switch,\n                #searchwp-form-4 .swp-toggle-switch--checked  {\n                    background: #b3eee5;\n                }\n\t\t\t\n\t\t\t\n\t\t\t\t\t\t\t#searchwp-form-4 input[type=submit] {\n                    background-color: #f06a6a;\n                }\n\t\t\t\n\t\t\t\n\t\t\t\t\t\t\t#searchwp-form-4 input[type=submit] {\n                    color: #1e4166;\n                }\n\t\t\t\n\t\t\t\t\t<\/style>\n\t\t\t\t<form id=\"searchwp-form-4\"\n\t\t\trole=\"search\"\n\t\t\tmethod=\"get\"\n\t\t\tclass=\"searchwp-form\"\n\t\t\taction=\"https:\/\/www.miamibeachfl.gov\/pt\/\"\n\t\t\taria-label=\"Search\"\n\t\t\t\t\t\t>\n\t\t\t<input type=\"hidden\" name=\"swp_form[form_id]\" value=\"4\">\n\t\t\t<div class=\"swp-flex--col swp-flex--wrap swp-flex--gap-md\">\n\t\t\t\t<div class=\"swp-flex--row swp-items-stretch swp-flex--gap-md\">\n\t\t\t\t\t<div class=\"searchwp-form-input-container swp-items-stretch\">\n\t\t\t\t\t\t\t\t\t\t\t\t\t\t<input type=\"search\"\n\t\t\tclass=\"swp-input--search swp-input\"\n\t\t\tplaceholder=\"Search Art Week\"\n\t\t\tvalue=\"\"\n\t\t\tname=\"s\"\n\t\t\ttitle=\"Search Art Week\"\n\t\t\taria-label=\"Search\"\n\t\t\taria-required=\"false\"\n\t\t\t data-swplive=\"true\" data-swpengine=\"art_week\"\t\t\/>\n\t\t\t\t\t\t\t\t\t\t\t\t\t<\/div>\n\t\t\t\t\t\t\t<input type=\"submit\"\n\t\t\tclass=\"search-submit swp-button\"\n\t\t\tvalue=\"Search\"\n\t\t\taria-label=\"Search\"\n\t\t\/>\n\t\t\t\t\t\t<\/div>\n\t\t\t\t\t\t\t\t\t\t\t<\/div>\n\t\t\t\t\t<\/form>\n\t\t\n\t\t\t<button tabindex=\"0\" aria-label=\"MENU\" aria-expanded=\"false\">\n\t\t\t\tMENU\t\t\t<\/button>\n\t<nav aria-label=\"ART WEEK MENU\" itemscope=\"itemscope\" itemtype=\"https:\/\/schema.org\/SiteNavigationElement\">\n\t\t<a href=\"javascript:void(0)\" aria-label=\"Close the menu\" role=\"button\">\u00d7<\/a>\n\t\t<ul id=\"menu-artweek-2025\"><li id=\"menu-item-391186\"><a href=\"\/art-week-miami-beach\/artweek-free-transportation\/\">Free Transportation<\/a><\/li><li id=\"menu-item-391187\"><a href=\"\/art-week-miami-beach\/artweek-events\/\">Cultural Activations<\/a><\/li><li id=\"menu-item-391188\"><a href=\"\/art-week-miami-beach\/fairs-and-partners\/\">Fairs &#038; Partners<\/a><\/li><li id=\"menu-item-392041\"><a href=\"\/art-week-miami-beach\/artweek-events\/no-vacancy-miami-beach\/\">No Vacancy<\/a><\/li><li id=\"menu-item-391190\"><a href=\"\/art-week-miami-beach\/public-safety\/\">Public Safety<\/a><\/li><\/ul>\t<\/nav>\n<h1>\n\t\t\tPublic safety\t<\/h1>\n\t<nav id=\"breadcrumbs\" aria-label=\"Breadcrumbs\"><a href=\"https:\/\/www.miamibeachfl.gov\/\">Home<\/a> &gt; <a href=\"https:\/\/www.miamibeachfl.gov\/art-week-miami-beach\/\">Art week Miami Beach<\/a> &gt; <strong>Art Week 2025 Public Safety Information<\/strong><\/nav>\n\t\t\t\t<img decoding=\"async\" src=\"https:\/\/www.miamibeachfl.gov\/wp-content\/plugins\/bb-plugin\/img\/pixel.png\" alt=\"\" itemprop=\"image\" onerror=\"this.style.display='none'\" loading=\"lazy\" \/>\n\t\t\t\t<img decoding=\"async\" src=\"https:\/\/www.miamibeachfl.gov\/wp-content\/uploads\/2025\/11\/Officersatafair2.jpg\" alt=\"Police Officers\" itemprop=\"image\" height=\"400\" width=\"400\" title=\"Officersatafair2\" onerror=\"this.style.display='none'\" loading=\"lazy\" \/>\n\t<p><strong>To enhance public safety, MBPD will significantly increase its staffing levels from Wednesday, Dec. 3 through Sunday, Dec. 7.<\/strong><\/p>\n<p>In a concerted effort, officers will be deployed for additional shifts, including overtime and off-duty. Their strategic placement along key intersections in and around events, as well as in residential neighborhoods surrounding the Miami Beach Convention Center and along the 41 Street corridor, aims to ensure attendees&#8217; safety and address potential traffic challenges.<\/p>\n\t\t\t\t<a href=\"https:\/\/transitapp.com\/en\/region\/miami\/miami-beach-trolley\"  target=\"_blank\" rel=\"noopener\"  itemprop=\"url\">\n\t\t\t\t<img decoding=\"async\" src=\"https:\/\/www.miamibeachfl.gov\/wp-content\/uploads\/2025\/11\/transitappicon.png\" alt=\"Transit App\" itemprop=\"image\" height=\"157\" width=\"160\" title=\"transitappicon\" onerror=\"this.style.display='none'\" loading=\"lazy\" \/>\n\t\t\t\t<\/a>\n\t<p>Hop on the free <strong>Miami Beach Trolley<\/strong>. <strong><a href=\"https:\/\/transitapp.com\/en\/region\/miami\/miami-beach-trolley\">Track it live on the Transit App<\/a><\/strong>.<\/p>\n\t\t\t\t<a href=\"https:\/\/citibikemiami.com\/\"  target=\"_blank\" rel=\"noopener\"  itemprop=\"url\">\n\t\t\t\t<img decoding=\"async\" src=\"https:\/\/www.miamibeachfl.gov\/wp-content\/uploads\/2025\/11\/citibikeicon.png\" alt=\"citibike\" itemprop=\"image\" height=\"157\" width=\"160\" title=\"citibikeicon\" onerror=\"this.style.display='none'\" loading=\"lazy\" \/>\n\t\t\t\t<\/a>\n\t<p><a href=\"https:\/\/citibikemiami.com\/\"><strong>Grab a CitiBike and cruise around.<\/strong><\/a><\/p>\n\t\t\t\t<a href=\"https:\/\/www.miamibeachfl.gov\/freebee\/\"  target=\"_blank\" rel=\"noopener\"  itemprop=\"url\">\n\t\t\t\t<img decoding=\"async\" src=\"https:\/\/www.miamibeachfl.gov\/wp-content\/uploads\/2025\/11\/FreebeeIcon.png\" alt=\"Freebee\" itemprop=\"image\" height=\"157\" width=\"160\" title=\"FreebeeIcon\" onerror=\"this.style.display='none'\" loading=\"lazy\" \/>\n\t\t\t\t<\/a>\n\t<p><a href=\"https:\/\/www.miamibeachfl.gov\/freebee\/\"><b>Catch a ride with Freebee &#8211; it&#8217;s electric and free.<\/b><\/a><\/p>\n\t\t\t\t<a href=\"https:\/\/www.apple.com\/store\"  target=\"_self\" itemprop=\"url\">\n\t\t\t\t<img decoding=\"async\" src=\"https:\/\/www.miamibeachfl.gov\/wp-content\/uploads\/2025\/11\/AppleStoreIcon.png\" alt=\"apple store\" itemprop=\"image\" height=\"68\" width=\"198\" title=\"AppleStoreIcon\" onerror=\"this.style.display='none'\" loading=\"lazy\" \/>\n\t\t\t\t<\/a>\n\t\t\t\t<a href=\"https:\/\/play.google.com\/store\/games?hl=en_US&#038;pli=1\"  target=\"_self\" itemprop=\"url\">\n\t\t\t\t<img decoding=\"async\" src=\"https:\/\/www.miamibeachfl.gov\/wp-content\/uploads\/2025\/11\/GooglePlayIcon.png\" alt=\"Google play\" itemprop=\"image\" height=\"70\" width=\"221\" title=\"GooglePlayIcon\" onerror=\"this.style.display='none'\" loading=\"lazy\" \/>\n\t\t\t\t<\/a>\n\n","protected":false},"excerpt":{"rendered":"<p>DEC. 1 &#8211; 7, 2025 MENU \u00d7 Free Transportation Cultural Activations Fairs &#038; Partners No Vacancy Public Safety Public safety [&hellip;]<\/p>\n","protected":false},"author":222,"featured_media":0,"parent":390398,"menu_order":1,"comment_status":"closed","ping_status":"closed","template":"","meta":{"_searchwp_excluded":"","site-sidebar-layout":"no-sidebar","site-content-layout":"page-builder","ast-site-content-layout":"default","site-content-style":"default","site-sidebar-style":"default","ast-global-header-display":"disabled","ast-banner-title-visibility":"disabled","ast-main-header-display":"","ast-hfb-above-header-display":"","ast-hfb-below-header-display":"","ast-hfb-mobile-header-display":"","site-post-title":"disabled","ast-breadcrumbs-content":"","ast-featured-img":"","footer-sml-layout":"","theme-transparent-header-meta":"","adv-header-id-meta":"","stick-header-meta":"","header-above-stick-meta":"","header-main-stick-meta":"","header-below-stick-meta":"","astra-migrate-meta-layouts":"default","ast-page-background-enabled":"default","ast-page-background-meta":{"desktop":{"background-color":"var(--ast-global-color-5)","background-image":"","background-repeat":"repeat","background-position":"center center","background-size":"auto","background-attachment":"scroll","background-type":"","background-media":"","overlay-type":"","overlay-color":"","overlay-opacity":"","overlay-gradient":""},"tablet":{"background-color":"","background-image":"","background-repeat":"repeat","background-position":"center center","background-size":"auto","background-attachment":"scroll","background-type":"","background-media":"","overlay-type":"","overlay-color":"","overlay-opacity":"","overlay-gradient":""},"mobile":{"background-color":"","background-image":"","background-repeat":"repeat","background-position":"center center","background-size":"auto","background-attachment":"scroll","background-type":"","background-media":"","overlay-type":"","overlay-color":"","overlay-opacity":"","overlay-gradient":""}},"ast-content-background-meta":{"desktop":{"background-color":"var(--ast-global-color-4)","background-image":"","background-repeat":"repeat","background-position":"center center","background-size":"auto","background-attachment":"scroll","background-type":"","background-media":"","overlay-type":"","overlay-color":"","overlay-opacity":"","overlay-gradient":""},"tablet":{"background-color":"var(--ast-global-color-4)","background-image":"","background-repeat":"repeat","background-position":"center center","background-size":"auto","background-attachment":"scroll","background-type":"","background-media":"","overlay-type":"","overlay-color":"","overlay-opacity":"","overlay-gradient":""},"mobile":{"background-color":"var(--ast-global-color-4)","background-image":"","background-repeat":"repeat","background-position":"center center","background-size":"auto","background-attachment":"scroll","background-type":"","background-media":"","overlay-type":"","overlay-color":"","overlay-opacity":"","overlay-gradient":""}},"footnotes":""},"categories":[1844],"tags":[],"class_list":["post-391563","page","type-page","status-publish","hentry","category-artweek-2025-category"],"yoast_head":"<!-- This site is optimized with the Yoast SEO Premium plugin v26.6 (Yoast SEO v26.6) - https:\/\/yoast.com\/wordpress\/plugins\/seo\/ -->\n<title>Art Week 2025 Public Safety Information - City of Miami Beach<\/title>\n<meta name=\"description\" content=\"To enhance public safety, MBPD will significantly increase its staffing levels from Wednesday, Dec. 3 through Sunday, Dec. 7. In a concerted effort, officers will be deployed for additional shifts, including overtime and off-duty. Their strategic placement along key intersections in and around events, as well as in residential neighborhoods surrounding the Miami Beach Convention Center and along the 41 Street corridor, aims to ensure attendees&#039; safety and address potential traffic challenges.\" \/>\n<meta name=\"robots\" content=\"index, follow, max-snippet:-1, max-image-preview:large, max-video-preview:-1\" \/>\n<link rel=\"canonical\" href=\"https:\/\/www.miamibeachfl.gov\/pt\/art-week-miami-beach\/public-safety\/\" \/>\n<meta property=\"og:locale\" content=\"pt_BR\" \/>\n<meta property=\"og:type\" content=\"article\" \/>\n<meta property=\"og:title\" content=\"Art Week 2025 Public Safety Information\" \/>\n<meta property=\"og:description\" content=\"To enhance public safety, MBPD will significantly increase its staffing levels from Wednesday, Dec. 3 through Sunday, Dec. 7. In a concerted effort, officers will be deployed for additional shifts, including overtime and off-duty. Their strategic placement along key intersections in and around events, as well as in residential neighborhoods surrounding the Miami Beach Convention Center and along the 41 Street corridor, aims to ensure attendees&#039; safety and address potential traffic challenges.\" \/>\n<meta property=\"og:url\" content=\"https:\/\/www.miamibeachfl.gov\/pt\/art-week-miami-beach\/public-safety\/\" \/>\n<meta property=\"og:site_name\" content=\"City of Miami Beach\" \/>\n<meta property=\"article:publisher\" content=\"https:\/\/www.facebook.com\/cityofmiamibeach\" \/>\n<meta property=\"article:modified_time\" content=\"2025-11-14T18:16:47+00:00\" \/>\n<meta property=\"og:image\" content=\"https:\/\/www.miamibeachfl.gov\/wp-content\/uploads\/2024\/08\/400square-offdutypolice.jpeg\" \/>\n\t<meta property=\"og:image:width\" content=\"400\" \/>\n\t<meta property=\"og:image:height\" content=\"400\" \/>\n\t<meta property=\"og:image:type\" content=\"image\/jpeg\" \/>\n<meta name=\"twitter:card\" content=\"summary_large_image\" \/>\n<meta name=\"twitter:site\" content=\"@Miamibeachnews\" \/>\n<script type=\"application\/ld+json\" class=\"yoast-schema-graph\">{\"@context\":\"https:\/\/schema.org\",\"@graph\":[{\"@type\":\"WebPage\",\"@id\":\"https:\/\/www.miamibeachfl.gov\/art-week-miami-beach\/public-safety\/\",\"url\":\"https:\/\/www.miamibeachfl.gov\/art-week-miami-beach\/public-safety\/\",\"name\":\"Art Week 2025 Public Safety Information - City of Miami Beach\",\"isPartOf\":{\"@id\":\"https:\/\/www.miamibeachfl.gov\/#website\"},\"primaryImageOfPage\":{\"@id\":\"https:\/\/www.miamibeachfl.gov\/art-week-miami-beach\/public-safety\/#primaryimage\"},\"image\":{\"@id\":\"https:\/\/www.miamibeachfl.gov\/art-week-miami-beach\/public-safety\/#primaryimage\"},\"thumbnailUrl\":\"https:\/\/www.miamibeachfl.gov\/wp-content\/uploads\/2025\/11\/ArtWeek_LOGO_DeepOcean.png\",\"datePublished\":\"2025-11-10T21:02:38+00:00\",\"dateModified\":\"2025-11-14T18:16:47+00:00\",\"description\":\"To enhance public safety, MBPD will significantly increase its staffing levels from Wednesday, Dec. 3 through Sunday, Dec. 7. In a concerted effort, officers will be deployed for additional shifts, including overtime and off-duty. Their strategic placement along key intersections in and around events, as well as in residential neighborhoods surrounding the Miami Beach Convention Center and along the 41 Street corridor, aims to ensure attendees' safety and address potential traffic challenges.\",\"breadcrumb\":{\"@id\":\"https:\/\/www.miamibeachfl.gov\/art-week-miami-beach\/public-safety\/#breadcrumb\"},\"inLanguage\":\"pt-BR\",\"potentialAction\":[{\"@type\":\"ReadAction\",\"target\":[\"https:\/\/www.miamibeachfl.gov\/art-week-miami-beach\/public-safety\/\"]}]},{\"@type\":\"ImageObject\",\"inLanguage\":\"pt-BR\",\"@id\":\"https:\/\/www.miamibeachfl.gov\/art-week-miami-beach\/public-safety\/#primaryimage\",\"url\":\"https:\/\/www.miamibeachfl.gov\/wp-content\/uploads\/2025\/11\/ArtWeek_LOGO_DeepOcean.png\",\"contentUrl\":\"https:\/\/www.miamibeachfl.gov\/wp-content\/uploads\/2025\/11\/ArtWeek_LOGO_DeepOcean.png\"},{\"@type\":\"BreadcrumbList\",\"@id\":\"https:\/\/www.miamibeachfl.gov\/art-week-miami-beach\/public-safety\/#breadcrumb\",\"itemListElement\":[{\"@type\":\"ListItem\",\"position\":1,\"name\":\"Home\",\"item\":\"https:\/\/www.miamibeachfl.gov\/\"},{\"@type\":\"ListItem\",\"position\":2,\"name\":\"Art week Miami Beach\",\"item\":\"https:\/\/www.miamibeachfl.gov\/art-week-miami-beach\/\"},{\"@type\":\"ListItem\",\"position\":3,\"name\":\"Art Week 2025 Public Safety Information\"}]},{\"@type\":\"WebSite\",\"@id\":\"https:\/\/www.miamibeachfl.gov\/#website\",\"url\":\"https:\/\/www.miamibeachfl.gov\/\",\"name\":\"City of Miami Beach\",\"description\":\"The official website of the City of Miami Beach. Stay informed, find important information on city services, news, alerts, events, trolley routes, government employment and more.\",\"publisher\":{\"@id\":\"https:\/\/www.miamibeachfl.gov\/#organization\"},\"potentialAction\":[{\"@type\":\"SearchAction\",\"target\":{\"@type\":\"EntryPoint\",\"urlTemplate\":\"https:\/\/www.miamibeachfl.gov\/?s={search_term_string}\"},\"query-input\":{\"@type\":\"PropertyValueSpecification\",\"valueRequired\":true,\"valueName\":\"search_term_string\"}}],\"inLanguage\":\"pt-BR\"},{\"@type\":\"Organization\",\"@id\":\"https:\/\/www.miamibeachfl.gov\/#organization\",\"name\":\"City of Miami Beach\",\"url\":\"https:\/\/www.miamibeachfl.gov\/\",\"logo\":{\"@type\":\"ImageObject\",\"inLanguage\":\"pt-BR\",\"@id\":\"https:\/\/www.miamibeachfl.gov\/#\/schema\/logo\/image\/\",\"url\":\"https:\/\/www.miamibeachfl.gov\/wp-content\/uploads\/2022\/06\/miamibeach-logoblue.png\",\"contentUrl\":\"https:\/\/www.miamibeachfl.gov\/wp-content\/uploads\/2022\/06\/miamibeach-logoblue.png\",\"width\":1962,\"height\":381,\"caption\":\"City of Miami Beach\"},\"image\":{\"@id\":\"https:\/\/www.miamibeachfl.gov\/#\/schema\/logo\/image\/\"},\"sameAs\":[\"https:\/\/www.facebook.com\/cityofmiamibeach\",\"https:\/\/x.com\/Miamibeachnews\",\"https:\/\/www.instagram.com\/miamibeachnews\/\"],\"description\":\"The official website of the City of Miami Beach. Stay informed, find important information on city services, news, alerts, events, trolley routes, government employment and more.\",\"telephone\":\"305.604.CITY(2489)\",\"legalName\":\"City of Miami Beach\"}]}<\/script>\n<!-- \/ Yoast SEO Premium plugin. -->","yoast_head_json":{"title":"Informa\u00e7\u00f5es de seguran\u00e7a p\u00fablica para a Semana de Arte 2025 - Cidade de Miami Beach","description":"Para refor\u00e7ar a seguran\u00e7a p\u00fablica, o Departamento de Pol\u00edcia de Miami Beach (MBPD) aumentar\u00e1 significativamente seu efetivo de quarta-feira, 3 de dezembro, a domingo, 7 de dezembro. Em um esfor\u00e7o conjunto, os policiais ser\u00e3o alocados para turnos adicionais, incluindo horas extras e folgas. Seu posicionamento estrat\u00e9gico em cruzamentos importantes durante e ao redor de eventos, bem como em bairros residenciais pr\u00f3ximos ao Centro de Conven\u00e7\u00f5es de Miami Beach e ao longo da Rua 41, visa garantir a seguran\u00e7a dos participantes e lidar com poss\u00edveis problemas de tr\u00e2nsito.","robots":{"index":"index","follow":"follow","max-snippet":"max-snippet:-1","max-image-preview":"max-image-preview:large","max-video-preview":"max-video-preview:-1"},"canonical":"https:\/\/www.miamibeachfl.gov\/pt\/art-week-miami-beach\/public-safety\/","og_locale":"pt_BR","og_type":"article","og_title":"Art Week 2025 Public Safety Information","og_description":"To enhance public safety, MBPD will significantly increase its staffing levels from Wednesday, Dec. 3 through Sunday, Dec. 7. In a concerted effort, officers will be deployed for additional shifts, including overtime and off-duty. Their strategic placement along key intersections in and around events, as well as in residential neighborhoods surrounding the Miami Beach Convention Center and along the 41 Street corridor, aims to ensure attendees' safety and address potential traffic challenges.","og_url":"https:\/\/www.miamibeachfl.gov\/pt\/art-week-miami-beach\/public-safety\/","og_site_name":"City of Miami Beach","article_publisher":"https:\/\/www.facebook.com\/cityofmiamibeach","article_modified_time":"2025-11-14T18:16:47+00:00","og_image":[{"width":400,"height":400,"url":"https:\/\/www.miamibeachfl.gov\/wp-content\/uploads\/2024\/08\/400square-offdutypolice.jpeg","type":"image\/jpeg"}],"twitter_card":"summary_large_image","twitter_site":"@Miamibeachnews","schema":{"@context":"https:\/\/schema.org","@graph":[{"@type":"WebPage","@id":"https:\/\/www.miamibeachfl.gov\/art-week-miami-beach\/public-safety\/","url":"https:\/\/www.miamibeachfl.gov\/art-week-miami-beach\/public-safety\/","name":"Informa\u00e7\u00f5es de seguran\u00e7a p\u00fablica para a Semana de Arte 2025 - Cidade de Miami Beach","isPartOf":{"@id":"https:\/\/www.miamibeachfl.gov\/#website"},"primaryImageOfPage":{"@id":"https:\/\/www.miamibeachfl.gov\/art-week-miami-beach\/public-safety\/#primaryimage"},"image":{"@id":"https:\/\/www.miamibeachfl.gov\/art-week-miami-beach\/public-safety\/#primaryimage"},"thumbnailUrl":"https:\/\/www.miamibeachfl.gov\/wp-content\/uploads\/2025\/11\/ArtWeek_LOGO_DeepOcean.png","datePublished":"2025-11-10T21:02:38+00:00","dateModified":"2025-11-14T18:16:47+00:00","description":"Para refor\u00e7ar a seguran\u00e7a p\u00fablica, o Departamento de Pol\u00edcia de Miami Beach (MBPD) aumentar\u00e1 significativamente seu efetivo de quarta-feira, 3 de dezembro, a domingo, 7 de dezembro. Em um esfor\u00e7o conjunto, os policiais ser\u00e3o alocados para turnos adicionais, incluindo horas extras e folgas. Seu posicionamento estrat\u00e9gico em cruzamentos importantes durante e ao redor de eventos, bem como em bairros residenciais pr\u00f3ximos ao Centro de Conven\u00e7\u00f5es de Miami Beach e ao longo da Rua 41, visa garantir a seguran\u00e7a dos participantes e lidar com poss\u00edveis problemas de tr\u00e2nsito.","breadcrumb":{"@id":"https:\/\/www.miamibeachfl.gov\/art-week-miami-beach\/public-safety\/#breadcrumb"},"inLanguage":"pt-BR","potentialAction":[{"@type":"ReadAction","target":["https:\/\/www.miamibeachfl.gov\/art-week-miami-beach\/public-safety\/"]}]},{"@type":"ImageObject","inLanguage":"pt-BR","@id":"https:\/\/www.miamibeachfl.gov\/art-week-miami-beach\/public-safety\/#primaryimage","url":"https:\/\/www.miamibeachfl.gov\/wp-content\/uploads\/2025\/11\/ArtWeek_LOGO_DeepOcean.png","contentUrl":"https:\/\/www.miamibeachfl.gov\/wp-content\/uploads\/2025\/11\/ArtWeek_LOGO_DeepOcean.png"},{"@type":"BreadcrumbList","@id":"https:\/\/www.miamibeachfl.gov\/art-week-miami-beach\/public-safety\/#breadcrumb","itemListElement":[{"@type":"ListItem","position":1,"name":"Home","item":"https:\/\/www.miamibeachfl.gov\/"},{"@type":"ListItem","position":2,"name":"Art week Miami Beach","item":"https:\/\/www.miamibeachfl.gov\/art-week-miami-beach\/"},{"@type":"ListItem","position":3,"name":"Art Week 2025 Public Safety Information"}]},{"@type":"WebSite","@id":"https:\/\/www.miamibeachfl.gov\/#website","url":"https:\/\/www.miamibeachfl.gov\/","name":"Cidade de Miami Beach","description":"Site oficial da cidade de Miami Beach. Mantenha-se informado e encontre informa\u00e7\u00f5es importantes sobre servi\u00e7os municipais, not\u00edcias, alertas, eventos, rotas de bonde, empregos p\u00fablicos e muito mais.","publisher":{"@id":"https:\/\/www.miamibeachfl.gov\/#organization"},"potentialAction":[{"@type":"SearchAction","target":{"@type":"EntryPoint","urlTemplate":"https:\/\/www.miamibeachfl.gov\/?s={search_term_string}"},"query-input":{"@type":"PropertyValueSpecification","valueRequired":true,"valueName":"search_term_string"}}],"inLanguage":"pt-BR"},{"@type":"Organization","@id":"https:\/\/www.miamibeachfl.gov\/#organization","name":"Cidade de Miami Beach","url":"https:\/\/www.miamibeachfl.gov\/","logo":{"@type":"ImageObject","inLanguage":"pt-BR","@id":"https:\/\/www.miamibeachfl.gov\/#\/schema\/logo\/image\/","url":"https:\/\/www.miamibeachfl.gov\/wp-content\/uploads\/2022\/06\/miamibeach-logoblue.png","contentUrl":"https:\/\/www.miamibeachfl.gov\/wp-content\/uploads\/2022\/06\/miamibeach-logoblue.png","width":1962,"height":381,"caption":"City of Miami Beach"},"image":{"@id":"https:\/\/www.miamibeachfl.gov\/#\/schema\/logo\/image\/"},"sameAs":["https:\/\/www.facebook.com\/cityofmiamibeach","https:\/\/x.com\/Miamibeachnews","https:\/\/www.instagram.com\/miamibeachnews\/"],"description":"Site oficial da cidade de Miami Beach. Mantenha-se informado e encontre informa\u00e7\u00f5es importantes sobre servi\u00e7os municipais, not\u00edcias, alertas, eventos, rotas de bonde, empregos p\u00fablicos e muito mais.","telephone":"305.604.CITY(2489)","legalName":"City of Miami Beach"}]}},"_links":{"self":[{"href":"https:\/\/www.miamibeachfl.gov\/pt\/wp-json\/wp\/v2\/pages\/391563","targetHints":{"allow":["GET"]}}],"collection":[{"href":"https:\/\/www.miamibeachfl.gov\/pt\/wp-json\/wp\/v2\/pages"}],"about":[{"href":"https:\/\/www.miamibeachfl.gov\/pt\/wp-json\/wp\/v2\/types\/page"}],"author":[{"embeddable":true,"href":"https:\/\/www.miamibeachfl.gov\/pt\/wp-json\/wp\/v2\/users\/222"}],"replies":[{"embeddable":true,"href":"https:\/\/www.miamibeachfl.gov\/pt\/wp-json\/wp\/v2\/comments?post=391563"}],"version-history":[{"count":10,"href":"https:\/\/www.miamibeachfl.gov\/pt\/wp-json\/wp\/v2\/pages\/391563\/revisions"}],"predecessor-version":[{"id":392061,"href":"https:\/\/www.miamibeachfl.gov\/pt\/wp-json\/wp\/v2\/pages\/391563\/revisions\/392061"}],"up":[{"embeddable":true,"href":"https:\/\/www.miamibeachfl.gov\/pt\/wp-json\/wp\/v2\/pages\/390398"}],"wp:attachment":[{"href":"https:\/\/www.miamibeachfl.gov\/pt\/wp-json\/wp\/v2\/media?parent=391563"}],"wp:term":[{"taxonomy":"category","embeddable":true,"href":"https:\/\/www.miamibeachfl.gov\/pt\/wp-json\/wp\/v2\/categories?post=391563"},{"taxonomy":"post_tag","embeddable":true,"href":"https:\/\/www.miamibeachfl.gov\/pt\/wp-json\/wp\/v2\/tags?post=391563"}],"curies":[{"name":"wp","href":"https:\/\/api.w.org\/{rel}","templated":true}]}}