{"id":391669,"date":"2025-11-11T15:09:45","date_gmt":"2025-11-11T20:09:45","guid":{"rendered":"https:\/\/www.miamibeachfl.gov\/?page_id=391669"},"modified":"2025-11-14T13:16:05","modified_gmt":"2025-11-14T18:16:05","slug":"the-betsy-hotel","status":"publish","type":"page","link":"https:\/\/www.miamibeachfl.gov\/pt\/art-week-miami-beach\/fairs-and-partners\/the-betsy-hotel\/","title":{"rendered":"O Hotel Betsy"},"content":{"rendered":"<a href=\"\/pt\/art-week-miami-beach\/\"  target=\"_self\" itemprop=\"url\">\n\t\t\t\t<img decoding=\"async\" src=\"https:\/\/www.miamibeachfl.gov\/wp-content\/uploads\/2025\/11\/ArtWeek_LOGO_DeepOcean.png\" alt=\"artweek 2025 logo\" itemprop=\"image\" height=\"153\" width=\"500\" title=\"ArtWeek_LOGO_Oceano Profundo\" onerror=\"this.style.display='none'\" loading=\"lazy\" \/>\n\t\t\t\t<\/a>\n<h1>\n\t\t\t1 a 7 de dezembro de 2025\t<\/h1>\n\t\t\t<style>\n\t\t\t\n\t\t\t\n\t\t\t\t\t\t\t#searchwp-form-4 .swp-input,\n\t\t\t\t#searchwp-form-4 .swp-select {\n                    border: 0;\n                    border-bottom: 1px solid #b3eee5;\n                    border-radius: 0;\n                }\n\t\t\t\n\t\t\t                #searchwp-form-4 .swp-toggle-checkbox:checked + .swp-toggle-switch,\n                #searchwp-form-4 .swp-toggle-switch--checked  {\n                    background: #b3eee5;\n                }\n\t\t\t\n\t\t\t\n\t\t\t\t\t\t\t#searchwp-form-4 input[type=submit] {\n                    background-color: #f06a6a;\n                }\n\t\t\t\n\t\t\t\n\t\t\t\t\t\t\t#searchwp-form-4 input[type=submit] {\n                    color: #1e4166;\n                }\n\t\t\t\n\t\t\t\t\t<\/style>\n\t\t\t\t<form id=\"searchwp-form-4\"\n\t\t\trole=\"search\"\n\t\t\tmethod=\"get\"\n\t\t\tclass=\"searchwp-form\"\n\t\t\taction=\"https:\/\/www.miamibeachfl.gov\/pt\/\"\n\t\t\taria-label=\"Procurar\" data-trp-original-action=\"https:\/\/www.miamibeachfl.gov\/pt\/\">\n\t\t\t<input type=\"hidden\" name=\"swp_form[form_id]\" value=\"4\">\n\t\t\t<div class=\"swp-flex--col swp-flex--wrap swp-flex--gap-md\">\n\t\t\t\t<div class=\"swp-flex--row swp-items-stretch swp-flex--gap-md\">\n\t\t\t\t\t<div class=\"searchwp-form-input-container swp-items-stretch\">\n\t\t\t\t\t\t\n\t\t\t\t\t\t\t\t\t\t\t\t\t\t\t\t\t\t<input type=\"search\"\n\t\t\t\t\t\t\tclass=\"swp-input--search swp-input\"\n\t\t\t\t\t\t\tplaceholder=\"Pesquisar Semana de Arte\"\n\t\t\t\t\t\t\tvalue=\"\"\n\t\t\t\t\t\t\tname=\"s\"\n\t\t\t\t\t\t\ttitle=\"Pesquisar Semana de Arte\"\n\t\t\t\t\t\t   \taria-label=\"Procurar\"\n\t\t\t\t\t\t\taria-required=\"false\"\n\t\t\t\t\t\t\t data-swplive=\"true\" data-swpengine=\"art_week\"                        \/>\n\t\t\t\t\t<\/div>\n\n\t\t\t\t\t\t\t\t\t\t\t<input type=\"submit\"\n\t\t\t\t\t\t\tclass=\"search-submit swp-button\"\n\t\t\t\t\t\t\tvalue=\"Procurar\"\n\t\t\t\t\t\t\taria-label=\"Procurar\"\n\t\t\t\t\t\t\/>\n\t\t\t\t\t\n\t\t\t\t<\/div>\n\n\t\t\t\t\n\t\t\t\t\t\t\t<\/div>\n\t\t\t\t\t<input type=\"hidden\" name=\"trp-form-language\" value=\"pt\"\/><\/form>\n\t\t\n\t\t\t<button tabindex=\"0\" aria-label=\"MENU\" aria-expanded=\"false\">\n\t\t\t\tMENU\t\t\t<\/button>\n\t<nav aria-label=\"CARD\u00c1PIO DA SEMANA DA ARTE\" itemscope=\"itemscope\" itemtype=\"https:\/\/schema.org\/SiteNavigationElement\">\n\t\t<a href=\"javascript:void(0)\" aria-label=\"Fechar o menu\" role=\"button\">\u00d7<\/a>\n\t\t<ul id=\"menu-artweek-2025\"><li id=\"menu-item-391186\"><a href=\"\/pt\/art-week-miami-beach\/artweek-free-transportation\/\">Transporte gratuito<\/a><\/li><li id=\"menu-item-391187\"><a href=\"\/pt\/art-week-miami-beach\/artweek-events\/\">Ativa\u00e7\u00f5es Culturais<\/a><\/li><li id=\"menu-item-391188\"><a href=\"\/pt\/art-week-miami-beach\/fairs-and-partners\/\">Feiras e Parceiros<\/a><\/li><li id=\"menu-item-392041\"><a href=\"\/pt\/art-week-miami-beach\/artweek-events\/no-vacancy-miami-beach\/\">Sem vagas<\/a><\/li><li id=\"menu-item-391190\"><a href=\"\/pt\/art-week-miami-beach\/public-safety\/\">Seguran\u00e7a P\u00fablica<\/a><\/li><\/ul>\t<\/nav>\n<h1>\n\t\t\tFeiras e Parceiros\t<\/h1>\n\t\t\t\t<img decoding=\"async\" src=\"https:\/\/www.miamibeachfl.gov\/wp-content\/uploads\/2025\/04\/TheBetsyHotel.jpg\" alt=\"The Betsy Hotel\" itemprop=\"image\" height=\"500\" width=\"500\" title=\"O Hotel Betsy\" onerror=\"this.style.display='none'\" loading=\"lazy\" \/>\n<h1>\n\t\t\tO Hotel Betsy\t<\/h1>\n\t<nav id=\"breadcrumbs\" aria-label=\"Migalhas de p\u00e3o\"><a href=\"https:\/\/www.miamibeachfl.gov\/pt\/\">Lar<\/a> &gt; <a href=\"https:\/\/www.miamibeachfl.gov\/pt\/art-week-miami-beach\/\">Semana de Arte de Miami Beach<\/a> &gt; <a href=\"https:\/\/www.miamibeachfl.gov\/pt\/art-week-miami-beach\/fairs-and-partners\/\">Feiras e Parceiros da Semana de Arte<\/a> &gt; <strong>O Hotel Betsy<\/strong><\/nav>\n\t\t<ul>\n\t\t\t\t\t<li>\n\t\t\t\t\t\t\t\t\t\t\t<img loading=\"lazy\" decoding=\"async\" src=\"https:\/\/www.miamibeachfl.gov\/wp-content\/uploads\/2025\/11\/aquawave.png\" alt=\"aquawave\" width=\"100\" height=\"100\" \/>\n\t\t\t\t<h3>QUANDO<\/h3>\n\t\t<p>Diariamente | 10h - 22h<\/p>\t\t\t\n\t\t\t<\/li>\n\t\t\t\t\t<li>\n\t\t\t\t\t\t\t\t\t\t\t<img loading=\"lazy\" decoding=\"async\" src=\"https:\/\/www.miamibeachfl.gov\/wp-content\/uploads\/2025\/11\/aquawave.png\" alt=\"aquawave\" width=\"100\" height=\"100\" \/>\n\t\t\t\t<h3>ONDE<\/h3>\n\t\t<p>1440 Ocean Drive<\/p>\t\t\t\n\t\t\t<\/li>\n\t\t\t\t\t<li>\n\t\t\t\t\t\t\t\t\t\t\t<img loading=\"lazy\" decoding=\"async\" src=\"https:\/\/www.miamibeachfl.gov\/wp-content\/uploads\/2025\/11\/aquawave.png\" alt=\"aquawave\" width=\"100\" height=\"100\" \/>\n\t\t\t\t<h3>DETALHES<\/h3>\n\t\t<p>The Betsy Hotel&#8217;s Art Week Miami Beach shows, curated by Betsy owner Lesley Goldwasser, feature work by Christo and Jeanne-Claude, Larry Fink, Art Shay, Ken Regan, David LaChapelle, Annie Leibovitz, Bob Gruen, David Godlis, Steve Dozier, Ira Wagner, Laura Paresky Gould, Tamary Kudita, Lianne Jedeikin Goldsmith, Dahlia Dreszer, Anastasia Samoylova, Ray Tenorio and LIZN&#8217;BOW <strong>como parte da cidade de <a href=\"https:\/\/www.miamibeachfl.gov\/pt\/art-week-miami-beach\/artweek-events\/no-vacancy-miami-beach\/\">Miami Beach&#8217;s No Vacancy program.<\/a><\/strong><strong>A programa\u00e7\u00e3o especial do The Betsy Hotel inclui:<\/strong><ul><li><strong>Abertura ao p\u00fablico<\/strong> | Entre pelo n\u00famero 1433 da Avenida Collins<br \/>Thursday, Dec. 4 | 8 PM &#8211; Midnight<\/li><li><strong>Instala\u00e7\u00e3o de arte p\u00fablica:<\/strong> Portal to Ni\u00f1a by LIZN&#8217;BOW<br \/>Thursday, Nov. 13 &#8211; Saturday, Dec. 20<\/li><li><strong>Apresenta\u00e7\u00e3o de dan\u00e7a:<\/strong> Companhia de Dan\u00e7a Global Peter London<br \/>Thursday, Dec. 4 | 8 PM &#8211; Midnight<\/li><li><strong>Eventos de livros de artista:<\/strong><ul><li><strong>Sexta-feira, 5 de dezembro | 15h<\/strong><br \/>Anastasia Samoylova&#8217;s Atlantic Coast (Aperture, 2025) retraces Berenice Abbott&#8217;s 1954 photographic journey, documenting dislocation, loss, and a shifting American dream.<\/li><li><strong>S\u00e1bado, 6 de dezembro | 15h<\/strong><br \/>Deborah Willis&#8217; Reflections in Black: A History of Black Photographers: 1840 to the Present (LiveRight, 2025) redefines our understanding of American history through an exploration of Black photography.<\/li><\/ul><\/li><li><strong>M\u00fasica jazz ao vivo diariamente no Piano Bar.<\/strong><\/li><\/ul><\/p><\/li><\/ul>\t\t\t\n\t\t\t\n\t\t\t\t\n\t\t\t<a href=\"https:\/\/www.thebetsyhotel.com\/\" target=\"_blank\" rel=\"noopener\">\n\t\t\t\t\t\t\twww.thebetsyhotel.com\n\t\t\t<\/a>\n\t\t\t\t<a href=\"https:\/\/transitapp.com\/en\/region\/miami\/miami-beach-trolley\"  target=\"_blank\" rel=\"noopener\"  itemprop=\"url\">\n\t\t\t\t<img decoding=\"async\" src=\"https:\/\/www.miamibeachfl.gov\/wp-content\/uploads\/2025\/11\/transitappicon.png\" alt=\"Transit App\" itemprop=\"image\" height=\"157\" width=\"160\" title=\"\u00edcone de aplicativo de tr\u00e2nsito\" onerror=\"this.style.display='none'\" loading=\"lazy\" \/>\n\t\t\t\t<\/a>\n\t<p>Embarque na viagem gratuita <strong>Bonde de Miami Beach<\/strong>. <strong><a href=\"https:\/\/transitapp.com\/en\/region\/miami\/miami-beach-trolley\">Acompanhe em tempo real pelo aplicativo Transit.<\/a><\/strong>.<\/p>\n\t\t\t\t<a href=\"https:\/\/citibikemiami.com\/\"  target=\"_blank\" rel=\"noopener\"  itemprop=\"url\">\n\t\t\t\t<img decoding=\"async\" src=\"https:\/\/www.miamibeachfl.gov\/wp-content\/uploads\/2025\/11\/citibikeicon.png\" alt=\"citibike\" itemprop=\"image\" height=\"157\" width=\"160\" title=\"\u00edcone de bicicleta Citi\" onerror=\"this.style.display='none'\" loading=\"lazy\" \/>\n\t\t\t\t<\/a>\n\t<p><a href=\"https:\/\/citibikemiami.com\/\"><strong>Pegue uma CitiBike e d\u00ea uma volta por a\u00ed.<\/strong><\/a><\/p>\n\t\t\t\t<a href=\"https:\/\/www.miamibeachfl.gov\/pt\/freebee\/\"  target=\"_blank\" rel=\"noopener\"  itemprop=\"url\">\n\t\t\t\t<img decoding=\"async\" src=\"https:\/\/www.miamibeachfl.gov\/wp-content\/uploads\/2025\/11\/FreebeeIcon.png\" alt=\"Freebee\" itemprop=\"image\" height=\"157\" width=\"160\" title=\"FreebeeIcon\" onerror=\"this.style.display='none'\" loading=\"lazy\" \/>\n\t\t\t\t<\/a>\n\t<p><a href=\"https:\/\/www.miamibeachfl.gov\/pt\/freebee\/\"><b>Pegue uma carona com a Freebee \u2013 \u00e9 el\u00e9trica e gr\u00e1tis.<\/b><\/a><\/p>\n\t\t\t\t<a href=\"https:\/\/www.apple.com\/store\"  target=\"_self\" itemprop=\"url\">\n\t\t\t\t<img decoding=\"async\" src=\"https:\/\/www.miamibeachfl.gov\/wp-content\/uploads\/2025\/11\/AppleStoreIcon.png\" alt=\"apple store\" itemprop=\"image\" height=\"68\" width=\"198\" title=\"\u00cdcone da Apple Store\" onerror=\"this.style.display='none'\" loading=\"lazy\" \/>\n\t\t\t\t<\/a>\n\t\t\t\t<a href=\"https:\/\/play.google.com\/store\/games?hl=en_US&#038;pli=1\"  target=\"_self\" itemprop=\"url\">\n\t\t\t\t<img decoding=\"async\" src=\"https:\/\/www.miamibeachfl.gov\/wp-content\/uploads\/2025\/11\/GooglePlayIcon.png\" alt=\"Google play\" itemprop=\"image\" height=\"70\" width=\"221\" title=\"\u00cdcone do Google Play\" onerror=\"this.style.display='none'\" loading=\"lazy\" \/>\n\t\t\t\t<\/a>","protected":false},"excerpt":{"rendered":"<p>1 a 7 de dezembro de 2025 MENU \u00d7 Transporte gratuito Ativa\u00e7\u00f5es culturais Feiras e parceiros Sem vagas Seguran\u00e7a p\u00fablica Feiras e [\u2026]<\/p>","protected":false},"author":222,"featured_media":0,"parent":391234,"menu_order":0,"comment_status":"closed","ping_status":"closed","template":"","meta":{"_searchwp_excluded":"","site-sidebar-layout":"no-sidebar","site-content-layout":"page-builder","ast-site-content-layout":"default","site-content-style":"default","site-sidebar-style":"default","ast-global-header-display":"disabled","ast-banner-title-visibility":"disabled","ast-main-header-display":"","ast-hfb-above-header-display":"","ast-hfb-below-header-display":"","ast-hfb-mobile-header-display":"","site-post-title":"disabled","ast-breadcrumbs-content":"","ast-featured-img":"","footer-sml-layout":"","theme-transparent-header-meta":"","adv-header-id-meta":"","stick-header-meta":"","header-above-stick-meta":"","header-main-stick-meta":"","header-below-stick-meta":"","astra-migrate-meta-layouts":"default","ast-page-background-enabled":"default","ast-page-background-meta":{"desktop":{"background-color":"var(--ast-global-color-5)","background-image":"","background-repeat":"repeat","background-position":"center center","background-size":"auto","background-attachment":"scroll","background-type":"","background-media":"","overlay-type":"","overlay-color":"","overlay-opacity":"","overlay-gradient":""},"tablet":{"background-color":"","background-image":"","background-repeat":"repeat","background-position":"center center","background-size":"auto","background-attachment":"scroll","background-type":"","background-media":"","overlay-type":"","overlay-color":"","overlay-opacity":"","overlay-gradient":""},"mobile":{"background-color":"","background-image":"","background-repeat":"repeat","background-position":"center center","background-size":"auto","background-attachment":"scroll","background-type":"","background-media":"","overlay-type":"","overlay-color":"","overlay-opacity":"","overlay-gradient":""}},"ast-content-background-meta":{"desktop":{"background-color":"var(--ast-global-color-4)","background-image":"","background-repeat":"repeat","background-position":"center center","background-size":"auto","background-attachment":"scroll","background-type":"","background-media":"","overlay-type":"","overlay-color":"","overlay-opacity":"","overlay-gradient":""},"tablet":{"background-color":"var(--ast-global-color-4)","background-image":"","background-repeat":"repeat","background-position":"center center","background-size":"auto","background-attachment":"scroll","background-type":"","background-media":"","overlay-type":"","overlay-color":"","overlay-opacity":"","overlay-gradient":""},"mobile":{"background-color":"var(--ast-global-color-4)","background-image":"","background-repeat":"repeat","background-position":"center center","background-size":"auto","background-attachment":"scroll","background-type":"","background-media":"","overlay-type":"","overlay-color":"","overlay-opacity":"","overlay-gradient":""}},"footnotes":""},"categories":[1844],"tags":[],"class_list":["post-391669","page","type-page","status-publish","hentry","category-artweek-2025-category"],"yoast_head":"<!-- This site is optimized with the Yoast SEO Premium plugin v26.6 (Yoast SEO v26.6) - https:\/\/yoast.com\/wordpress\/plugins\/seo\/ -->\n<title>The Betsy Hotel - City of Miami Beach<\/title>\n<meta name=\"description\" content=\"The Betsy Hotel\u2019s initiatives for Art Week Miami Beach include exhibitions featuring Christo and Jeanne-Claude, Larry Fink, Art Shay, Ken Regan, David LaChapelle, Annie Leibovitz, Bob Gruen, David Godlis, Steve Dozier, Ira Wagner, Laura Paresky Gould, Tamary Kudita, Lianne Jedeikin Goldsmith, Dahlia Dreszer, Anastasia Samoylova, Ray Tenorio and LIZN\u2019BOW.\" \/>\n<meta name=\"robots\" content=\"index, follow, max-snippet:-1, max-image-preview:large, max-video-preview:-1\" \/>\n<link rel=\"canonical\" href=\"https:\/\/www.miamibeachfl.gov\/pt\/art-week-miami-beach\/fairs-and-partners\/the-betsy-hotel\/\" \/>\n<meta property=\"og:locale\" content=\"pt_BR\" \/>\n<meta property=\"og:type\" content=\"article\" \/>\n<meta property=\"og:title\" content=\"The Betsy Hotel\" \/>\n<meta property=\"og:description\" content=\"The Betsy Hotel\u2019s initiatives for Art Week Miami Beach include exhibitions featuring Christo and Jeanne-Claude, Larry Fink, Art Shay, Ken Regan, David LaChapelle, Annie Leibovitz, Bob Gruen, David Godlis, Steve Dozier, Ira Wagner, Laura Paresky Gould, Tamary Kudita, Lianne Jedeikin Goldsmith, Dahlia Dreszer, Anastasia Samoylova, Ray Tenorio and LIZN\u2019BOW.\" \/>\n<meta property=\"og:url\" content=\"https:\/\/www.miamibeachfl.gov\/pt\/art-week-miami-beach\/fairs-and-partners\/the-betsy-hotel\/\" \/>\n<meta property=\"og:site_name\" content=\"City of Miami Beach\" \/>\n<meta property=\"article:publisher\" content=\"https:\/\/www.facebook.com\/cityofmiamibeach\" \/>\n<meta property=\"article:modified_time\" content=\"2025-11-14T18:16:05+00:00\" \/>\n<meta property=\"og:image\" content=\"https:\/\/www.miamibeachfl.gov\/wp-content\/uploads\/2022\/08\/HolocaustMemorial.jpg\" \/>\n\t<meta property=\"og:image:width\" content=\"600\" \/>\n\t<meta property=\"og:image:height\" content=\"479\" \/>\n\t<meta property=\"og:image:type\" content=\"image\/jpeg\" \/>\n<meta name=\"twitter:card\" content=\"summary_large_image\" \/>\n<meta name=\"twitter:site\" content=\"@Miamibeachnews\" \/>\n<script type=\"application\/ld+json\" class=\"yoast-schema-graph\">{\"@context\":\"https:\/\/schema.org\",\"@graph\":[{\"@type\":\"WebPage\",\"@id\":\"https:\/\/www.miamibeachfl.gov\/art-week-miami-beach\/fairs-and-partners\/the-betsy-hotel\/\",\"url\":\"https:\/\/www.miamibeachfl.gov\/art-week-miami-beach\/fairs-and-partners\/the-betsy-hotel\/\",\"name\":\"The Betsy Hotel - City of Miami Beach\",\"isPartOf\":{\"@id\":\"https:\/\/www.miamibeachfl.gov\/#website\"},\"primaryImageOfPage\":{\"@id\":\"https:\/\/www.miamibeachfl.gov\/art-week-miami-beach\/fairs-and-partners\/the-betsy-hotel\/#primaryimage\"},\"image\":{\"@id\":\"https:\/\/www.miamibeachfl.gov\/art-week-miami-beach\/fairs-and-partners\/the-betsy-hotel\/#primaryimage\"},\"thumbnailUrl\":\"https:\/\/www.miamibeachfl.gov\/wp-content\/uploads\/2025\/11\/ArtWeek_LOGO_DeepOcean.png\",\"datePublished\":\"2025-11-11T20:09:45+00:00\",\"dateModified\":\"2025-11-14T18:16:05+00:00\",\"description\":\"The Betsy Hotel\u2019s initiatives for Art Week Miami Beach include exhibitions featuring Christo and Jeanne-Claude, Larry Fink, Art Shay, Ken Regan, David LaChapelle, Annie Leibovitz, Bob Gruen, David Godlis, Steve Dozier, Ira Wagner, Laura Paresky Gould, Tamary Kudita, Lianne Jedeikin Goldsmith, Dahlia Dreszer, Anastasia Samoylova, Ray Tenorio and LIZN\u2019BOW.\",\"breadcrumb\":{\"@id\":\"https:\/\/www.miamibeachfl.gov\/art-week-miami-beach\/fairs-and-partners\/the-betsy-hotel\/#breadcrumb\"},\"inLanguage\":\"pt-BR\",\"potentialAction\":[{\"@type\":\"ReadAction\",\"target\":[\"https:\/\/www.miamibeachfl.gov\/art-week-miami-beach\/fairs-and-partners\/the-betsy-hotel\/\"]}]},{\"@type\":\"ImageObject\",\"inLanguage\":\"pt-BR\",\"@id\":\"https:\/\/www.miamibeachfl.gov\/art-week-miami-beach\/fairs-and-partners\/the-betsy-hotel\/#primaryimage\",\"url\":\"https:\/\/www.miamibeachfl.gov\/wp-content\/uploads\/2025\/11\/ArtWeek_LOGO_DeepOcean.png\",\"contentUrl\":\"https:\/\/www.miamibeachfl.gov\/wp-content\/uploads\/2025\/11\/ArtWeek_LOGO_DeepOcean.png\"},{\"@type\":\"BreadcrumbList\",\"@id\":\"https:\/\/www.miamibeachfl.gov\/art-week-miami-beach\/fairs-and-partners\/the-betsy-hotel\/#breadcrumb\",\"itemListElement\":[{\"@type\":\"ListItem\",\"position\":1,\"name\":\"Home\",\"item\":\"https:\/\/www.miamibeachfl.gov\/\"},{\"@type\":\"ListItem\",\"position\":2,\"name\":\"Art week Miami Beach\",\"item\":\"https:\/\/www.miamibeachfl.gov\/art-week-miami-beach\/\"},{\"@type\":\"ListItem\",\"position\":3,\"name\":\"Art week Fairs and Partners\",\"item\":\"https:\/\/www.miamibeachfl.gov\/art-week-miami-beach\/fairs-and-partners\/\"},{\"@type\":\"ListItem\",\"position\":4,\"name\":\"The Betsy Hotel\"}]},{\"@type\":\"WebSite\",\"@id\":\"https:\/\/www.miamibeachfl.gov\/#website\",\"url\":\"https:\/\/www.miamibeachfl.gov\/\",\"name\":\"City of Miami Beach\",\"description\":\"The official website of the City of Miami Beach. Stay informed, find important information on city services, news, alerts, events, trolley routes, government employment and more.\",\"publisher\":{\"@id\":\"https:\/\/www.miamibeachfl.gov\/#organization\"},\"potentialAction\":[{\"@type\":\"SearchAction\",\"target\":{\"@type\":\"EntryPoint\",\"urlTemplate\":\"https:\/\/www.miamibeachfl.gov\/?s={search_term_string}\"},\"query-input\":{\"@type\":\"PropertyValueSpecification\",\"valueRequired\":true,\"valueName\":\"search_term_string\"}}],\"inLanguage\":\"pt-BR\"},{\"@type\":\"Organization\",\"@id\":\"https:\/\/www.miamibeachfl.gov\/#organization\",\"name\":\"City of Miami Beach\",\"url\":\"https:\/\/www.miamibeachfl.gov\/\",\"logo\":{\"@type\":\"ImageObject\",\"inLanguage\":\"pt-BR\",\"@id\":\"https:\/\/www.miamibeachfl.gov\/#\/schema\/logo\/image\/\",\"url\":\"https:\/\/www.miamibeachfl.gov\/wp-content\/uploads\/2022\/06\/miamibeach-logoblue.png\",\"contentUrl\":\"https:\/\/www.miamibeachfl.gov\/wp-content\/uploads\/2022\/06\/miamibeach-logoblue.png\",\"width\":1962,\"height\":381,\"caption\":\"City of Miami Beach\"},\"image\":{\"@id\":\"https:\/\/www.miamibeachfl.gov\/#\/schema\/logo\/image\/\"},\"sameAs\":[\"https:\/\/www.facebook.com\/cityofmiamibeach\",\"https:\/\/x.com\/Miamibeachnews\",\"https:\/\/www.instagram.com\/miamibeachnews\/\"],\"description\":\"The official website of the City of Miami Beach. Stay informed, find important information on city services, news, alerts, events, trolley routes, government employment and more.\",\"telephone\":\"305.604.CITY(2489)\",\"legalName\":\"City of Miami Beach\"}]}<\/script>\n<!-- \/ Yoast SEO Premium plugin. -->","yoast_head_json":{"title":"The Betsy Hotel - City of Miami Beach","description":"The Betsy Hotel\u2019s initiatives for Art Week Miami Beach include exhibitions featuring Christo and Jeanne-Claude, Larry Fink, Art Shay, Ken Regan, David LaChapelle, Annie Leibovitz, Bob Gruen, David Godlis, Steve Dozier, Ira Wagner, Laura Paresky Gould, Tamary Kudita, Lianne Jedeikin Goldsmith, Dahlia Dreszer, Anastasia Samoylova, Ray Tenorio and LIZN\u2019BOW.","robots":{"index":"index","follow":"follow","max-snippet":"max-snippet:-1","max-image-preview":"max-image-preview:large","max-video-preview":"max-video-preview:-1"},"canonical":"https:\/\/www.miamibeachfl.gov\/pt\/art-week-miami-beach\/fairs-and-partners\/the-betsy-hotel\/","og_locale":"pt_BR","og_type":"article","og_title":"The Betsy Hotel","og_description":"The Betsy Hotel\u2019s initiatives for Art Week Miami Beach include exhibitions featuring Christo and Jeanne-Claude, Larry Fink, Art Shay, Ken Regan, David LaChapelle, Annie Leibovitz, Bob Gruen, David Godlis, Steve Dozier, Ira Wagner, Laura Paresky Gould, Tamary Kudita, Lianne Jedeikin Goldsmith, Dahlia Dreszer, Anastasia Samoylova, Ray Tenorio and LIZN\u2019BOW.","og_url":"https:\/\/www.miamibeachfl.gov\/pt\/art-week-miami-beach\/fairs-and-partners\/the-betsy-hotel\/","og_site_name":"City of Miami Beach","article_publisher":"https:\/\/www.facebook.com\/cityofmiamibeach","article_modified_time":"2025-11-14T18:16:05+00:00","og_image":[{"width":600,"height":479,"url":"https:\/\/www.miamibeachfl.gov\/wp-content\/uploads\/2022\/08\/HolocaustMemorial.jpg","type":"image\/jpeg"}],"twitter_card":"summary_large_image","twitter_site":"@Miamibeachnews","schema":{"@context":"https:\/\/schema.org","@graph":[{"@type":"WebPage","@id":"https:\/\/www.miamibeachfl.gov\/art-week-miami-beach\/fairs-and-partners\/the-betsy-hotel\/","url":"https:\/\/www.miamibeachfl.gov\/art-week-miami-beach\/fairs-and-partners\/the-betsy-hotel\/","name":"The Betsy Hotel - City of Miami Beach","isPartOf":{"@id":"https:\/\/www.miamibeachfl.gov\/#website"},"primaryImageOfPage":{"@id":"https:\/\/www.miamibeachfl.gov\/art-week-miami-beach\/fairs-and-partners\/the-betsy-hotel\/#primaryimage"},"image":{"@id":"https:\/\/www.miamibeachfl.gov\/art-week-miami-beach\/fairs-and-partners\/the-betsy-hotel\/#primaryimage"},"thumbnailUrl":"https:\/\/www.miamibeachfl.gov\/wp-content\/uploads\/2025\/11\/ArtWeek_LOGO_DeepOcean.png","datePublished":"2025-11-11T20:09:45+00:00","dateModified":"2025-11-14T18:16:05+00:00","description":"The Betsy Hotel\u2019s initiatives for Art Week Miami Beach include exhibitions featuring Christo and Jeanne-Claude, Larry Fink, Art Shay, Ken Regan, David LaChapelle, Annie Leibovitz, Bob Gruen, David Godlis, Steve Dozier, Ira Wagner, Laura Paresky Gould, Tamary Kudita, Lianne Jedeikin Goldsmith, Dahlia Dreszer, Anastasia Samoylova, Ray Tenorio and LIZN\u2019BOW.","breadcrumb":{"@id":"https:\/\/www.miamibeachfl.gov\/art-week-miami-beach\/fairs-and-partners\/the-betsy-hotel\/#breadcrumb"},"inLanguage":"pt-BR","potentialAction":[{"@type":"ReadAction","target":["https:\/\/www.miamibeachfl.gov\/art-week-miami-beach\/fairs-and-partners\/the-betsy-hotel\/"]}]},{"@type":"ImageObject","inLanguage":"pt-BR","@id":"https:\/\/www.miamibeachfl.gov\/art-week-miami-beach\/fairs-and-partners\/the-betsy-hotel\/#primaryimage","url":"https:\/\/www.miamibeachfl.gov\/wp-content\/uploads\/2025\/11\/ArtWeek_LOGO_DeepOcean.png","contentUrl":"https:\/\/www.miamibeachfl.gov\/wp-content\/uploads\/2025\/11\/ArtWeek_LOGO_DeepOcean.png"},{"@type":"BreadcrumbList","@id":"https:\/\/www.miamibeachfl.gov\/art-week-miami-beach\/fairs-and-partners\/the-betsy-hotel\/#breadcrumb","itemListElement":[{"@type":"ListItem","position":1,"name":"Home","item":"https:\/\/www.miamibeachfl.gov\/"},{"@type":"ListItem","position":2,"name":"Art week Miami Beach","item":"https:\/\/www.miamibeachfl.gov\/art-week-miami-beach\/"},{"@type":"ListItem","position":3,"name":"Art week Fairs and Partners","item":"https:\/\/www.miamibeachfl.gov\/art-week-miami-beach\/fairs-and-partners\/"},{"@type":"ListItem","position":4,"name":"The Betsy Hotel"}]},{"@type":"WebSite","@id":"https:\/\/www.miamibeachfl.gov\/#website","url":"https:\/\/www.miamibeachfl.gov\/","name":"Cidade de Miami Beach","description":"Site oficial da cidade de Miami Beach. Mantenha-se informado e encontre informa\u00e7\u00f5es importantes sobre servi\u00e7os municipais, not\u00edcias, alertas, eventos, rotas de bonde, empregos p\u00fablicos e muito mais.","publisher":{"@id":"https:\/\/www.miamibeachfl.gov\/#organization"},"potentialAction":[{"@type":"SearchAction","target":{"@type":"EntryPoint","urlTemplate":"https:\/\/www.miamibeachfl.gov\/?s={search_term_string}"},"query-input":{"@type":"PropertyValueSpecification","valueRequired":true,"valueName":"search_term_string"}}],"inLanguage":"pt-BR"},{"@type":"Organization","@id":"https:\/\/www.miamibeachfl.gov\/#organization","name":"Cidade de Miami Beach","url":"https:\/\/www.miamibeachfl.gov\/","logo":{"@type":"ImageObject","inLanguage":"pt-BR","@id":"https:\/\/www.miamibeachfl.gov\/#\/schema\/logo\/image\/","url":"https:\/\/www.miamibeachfl.gov\/wp-content\/uploads\/2022\/06\/miamibeach-logoblue.png","contentUrl":"https:\/\/www.miamibeachfl.gov\/wp-content\/uploads\/2022\/06\/miamibeach-logoblue.png","width":1962,"height":381,"caption":"City of Miami Beach"},"image":{"@id":"https:\/\/www.miamibeachfl.gov\/#\/schema\/logo\/image\/"},"sameAs":["https:\/\/www.facebook.com\/cityofmiamibeach","https:\/\/x.com\/Miamibeachnews","https:\/\/www.instagram.com\/miamibeachnews\/"],"description":"Site oficial da cidade de Miami Beach. Mantenha-se informado e encontre informa\u00e7\u00f5es importantes sobre servi\u00e7os municipais, not\u00edcias, alertas, eventos, rotas de bonde, empregos p\u00fablicos e muito mais.","telephone":"305.604.CITY(2489)","legalName":"City of Miami Beach"}]}},"_links":{"self":[{"href":"https:\/\/www.miamibeachfl.gov\/pt\/wp-json\/wp\/v2\/pages\/391669","targetHints":{"allow":["GET"]}}],"collection":[{"href":"https:\/\/www.miamibeachfl.gov\/pt\/wp-json\/wp\/v2\/pages"}],"about":[{"href":"https:\/\/www.miamibeachfl.gov\/pt\/wp-json\/wp\/v2\/types\/page"}],"author":[{"embeddable":true,"href":"https:\/\/www.miamibeachfl.gov\/pt\/wp-json\/wp\/v2\/users\/222"}],"replies":[{"embeddable":true,"href":"https:\/\/www.miamibeachfl.gov\/pt\/wp-json\/wp\/v2\/comments?post=391669"}],"version-history":[{"count":0,"href":"https:\/\/www.miamibeachfl.gov\/pt\/wp-json\/wp\/v2\/pages\/391669\/revisions"}],"up":[{"embeddable":true,"href":"https:\/\/www.miamibeachfl.gov\/pt\/wp-json\/wp\/v2\/pages\/391234"}],"wp:attachment":[{"href":"https:\/\/www.miamibeachfl.gov\/pt\/wp-json\/wp\/v2\/media?parent=391669"}],"wp:term":[{"taxonomy":"category","embeddable":true,"href":"https:\/\/www.miamibeachfl.gov\/pt\/wp-json\/wp\/v2\/categories?post=391669"},{"taxonomy":"post_tag","embeddable":true,"href":"https:\/\/www.miamibeachfl.gov\/pt\/wp-json\/wp\/v2\/tags?post=391669"}],"curies":[{"name":"wp","href":"https:\/\/api.w.org\/{rel}","templated":true}]}}