{"id":397746,"date":"2026-03-27T16:42:10","date_gmt":"2026-03-27T20:42:10","guid":{"rendered":"https:\/\/www.miamibeachfl.gov\/?page_id=397746"},"modified":"2026-04-17T16:32:34","modified_gmt":"2026-04-17T20:32:34","slug":"miami-beach-text-message-services","status":"publish","type":"page","link":"https:\/\/www.miamibeachfl.gov\/pt\/miami-beach-text-message-services\/","title":{"rendered":"Servi\u00e7os de mensagens de texto em Miami Beach"},"content":{"rendered":"<h1>\n\t\t\tServi\u00e7os de mensagens de texto em Miami Beach\t<\/h1>\n\t<p><strong>Miami Beach oferece alertas por SMS para atualiza\u00e7\u00f5es de tr\u00e2nsito e emerg\u00eancias, notifica\u00e7\u00f5es de reboque, informa\u00e7\u00f5es sobre parques e inspe\u00e7\u00f5es prediais, tornando a comunica\u00e7\u00e3o di\u00e1ria na cidade mais r\u00e1pida e pr\u00e1tica.<\/strong><\/p>\n\t\t<h3>Alerta MB<\/h3>\t\t\t\n<h3>\n\t\t\tEmergency &#038; Traffic Notifications\t<\/h3>\n\t<p>MB Alert is the City of Miami Beach&#8217;s official emergency text notification system, ensuring the community receives timely, critical information directly on their phones.<\/p>\n<p>Texto\u00a0<strong>&#8220;MBALERT&#8221;<\/strong>\u00a0para\u00a0<strong>888777<\/strong>\u00a0para se inscrever e receber atualiza\u00e7\u00f5es de tr\u00e2nsito e notifica\u00e7\u00f5es de seguran\u00e7a p\u00fablica da cidade de Miami Beach diretamente no seu telefone.<\/p>\n\t\t<h3>Park &#038; Recreation Text Updates<\/h3>\t\t\t\n<h3>\n\t\t\tProgram, Facility &#038; Event Notifications\t<\/h3>\n\t<p>O Departamento de Parques e Recrea\u00e7\u00e3o de Miami Beach oferece alertas por SMS para atualiza\u00e7\u00f5es de programas, fechamento de instala\u00e7\u00f5es e eventos especiais. Para come\u00e7ar a receber mensagens, acesse [link para a conta].\u00a0<a href=\"http:\/\/register.miamibeachparks.com\/\"><strong>register.miamibeachparks.com<\/strong><\/a>\u00a0and select &#8220;Opt\u2011in for Text Alerts&#8221; under your profile name.<\/p>\n\t\t<h3>Alerta de reboque<\/h3>\t\t\t\n<h3>\n\t\t\tText Before Tow &#8211; Parking Warning Texts\t<\/h3>\n\t<p>Registered Miami Beach residents receive a 15\u2011minute grace period with real\u2011time tow alerts. If you already have a Miami Beach residential parking permit or are enrolled in a parking program, you&#8217;re automatically included and will begin receiving texts.<\/p>\n<p>Nem todas as infra\u00e7\u00f5es resultam em advert\u00eancia. Ve\u00edculos estacionados em faixa de tr\u00e2nsito, zona proibida para estacionar, vaga reservada para deficientes sem autoriza\u00e7\u00e3o ou zona de carga e descarga podem ser rebocados imediatamente.<\/p>\n<p><strong>Cadastre-se para obter uma autoriza\u00e7\u00e3o de estacionamento residencial:<\/strong><\/p>\n<p>Online: visitando\u00a0<a href=\"http:\/\/register.miamibeachparking.com\/\"><strong>register.miamibeachparking.com.<\/strong><\/a><\/p>\n<p>Presencialmente: no\u00a0<a href=\"https:\/\/www.miamibeachfl.gov\/pt\/city-hall\/customer-service-center\/\"><strong>Centro de Atendimento ao Cliente de Miami Beach<\/strong><\/a>\u00a0(1755 Meridian Ave, 1\u00ba andar) com documento de identidade com foto, registro do ve\u00edculo e comprovante de resid\u00eancia.<\/p>\n\t\t<h3>Notifica\u00e7\u00f5es do Departamento de Constru\u00e7\u00e3o<\/h3>\t\t\t\n<h3>\n\t\t\tNotifica\u00e7\u00f5es de Rota de Inspe\u00e7\u00e3o\t<\/h3>\n\t<p>Keep track of your building inspection route with optional text alerts. When you opt in, you&#8217;ll get timely updates on your inspection status, including a confirmation notice sent the morning of the inspection as well as a route update when the inspector has only a few stops left before arriving at your location.<\/p>\n<p>Como participar:<\/p>\n<p><a href=\"https:\/\/energovcss.miamibeachfl.gov\/EnerGovProd\/SelfService#\/home\"><strong>Clique aqui para agendar sua inspe\u00e7\u00e3o atrav\u00e9s do Portal de Acesso C\u00edvico.<\/strong><\/a><\/p>\n<p>Selecione a op\u00e7\u00e3o para receber notifica\u00e7\u00f5es por SMS sobre inspe\u00e7\u00f5es prediais.<\/p>\n<p>Inclua o n\u00famero de celular do contato no local.<\/p>\n<p><a href=\"https:\/\/www.miamibeachfl.gov\/pt\/city-hall\/building\/inspections\/inspections-text-messaging\/\"><strong>Saiba mais sobre as notifica\u00e7\u00f5es do Departamento de Constru\u00e7\u00e3o.<\/strong><\/a><\/p>","protected":false},"excerpt":{"rendered":"<p>Miami Beach Text Message Services Miami Beach offers SMS alerts for traffic and emergency updates, towing notifications, parks updates and [&hellip;]<\/p>\n","protected":false},"author":329,"featured_media":0,"parent":0,"menu_order":40,"comment_status":"closed","ping_status":"closed","template":"","meta":{"_searchwp_excluded":"","site-sidebar-layout":"default","site-content-layout":"","ast-site-content-layout":"default","site-content-style":"default","site-sidebar-style":"default","ast-global-header-display":"","ast-banner-title-visibility":"","ast-main-header-display":"","ast-hfb-above-header-display":"","ast-hfb-below-header-display":"","ast-hfb-mobile-header-display":"","site-post-title":"","ast-breadcrumbs-content":"","ast-featured-img":"","footer-sml-layout":"","theme-transparent-header-meta":"","adv-header-id-meta":"","stick-header-meta":"","header-above-stick-meta":"","header-main-stick-meta":"","header-below-stick-meta":"","astra-migrate-meta-layouts":"default","ast-page-background-enabled":"default","ast-page-background-meta":{"desktop":{"background-color":"var(--ast-global-color-5)","background-image":"","background-repeat":"repeat","background-position":"center center","background-size":"auto","background-attachment":"scroll","background-type":"","background-media":"","overlay-type":"","overlay-color":"","overlay-opacity":"","overlay-gradient":""},"tablet":{"background-color":"","background-image":"","background-repeat":"repeat","background-position":"center center","background-size":"auto","background-attachment":"scroll","background-type":"","background-media":"","overlay-type":"","overlay-color":"","overlay-opacity":"","overlay-gradient":""},"mobile":{"background-color":"","background-image":"","background-repeat":"repeat","background-position":"center center","background-size":"auto","background-attachment":"scroll","background-type":"","background-media":"","overlay-type":"","overlay-color":"","overlay-opacity":"","overlay-gradient":""}},"ast-content-background-meta":{"desktop":{"background-color":"var(--ast-global-color-4)","background-image":"","background-repeat":"repeat","background-position":"center center","background-size":"auto","background-attachment":"scroll","background-type":"","background-media":"","overlay-type":"","overlay-color":"","overlay-opacity":"","overlay-gradient":""},"tablet":{"background-color":"var(--ast-global-color-4)","background-image":"","background-repeat":"repeat","background-position":"center center","background-size":"auto","background-attachment":"scroll","background-type":"","background-media":"","overlay-type":"","overlay-color":"","overlay-opacity":"","overlay-gradient":""},"mobile":{"background-color":"var(--ast-global-color-4)","background-image":"","background-repeat":"repeat","background-position":"center center","background-size":"auto","background-attachment":"scroll","background-type":"","background-media":"","overlay-type":"","overlay-color":"","overlay-opacity":"","overlay-gradient":""}},"footnotes":""},"categories":[],"tags":[],"class_list":["post-397746","page","type-page","status-publish","hentry"],"yoast_head":"<!-- This site is optimized with the Yoast SEO Premium plugin v26.6 (Yoast SEO v26.6) - https:\/\/yoast.com\/wordpress\/plugins\/seo\/ -->\n<title>Miami Beach Text Message Services - City of Miami Beach<\/title>\n<meta name=\"description\" content=\"Miami Beach offers SMS alerts for traffic and emergency updates, towing notifications, parks updates and building inspections to make daily city communication faster and more convenient.\" \/>\n<meta name=\"robots\" content=\"index, follow, max-snippet:-1, max-image-preview:large, max-video-preview:-1\" \/>\n<link rel=\"canonical\" href=\"https:\/\/www.miamibeachfl.gov\/pt\/miami-beach-text-message-services\/\" \/>\n<meta property=\"og:locale\" content=\"pt_BR\" \/>\n<meta property=\"og:type\" content=\"article\" \/>\n<meta property=\"og:title\" content=\"Miami Beach Text Message Services\" \/>\n<meta property=\"og:description\" content=\"Miami Beach offers SMS alerts for traffic and emergency updates, towing notifications, parks updates and building inspections to make daily city communication faster and more convenient.\" \/>\n<meta property=\"og:url\" content=\"https:\/\/www.miamibeachfl.gov\/pt\/miami-beach-text-message-services\/\" \/>\n<meta property=\"og:site_name\" content=\"City of Miami Beach\" \/>\n<meta property=\"article:publisher\" content=\"https:\/\/www.facebook.com\/cityofmiamibeach\" \/>\n<meta property=\"article:modified_time\" content=\"2026-04-17T20:32:34+00:00\" \/>\n<meta property=\"og:image\" content=\"https:\/\/www.miamibeachfl.gov\/wp-content\/uploads\/2023\/11\/MBeGov.png\" \/>\n\t<meta property=\"og:image:width\" content=\"192\" \/>\n\t<meta property=\"og:image:height\" content=\"192\" \/>\n\t<meta property=\"og:image:type\" content=\"image\/png\" \/>\n<meta name=\"twitter:card\" content=\"summary_large_image\" \/>\n<meta name=\"twitter:site\" content=\"@Miamibeachnews\" \/>\n<script type=\"application\/ld+json\" class=\"yoast-schema-graph\">{\"@context\":\"https:\/\/schema.org\",\"@graph\":[{\"@type\":\"WebPage\",\"@id\":\"https:\/\/www.miamibeachfl.gov\/miami-beach-text-message-services\/\",\"url\":\"https:\/\/www.miamibeachfl.gov\/miami-beach-text-message-services\/\",\"name\":\"Miami Beach Text Message Services - City of Miami Beach\",\"isPartOf\":{\"@id\":\"https:\/\/www.miamibeachfl.gov\/#website\"},\"datePublished\":\"2026-03-27T20:42:10+00:00\",\"dateModified\":\"2026-04-17T20:32:34+00:00\",\"description\":\"Miami Beach offers SMS alerts for traffic and emergency updates, towing notifications, parks updates and building inspections to make daily city communication faster and more convenient.\",\"breadcrumb\":{\"@id\":\"https:\/\/www.miamibeachfl.gov\/miami-beach-text-message-services\/#breadcrumb\"},\"inLanguage\":\"pt-BR\",\"potentialAction\":[{\"@type\":\"ReadAction\",\"target\":[\"https:\/\/www.miamibeachfl.gov\/miami-beach-text-message-services\/\"]}]},{\"@type\":\"BreadcrumbList\",\"@id\":\"https:\/\/www.miamibeachfl.gov\/miami-beach-text-message-services\/#breadcrumb\",\"itemListElement\":[{\"@type\":\"ListItem\",\"position\":1,\"name\":\"Home\",\"item\":\"https:\/\/www.miamibeachfl.gov\/\"},{\"@type\":\"ListItem\",\"position\":2,\"name\":\"Miami Beach Text Message Services\"}]},{\"@type\":\"WebSite\",\"@id\":\"https:\/\/www.miamibeachfl.gov\/#website\",\"url\":\"https:\/\/www.miamibeachfl.gov\/\",\"name\":\"City of Miami Beach\",\"description\":\"The official website of the City of Miami Beach. Stay informed, find important information on city services, news, alerts, events, trolley routes, government employment and more.\",\"publisher\":{\"@id\":\"https:\/\/www.miamibeachfl.gov\/#organization\"},\"potentialAction\":[{\"@type\":\"SearchAction\",\"target\":{\"@type\":\"EntryPoint\",\"urlTemplate\":\"https:\/\/www.miamibeachfl.gov\/?s={search_term_string}\"},\"query-input\":{\"@type\":\"PropertyValueSpecification\",\"valueRequired\":true,\"valueName\":\"search_term_string\"}}],\"inLanguage\":\"pt-BR\"},{\"@type\":\"Organization\",\"@id\":\"https:\/\/www.miamibeachfl.gov\/#organization\",\"name\":\"City of Miami Beach\",\"url\":\"https:\/\/www.miamibeachfl.gov\/\",\"logo\":{\"@type\":\"ImageObject\",\"inLanguage\":\"pt-BR\",\"@id\":\"https:\/\/www.miamibeachfl.gov\/#\/schema\/logo\/image\/\",\"url\":\"https:\/\/www.miamibeachfl.gov\/wp-content\/uploads\/2022\/06\/miamibeach-logoblue.png\",\"contentUrl\":\"https:\/\/www.miamibeachfl.gov\/wp-content\/uploads\/2022\/06\/miamibeach-logoblue.png\",\"width\":1962,\"height\":381,\"caption\":\"City of Miami Beach\"},\"image\":{\"@id\":\"https:\/\/www.miamibeachfl.gov\/#\/schema\/logo\/image\/\"},\"sameAs\":[\"https:\/\/www.facebook.com\/cityofmiamibeach\",\"https:\/\/x.com\/Miamibeachnews\",\"https:\/\/www.instagram.com\/miamibeachnews\/\"],\"description\":\"The official website of the City of Miami Beach. Stay informed, find important information on city services, news, alerts, events, trolley routes, government employment and more.\",\"telephone\":\"305.604.CITY(2489)\",\"legalName\":\"City of Miami Beach\"}]}<\/script>\n<!-- \/ Yoast SEO Premium plugin. -->","yoast_head_json":{"title":"Miami Beach Text Message Services - City of Miami Beach","description":"Miami Beach oferece alertas por SMS para atualiza\u00e7\u00f5es de tr\u00e2nsito e emerg\u00eancias, notifica\u00e7\u00f5es de reboque, informa\u00e7\u00f5es sobre parques e inspe\u00e7\u00f5es prediais, tornando a comunica\u00e7\u00e3o di\u00e1ria na cidade mais r\u00e1pida e pr\u00e1tica.","robots":{"index":"index","follow":"follow","max-snippet":"max-snippet:-1","max-image-preview":"max-image-preview:large","max-video-preview":"max-video-preview:-1"},"canonical":"https:\/\/www.miamibeachfl.gov\/pt\/miami-beach-text-message-services\/","og_locale":"pt_BR","og_type":"article","og_title":"Miami Beach Text Message Services","og_description":"Miami Beach offers SMS alerts for traffic and emergency updates, towing notifications, parks updates and building inspections to make daily city communication faster and more convenient.","og_url":"https:\/\/www.miamibeachfl.gov\/pt\/miami-beach-text-message-services\/","og_site_name":"City of Miami Beach","article_publisher":"https:\/\/www.facebook.com\/cityofmiamibeach","article_modified_time":"2026-04-17T20:32:34+00:00","og_image":[{"width":192,"height":192,"url":"https:\/\/www.miamibeachfl.gov\/wp-content\/uploads\/2023\/11\/MBeGov.png","type":"image\/png"}],"twitter_card":"summary_large_image","twitter_site":"@Miamibeachnews","schema":{"@context":"https:\/\/schema.org","@graph":[{"@type":"WebPage","@id":"https:\/\/www.miamibeachfl.gov\/miami-beach-text-message-services\/","url":"https:\/\/www.miamibeachfl.gov\/miami-beach-text-message-services\/","name":"Miami Beach Text Message Services - City of Miami Beach","isPartOf":{"@id":"https:\/\/www.miamibeachfl.gov\/#website"},"datePublished":"2026-03-27T20:42:10+00:00","dateModified":"2026-04-17T20:32:34+00:00","description":"Miami Beach oferece alertas por SMS para atualiza\u00e7\u00f5es de tr\u00e2nsito e emerg\u00eancias, notifica\u00e7\u00f5es de reboque, informa\u00e7\u00f5es sobre parques e inspe\u00e7\u00f5es prediais, tornando a comunica\u00e7\u00e3o di\u00e1ria na cidade mais r\u00e1pida e pr\u00e1tica.","breadcrumb":{"@id":"https:\/\/www.miamibeachfl.gov\/miami-beach-text-message-services\/#breadcrumb"},"inLanguage":"pt-BR","potentialAction":[{"@type":"ReadAction","target":["https:\/\/www.miamibeachfl.gov\/miami-beach-text-message-services\/"]}]},{"@type":"BreadcrumbList","@id":"https:\/\/www.miamibeachfl.gov\/miami-beach-text-message-services\/#breadcrumb","itemListElement":[{"@type":"ListItem","position":1,"name":"Home","item":"https:\/\/www.miamibeachfl.gov\/"},{"@type":"ListItem","position":2,"name":"Miami Beach Text Message Services"}]},{"@type":"WebSite","@id":"https:\/\/www.miamibeachfl.gov\/#website","url":"https:\/\/www.miamibeachfl.gov\/","name":"Cidade de Miami Beach","description":"Site oficial da cidade de Miami Beach. Mantenha-se informado e encontre informa\u00e7\u00f5es importantes sobre servi\u00e7os municipais, not\u00edcias, alertas, eventos, rotas de bonde, empregos p\u00fablicos e muito mais.","publisher":{"@id":"https:\/\/www.miamibeachfl.gov\/#organization"},"potentialAction":[{"@type":"SearchAction","target":{"@type":"EntryPoint","urlTemplate":"https:\/\/www.miamibeachfl.gov\/?s={search_term_string}"},"query-input":{"@type":"PropertyValueSpecification","valueRequired":true,"valueName":"search_term_string"}}],"inLanguage":"pt-BR"},{"@type":"Organization","@id":"https:\/\/www.miamibeachfl.gov\/#organization","name":"Cidade de Miami Beach","url":"https:\/\/www.miamibeachfl.gov\/","logo":{"@type":"ImageObject","inLanguage":"pt-BR","@id":"https:\/\/www.miamibeachfl.gov\/#\/schema\/logo\/image\/","url":"https:\/\/www.miamibeachfl.gov\/wp-content\/uploads\/2022\/06\/miamibeach-logoblue.png","contentUrl":"https:\/\/www.miamibeachfl.gov\/wp-content\/uploads\/2022\/06\/miamibeach-logoblue.png","width":1962,"height":381,"caption":"City of Miami Beach"},"image":{"@id":"https:\/\/www.miamibeachfl.gov\/#\/schema\/logo\/image\/"},"sameAs":["https:\/\/www.facebook.com\/cityofmiamibeach","https:\/\/x.com\/Miamibeachnews","https:\/\/www.instagram.com\/miamibeachnews\/"],"description":"Site oficial da cidade de Miami Beach. Mantenha-se informado e encontre informa\u00e7\u00f5es importantes sobre servi\u00e7os municipais, not\u00edcias, alertas, eventos, rotas de bonde, empregos p\u00fablicos e muito mais.","telephone":"305.604.CITY(2489)","legalName":"City of Miami Beach"}]}},"_links":{"self":[{"href":"https:\/\/www.miamibeachfl.gov\/pt\/wp-json\/wp\/v2\/pages\/397746","targetHints":{"allow":["GET"]}}],"collection":[{"href":"https:\/\/www.miamibeachfl.gov\/pt\/wp-json\/wp\/v2\/pages"}],"about":[{"href":"https:\/\/www.miamibeachfl.gov\/pt\/wp-json\/wp\/v2\/types\/page"}],"author":[{"embeddable":true,"href":"https:\/\/www.miamibeachfl.gov\/pt\/wp-json\/wp\/v2\/users\/329"}],"replies":[{"embeddable":true,"href":"https:\/\/www.miamibeachfl.gov\/pt\/wp-json\/wp\/v2\/comments?post=397746"}],"version-history":[{"count":17,"href":"https:\/\/www.miamibeachfl.gov\/pt\/wp-json\/wp\/v2\/pages\/397746\/revisions"}],"predecessor-version":[{"id":399082,"href":"https:\/\/www.miamibeachfl.gov\/pt\/wp-json\/wp\/v2\/pages\/397746\/revisions\/399082"}],"wp:attachment":[{"href":"https:\/\/www.miamibeachfl.gov\/pt\/wp-json\/wp\/v2\/media?parent=397746"}],"wp:term":[{"taxonomy":"category","embeddable":true,"href":"https:\/\/www.miamibeachfl.gov\/pt\/wp-json\/wp\/v2\/categories?post=397746"},{"taxonomy":"post_tag","embeddable":true,"href":"https:\/\/www.miamibeachfl.gov\/pt\/wp-json\/wp\/v2\/tags?post=397746"}],"curies":[{"name":"wp","href":"https:\/\/api.w.org\/{rel}","templated":true}]}}