{"id":398045,"date":"2026-03-30T15:36:24","date_gmt":"2026-03-30T19:36:24","guid":{"rendered":"https:\/\/www.miamibeachfl.gov\/?page_id=398045"},"modified":"2026-03-30T15:37:18","modified_gmt":"2026-03-30T19:37:18","slug":"providing-notification-of-traffic-or-parking-citations","status":"publish","type":"page","link":"https:\/\/www.miamibeachfl.gov\/pt\/city-hall\/human-resources\/employee-labor-relations\/policy-directory\/providing-notification-of-traffic-or-parking-citations\/","title":{"rendered":"Fornecer notifica\u00e7\u00e3o de multas de tr\u00e2nsito ou estacionamento."},"content":{"rendered":"<img decoding=\"async\" src=\"https:\/\/www.miamibeachfl.gov\/wp-content\/uploads\/2022\/07\/hero-small.jpg\" alt=\"ocean drive art deco buildings\" itemprop=\"image\" height=\"211\" width=\"2395\" title=\"her\u00f3i-pequeno\" onerror=\"this.style.display='none'\" loading=\"lazy\" \/>\n<h1>\n\t\t\tFornecer notifica\u00e7\u00e3o de multas de tr\u00e2nsito ou estacionamento.\t<\/h1>\n\t<nav id=\"breadcrumbs\" aria-label=\"Migalhas de p\u00e3o\"><a href=\"https:\/\/www.miamibeachfl.gov\/pt\/\">Lar<\/a> &gt; <a href=\"https:\/\/www.miamibeachfl.gov\/pt\/city-hall\/\">Prefeitura<\/a> &gt; <a href=\"https:\/\/www.miamibeachfl.gov\/pt\/city-hall\/human-resources\/\">Recursos Humanos<\/a> &gt; <a href=\"https:\/\/www.miamibeachfl.gov\/pt\/city-hall\/human-resources\/employee-labor-relations\/\">Rela\u00e7\u00f5es Trabalhistas e de Empregados<\/a> &gt; <a href=\"https:\/\/www.miamibeachfl.gov\/pt\/city-hall\/human-resources\/employee-labor-relations\/policy-directory\/\">Diret\u00f3rio de Pol\u00edticas<\/a> &gt; <strong>Fornecer notifica\u00e7\u00e3o de multas de tr\u00e2nsito ou estacionamento.<\/strong><\/nav>\n\t<h2>POL\u00cdTICA:<\/h2>\n<p>In accordance with the City Manager&#8217;s directive, City employees who receive a uniform traffic citation and\/or parking citation, on or off-duty, by either an officer of the City&#8217;s parking enforcement unit or police department must provide written notification to their Department Director or to the Employee and Labor Relations division of HR, no later than 72 hours after issuance.<\/p>\n<p>Os funcion\u00e1rios podem se apresentar pessoalmente ou por e-mail para <a href=\"mailto:ELR@miamibeachfl.gov\">ELR@miamibeachfl.gov<\/a>, com as seguintes informa\u00e7\u00f5es:<\/p>\n<ul>\n<li>Nome do funcion\u00e1rio<\/li>\n<li>Classifica\u00e7\u00e3o<\/li>\n<li>Departamento\/Divis\u00e3o onde voc\u00ea trabalha<\/li>\n<li>N\u00famero de telefone e\/ou endere\u00e7o de e-mail para contato.<\/li>\n<li>N\u00famero da cita\u00e7\u00e3o<\/li>\n<li>Data da cita\u00e7\u00e3o<\/li>\n<li>Nome da pessoa que emitiu a cita\u00e7\u00e3o; e<\/li>\n<li>Motivo da cita\u00e7\u00e3o<\/li>\n<\/ul>\n<p>Os funcion\u00e1rios municipais que violarem esta pol\u00edtica estar\u00e3o sujeitos a medidas disciplinares progressivas, podendo chegar \u00e0 rescis\u00e3o do seu contrato de trabalho com a Prefeitura.<\/p>\n\t\tNavegar para\u2026\t\t\t\n\t\t\t\t\t<ul id=\"menu-hr-policy-directory\"><li id=\"menu-item-363145\"><a href=\"\/pt\/city-hall\/human-resources\/employee-labor-relations\/policy-directory\/americans-with-disabilities-act-compliance\/\">Conformidade com a ADA<\/a><\/li>\n<li id=\"menu-item-363146\"><a href=\"\/pt\/city-hall\/human-resources\/employee-labor-relations\/policy-directory\/ada-grievance-procedure\/\">Procedimento de Reclama\u00e7\u00e3o da ADA<\/a><\/li>\n<li id=\"menu-item-363147\"><a href=\"\/pt\/city-hall\/human-resources\/employee-labor-relations\/policy-directory\/attendance\/\">Pol\u00edticas de Presen\u00e7a<\/a><\/li>\n<li id=\"menu-item-363148\"><a href=\"\/pt\/city-hall\/human-resources\/employee-labor-relations\/policy-directory\/city-vehicles-and-equipment\/\">Ve\u00edculos e Equipamentos da Cidade<\/a><\/li>\n<li id=\"menu-item-363149\"><a href=\"\/pt\/city-hall\/human-resources\/employee-labor-relations\/policy-directory\/discrimination-complaint-procedure\/\">Procedimento de Reclama\u00e7\u00e3o de Discrimina\u00e7\u00e3o<\/a><\/li>\n<li id=\"menu-item-363150\"><a href=\"\/pt\/city-hall\/human-resources\/employee-labor-relations\/policy-directory\/diversity-management-sexual-harassment-awareness\/\">Gest\u00e3o da Diversidade Conscientiza\u00e7\u00e3o sobre Ass\u00e9dio Sexual<\/a><\/li>\n<li id=\"menu-item-363151\"><a href=\"\/pt\/city-hall\/human-resources\/employee-labor-relations\/policy-directory\/drug-and-alcohol-misuse-prevention\/\">Preven\u00e7\u00e3o do abuso de drogas e \u00e1lcool<\/a><\/li>\n<li id=\"menu-item-363152\"><a href=\"\/pt\/city-hall\/human-resources\/employee-labor-relations\/policy-directory\/drug-free-awareness-program\/\">Programa de Conscientiza\u00e7\u00e3o sobre a Elimina\u00e7\u00e3o de Drogas<\/a><\/li>\n<li id=\"menu-item-363153\"><a href=\"\/pt\/city-hall\/human-resources\/employee-labor-relations\/policy-directory\/family-and-medical-leave\/\">Licen\u00e7a Familiar e M\u00e9dica<\/a><\/li>\n<li id=\"menu-item-363154\"><a href=\"\/pt\/city-hall\/human-resources\/employee-labor-relations\/policy-directory\/smoke-free-workplace\/\">Local de trabalho livre de fumo<\/a><\/li>\n<li id=\"menu-item-363155\"><a href=\"\/pt\/city-hall\/human-resources\/employee-labor-relations\/policy-directory\/work-rules\/\">Regras de Trabalho<\/a><\/li>\n<li id=\"menu-item-363156\"><a href=\"\/pt\/city-hall\/human-resources\/employee-labor-relations\/policy-directory\/workers-compensation-guidelines\/\">Diretrizes de Compensa\u00e7\u00e3o Trabalhista<\/a><\/li>\n<\/ul>\t\n\t<div class=\"page-navigation\"><a class=\"prev-page\" href=\"https:\/\/www.miamibeachfl.gov\/pt\/city-hall\/human-resources\/employee-labor-relations\/policy-directory\/prevention-of-workplace-violence\/\">\u2190 Preven\u00e7\u00e3o da viol\u00eancia no local de trabalho<\/a> <a class=\"next-page\" href=\"https:\/\/www.miamibeachfl.gov\/pt\/city-hall\/city-clerk\/rrtklinksdecember112024-february52026\/\">Links RRTK de 11 de dezembro de 2024 a 5 de fevereiro de 2026 \u2192<\/a><\/div>","protected":false},"excerpt":{"rendered":"<p>Providing Notification of Traffic or Parking Citations Home &gt; City Hall &gt; Human Resources &gt; Employee &amp; Labor Relations &gt; [&hellip;]<\/p>\n","protected":false},"author":222,"featured_media":0,"parent":28713,"menu_order":0,"comment_status":"closed","ping_status":"closed","template":"","meta":{"_searchwp_excluded":"","site-sidebar-layout":"default","site-content-layout":"","ast-site-content-layout":"default","site-content-style":"default","site-sidebar-style":"default","ast-global-header-display":"","ast-banner-title-visibility":"","ast-main-header-display":"","ast-hfb-above-header-display":"","ast-hfb-below-header-display":"","ast-hfb-mobile-header-display":"","site-post-title":"","ast-breadcrumbs-content":"","ast-featured-img":"","footer-sml-layout":"","theme-transparent-header-meta":"","adv-header-id-meta":"","stick-header-meta":"","header-above-stick-meta":"","header-main-stick-meta":"","header-below-stick-meta":"","astra-migrate-meta-layouts":"default","ast-page-background-enabled":"default","ast-page-background-meta":{"desktop":{"background-color":"var(--ast-global-color-5)","background-image":"","background-repeat":"repeat","background-position":"center center","background-size":"auto","background-attachment":"scroll","background-type":"","background-media":"","overlay-type":"","overlay-color":"","overlay-opacity":"","overlay-gradient":""},"tablet":{"background-color":"","background-image":"","background-repeat":"repeat","background-position":"center center","background-size":"auto","background-attachment":"scroll","background-type":"","background-media":"","overlay-type":"","overlay-color":"","overlay-opacity":"","overlay-gradient":""},"mobile":{"background-color":"","background-image":"","background-repeat":"repeat","background-position":"center center","background-size":"auto","background-attachment":"scroll","background-type":"","background-media":"","overlay-type":"","overlay-color":"","overlay-opacity":"","overlay-gradient":""}},"ast-content-background-meta":{"desktop":{"background-color":"var(--ast-global-color-4)","background-image":"","background-repeat":"repeat","background-position":"center center","background-size":"auto","background-attachment":"scroll","background-type":"","background-media":"","overlay-type":"","overlay-color":"","overlay-opacity":"","overlay-gradient":""},"tablet":{"background-color":"var(--ast-global-color-4)","background-image":"","background-repeat":"repeat","background-position":"center center","background-size":"auto","background-attachment":"scroll","background-type":"","background-media":"","overlay-type":"","overlay-color":"","overlay-opacity":"","overlay-gradient":""},"mobile":{"background-color":"var(--ast-global-color-4)","background-image":"","background-repeat":"repeat","background-position":"center center","background-size":"auto","background-attachment":"scroll","background-type":"","background-media":"","overlay-type":"","overlay-color":"","overlay-opacity":"","overlay-gradient":""}},"footnotes":""},"categories":[],"tags":[],"class_list":["post-398045","page","type-page","status-publish","hentry"],"yoast_head":"<!-- This site is optimized with the Yoast SEO Premium plugin v27.4 (Yoast SEO v27.4) - https:\/\/yoast.com\/product\/yoast-seo-premium-wordpress\/ -->\n<title>Providing Notification of Traffic or Parking Citations - City of Miami Beach<\/title>\n<meta name=\"description\" content=\"In accordance with the City Manager\u2019s directive, City employees who receive a uniform traffic citation and\/or parking citation, on or off-duty, by either an officer of the City\u2019s parking enforcement unit or police department must provide written notification to their Department Director or to the Employee and Labor Relations division of HR, no later than 72 hours after issuance.\" \/>\n<meta name=\"robots\" content=\"index, follow, max-snippet:-1, max-image-preview:large, max-video-preview:-1\" \/>\n<link rel=\"canonical\" href=\"https:\/\/www.miamibeachfl.gov\/pt\/city-hall\/human-resources\/employee-labor-relations\/policy-directory\/providing-notification-of-traffic-or-parking-citations\/\" \/>\n<meta property=\"og:locale\" content=\"pt_BR\" \/>\n<meta property=\"og:type\" content=\"article\" \/>\n<meta property=\"og:title\" content=\"Providing Notification of Traffic or Parking Citations\" \/>\n<meta property=\"og:description\" content=\"In accordance with the City Manager\u2019s directive, City employees who receive a uniform traffic citation and\/or parking citation, on or off-duty, by either an officer of the City\u2019s parking enforcement unit or police department must provide written notification to their Department Director or to the Employee and Labor Relations division of HR, no later than 72 hours after issuance.\" \/>\n<meta property=\"og:url\" content=\"https:\/\/www.miamibeachfl.gov\/pt\/city-hall\/human-resources\/employee-labor-relations\/policy-directory\/providing-notification-of-traffic-or-parking-citations\/\" \/>\n<meta property=\"og:site_name\" content=\"City of Miami Beach\" \/>\n<meta property=\"article:publisher\" content=\"https:\/\/www.facebook.com\/cityofmiamibeach\" \/>\n<meta property=\"article:modified_time\" content=\"2026-03-30T19:37:18+00:00\" \/>\n<meta property=\"og:image\" content=\"https:\/\/www.miamibeachfl.gov\/wp-content\/uploads\/2022\/07\/hero-small.jpg\" \/>\n<meta name=\"twitter:card\" content=\"summary_large_image\" \/>\n<meta name=\"twitter:site\" content=\"@Miamibeachnews\" \/>\n<script type=\"application\/ld+json\" class=\"yoast-schema-graph\">{\"@context\":\"https:\\\/\\\/schema.org\",\"@graph\":[{\"@type\":\"WebPage\",\"@id\":\"https:\\\/\\\/www.miamibeachfl.gov\\\/city-hall\\\/human-resources\\\/employee-labor-relations\\\/policy-directory\\\/providing-notification-of-traffic-or-parking-citations\\\/\",\"url\":\"https:\\\/\\\/www.miamibeachfl.gov\\\/city-hall\\\/human-resources\\\/employee-labor-relations\\\/policy-directory\\\/providing-notification-of-traffic-or-parking-citations\\\/\",\"name\":\"Providing Notification of Traffic or Parking Citations - City of Miami Beach\",\"isPartOf\":{\"@id\":\"https:\\\/\\\/www.miamibeachfl.gov\\\/#website\"},\"primaryImageOfPage\":{\"@id\":\"https:\\\/\\\/www.miamibeachfl.gov\\\/city-hall\\\/human-resources\\\/employee-labor-relations\\\/policy-directory\\\/providing-notification-of-traffic-or-parking-citations\\\/#primaryimage\"},\"image\":{\"@id\":\"https:\\\/\\\/www.miamibeachfl.gov\\\/city-hall\\\/human-resources\\\/employee-labor-relations\\\/policy-directory\\\/providing-notification-of-traffic-or-parking-citations\\\/#primaryimage\"},\"thumbnailUrl\":\"https:\\\/\\\/www.miamibeachfl.gov\\\/wp-content\\\/uploads\\\/2022\\\/07\\\/hero-small.jpg\",\"datePublished\":\"2026-03-30T19:36:24+00:00\",\"dateModified\":\"2026-03-30T19:37:18+00:00\",\"description\":\"In accordance with the City Manager\u2019s directive, City employees who receive a uniform traffic citation and\\\/or parking citation, on or off-duty, by either an officer of the City\u2019s parking enforcement unit or police department must provide written notification to their Department Director or to the Employee and Labor Relations division of HR, no later than 72 hours after issuance.\",\"breadcrumb\":{\"@id\":\"https:\\\/\\\/www.miamibeachfl.gov\\\/city-hall\\\/human-resources\\\/employee-labor-relations\\\/policy-directory\\\/providing-notification-of-traffic-or-parking-citations\\\/#breadcrumb\"},\"inLanguage\":\"pt-BR\",\"potentialAction\":[{\"@type\":\"ReadAction\",\"target\":[\"https:\\\/\\\/www.miamibeachfl.gov\\\/city-hall\\\/human-resources\\\/employee-labor-relations\\\/policy-directory\\\/providing-notification-of-traffic-or-parking-citations\\\/\"]}]},{\"@type\":\"ImageObject\",\"inLanguage\":\"pt-BR\",\"@id\":\"https:\\\/\\\/www.miamibeachfl.gov\\\/city-hall\\\/human-resources\\\/employee-labor-relations\\\/policy-directory\\\/providing-notification-of-traffic-or-parking-citations\\\/#primaryimage\",\"url\":\"https:\\\/\\\/www.miamibeachfl.gov\\\/wp-content\\\/uploads\\\/2022\\\/07\\\/hero-small.jpg\",\"contentUrl\":\"https:\\\/\\\/www.miamibeachfl.gov\\\/wp-content\\\/uploads\\\/2022\\\/07\\\/hero-small.jpg\"},{\"@type\":\"BreadcrumbList\",\"@id\":\"https:\\\/\\\/www.miamibeachfl.gov\\\/city-hall\\\/human-resources\\\/employee-labor-relations\\\/policy-directory\\\/providing-notification-of-traffic-or-parking-citations\\\/#breadcrumb\",\"itemListElement\":[{\"@type\":\"ListItem\",\"position\":1,\"name\":\"Home\",\"item\":\"https:\\\/\\\/www.miamibeachfl.gov\\\/\"},{\"@type\":\"ListItem\",\"position\":2,\"name\":\"City Hall\",\"item\":\"https:\\\/\\\/www.miamibeachfl.gov\\\/city-hall\\\/\"},{\"@type\":\"ListItem\",\"position\":3,\"name\":\"Human Resources\",\"item\":\"https:\\\/\\\/www.miamibeachfl.gov\\\/city-hall\\\/human-resources\\\/\"},{\"@type\":\"ListItem\",\"position\":4,\"name\":\"Employee &amp; Labor Relations\",\"item\":\"https:\\\/\\\/www.miamibeachfl.gov\\\/city-hall\\\/human-resources\\\/employee-labor-relations\\\/\"},{\"@type\":\"ListItem\",\"position\":5,\"name\":\"Policy Directory\",\"item\":\"https:\\\/\\\/www.miamibeachfl.gov\\\/city-hall\\\/human-resources\\\/employee-labor-relations\\\/policy-directory\\\/\"},{\"@type\":\"ListItem\",\"position\":6,\"name\":\"Providing Notification of Traffic or Parking Citations\"}]},{\"@type\":\"WebSite\",\"@id\":\"https:\\\/\\\/www.miamibeachfl.gov\\\/#website\",\"url\":\"https:\\\/\\\/www.miamibeachfl.gov\\\/\",\"name\":\"City of Miami Beach\",\"description\":\"The official website of the City of Miami Beach. Stay informed, find important information on city services, news, alerts, events, trolley routes, government employment and more.\",\"publisher\":{\"@id\":\"https:\\\/\\\/www.miamibeachfl.gov\\\/#organization\"},\"potentialAction\":[{\"@type\":\"SearchAction\",\"target\":{\"@type\":\"EntryPoint\",\"urlTemplate\":\"https:\\\/\\\/www.miamibeachfl.gov\\\/?s={search_term_string}\"},\"query-input\":{\"@type\":\"PropertyValueSpecification\",\"valueRequired\":true,\"valueName\":\"search_term_string\"}}],\"inLanguage\":\"pt-BR\"},{\"@type\":\"Organization\",\"@id\":\"https:\\\/\\\/www.miamibeachfl.gov\\\/#organization\",\"name\":\"City of Miami Beach\",\"url\":\"https:\\\/\\\/www.miamibeachfl.gov\\\/\",\"logo\":{\"@type\":\"ImageObject\",\"inLanguage\":\"pt-BR\",\"@id\":\"https:\\\/\\\/www.miamibeachfl.gov\\\/#\\\/schema\\\/logo\\\/image\\\/\",\"url\":\"https:\\\/\\\/www.miamibeachfl.gov\\\/wp-content\\\/uploads\\\/2022\\\/06\\\/miamibeach-logoblue.png\",\"contentUrl\":\"https:\\\/\\\/www.miamibeachfl.gov\\\/wp-content\\\/uploads\\\/2022\\\/06\\\/miamibeach-logoblue.png\",\"width\":1962,\"height\":381,\"caption\":\"City of Miami Beach\"},\"image\":{\"@id\":\"https:\\\/\\\/www.miamibeachfl.gov\\\/#\\\/schema\\\/logo\\\/image\\\/\"},\"sameAs\":[\"https:\\\/\\\/www.facebook.com\\\/cityofmiamibeach\",\"https:\\\/\\\/x.com\\\/Miamibeachnews\",\"https:\\\/\\\/www.instagram.com\\\/miamibeachnews\\\/\"],\"description\":\"The official website of the City of Miami Beach. Stay informed, find important information on city services, news, alerts, events, trolley routes, government employment and more.\",\"telephone\":\"305.604.CITY(2489)\",\"legalName\":\"City of Miami Beach\"}]}<\/script>\n<!-- \/ Yoast SEO Premium plugin. -->","yoast_head_json":{"title":"Providing Notification of Traffic or Parking Citations - City of Miami Beach","description":"De acordo com a diretriz do Administrador Municipal, os funcion\u00e1rios da Prefeitura que receberem uma notifica\u00e7\u00e3o de tr\u00e2nsito e\/ou de estacionamento, em servi\u00e7o ou fora dele, emitida por um agente da unidade de fiscaliza\u00e7\u00e3o de estacionamento ou do departamento de pol\u00edcia, devem notificar por escrito o Diretor do seu Departamento ou a Divis\u00e3o de Rela\u00e7\u00f5es Trabalhistas e com Funcion\u00e1rios do RH, no prazo m\u00e1ximo de 72 horas ap\u00f3s a emiss\u00e3o da notifica\u00e7\u00e3o.","robots":{"index":"index","follow":"follow","max-snippet":"max-snippet:-1","max-image-preview":"max-image-preview:large","max-video-preview":"max-video-preview:-1"},"canonical":"https:\/\/www.miamibeachfl.gov\/pt\/city-hall\/human-resources\/employee-labor-relations\/policy-directory\/providing-notification-of-traffic-or-parking-citations\/","og_locale":"pt_BR","og_type":"article","og_title":"Providing Notification of Traffic or Parking Citations","og_description":"In accordance with the City Manager\u2019s directive, City employees who receive a uniform traffic citation and\/or parking citation, on or off-duty, by either an officer of the City\u2019s parking enforcement unit or police department must provide written notification to their Department Director or to the Employee and Labor Relations division of HR, no later than 72 hours after issuance.","og_url":"https:\/\/www.miamibeachfl.gov\/pt\/city-hall\/human-resources\/employee-labor-relations\/policy-directory\/providing-notification-of-traffic-or-parking-citations\/","og_site_name":"City of Miami Beach","article_publisher":"https:\/\/www.facebook.com\/cityofmiamibeach","article_modified_time":"2026-03-30T19:37:18+00:00","og_image":[{"url":"https:\/\/www.miamibeachfl.gov\/wp-content\/uploads\/2022\/07\/hero-small.jpg","type":"","width":"","height":""}],"twitter_card":"summary_large_image","twitter_site":"@Miamibeachnews","schema":{"@context":"https:\/\/schema.org","@graph":[{"@type":"WebPage","@id":"https:\/\/www.miamibeachfl.gov\/city-hall\/human-resources\/employee-labor-relations\/policy-directory\/providing-notification-of-traffic-or-parking-citations\/","url":"https:\/\/www.miamibeachfl.gov\/city-hall\/human-resources\/employee-labor-relations\/policy-directory\/providing-notification-of-traffic-or-parking-citations\/","name":"Providing Notification of Traffic or Parking Citations - City of Miami Beach","isPartOf":{"@id":"https:\/\/www.miamibeachfl.gov\/#website"},"primaryImageOfPage":{"@id":"https:\/\/www.miamibeachfl.gov\/city-hall\/human-resources\/employee-labor-relations\/policy-directory\/providing-notification-of-traffic-or-parking-citations\/#primaryimage"},"image":{"@id":"https:\/\/www.miamibeachfl.gov\/city-hall\/human-resources\/employee-labor-relations\/policy-directory\/providing-notification-of-traffic-or-parking-citations\/#primaryimage"},"thumbnailUrl":"https:\/\/www.miamibeachfl.gov\/wp-content\/uploads\/2022\/07\/hero-small.jpg","datePublished":"2026-03-30T19:36:24+00:00","dateModified":"2026-03-30T19:37:18+00:00","description":"De acordo com a diretriz do Administrador Municipal, os funcion\u00e1rios da Prefeitura que receberem uma notifica\u00e7\u00e3o de tr\u00e2nsito e\/ou de estacionamento, em servi\u00e7o ou fora dele, emitida por um agente da unidade de fiscaliza\u00e7\u00e3o de estacionamento ou do departamento de pol\u00edcia, devem notificar por escrito o Diretor do seu Departamento ou a Divis\u00e3o de Rela\u00e7\u00f5es Trabalhistas e com Funcion\u00e1rios do RH, no prazo m\u00e1ximo de 72 horas ap\u00f3s a emiss\u00e3o da notifica\u00e7\u00e3o.","breadcrumb":{"@id":"https:\/\/www.miamibeachfl.gov\/city-hall\/human-resources\/employee-labor-relations\/policy-directory\/providing-notification-of-traffic-or-parking-citations\/#breadcrumb"},"inLanguage":"pt-BR","potentialAction":[{"@type":"ReadAction","target":["https:\/\/www.miamibeachfl.gov\/city-hall\/human-resources\/employee-labor-relations\/policy-directory\/providing-notification-of-traffic-or-parking-citations\/"]}]},{"@type":"ImageObject","inLanguage":"pt-BR","@id":"https:\/\/www.miamibeachfl.gov\/city-hall\/human-resources\/employee-labor-relations\/policy-directory\/providing-notification-of-traffic-or-parking-citations\/#primaryimage","url":"https:\/\/www.miamibeachfl.gov\/wp-content\/uploads\/2022\/07\/hero-small.jpg","contentUrl":"https:\/\/www.miamibeachfl.gov\/wp-content\/uploads\/2022\/07\/hero-small.jpg"},{"@type":"BreadcrumbList","@id":"https:\/\/www.miamibeachfl.gov\/city-hall\/human-resources\/employee-labor-relations\/policy-directory\/providing-notification-of-traffic-or-parking-citations\/#breadcrumb","itemListElement":[{"@type":"ListItem","position":1,"name":"Home","item":"https:\/\/www.miamibeachfl.gov\/"},{"@type":"ListItem","position":2,"name":"City Hall","item":"https:\/\/www.miamibeachfl.gov\/city-hall\/"},{"@type":"ListItem","position":3,"name":"Human Resources","item":"https:\/\/www.miamibeachfl.gov\/city-hall\/human-resources\/"},{"@type":"ListItem","position":4,"name":"Employee &amp; Labor Relations","item":"https:\/\/www.miamibeachfl.gov\/city-hall\/human-resources\/employee-labor-relations\/"},{"@type":"ListItem","position":5,"name":"Policy Directory","item":"https:\/\/www.miamibeachfl.gov\/city-hall\/human-resources\/employee-labor-relations\/policy-directory\/"},{"@type":"ListItem","position":6,"name":"Providing Notification of Traffic or Parking Citations"}]},{"@type":"WebSite","@id":"https:\/\/www.miamibeachfl.gov\/#website","url":"https:\/\/www.miamibeachfl.gov\/","name":"Cidade de Miami Beach","description":"Site oficial da cidade de Miami Beach. Mantenha-se informado e encontre informa\u00e7\u00f5es importantes sobre servi\u00e7os municipais, not\u00edcias, alertas, eventos, rotas de bonde, empregos p\u00fablicos e muito mais.","publisher":{"@id":"https:\/\/www.miamibeachfl.gov\/#organization"},"potentialAction":[{"@type":"SearchAction","target":{"@type":"EntryPoint","urlTemplate":"https:\/\/www.miamibeachfl.gov\/?s={search_term_string}"},"query-input":{"@type":"PropertyValueSpecification","valueRequired":true,"valueName":"search_term_string"}}],"inLanguage":"pt-BR"},{"@type":"Organization","@id":"https:\/\/www.miamibeachfl.gov\/#organization","name":"Cidade de Miami Beach","url":"https:\/\/www.miamibeachfl.gov\/","logo":{"@type":"ImageObject","inLanguage":"pt-BR","@id":"https:\/\/www.miamibeachfl.gov\/#\/schema\/logo\/image\/","url":"https:\/\/www.miamibeachfl.gov\/wp-content\/uploads\/2022\/06\/miamibeach-logoblue.png","contentUrl":"https:\/\/www.miamibeachfl.gov\/wp-content\/uploads\/2022\/06\/miamibeach-logoblue.png","width":1962,"height":381,"caption":"City of Miami Beach"},"image":{"@id":"https:\/\/www.miamibeachfl.gov\/#\/schema\/logo\/image\/"},"sameAs":["https:\/\/www.facebook.com\/cityofmiamibeach","https:\/\/x.com\/Miamibeachnews","https:\/\/www.instagram.com\/miamibeachnews\/"],"description":"Site oficial da cidade de Miami Beach. Mantenha-se informado e encontre informa\u00e7\u00f5es importantes sobre servi\u00e7os municipais, not\u00edcias, alertas, eventos, rotas de bonde, empregos p\u00fablicos e muito mais.","telephone":"305.604.CITY(2489)","legalName":"City of Miami Beach"}]}},"_links":{"self":[{"href":"https:\/\/www.miamibeachfl.gov\/pt\/wp-json\/wp\/v2\/pages\/398045","targetHints":{"allow":["GET"]}}],"collection":[{"href":"https:\/\/www.miamibeachfl.gov\/pt\/wp-json\/wp\/v2\/pages"}],"about":[{"href":"https:\/\/www.miamibeachfl.gov\/pt\/wp-json\/wp\/v2\/types\/page"}],"author":[{"embeddable":true,"href":"https:\/\/www.miamibeachfl.gov\/pt\/wp-json\/wp\/v2\/users\/222"}],"replies":[{"embeddable":true,"href":"https:\/\/www.miamibeachfl.gov\/pt\/wp-json\/wp\/v2\/comments?post=398045"}],"version-history":[{"count":2,"href":"https:\/\/www.miamibeachfl.gov\/pt\/wp-json\/wp\/v2\/pages\/398045\/revisions"}],"predecessor-version":[{"id":398048,"href":"https:\/\/www.miamibeachfl.gov\/pt\/wp-json\/wp\/v2\/pages\/398045\/revisions\/398048"}],"up":[{"embeddable":true,"href":"https:\/\/www.miamibeachfl.gov\/pt\/wp-json\/wp\/v2\/pages\/28713"}],"wp:attachment":[{"href":"https:\/\/www.miamibeachfl.gov\/pt\/wp-json\/wp\/v2\/media?parent=398045"}],"wp:term":[{"taxonomy":"category","embeddable":true,"href":"https:\/\/www.miamibeachfl.gov\/pt\/wp-json\/wp\/v2\/categories?post=398045"},{"taxonomy":"post_tag","embeddable":true,"href":"https:\/\/www.miamibeachfl.gov\/pt\/wp-json\/wp\/v2\/tags?post=398045"}],"curies":[{"name":"wp","href":"https:\/\/api.w.org\/{rel}","templated":true}]}}