{"id":399022,"date":"2026-04-15T16:20:43","date_gmt":"2026-04-15T20:20:43","guid":{"rendered":"https:\/\/www.miamibeachfl.gov\/?page_id=399022"},"modified":"2026-04-15T16:27:54","modified_gmt":"2026-04-15T20:27:54","slug":"thankyou","status":"publish","type":"page","link":"https:\/\/www.miamibeachfl.gov\/pt\/business\/thankyou\/","title":{"rendered":"Thank You for Contacting Economic Development"},"content":{"rendered":"<h1>\n\t\t\tObrigado!\t<\/h1>\n\t<h2>Sucesso! Sua solicita\u00e7\u00e3o de concierge foi recebida.<\/h2>\n<p>Obrigado por entrar em contato com a\u00a0<strong>Servi\u00e7os de concierge para empresas em Miami Beach<\/strong>\u00a0servi\u00e7o. Estamos muito felizes em ajudar voc\u00ea a navegar e expandir seus neg\u00f3cios em nossa comunidade vibrante.<\/p>\n<h3>O que acontece a seguir?<\/h3>\n<ul>\n<li><strong>An\u00e1lise:<\/strong>\u00a0Um especialista dedicado em Desenvolvimento Econ\u00f4mico analisar\u00e1 sua solicita\u00e7\u00e3o em breve.\u00a0<strong>dois dias \u00fateis<\/strong>.<\/li>\n<li><strong>Consulta:<\/strong>\u00a0Entraremos em contato com voc\u00ea pelo m\u00e9todo de sua prefer\u00eancia para agendar uma consulta individual ou fornecer os recursos espec\u00edficos que voc\u00ea solicitou.<\/li>\n<li><strong>A\u00e7\u00e3o:<\/strong>\u00a0From permitting assistance to identifying local incentives, we&#8217;re here to streamline your path to success.<\/li>\n<\/ul>\n<hr \/>\n<h3>Voc\u00ea sabia?<\/h3>\n<p>Voc\u00ea pode explorar o nosso\u00a0<strong><a title=\"https:\/\/gcc02.safelinks.protection.outlook.com\/?url=https%3A%2F%2Fwww.miamibeachfl.gov%2Fbusiness&amp;data=05%7C02%7COlgaLyons%40miamibeachfl.gov%7C8979531331c644adbf6908de9a532038%7C551608f948f34871808aa969ec5cf48a%7C0%7C0%7C639117879060934137%7CUnknown%7CTWFpbGZsb3d8eyJFbXB0eU1hcGkiOnRydWUsIlYiOiIwLjAuMDAwMCIsIlAiOiJXaW4zMiIsIkFOIjoiTWFpbCIsIldUIjoyfQ%3D%3D%7C0%7C%7C%7C&amp;sdata=wJF36s%2FCYxecGScJq3LZRqb%2FcHGT9LwypOBU8AwCk0Q%3D&amp;reserved=0\" href=\"https:\/\/www.miamibeachfl.gov\/pt\/business\/\" target=\"_blank\" rel=\"noopener\">Centro de Recursos Empresariais<\/a><\/strong>\u00a0Enquanto isso, para acesso imediato a mapas da cidade, informa\u00e7\u00f5es sobre zoneamento e pr\u00f3ximos eventos de networking.<\/p>\n<p><strong>Estamos ansiosos para trabalhar com voc\u00ea!<\/strong><\/p>\n<p>Atenciosamente,<\/p>\n<p><strong>A Equipe de Desenvolvimento Econ\u00f4mico<\/strong>\u00a0Cidade de Miami Beach<\/p>\n<p><a href=\"tel:3056737572\"><strong>305.673.7572<\/strong><\/a><\/p>\n\t<a href=\"\/pt\/spotlight\/\" target=\"_self\"  aria-label=\"V\u00e1 para \/spotlight\/\"><\/a>\n\t\t\t\t<img decoding=\"async\" src=\"https:\/\/www.miamibeachfl.gov\/wp-content\/uploads\/2022\/07\/icon-mbbiznews.png\" alt=\"mbbiz icon\" title=\"\u00edcone-mbbiznews\" itemprop=\"image\"\/>\n\t\t<h3>\u00daltimas not\u00edcias<\/h3>\t\t\t\n\t\t\t\t<p>Navegue pelos nossos boletins informativos e destaques empresariais para obter as informa\u00e7\u00f5es e os recursos mais recentes dispon\u00edveis para nossa comunidade empresarial.\u00a0<\/p>\n\t<a href=\"\/pt\/business\/whymb\/dashboard\/\" target=\"_self\"  aria-label=\"V\u00e1 para \/business\/whymb\/dashboard\/\"><\/a>\n\t\t\t\t<img decoding=\"async\" src=\"https:\/\/www.miamibeachfl.gov\/wp-content\/uploads\/2022\/07\/icon-bizincentives.png\" alt=\"search data icon\" title=\"incentivos de neg\u00f3cios de \u00edcones\" itemprop=\"image\"\/>\n\t\t<h3>Recursos de neg\u00f3cios<\/h3>\t\t\t\n\t\t\t\t<p>Ferramentas para ajudar voc\u00ea a entender os \u00faltimos indicadores de neg\u00f3cios, dados demogr\u00e1ficos e tend\u00eancias do setor na cidade de Miami Beach.<\/p>\n\t<a href=\"\/pt\/business\/doing-business-with-mb\/mbbiz-events\/\" target=\"_self\"  aria-label=\"Acesse \/neg\u00f3cios\/fazendo-neg\u00f3cios-com-mb\/mbbiz-evento\/\"><\/a>\n\t\t\t\t<img decoding=\"async\" src=\"https:\/\/www.miamibeachfl.gov\/wp-content\/uploads\/2022\/07\/icon-mbbicalendarincircle-2.png\" alt=\"icon-mbbicalendarincircle\" title=\"\u00edcone-mbbicalendar\u00edncircle\" itemprop=\"image\"\/>\n\t\t<h3>Pr\u00f3ximos eventos<\/h3>\t\t\t\n\t\t\t\t<p>Confira nossos pr\u00f3ximos eventos.<\/p>\n\t\t<h3><a href=\"tel:3056737572\"  target=\"_self\">\t\n\t305.673.7572<\/a><\/h3>\t\n\t\t<h3><a href=\"mailto:mbbiz@miamibeachfl.gov\"  target=\"_self\">\t\n\tmbbiz@miamibeachfl.gov<\/a><\/h3>\t\n\t\t<h3><a href=\"\/pt\/business\/\"  target=\"_blank\"  rel=\"noopener\">\t\n\twww.MBBiz.com<\/a><\/h3>\t\n\t\t<h2>Assine a Newsletter MBBiz<\/h2>\n\t\t\t\t<p>Receba recursos e atualiza\u00e7\u00f5es do Departamento de Desenvolvimento Econ\u00f4mico enviados diretamente para seu telefone.<\/p>\n\t\t\t<a href=\"\/pt\/mbbiznews\/\" title=\"Assine agora\" target=\"_self\"   role=\"button\" aria-label=\"Assine agora\">\n\t\t\t\t\t\t\t\t\t\t\tAssine agora\n\t\t<\/a>","protected":false},"excerpt":{"rendered":"<p>Thank You! Success! Your Concierge Request is In Thank you for reaching out to the\u00a0Miami Beach Business Concierge\u00a0service. We are [&hellip;]<\/p>\n","protected":false},"author":222,"featured_media":0,"parent":196910,"menu_order":0,"comment_status":"closed","ping_status":"closed","template":"","meta":{"_searchwp_excluded":"","site-sidebar-layout":"default","site-content-layout":"","ast-site-content-layout":"default","site-content-style":"default","site-sidebar-style":"default","ast-global-header-display":"","ast-banner-title-visibility":"","ast-main-header-display":"","ast-hfb-above-header-display":"","ast-hfb-below-header-display":"","ast-hfb-mobile-header-display":"","site-post-title":"","ast-breadcrumbs-content":"","ast-featured-img":"","footer-sml-layout":"","theme-transparent-header-meta":"","adv-header-id-meta":"","stick-header-meta":"","header-above-stick-meta":"","header-main-stick-meta":"","header-below-stick-meta":"","astra-migrate-meta-layouts":"default","ast-page-background-enabled":"default","ast-page-background-meta":{"desktop":{"background-color":"var(--ast-global-color-5)","background-image":"","background-repeat":"repeat","background-position":"center center","background-size":"auto","background-attachment":"scroll","background-type":"","background-media":"","overlay-type":"","overlay-color":"","overlay-opacity":"","overlay-gradient":""},"tablet":{"background-color":"","background-image":"","background-repeat":"repeat","background-position":"center center","background-size":"auto","background-attachment":"scroll","background-type":"","background-media":"","overlay-type":"","overlay-color":"","overlay-opacity":"","overlay-gradient":""},"mobile":{"background-color":"","background-image":"","background-repeat":"repeat","background-position":"center center","background-size":"auto","background-attachment":"scroll","background-type":"","background-media":"","overlay-type":"","overlay-color":"","overlay-opacity":"","overlay-gradient":""}},"ast-content-background-meta":{"desktop":{"background-color":"var(--ast-global-color-4)","background-image":"","background-repeat":"repeat","background-position":"center center","background-size":"auto","background-attachment":"scroll","background-type":"","background-media":"","overlay-type":"","overlay-color":"","overlay-opacity":"","overlay-gradient":""},"tablet":{"background-color":"var(--ast-global-color-4)","background-image":"","background-repeat":"repeat","background-position":"center center","background-size":"auto","background-attachment":"scroll","background-type":"","background-media":"","overlay-type":"","overlay-color":"","overlay-opacity":"","overlay-gradient":""},"mobile":{"background-color":"var(--ast-global-color-4)","background-image":"","background-repeat":"repeat","background-position":"center center","background-size":"auto","background-attachment":"scroll","background-type":"","background-media":"","overlay-type":"","overlay-color":"","overlay-opacity":"","overlay-gradient":""}},"footnotes":""},"categories":[],"tags":[],"class_list":["post-399022","page","type-page","status-publish","hentry"],"yoast_head":"<!-- This site is optimized with the Yoast SEO Premium plugin v27.4 (Yoast SEO v27.4) - https:\/\/yoast.com\/product\/yoast-seo-premium-wordpress\/ -->\n<title>Thank You for Contacting Economic Development - City of Miami Beach<\/title>\n<meta name=\"description\" content=\"Thank you for contacting Economic Development. We are excited to assist you in growing your business in Miami Beach.\" \/>\n<meta name=\"robots\" content=\"index, follow, max-snippet:-1, max-image-preview:large, max-video-preview:-1\" \/>\n<link rel=\"canonical\" href=\"https:\/\/www.miamibeachfl.gov\/pt\/business\/thankyou\/\" \/>\n<meta property=\"og:locale\" content=\"pt_BR\" \/>\n<meta property=\"og:type\" content=\"article\" \/>\n<meta property=\"og:title\" content=\"Thank You for Contacting Economic Development\" \/>\n<meta property=\"og:description\" content=\"Thank you for contacting Economic Development. We are excited to assist you in growing your business in Miami Beach.\" \/>\n<meta property=\"og:url\" content=\"https:\/\/www.miamibeachfl.gov\/pt\/business\/thankyou\/\" \/>\n<meta property=\"og:site_name\" content=\"City of Miami Beach\" \/>\n<meta property=\"article:publisher\" content=\"https:\/\/www.facebook.com\/cityofmiamibeach\" \/>\n<meta property=\"article:modified_time\" content=\"2026-04-15T20:27:54+00:00\" \/>\n<meta property=\"og:image\" content=\"https:\/\/www.miamibeachfl.gov\/wp-content\/uploads\/2022\/07\/icon-mbbiznews.png\" \/>\n<meta name=\"twitter:card\" content=\"summary_large_image\" \/>\n<meta name=\"twitter:site\" content=\"@Miamibeachnews\" \/>\n<script type=\"application\/ld+json\" class=\"yoast-schema-graph\">{\"@context\":\"https:\\\/\\\/schema.org\",\"@graph\":[{\"@type\":\"WebPage\",\"@id\":\"https:\\\/\\\/www.miamibeachfl.gov\\\/business\\\/thankyou\\\/\",\"url\":\"https:\\\/\\\/www.miamibeachfl.gov\\\/business\\\/thankyou\\\/\",\"name\":\"Thank You for Contacting Economic Development - City of Miami Beach\",\"isPartOf\":{\"@id\":\"https:\\\/\\\/www.miamibeachfl.gov\\\/#website\"},\"primaryImageOfPage\":{\"@id\":\"https:\\\/\\\/www.miamibeachfl.gov\\\/business\\\/thankyou\\\/#primaryimage\"},\"image\":{\"@id\":\"https:\\\/\\\/www.miamibeachfl.gov\\\/business\\\/thankyou\\\/#primaryimage\"},\"thumbnailUrl\":\"https:\\\/\\\/www.miamibeachfl.gov\\\/wp-content\\\/uploads\\\/2022\\\/07\\\/icon-mbbiznews.png\",\"datePublished\":\"2026-04-15T20:20:43+00:00\",\"dateModified\":\"2026-04-15T20:27:54+00:00\",\"description\":\"Thank you for contacting Economic Development. We are excited to assist you in growing your business in Miami Beach.\",\"breadcrumb\":{\"@id\":\"https:\\\/\\\/www.miamibeachfl.gov\\\/business\\\/thankyou\\\/#breadcrumb\"},\"inLanguage\":\"pt-BR\",\"potentialAction\":[{\"@type\":\"ReadAction\",\"target\":[\"https:\\\/\\\/www.miamibeachfl.gov\\\/business\\\/thankyou\\\/\"]}]},{\"@type\":\"ImageObject\",\"inLanguage\":\"pt-BR\",\"@id\":\"https:\\\/\\\/www.miamibeachfl.gov\\\/business\\\/thankyou\\\/#primaryimage\",\"url\":\"https:\\\/\\\/www.miamibeachfl.gov\\\/wp-content\\\/uploads\\\/2022\\\/07\\\/icon-mbbiznews.png\",\"contentUrl\":\"https:\\\/\\\/www.miamibeachfl.gov\\\/wp-content\\\/uploads\\\/2022\\\/07\\\/icon-mbbiznews.png\"},{\"@type\":\"BreadcrumbList\",\"@id\":\"https:\\\/\\\/www.miamibeachfl.gov\\\/business\\\/thankyou\\\/#breadcrumb\",\"itemListElement\":[{\"@type\":\"ListItem\",\"position\":1,\"name\":\"Home\",\"item\":\"https:\\\/\\\/www.miamibeachfl.gov\\\/\"},{\"@type\":\"ListItem\",\"position\":2,\"name\":\"Business\",\"item\":\"https:\\\/\\\/www.miamibeachfl.gov\\\/business\\\/\"},{\"@type\":\"ListItem\",\"position\":3,\"name\":\"Thank You for Contacting Economic Development\"}]},{\"@type\":\"WebSite\",\"@id\":\"https:\\\/\\\/www.miamibeachfl.gov\\\/#website\",\"url\":\"https:\\\/\\\/www.miamibeachfl.gov\\\/\",\"name\":\"City of Miami Beach\",\"description\":\"The official website of the City of Miami Beach. Stay informed, find important information on city services, news, alerts, events, trolley routes, government employment and more.\",\"publisher\":{\"@id\":\"https:\\\/\\\/www.miamibeachfl.gov\\\/#organization\"},\"potentialAction\":[{\"@type\":\"SearchAction\",\"target\":{\"@type\":\"EntryPoint\",\"urlTemplate\":\"https:\\\/\\\/www.miamibeachfl.gov\\\/?s={search_term_string}\"},\"query-input\":{\"@type\":\"PropertyValueSpecification\",\"valueRequired\":true,\"valueName\":\"search_term_string\"}}],\"inLanguage\":\"pt-BR\"},{\"@type\":\"Organization\",\"@id\":\"https:\\\/\\\/www.miamibeachfl.gov\\\/#organization\",\"name\":\"City of Miami Beach\",\"url\":\"https:\\\/\\\/www.miamibeachfl.gov\\\/\",\"logo\":{\"@type\":\"ImageObject\",\"inLanguage\":\"pt-BR\",\"@id\":\"https:\\\/\\\/www.miamibeachfl.gov\\\/#\\\/schema\\\/logo\\\/image\\\/\",\"url\":\"https:\\\/\\\/www.miamibeachfl.gov\\\/wp-content\\\/uploads\\\/2022\\\/06\\\/miamibeach-logoblue.png\",\"contentUrl\":\"https:\\\/\\\/www.miamibeachfl.gov\\\/wp-content\\\/uploads\\\/2022\\\/06\\\/miamibeach-logoblue.png\",\"width\":1962,\"height\":381,\"caption\":\"City of Miami Beach\"},\"image\":{\"@id\":\"https:\\\/\\\/www.miamibeachfl.gov\\\/#\\\/schema\\\/logo\\\/image\\\/\"},\"sameAs\":[\"https:\\\/\\\/www.facebook.com\\\/cityofmiamibeach\",\"https:\\\/\\\/x.com\\\/Miamibeachnews\",\"https:\\\/\\\/www.instagram.com\\\/miamibeachnews\\\/\"],\"description\":\"The official website of the City of Miami Beach. Stay informed, find important information on city services, news, alerts, events, trolley routes, government employment and more.\",\"telephone\":\"305.604.CITY(2489)\",\"legalName\":\"City of Miami Beach\"}]}<\/script>\n<!-- \/ Yoast SEO Premium plugin. -->","yoast_head_json":{"title":"Thank You for Contacting Economic Development - City of Miami Beach","description":"Thank you for contacting Economic Development. We are excited to assist you in growing your business in Miami Beach.","robots":{"index":"index","follow":"follow","max-snippet":"max-snippet:-1","max-image-preview":"max-image-preview:large","max-video-preview":"max-video-preview:-1"},"canonical":"https:\/\/www.miamibeachfl.gov\/pt\/business\/thankyou\/","og_locale":"pt_BR","og_type":"article","og_title":"Thank You for Contacting Economic Development","og_description":"Thank you for contacting Economic Development. We are excited to assist you in growing your business in Miami Beach.","og_url":"https:\/\/www.miamibeachfl.gov\/pt\/business\/thankyou\/","og_site_name":"City of Miami Beach","article_publisher":"https:\/\/www.facebook.com\/cityofmiamibeach","article_modified_time":"2026-04-15T20:27:54+00:00","og_image":[{"url":"https:\/\/www.miamibeachfl.gov\/wp-content\/uploads\/2022\/07\/icon-mbbiznews.png","type":"","width":"","height":""}],"twitter_card":"summary_large_image","twitter_site":"@Miamibeachnews","schema":{"@context":"https:\/\/schema.org","@graph":[{"@type":"WebPage","@id":"https:\/\/www.miamibeachfl.gov\/business\/thankyou\/","url":"https:\/\/www.miamibeachfl.gov\/business\/thankyou\/","name":"Thank You for Contacting Economic Development - City of Miami Beach","isPartOf":{"@id":"https:\/\/www.miamibeachfl.gov\/#website"},"primaryImageOfPage":{"@id":"https:\/\/www.miamibeachfl.gov\/business\/thankyou\/#primaryimage"},"image":{"@id":"https:\/\/www.miamibeachfl.gov\/business\/thankyou\/#primaryimage"},"thumbnailUrl":"https:\/\/www.miamibeachfl.gov\/wp-content\/uploads\/2022\/07\/icon-mbbiznews.png","datePublished":"2026-04-15T20:20:43+00:00","dateModified":"2026-04-15T20:27:54+00:00","description":"Thank you for contacting Economic Development. We are excited to assist you in growing your business in Miami Beach.","breadcrumb":{"@id":"https:\/\/www.miamibeachfl.gov\/business\/thankyou\/#breadcrumb"},"inLanguage":"pt-BR","potentialAction":[{"@type":"ReadAction","target":["https:\/\/www.miamibeachfl.gov\/business\/thankyou\/"]}]},{"@type":"ImageObject","inLanguage":"pt-BR","@id":"https:\/\/www.miamibeachfl.gov\/business\/thankyou\/#primaryimage","url":"https:\/\/www.miamibeachfl.gov\/wp-content\/uploads\/2022\/07\/icon-mbbiznews.png","contentUrl":"https:\/\/www.miamibeachfl.gov\/wp-content\/uploads\/2022\/07\/icon-mbbiznews.png"},{"@type":"BreadcrumbList","@id":"https:\/\/www.miamibeachfl.gov\/business\/thankyou\/#breadcrumb","itemListElement":[{"@type":"ListItem","position":1,"name":"Home","item":"https:\/\/www.miamibeachfl.gov\/"},{"@type":"ListItem","position":2,"name":"Business","item":"https:\/\/www.miamibeachfl.gov\/business\/"},{"@type":"ListItem","position":3,"name":"Thank You for Contacting Economic Development"}]},{"@type":"WebSite","@id":"https:\/\/www.miamibeachfl.gov\/#website","url":"https:\/\/www.miamibeachfl.gov\/","name":"Cidade de Miami Beach","description":"Site oficial da cidade de Miami Beach. Mantenha-se informado e encontre informa\u00e7\u00f5es importantes sobre servi\u00e7os municipais, not\u00edcias, alertas, eventos, rotas de bonde, empregos p\u00fablicos e muito mais.","publisher":{"@id":"https:\/\/www.miamibeachfl.gov\/#organization"},"potentialAction":[{"@type":"SearchAction","target":{"@type":"EntryPoint","urlTemplate":"https:\/\/www.miamibeachfl.gov\/?s={search_term_string}"},"query-input":{"@type":"PropertyValueSpecification","valueRequired":true,"valueName":"search_term_string"}}],"inLanguage":"pt-BR"},{"@type":"Organization","@id":"https:\/\/www.miamibeachfl.gov\/#organization","name":"Cidade de Miami Beach","url":"https:\/\/www.miamibeachfl.gov\/","logo":{"@type":"ImageObject","inLanguage":"pt-BR","@id":"https:\/\/www.miamibeachfl.gov\/#\/schema\/logo\/image\/","url":"https:\/\/www.miamibeachfl.gov\/wp-content\/uploads\/2022\/06\/miamibeach-logoblue.png","contentUrl":"https:\/\/www.miamibeachfl.gov\/wp-content\/uploads\/2022\/06\/miamibeach-logoblue.png","width":1962,"height":381,"caption":"City of Miami Beach"},"image":{"@id":"https:\/\/www.miamibeachfl.gov\/#\/schema\/logo\/image\/"},"sameAs":["https:\/\/www.facebook.com\/cityofmiamibeach","https:\/\/x.com\/Miamibeachnews","https:\/\/www.instagram.com\/miamibeachnews\/"],"description":"Site oficial da cidade de Miami Beach. Mantenha-se informado e encontre informa\u00e7\u00f5es importantes sobre servi\u00e7os municipais, not\u00edcias, alertas, eventos, rotas de bonde, empregos p\u00fablicos e muito mais.","telephone":"305.604.CITY(2489)","legalName":"City of Miami Beach"}]}},"_links":{"self":[{"href":"https:\/\/www.miamibeachfl.gov\/pt\/wp-json\/wp\/v2\/pages\/399022","targetHints":{"allow":["GET"]}}],"collection":[{"href":"https:\/\/www.miamibeachfl.gov\/pt\/wp-json\/wp\/v2\/pages"}],"about":[{"href":"https:\/\/www.miamibeachfl.gov\/pt\/wp-json\/wp\/v2\/types\/page"}],"author":[{"embeddable":true,"href":"https:\/\/www.miamibeachfl.gov\/pt\/wp-json\/wp\/v2\/users\/222"}],"replies":[{"embeddable":true,"href":"https:\/\/www.miamibeachfl.gov\/pt\/wp-json\/wp\/v2\/comments?post=399022"}],"version-history":[{"count":3,"href":"https:\/\/www.miamibeachfl.gov\/pt\/wp-json\/wp\/v2\/pages\/399022\/revisions"}],"predecessor-version":[{"id":399027,"href":"https:\/\/www.miamibeachfl.gov\/pt\/wp-json\/wp\/v2\/pages\/399022\/revisions\/399027"}],"up":[{"embeddable":true,"href":"https:\/\/www.miamibeachfl.gov\/pt\/wp-json\/wp\/v2\/pages\/196910"}],"wp:attachment":[{"href":"https:\/\/www.miamibeachfl.gov\/pt\/wp-json\/wp\/v2\/media?parent=399022"}],"wp:term":[{"taxonomy":"category","embeddable":true,"href":"https:\/\/www.miamibeachfl.gov\/pt\/wp-json\/wp\/v2\/categories?post=399022"},{"taxonomy":"post_tag","embeddable":true,"href":"https:\/\/www.miamibeachfl.gov\/pt\/wp-json\/wp\/v2\/tags?post=399022"}],"curies":[{"name":"wp","href":"https:\/\/api.w.org\/{rel}","templated":true}]}}