{"id":40045,"date":"2017-11-07T13:23:28","date_gmt":"2017-11-07T18:23:28","guid":{"rendered":"http:\/\/www.miamibeachfl.gov\/city-hall\/code-compliance\/director-info\/"},"modified":"2023-11-03T08:09:55","modified_gmt":"2023-11-03T12:09:55","slug":"hernan-cardeno","status":"publish","type":"page","link":"https:\/\/www.miamibeachfl.gov\/pt\/city-hall\/code-compliance\/hernan-cardeno\/","title":{"rendered":"Hern\u00e1n Cardeno"},"content":{"rendered":"<h1>\n\t\tHern\u00e1n Cardeno\n\t<\/h1>\n<h1>\n\t\tDiretor de Conformidade do C\u00f3digo\n\t<\/h1>\nMenu de Conformidade do C\u00f3digo\t\t\t\n\t\t\t\t\t<ul id=\"menu-code-compliance\"><li id=\"menu-item-257356\"><a href=\"\/pt\/city-hall\/code-compliance\/\">Conformidade com o C\u00f3digo<\/a><\/li>\n<li id=\"menu-item-257357\"><a href=\"\/pt\/city-hall\/code-compliance\/code-violations\/\">Viola\u00e7\u00f5es de C\u00f3digo<\/a><\/li>\n<li id=\"menu-item-257358\"><a href=\"\/pt\/city-hall\/code-compliance\/code-invoice-request\/\">Solicita\u00e7\u00e3o de fatura de c\u00f3digo<\/a><\/li>\n<li id=\"menu-item-257359\"><a href=\"\/pt\/city-hall\/code-compliance\/appeal-violations\/\">Viola\u00e7\u00e3o de Apela\u00e7\u00e3o<\/a><\/li>\n<li id=\"menu-item-254588\"><a href=\"https:\/\/www.miamibeachfl.gov\/pt\/city-hall\/code-compliance\/#codecompliancehours\">Conformidade com o C\u00f3digo de Contato<\/a><\/li>\n<\/ul>\t\nMenu de conformidade do c\u00f3digo \u00d7\t\t\t\t\t\t<ul id=\"menu-code-compliance-1\"><li id=\"menu-item-257356\"><a href=\"\/pt\/city-hall\/code-compliance\/\">Conformidade com o C\u00f3digo<\/a><\/li>\n<li id=\"menu-item-257357\"><a href=\"\/pt\/city-hall\/code-compliance\/code-violations\/\">Viola\u00e7\u00f5es de C\u00f3digo<\/a><\/li>\n<li id=\"menu-item-257358\"><a href=\"\/pt\/city-hall\/code-compliance\/code-invoice-request\/\">Solicita\u00e7\u00e3o de fatura de c\u00f3digo<\/a><\/li>\n<li id=\"menu-item-257359\"><a href=\"\/pt\/city-hall\/code-compliance\/appeal-violations\/\">Viola\u00e7\u00e3o de Apela\u00e7\u00e3o<\/a><\/li>\n<li id=\"menu-item-254588\"><a href=\"https:\/\/www.miamibeachfl.gov\/pt\/city-hall\/code-compliance\/#codecompliancehours\">Conformidade com o C\u00f3digo de Contato<\/a><\/li>\n<\/ul>\t\t\t\t\n\t\t\t\t<img decoding=\"async\" src=\"https:\/\/www.miamibeachfl.gov\/wp-content\/uploads\/bb-plugin\/cache\/HernanCordero100sq-circle.jpg\" alt=\"Hernan Cordero\" title=\"HernanCordero100sq\" itemprop=\"image\"\/>\n\t\t<h2>\n\t\tNovos Uniformes\n\t<\/h2>\n\t<p>Hernan Cardeno \u00e9 um veterano de 37 anos na aplica\u00e7\u00e3o da lei, tendo servido primeiro no Departamento de Pol\u00edcia de Bal Harbour, onde foi promovido at\u00e9 chegar a Chefe Assistente de Pol\u00edcia.<\/p>\n<p>Mais tarde, tornou-se um dos mais jovens Chefes de Pol\u00edcia da hist\u00f3ria do Condado de Miami-Dade, ao ser nomeado Chefe do Departamento de Pol\u00edcia de Golden Beach; posteriormente, atuou como Administrador Municipal Adjunto e, posteriormente, Administrador Municipal Interino. Em 2001, aceitou o cargo de Comandante Executivo no Departamento de Pol\u00edcia de North Miami Beach, supervisionando a Se\u00e7\u00e3o de Confisco, Gest\u00e3o de Subs\u00eddios e a for\u00e7a-tarefa de Lavagem de Dinheiro, antes de ser recrutado pelo Departamento de Pol\u00edcia de Miami Beach.<\/p>\n<p>Como Comandante da Divis\u00e3o de Servi\u00e7os de Apoio da Pol\u00edcia de Miami Beach, ele supervisionava a Unidade de Propriedade e Evid\u00eancias (PEU), a Unidade de Treinamento, a Unidade de Sele\u00e7\u00e3o de Pessoal e Investiga\u00e7\u00e3o de Antecedentes e a Unidade de Recursos Comerciais, composta por servi\u00e7os policiais fora de servi\u00e7o e servi\u00e7os de Folha de Pagamento. Anteriormente, o Comandante Cardeno comandou a Divis\u00e3o de Servi\u00e7os T\u00e9cnicos, composta pela Unidade de Comunica\u00e7\u00f5es de Seguran\u00e7a P\u00fablica (PSCU), Centro de Atendimento 9-1-1, Unidade de Gest\u00e3o de Registros, Padr\u00f5es Profissionais, Recursos de Informa\u00e7\u00e3o e Gest\u00e3o de Subs\u00eddios.<\/p>\n<p>Como Diretor do Departamento de Conformidade do C\u00f3digo, ele supervisiona a aplica\u00e7\u00e3o das leis e portarias da cidade, garantindo sa\u00fade, seguran\u00e7a, bem-estar e qualidade de vida para moradores, empresas, propriet\u00e1rios e turistas da cidade de Miami Beach.<\/p>\n<p>O Sr. Cardeno formou-se no Curso de Desenvolvimento de Oficiais de Comando do Instituto de Pol\u00edcia do Sul da Universidade de Louisville e no Curso de Desenvolvimento de Executivos Federais do FBI. Ele \u00e9 bacharel pela Universidade Barry, com especializa\u00e7\u00e3o em Gest\u00e3o de Recursos Humanos, com \u00eanfase em Aconselhamento; e possui doutorado em Direito pelo Centro de Direito Shepard Broad da Universidade Nova Southeastern. \u00c9 membro ativo da Ordem dos Advogados da Fl\u00f3rida e da Ordem dos Advogados dos Estados Unidos.<\/p>","protected":false},"excerpt":{"rendered":"<p>Hernan Cardeno Code Compliance Director Code Compliance Menu Code Compliance Code Violations Code Invoice Request Appeal Violation Contact Code Compliance [&hellip;]<\/p>\n","protected":false},"author":222,"featured_media":0,"parent":28329,"menu_order":0,"comment_status":"closed","ping_status":"closed","template":"page-blank.php","meta":{"_searchwp_excluded":"","site-sidebar-layout":"default","site-content-layout":"","ast-site-content-layout":"default","site-content-style":"default","site-sidebar-style":"default","ast-global-header-display":"","ast-banner-title-visibility":"","ast-main-header-display":"","ast-hfb-above-header-display":"","ast-hfb-below-header-display":"","ast-hfb-mobile-header-display":"","site-post-title":"","ast-breadcrumbs-content":"","ast-featured-img":"","footer-sml-layout":"","theme-transparent-header-meta":"","adv-header-id-meta":"","stick-header-meta":"","header-above-stick-meta":"","header-main-stick-meta":"","header-below-stick-meta":"","astra-migrate-meta-layouts":"default","ast-page-background-enabled":"default","ast-page-background-meta":{"desktop":{"background-color":"var(--ast-global-color-5)","background-image":"","background-repeat":"repeat","background-position":"center center","background-size":"auto","background-attachment":"scroll","background-type":"","background-media":"","overlay-type":"","overlay-color":"","overlay-opacity":"","overlay-gradient":""},"tablet":{"background-color":"","background-image":"","background-repeat":"repeat","background-position":"center center","background-size":"auto","background-attachment":"scroll","background-type":"","background-media":"","overlay-type":"","overlay-color":"","overlay-opacity":"","overlay-gradient":""},"mobile":{"background-color":"","background-image":"","background-repeat":"repeat","background-position":"center center","background-size":"auto","background-attachment":"scroll","background-type":"","background-media":"","overlay-type":"","overlay-color":"","overlay-opacity":"","overlay-gradient":""}},"ast-content-background-meta":{"desktop":{"background-color":"var(--ast-global-color-4)","background-image":"","background-repeat":"repeat","background-position":"center center","background-size":"auto","background-attachment":"scroll","background-type":"","background-media":"","overlay-type":"","overlay-color":"","overlay-opacity":"","overlay-gradient":""},"tablet":{"background-color":"var(--ast-global-color-4)","background-image":"","background-repeat":"repeat","background-position":"center center","background-size":"auto","background-attachment":"scroll","background-type":"","background-media":"","overlay-type":"","overlay-color":"","overlay-opacity":"","overlay-gradient":""},"mobile":{"background-color":"var(--ast-global-color-4)","background-image":"","background-repeat":"repeat","background-position":"center center","background-size":"auto","background-attachment":"scroll","background-type":"","background-media":"","overlay-type":"","overlay-color":"","overlay-opacity":"","overlay-gradient":""}},"footnotes":""},"categories":[],"tags":[],"class_list":["post-40045","page","type-page","status-publish","hentry"],"yoast_head":"<!-- This site is optimized with the Yoast SEO Premium plugin v27.4 (Yoast SEO v27.4) - https:\/\/yoast.com\/product\/yoast-seo-premium-wordpress\/ -->\n<title>Hernan Cardeno - City of Miami Beach<\/title>\n<meta name=\"description\" content=\"As the Code Compliance Department Director, he oversees the enforcement of laws and ordinances ensuring the quality of life for the people of the City of Miami Beach.\" \/>\n<meta name=\"robots\" content=\"index, follow, max-snippet:-1, max-image-preview:large, max-video-preview:-1\" \/>\n<link rel=\"canonical\" href=\"https:\/\/www.miamibeachfl.gov\/pt\/city-hall\/code-compliance\/hernan-cardeno\/\" \/>\n<meta property=\"og:locale\" content=\"pt_BR\" \/>\n<meta property=\"og:type\" content=\"article\" \/>\n<meta property=\"og:title\" content=\"Hernan Cardeno\" \/>\n<meta property=\"og:description\" content=\"As the Code Compliance Department Director, he oversees the enforcement of laws and ordinances ensuring the quality of life for the people of the City of Miami Beach.\" \/>\n<meta property=\"og:url\" content=\"https:\/\/www.miamibeachfl.gov\/pt\/city-hall\/code-compliance\/hernan-cardeno\/\" \/>\n<meta property=\"og:site_name\" content=\"City of Miami Beach\" \/>\n<meta property=\"article:publisher\" content=\"https:\/\/www.facebook.com\/cityofmiamibeach\" \/>\n<meta property=\"article:modified_time\" content=\"2023-11-03T12:09:55+00:00\" \/>\n<meta property=\"og:image\" content=\"https:\/\/www.miamibeachfl.gov\/wp-content\/uploads\/bb-plugin\/cache\/HernanCordero100sq-circle.jpg\" \/>\n<meta name=\"twitter:card\" content=\"summary_large_image\" \/>\n<meta name=\"twitter:site\" content=\"@Miamibeachnews\" \/>\n<script type=\"application\/ld+json\" class=\"yoast-schema-graph\">{\"@context\":\"https:\\\/\\\/schema.org\",\"@graph\":[{\"@type\":\"WebPage\",\"@id\":\"https:\\\/\\\/www.miamibeachfl.gov\\\/city-hall\\\/code-compliance\\\/hernan-cardeno\\\/\",\"url\":\"https:\\\/\\\/www.miamibeachfl.gov\\\/city-hall\\\/code-compliance\\\/hernan-cardeno\\\/\",\"name\":\"Hernan Cardeno - City of Miami Beach\",\"isPartOf\":{\"@id\":\"https:\\\/\\\/www.miamibeachfl.gov\\\/#website\"},\"primaryImageOfPage\":{\"@id\":\"https:\\\/\\\/www.miamibeachfl.gov\\\/city-hall\\\/code-compliance\\\/hernan-cardeno\\\/#primaryimage\"},\"image\":{\"@id\":\"https:\\\/\\\/www.miamibeachfl.gov\\\/city-hall\\\/code-compliance\\\/hernan-cardeno\\\/#primaryimage\"},\"thumbnailUrl\":\"https:\\\/\\\/www.miamibeachfl.gov\\\/wp-content\\\/uploads\\\/bb-plugin\\\/cache\\\/HernanCordero100sq-circle.jpg\",\"datePublished\":\"2017-11-07T18:23:28+00:00\",\"dateModified\":\"2023-11-03T12:09:55+00:00\",\"description\":\"As the Code Compliance Department Director, he oversees the enforcement of laws and ordinances ensuring the quality of life for the people of the City of Miami Beach.\",\"breadcrumb\":{\"@id\":\"https:\\\/\\\/www.miamibeachfl.gov\\\/city-hall\\\/code-compliance\\\/hernan-cardeno\\\/#breadcrumb\"},\"inLanguage\":\"pt-BR\",\"potentialAction\":[{\"@type\":\"ReadAction\",\"target\":[\"https:\\\/\\\/www.miamibeachfl.gov\\\/city-hall\\\/code-compliance\\\/hernan-cardeno\\\/\"]}]},{\"@type\":\"ImageObject\",\"inLanguage\":\"pt-BR\",\"@id\":\"https:\\\/\\\/www.miamibeachfl.gov\\\/city-hall\\\/code-compliance\\\/hernan-cardeno\\\/#primaryimage\",\"url\":\"https:\\\/\\\/www.miamibeachfl.gov\\\/wp-content\\\/uploads\\\/bb-plugin\\\/cache\\\/HernanCordero100sq-circle.jpg\",\"contentUrl\":\"https:\\\/\\\/www.miamibeachfl.gov\\\/wp-content\\\/uploads\\\/bb-plugin\\\/cache\\\/HernanCordero100sq-circle.jpg\"},{\"@type\":\"BreadcrumbList\",\"@id\":\"https:\\\/\\\/www.miamibeachfl.gov\\\/city-hall\\\/code-compliance\\\/hernan-cardeno\\\/#breadcrumb\",\"itemListElement\":[{\"@type\":\"ListItem\",\"position\":1,\"name\":\"Home\",\"item\":\"https:\\\/\\\/www.miamibeachfl.gov\\\/\"},{\"@type\":\"ListItem\",\"position\":2,\"name\":\"City Hall\",\"item\":\"https:\\\/\\\/www.miamibeachfl.gov\\\/city-hall\\\/\"},{\"@type\":\"ListItem\",\"position\":3,\"name\":\"Code Compliance\",\"item\":\"https:\\\/\\\/www.miamibeachfl.gov\\\/city-hall\\\/code-compliance\\\/\"},{\"@type\":\"ListItem\",\"position\":4,\"name\":\"Hernan Cardeno\"}]},{\"@type\":\"WebSite\",\"@id\":\"https:\\\/\\\/www.miamibeachfl.gov\\\/#website\",\"url\":\"https:\\\/\\\/www.miamibeachfl.gov\\\/\",\"name\":\"City of Miami Beach\",\"description\":\"The official website of the City of Miami Beach. Stay informed, find important information on city services, news, alerts, events, trolley routes, government employment and more.\",\"publisher\":{\"@id\":\"https:\\\/\\\/www.miamibeachfl.gov\\\/#organization\"},\"potentialAction\":[{\"@type\":\"SearchAction\",\"target\":{\"@type\":\"EntryPoint\",\"urlTemplate\":\"https:\\\/\\\/www.miamibeachfl.gov\\\/?s={search_term_string}\"},\"query-input\":{\"@type\":\"PropertyValueSpecification\",\"valueRequired\":true,\"valueName\":\"search_term_string\"}}],\"inLanguage\":\"pt-BR\"},{\"@type\":\"Organization\",\"@id\":\"https:\\\/\\\/www.miamibeachfl.gov\\\/#organization\",\"name\":\"City of Miami Beach\",\"url\":\"https:\\\/\\\/www.miamibeachfl.gov\\\/\",\"logo\":{\"@type\":\"ImageObject\",\"inLanguage\":\"pt-BR\",\"@id\":\"https:\\\/\\\/www.miamibeachfl.gov\\\/#\\\/schema\\\/logo\\\/image\\\/\",\"url\":\"https:\\\/\\\/www.miamibeachfl.gov\\\/wp-content\\\/uploads\\\/2022\\\/06\\\/miamibeach-logoblue.png\",\"contentUrl\":\"https:\\\/\\\/www.miamibeachfl.gov\\\/wp-content\\\/uploads\\\/2022\\\/06\\\/miamibeach-logoblue.png\",\"width\":1962,\"height\":381,\"caption\":\"City of Miami Beach\"},\"image\":{\"@id\":\"https:\\\/\\\/www.miamibeachfl.gov\\\/#\\\/schema\\\/logo\\\/image\\\/\"},\"sameAs\":[\"https:\\\/\\\/www.facebook.com\\\/cityofmiamibeach\",\"https:\\\/\\\/x.com\\\/Miamibeachnews\",\"https:\\\/\\\/www.instagram.com\\\/miamibeachnews\\\/\"],\"description\":\"The official website of the City of Miami Beach. Stay informed, find important information on city services, news, alerts, events, trolley routes, government employment and more.\",\"telephone\":\"305.604.CITY(2489)\",\"legalName\":\"City of Miami Beach\"}]}<\/script>\n<!-- \/ Yoast SEO Premium plugin. -->","yoast_head_json":{"title":"Hernan Cardeno - Cidade de Miami Beach","description":"Como Diretor do Departamento de Conformidade do C\u00f3digo, ele supervisiona a aplica\u00e7\u00e3o de leis e decretos que garantem a qualidade de vida das pessoas da cidade de Miami Beach.","robots":{"index":"index","follow":"follow","max-snippet":"max-snippet:-1","max-image-preview":"max-image-preview:large","max-video-preview":"max-video-preview:-1"},"canonical":"https:\/\/www.miamibeachfl.gov\/pt\/city-hall\/code-compliance\/hernan-cardeno\/","og_locale":"pt_BR","og_type":"article","og_title":"Hernan Cardeno","og_description":"As the Code Compliance Department Director, he oversees the enforcement of laws and ordinances ensuring the quality of life for the people of the City of Miami Beach.","og_url":"https:\/\/www.miamibeachfl.gov\/pt\/city-hall\/code-compliance\/hernan-cardeno\/","og_site_name":"City of Miami Beach","article_publisher":"https:\/\/www.facebook.com\/cityofmiamibeach","article_modified_time":"2023-11-03T12:09:55+00:00","og_image":[{"url":"https:\/\/www.miamibeachfl.gov\/wp-content\/uploads\/bb-plugin\/cache\/HernanCordero100sq-circle.jpg","type":"","width":"","height":""}],"twitter_card":"summary_large_image","twitter_site":"@Miamibeachnews","schema":{"@context":"https:\/\/schema.org","@graph":[{"@type":"WebPage","@id":"https:\/\/www.miamibeachfl.gov\/city-hall\/code-compliance\/hernan-cardeno\/","url":"https:\/\/www.miamibeachfl.gov\/city-hall\/code-compliance\/hernan-cardeno\/","name":"Hernan Cardeno - Cidade de Miami Beach","isPartOf":{"@id":"https:\/\/www.miamibeachfl.gov\/#website"},"primaryImageOfPage":{"@id":"https:\/\/www.miamibeachfl.gov\/city-hall\/code-compliance\/hernan-cardeno\/#primaryimage"},"image":{"@id":"https:\/\/www.miamibeachfl.gov\/city-hall\/code-compliance\/hernan-cardeno\/#primaryimage"},"thumbnailUrl":"https:\/\/www.miamibeachfl.gov\/wp-content\/uploads\/bb-plugin\/cache\/HernanCordero100sq-circle.jpg","datePublished":"2017-11-07T18:23:28+00:00","dateModified":"2023-11-03T12:09:55+00:00","description":"Como Diretor do Departamento de Conformidade do C\u00f3digo, ele supervisiona a aplica\u00e7\u00e3o de leis e decretos que garantem a qualidade de vida das pessoas da cidade de Miami Beach.","breadcrumb":{"@id":"https:\/\/www.miamibeachfl.gov\/city-hall\/code-compliance\/hernan-cardeno\/#breadcrumb"},"inLanguage":"pt-BR","potentialAction":[{"@type":"ReadAction","target":["https:\/\/www.miamibeachfl.gov\/city-hall\/code-compliance\/hernan-cardeno\/"]}]},{"@type":"ImageObject","inLanguage":"pt-BR","@id":"https:\/\/www.miamibeachfl.gov\/city-hall\/code-compliance\/hernan-cardeno\/#primaryimage","url":"https:\/\/www.miamibeachfl.gov\/wp-content\/uploads\/bb-plugin\/cache\/HernanCordero100sq-circle.jpg","contentUrl":"https:\/\/www.miamibeachfl.gov\/wp-content\/uploads\/bb-plugin\/cache\/HernanCordero100sq-circle.jpg"},{"@type":"BreadcrumbList","@id":"https:\/\/www.miamibeachfl.gov\/city-hall\/code-compliance\/hernan-cardeno\/#breadcrumb","itemListElement":[{"@type":"ListItem","position":1,"name":"Home","item":"https:\/\/www.miamibeachfl.gov\/"},{"@type":"ListItem","position":2,"name":"City Hall","item":"https:\/\/www.miamibeachfl.gov\/city-hall\/"},{"@type":"ListItem","position":3,"name":"Code Compliance","item":"https:\/\/www.miamibeachfl.gov\/city-hall\/code-compliance\/"},{"@type":"ListItem","position":4,"name":"Hernan Cardeno"}]},{"@type":"WebSite","@id":"https:\/\/www.miamibeachfl.gov\/#website","url":"https:\/\/www.miamibeachfl.gov\/","name":"Cidade de Miami Beach","description":"Site oficial da cidade de Miami Beach. Mantenha-se informado e encontre informa\u00e7\u00f5es importantes sobre servi\u00e7os municipais, not\u00edcias, alertas, eventos, rotas de bonde, empregos p\u00fablicos e muito mais.","publisher":{"@id":"https:\/\/www.miamibeachfl.gov\/#organization"},"potentialAction":[{"@type":"SearchAction","target":{"@type":"EntryPoint","urlTemplate":"https:\/\/www.miamibeachfl.gov\/?s={search_term_string}"},"query-input":{"@type":"PropertyValueSpecification","valueRequired":true,"valueName":"search_term_string"}}],"inLanguage":"pt-BR"},{"@type":"Organization","@id":"https:\/\/www.miamibeachfl.gov\/#organization","name":"Cidade de Miami Beach","url":"https:\/\/www.miamibeachfl.gov\/","logo":{"@type":"ImageObject","inLanguage":"pt-BR","@id":"https:\/\/www.miamibeachfl.gov\/#\/schema\/logo\/image\/","url":"https:\/\/www.miamibeachfl.gov\/wp-content\/uploads\/2022\/06\/miamibeach-logoblue.png","contentUrl":"https:\/\/www.miamibeachfl.gov\/wp-content\/uploads\/2022\/06\/miamibeach-logoblue.png","width":1962,"height":381,"caption":"City of Miami Beach"},"image":{"@id":"https:\/\/www.miamibeachfl.gov\/#\/schema\/logo\/image\/"},"sameAs":["https:\/\/www.facebook.com\/cityofmiamibeach","https:\/\/x.com\/Miamibeachnews","https:\/\/www.instagram.com\/miamibeachnews\/"],"description":"Site oficial da cidade de Miami Beach. Mantenha-se informado e encontre informa\u00e7\u00f5es importantes sobre servi\u00e7os municipais, not\u00edcias, alertas, eventos, rotas de bonde, empregos p\u00fablicos e muito mais.","telephone":"305.604.CITY(2489)","legalName":"City of Miami Beach"}]}},"_links":{"self":[{"href":"https:\/\/www.miamibeachfl.gov\/pt\/wp-json\/wp\/v2\/pages\/40045","targetHints":{"allow":["GET"]}}],"collection":[{"href":"https:\/\/www.miamibeachfl.gov\/pt\/wp-json\/wp\/v2\/pages"}],"about":[{"href":"https:\/\/www.miamibeachfl.gov\/pt\/wp-json\/wp\/v2\/types\/page"}],"author":[{"embeddable":true,"href":"https:\/\/www.miamibeachfl.gov\/pt\/wp-json\/wp\/v2\/users\/222"}],"replies":[{"embeddable":true,"href":"https:\/\/www.miamibeachfl.gov\/pt\/wp-json\/wp\/v2\/comments?post=40045"}],"version-history":[{"count":0,"href":"https:\/\/www.miamibeachfl.gov\/pt\/wp-json\/wp\/v2\/pages\/40045\/revisions"}],"up":[{"embeddable":true,"href":"https:\/\/www.miamibeachfl.gov\/pt\/wp-json\/wp\/v2\/pages\/28329"}],"wp:attachment":[{"href":"https:\/\/www.miamibeachfl.gov\/pt\/wp-json\/wp\/v2\/media?parent=40045"}],"wp:term":[{"taxonomy":"category","embeddable":true,"href":"https:\/\/www.miamibeachfl.gov\/pt\/wp-json\/wp\/v2\/categories?post=40045"},{"taxonomy":"post_tag","embeddable":true,"href":"https:\/\/www.miamibeachfl.gov\/pt\/wp-json\/wp\/v2\/tags?post=40045"}],"curies":[{"name":"wp","href":"https:\/\/api.w.org\/{rel}","templated":true}]}}