{"id":72977,"date":"2018-06-26T14:52:52","date_gmt":"2018-06-26T18:52:52","guid":{"rendered":"http:\/\/www.miamibeachfl.gov\/city-hall\/city-clerk\/election-information\/related-resolutions\/"},"modified":"2025-02-23T14:52:33","modified_gmt":"2025-02-23T19:52:33","slug":"related-resolutions","status":"publish","type":"page","link":"https:\/\/www.miamibeachfl.gov\/pt\/city-hall\/city-clerk\/election-information\/related-resolutions\/","title":{"rendered":"Resolu\u00e7\u00f5es relacionadas"},"content":{"rendered":"<img loading=\"lazy\" decoding=\"async\" src=\"https:\/\/www.miamibeachfl.gov\/wp-content\/uploads\/2022\/07\/hero-small.jpg\" alt=\"ocean drive art deco buildings\" itemprop=\"image\" height=\"211\" width=\"2395\" title=\"her\u00f3i-pequeno\" onerror=\"this.style.display='none'\"  \/>\n<h1>\n\t\tResolu\u00e7\u00f5es relacionadas\n\t<\/h1>\n\t<nav id=\"breadcrumbs\" aria-label=\"Migalhas de p\u00e3o\"><a href=\"https:\/\/www.miamibeachfl.gov\/pt\/\">Lar<\/a> &gt; <a href=\"https:\/\/www.miamibeachfl.gov\/pt\/city-hall\/\">Prefeitura<\/a> &gt; <a href=\"https:\/\/www.miamibeachfl.gov\/pt\/city-hall\/city-clerk\/\">Escriv\u00e3o da cidade<\/a> &gt; <a href=\"https:\/\/www.miamibeachfl.gov\/pt\/city-hall\/city-clerk\/election-information\/\">Informa\u00e7\u00f5es sobre elei\u00e7\u00f5es<\/a> &gt; <strong>Resolu\u00e7\u00f5es relacionadas<\/strong><\/nav>\n\t<ul>\n<li><a href=\"http:\/\/www.miamibeachfl.gov\/wp-content\/uploads\/2018\/10\/Resolution-2018-30455.pdf\">Resolu\u00e7\u00e3o n\u00ba 2018-30455<\/a><br \/>\nUma Resolu\u00e7\u00e3o do Prefeito e da Comiss\u00e3o Municipal da Cidade de Miami Beach, Fl\u00f3rida, adotando a certifica\u00e7\u00e3o do Conselho Eleitoral do Condado de Miami-Dade para a Elei\u00e7\u00e3o Especial de 28 de agosto de 2018 para a Cidade de Miami Beach e declarando os resultados da mesma.<\/li>\n<li><a href=\"http:\/\/docmgmt.miamibeachfl.gov\/weblink\/DocView.aspx?dbid=0&amp;id=235053&amp;page=1&amp;cr=1\">Resolu\u00e7\u00e3o n\u00ba 2018-30353<\/a><br \/>\nUma Resolu\u00e7\u00e3o do Prefeito e da Comiss\u00e3o Municipal da Cidade de Miami Beach, Fl\u00f3rida, convocando uma elei\u00e7\u00e3o especial em 28 de agosto de 2018, com o prop\u00f3sito de submeter ao eleitorado da Cidade de Miami Beach, Fl\u00f3rida, uma quest\u00e3o de vota\u00e7\u00e3o perguntando se a Se\u00e7\u00e3o 2.02 do Estatuto da Cidade deve ser alterada para prever que a remunera\u00e7\u00e3o anual estabelecida em 1966 para o Prefeito e os Comiss\u00e1rios seja alterada de $10.000 para $75.636 para o Prefeito, e de $6.000 para $45.381 para os Comiss\u00e1rios, respectivamente, e que pode ser indexada anualmente pela Comiss\u00e3o Municipal pela infla\u00e7\u00e3o, em uma audi\u00eancia p\u00fablica notificada, usando o \u00edndice de pre\u00e7os ao consumidor, emitido pelo Departamento do Trabalho dos EUA, em um valor n\u00e3o superior a tr\u00eas (3) por cento ao ano.<\/li>\n<li><a href=\"http:\/\/docmgmt.miamibeachfl.gov\/weblink\/0\/doc\/235054\/Page1.aspx\">Resolu\u00e7\u00e3o n\u00ba 2018-30352<\/a><br \/>\nUma Resolu\u00e7\u00e3o do Prefeito e da Comiss\u00e3o Municipal da Cidade de Miami Beach, Fl\u00f3rida, convocando uma elei\u00e7\u00e3o especial em 28 de agosto de 2018, com o prop\u00f3sito de submeter ao eleitorado da Cidade de Miami Beach, Fl\u00f3rida, uma quest\u00e3o de vota\u00e7\u00e3o perguntando se a Se\u00e7\u00e3o 2 dos Atos Especiais relacionados, intitulada \u201cNomea\u00e7\u00e3o, composi\u00e7\u00e3o e deveres do Conselho de Ajustamento\u201d, deve ser alterada para determinar que dois dos membros do Conselho de Ajustamento sejam cidad\u00e3os em geral, e os cinco membros restantes representem cada um uma das profiss\u00f5es estabelecidas na Se\u00e7\u00e3o 2 dos Atos Especiais relacionados.<\/li>\n<li><a href=\"http:\/\/docmgmt.miamibeachfl.gov\/weblink\/0\/doc\/235983\/Page1.aspx\">Resolu\u00e7\u00e3o n\u00ba 2018-30361<\/a><br \/>\nUma Resolu\u00e7\u00e3o do Prefeito e da Comiss\u00e3o Municipal da Cidade de Miami Beach, Fl\u00f3rida, Reconhecendo e Aprovando a Vota\u00e7\u00e3o Antecipada para a Elei\u00e7\u00e3o Especial da Cidade de Miami Beach de 28 de agosto de 2018.<\/li>\n<li><a href=\"http:\/\/docmgmt.miamibeachfl.gov\/weblink\/0\/doc\/235981\/Page1.aspx\">Resolu\u00e7\u00e3o n\u00ba 2018-30362<\/a><br \/>\nUma Resolu\u00e7\u00e3o do Prefeito e da Comiss\u00e3o Municipal da Cidade de Miami Beach, Fl\u00f3rida, autorizando o Conselho de Apura\u00e7\u00e3o do Condado de Miami-Dade para a Elei\u00e7\u00e3o Prim\u00e1ria de 28 de agosto de 2018 a atuar como Conselho de Apura\u00e7\u00e3o para a Elei\u00e7\u00e3o Especial da Cidade de Miami Beach a ser realizada em 28 de agosto de 2018.<\/li>\n<li><a href=\"http:\/\/docmgmt.miamibeachfl.gov\/weblink\/0\/doc\/235982\/Page1.aspx\">Resolu\u00e7\u00e3o n\u00ba 2018-30363<\/a><br \/>\nUma Resolu\u00e7\u00e3o do Prefeito e da Comiss\u00e3o Municipal da Cidade de Miami Beach, Fl\u00f3rida, aprovando financiamento e uma despesa em um valor n\u00e3o superior a $22.000,00 para o prop\u00f3sito p\u00fablico de informar e educar os eleitores da Cidade de Miami Beach sobre as quest\u00f5es da c\u00e9dula na elei\u00e7\u00e3o especial da cidade em 28 de agosto de 2018, que ser\u00e1 realizada em conjunto com a elei\u00e7\u00e3o prim\u00e1ria, a fim de obter um voto eleitoral mais informado.<\/li>\n<\/ul>\n\t\tNavegar para\u2026\t\t\t\n\t\t\t\t\t<ul id=\"menu-city-clerk-election-menu\"><li id=\"menu-item-363778\"><a href=\"https:\/\/www.miamibeachfl.gov\/pt\/city-hall\/city-clerk\/election-information\/election-information-archive-2018-to-present\/\">Arquivo de 2018 at\u00e9 o presente<\/a><\/li>\n<li id=\"menu-item-363779\"><a href=\"https:\/\/www.miamibeachfl.gov\/pt\/city-hall\/city-clerk\/election-information\/august-18-2020-primary-election\/\">18 de agosto de 2020: Elei\u00e7\u00f5es prim\u00e1rias<\/a><\/li>\n<li id=\"menu-item-363780\"><a href=\"https:\/\/www.miamibeachfl.gov\/pt\/city-hall\/city-clerk\/election-information\/august-2024-primary-election\/\">Elei\u00e7\u00f5es prim\u00e1rias de agosto de 2024<\/a><\/li>\n<li id=\"menu-item-363781\"><a href=\"https:\/\/www.miamibeachfl.gov\/pt\/city-hall\/city-clerk\/election-information\/general-election-2-2\/\">23 de agosto de 2022: Elei\u00e7\u00e3o Especial<\/a><\/li>\n<li id=\"menu-item-363782\"><a href=\"https:\/\/www.miamibeachfl.gov\/pt\/city-hall\/city-clerk\/election-information\/campaign-finance\/\">Leis de financiamento de campanha<\/a><\/li>\n<li id=\"menu-item-363783\"><a href=\"https:\/\/www.miamibeachfl.gov\/pt\/city-hall\/city-clerk\/election-information\/december-17-2019-special-election-allison-island-and-biscayne-beach-only\/\">Elei\u00e7\u00e3o especial de 17 de dezembro de 2019<\/a><\/li>\n<li id=\"menu-item-363784\"><a href=\"https:\/\/www.miamibeachfl.gov\/pt\/city-hall\/city-clerk\/election-information\/ecos-registered-with-the-department-of-state\/\">ECOs registrados no Departamento de Estado<\/a><\/li>\n<li id=\"menu-item-363785\"><a href=\"https:\/\/www.miamibeachfl.gov\/pt\/city-hall\/city-clerk\/election-information\/election-related-resolutions\/\">Resolu\u00e7\u00f5es relacionadas \u00e0s elei\u00e7\u00f5es<\/a><\/li>\n<li id=\"menu-item-363786\"><a href=\"https:\/\/www.miamibeachfl.gov\/pt\/city-hall\/city-clerk\/election-information\/general-election\/\">Elei\u00e7\u00f5es gerais e especiais\/Segundo turno<\/a><\/li>\n<li id=\"menu-item-363787\"><a href=\"https:\/\/www.miamibeachfl.gov\/pt\/city-hall\/city-clerk\/election-information\/general-election-2\/\">Elei\u00e7\u00e3o Geral<\/a><\/li>\n<li id=\"menu-item-363813\"><a href=\"https:\/\/www.miamibeachfl.gov\/pt\/city-hall\/city-clerk\/election-information\/lrbid-renewalelection\/\">Elei\u00e7\u00e3o para renova\u00e7\u00e3o do distrito de melhorias comerciais da Lincoln Road<\/a><\/li>\n<li id=\"menu-item-363814\"><a href=\"https:\/\/www.miamibeachfl.gov\/pt\/city-hall\/city-clerk\/election-information\/mail-ballot-election-for-the-creation-of-a-special-assessment-district-to-be-known-as-the-south-beach-business-improvement-district\/\">Elei\u00e7\u00e3o por c\u00e9dula de correio<\/a><\/li>\n<li id=\"menu-item-363788\"><a href=\"https:\/\/www.miamibeachfl.gov\/pt\/city-hall\/city-clerk\/election-information\/march-17-2020-presidential-preference-primary-election\/\">17 de mar\u00e7o de 2020: Elei\u00e7\u00e3o prim\u00e1ria de prefer\u00eancia presidencial<\/a><\/li>\n<li id=\"menu-item-363789\"><a href=\"https:\/\/www.miamibeachfl.gov\/pt\/city-hall\/city-clerk\/election-information\/most-commonly-used-election-forms\/\">Formul\u00e1rios eleitorais mais comumente usados<\/a><\/li>\n<li id=\"menu-item-363790\"><a href=\"https:\/\/www.miamibeachfl.gov\/pt\/city-hall\/city-clerk\/election-information\/november-3-2020-general-election\/\">3 de novembro de 2020: Elei\u00e7\u00e3o Geral<\/a><\/li>\n<li id=\"menu-item-363791\"><a href=\"https:\/\/www.miamibeachfl.gov\/pt\/city-hall\/city-clerk\/election-information\/november-4-2025-general-and-special-elections\/\">4 de novembro de 2025: Elei\u00e7\u00e3o Geral<\/a><\/li>\n<li id=\"menu-item-363792\"><a href=\"https:\/\/www.miamibeachfl.gov\/pt\/city-hall\/city-clerk\/election-information\/november-5-2024-general-and-special-elections\/\">5 de novembro de 2024: Elei\u00e7\u00e3o Especial<\/a><\/li>\n<li id=\"menu-item-363793\"><a href=\"https:\/\/www.miamibeachfl.gov\/pt\/city-hall\/city-clerk\/election-information\/november-8-2022-special-election-to-fill-vacancy-special-election-for-referendum\/\">8 de novembro de 2022: Elei\u00e7\u00e3o especial para preencher vaga e elei\u00e7\u00e3o especial para referendos<\/a><\/li>\n<li id=\"menu-item-363794\"><a href=\"https:\/\/www.miamibeachfl.gov\/pt\/city-hall\/city-clerk\/election-information\/related-resolution\/\">Resolu\u00e7\u00f5es relacionadas<\/a><\/li>\n<li id=\"menu-item-363795\"><a href=\"https:\/\/www.miamibeachfl.gov\/pt\/city-hall\/city-clerk\/election-information\/related-resolutions-november-5-2024\/\">Resolu\u00e7\u00f5es relacionadas \u2013 5 DE NOVEMBRO DE 2024<\/a><\/li>\n<li id=\"menu-item-363796\"><a href=\"https:\/\/www.miamibeachfl.gov\/pt\/city-hall\/city-clerk\/election-information\/related-resolutions-november-7-2023\/\">Resolu\u00e7\u00f5es relacionadas \u2013 7 de novembro de 2023<\/a><\/li>\n<li id=\"menu-item-363797\"><a href=\"https:\/\/www.miamibeachfl.gov\/pt\/city-hall\/city-clerk\/election-information\/resolutions\/\">Resolu\u00e7\u00f5es<\/a><\/li>\n<li id=\"menu-item-363798\"><a href=\"https:\/\/www.miamibeachfl.gov\/pt\/city-hall\/city-clerk\/election-information\/south-beach-bid-election\/\">Elei\u00e7\u00e3o para Candidatura em South Beach<\/a><\/li>\n<li id=\"menu-item-363799\"><a href=\"https:\/\/www.miamibeachfl.gov\/pt\/city-hall\/city-clerk\/election-information\/special-election-to-fill-vancancy-runoff\/\">Elei\u00e7\u00e3o especial para preencher vaga no segundo turno<\/a><\/li>\n<\/ul>\t\n\t<div class=\"page-navigation\"><a class=\"prev-page\" href=\"https:\/\/www.miamibeachfl.gov\/pt\/city-hall\/city-clerk\/election-information\/election-information-archive-2018-to-present\/\">\u2190 Arquivo 2018 at\u00e9 o presente<\/a> <a class=\"next-page\" href=\"https:\/\/www.miamibeachfl.gov\/pt\/city-hall\/city-clerk\/election-information\/november-6-2018-special-election\/\">6 de novembro de 2018 - Elei\u00e7\u00e3o Especial \u2192<\/a><\/div>","protected":false},"excerpt":{"rendered":"<p>Resolu\u00e7\u00f5es relacionadas In\u00edcio &gt; Prefeitura &gt; Secret\u00e1rio da Cidade &gt; Informa\u00e7\u00f5es Eleitorais &gt; Resolu\u00e7\u00f5es relacionadas Resolu\u00e7\u00e3o n\u00ba 2018-30455 Uma Resolu\u00e7\u00e3o [\u2026]<\/p>","protected":false},"author":222,"featured_media":0,"parent":28358,"menu_order":123,"comment_status":"closed","ping_status":"closed","template":"page-blank.php","meta":{"_searchwp_excluded":"","site-sidebar-layout":"default","site-content-layout":"","ast-site-content-layout":"default","site-content-style":"default","site-sidebar-style":"default","ast-global-header-display":"","ast-banner-title-visibility":"","ast-main-header-display":"","ast-hfb-above-header-display":"","ast-hfb-below-header-display":"","ast-hfb-mobile-header-display":"","site-post-title":"","ast-breadcrumbs-content":"","ast-featured-img":"","footer-sml-layout":"","theme-transparent-header-meta":"","adv-header-id-meta":"","stick-header-meta":"","header-above-stick-meta":"","header-main-stick-meta":"","header-below-stick-meta":"","astra-migrate-meta-layouts":"default","ast-page-background-enabled":"default","ast-page-background-meta":{"desktop":{"background-color":"var(--ast-global-color-5)","background-image":"","background-repeat":"repeat","background-position":"center center","background-size":"auto","background-attachment":"scroll","background-type":"","background-media":"","overlay-type":"","overlay-color":"","overlay-opacity":"","overlay-gradient":""},"tablet":{"background-color":"","background-image":"","background-repeat":"repeat","background-position":"center center","background-size":"auto","background-attachment":"scroll","background-type":"","background-media":"","overlay-type":"","overlay-color":"","overlay-opacity":"","overlay-gradient":""},"mobile":{"background-color":"","background-image":"","background-repeat":"repeat","background-position":"center center","background-size":"auto","background-attachment":"scroll","background-type":"","background-media":"","overlay-type":"","overlay-color":"","overlay-opacity":"","overlay-gradient":""}},"ast-content-background-meta":{"desktop":{"background-color":"var(--ast-global-color-4)","background-image":"","background-repeat":"repeat","background-position":"center center","background-size":"auto","background-attachment":"scroll","background-type":"","background-media":"","overlay-type":"","overlay-color":"","overlay-opacity":"","overlay-gradient":""},"tablet":{"background-color":"var(--ast-global-color-4)","background-image":"","background-repeat":"repeat","background-position":"center center","background-size":"auto","background-attachment":"scroll","background-type":"","background-media":"","overlay-type":"","overlay-color":"","overlay-opacity":"","overlay-gradient":""},"mobile":{"background-color":"var(--ast-global-color-4)","background-image":"","background-repeat":"repeat","background-position":"center center","background-size":"auto","background-attachment":"scroll","background-type":"","background-media":"","overlay-type":"","overlay-color":"","overlay-opacity":"","overlay-gradient":""}},"footnotes":""},"categories":[],"tags":[],"class_list":["post-72977","page","type-page","status-publish","hentry"],"yoast_head":"<!-- This site is optimized with the Yoast SEO Premium plugin v26.6 (Yoast SEO v26.6) - https:\/\/yoast.com\/wordpress\/plugins\/seo\/ -->\n<title>Related Resolutions - City of Miami Beach<\/title>\n<meta name=\"description\" content=\"%\" \/>\n<meta name=\"robots\" content=\"index, follow, max-snippet:-1, max-image-preview:large, max-video-preview:-1\" \/>\n<link rel=\"canonical\" href=\"https:\/\/www.miamibeachfl.gov\/pt\/city-hall\/city-clerk\/election-information\/related-resolutions\/\" \/>\n<meta property=\"og:locale\" content=\"pt_BR\" \/>\n<meta property=\"og:type\" content=\"article\" \/>\n<meta property=\"og:title\" content=\"Related Resolutions\" \/>\n<meta property=\"og:description\" content=\"%\" \/>\n<meta property=\"og:url\" content=\"https:\/\/www.miamibeachfl.gov\/pt\/city-hall\/city-clerk\/election-information\/related-resolutions\/\" \/>\n<meta property=\"og:site_name\" content=\"City of Miami Beach\" \/>\n<meta property=\"article:publisher\" content=\"https:\/\/www.facebook.com\/cityofmiamibeach\" \/>\n<meta property=\"article:modified_time\" content=\"2025-02-23T19:52:33+00:00\" \/>\n<meta property=\"og:image\" content=\"https:\/\/www.miamibeachfl.gov\/wp-content\/uploads\/2022\/07\/hero-small.jpg\" \/>\n<meta name=\"twitter:card\" content=\"summary_large_image\" \/>\n<meta name=\"twitter:site\" content=\"@Miamibeachnews\" \/>\n<script type=\"application\/ld+json\" class=\"yoast-schema-graph\">{\"@context\":\"https:\/\/schema.org\",\"@graph\":[{\"@type\":\"WebPage\",\"@id\":\"https:\/\/www.miamibeachfl.gov\/city-hall\/city-clerk\/election-information\/related-resolutions\/\",\"url\":\"https:\/\/www.miamibeachfl.gov\/city-hall\/city-clerk\/election-information\/related-resolutions\/\",\"name\":\"Related Resolutions - City of Miami Beach\",\"isPartOf\":{\"@id\":\"https:\/\/www.miamibeachfl.gov\/#website\"},\"primaryImageOfPage\":{\"@id\":\"https:\/\/www.miamibeachfl.gov\/city-hall\/city-clerk\/election-information\/related-resolutions\/#primaryimage\"},\"image\":{\"@id\":\"https:\/\/www.miamibeachfl.gov\/city-hall\/city-clerk\/election-information\/related-resolutions\/#primaryimage\"},\"thumbnailUrl\":\"https:\/\/www.miamibeachfl.gov\/wp-content\/uploads\/2022\/07\/hero-small.jpg\",\"datePublished\":\"2018-06-26T18:52:52+00:00\",\"dateModified\":\"2025-02-23T19:52:33+00:00\",\"description\":\"%\",\"breadcrumb\":{\"@id\":\"https:\/\/www.miamibeachfl.gov\/city-hall\/city-clerk\/election-information\/related-resolutions\/#breadcrumb\"},\"inLanguage\":\"pt-BR\",\"potentialAction\":[{\"@type\":\"ReadAction\",\"target\":[\"https:\/\/www.miamibeachfl.gov\/city-hall\/city-clerk\/election-information\/related-resolutions\/\"]}]},{\"@type\":\"ImageObject\",\"inLanguage\":\"pt-BR\",\"@id\":\"https:\/\/www.miamibeachfl.gov\/city-hall\/city-clerk\/election-information\/related-resolutions\/#primaryimage\",\"url\":\"https:\/\/www.miamibeachfl.gov\/wp-content\/uploads\/2022\/07\/hero-small.jpg\",\"contentUrl\":\"https:\/\/www.miamibeachfl.gov\/wp-content\/uploads\/2022\/07\/hero-small.jpg\"},{\"@type\":\"BreadcrumbList\",\"@id\":\"https:\/\/www.miamibeachfl.gov\/city-hall\/city-clerk\/election-information\/related-resolutions\/#breadcrumb\",\"itemListElement\":[{\"@type\":\"ListItem\",\"position\":1,\"name\":\"Home\",\"item\":\"https:\/\/www.miamibeachfl.gov\/\"},{\"@type\":\"ListItem\",\"position\":2,\"name\":\"City Hall\",\"item\":\"https:\/\/www.miamibeachfl.gov\/city-hall\/\"},{\"@type\":\"ListItem\",\"position\":3,\"name\":\"City Clerk\",\"item\":\"https:\/\/www.miamibeachfl.gov\/city-hall\/city-clerk\/\"},{\"@type\":\"ListItem\",\"position\":4,\"name\":\"Election Information\",\"item\":\"https:\/\/www.miamibeachfl.gov\/city-hall\/city-clerk\/election-information\/\"},{\"@type\":\"ListItem\",\"position\":5,\"name\":\"Related Resolutions\"}]},{\"@type\":\"WebSite\",\"@id\":\"https:\/\/www.miamibeachfl.gov\/#website\",\"url\":\"https:\/\/www.miamibeachfl.gov\/\",\"name\":\"City of Miami Beach\",\"description\":\"The official website of the City of Miami Beach. Stay informed, find important information on city services, news, alerts, events, trolley routes, government employment and more.\",\"publisher\":{\"@id\":\"https:\/\/www.miamibeachfl.gov\/#organization\"},\"potentialAction\":[{\"@type\":\"SearchAction\",\"target\":{\"@type\":\"EntryPoint\",\"urlTemplate\":\"https:\/\/www.miamibeachfl.gov\/?s={search_term_string}\"},\"query-input\":{\"@type\":\"PropertyValueSpecification\",\"valueRequired\":true,\"valueName\":\"search_term_string\"}}],\"inLanguage\":\"pt-BR\"},{\"@type\":\"Organization\",\"@id\":\"https:\/\/www.miamibeachfl.gov\/#organization\",\"name\":\"City of Miami Beach\",\"url\":\"https:\/\/www.miamibeachfl.gov\/\",\"logo\":{\"@type\":\"ImageObject\",\"inLanguage\":\"pt-BR\",\"@id\":\"https:\/\/www.miamibeachfl.gov\/#\/schema\/logo\/image\/\",\"url\":\"https:\/\/www.miamibeachfl.gov\/wp-content\/uploads\/2022\/06\/miamibeach-logoblue.png\",\"contentUrl\":\"https:\/\/www.miamibeachfl.gov\/wp-content\/uploads\/2022\/06\/miamibeach-logoblue.png\",\"width\":1962,\"height\":381,\"caption\":\"City of Miami Beach\"},\"image\":{\"@id\":\"https:\/\/www.miamibeachfl.gov\/#\/schema\/logo\/image\/\"},\"sameAs\":[\"https:\/\/www.facebook.com\/cityofmiamibeach\",\"https:\/\/x.com\/Miamibeachnews\",\"https:\/\/www.instagram.com\/miamibeachnews\/\"],\"description\":\"The official website of the City of Miami Beach. Stay informed, find important information on city services, news, alerts, events, trolley routes, government employment and more.\",\"telephone\":\"305.604.CITY(2489)\",\"legalName\":\"City of Miami Beach\"}]}<\/script>\n<!-- \/ Yoast SEO Premium plugin. -->","yoast_head_json":{"title":"Resolu\u00e7\u00f5es relacionadas - Cidade de Miami Beach","description":"%","robots":{"index":"index","follow":"follow","max-snippet":"max-snippet:-1","max-image-preview":"max-image-preview:large","max-video-preview":"max-video-preview:-1"},"canonical":"https:\/\/www.miamibeachfl.gov\/pt\/city-hall\/city-clerk\/election-information\/related-resolutions\/","og_locale":"pt_BR","og_type":"article","og_title":"Related Resolutions","og_description":"%","og_url":"https:\/\/www.miamibeachfl.gov\/pt\/city-hall\/city-clerk\/election-information\/related-resolutions\/","og_site_name":"City of Miami Beach","article_publisher":"https:\/\/www.facebook.com\/cityofmiamibeach","article_modified_time":"2025-02-23T19:52:33+00:00","og_image":[{"url":"https:\/\/www.miamibeachfl.gov\/wp-content\/uploads\/2022\/07\/hero-small.jpg","type":"","width":"","height":""}],"twitter_card":"summary_large_image","twitter_site":"@Miamibeachnews","schema":{"@context":"https:\/\/schema.org","@graph":[{"@type":"WebPage","@id":"https:\/\/www.miamibeachfl.gov\/city-hall\/city-clerk\/election-information\/related-resolutions\/","url":"https:\/\/www.miamibeachfl.gov\/city-hall\/city-clerk\/election-information\/related-resolutions\/","name":"Resolu\u00e7\u00f5es relacionadas - Cidade de Miami Beach","isPartOf":{"@id":"https:\/\/www.miamibeachfl.gov\/#website"},"primaryImageOfPage":{"@id":"https:\/\/www.miamibeachfl.gov\/city-hall\/city-clerk\/election-information\/related-resolutions\/#primaryimage"},"image":{"@id":"https:\/\/www.miamibeachfl.gov\/city-hall\/city-clerk\/election-information\/related-resolutions\/#primaryimage"},"thumbnailUrl":"https:\/\/www.miamibeachfl.gov\/wp-content\/uploads\/2022\/07\/hero-small.jpg","datePublished":"2018-06-26T18:52:52+00:00","dateModified":"2025-02-23T19:52:33+00:00","description":"%","breadcrumb":{"@id":"https:\/\/www.miamibeachfl.gov\/city-hall\/city-clerk\/election-information\/related-resolutions\/#breadcrumb"},"inLanguage":"pt-BR","potentialAction":[{"@type":"ReadAction","target":["https:\/\/www.miamibeachfl.gov\/city-hall\/city-clerk\/election-information\/related-resolutions\/"]}]},{"@type":"ImageObject","inLanguage":"pt-BR","@id":"https:\/\/www.miamibeachfl.gov\/city-hall\/city-clerk\/election-information\/related-resolutions\/#primaryimage","url":"https:\/\/www.miamibeachfl.gov\/wp-content\/uploads\/2022\/07\/hero-small.jpg","contentUrl":"https:\/\/www.miamibeachfl.gov\/wp-content\/uploads\/2022\/07\/hero-small.jpg"},{"@type":"BreadcrumbList","@id":"https:\/\/www.miamibeachfl.gov\/city-hall\/city-clerk\/election-information\/related-resolutions\/#breadcrumb","itemListElement":[{"@type":"ListItem","position":1,"name":"Home","item":"https:\/\/www.miamibeachfl.gov\/"},{"@type":"ListItem","position":2,"name":"City Hall","item":"https:\/\/www.miamibeachfl.gov\/city-hall\/"},{"@type":"ListItem","position":3,"name":"City Clerk","item":"https:\/\/www.miamibeachfl.gov\/city-hall\/city-clerk\/"},{"@type":"ListItem","position":4,"name":"Election Information","item":"https:\/\/www.miamibeachfl.gov\/city-hall\/city-clerk\/election-information\/"},{"@type":"ListItem","position":5,"name":"Related Resolutions"}]},{"@type":"WebSite","@id":"https:\/\/www.miamibeachfl.gov\/#website","url":"https:\/\/www.miamibeachfl.gov\/","name":"Cidade de Miami Beach","description":"Site oficial da cidade de Miami Beach. Mantenha-se informado e encontre informa\u00e7\u00f5es importantes sobre servi\u00e7os municipais, not\u00edcias, alertas, eventos, rotas de bonde, empregos p\u00fablicos e muito mais.","publisher":{"@id":"https:\/\/www.miamibeachfl.gov\/#organization"},"potentialAction":[{"@type":"SearchAction","target":{"@type":"EntryPoint","urlTemplate":"https:\/\/www.miamibeachfl.gov\/?s={search_term_string}"},"query-input":{"@type":"PropertyValueSpecification","valueRequired":true,"valueName":"search_term_string"}}],"inLanguage":"pt-BR"},{"@type":"Organization","@id":"https:\/\/www.miamibeachfl.gov\/#organization","name":"Cidade de Miami Beach","url":"https:\/\/www.miamibeachfl.gov\/","logo":{"@type":"ImageObject","inLanguage":"pt-BR","@id":"https:\/\/www.miamibeachfl.gov\/#\/schema\/logo\/image\/","url":"https:\/\/www.miamibeachfl.gov\/wp-content\/uploads\/2022\/06\/miamibeach-logoblue.png","contentUrl":"https:\/\/www.miamibeachfl.gov\/wp-content\/uploads\/2022\/06\/miamibeach-logoblue.png","width":1962,"height":381,"caption":"City of Miami Beach"},"image":{"@id":"https:\/\/www.miamibeachfl.gov\/#\/schema\/logo\/image\/"},"sameAs":["https:\/\/www.facebook.com\/cityofmiamibeach","https:\/\/x.com\/Miamibeachnews","https:\/\/www.instagram.com\/miamibeachnews\/"],"description":"Site oficial da cidade de Miami Beach. Mantenha-se informado e encontre informa\u00e7\u00f5es importantes sobre servi\u00e7os municipais, not\u00edcias, alertas, eventos, rotas de bonde, empregos p\u00fablicos e muito mais.","telephone":"305.604.CITY(2489)","legalName":"City of Miami Beach"}]}},"_links":{"self":[{"href":"https:\/\/www.miamibeachfl.gov\/pt\/wp-json\/wp\/v2\/pages\/72977","targetHints":{"allow":["GET"]}}],"collection":[{"href":"https:\/\/www.miamibeachfl.gov\/pt\/wp-json\/wp\/v2\/pages"}],"about":[{"href":"https:\/\/www.miamibeachfl.gov\/pt\/wp-json\/wp\/v2\/types\/page"}],"author":[{"embeddable":true,"href":"https:\/\/www.miamibeachfl.gov\/pt\/wp-json\/wp\/v2\/users\/222"}],"replies":[{"embeddable":true,"href":"https:\/\/www.miamibeachfl.gov\/pt\/wp-json\/wp\/v2\/comments?post=72977"}],"version-history":[{"count":0,"href":"https:\/\/www.miamibeachfl.gov\/pt\/wp-json\/wp\/v2\/pages\/72977\/revisions"}],"up":[{"embeddable":true,"href":"https:\/\/www.miamibeachfl.gov\/pt\/wp-json\/wp\/v2\/pages\/28358"}],"wp:attachment":[{"href":"https:\/\/www.miamibeachfl.gov\/pt\/wp-json\/wp\/v2\/media?parent=72977"}],"wp:term":[{"taxonomy":"category","embeddable":true,"href":"https:\/\/www.miamibeachfl.gov\/pt\/wp-json\/wp\/v2\/categories?post=72977"},{"taxonomy":"post_tag","embeddable":true,"href":"https:\/\/www.miamibeachfl.gov\/pt\/wp-json\/wp\/v2\/tags?post=72977"}],"curies":[{"name":"wp","href":"https:\/\/api.w.org\/{rel}","templated":true}]}}