{"id":76916,"date":"2018-08-14T09:59:04","date_gmt":"2018-08-14T13:59:04","guid":{"rendered":"http:\/\/www.miamibeachfl.gov\/city-hall\/city-clerk\/election-information\/november-6-2018-special-election\/"},"modified":"2025-02-23T14:45:45","modified_gmt":"2025-02-23T19:45:45","slug":"november-6-2018-special-election","status":"publish","type":"page","link":"https:\/\/www.miamibeachfl.gov\/pt\/city-hall\/city-clerk\/election-information\/november-6-2018-special-election\/","title":{"rendered":"6 de novembro de 2018 \u2013 Elei\u00e7\u00e3o Especial"},"content":{"rendered":"<img loading=\"lazy\" decoding=\"async\" src=\"https:\/\/www.miamibeachfl.gov\/wp-content\/uploads\/2022\/07\/hero-small.jpg\" alt=\"ocean drive art deco buildings\" itemprop=\"image\" height=\"211\" width=\"2395\" title=\"her\u00f3i-pequeno\" onerror=\"this.style.display='none'\"  \/>\n<h1>\n\t\t6 de novembro de 2018 \u2013 Elei\u00e7\u00e3o Especial\n\t<\/h1>\n\t<nav id=\"breadcrumbs\" aria-label=\"Migalhas de p\u00e3o\"><a href=\"https:\/\/www.miamibeachfl.gov\/pt\/\">Lar<\/a> &gt; <a href=\"https:\/\/www.miamibeachfl.gov\/pt\/city-hall\/\">Prefeitura<\/a> &gt; <a href=\"https:\/\/www.miamibeachfl.gov\/pt\/city-hall\/city-clerk\/\">Escriv\u00e3o da cidade<\/a> &gt; <a href=\"https:\/\/www.miamibeachfl.gov\/pt\/city-hall\/city-clerk\/election-information\/\">Informa\u00e7\u00f5es sobre elei\u00e7\u00f5es<\/a> &gt; <strong>6 de novembro de 2018 \u2013 Elei\u00e7\u00e3o Especial<\/strong><\/nav>\n\t<p><a href=\"http:\/\/www.miamibeachfl.gov\/wp-content\/uploads\/2021\/05\/2018-30619-Resolution.pdf\">Resolu\u00e7\u00e3o que adota a certifica\u00e7\u00e3o da elei\u00e7\u00e3o especial<\/a><\/p>\n<p><a href=\"http:\/\/www.miamibeachfl.gov\/wp-content\/uploads\/2018\/11\/Certification-Official-Miami-Beach-Special-Election-11-06-18.pdf\">Certifica\u00e7\u00e3o de Resultados Oficiais<\/a><\/p>\n<p><a href=\"http:\/\/www.miamibeachfl.gov\/wp-content\/uploads\/2018\/11\/Results-Official-Miami-Beach-Special-11-06-18.pdf\">Resultados oficiais das elei\u00e7\u00f5es<\/a><\/p>\n<p><a href=\"https:\/\/results.enr.clarityelections.com\/FL\/Dade\/91423\/Web02.214799\/#\/\">Resultados da noite eleitoral<\/a><\/p>\n<p><a href=\"http:\/\/www.miamibeachfl.gov\/wp-content\/uploads\/2018\/11\/LTC-593-2018-November-6-2018-City-of-Miami-Beach-Special-Electi.pdf\">Elei\u00e7\u00f5es Especiais da Cidade de Miami Beach de 6 de novembro de 2018 \u2013 Preliminares (Resultados N\u00e3o Oficiais)<\/a><\/p>\n<p><a href=\"https:\/\/www8.miamidade.gov\/elections\/wait-times.asp\">Tempos de espera para vota\u00e7\u00e3o antecipada \/ Tempos de espera de vota\u00e7\u00e3o antecipada<\/a><\/p>\n<p><a href=\"http:\/\/www.miamibeachfl.gov\/wp-content\/uploads\/2018\/11\/2018-general-election-early-voting-stats.pdf\">Relat\u00f3rio de Vota\u00e7\u00e3o Antecipada \/ Informe de Votaci\u00f3n Antecipada<\/a><\/p>\n<p><a href=\"http:\/\/www.miamibeachfl.gov\/wp-content\/uploads\/2018\/10\/GOBondAd-2018-1.pdf\">Informa\u00e7\u00f5es Gerais \/ Informa\u00e7\u00f5es Gerais<\/a><\/p>\n<p><a href=\"http:\/\/www.miamibeachfl.gov\/wp-content\/uploads\/2018\/09\/Voters-Guide-2018.pdf\">Guia do Eleitor \/ Guia del Votante<\/a><\/p>\n<a href=\"https:\/\/www.youtube.com\/watch?v=S2IwOsuxtMg&amp;feature=youtu.be\">Guia do Eleitor em V\u00eddeo<\/a><br \/>\n<a href=\"https:\/\/www.youtube.com\/watch?v=IjsryQ1U-Zs&amp;feature=youtu.be\">Guia de V\u00eddeo do Votante<\/a>\n<a href=\"http:\/\/www.miamibeachfl.gov\/wp-content\/uploads\/2018\/10\/110618-10-Voter-Education-Ad-2.pdf\">Cronograma de Programa\u00e7\u00e3o de Educa\u00e7\u00e3o Eleitoral<\/a><br \/>\n<a href=\"http:\/\/www.miamibeachfl.gov\/wp-content\/uploads\/2018\/10\/110618-10-ES-Voter-Education-Ad-2.pdf\">Horario do Programa Educativo para Eleitores<\/a>\n<p><a href=\"http:\/\/www.miamibeachfl.gov\/wp-content\/uploads\/2018\/09\/Frequently-Asked-Questions.pdf\">Perguntas frequentes \/ Perguntas frequentes<\/a><\/p>\n<p><a href=\"http:\/\/www.miamibeachfl.gov\/wp-content\/uploads\/2018\/10\/Message-from-the-Supervisor-of-Elections.pdf\">Mensagem do Supervisor de Elei\u00e7\u00f5es<\/a><\/p>\n<a href=\"http:\/\/www.miamibeachfl.gov\/wp-content\/uploads\/2018\/10\/Sample-Ballot-Miami-Beach-Special-Election-11-06-18.pdf\">Modelo de c\u00e9dula oficial \u2013 Elei\u00e7\u00e3o especial de Miami Beach<\/a><br \/>\n<a href=\"http:\/\/www.miamibeachfl.gov\/wp-content\/uploads\/2018\/10\/Sample-Ballot-Miami-Beach-Special-Election-11-06-18.pdf\">Boleta Oficial de Mostra \u2013 Elei\u00e7\u00e3o Especial de Miami Beach<\/a>\n<a href=\"https:\/\/www8.miamidade.gov\/global\/service.page?Mduid_service=ser151187731708822\">Obtenha uma c\u00e9dula de vota\u00e7\u00e3o de amostra personalizada<\/a><br \/>\n<a href=\"https:\/\/www8.miamidade.gov\/global\/service.page?Mduid_service=ser151187731708822\">Obtenha uma Boleta de Demonstra\u00e7\u00e3o Personalizada<\/a>\n<a href=\"https:\/\/www8.miamidade.gov\/global\/service.page?Mduid_service=ser151187731708822\">Onde votar no dia da elei\u00e7\u00e3o<\/a><br \/>\n<a href=\"https:\/\/www8.miamidade.gov\/global\/service.page?Mduid_service=ser151187731708822\">Onde Votar no Dia da Elei\u00e7\u00e3o<\/a>\n<a href=\"http:\/\/www.miamibeachfl.gov\/wp-content\/uploads\/2019\/10\/2019-110519-03-EARLY-VOTING-REG-1-1.pdf\">Locais e cronograma de vota\u00e7\u00e3o antecipada na cidade de Miami Beach<br \/>\nLugares e hor\u00e1rios de vota\u00e7\u00e3o antecipados na cidade de Miami Beach<\/a>\n<a href=\"https:\/\/www8.miamidade.gov\/global\/service.page?Mduid_service=ser1511962555914873\">Locais e cronograma de vota\u00e7\u00e3o antecipada no Condado de Miami-Dade<\/a><br \/>\n<a href=\"https:\/\/www8.miamidade.gov\/global\/service.page?Mduid_service=ser1511962555914873\">Lugares e hor\u00e1rios de vota\u00e7\u00e3o antecipados no Condado Miami-Dade<\/a>\n<a href=\"http:\/\/www.miamibeachfl.gov\/wp-content\/uploads\/2018\/09\/Temporary-Polling-Place-Change.pdf\">Mudan\u00e7a tempor\u00e1ria de local de vota\u00e7\u00e3o<\/a><br \/>\n<a href=\"http:\/\/www.miamibeachfl.gov\/wp-content\/uploads\/2018\/09\/Aviso-de-Cambio-Temporal-de-Recinto-de-Votaci\u00f3n.pdf\">Aviso de mudan\u00e7a temporal de recinto de vota\u00e7\u00e3o<\/a>\n<a href=\"https:\/\/www.miamidade.gov\/elections\/library\/legal-notices\/2018-11-06-canvassing-board-schedule-general-election.pdf\">Cronograma do Conselho de Escrut\u00ednio de Miami-Dade<\/a><br \/>\n<a href=\"https:\/\/www.miamidade.gov\/elections\/library\/legal-notices\/2018-11-06-canvassing-board-schedule-general-election.pdf\">Cronograma da Junta de Escrut\u00ednio do Condado Miami-Dade<\/a>\n<a href=\"http:\/\/www.miamibeachfl.gov\/wp-content\/uploads\/2018\/09\/Miami-Beach-Polling-Place-List.pdf\">Lista de locais de vota\u00e7\u00e3o em Miami Beach<\/a><br \/>\n<a href=\"http:\/\/www.miamibeachfl.gov\/wp-content\/uploads\/2018\/09\/Lista-de-Lugares-de-Votaci\u00f3n-de-Miami-Beach.pdf\">Lista de lugares de vota\u00e7\u00e3o em Miami Beach<\/a>\n<a href=\"https:\/\/www8.miamidade.gov\/global\/service.page?Mduid_service=ser1482258761076685&amp;Mduid_location=org146299202858021&amp;Type_organization=organization&amp;Type_collection=&amp;Mduid_organization=org146299202858021\">O \u00faltimo dia para se registrar para votar \u00e9 <strong>9 de outubro de 2018<\/strong><\/a><br \/>\n<a href=\"https:\/\/www8.miamidade.gov\/global\/service.page?Mduid_service=ser1482258761076685&amp;Mduid_location=org146299202858021&amp;Type_organization=organization&amp;Type_collection=&amp;Mduid_organization=org146299202858021\">\u00daltimo dia para registrarse para votar \u00e9 o <strong>9 de outubro de 2018<\/strong><\/a>\n<a href=\"https:\/\/www8.miamidade.gov\/global\/service.page?Mduid_service=ser1512065909614490\">O \u00faltimo dia para solicitar uma c\u00e9dula de vota\u00e7\u00e3o pelo correio \u00e9 <strong>31 de outubro de 2018<\/strong><\/a><br \/>\n<a href=\"https:\/\/www8.miamidade.gov\/global\/service.page?Mduid_service=ser1512065909614490\">\u00daltimo dia para solicitar um boleto de voto por Correo \u00e9 o <strong>31 de outubro de 2018<\/strong><\/a>\n<p><a href=\"http:\/\/www.miamibeachfl.gov\/wp-content\/uploads\/2018\/09\/Calendar-of-Reporting-Dates-for-PCs-and-ECOs.pdf\">Calend\u00e1rio de Datas de Relat\u00f3rios para PCs e ECOs<\/a><\/p>\n<a href=\"http:\/\/www.miamibeachfl.gov\/wp-content\/uploads\/2018\/09\/110618-01-NOTICE-OF-SPECIAL-ELECTION-REG.pdf\">Aviso de Elei\u00e7\u00e3o Especial<\/a><br \/>\n<a href=\"http:\/\/www.miamibeachfl.gov\/wp-content\/uploads\/2018\/09\/110618-01-ES-AVISO-DE-ELECCION-ESPECIAL-REG.pdf\">Aviso de Elei\u00e7\u00e3o Especial<\/a>\n<p><a href=\"https:\/\/www.miamibeachfl.gov\/pt\/city-hall\/city-clerk\/election-information\/november-6-2018-special-election\/related-resolutions\/\">Resolu\u00e7\u00f5es relacionadas<\/a><\/p>\n\t\t\t<a href=\"https:\/\/www.miamibeachfl.gov\/pt\/city-hall\/city-clerk\/election-information\/november-6-2018-special-election\/related-resolutions\/\" target=\"_self\" rel=\"noopener\">\n\t\t\t\t\t\t\tResolu\u00e7\u00f5es relacionadas\n\t\t\t\t\t<\/a>\n\t<div class=\"page-navigation\"><a class=\"prev-page\" href=\"https:\/\/www.miamibeachfl.gov\/pt\/city-hall\/city-clerk\/election-information\/related-resolutions\/\">\u2190 Resolu\u00e7\u00f5es relacionadas<\/a> <a class=\"next-page\" href=\"https:\/\/www.miamibeachfl.gov\/pt\/city-hall\/city-clerk\/election-information\/cmb_election\/\">Informa\u00e7\u00f5es de 2019 \u2192<\/a><\/div>","protected":false},"excerpt":{"rendered":"<p>6 de novembro de 2018 \u2013 Elei\u00e7\u00e3o Especial In\u00edcio &gt; Prefeitura &gt; Secret\u00e1rio Municipal &gt; Informa\u00e7\u00f5es Eleitorais &gt; 6 de novembro de 2018 [\u2026]<\/p>","protected":false},"author":222,"featured_media":0,"parent":28358,"menu_order":123,"comment_status":"closed","ping_status":"closed","template":"page-blank.php","meta":{"_searchwp_excluded":"","site-sidebar-layout":"default","site-content-layout":"","ast-site-content-layout":"default","site-content-style":"default","site-sidebar-style":"default","ast-global-header-display":"","ast-banner-title-visibility":"","ast-main-header-display":"","ast-hfb-above-header-display":"","ast-hfb-below-header-display":"","ast-hfb-mobile-header-display":"","site-post-title":"","ast-breadcrumbs-content":"","ast-featured-img":"","footer-sml-layout":"","theme-transparent-header-meta":"","adv-header-id-meta":"","stick-header-meta":"","header-above-stick-meta":"","header-main-stick-meta":"","header-below-stick-meta":"","astra-migrate-meta-layouts":"default","ast-page-background-enabled":"default","ast-page-background-meta":{"desktop":{"background-color":"var(--ast-global-color-5)","background-image":"","background-repeat":"repeat","background-position":"center center","background-size":"auto","background-attachment":"scroll","background-type":"","background-media":"","overlay-type":"","overlay-color":"","overlay-opacity":"","overlay-gradient":""},"tablet":{"background-color":"","background-image":"","background-repeat":"repeat","background-position":"center center","background-size":"auto","background-attachment":"scroll","background-type":"","background-media":"","overlay-type":"","overlay-color":"","overlay-opacity":"","overlay-gradient":""},"mobile":{"background-color":"","background-image":"","background-repeat":"repeat","background-position":"center center","background-size":"auto","background-attachment":"scroll","background-type":"","background-media":"","overlay-type":"","overlay-color":"","overlay-opacity":"","overlay-gradient":""}},"ast-content-background-meta":{"desktop":{"background-color":"var(--ast-global-color-4)","background-image":"","background-repeat":"repeat","background-position":"center center","background-size":"auto","background-attachment":"scroll","background-type":"","background-media":"","overlay-type":"","overlay-color":"","overlay-opacity":"","overlay-gradient":""},"tablet":{"background-color":"var(--ast-global-color-4)","background-image":"","background-repeat":"repeat","background-position":"center center","background-size":"auto","background-attachment":"scroll","background-type":"","background-media":"","overlay-type":"","overlay-color":"","overlay-opacity":"","overlay-gradient":""},"mobile":{"background-color":"var(--ast-global-color-4)","background-image":"","background-repeat":"repeat","background-position":"center center","background-size":"auto","background-attachment":"scroll","background-type":"","background-media":"","overlay-type":"","overlay-color":"","overlay-opacity":"","overlay-gradient":""}},"footnotes":""},"categories":[],"tags":[],"class_list":["post-76916","page","type-page","status-publish","hentry"],"yoast_head":"<!-- This site is optimized with the Yoast SEO Premium plugin v26.6 (Yoast SEO v26.6) - https:\/\/yoast.com\/wordpress\/plugins\/seo\/ -->\n<title>November 6, 2018 - Special Election - City of Miami Beach<\/title>\n<meta name=\"description\" content=\"%\" \/>\n<meta name=\"robots\" content=\"index, follow, max-snippet:-1, max-image-preview:large, max-video-preview:-1\" \/>\n<link rel=\"canonical\" href=\"https:\/\/www.miamibeachfl.gov\/pt\/city-hall\/city-clerk\/election-information\/november-6-2018-special-election\/\" \/>\n<meta property=\"og:locale\" content=\"pt_BR\" \/>\n<meta property=\"og:type\" content=\"article\" \/>\n<meta property=\"og:title\" content=\"November 6, 2018 - Special Election\" \/>\n<meta property=\"og:description\" content=\"%\" \/>\n<meta property=\"og:url\" content=\"https:\/\/www.miamibeachfl.gov\/pt\/city-hall\/city-clerk\/election-information\/november-6-2018-special-election\/\" \/>\n<meta property=\"og:site_name\" content=\"City of Miami Beach\" \/>\n<meta property=\"article:publisher\" content=\"https:\/\/www.facebook.com\/cityofmiamibeach\" \/>\n<meta property=\"article:modified_time\" content=\"2025-02-23T19:45:45+00:00\" \/>\n<meta property=\"og:image\" content=\"https:\/\/www.miamibeachfl.gov\/wp-content\/uploads\/2022\/07\/hero-small.jpg\" \/>\n<meta name=\"twitter:card\" content=\"summary_large_image\" \/>\n<meta name=\"twitter:site\" content=\"@Miamibeachnews\" \/>\n<script type=\"application\/ld+json\" class=\"yoast-schema-graph\">{\"@context\":\"https:\/\/schema.org\",\"@graph\":[{\"@type\":\"WebPage\",\"@id\":\"https:\/\/www.miamibeachfl.gov\/city-hall\/city-clerk\/election-information\/november-6-2018-special-election\/\",\"url\":\"https:\/\/www.miamibeachfl.gov\/city-hall\/city-clerk\/election-information\/november-6-2018-special-election\/\",\"name\":\"November 6, 2018 - Special Election - City of Miami Beach\",\"isPartOf\":{\"@id\":\"https:\/\/www.miamibeachfl.gov\/#website\"},\"primaryImageOfPage\":{\"@id\":\"https:\/\/www.miamibeachfl.gov\/city-hall\/city-clerk\/election-information\/november-6-2018-special-election\/#primaryimage\"},\"image\":{\"@id\":\"https:\/\/www.miamibeachfl.gov\/city-hall\/city-clerk\/election-information\/november-6-2018-special-election\/#primaryimage\"},\"thumbnailUrl\":\"https:\/\/www.miamibeachfl.gov\/wp-content\/uploads\/2022\/07\/hero-small.jpg\",\"datePublished\":\"2018-08-14T13:59:04+00:00\",\"dateModified\":\"2025-02-23T19:45:45+00:00\",\"description\":\"%\",\"breadcrumb\":{\"@id\":\"https:\/\/www.miamibeachfl.gov\/city-hall\/city-clerk\/election-information\/november-6-2018-special-election\/#breadcrumb\"},\"inLanguage\":\"pt-BR\",\"potentialAction\":[{\"@type\":\"ReadAction\",\"target\":[\"https:\/\/www.miamibeachfl.gov\/city-hall\/city-clerk\/election-information\/november-6-2018-special-election\/\"]}]},{\"@type\":\"ImageObject\",\"inLanguage\":\"pt-BR\",\"@id\":\"https:\/\/www.miamibeachfl.gov\/city-hall\/city-clerk\/election-information\/november-6-2018-special-election\/#primaryimage\",\"url\":\"https:\/\/www.miamibeachfl.gov\/wp-content\/uploads\/2022\/07\/hero-small.jpg\",\"contentUrl\":\"https:\/\/www.miamibeachfl.gov\/wp-content\/uploads\/2022\/07\/hero-small.jpg\"},{\"@type\":\"BreadcrumbList\",\"@id\":\"https:\/\/www.miamibeachfl.gov\/city-hall\/city-clerk\/election-information\/november-6-2018-special-election\/#breadcrumb\",\"itemListElement\":[{\"@type\":\"ListItem\",\"position\":1,\"name\":\"Home\",\"item\":\"https:\/\/www.miamibeachfl.gov\/\"},{\"@type\":\"ListItem\",\"position\":2,\"name\":\"City Hall\",\"item\":\"https:\/\/www.miamibeachfl.gov\/city-hall\/\"},{\"@type\":\"ListItem\",\"position\":3,\"name\":\"City Clerk\",\"item\":\"https:\/\/www.miamibeachfl.gov\/city-hall\/city-clerk\/\"},{\"@type\":\"ListItem\",\"position\":4,\"name\":\"Election Information\",\"item\":\"https:\/\/www.miamibeachfl.gov\/city-hall\/city-clerk\/election-information\/\"},{\"@type\":\"ListItem\",\"position\":5,\"name\":\"November 6, 2018 &#8211; Special Election\"}]},{\"@type\":\"WebSite\",\"@id\":\"https:\/\/www.miamibeachfl.gov\/#website\",\"url\":\"https:\/\/www.miamibeachfl.gov\/\",\"name\":\"City of Miami Beach\",\"description\":\"The official website of the City of Miami Beach. Stay informed, find important information on city services, news, alerts, events, trolley routes, government employment and more.\",\"publisher\":{\"@id\":\"https:\/\/www.miamibeachfl.gov\/#organization\"},\"potentialAction\":[{\"@type\":\"SearchAction\",\"target\":{\"@type\":\"EntryPoint\",\"urlTemplate\":\"https:\/\/www.miamibeachfl.gov\/?s={search_term_string}\"},\"query-input\":{\"@type\":\"PropertyValueSpecification\",\"valueRequired\":true,\"valueName\":\"search_term_string\"}}],\"inLanguage\":\"pt-BR\"},{\"@type\":\"Organization\",\"@id\":\"https:\/\/www.miamibeachfl.gov\/#organization\",\"name\":\"City of Miami Beach\",\"url\":\"https:\/\/www.miamibeachfl.gov\/\",\"logo\":{\"@type\":\"ImageObject\",\"inLanguage\":\"pt-BR\",\"@id\":\"https:\/\/www.miamibeachfl.gov\/#\/schema\/logo\/image\/\",\"url\":\"https:\/\/www.miamibeachfl.gov\/wp-content\/uploads\/2022\/06\/miamibeach-logoblue.png\",\"contentUrl\":\"https:\/\/www.miamibeachfl.gov\/wp-content\/uploads\/2022\/06\/miamibeach-logoblue.png\",\"width\":1962,\"height\":381,\"caption\":\"City of Miami Beach\"},\"image\":{\"@id\":\"https:\/\/www.miamibeachfl.gov\/#\/schema\/logo\/image\/\"},\"sameAs\":[\"https:\/\/www.facebook.com\/cityofmiamibeach\",\"https:\/\/x.com\/Miamibeachnews\",\"https:\/\/www.instagram.com\/miamibeachnews\/\"],\"description\":\"The official website of the City of Miami Beach. Stay informed, find important information on city services, news, alerts, events, trolley routes, government employment and more.\",\"telephone\":\"305.604.CITY(2489)\",\"legalName\":\"City of Miami Beach\"}]}<\/script>\n<!-- \/ Yoast SEO Premium plugin. -->","yoast_head_json":{"title":"6 de novembro de 2018 - Elei\u00e7\u00e3o Especial - Cidade de Miami Beach","description":"%","robots":{"index":"index","follow":"follow","max-snippet":"max-snippet:-1","max-image-preview":"max-image-preview:large","max-video-preview":"max-video-preview:-1"},"canonical":"https:\/\/www.miamibeachfl.gov\/pt\/city-hall\/city-clerk\/election-information\/november-6-2018-special-election\/","og_locale":"pt_BR","og_type":"article","og_title":"November 6, 2018 - Special Election","og_description":"%","og_url":"https:\/\/www.miamibeachfl.gov\/pt\/city-hall\/city-clerk\/election-information\/november-6-2018-special-election\/","og_site_name":"City of Miami Beach","article_publisher":"https:\/\/www.facebook.com\/cityofmiamibeach","article_modified_time":"2025-02-23T19:45:45+00:00","og_image":[{"url":"https:\/\/www.miamibeachfl.gov\/wp-content\/uploads\/2022\/07\/hero-small.jpg","type":"","width":"","height":""}],"twitter_card":"summary_large_image","twitter_site":"@Miamibeachnews","schema":{"@context":"https:\/\/schema.org","@graph":[{"@type":"WebPage","@id":"https:\/\/www.miamibeachfl.gov\/city-hall\/city-clerk\/election-information\/november-6-2018-special-election\/","url":"https:\/\/www.miamibeachfl.gov\/city-hall\/city-clerk\/election-information\/november-6-2018-special-election\/","name":"6 de novembro de 2018 - Elei\u00e7\u00e3o Especial - Cidade de Miami Beach","isPartOf":{"@id":"https:\/\/www.miamibeachfl.gov\/#website"},"primaryImageOfPage":{"@id":"https:\/\/www.miamibeachfl.gov\/city-hall\/city-clerk\/election-information\/november-6-2018-special-election\/#primaryimage"},"image":{"@id":"https:\/\/www.miamibeachfl.gov\/city-hall\/city-clerk\/election-information\/november-6-2018-special-election\/#primaryimage"},"thumbnailUrl":"https:\/\/www.miamibeachfl.gov\/wp-content\/uploads\/2022\/07\/hero-small.jpg","datePublished":"2018-08-14T13:59:04+00:00","dateModified":"2025-02-23T19:45:45+00:00","description":"%","breadcrumb":{"@id":"https:\/\/www.miamibeachfl.gov\/city-hall\/city-clerk\/election-information\/november-6-2018-special-election\/#breadcrumb"},"inLanguage":"pt-BR","potentialAction":[{"@type":"ReadAction","target":["https:\/\/www.miamibeachfl.gov\/city-hall\/city-clerk\/election-information\/november-6-2018-special-election\/"]}]},{"@type":"ImageObject","inLanguage":"pt-BR","@id":"https:\/\/www.miamibeachfl.gov\/city-hall\/city-clerk\/election-information\/november-6-2018-special-election\/#primaryimage","url":"https:\/\/www.miamibeachfl.gov\/wp-content\/uploads\/2022\/07\/hero-small.jpg","contentUrl":"https:\/\/www.miamibeachfl.gov\/wp-content\/uploads\/2022\/07\/hero-small.jpg"},{"@type":"BreadcrumbList","@id":"https:\/\/www.miamibeachfl.gov\/city-hall\/city-clerk\/election-information\/november-6-2018-special-election\/#breadcrumb","itemListElement":[{"@type":"ListItem","position":1,"name":"Home","item":"https:\/\/www.miamibeachfl.gov\/"},{"@type":"ListItem","position":2,"name":"City Hall","item":"https:\/\/www.miamibeachfl.gov\/city-hall\/"},{"@type":"ListItem","position":3,"name":"City Clerk","item":"https:\/\/www.miamibeachfl.gov\/city-hall\/city-clerk\/"},{"@type":"ListItem","position":4,"name":"Election Information","item":"https:\/\/www.miamibeachfl.gov\/city-hall\/city-clerk\/election-information\/"},{"@type":"ListItem","position":5,"name":"November 6, 2018 &#8211; Special Election"}]},{"@type":"WebSite","@id":"https:\/\/www.miamibeachfl.gov\/#website","url":"https:\/\/www.miamibeachfl.gov\/","name":"Cidade de Miami Beach","description":"Site oficial da cidade de Miami Beach. Mantenha-se informado e encontre informa\u00e7\u00f5es importantes sobre servi\u00e7os municipais, not\u00edcias, alertas, eventos, rotas de bonde, empregos p\u00fablicos e muito mais.","publisher":{"@id":"https:\/\/www.miamibeachfl.gov\/#organization"},"potentialAction":[{"@type":"SearchAction","target":{"@type":"EntryPoint","urlTemplate":"https:\/\/www.miamibeachfl.gov\/?s={search_term_string}"},"query-input":{"@type":"PropertyValueSpecification","valueRequired":true,"valueName":"search_term_string"}}],"inLanguage":"pt-BR"},{"@type":"Organization","@id":"https:\/\/www.miamibeachfl.gov\/#organization","name":"Cidade de Miami Beach","url":"https:\/\/www.miamibeachfl.gov\/","logo":{"@type":"ImageObject","inLanguage":"pt-BR","@id":"https:\/\/www.miamibeachfl.gov\/#\/schema\/logo\/image\/","url":"https:\/\/www.miamibeachfl.gov\/wp-content\/uploads\/2022\/06\/miamibeach-logoblue.png","contentUrl":"https:\/\/www.miamibeachfl.gov\/wp-content\/uploads\/2022\/06\/miamibeach-logoblue.png","width":1962,"height":381,"caption":"City of Miami Beach"},"image":{"@id":"https:\/\/www.miamibeachfl.gov\/#\/schema\/logo\/image\/"},"sameAs":["https:\/\/www.facebook.com\/cityofmiamibeach","https:\/\/x.com\/Miamibeachnews","https:\/\/www.instagram.com\/miamibeachnews\/"],"description":"Site oficial da cidade de Miami Beach. Mantenha-se informado e encontre informa\u00e7\u00f5es importantes sobre servi\u00e7os municipais, not\u00edcias, alertas, eventos, rotas de bonde, empregos p\u00fablicos e muito mais.","telephone":"305.604.CITY(2489)","legalName":"City of Miami Beach"}]}},"_links":{"self":[{"href":"https:\/\/www.miamibeachfl.gov\/pt\/wp-json\/wp\/v2\/pages\/76916","targetHints":{"allow":["GET"]}}],"collection":[{"href":"https:\/\/www.miamibeachfl.gov\/pt\/wp-json\/wp\/v2\/pages"}],"about":[{"href":"https:\/\/www.miamibeachfl.gov\/pt\/wp-json\/wp\/v2\/types\/page"}],"author":[{"embeddable":true,"href":"https:\/\/www.miamibeachfl.gov\/pt\/wp-json\/wp\/v2\/users\/222"}],"replies":[{"embeddable":true,"href":"https:\/\/www.miamibeachfl.gov\/pt\/wp-json\/wp\/v2\/comments?post=76916"}],"version-history":[{"count":0,"href":"https:\/\/www.miamibeachfl.gov\/pt\/wp-json\/wp\/v2\/pages\/76916\/revisions"}],"up":[{"embeddable":true,"href":"https:\/\/www.miamibeachfl.gov\/pt\/wp-json\/wp\/v2\/pages\/28358"}],"wp:attachment":[{"href":"https:\/\/www.miamibeachfl.gov\/pt\/wp-json\/wp\/v2\/media?parent=76916"}],"wp:term":[{"taxonomy":"category","embeddable":true,"href":"https:\/\/www.miamibeachfl.gov\/pt\/wp-json\/wp\/v2\/categories?post=76916"},{"taxonomy":"post_tag","embeddable":true,"href":"https:\/\/www.miamibeachfl.gov\/pt\/wp-json\/wp\/v2\/tags?post=76916"}],"curies":[{"name":"wp","href":"https:\/\/api.w.org\/{rel}","templated":true}]}}